
{"id":12974,"date":"2022-07-22T09:46:16","date_gmt":"2022-07-22T07:46:16","guid":{"rendered":"https:\/\/ticsalutsocial.atoom.space\/apps\/"},"modified":"2025-11-10T12:33:05","modified_gmt":"2025-11-10T10:33:05","slug":"actius","status":"publish","type":"page","link":"https:\/\/ticsalutsocial.atoom.space\/es\/que-fem\/activos-digitales-para-los-ciudadanos\/actius\/","title":{"rendered":"Directorio de Activos"},"content":{"rendered":"<p style=\"text-align: left;\">El Directorio de Activos Digitales de Salud y Social de la Fundaci\u00f3n TIC Salud Social recoge las aplicaciones m\u00f3viles de salud y bienestar que han superado con \u00e9xito el proceso de certificaci\u00f3n de la Fundaci\u00f3. Tambi\u00e9n engloba activos digitales de salud y social recomendados por centros sanitarios o sociales, o bien identificados en marcos de referencia que eval\u00faan su calidad, incluyendo aplicaciones m\u00f3viles y WebApps o p\u00e1ginas web.<\/p>\r\n<p style=\"text-align: left;\">El objetivo del Directorio es dar a conocer los Activos Digitales de Salud y Social relevantes en el territorio catal\u00e1n.<\/p>\r\n<h4 style=\"text-align: left;\"><!-- \/wp:post-content -->\r\n\r\n<!-- wp:paragraph --><\/h4>\r\n<p style=\"text-align: left;\">\u00a0<\/p>\r\n<h4 style=\"text-align: left;\"><!-- \/wp:paragraph -->\r\n\r\n<!-- wp:paragraph --><\/h4>\r\n<p style=\"text-align: left;\"><em>Si quieres incluir un Activo propio en el Directorio, ponte en contacto con nosotros a trav\u00e9s del <a class=\"contact-btn\" href=\"https:\/\/ticsalutsocial.atoom.space\/mhealth\/formulari-de-contacte\/\" target=\"_blank\" rel=\"noreferrer noopener\">Formulario de contacto<\/a>.<\/em><\/p>\r\n<p style=\"text-align: left;\">\u00a0<\/p>","protected":false},"excerpt":{"rendered":"<p>El Directorio de Activos Digitales de Salud y Social de la Fundaci\u00f3n TIC Salud Social recoge las aplicaciones m\u00f3viles de salud y bienestar que han superado con \u00e9xito el proceso de certificaci\u00f3n de la Fundaci\u00f3. Tambi\u00e9n engloba activos digitales de salud y social recomendados por centros sanitarios o sociales, o bien identificados en marcos de [&hellip;]<\/p>\n","protected":false},"author":12,"featured_media":0,"parent":12969,"menu_order":0,"comment_status":"closed","ping_status":"closed","template":"page-templates\/apps.php","meta":{"_acf_changed":false,"inline_featured_image":false,"footnotes":""},"tipus":[],"class_list":["post-12974","page","type-page","status-publish","hentry"],"acf":{"categories_a_treure":[875,876,877,1014]},"yoast_head":"<!-- This site is optimized with the Yoast SEO plugin v27.1.1 - https:\/\/yoast.com\/product\/yoast-seo-wordpress\/ -->\n<title>Directorio de Activos - Fundaci\u00f3 TIC Salut i Social<\/title>\n<meta name=\"robots\" content=\"index, follow, max-snippet:-1, max-image-preview:large, max-video-preview:-1\" \/>\n<link rel=\"canonical\" href=\"https:\/\/ticsalutsocial.atoom.space\/es\/que-fem\/activos-digitales-para-los-ciudadanos\/actius\/\" \/>\n<meta property=\"og:locale\" content=\"es_ES\" \/>\n<meta property=\"og:type\" content=\"article\" \/>\n<meta property=\"og:title\" content=\"Directorio de Activos - Fundaci\u00f3 TIC Salut i Social\" \/>\n<meta property=\"og:description\" content=\"El Directorio de Activos Digitales de Salud y Social de la Fundaci\u00f3n TIC Salud Social recoge las aplicaciones m\u00f3viles de salud y bienestar que han superado con \u00e9xito el proceso de certificaci\u00f3n de la Fundaci\u00f3. Tambi\u00e9n engloba activos digitales de salud y social recomendados por centros sanitarios o sociales, o bien identificados en marcos de [&hellip;]\" \/>\n<meta property=\"og:url\" content=\"https:\/\/ticsalutsocial.atoom.space\/es\/que-fem\/activos-digitales-para-los-ciudadanos\/actius\/\" \/>\n<meta property=\"og:site_name\" content=\"Fundaci\u00f3 TIC Salut i Social\" \/>\n<meta property=\"article:modified_time\" content=\"2025-11-10T10:33:05+00:00\" \/>\n<meta name=\"twitter:card\" content=\"summary_large_image\" \/>\n<meta name=\"twitter:label1\" content=\"Tiempo de lectura\" \/>\n\t<meta name=\"twitter:data1\" content=\"1 minuto\" \/>\n<script type=\"application\/ld+json\" class=\"yoast-schema-graph\">{\"@context\":\"https:\/\/schema.org\",\"@graph\":[{\"@type\":\"WebPage\",\"@id\":\"https:\/\/ticsalutsocial.atoom.space\/es\/que-fem\/activos-digitales-para-los-ciudadanos\/actius\/\",\"url\":\"https:\/\/ticsalutsocial.atoom.space\/es\/que-fem\/activos-digitales-para-los-ciudadanos\/actius\/\",\"name\":\"Directorio de Activos - Fundaci\u00f3 TIC Salut i Social\",\"isPartOf\":{\"@id\":\"https:\/\/ticsalutsocial.atoom.space\/es\/#website\"},\"datePublished\":\"2022-07-22T07:46:16+00:00\",\"dateModified\":\"2025-11-10T10:33:05+00:00\",\"breadcrumb\":{\"@id\":\"https:\/\/ticsalutsocial.atoom.space\/es\/que-fem\/activos-digitales-para-los-ciudadanos\/actius\/#breadcrumb\"},\"inLanguage\":\"es\",\"potentialAction\":[{\"@type\":\"ReadAction\",\"target\":[\"https:\/\/ticsalutsocial.atoom.space\/es\/que-fem\/activos-digitales-para-los-ciudadanos\/actius\/\"]}]},{\"@type\":\"BreadcrumbList\",\"@id\":\"https:\/\/ticsalutsocial.atoom.space\/es\/que-fem\/activos-digitales-para-los-ciudadanos\/actius\/#breadcrumb\",\"itemListElement\":[{\"@type\":\"ListItem\",\"position\":1,\"name\":\"Inici\",\"item\":\"https:\/\/ticsalutsocial.atoom.space\/es\/\"},{\"@type\":\"ListItem\",\"position\":2,\"name\":\"Que Fem\",\"item\":\"https:\/\/ticsalutsocial.atoom.space\/es\/que-fem\/\"},{\"@type\":\"ListItem\",\"position\":3,\"name\":\"Activos digitales para los ciudadanos\",\"item\":\"https:\/\/ticsalutsocial.atoom.space\/es\/que-fem\/activos-digitales-para-los-ciudadanos\/\"},{\"@type\":\"ListItem\",\"position\":4,\"name\":\"Directorio de Activos\"}]},{\"@type\":\"WebSite\",\"@id\":\"https:\/\/ticsalutsocial.atoom.space\/es\/#website\",\"url\":\"https:\/\/ticsalutsocial.atoom.space\/es\/\",\"name\":\"Fundaci\u00f3 TIC Salut i Social\",\"description\":\"\",\"potentialAction\":[{\"@type\":\"SearchAction\",\"target\":{\"@type\":\"EntryPoint\",\"urlTemplate\":\"https:\/\/ticsalutsocial.atoom.space\/es\/?s={search_term_string}\"},\"query-input\":{\"@type\":\"PropertyValueSpecification\",\"valueRequired\":true,\"valueName\":\"search_term_string\"}}],\"inLanguage\":\"es\"}]}<\/script>\n<!-- \/ Yoast SEO plugin. -->","yoast_head_json":{"title":"Directorio de Activos - Fundaci\u00f3 TIC Salut i Social","robots":{"index":"index","follow":"follow","max-snippet":"max-snippet:-1","max-image-preview":"max-image-preview:large","max-video-preview":"max-video-preview:-1"},"canonical":"https:\/\/ticsalutsocial.atoom.space\/es\/que-fem\/activos-digitales-para-los-ciudadanos\/actius\/","og_locale":"es_ES","og_type":"article","og_title":"Directorio de Activos - Fundaci\u00f3 TIC Salut i Social","og_description":"El Directorio de Activos Digitales de Salud y Social de la Fundaci\u00f3n TIC Salud Social recoge las aplicaciones m\u00f3viles de salud y bienestar que han superado con \u00e9xito el proceso de certificaci\u00f3n de la Fundaci\u00f3. Tambi\u00e9n engloba activos digitales de salud y social recomendados por centros sanitarios o sociales, o bien identificados en marcos de [&hellip;]","og_url":"https:\/\/ticsalutsocial.atoom.space\/es\/que-fem\/activos-digitales-para-los-ciudadanos\/actius\/","og_site_name":"Fundaci\u00f3 TIC Salut i Social","article_modified_time":"2025-11-10T10:33:05+00:00","twitter_card":"summary_large_image","twitter_misc":{"Tiempo de lectura":"1 minuto"},"schema":{"@context":"https:\/\/schema.org","@graph":[{"@type":"WebPage","@id":"https:\/\/ticsalutsocial.atoom.space\/es\/que-fem\/activos-digitales-para-los-ciudadanos\/actius\/","url":"https:\/\/ticsalutsocial.atoom.space\/es\/que-fem\/activos-digitales-para-los-ciudadanos\/actius\/","name":"Directorio de Activos - Fundaci\u00f3 TIC Salut i Social","isPartOf":{"@id":"https:\/\/ticsalutsocial.atoom.space\/es\/#website"},"datePublished":"2022-07-22T07:46:16+00:00","dateModified":"2025-11-10T10:33:05+00:00","breadcrumb":{"@id":"https:\/\/ticsalutsocial.atoom.space\/es\/que-fem\/activos-digitales-para-los-ciudadanos\/actius\/#breadcrumb"},"inLanguage":"es","potentialAction":[{"@type":"ReadAction","target":["https:\/\/ticsalutsocial.atoom.space\/es\/que-fem\/activos-digitales-para-los-ciudadanos\/actius\/"]}]},{"@type":"BreadcrumbList","@id":"https:\/\/ticsalutsocial.atoom.space\/es\/que-fem\/activos-digitales-para-los-ciudadanos\/actius\/#breadcrumb","itemListElement":[{"@type":"ListItem","position":1,"name":"Inici","item":"https:\/\/ticsalutsocial.atoom.space\/es\/"},{"@type":"ListItem","position":2,"name":"Que Fem","item":"https:\/\/ticsalutsocial.atoom.space\/es\/que-fem\/"},{"@type":"ListItem","position":3,"name":"Activos digitales para los ciudadanos","item":"https:\/\/ticsalutsocial.atoom.space\/es\/que-fem\/activos-digitales-para-los-ciudadanos\/"},{"@type":"ListItem","position":4,"name":"Directorio de Activos"}]},{"@type":"WebSite","@id":"https:\/\/ticsalutsocial.atoom.space\/es\/#website","url":"https:\/\/ticsalutsocial.atoom.space\/es\/","name":"Fundaci\u00f3 TIC Salut i Social","description":"","potentialAction":[{"@type":"SearchAction","target":{"@type":"EntryPoint","urlTemplate":"https:\/\/ticsalutsocial.atoom.space\/es\/?s={search_term_string}"},"query-input":{"@type":"PropertyValueSpecification","valueRequired":true,"valueName":"search_term_string"}}],"inLanguage":"es"}]}},"_links":{"self":[{"href":"https:\/\/ticsalutsocial.atoom.space\/es\/wp-json\/wp\/v2\/pages\/12974","targetHints":{"allow":["GET"]}}],"collection":[{"href":"https:\/\/ticsalutsocial.atoom.space\/es\/wp-json\/wp\/v2\/pages"}],"about":[{"href":"https:\/\/ticsalutsocial.atoom.space\/es\/wp-json\/wp\/v2\/types\/page"}],"author":[{"embeddable":true,"href":"https:\/\/ticsalutsocial.atoom.space\/es\/wp-json\/wp\/v2\/users\/12"}],"replies":[{"embeddable":true,"href":"https:\/\/ticsalutsocial.atoom.space\/es\/wp-json\/wp\/v2\/comments?post=12974"}],"version-history":[{"count":16,"href":"https:\/\/ticsalutsocial.atoom.space\/es\/wp-json\/wp\/v2\/pages\/12974\/revisions"}],"predecessor-version":[{"id":34289,"href":"https:\/\/ticsalutsocial.atoom.space\/es\/wp-json\/wp\/v2\/pages\/12974\/revisions\/34289"}],"up":[{"embeddable":true,"href":"https:\/\/ticsalutsocial.atoom.space\/es\/wp-json\/wp\/v2\/pages\/12969"}],"wp:attachment":[{"href":"https:\/\/ticsalutsocial.atoom.space\/es\/wp-json\/wp\/v2\/media?parent=12974"}],"wp:term":[{"taxonomy":"tipus","embeddable":true,"href":"https:\/\/ticsalutsocial.atoom.space\/es\/wp-json\/wp\/v2\/tipus?post=12974"}],"curies":[{"name":"wp","href":"https:\/\/api.w.org\/{rel}","templated":true}]}}