
{"id":23310,"date":"2023-11-14T11:59:41","date_gmt":"2023-11-14T09:59:41","guid":{"rendered":"https:\/\/ticsalutsocial.atoom.space\/dpd-salut\/entitats-adherides\/"},"modified":"2024-10-16T16:26:36","modified_gmt":"2024-10-16T14:26:36","slug":"entitats-adherides","status":"publish","type":"page","link":"https:\/\/ticsalutsocial.atoom.space\/es\/dpd-salut\/entitats-adherides\/","title":{"rendered":"Entitats adherides"},"content":{"rendered":"\n<p>Entitats adherides<\/p>\n","protected":false},"excerpt":{"rendered":"<p>Entitats adherides<\/p>\n","protected":false},"author":21,"featured_media":0,"parent":13848,"menu_order":1,"comment_status":"closed","ping_status":"closed","template":"page-templates\/dpdsalut-inner.php","meta":{"_acf_changed":false,"inline_featured_image":false,"footnotes":""},"tipus":[106],"class_list":["post-23310","page","type-page","status-publish","hentry","tipus-dpd-salud"],"acf":{"contingut":[{"acf_fc_layout":"bloc_text","contingut":"<p><img loading=\"lazy\" decoding=\"async\" class=\"alignnone wp-image-24629 size-large\" src=\"https:\/\/ticsalutsocial.atoom.space\/wp-content\/uploads\/2024\/01\/infografia-1024x524.png\" alt=\"\" width=\"1024\" height=\"524\" srcset=\"https:\/\/ticsalutsocial.atoom.space\/wp-content\/uploads\/2024\/01\/infografia-1024x524.png 1024w, https:\/\/ticsalutsocial.atoom.space\/wp-content\/uploads\/2024\/01\/infografia-300x153.png 300w, https:\/\/ticsalutsocial.atoom.space\/wp-content\/uploads\/2024\/01\/infografia-768x393.png 768w, https:\/\/ticsalutsocial.atoom.space\/wp-content\/uploads\/2024\/01\/infografia.png 1351w\" sizes=\"auto, (max-width: 1024px) 100vw, 1024px\" \/><\/p>\n"},{"acf_fc_layout":"bloc_acordio","num_ini":"1","acordio":[{"titol":"Entitats adherides","continguts":[{"tipus_cont":"taula","taula":{"introduccio":"Entitats del sector p\u00fablic de Salut que s\u2019han adherit a la oficina<br \/>\r\ndel delegat de protecci\u00f3 de dades de la Fundaci\u00f3 TIC Salut,<br \/>\r\ncom a DPD de Salut.","taula":[{"nom_entitat":"Fundaci\u00f3 TIC Salut Social","direccio":"C\/Arag\u00f3, 330-332. 08009 Barcelona","enllac":{"title":"","url":"http:\/\/www-ticsalutsocial.cat","target":"_blank"}},{"nom_entitat":"Salut Terres de l\u2019Ebre ","direccio":"C\/ Benet i Messeguer s\/n, Mora d'Ebre","enllac":{"title":"","url":"https:\/\/hcme.salutebre.cat\/","target":"_blank"}},{"nom_entitat":"Ag\u00e8ncia de Qualitat i Avaluaci\u00f3 Sanit\u00e0ria de Catalunya (AQUAS)","direccio":"C. Arag\u00f3, 330-332, 08009 Barcelona","enllac":{"title":"","url":"http:\/\/aquas.gencat.cat\/ca\/inici","target":""}},{"nom_entitat":"Agrupaci\u00f3 Europea de Cooperaci\u00f3 Territorial Hospital de la Cerdanya","direccio":"Cam\u00ed d\u2019Ur, 31. 17520 Puigcerd\u00e0","enllac":{"title":"","url":"http:\/\/www.hcerdanya.eu\/ca","target":""}},{"nom_entitat":"Banc de Sang i Teixits (BST)","direccio":"Edifici Dr. Frederic Duran i Jord\u00e0. Passeig Taulat, 116. 08005 Barcelona","enllac":{"title":"","url":"https:\/\/www.bancsang.net\/","target":""}},{"nom_entitat":"Consorci del Laboratori Intercomarcal de l'Alt Pened\u00e8s, l'Anoia i el Garraf (CLILAB Diagn\u00f2stics)","direccio":"C\/Espirall s\/n. 08720 Vilafranca del Pened\u00e8s","enllac":{"title":"","url":"https:\/\/www.clilab.cat\/ca","target":""}},{"nom_entitat":"Consorci de Castelldefels Agents de Salut (CASAP)","direccio":"Av. Ciutat de M\u00e0laga, 18. 08860 Castelldefels","enllac":{"title":"","url":"https:\/\/www.casap.cat\/","target":""}},{"nom_entitat":"Corporaci\u00f3 de Salut del Maresme i la Selva (CSMS)","direccio":"c. Sant Jaume, 209. 08370 Calella","enllac":{"title":"","url":"https:\/\/www.salutms.cat\/","target":""}},{"nom_entitat":"Consorci Hospitalari de Vic","direccio":"c. Francesc Pl\u00e0 \u201cEl Vigat\u00e0\u201d, 1. 08500 Vic","enllac":{"title":"","url":"http:\/\/www.chv.cat\/","target":""}},{"nom_entitat":"Consorci Sanitari de Barcelona (CSB)","direccio":"Edifici Mestral - Parc Sanitari Pere Virgili Esteve Terradas, 30. 08023 Barcelona","enllac":{"title":"","url":"http:\/\/www.csb.cat\/","target":""}},{"nom_entitat":"Consorci Sanitari de l\u2019Anoia (CSA)","direccio":"Av. Catalunya, 11. 08700 Igualada","enllac":{"title":"","url":"https:\/\/www.csa.cat\/","target":""}},{"nom_entitat":"Consorci Sanitari de l'Alt Pened\u00e8s i Garraf (CSAPG)","direccio":"Espirall, s\/n 08720 - Vilafranca del Pened\u00e8s","enllac":{"title":"","url":"https:\/\/www.csap.cat\/","target":""}},{"nom_entitat":"Consorci Sanitari de Terrassa (CST)","direccio":"Carretera Torrebonica, S\/N. 08227 Terrassa","enllac":{"title":"","url":"http:\/\/es.cst.cat\/","target":""}},{"nom_entitat":"Consorci Sanitari del Maresme (CSdM)","direccio":"Carretera de Cirera, 230.08304 Matar\u00f3","enllac":{"title":"","url":"http:\/\/www.csdm.es\/","target":""}},{"nom_entitat":"Departament de Salut","direccio":"Carrer Roc Boronat, 85 08005 Barcelona","enllac":{"title":"","url":"http:\/\/salutweb.gencat.cat\/ca\/inici","target":""}},{"nom_entitat":"Hospital Universitari Vall d'Hebron - Institut de Recerca (HUVH IR)","direccio":"Passeig de la Vall d\u2019Hebron, 119-129 Edifici Mediterr\u00e0nia 08035 Barcelona","enllac":{"title":"","url":"http:\/\/www.vhir.org\/portal1\/","target":""}},{"nom_entitat":"Fundaci\u00f3 Institut Universitari per a la Recerca a l'Atenci\u00f3 Prim\u00e0ria de Salut Jordi Gol i Gurina (IDIAPJGol)","direccio":"Gran Via de les Corts Catalanes, 587. 08007 Barcelona","enllac":{"title":"","url":"https:\/\/www.idiapjgol.org\/index.php\/ca\/","target":""}},{"nom_entitat":"Fundaci\u00f3 Joan Costa Roma","direccio":"Carretera Torrebonica, s\/n. 08227 Terrassa","enllac":{"title":"","url":"http:\/\/es.cst.cat\/","target":""}},{"nom_entitat":"Gesti\u00f3 de Serveis Sanitaris (GSS)","direccio":"Alcalde Rovira Roure, 44. 25198 Lleida","enllac":{"title":"","url":"http:\/\/www.gss.cat\/es","target":""}},{"nom_entitat":"Gesti\u00f3 i prestaci\u00f3 serveis de salut (GPSS)","direccio":"Carrer de Joan Pau, II. 43005 Tarragona\t","enllac":{"title":"","url":"https:\/\/gipss.cat\/web\/","target":""}},{"nom_entitat":"Institut Catal\u00e0 de la Salut (ICS)","direccio":"Gran Via de les Corts Catalanes, 587-589 08007 Barcelona","enllac":{"title":"","url":"http:\/\/ics.gencat.cat\/ca\/inici\/","target":""}},{"nom_entitat":"Institut d\u2019Assist\u00e8ncia Sanit\u00e0ria (IAS)","direccio":"c. Dr. Castany, 90. 17190 Salt - Girona","enllac":{"title":"","url":"http:\/\/www.ias.cat\/","target":""}},{"nom_entitat":"Institut de Diagn\u00f2stic per la Imatge (IDI)","direccio":"Parc Sanitari Pere Virgili Esteve Terradas, 30 -Edifici Mestral 2a planta- 08023 Barcelona","enllac":{"title":"","url":"http:\/\/idiweb.gencat.cat\/ca\/inici\/","target":""}},{"nom_entitat":"Institut de Recerca Biom\u00e8dica IRB LLEIDA - Fundaci\u00f3 Dr. Pifarr\u00e9","direccio":"Av. Alcalde Rovira Roure, 80. 25198 Lleida","enllac":{"title":"","url":"http:\/\/www.irblleida.org\/es\/","target":""}},{"nom_entitat":"Institut d'Investigaci\u00f3 Biom\u00e8dica de Bellvitge (IDIBELL)","direccio":"Avinguda de la Gran Via, 199. 08908 L'Hospitalet de Llobregat, Barcelona\t","enllac":{"title":"","url":"http:\/\/www.idibell.cat\/","target":""}},{"nom_entitat":"Institut d'Investigaci\u00f3 Biom\u00e8dica de Girona Dr. Josep Trueta (IDIBGI)","direccio":"Carrer del Dr. Castany, s\/n. 17190 Salt, Girona","enllac":{"title":"","url":"http:\/\/www.idibgi.org\/","target":""}},{"nom_entitat":"Institut d'Investigaci\u00f3 Sanit\u00e0ria Pere Virgili (IISPV)","direccio":"Centre de R+D+I en Nutrici\u00f3 i Salut Avda. de la Universitat, 1 - 2a plantaE- 43204 - Reus Tarragona","enllac":{"title":"","url":"http:\/\/www.iispv.cat\/","target":""}},{"nom_entitat":"Logaritme Serveis Log\u00edstics, AIE","direccio":"Pol\u00edgon industrial Mol\u00ed del Rec\u00f3. c. Mol\u00ed d\u2019en Guineu, n\u00fam. 18-22 (08770) - Sant Sadurn\u00ed d\u2019Anoia","enllac":{"title":"","url":"https:\/\/www.logaritme.net\/main\/","target":""}},{"nom_entitat":"Parc Sanitari Pere Virgili (PSPV)","direccio":"Parc Sanitari Pere Virgili Carrer d'Esteve Terradas, 30 Edifici Montseny, Planta 0 - 08023 - Barcelona","enllac":{"title":"","url":"http:\/\/perevirgili.gencat.cat\/ca\/inici","target":""}},{"nom_entitat":"Servei Catal\u00e0 de la Salut (CATSALUT)","direccio":"Edifici Ol\u00edmpia Travessera de les Corts, 131-159 08028 Barcelona","enllac":{"title":"","url":"https:\/\/catsalut.gencat.cat\/ca\/inici\/","target":""}},{"nom_entitat":"Sistema d'Emerg\u00e8ncies M\u00e8diques, SA (SEMSA)","direccio":"Seu corporativa central c. Pablo Iglesias, 101-115 08908 L'Hospitalet de Llobregat","enllac":{"title":"","url":"http:\/\/sem.gencat.cat\/ca\/inici\/","target":""}},{"nom_entitat":"Fundaci\u00f3 Privada Salut del Consorci Sanitari del Maresme (FPS del CSdM)\t","direccio":"Carretera de Cirera, s\/n. 08304 Matar\u00f3","enllac":{"title":"","url":"https:\/\/www.csdm.cat\/ca\/","target":""}},{"nom_entitat":"Fundaci\u00f3 Institut de Recerca de l'Hospital de la Santa Creu i Sant Pau\t","direccio":"C\/ Sant Quint\u00ed, 77-79. 08041 Barcelona","enllac":{"title":"","url":"http:\/\/www.recercasantpau.cat\/","target":""}},{"nom_entitat":" Fundaci\u00f3 Institut d\u2019Investigaci\u00f3 en Ci\u00e8ncies de la Salut Germans Trias i Pujol (IGTP) ","direccio":"Ctra. de Can Ruti, Cam\u00ed de les Escoles s\/n 08916 Badalona Barcelona","enllac":{"title":"","url":"https:\/\/www.germanstrias.org\/ca\/","target":"_blank"}},{"nom_entitat":"Salut Catalunya Central (SCC)","direccio":"Carretera, de Ribes s\/n Hospital Sant Bernab\u00e9 08600 Berga","enllac":{"title":"","url":"https:\/\/www.hcsb.info\/","target":""}},{"nom_entitat":"Salut Sant Joan de Reus - Baix Camp","direccio":"Avinguda del Doctor Josep Laporte, 2  43204 Reus","enllac":{"title":"","url":"https:\/\/www.hospitalsantjoan.cat\/","target":""}},{"nom_entitat":"Interhospitalia-2 AIE","direccio":"Carrer De L'Esla, 60, 08223, Terrassa","enllac":{"title":"","url":"https:\/\/interhospitalia.es\/web\/","target":"_blank"}},{"nom_entitat":"Fundaci\u00f3 Institut d'Investigaci\u00f3 i Innovaci\u00f3 Parc Taul\u00ed (I3PT)","direccio":"Pla\u00e7a Torre de l'Aigua, s\/n, 08208 Sabadell","enllac":{"title":"","url":"https:\/\/www.tauli.cat\/institut\/","target":"_blank"}}]},"cont_img_link":{"contingut":"","titol":"","imatge":false,"enllac":null},"docs":false,"llista":{"introduccio":"","funcions":{"titol":"","llista":false},"titol_marges_superiors":"","llistats":false}}]}]}]},"yoast_head":"<!-- This site is optimized with the Yoast SEO plugin v27.1.1 - https:\/\/yoast.com\/product\/yoast-seo-wordpress\/ -->\n<title>Entitats adherides - Fundaci\u00f3 TIC Salut i Social<\/title>\n<meta name=\"robots\" content=\"index, follow, max-snippet:-1, max-image-preview:large, max-video-preview:-1\" \/>\n<link rel=\"canonical\" href=\"https:\/\/ticsalutsocial.atoom.space\/es\/dpd-salut\/entitats-adherides\/\" \/>\n<meta property=\"og:locale\" content=\"es_ES\" \/>\n<meta property=\"og:type\" content=\"article\" \/>\n<meta property=\"og:title\" content=\"Entitats adherides - Fundaci\u00f3 TIC Salut i Social\" \/>\n<meta property=\"og:description\" content=\"Entitats adherides\" \/>\n<meta property=\"og:url\" content=\"https:\/\/ticsalutsocial.atoom.space\/es\/dpd-salut\/entitats-adherides\/\" \/>\n<meta property=\"og:site_name\" content=\"Fundaci\u00f3 TIC Salut i Social\" \/>\n<meta property=\"article:modified_time\" content=\"2024-10-16T14:26:36+00:00\" \/>\n<meta name=\"twitter:card\" content=\"summary_large_image\" \/>\n<meta name=\"twitter:label1\" content=\"Tiempo de lectura\" \/>\n\t<meta name=\"twitter:data1\" content=\"1 minuto\" \/>\n<script type=\"application\/ld+json\" class=\"yoast-schema-graph\">{\"@context\":\"https:\/\/schema.org\",\"@graph\":[{\"@type\":\"WebPage\",\"@id\":\"https:\/\/ticsalutsocial.atoom.space\/es\/dpd-salut\/entitats-adherides\/\",\"url\":\"https:\/\/ticsalutsocial.atoom.space\/es\/dpd-salut\/entitats-adherides\/\",\"name\":\"Entitats adherides - Fundaci\u00f3 TIC Salut i Social\",\"isPartOf\":{\"@id\":\"https:\/\/ticsalutsocial.atoom.space\/es\/#website\"},\"datePublished\":\"2023-11-14T09:59:41+00:00\",\"dateModified\":\"2024-10-16T14:26:36+00:00\",\"breadcrumb\":{\"@id\":\"https:\/\/ticsalutsocial.atoom.space\/es\/dpd-salut\/entitats-adherides\/#breadcrumb\"},\"inLanguage\":\"es\",\"potentialAction\":[{\"@type\":\"ReadAction\",\"target\":[\"https:\/\/ticsalutsocial.atoom.space\/es\/dpd-salut\/entitats-adherides\/\"]}]},{\"@type\":\"BreadcrumbList\",\"@id\":\"https:\/\/ticsalutsocial.atoom.space\/es\/dpd-salut\/entitats-adherides\/#breadcrumb\",\"itemListElement\":[{\"@type\":\"ListItem\",\"position\":1,\"name\":\"Inici\",\"item\":\"https:\/\/ticsalutsocial.atoom.space\/es\/\"},{\"@type\":\"ListItem\",\"position\":2,\"name\":\"DPD Salud\",\"item\":\"https:\/\/ticsalutsocial.atoom.space\/es\/dpd-salut\/\"},{\"@type\":\"ListItem\",\"position\":3,\"name\":\"Entitats adherides\"}]},{\"@type\":\"WebSite\",\"@id\":\"https:\/\/ticsalutsocial.atoom.space\/es\/#website\",\"url\":\"https:\/\/ticsalutsocial.atoom.space\/es\/\",\"name\":\"Fundaci\u00f3 TIC Salut i Social\",\"description\":\"\",\"potentialAction\":[{\"@type\":\"SearchAction\",\"target\":{\"@type\":\"EntryPoint\",\"urlTemplate\":\"https:\/\/ticsalutsocial.atoom.space\/es\/?s={search_term_string}\"},\"query-input\":{\"@type\":\"PropertyValueSpecification\",\"valueRequired\":true,\"valueName\":\"search_term_string\"}}],\"inLanguage\":\"es\"}]}<\/script>\n<!-- \/ Yoast SEO plugin. -->","yoast_head_json":{"title":"Entitats adherides - Fundaci\u00f3 TIC Salut i Social","robots":{"index":"index","follow":"follow","max-snippet":"max-snippet:-1","max-image-preview":"max-image-preview:large","max-video-preview":"max-video-preview:-1"},"canonical":"https:\/\/ticsalutsocial.atoom.space\/es\/dpd-salut\/entitats-adherides\/","og_locale":"es_ES","og_type":"article","og_title":"Entitats adherides - Fundaci\u00f3 TIC Salut i Social","og_description":"Entitats adherides","og_url":"https:\/\/ticsalutsocial.atoom.space\/es\/dpd-salut\/entitats-adherides\/","og_site_name":"Fundaci\u00f3 TIC Salut i Social","article_modified_time":"2024-10-16T14:26:36+00:00","twitter_card":"summary_large_image","twitter_misc":{"Tiempo de lectura":"1 minuto"},"schema":{"@context":"https:\/\/schema.org","@graph":[{"@type":"WebPage","@id":"https:\/\/ticsalutsocial.atoom.space\/es\/dpd-salut\/entitats-adherides\/","url":"https:\/\/ticsalutsocial.atoom.space\/es\/dpd-salut\/entitats-adherides\/","name":"Entitats adherides - Fundaci\u00f3 TIC Salut i Social","isPartOf":{"@id":"https:\/\/ticsalutsocial.atoom.space\/es\/#website"},"datePublished":"2023-11-14T09:59:41+00:00","dateModified":"2024-10-16T14:26:36+00:00","breadcrumb":{"@id":"https:\/\/ticsalutsocial.atoom.space\/es\/dpd-salut\/entitats-adherides\/#breadcrumb"},"inLanguage":"es","potentialAction":[{"@type":"ReadAction","target":["https:\/\/ticsalutsocial.atoom.space\/es\/dpd-salut\/entitats-adherides\/"]}]},{"@type":"BreadcrumbList","@id":"https:\/\/ticsalutsocial.atoom.space\/es\/dpd-salut\/entitats-adherides\/#breadcrumb","itemListElement":[{"@type":"ListItem","position":1,"name":"Inici","item":"https:\/\/ticsalutsocial.atoom.space\/es\/"},{"@type":"ListItem","position":2,"name":"DPD Salud","item":"https:\/\/ticsalutsocial.atoom.space\/es\/dpd-salut\/"},{"@type":"ListItem","position":3,"name":"Entitats adherides"}]},{"@type":"WebSite","@id":"https:\/\/ticsalutsocial.atoom.space\/es\/#website","url":"https:\/\/ticsalutsocial.atoom.space\/es\/","name":"Fundaci\u00f3 TIC Salut i Social","description":"","potentialAction":[{"@type":"SearchAction","target":{"@type":"EntryPoint","urlTemplate":"https:\/\/ticsalutsocial.atoom.space\/es\/?s={search_term_string}"},"query-input":{"@type":"PropertyValueSpecification","valueRequired":true,"valueName":"search_term_string"}}],"inLanguage":"es"}]}},"_links":{"self":[{"href":"https:\/\/ticsalutsocial.atoom.space\/es\/wp-json\/wp\/v2\/pages\/23310","targetHints":{"allow":["GET"]}}],"collection":[{"href":"https:\/\/ticsalutsocial.atoom.space\/es\/wp-json\/wp\/v2\/pages"}],"about":[{"href":"https:\/\/ticsalutsocial.atoom.space\/es\/wp-json\/wp\/v2\/types\/page"}],"author":[{"embeddable":true,"href":"https:\/\/ticsalutsocial.atoom.space\/es\/wp-json\/wp\/v2\/users\/21"}],"replies":[{"embeddable":true,"href":"https:\/\/ticsalutsocial.atoom.space\/es\/wp-json\/wp\/v2\/comments?post=23310"}],"version-history":[{"count":10,"href":"https:\/\/ticsalutsocial.atoom.space\/es\/wp-json\/wp\/v2\/pages\/23310\/revisions"}],"predecessor-version":[{"id":28757,"href":"https:\/\/ticsalutsocial.atoom.space\/es\/wp-json\/wp\/v2\/pages\/23310\/revisions\/28757"}],"up":[{"embeddable":true,"href":"https:\/\/ticsalutsocial.atoom.space\/es\/wp-json\/wp\/v2\/pages\/13848"}],"wp:attachment":[{"href":"https:\/\/ticsalutsocial.atoom.space\/es\/wp-json\/wp\/v2\/media?parent=23310"}],"wp:term":[{"taxonomy":"tipus","embeddable":true,"href":"https:\/\/ticsalutsocial.atoom.space\/es\/wp-json\/wp\/v2\/tipus?post=23310"}],"curies":[{"name":"wp","href":"https:\/\/api.w.org\/{rel}","templated":true}]}}