
{"id":31912,"date":"2025-02-20T12:48:51","date_gmt":"2025-02-20T10:48:51","guid":{"rendered":"https:\/\/ticsalutsocial.atoom.space\/que-fem\/ambit-social\/introduction\/"},"modified":"2026-02-02T12:07:18","modified_gmt":"2026-02-02T10:07:18","slug":"introduction","status":"publish","type":"page","link":"https:\/\/ticsalutsocial.atoom.space\/en\/que-fem\/ambit-social\/introduction\/","title":{"rendered":"Introduction"},"content":{"rendered":"\n<p>The Social area works closely with the Social Rights and Inclusion Department of the Catalan Government to promote the transformation of assisted care models in the social welfare field and propel technology as a transformative instrument. The team supports creating and driving new social information systems forward, the expansion in definitions of controlled vocabulary for the social sphere use, and evaluating project proposals in the technology and social fields. It also has a key role in the impulse of the future Social and Health Comprehensive Care Agency.<\/p>\n\n\n\n<p>The Government passed an <a href=\"https:\/\/documents.dadesobertes.gencat.cat\/acordsgovern\/docs\/SIG23SLT1190.pdf?utm_campaign=inside-ticss-octubre-2023&amp;utm_medium=email&amp;utm_source=acumbamail\" target=\"_blank\" rel=\"noreferrer noopener\">agreement to modify TIC Salut Social Foundation\u2019s statutes <\/a>on 31st October 2023 to intensify the Foundation assimilating the Department of Social Rights and Inclusion and make room for international projection. This resulted in members of the Department of Social Rights and Inclusion, as well as other entities, being integrated into TIC Salut Social Foundation\u2019s Board at the end of the year.<\/p>\n\n\n\n<p>The following reference information provides more details regarding the social field:\r\n<\/p>\n\n\n\n<h2 class=\"wp-block-heading\"><strong>Social area entities:<\/strong><\/h2>\n\n\n\n<ul class=\"wp-block-list\">\n<li><a href=\"https:\/\/dretssocials.gencat.cat\/ca\/inici\" target=\"_blank\" rel=\"noreferrer noopener\">Department of Social Rights and Inclusion<\/a><\/li>\n\n\n\n<li><a href=\"https:\/\/www.tercersector.cat\/\" target=\"_blank\" rel=\"noreferrer noopener\">Tertiary Sector Board<\/a>&nbsp;<\/li>\n\n\n\n<li><a href=\"https:\/\/www.tscat.cat\/\" target=\"_blank\" rel=\"noreferrer noopener\">Catalonia\u2019s Social Work Official College<\/a>&nbsp;<\/li>\n<\/ul>\n\n\n\n<h2 class=\"wp-block-heading\">Not\u00edcies destacades<\/h2>\n\n\n\n<style>\n    .relnews--list .relnews--list-wrapper {\n        display: flex;\n        gap: 2em;\n    }\n    .relnews--list .relnews--news {\n        width: calc(33.33% - 1em);\n    }\n    .relnews--list .relnews--img img {\n        width: 100%;\n        height: 200px;\n        object-fit: cover;\n        border-radius: 3px;\n    }\n    .relnews--list .relnews--title {\n        font-family: 'HelveticaNowDisplay-Regular';\n        font-size: 20px;\n        line-height: 28px;\n        color: #231f20;\n    }\n    .relnews--list .relnews--news:hover .relnews--title {\n        font-weight: bold;\n    }\n    @media (max-width: 782px) {\n        .relnews--list .relnews--list-wrapper {\n            flex-direction: column;\n        }\n        .relnews--list .relnews--news {\n            width: 100%;\n        }\n    }\n<\/style>\n\n<div class=\"relnews--list\">\n    <div class=\"relnews--list-wrapper\">\n                    <div class=\"relnews--news\">\n                <div class=\"relnews--news-wrapper\">\n                    <a href=\"https:\/\/ticsalutsocial.atoom.space\/en\/noticia\/intersocial-ja-suma-560-conceptes-dins-el-diccionari-terminologic-social\/\">\n                        <div class=\"relnews--img\">\n                            <img loading=\"lazy\" decoding=\"async\" width=\"2560\" height=\"1707\" src=\"https:\/\/ticsalutsocial.atoom.space\/wp-content\/uploads\/2020\/11\/intersocial1-scaled.jpg\" class=\"attachment-post-thumbnail size-post-thumbnail wp-post-image\" alt=\"InterSocial ja suma 560 conceptes dins el Diccionari Terminol\u00f2gic Social\" srcset=\"https:\/\/ticsalutsocial.atoom.space\/wp-content\/uploads\/2020\/11\/intersocial1-scaled.jpg 2560w, https:\/\/ticsalutsocial.atoom.space\/wp-content\/uploads\/2020\/11\/intersocial1-300x200.jpg 300w, https:\/\/ticsalutsocial.atoom.space\/wp-content\/uploads\/2020\/11\/intersocial1-1024x683.jpg 1024w, https:\/\/ticsalutsocial.atoom.space\/wp-content\/uploads\/2020\/11\/intersocial1-768x512.jpg 768w, https:\/\/ticsalutsocial.atoom.space\/wp-content\/uploads\/2020\/11\/intersocial1-1536x1024.jpg 1536w, https:\/\/ticsalutsocial.atoom.space\/wp-content\/uploads\/2020\/11\/intersocial1-2048x1365.jpg 2048w\" sizes=\"auto, (max-width: 2560px) 100vw, 2560px\" \/>                        <\/div>\n                        <div class=\"relnews--content\">\n                            <p><span class=\"relnews--title\">InterSocial has now added 560 concepts to the Social Terminological Dictionary<\/span><\/p>\n                        <\/div>\n                    <\/a>\n                <\/div>\n            <\/div>\n                    <div class=\"relnews--news\">\n                <div class=\"relnews--news-wrapper\">\n                    <a href=\"https:\/\/ticsalutsocial.atoom.space\/en\/noticia\/the-maresme-foundation-holds-it-second-inspiring-council-to-chart-its-strategy-for-the-next-two-years\/\">\n                        <div class=\"relnews--img\">\n                            <img loading=\"lazy\" decoding=\"async\" width=\"1280\" height=\"960\" src=\"https:\/\/ticsalutsocial.atoom.space\/wp-content\/uploads\/2025\/12\/Consell_Inspirador_Fundacio_Maresme_iStock.png\" class=\"attachment-post-thumbnail size-post-thumbnail wp-post-image\" alt=\"\" srcset=\"https:\/\/ticsalutsocial.atoom.space\/wp-content\/uploads\/2025\/12\/Consell_Inspirador_Fundacio_Maresme_iStock.png 1280w, https:\/\/ticsalutsocial.atoom.space\/wp-content\/uploads\/2025\/12\/Consell_Inspirador_Fundacio_Maresme_iStock-300x225.png 300w, https:\/\/ticsalutsocial.atoom.space\/wp-content\/uploads\/2025\/12\/Consell_Inspirador_Fundacio_Maresme_iStock-1024x768.png 1024w, https:\/\/ticsalutsocial.atoom.space\/wp-content\/uploads\/2025\/12\/Consell_Inspirador_Fundacio_Maresme_iStock-768x576.png 768w\" sizes=\"auto, (max-width: 1280px) 100vw, 1280px\" \/>                        <\/div>\n                        <div class=\"relnews--content\">\n                            <p><span class=\"relnews--title\">The Maresme Foundation holds it second 'Inspiring Council' to chart its strategy for the next two years<\/span><\/p>\n                        <\/div>\n                    <\/a>\n                <\/div>\n            <\/div>\n                    <div class=\"relnews--news\">\n                <div class=\"relnews--news-wrapper\">\n                    <a href=\"https:\/\/ticsalutsocial.atoom.space\/en\/noticia\/el-servei-catala-de-la-salut-publica-lactualitzacio-de-lextensio-catalana-de-snomed-ct-2025\/\">\n                        <div class=\"relnews--img\">\n                            <img loading=\"lazy\" decoding=\"async\" width=\"8067\" height=\"5378\" src=\"https:\/\/ticsalutsocial.atoom.space\/wp-content\/uploads\/2025\/11\/iStock-1609167891.jpg\" class=\"attachment-post-thumbnail size-post-thumbnail wp-post-image\" alt=\"El Servei Catal\u00e0 de la Salut publica l&#039;actualitzaci\u00f3 de l&#039;extensi\u00f3 catalana de SNOMED CT 2025\" srcset=\"https:\/\/ticsalutsocial.atoom.space\/wp-content\/uploads\/2025\/11\/iStock-1609167891.jpg 8067w, https:\/\/ticsalutsocial.atoom.space\/wp-content\/uploads\/2025\/11\/iStock-1609167891-300x200.jpg 300w, https:\/\/ticsalutsocial.atoom.space\/wp-content\/uploads\/2025\/11\/iStock-1609167891-1024x683.jpg 1024w, https:\/\/ticsalutsocial.atoom.space\/wp-content\/uploads\/2025\/11\/iStock-1609167891-768x512.jpg 768w, https:\/\/ticsalutsocial.atoom.space\/wp-content\/uploads\/2025\/11\/iStock-1609167891-1536x1024.jpg 1536w\" sizes=\"auto, (max-width: 8067px) 100vw, 8067px\" \/>                        <\/div>\n                        <div class=\"relnews--content\">\n                            <p><span class=\"relnews--title\">The Catalan Health Service publishes the update of the Catalan extension of SNOMED CT 2025<\/span><\/p>\n                        <\/div>\n                    <\/a>\n                <\/div>\n            <\/div>\n            <\/div>\n<\/div>\n","protected":false},"excerpt":{"rendered":"<p>The Social area works closely with the Social Rights and Inclusion Department of the Catalan Government to promote the transformation of assisted care models in the social welfare field and propel technology as a transformative instrument. The team supports creating and driving new social information systems forward, the expansion in definitions of controlled vocabulary for [&hellip;]<\/p>\n","protected":false},"author":21,"featured_media":0,"parent":13037,"menu_order":0,"comment_status":"closed","ping_status":"closed","template":"page-templates\/section--ambit-social.php","meta":{"_acf_changed":false,"inline_featured_image":false,"footnotes":""},"tipus":[],"class_list":["post-31912","page","type-page","status-publish","hentry"],"acf":[],"yoast_head":"<!-- This site is optimized with the Yoast SEO plugin v27.1.1 - https:\/\/yoast.com\/product\/yoast-seo-wordpress\/ -->\n<title>Introduction - Fundaci\u00f3 TIC Salut i Social<\/title>\n<meta name=\"robots\" content=\"index, follow, max-snippet:-1, max-image-preview:large, max-video-preview:-1\" \/>\n<link rel=\"canonical\" href=\"https:\/\/ticsalutsocial.atoom.space\/en\/que-fem\/ambit-social\/introduction\/\" \/>\n<meta property=\"og:locale\" content=\"en_US\" \/>\n<meta property=\"og:type\" content=\"article\" \/>\n<meta property=\"og:title\" content=\"Introduction - Fundaci\u00f3 TIC Salut i Social\" \/>\n<meta property=\"og:description\" content=\"The Social area works closely with the Social Rights and Inclusion Department of the Catalan Government to promote the transformation of assisted care models in the social welfare field and propel technology as a transformative instrument. The team supports creating and driving new social information systems forward, the expansion in definitions of controlled vocabulary for [&hellip;]\" \/>\n<meta property=\"og:url\" content=\"https:\/\/ticsalutsocial.atoom.space\/en\/que-fem\/ambit-social\/introduction\/\" \/>\n<meta property=\"og:site_name\" content=\"Fundaci\u00f3 TIC Salut i Social\" \/>\n<meta property=\"article:modified_time\" content=\"2026-02-02T10:07:18+00:00\" \/>\n<meta name=\"twitter:card\" content=\"summary_large_image\" \/>\n<meta name=\"twitter:label1\" content=\"Est. reading time\" \/>\n\t<meta name=\"twitter:data1\" content=\"2 minutes\" \/>\n<script type=\"application\/ld+json\" class=\"yoast-schema-graph\">{\"@context\":\"https:\/\/schema.org\",\"@graph\":[{\"@type\":\"WebPage\",\"@id\":\"https:\/\/ticsalutsocial.atoom.space\/en\/que-fem\/ambit-social\/introduction\/\",\"url\":\"https:\/\/ticsalutsocial.atoom.space\/en\/que-fem\/ambit-social\/introduction\/\",\"name\":\"Introduction - Fundaci\u00f3 TIC Salut i Social\",\"isPartOf\":{\"@id\":\"https:\/\/ticsalutsocial.atoom.space\/en\/#website\"},\"datePublished\":\"2025-02-20T10:48:51+00:00\",\"dateModified\":\"2026-02-02T10:07:18+00:00\",\"breadcrumb\":{\"@id\":\"https:\/\/ticsalutsocial.atoom.space\/en\/que-fem\/ambit-social\/introduction\/#breadcrumb\"},\"inLanguage\":\"en-US\",\"potentialAction\":[{\"@type\":\"ReadAction\",\"target\":[\"https:\/\/ticsalutsocial.atoom.space\/en\/que-fem\/ambit-social\/introduction\/\"]}]},{\"@type\":\"BreadcrumbList\",\"@id\":\"https:\/\/ticsalutsocial.atoom.space\/en\/que-fem\/ambit-social\/introduction\/#breadcrumb\",\"itemListElement\":[{\"@type\":\"ListItem\",\"position\":1,\"name\":\"Inici\",\"item\":\"https:\/\/ticsalutsocial.atoom.space\/en\/\"},{\"@type\":\"ListItem\",\"position\":2,\"name\":\"Que Fem\",\"item\":\"https:\/\/ticsalutsocial.atoom.space\/en\/que-fem\/\"},{\"@type\":\"ListItem\",\"position\":3,\"name\":\"Social area\",\"item\":\"https:\/\/ticsalutsocial.atoom.space\/en\/que-fem\/ambit-social\/\"},{\"@type\":\"ListItem\",\"position\":4,\"name\":\"Introduction\"}]},{\"@type\":\"WebSite\",\"@id\":\"https:\/\/ticsalutsocial.atoom.space\/en\/#website\",\"url\":\"https:\/\/ticsalutsocial.atoom.space\/en\/\",\"name\":\"Fundaci\u00f3 TIC Salut i Social\",\"description\":\"\",\"potentialAction\":[{\"@type\":\"SearchAction\",\"target\":{\"@type\":\"EntryPoint\",\"urlTemplate\":\"https:\/\/ticsalutsocial.atoom.space\/en\/?s={search_term_string}\"},\"query-input\":{\"@type\":\"PropertyValueSpecification\",\"valueRequired\":true,\"valueName\":\"search_term_string\"}}],\"inLanguage\":\"en-US\"}]}<\/script>\n<!-- \/ Yoast SEO plugin. -->","yoast_head_json":{"title":"Introduction - Fundaci\u00f3 TIC Salut i Social","robots":{"index":"index","follow":"follow","max-snippet":"max-snippet:-1","max-image-preview":"max-image-preview:large","max-video-preview":"max-video-preview:-1"},"canonical":"https:\/\/ticsalutsocial.atoom.space\/en\/que-fem\/ambit-social\/introduction\/","og_locale":"en_US","og_type":"article","og_title":"Introduction - Fundaci\u00f3 TIC Salut i Social","og_description":"The Social area works closely with the Social Rights and Inclusion Department of the Catalan Government to promote the transformation of assisted care models in the social welfare field and propel technology as a transformative instrument. The team supports creating and driving new social information systems forward, the expansion in definitions of controlled vocabulary for [&hellip;]","og_url":"https:\/\/ticsalutsocial.atoom.space\/en\/que-fem\/ambit-social\/introduction\/","og_site_name":"Fundaci\u00f3 TIC Salut i Social","article_modified_time":"2026-02-02T10:07:18+00:00","twitter_card":"summary_large_image","twitter_misc":{"Est. reading time":"2 minutes"},"schema":{"@context":"https:\/\/schema.org","@graph":[{"@type":"WebPage","@id":"https:\/\/ticsalutsocial.atoom.space\/en\/que-fem\/ambit-social\/introduction\/","url":"https:\/\/ticsalutsocial.atoom.space\/en\/que-fem\/ambit-social\/introduction\/","name":"Introduction - Fundaci\u00f3 TIC Salut i Social","isPartOf":{"@id":"https:\/\/ticsalutsocial.atoom.space\/en\/#website"},"datePublished":"2025-02-20T10:48:51+00:00","dateModified":"2026-02-02T10:07:18+00:00","breadcrumb":{"@id":"https:\/\/ticsalutsocial.atoom.space\/en\/que-fem\/ambit-social\/introduction\/#breadcrumb"},"inLanguage":"en-US","potentialAction":[{"@type":"ReadAction","target":["https:\/\/ticsalutsocial.atoom.space\/en\/que-fem\/ambit-social\/introduction\/"]}]},{"@type":"BreadcrumbList","@id":"https:\/\/ticsalutsocial.atoom.space\/en\/que-fem\/ambit-social\/introduction\/#breadcrumb","itemListElement":[{"@type":"ListItem","position":1,"name":"Inici","item":"https:\/\/ticsalutsocial.atoom.space\/en\/"},{"@type":"ListItem","position":2,"name":"Que Fem","item":"https:\/\/ticsalutsocial.atoom.space\/en\/que-fem\/"},{"@type":"ListItem","position":3,"name":"Social area","item":"https:\/\/ticsalutsocial.atoom.space\/en\/que-fem\/ambit-social\/"},{"@type":"ListItem","position":4,"name":"Introduction"}]},{"@type":"WebSite","@id":"https:\/\/ticsalutsocial.atoom.space\/en\/#website","url":"https:\/\/ticsalutsocial.atoom.space\/en\/","name":"Fundaci\u00f3 TIC Salut i Social","description":"","potentialAction":[{"@type":"SearchAction","target":{"@type":"EntryPoint","urlTemplate":"https:\/\/ticsalutsocial.atoom.space\/en\/?s={search_term_string}"},"query-input":{"@type":"PropertyValueSpecification","valueRequired":true,"valueName":"search_term_string"}}],"inLanguage":"en-US"}]}},"_links":{"self":[{"href":"https:\/\/ticsalutsocial.atoom.space\/en\/wp-json\/wp\/v2\/pages\/31912","targetHints":{"allow":["GET"]}}],"collection":[{"href":"https:\/\/ticsalutsocial.atoom.space\/en\/wp-json\/wp\/v2\/pages"}],"about":[{"href":"https:\/\/ticsalutsocial.atoom.space\/en\/wp-json\/wp\/v2\/types\/page"}],"author":[{"embeddable":true,"href":"https:\/\/ticsalutsocial.atoom.space\/en\/wp-json\/wp\/v2\/users\/21"}],"replies":[{"embeddable":true,"href":"https:\/\/ticsalutsocial.atoom.space\/en\/wp-json\/wp\/v2\/comments?post=31912"}],"version-history":[{"count":6,"href":"https:\/\/ticsalutsocial.atoom.space\/en\/wp-json\/wp\/v2\/pages\/31912\/revisions"}],"predecessor-version":[{"id":35563,"href":"https:\/\/ticsalutsocial.atoom.space\/en\/wp-json\/wp\/v2\/pages\/31912\/revisions\/35563"}],"up":[{"embeddable":true,"href":"https:\/\/ticsalutsocial.atoom.space\/en\/wp-json\/wp\/v2\/pages\/13037"}],"wp:attachment":[{"href":"https:\/\/ticsalutsocial.atoom.space\/en\/wp-json\/wp\/v2\/media?parent=31912"}],"wp:term":[{"taxonomy":"tipus","embeddable":true,"href":"https:\/\/ticsalutsocial.atoom.space\/en\/wp-json\/wp\/v2\/tipus?post=31912"}],"curies":[{"name":"wp","href":"https:\/\/api.w.org\/{rel}","templated":true}]}}