
{"id":31920,"date":"2025-02-25T11:04:23","date_gmt":"2025-02-25T09:04:23","guid":{"rendered":"https:\/\/ticsalutsocial.atoom.space\/que-fem\/atencio-digital-personalitzada\/introduction\/"},"modified":"2025-06-06T11:49:10","modified_gmt":"2025-06-06T09:49:10","slug":"introduction","status":"publish","type":"page","link":"https:\/\/ticsalutsocial.atoom.space\/en\/que-fem\/atencio-digital-personalitzada\/introduction\/","title":{"rendered":"Introduction"},"content":{"rendered":"\n<p>The Personalised Digital Care area drives the use of technology in care processes so they become more proactive, participative, collaborative, intelligent, and personalised, ensuring the progress in health systems.\r\n<\/p>\n\n\n\n<p>Objectives are:<\/p>\n\n\n\n<ul class=\"wp-block-list\">\n<li><strong>Define, design, and develop<\/strong> technological protocols and tools that guarantee a personalised, proactive, and standardised monitoring of the citizen.&nbsp;<\/li>\n\n\n\n<li><strong>Enhance<\/strong> technological care services efficiency and accessibility to build a modular gaze that encompasses both molecular and environmental determiners.\r\n&nbsp;<\/li>\n\n\n\n<li><strong>Introduce <\/strong>comprehensive models to detect, diagnose, treat, and monitor the patient.\r\n<\/li>\n\n\n\n<li><strong>Evaluate <\/strong>technology solutions that adapt health and social care to the system\u2019s needs and centre around the individual and its population.&nbsp;<\/li>\n<\/ul>\n\n\n\n<p>The area centres around driving technological tools that bring the care model to that of <strong><a href=\"https:\/\/ticsalutsocial.atoom.space\/que-fem\/atencio-digital-personalitzada\/medicina-personalitzada-de-precisio\/\">personalised precision medicine<\/a><\/strong> and of <strong><a href=\"https:\/\/ticsalutsocial.atoom.space\/que-fem\/ehealth\/introduccio\/\">e-Health<\/a><\/strong>.<\/p>\n\n\n\n<h2 class=\"wp-block-heading\">Featured news<\/h2>\n\n\n\n<style>\n    .relnews--list .relnews--list-wrapper {\n        display: flex;\n        gap: 2em;\n    }\n    .relnews--list .relnews--news {\n        width: calc(33.33% - 1em);\n    }\n    .relnews--list .relnews--img img {\n        width: 100%;\n        height: 200px;\n        object-fit: cover;\n        border-radius: 3px;\n    }\n    .relnews--list .relnews--title {\n        font-family: 'HelveticaNowDisplay-Regular';\n        font-size: 20px;\n        line-height: 28px;\n        color: #231f20;\n    }\n    .relnews--list .relnews--news:hover .relnews--title {\n        font-weight: bold;\n    }\n    @media (max-width: 782px) {\n        .relnews--list .relnews--list-wrapper {\n            flex-direction: column;\n        }\n        .relnews--list .relnews--news {\n            width: 100%;\n        }\n    }\n<\/style>\n\n<div class=\"relnews--list\">\n    <div class=\"relnews--list-wrapper\">\n                    <div class=\"relnews--news\">\n                <div class=\"relnews--news-wrapper\">\n                    <a href=\"https:\/\/ticsalutsocial.atoom.space\/en\/noticia\/professionals-datencio-domiciliaria-de-les-terres-de-lebre-reporten-resultats-positius-de-lelectrocardiograma-portatil-connectat-al-maleti-5g\/\">\n                        <div class=\"relnews--img\">\n                            <img loading=\"lazy\" decoding=\"async\" width=\"1280\" height=\"960\" src=\"https:\/\/ticsalutsocial.atoom.space\/wp-content\/uploads\/2025\/12\/maleti-5G.jpg\" class=\"attachment-post-thumbnail size-post-thumbnail wp-post-image\" alt=\"maleti\u0301 5G\" srcset=\"https:\/\/ticsalutsocial.atoom.space\/wp-content\/uploads\/2025\/12\/maleti-5G.jpg 1280w, https:\/\/ticsalutsocial.atoom.space\/wp-content\/uploads\/2025\/12\/maleti-5G-300x225.jpg 300w, https:\/\/ticsalutsocial.atoom.space\/wp-content\/uploads\/2025\/12\/maleti-5G-1024x768.jpg 1024w, https:\/\/ticsalutsocial.atoom.space\/wp-content\/uploads\/2025\/12\/maleti-5G-768x576.jpg 768w\" sizes=\"auto, (max-width: 1280px) 100vw, 1280px\" \/>                        <\/div>\n                        <div class=\"relnews--content\">\n                            <p><span class=\"relnews--title\">Primary care professionals providing home care report positive results from the portable electrocardiogram connected to the 5G case<\/span><\/p>\n                        <\/div>\n                    <\/a>\n                <\/div>\n            <\/div>\n                    <div class=\"relnews--news\">\n                <div class=\"relnews--news-wrapper\">\n                    <a href=\"https:\/\/ticsalutsocial.atoom.space\/en\/noticia\/la-tecnologia-immersiva-aporta-beneficis-en-la-intervencio-del-trastorn-de-lespectre-autista\/\">\n                        <div class=\"relnews--img\">\n                            <img loading=\"lazy\" decoding=\"async\" width=\"1280\" height=\"960\" src=\"https:\/\/ticsalutsocial.atoom.space\/wp-content\/uploads\/2025\/10\/TIC-en-el-tractament-del-Trastorn-de-lEspectre-Autista.png\" class=\"attachment-post-thumbnail size-post-thumbnail wp-post-image\" alt=\"Presentaci\u00f3\" srcset=\"https:\/\/ticsalutsocial.atoom.space\/wp-content\/uploads\/2025\/10\/TIC-en-el-tractament-del-Trastorn-de-lEspectre-Autista.png 1280w, https:\/\/ticsalutsocial.atoom.space\/wp-content\/uploads\/2025\/10\/TIC-en-el-tractament-del-Trastorn-de-lEspectre-Autista-300x225.png 300w, https:\/\/ticsalutsocial.atoom.space\/wp-content\/uploads\/2025\/10\/TIC-en-el-tractament-del-Trastorn-de-lEspectre-Autista-1024x768.png 1024w, https:\/\/ticsalutsocial.atoom.space\/wp-content\/uploads\/2025\/10\/TIC-en-el-tractament-del-Trastorn-de-lEspectre-Autista-768x576.png 768w\" sizes=\"auto, (max-width: 1280px) 100vw, 1280px\" \/>                        <\/div>\n                        <div class=\"relnews--content\">\n                            <p><span class=\"relnews--title\">Immersive technology brings benefits to the intervention of Autism Spectrum Disorder<\/span><\/p>\n                        <\/div>\n                    <\/a>\n                <\/div>\n            <\/div>\n                    <div class=\"relnews--news\">\n                <div class=\"relnews--news-wrapper\">\n                    <a href=\"https:\/\/ticsalutsocial.atoom.space\/en\/noticia\/el-projecte-unicas-publica-una-nova-guia-per-facilitar-la-interoperabilitat-entre-les-comunitats-autonomes-despanya-per-latencio-pediatrica-de-malalties-minoritaries\/\">\n                        <div class=\"relnews--img\">\n                            <img loading=\"lazy\" decoding=\"async\" width=\"2560\" height=\"1415\" src=\"https:\/\/ticsalutsocial.atoom.space\/wp-content\/uploads\/2025\/05\/iStock-2162801661-scaled.jpg\" class=\"attachment-post-thumbnail size-post-thumbnail wp-post-image\" alt=\"EL projecte \u00daNICAS publica una nova guia per facilitar la interoperabilitat entre les comunitats aut\u00f2nomes d&#039;Espanya per l\u2019atenci\u00f3 pedi\u00e0trica de malalties minorit\u00e0ries\" srcset=\"https:\/\/ticsalutsocial.atoom.space\/wp-content\/uploads\/2025\/05\/iStock-2162801661-scaled.jpg 2560w, https:\/\/ticsalutsocial.atoom.space\/wp-content\/uploads\/2025\/05\/iStock-2162801661-300x166.jpg 300w, https:\/\/ticsalutsocial.atoom.space\/wp-content\/uploads\/2025\/05\/iStock-2162801661-1024x566.jpg 1024w, https:\/\/ticsalutsocial.atoom.space\/wp-content\/uploads\/2025\/05\/iStock-2162801661-768x425.jpg 768w, https:\/\/ticsalutsocial.atoom.space\/wp-content\/uploads\/2025\/05\/iStock-2162801661-1536x849.jpg 1536w, https:\/\/ticsalutsocial.atoom.space\/wp-content\/uploads\/2025\/05\/iStock-2162801661-2048x1132.jpg 2048w\" sizes=\"auto, (max-width: 2560px) 100vw, 2560px\" \/>                        <\/div>\n                        <div class=\"relnews--content\">\n                            <p><span class=\"relnews--title\">The \u00daNICAS Project Publishes a New Guide to Facilitate Interoperability Between Spain\u2019s Autonomous Communities<\/span><\/p>\n                        <\/div>\n                    <\/a>\n                <\/div>\n            <\/div>\n            <\/div>\n<\/div>\n","protected":false},"excerpt":{"rendered":"<p>The Personalised Digital Care area drives the use of technology in care processes so they become more proactive, participative, collaborative, intelligent, and personalised, ensuring the progress in health systems. Objectives are: The area centres around driving technological tools that bring the care model to that of personalised precision medicine and of e-Health. Featured news<\/p>\n","protected":false},"author":21,"featured_media":0,"parent":25574,"menu_order":0,"comment_status":"closed","ping_status":"closed","template":"page-templates\/section--atencio-digital.php","meta":{"_acf_changed":false,"inline_featured_image":false,"footnotes":""},"tipus":[],"class_list":["post-31920","page","type-page","status-publish","hentry"],"acf":{"tipus_plantilla":"objectius","template_objectius":{"cont_principal":"","imatge":false,"cont_seguent":{"titol":"","contingut":""},"seccio_llistat":{"titol":"","llistat":false},"objectius":{"titol":"","objectius":false},"documents":false},"finalitzat":false},"yoast_head":"<!-- This site is optimized with the Yoast SEO plugin v27.1.1 - https:\/\/yoast.com\/product\/yoast-seo-wordpress\/ -->\n<title>Introduction - Fundaci\u00f3 TIC Salut i Social<\/title>\n<meta name=\"robots\" content=\"index, follow, max-snippet:-1, max-image-preview:large, max-video-preview:-1\" \/>\n<link rel=\"canonical\" href=\"https:\/\/ticsalutsocial.atoom.space\/en\/que-fem\/atencio-digital-personalitzada\/introduction\/\" \/>\n<meta property=\"og:locale\" content=\"en_US\" \/>\n<meta property=\"og:type\" content=\"article\" \/>\n<meta property=\"og:title\" content=\"Introduction - Fundaci\u00f3 TIC Salut i Social\" \/>\n<meta property=\"og:description\" content=\"The Personalised Digital Care area drives the use of technology in care processes so they become more proactive, participative, collaborative, intelligent, and personalised, ensuring the progress in health systems. Objectives are: The area centres around driving technological tools that bring the care model to that of personalised precision medicine and of e-Health. Featured news\" \/>\n<meta property=\"og:url\" content=\"https:\/\/ticsalutsocial.atoom.space\/en\/que-fem\/atencio-digital-personalitzada\/introduction\/\" \/>\n<meta property=\"og:site_name\" content=\"Fundaci\u00f3 TIC Salut i Social\" \/>\n<meta property=\"article:modified_time\" content=\"2025-06-06T09:49:10+00:00\" \/>\n<meta name=\"twitter:card\" content=\"summary_large_image\" \/>\n<meta name=\"twitter:label1\" content=\"Est. reading time\" \/>\n\t<meta name=\"twitter:data1\" content=\"1 minute\" \/>\n<script type=\"application\/ld+json\" class=\"yoast-schema-graph\">{\"@context\":\"https:\/\/schema.org\",\"@graph\":[{\"@type\":\"WebPage\",\"@id\":\"https:\/\/ticsalutsocial.atoom.space\/en\/que-fem\/atencio-digital-personalitzada\/introduction\/\",\"url\":\"https:\/\/ticsalutsocial.atoom.space\/en\/que-fem\/atencio-digital-personalitzada\/introduction\/\",\"name\":\"Introduction - Fundaci\u00f3 TIC Salut i Social\",\"isPartOf\":{\"@id\":\"https:\/\/ticsalutsocial.atoom.space\/en\/#website\"},\"datePublished\":\"2025-02-25T09:04:23+00:00\",\"dateModified\":\"2025-06-06T09:49:10+00:00\",\"breadcrumb\":{\"@id\":\"https:\/\/ticsalutsocial.atoom.space\/en\/que-fem\/atencio-digital-personalitzada\/introduction\/#breadcrumb\"},\"inLanguage\":\"en-US\",\"potentialAction\":[{\"@type\":\"ReadAction\",\"target\":[\"https:\/\/ticsalutsocial.atoom.space\/en\/que-fem\/atencio-digital-personalitzada\/introduction\/\"]}]},{\"@type\":\"BreadcrumbList\",\"@id\":\"https:\/\/ticsalutsocial.atoom.space\/en\/que-fem\/atencio-digital-personalitzada\/introduction\/#breadcrumb\",\"itemListElement\":[{\"@type\":\"ListItem\",\"position\":1,\"name\":\"Inici\",\"item\":\"https:\/\/ticsalutsocial.atoom.space\/en\/\"},{\"@type\":\"ListItem\",\"position\":2,\"name\":\"Que Fem\",\"item\":\"https:\/\/ticsalutsocial.atoom.space\/en\/que-fem\/\"},{\"@type\":\"ListItem\",\"position\":3,\"name\":\"Personalized digital attention\",\"item\":\"https:\/\/ticsalutsocial.atoom.space\/en\/que-fem\/atencio-digital-personalitzada\/\"},{\"@type\":\"ListItem\",\"position\":4,\"name\":\"Introduction\"}]},{\"@type\":\"WebSite\",\"@id\":\"https:\/\/ticsalutsocial.atoom.space\/en\/#website\",\"url\":\"https:\/\/ticsalutsocial.atoom.space\/en\/\",\"name\":\"Fundaci\u00f3 TIC Salut i Social\",\"description\":\"\",\"potentialAction\":[{\"@type\":\"SearchAction\",\"target\":{\"@type\":\"EntryPoint\",\"urlTemplate\":\"https:\/\/ticsalutsocial.atoom.space\/en\/?s={search_term_string}\"},\"query-input\":{\"@type\":\"PropertyValueSpecification\",\"valueRequired\":true,\"valueName\":\"search_term_string\"}}],\"inLanguage\":\"en-US\"}]}<\/script>\n<!-- \/ Yoast SEO plugin. -->","yoast_head_json":{"title":"Introduction - Fundaci\u00f3 TIC Salut i Social","robots":{"index":"index","follow":"follow","max-snippet":"max-snippet:-1","max-image-preview":"max-image-preview:large","max-video-preview":"max-video-preview:-1"},"canonical":"https:\/\/ticsalutsocial.atoom.space\/en\/que-fem\/atencio-digital-personalitzada\/introduction\/","og_locale":"en_US","og_type":"article","og_title":"Introduction - Fundaci\u00f3 TIC Salut i Social","og_description":"The Personalised Digital Care area drives the use of technology in care processes so they become more proactive, participative, collaborative, intelligent, and personalised, ensuring the progress in health systems. Objectives are: The area centres around driving technological tools that bring the care model to that of personalised precision medicine and of e-Health. Featured news","og_url":"https:\/\/ticsalutsocial.atoom.space\/en\/que-fem\/atencio-digital-personalitzada\/introduction\/","og_site_name":"Fundaci\u00f3 TIC Salut i Social","article_modified_time":"2025-06-06T09:49:10+00:00","twitter_card":"summary_large_image","twitter_misc":{"Est. reading time":"1 minute"},"schema":{"@context":"https:\/\/schema.org","@graph":[{"@type":"WebPage","@id":"https:\/\/ticsalutsocial.atoom.space\/en\/que-fem\/atencio-digital-personalitzada\/introduction\/","url":"https:\/\/ticsalutsocial.atoom.space\/en\/que-fem\/atencio-digital-personalitzada\/introduction\/","name":"Introduction - Fundaci\u00f3 TIC Salut i Social","isPartOf":{"@id":"https:\/\/ticsalutsocial.atoom.space\/en\/#website"},"datePublished":"2025-02-25T09:04:23+00:00","dateModified":"2025-06-06T09:49:10+00:00","breadcrumb":{"@id":"https:\/\/ticsalutsocial.atoom.space\/en\/que-fem\/atencio-digital-personalitzada\/introduction\/#breadcrumb"},"inLanguage":"en-US","potentialAction":[{"@type":"ReadAction","target":["https:\/\/ticsalutsocial.atoom.space\/en\/que-fem\/atencio-digital-personalitzada\/introduction\/"]}]},{"@type":"BreadcrumbList","@id":"https:\/\/ticsalutsocial.atoom.space\/en\/que-fem\/atencio-digital-personalitzada\/introduction\/#breadcrumb","itemListElement":[{"@type":"ListItem","position":1,"name":"Inici","item":"https:\/\/ticsalutsocial.atoom.space\/en\/"},{"@type":"ListItem","position":2,"name":"Que Fem","item":"https:\/\/ticsalutsocial.atoom.space\/en\/que-fem\/"},{"@type":"ListItem","position":3,"name":"Personalized digital attention","item":"https:\/\/ticsalutsocial.atoom.space\/en\/que-fem\/atencio-digital-personalitzada\/"},{"@type":"ListItem","position":4,"name":"Introduction"}]},{"@type":"WebSite","@id":"https:\/\/ticsalutsocial.atoom.space\/en\/#website","url":"https:\/\/ticsalutsocial.atoom.space\/en\/","name":"Fundaci\u00f3 TIC Salut i Social","description":"","potentialAction":[{"@type":"SearchAction","target":{"@type":"EntryPoint","urlTemplate":"https:\/\/ticsalutsocial.atoom.space\/en\/?s={search_term_string}"},"query-input":{"@type":"PropertyValueSpecification","valueRequired":true,"valueName":"search_term_string"}}],"inLanguage":"en-US"}]}},"_links":{"self":[{"href":"https:\/\/ticsalutsocial.atoom.space\/en\/wp-json\/wp\/v2\/pages\/31920","targetHints":{"allow":["GET"]}}],"collection":[{"href":"https:\/\/ticsalutsocial.atoom.space\/en\/wp-json\/wp\/v2\/pages"}],"about":[{"href":"https:\/\/ticsalutsocial.atoom.space\/en\/wp-json\/wp\/v2\/types\/page"}],"author":[{"embeddable":true,"href":"https:\/\/ticsalutsocial.atoom.space\/en\/wp-json\/wp\/v2\/users\/21"}],"replies":[{"embeddable":true,"href":"https:\/\/ticsalutsocial.atoom.space\/en\/wp-json\/wp\/v2\/comments?post=31920"}],"version-history":[{"count":2,"href":"https:\/\/ticsalutsocial.atoom.space\/en\/wp-json\/wp\/v2\/pages\/31920\/revisions"}],"predecessor-version":[{"id":32512,"href":"https:\/\/ticsalutsocial.atoom.space\/en\/wp-json\/wp\/v2\/pages\/31920\/revisions\/32512"}],"up":[{"embeddable":true,"href":"https:\/\/ticsalutsocial.atoom.space\/en\/wp-json\/wp\/v2\/pages\/25574"}],"wp:attachment":[{"href":"https:\/\/ticsalutsocial.atoom.space\/en\/wp-json\/wp\/v2\/media?parent=31920"}],"wp:term":[{"taxonomy":"tipus","embeddable":true,"href":"https:\/\/ticsalutsocial.atoom.space\/en\/wp-json\/wp\/v2\/tipus?post=31920"}],"curies":[{"name":"wp","href":"https:\/\/api.w.org\/{rel}","templated":true}]}}