
{"id":31924,"date":"2025-02-25T11:09:28","date_gmt":"2025-02-25T09:09:28","guid":{"rendered":"https:\/\/ticsalutsocial.atoom.space\/que-fem\/atencio-digital-personalitzada\/unicas\/"},"modified":"2025-11-20T14:34:19","modified_gmt":"2025-11-20T12:34:19","slug":"unicas","status":"publish","type":"page","link":"https:\/\/ticsalutsocial.atoom.space\/en\/que-fem\/atencio-digital-personalitzada\/unicas\/","title":{"rendered":"\u00daNICAS"},"content":{"rendered":"\n<p>The \u00daNICAS project was born to <strong>create an ecosystem of alliances to help paediatric patients with complex minority diseases during their entire care process<\/strong> (from beginning to end).<\/p>\n\n\n\n<p>Under the umbrella term <em>Personalised Digital Care Plan <\/em>funded by the Recovery, Transformation, and Resilience Plan as well as the <em>Next Generation<\/em> European funds, <strong>Catalonia leads the \u00daNICAS project technology development and implementation.<\/strong>&nbsp;TIC Salut Social Foundation is in charge of this, evaluate the autonomous communities\u2019 technology maturity, define the project\u2019s basic tool technology requirements, make sure they are developed, and unfold a network of nodes.<\/p>\n\n\n\n<p>The Sant Joan de D\u00e9u Hospital in Barcelona and the Autonomous Community of Madrid are the leaders. As support, 5 functional groups comprised of over 150 experts from all autonomous communities were created to tackle the project\u2019s needs.<\/p>\n\n\n\n<p>\u00daNICAS wishes to offer the national health system personalised online care that provides a comprehensive service within the entire country. For this reason, the urge to create a technology platform composed of a network of nodes that makes use of the same tools, processes, and protocols in each autonomous community and allows:<\/p>\n\n\n\n<ul class=\"wp-block-list\">\n<li>To care for paediatric patients with minority diseases at any point in the UNICAS network as is they were in the reference site for their pathology, no matter where they live (data travels, not the child).<\/li>\n\n\n\n<li>To provide all \u00daNICAS network nodes with tools, processes and protocols to establish a personalised online care model.<\/li>\n\n\n\n<li>To complete current CSUR (Reference Centres, Services, and Units in Catalan) network to improve patients\u2019 visibility, as well as that of non-CSUR professionals.<\/li>\n\n\n\n<li>To provide a holistic vision of the patient during the entire process.<\/li>\n<\/ul>\n\n\n\n<p><strong>\u00daNICAS nodes<\/strong>&nbsp;<\/p>\n\n\n\n<p><script src=\"https:\/\/static-bundles.visme.co\/visme-embed.js\"><\/script><\/p>\r\n<div class=\"visme_d\" data-title=\"Nodos de la red UNICAS\" data-url=\"w4x4n3ek-nodos-de-la-red-unicas\" data-w=\"1920\" data-full-h=\"false\" data-h=\"1080\" data-domain=\"my\">\u00a0<\/div>\r\n<p style=\"width: 142px !important; border-radius: 3px !important; padding: 3px !important; font-size: 12px !important; font-family: Arial, sans-serif !important; color: #314152 !important; white-space: nowrap !important;\">Hecho con <a style=\"font-weight: 600 !important; text-decoration: none !important; font-size: 12px !important; font-family: Arial, sans-serif !important; color: #314152 !important; white-space: nowrap !important;\" href=\"https:\/\/www.visme.co\/?vc=Made-With-Visme&amp;utm_medium=Embed\" target=\"_blank\" rel=\"noopener noreferrer\">Visme<\/a><\/p>\n\n\n\n<p>The UNICAS projects seeks an online personalised care model for the CSUR system and reference networks to provide a comprehensive service for the entire system.<\/p>\n\n\n\n<p>The goal is to provide comprehensive care through a network of specialised centres (nodes), at least one per Autonomous Community, in which the patient doesn\u2019t travel yet their clinical information does. In this way, we seek to improve upon quick diagnosis, fairness, and accessibility.<\/p>\n\n\n\n<p>\u00daNICAS wishes to provide all network nodes with tools, processes and protocols to establish a personalised online care model.<\/p>\n\n\n\n<p>The project will initially undertake paediatric patients, focusing on four types of minority diseases: mitochondrial diseases, neuromuscular disorders, epileptic encephalopathies, and syndrome related neurodevelopment disorders.<\/p>\n\n\n\n<p>There are two outlooks: \u00daNICAS 360 (healthcare professionals outlook), and \u00daNICAS CHANNEL (patient\/family member\/caregiver outlook).<\/p>\n\n\n\n<figure class=\"wp-block-image size-large\"><img loading=\"lazy\" decoding=\"async\" width=\"1024\" height=\"576\" src=\"https:\/\/ticsalutsocial.atoom.space\/wp-content\/uploads\/2025\/05\/Unicas_ENG_v2-1-1024x576.png\" alt=\"\" class=\"wp-image-32378\" srcset=\"https:\/\/ticsalutsocial.atoom.space\/wp-content\/uploads\/2025\/05\/Unicas_ENG_v2-1-1024x576.png 1024w, https:\/\/ticsalutsocial.atoom.space\/wp-content\/uploads\/2025\/05\/Unicas_ENG_v2-1-300x169.png 300w, https:\/\/ticsalutsocial.atoom.space\/wp-content\/uploads\/2025\/05\/Unicas_ENG_v2-1-768x432.png 768w, https:\/\/ticsalutsocial.atoom.space\/wp-content\/uploads\/2025\/05\/Unicas_ENG_v2-1-1536x864.png 1536w, https:\/\/ticsalutsocial.atoom.space\/wp-content\/uploads\/2025\/05\/Unicas_ENG_v2-1.png 1920w\" sizes=\"auto, (max-width: 1024px) 100vw, 1024px\" \/><\/figure>\n\n\n\n<p>Tools at different layers are developed to provide services to both of these visions, such as: data and exchange services, repository, care processes, and advanced analytics.<\/p>\n\n\n\n<p><strong>On minority diseases<\/strong><\/p>\n\n\n\n<p>The European Union considers minority diseases those that affect less than 5 in every 10,000 people. It is estimated around 5,000 and 8,000 minority diseases exist worldwide and between 6% and 8% of the world\u2019s population can be affected. Furthermore, many are serious, chronic, disabilities, or potentially deadly. This is why a good diagnosis and treatment are of vital importance.<\/p>\n\n\n\n<p>The current answer to minority diseases from health systems in Spain, specially paediatric diseases, are insufficient for the following reasons:<\/p>\n\n\n\n<ul class=\"wp-block-list\">\n<li>Obtaining a diagnosis is a complex and long process.<\/li>\n\n\n\n<li>The fundamental lack of specific treatments for many minority diseases.<\/li>\n\n\n\n<li>The difficulty to group patients with similar cases and grant comprehensive care.<\/li>\n\n\n\n<li>The difficulty to access specialised centres depending on the patient\u2019s geographical origin.<\/li>\n\n\n\n<li>The lack of health and social devices geared towards chronic cases and palliative care in paediatrics.<\/li>\n\n\n\n<li>The shortage of capacity resources in the field of minority paediatric pathologies.<\/li>\n<\/ul>\n\n\n\n<div class=\"wp-block-columns are-vertically-aligned-center is-layout-flex wp-container-core-columns-is-layout-9d6595d7 wp-block-columns-is-layout-flex\">\n<div class=\"wp-block-column is-vertically-aligned-center is-layout-flow wp-block-column-is-layout-flow\"><\/div>\n\n\n\n<div class=\"wp-block-column is-vertically-aligned-center is-layout-flow wp-block-column-is-layout-flow\"><\/div>\n<\/div>\n\n\n\n<figure class=\"wp-block-image size-full is-resized\"><img loading=\"lazy\" decoding=\"async\" width=\"886\" height=\"64\" src=\"https:\/\/ticsalutsocial.atoom.space\/wp-content\/uploads\/2025\/11\/Unknown_23k5zbK.png\" alt=\"\" class=\"wp-image-34377\" style=\"width:573px;height:auto\" srcset=\"https:\/\/ticsalutsocial.atoom.space\/wp-content\/uploads\/2025\/11\/Unknown_23k5zbK.png 886w, https:\/\/ticsalutsocial.atoom.space\/wp-content\/uploads\/2025\/11\/Unknown_23k5zbK-300x22.png 300w, https:\/\/ticsalutsocial.atoom.space\/wp-content\/uploads\/2025\/11\/Unknown_23k5zbK-768x55.png 768w\" sizes=\"auto, (max-width: 886px) 100vw, 886px\" \/><\/figure>\n","protected":false},"excerpt":{"rendered":"<p>The \u00daNICAS project was born to create an ecosystem of alliances to help paediatric patients with complex minority diseases during their entire care process (from beginning to end). Under the umbrella term Personalised Digital Care Plan funded by the Recovery, Transformation, and Resilience Plan as well as the Next Generation European funds, Catalonia leads the [&hellip;]<\/p>\n","protected":false},"author":21,"featured_media":0,"parent":25574,"menu_order":0,"comment_status":"closed","ping_status":"closed","template":"page-templates\/section--atencio-digital.php","meta":{"_acf_changed":false,"inline_featured_image":false,"footnotes":""},"tipus":[],"class_list":["post-31924","page","type-page","status-publish","hentry"],"acf":[],"yoast_head":"<!-- This site is optimized with the Yoast SEO plugin v27.1.1 - https:\/\/yoast.com\/product\/yoast-seo-wordpress\/ -->\n<title>\u00daNICAS - Fundaci\u00f3 TIC Salut i Social<\/title>\n<meta name=\"robots\" content=\"index, follow, max-snippet:-1, max-image-preview:large, max-video-preview:-1\" \/>\n<link rel=\"canonical\" href=\"https:\/\/ticsalutsocial.atoom.space\/en\/que-fem\/atencio-digital-personalitzada\/unicas\/\" \/>\n<meta property=\"og:locale\" content=\"en_US\" \/>\n<meta property=\"og:type\" content=\"article\" \/>\n<meta property=\"og:title\" content=\"\u00daNICAS - Fundaci\u00f3 TIC Salut i Social\" \/>\n<meta property=\"og:description\" content=\"The \u00daNICAS project was born to create an ecosystem of alliances to help paediatric patients with complex minority diseases during their entire care process (from beginning to end). Under the umbrella term Personalised Digital Care Plan funded by the Recovery, Transformation, and Resilience Plan as well as the Next Generation European funds, Catalonia leads the [&hellip;]\" \/>\n<meta property=\"og:url\" content=\"https:\/\/ticsalutsocial.atoom.space\/en\/que-fem\/atencio-digital-personalitzada\/unicas\/\" \/>\n<meta property=\"og:site_name\" content=\"Fundaci\u00f3 TIC Salut i Social\" \/>\n<meta property=\"article:modified_time\" content=\"2025-11-20T12:34:19+00:00\" \/>\n<meta property=\"og:image\" content=\"https:\/\/ticsalutsocial.atoom.space\/wp-content\/uploads\/2025\/05\/Unicas_ENG_v2-1-1024x576.png\" \/>\n<meta name=\"twitter:card\" content=\"summary_large_image\" \/>\n<meta name=\"twitter:label1\" content=\"Est. reading time\" \/>\n\t<meta name=\"twitter:data1\" content=\"4 minutes\" \/>\n<script type=\"application\/ld+json\" class=\"yoast-schema-graph\">{\"@context\":\"https:\/\/schema.org\",\"@graph\":[{\"@type\":\"WebPage\",\"@id\":\"https:\/\/ticsalutsocial.atoom.space\/en\/que-fem\/atencio-digital-personalitzada\/unicas\/\",\"url\":\"https:\/\/ticsalutsocial.atoom.space\/en\/que-fem\/atencio-digital-personalitzada\/unicas\/\",\"name\":\"\u00daNICAS - Fundaci\u00f3 TIC Salut i Social\",\"isPartOf\":{\"@id\":\"https:\/\/ticsalutsocial.atoom.space\/en\/#website\"},\"primaryImageOfPage\":{\"@id\":\"https:\/\/ticsalutsocial.atoom.space\/en\/que-fem\/atencio-digital-personalitzada\/unicas\/#primaryimage\"},\"image\":{\"@id\":\"https:\/\/ticsalutsocial.atoom.space\/en\/que-fem\/atencio-digital-personalitzada\/unicas\/#primaryimage\"},\"thumbnailUrl\":\"https:\/\/ticsalutsocial.atoom.space\/wp-content\/uploads\/2025\/05\/Unicas_ENG_v2-1-1024x576.png\",\"datePublished\":\"2025-02-25T09:09:28+00:00\",\"dateModified\":\"2025-11-20T12:34:19+00:00\",\"breadcrumb\":{\"@id\":\"https:\/\/ticsalutsocial.atoom.space\/en\/que-fem\/atencio-digital-personalitzada\/unicas\/#breadcrumb\"},\"inLanguage\":\"en-US\",\"potentialAction\":[{\"@type\":\"ReadAction\",\"target\":[\"https:\/\/ticsalutsocial.atoom.space\/en\/que-fem\/atencio-digital-personalitzada\/unicas\/\"]}]},{\"@type\":\"ImageObject\",\"inLanguage\":\"en-US\",\"@id\":\"https:\/\/ticsalutsocial.atoom.space\/en\/que-fem\/atencio-digital-personalitzada\/unicas\/#primaryimage\",\"url\":\"https:\/\/ticsalutsocial.atoom.space\/wp-content\/uploads\/2025\/05\/Unicas_ENG_v2-1-1024x576.png\",\"contentUrl\":\"https:\/\/ticsalutsocial.atoom.space\/wp-content\/uploads\/2025\/05\/Unicas_ENG_v2-1-1024x576.png\"},{\"@type\":\"BreadcrumbList\",\"@id\":\"https:\/\/ticsalutsocial.atoom.space\/en\/que-fem\/atencio-digital-personalitzada\/unicas\/#breadcrumb\",\"itemListElement\":[{\"@type\":\"ListItem\",\"position\":1,\"name\":\"Inici\",\"item\":\"https:\/\/ticsalutsocial.atoom.space\/en\/\"},{\"@type\":\"ListItem\",\"position\":2,\"name\":\"Que Fem\",\"item\":\"https:\/\/ticsalutsocial.atoom.space\/en\/que-fem\/\"},{\"@type\":\"ListItem\",\"position\":3,\"name\":\"Personalized digital attention\",\"item\":\"https:\/\/ticsalutsocial.atoom.space\/en\/que-fem\/atencio-digital-personalitzada\/\"},{\"@type\":\"ListItem\",\"position\":4,\"name\":\"\u00daNICAS\"}]},{\"@type\":\"WebSite\",\"@id\":\"https:\/\/ticsalutsocial.atoom.space\/en\/#website\",\"url\":\"https:\/\/ticsalutsocial.atoom.space\/en\/\",\"name\":\"Fundaci\u00f3 TIC Salut i Social\",\"description\":\"\",\"potentialAction\":[{\"@type\":\"SearchAction\",\"target\":{\"@type\":\"EntryPoint\",\"urlTemplate\":\"https:\/\/ticsalutsocial.atoom.space\/en\/?s={search_term_string}\"},\"query-input\":{\"@type\":\"PropertyValueSpecification\",\"valueRequired\":true,\"valueName\":\"search_term_string\"}}],\"inLanguage\":\"en-US\"}]}<\/script>\n<!-- \/ Yoast SEO plugin. -->","yoast_head_json":{"title":"\u00daNICAS - Fundaci\u00f3 TIC Salut i Social","robots":{"index":"index","follow":"follow","max-snippet":"max-snippet:-1","max-image-preview":"max-image-preview:large","max-video-preview":"max-video-preview:-1"},"canonical":"https:\/\/ticsalutsocial.atoom.space\/en\/que-fem\/atencio-digital-personalitzada\/unicas\/","og_locale":"en_US","og_type":"article","og_title":"\u00daNICAS - Fundaci\u00f3 TIC Salut i Social","og_description":"The \u00daNICAS project was born to create an ecosystem of alliances to help paediatric patients with complex minority diseases during their entire care process (from beginning to end). Under the umbrella term Personalised Digital Care Plan funded by the Recovery, Transformation, and Resilience Plan as well as the Next Generation European funds, Catalonia leads the [&hellip;]","og_url":"https:\/\/ticsalutsocial.atoom.space\/en\/que-fem\/atencio-digital-personalitzada\/unicas\/","og_site_name":"Fundaci\u00f3 TIC Salut i Social","article_modified_time":"2025-11-20T12:34:19+00:00","og_image":[{"url":"https:\/\/ticsalutsocial.atoom.space\/wp-content\/uploads\/2025\/05\/Unicas_ENG_v2-1-1024x576.png","type":"","width":"","height":""}],"twitter_card":"summary_large_image","twitter_misc":{"Est. reading time":"4 minutes"},"schema":{"@context":"https:\/\/schema.org","@graph":[{"@type":"WebPage","@id":"https:\/\/ticsalutsocial.atoom.space\/en\/que-fem\/atencio-digital-personalitzada\/unicas\/","url":"https:\/\/ticsalutsocial.atoom.space\/en\/que-fem\/atencio-digital-personalitzada\/unicas\/","name":"\u00daNICAS - Fundaci\u00f3 TIC Salut i Social","isPartOf":{"@id":"https:\/\/ticsalutsocial.atoom.space\/en\/#website"},"primaryImageOfPage":{"@id":"https:\/\/ticsalutsocial.atoom.space\/en\/que-fem\/atencio-digital-personalitzada\/unicas\/#primaryimage"},"image":{"@id":"https:\/\/ticsalutsocial.atoom.space\/en\/que-fem\/atencio-digital-personalitzada\/unicas\/#primaryimage"},"thumbnailUrl":"https:\/\/ticsalutsocial.atoom.space\/wp-content\/uploads\/2025\/05\/Unicas_ENG_v2-1-1024x576.png","datePublished":"2025-02-25T09:09:28+00:00","dateModified":"2025-11-20T12:34:19+00:00","breadcrumb":{"@id":"https:\/\/ticsalutsocial.atoom.space\/en\/que-fem\/atencio-digital-personalitzada\/unicas\/#breadcrumb"},"inLanguage":"en-US","potentialAction":[{"@type":"ReadAction","target":["https:\/\/ticsalutsocial.atoom.space\/en\/que-fem\/atencio-digital-personalitzada\/unicas\/"]}]},{"@type":"ImageObject","inLanguage":"en-US","@id":"https:\/\/ticsalutsocial.atoom.space\/en\/que-fem\/atencio-digital-personalitzada\/unicas\/#primaryimage","url":"https:\/\/ticsalutsocial.atoom.space\/wp-content\/uploads\/2025\/05\/Unicas_ENG_v2-1-1024x576.png","contentUrl":"https:\/\/ticsalutsocial.atoom.space\/wp-content\/uploads\/2025\/05\/Unicas_ENG_v2-1-1024x576.png"},{"@type":"BreadcrumbList","@id":"https:\/\/ticsalutsocial.atoom.space\/en\/que-fem\/atencio-digital-personalitzada\/unicas\/#breadcrumb","itemListElement":[{"@type":"ListItem","position":1,"name":"Inici","item":"https:\/\/ticsalutsocial.atoom.space\/en\/"},{"@type":"ListItem","position":2,"name":"Que Fem","item":"https:\/\/ticsalutsocial.atoom.space\/en\/que-fem\/"},{"@type":"ListItem","position":3,"name":"Personalized digital attention","item":"https:\/\/ticsalutsocial.atoom.space\/en\/que-fem\/atencio-digital-personalitzada\/"},{"@type":"ListItem","position":4,"name":"\u00daNICAS"}]},{"@type":"WebSite","@id":"https:\/\/ticsalutsocial.atoom.space\/en\/#website","url":"https:\/\/ticsalutsocial.atoom.space\/en\/","name":"Fundaci\u00f3 TIC Salut i Social","description":"","potentialAction":[{"@type":"SearchAction","target":{"@type":"EntryPoint","urlTemplate":"https:\/\/ticsalutsocial.atoom.space\/en\/?s={search_term_string}"},"query-input":{"@type":"PropertyValueSpecification","valueRequired":true,"valueName":"search_term_string"}}],"inLanguage":"en-US"}]}},"_links":{"self":[{"href":"https:\/\/ticsalutsocial.atoom.space\/en\/wp-json\/wp\/v2\/pages\/31924","targetHints":{"allow":["GET"]}}],"collection":[{"href":"https:\/\/ticsalutsocial.atoom.space\/en\/wp-json\/wp\/v2\/pages"}],"about":[{"href":"https:\/\/ticsalutsocial.atoom.space\/en\/wp-json\/wp\/v2\/types\/page"}],"author":[{"embeddable":true,"href":"https:\/\/ticsalutsocial.atoom.space\/en\/wp-json\/wp\/v2\/users\/21"}],"replies":[{"embeddable":true,"href":"https:\/\/ticsalutsocial.atoom.space\/en\/wp-json\/wp\/v2\/comments?post=31924"}],"version-history":[{"count":6,"href":"https:\/\/ticsalutsocial.atoom.space\/en\/wp-json\/wp\/v2\/pages\/31924\/revisions"}],"predecessor-version":[{"id":34635,"href":"https:\/\/ticsalutsocial.atoom.space\/en\/wp-json\/wp\/v2\/pages\/31924\/revisions\/34635"}],"up":[{"embeddable":true,"href":"https:\/\/ticsalutsocial.atoom.space\/en\/wp-json\/wp\/v2\/pages\/25574"}],"wp:attachment":[{"href":"https:\/\/ticsalutsocial.atoom.space\/en\/wp-json\/wp\/v2\/media?parent=31924"}],"wp:term":[{"taxonomy":"tipus","embeddable":true,"href":"https:\/\/ticsalutsocial.atoom.space\/en\/wp-json\/wp\/v2\/tipus?post=31924"}],"curies":[{"name":"wp","href":"https:\/\/api.w.org\/{rel}","templated":true}]}}