
{"id":31971,"date":"2025-02-25T12:40:36","date_gmt":"2025-02-25T10:40:36","guid":{"rendered":"https:\/\/ticsalutsocial.atoom.space\/que-fem\/interoperabilitat-and-standards\/introduction\/"},"modified":"2025-11-26T12:07:02","modified_gmt":"2025-11-26T10:07:02","slug":"introduction","status":"publish","type":"page","link":"https:\/\/ticsalutsocial.atoom.space\/en\/que-fem\/interoperabilitat-and-standards\/introduction\/","title":{"rendered":"Interoperability"},"content":{"rendered":"\r\n<p>Interoperability is the ability to share information between systems or devices without losing meaning.<\/p>\r\n\r\n\r\n\r\n<p>It guarantees access to information independently of place of recording and favours reuse by minimising blind spots and ensuring continued care.<\/p>\r\n\r\n\r\n\r\n<p>The TIC Salut Social Foundation supports the Catalan Healthcare System and Social Services to promote the use of international reference standards, such as HL7 FHIR, SNOMED CT, LOINC, IHE, DICOM, and OpenEHR amongst others.<\/p>\r\n\r\n\r\n\r\n<p>Through different projects we provide the whole community with clear, truthful, and useful technical reference information.<\/p>\r\n\r\n\r\n\r\n<h2 class=\"wp-block-heading\"><strong>Services<\/strong><\/h2>\r\n\r\n\r\n\r\n<h3 class=\"wp-block-heading\"><strong>SNOMED CT National Reference Center<\/strong><\/h3>\r\n\r\n\r\n\r\n<p><span dir=\"auto\"><span class=\"\" dir=\"auto\">SNOMED CT is a\u00a0\u00a0<\/span><\/span><strong><span dir=\"auto\"><span class=\"\" dir=\"auto\">standard specifically designed for the exchange of electronic health information and for recording and sharing clinical data.<\/span><\/span><\/strong><\/p>\r\n<p><span dir=\"auto\"><span class=\"\" dir=\"auto\">The Catalan extension allows the translation of SNOMED CT concepts into Catalan, offers a fast way to obtain new concepts, and makes it possible to create others that only make sense within the scope of the territory. It also contains almost sixty subsets used in a wide range of areas of the Catalan Health System. This regional version is aligned with the extension of the Ministry of Health for the SNS (National Health System), as well as with international ones.<\/span><\/span><\/p>\r\n<p><span dir=\"auto\"><span class=\"\" dir=\"auto\">The download area for the Catalan extension of SNOMED CT is the web environment where you can access as a user to\u00a0\u00a0<\/span><\/span><strong><span dir=\"auto\"><span class=\"\" dir=\"auto\">download the different versions of the Catalan extension of SNOMED CT.<\/span><\/span><\/strong><\/p>\r\n\r\n\r\n\r\n<p class=\"ticsalut-btn\"><a href=\"https:\/\/catsalut.gencat.cat\/ca\/proveidors-professionals\/registres-catalegs\/catalegs\/area-descarregues-extensio-catalana-snomed\/index.html#googtrans(ca|en)\" target=\"_blank\" rel=\"noreferrer noopener\">Learn more or request the SNOMED CT Catalan Extension<\/a><\/p>\r\n\r\n\r\n\r\n<h3 class=\"wp-block-heading\"><strong>Unique Object Identifiers [OIDs] National Reference Center<\/strong><\/h3>\r\n\r\n\r\n\r\n<p><span dir=\"auto\">A unique object identifier (OID) is a globally unique value that uniquely identifies an object, without ambiguity. An OID is represented by a character string consisting of numbers and dots.<\/span><\/p>\r\n<p><span dir=\"auto\">There is a large and standardized set of international and national OIDs. For semantic interoperability between different information systems, each healthcare organization must have a standardized OID root.<\/span><\/p>\r\n\r\n\r\n\r\n<p class=\"ticsalut-btn\"><a href=\"https:\/\/catsalut.gencat.cat\/ca\/proveidors-professionals\/registres-catalegs\/registres\/identificadors-unics-objectes-oid\/index.html#googtrans(ca|en)\" target=\"_blank\" rel=\"noreferrer noopener\">Learn more or request OIDs catalogue<\/a><\/p>\r\n\r\n\r\n\r\n<h3 class=\"wp-block-heading\"><strong>Catalan Health Service catalogs<\/strong><\/h3>\r\n\r\n\r\n\r\n<p class=\"p1\">The Catalogs and Terminologies Area of CatSalut\u2019s data axis, as the National Reference Center for OIDs for the Health Department of Catalonia, is the body responsible for maintaining, managing, and publishing the OIDs of the Department of Health.<\/p>\r\n\r\n\r\n\r\n<p class=\"ticsalut-btn\"><a href=\"https:\/\/catsalut.gencat.cat\/ca\/proveidors-professionals\/registres-catalegs\/index.html#googtrans(ca|en)\" target=\"_blank\" rel=\"noreferrer noopener\">Learn more about the catalogs<\/a><\/p>\r\n\r\n\r\n\r\n<h3 class=\"wp-block-heading\"><strong>OFSTI wiki<\/strong><\/h3>\r\n\r\n\r\n\r\n<p>The Area of Interoperability and Technologies of the TIC Salut Social Foundation provides and updates the content of this wiki in order to provide knowledge about interoperability, standards, and catalogues in the health industry.<\/p>\r\n\r\n\r\n\r\n<p class=\"ticsalut-btn\"><a href=\"http:\/\/ofsti.ticsalutsocial.cat\/wiki\/doku.php?id=ca:start\" target=\"_blank\" rel=\"noreferrer noopener\">Access to wiki<\/a><\/p>\r\n\r\n\r\n\r\n<h2 class=\"wp-block-heading\">Featured news<\/h2>\r\n\r\n\r\n\n<style>\n    .relnews--list .relnews--list-wrapper {\n        display: flex;\n        gap: 2em;\n    }\n    .relnews--list .relnews--news {\n        width: calc(33.33% - 1em);\n    }\n    .relnews--list .relnews--img img {\n        width: 100%;\n        height: 200px;\n        object-fit: cover;\n        border-radius: 3px;\n    }\n    .relnews--list .relnews--title {\n        font-family: 'HelveticaNowDisplay-Regular';\n        font-size: 20px;\n        line-height: 28px;\n        color: #231f20;\n    }\n    .relnews--list .relnews--news:hover .relnews--title {\n        font-weight: bold;\n    }\n    @media (max-width: 782px) {\n        .relnews--list .relnews--list-wrapper {\n            flex-direction: column;\n        }\n        .relnews--list .relnews--news {\n            width: 100%;\n        }\n    }\n<\/style>\n\n<div class=\"relnews--list\">\n    <div class=\"relnews--list-wrapper\">\n                    <div class=\"relnews--news\">\n                <div class=\"relnews--news-wrapper\">\n                    <a href=\"https:\/\/ticsalutsocial.atoom.space\/en\/noticia\/el-servei-catala-de-la-salut-publica-lactualitzacio-de-lextensio-catalana-de-snomed-ct-2025\/\">\n                        <div class=\"relnews--img\">\n                            <img loading=\"lazy\" decoding=\"async\" width=\"8067\" height=\"5378\" src=\"https:\/\/ticsalutsocial.atoom.space\/wp-content\/uploads\/2025\/11\/iStock-1609167891.jpg\" class=\"attachment-post-thumbnail size-post-thumbnail wp-post-image\" alt=\"El Servei Catal\u00e0 de la Salut publica l&#039;actualitzaci\u00f3 de l&#039;extensi\u00f3 catalana de SNOMED CT 2025\" srcset=\"https:\/\/ticsalutsocial.atoom.space\/wp-content\/uploads\/2025\/11\/iStock-1609167891.jpg 8067w, https:\/\/ticsalutsocial.atoom.space\/wp-content\/uploads\/2025\/11\/iStock-1609167891-300x200.jpg 300w, https:\/\/ticsalutsocial.atoom.space\/wp-content\/uploads\/2025\/11\/iStock-1609167891-1024x683.jpg 1024w, https:\/\/ticsalutsocial.atoom.space\/wp-content\/uploads\/2025\/11\/iStock-1609167891-768x512.jpg 768w, https:\/\/ticsalutsocial.atoom.space\/wp-content\/uploads\/2025\/11\/iStock-1609167891-1536x1024.jpg 1536w\" sizes=\"auto, (max-width: 8067px) 100vw, 8067px\" \/>                        <\/div>\n                        <div class=\"relnews--content\">\n                            <p><span class=\"relnews--title\">The Catalan Health Service publishes the update of the Catalan extension of SNOMED CT 2025<\/span><\/p>\n                        <\/div>\n                    <\/a>\n                <\/div>\n            <\/div>\n                    <div class=\"relnews--news\">\n                <div class=\"relnews--news-wrapper\">\n                    <a href=\"https:\/\/ticsalutsocial.atoom.space\/en\/noticia\/el-projecte-xshare-impulsa-un-segell-industrial-com-a-garantia-de-proteccio-de-dades-i-dinteroperabilitat-a-europa\/\">\n                        <div class=\"relnews--img\">\n                            <img loading=\"lazy\" decoding=\"async\" width=\"1208\" height=\"868\" src=\"https:\/\/ticsalutsocial.atoom.space\/wp-content\/uploads\/2025\/07\/iStock-1065623534.jpg\" class=\"attachment-post-thumbnail size-post-thumbnail wp-post-image\" alt=\"El projecte xShare impulsa un segell industrial com a garantia de protecci\u00f3 de dades i d\u2019interoperabilitat a Europa\" srcset=\"https:\/\/ticsalutsocial.atoom.space\/wp-content\/uploads\/2025\/07\/iStock-1065623534.jpg 1208w, https:\/\/ticsalutsocial.atoom.space\/wp-content\/uploads\/2025\/07\/iStock-1065623534-300x216.jpg 300w, https:\/\/ticsalutsocial.atoom.space\/wp-content\/uploads\/2025\/07\/iStock-1065623534-1024x736.jpg 1024w, https:\/\/ticsalutsocial.atoom.space\/wp-content\/uploads\/2025\/07\/iStock-1065623534-768x552.jpg 768w\" sizes=\"auto, (max-width: 1208px) 100vw, 1208px\" \/>                        <\/div>\n                        <div class=\"relnews--content\">\n                            <p><span class=\"relnews--title\">The xShare project promotes an industrial label as a guarantee of data protection and interoperability across Europe<\/span><\/p>\n                        <\/div>\n                    <\/a>\n                <\/div>\n            <\/div>\n                    <div class=\"relnews--news\">\n                <div class=\"relnews--news-wrapper\">\n                    <a href=\"https:\/\/ticsalutsocial.atoom.space\/en\/noticia\/la-fundacio-tic-salut-social-publica-lactualitzacio-de-lextensio-catalana-de-snomed-ct-2024\/\">\n                        <div class=\"relnews--img\">\n                            <img loading=\"lazy\" decoding=\"async\" width=\"1222\" height=\"960\" src=\"https:\/\/ticsalutsocial.atoom.space\/wp-content\/uploads\/2024\/11\/Sin-titulo-1.png\" class=\"attachment-post-thumbnail size-post-thumbnail wp-post-image\" alt=\"La Fundaci\u00f3 TIC Salut Social publica l&#039;actualitzaci\u00f3 de l&#039;Extensi\u00f3 Catalana de SNOMED CT 2024\" srcset=\"https:\/\/ticsalutsocial.atoom.space\/wp-content\/uploads\/2024\/11\/Sin-titulo-1.png 1222w, https:\/\/ticsalutsocial.atoom.space\/wp-content\/uploads\/2024\/11\/Sin-titulo-1-300x236.png 300w, https:\/\/ticsalutsocial.atoom.space\/wp-content\/uploads\/2024\/11\/Sin-titulo-1-1024x804.png 1024w, https:\/\/ticsalutsocial.atoom.space\/wp-content\/uploads\/2024\/11\/Sin-titulo-1-768x603.png 768w\" sizes=\"auto, (max-width: 1222px) 100vw, 1222px\" \/>                        <\/div>\n                        <div class=\"relnews--content\">\n                            <p><span class=\"relnews--title\">The TIC Salut Social Foundation publishes the update of the Catalan Extension of SNOMED CT 2024<\/span><\/p>\n                        <\/div>\n                    <\/a>\n                <\/div>\n            <\/div>\n            <\/div>\n<\/div>\n","protected":false},"excerpt":{"rendered":"<p>Interoperability is the ability to share information between systems or devices without losing meaning. It guarantees access to information independently of place of recording and favours reuse by minimising blind spots and ensuring continued care. The TIC Salut Social Foundation supports the Catalan Healthcare System and Social Services to promote the use of international reference [&hellip;]<\/p>\n","protected":false},"author":21,"featured_media":0,"parent":14570,"menu_order":0,"comment_status":"closed","ping_status":"closed","template":"page-templates\/section--interoperabilitat.php","meta":{"_acf_changed":false,"inline_featured_image":false,"footnotes":""},"tipus":[],"class_list":["post-31971","page","type-page","status-publish","hentry"],"acf":[],"yoast_head":"<!-- This site is optimized with the Yoast SEO plugin v27.1.1 - https:\/\/yoast.com\/product\/yoast-seo-wordpress\/ -->\n<title>Interoperability - Fundaci\u00f3 TIC Salut i Social<\/title>\n<meta name=\"robots\" content=\"index, follow, max-snippet:-1, max-image-preview:large, max-video-preview:-1\" \/>\n<link rel=\"canonical\" href=\"https:\/\/ticsalutsocial.atoom.space\/en\/que-fem\/interoperabilitat-and-standards\/introduction\/\" \/>\n<meta property=\"og:locale\" content=\"en_US\" \/>\n<meta property=\"og:type\" content=\"article\" \/>\n<meta property=\"og:title\" content=\"Interoperability - Fundaci\u00f3 TIC Salut i Social\" \/>\n<meta property=\"og:description\" content=\"Interoperability is the ability to share information between systems or devices without losing meaning. It guarantees access to information independently of place of recording and favours reuse by minimising blind spots and ensuring continued care. The TIC Salut Social Foundation supports the Catalan Healthcare System and Social Services to promote the use of international reference [&hellip;]\" \/>\n<meta property=\"og:url\" content=\"https:\/\/ticsalutsocial.atoom.space\/en\/que-fem\/interoperabilitat-and-standards\/introduction\/\" \/>\n<meta property=\"og:site_name\" content=\"Fundaci\u00f3 TIC Salut i Social\" \/>\n<meta property=\"article:modified_time\" content=\"2025-11-26T10:07:02+00:00\" \/>\n<meta name=\"twitter:card\" content=\"summary_large_image\" \/>\n<meta name=\"twitter:label1\" content=\"Est. reading time\" \/>\n\t<meta name=\"twitter:data1\" content=\"3 minutes\" \/>\n<script type=\"application\/ld+json\" class=\"yoast-schema-graph\">{\"@context\":\"https:\/\/schema.org\",\"@graph\":[{\"@type\":\"WebPage\",\"@id\":\"https:\/\/ticsalutsocial.atoom.space\/en\/que-fem\/interoperabilitat-and-standards\/introduction\/\",\"url\":\"https:\/\/ticsalutsocial.atoom.space\/en\/que-fem\/interoperabilitat-and-standards\/introduction\/\",\"name\":\"Interoperability - Fundaci\u00f3 TIC Salut i Social\",\"isPartOf\":{\"@id\":\"https:\/\/ticsalutsocial.atoom.space\/en\/#website\"},\"datePublished\":\"2025-02-25T10:40:36+00:00\",\"dateModified\":\"2025-11-26T10:07:02+00:00\",\"breadcrumb\":{\"@id\":\"https:\/\/ticsalutsocial.atoom.space\/en\/que-fem\/interoperabilitat-and-standards\/introduction\/#breadcrumb\"},\"inLanguage\":\"en-US\",\"potentialAction\":[{\"@type\":\"ReadAction\",\"target\":[\"https:\/\/ticsalutsocial.atoom.space\/en\/que-fem\/interoperabilitat-and-standards\/introduction\/\"]}]},{\"@type\":\"BreadcrumbList\",\"@id\":\"https:\/\/ticsalutsocial.atoom.space\/en\/que-fem\/interoperabilitat-and-standards\/introduction\/#breadcrumb\",\"itemListElement\":[{\"@type\":\"ListItem\",\"position\":1,\"name\":\"Inici\",\"item\":\"https:\/\/ticsalutsocial.atoom.space\/en\/\"},{\"@type\":\"ListItem\",\"position\":2,\"name\":\"Que Fem\",\"item\":\"https:\/\/ticsalutsocial.atoom.space\/en\/que-fem\/\"},{\"@type\":\"ListItem\",\"position\":3,\"name\":\"Interoperability\",\"item\":\"https:\/\/ticsalutsocial.atoom.space\/en\/que-fem\/interoperabilitat-and-standards\/\"},{\"@type\":\"ListItem\",\"position\":4,\"name\":\"Interoperability\"}]},{\"@type\":\"WebSite\",\"@id\":\"https:\/\/ticsalutsocial.atoom.space\/en\/#website\",\"url\":\"https:\/\/ticsalutsocial.atoom.space\/en\/\",\"name\":\"Fundaci\u00f3 TIC Salut i Social\",\"description\":\"\",\"potentialAction\":[{\"@type\":\"SearchAction\",\"target\":{\"@type\":\"EntryPoint\",\"urlTemplate\":\"https:\/\/ticsalutsocial.atoom.space\/en\/?s={search_term_string}\"},\"query-input\":{\"@type\":\"PropertyValueSpecification\",\"valueRequired\":true,\"valueName\":\"search_term_string\"}}],\"inLanguage\":\"en-US\"}]}<\/script>\n<!-- \/ Yoast SEO plugin. -->","yoast_head_json":{"title":"Interoperability - Fundaci\u00f3 TIC Salut i Social","robots":{"index":"index","follow":"follow","max-snippet":"max-snippet:-1","max-image-preview":"max-image-preview:large","max-video-preview":"max-video-preview:-1"},"canonical":"https:\/\/ticsalutsocial.atoom.space\/en\/que-fem\/interoperabilitat-and-standards\/introduction\/","og_locale":"en_US","og_type":"article","og_title":"Interoperability - Fundaci\u00f3 TIC Salut i Social","og_description":"Interoperability is the ability to share information between systems or devices without losing meaning. It guarantees access to information independently of place of recording and favours reuse by minimising blind spots and ensuring continued care. The TIC Salut Social Foundation supports the Catalan Healthcare System and Social Services to promote the use of international reference [&hellip;]","og_url":"https:\/\/ticsalutsocial.atoom.space\/en\/que-fem\/interoperabilitat-and-standards\/introduction\/","og_site_name":"Fundaci\u00f3 TIC Salut i Social","article_modified_time":"2025-11-26T10:07:02+00:00","twitter_card":"summary_large_image","twitter_misc":{"Est. reading time":"3 minutes"},"schema":{"@context":"https:\/\/schema.org","@graph":[{"@type":"WebPage","@id":"https:\/\/ticsalutsocial.atoom.space\/en\/que-fem\/interoperabilitat-and-standards\/introduction\/","url":"https:\/\/ticsalutsocial.atoom.space\/en\/que-fem\/interoperabilitat-and-standards\/introduction\/","name":"Interoperability - Fundaci\u00f3 TIC Salut i Social","isPartOf":{"@id":"https:\/\/ticsalutsocial.atoom.space\/en\/#website"},"datePublished":"2025-02-25T10:40:36+00:00","dateModified":"2025-11-26T10:07:02+00:00","breadcrumb":{"@id":"https:\/\/ticsalutsocial.atoom.space\/en\/que-fem\/interoperabilitat-and-standards\/introduction\/#breadcrumb"},"inLanguage":"en-US","potentialAction":[{"@type":"ReadAction","target":["https:\/\/ticsalutsocial.atoom.space\/en\/que-fem\/interoperabilitat-and-standards\/introduction\/"]}]},{"@type":"BreadcrumbList","@id":"https:\/\/ticsalutsocial.atoom.space\/en\/que-fem\/interoperabilitat-and-standards\/introduction\/#breadcrumb","itemListElement":[{"@type":"ListItem","position":1,"name":"Inici","item":"https:\/\/ticsalutsocial.atoom.space\/en\/"},{"@type":"ListItem","position":2,"name":"Que Fem","item":"https:\/\/ticsalutsocial.atoom.space\/en\/que-fem\/"},{"@type":"ListItem","position":3,"name":"Interoperability","item":"https:\/\/ticsalutsocial.atoom.space\/en\/que-fem\/interoperabilitat-and-standards\/"},{"@type":"ListItem","position":4,"name":"Interoperability"}]},{"@type":"WebSite","@id":"https:\/\/ticsalutsocial.atoom.space\/en\/#website","url":"https:\/\/ticsalutsocial.atoom.space\/en\/","name":"Fundaci\u00f3 TIC Salut i Social","description":"","potentialAction":[{"@type":"SearchAction","target":{"@type":"EntryPoint","urlTemplate":"https:\/\/ticsalutsocial.atoom.space\/en\/?s={search_term_string}"},"query-input":{"@type":"PropertyValueSpecification","valueRequired":true,"valueName":"search_term_string"}}],"inLanguage":"en-US"}]}},"_links":{"self":[{"href":"https:\/\/ticsalutsocial.atoom.space\/en\/wp-json\/wp\/v2\/pages\/31971","targetHints":{"allow":["GET"]}}],"collection":[{"href":"https:\/\/ticsalutsocial.atoom.space\/en\/wp-json\/wp\/v2\/pages"}],"about":[{"href":"https:\/\/ticsalutsocial.atoom.space\/en\/wp-json\/wp\/v2\/types\/page"}],"author":[{"embeddable":true,"href":"https:\/\/ticsalutsocial.atoom.space\/en\/wp-json\/wp\/v2\/users\/21"}],"replies":[{"embeddable":true,"href":"https:\/\/ticsalutsocial.atoom.space\/en\/wp-json\/wp\/v2\/comments?post=31971"}],"version-history":[{"count":7,"href":"https:\/\/ticsalutsocial.atoom.space\/en\/wp-json\/wp\/v2\/pages\/31971\/revisions"}],"predecessor-version":[{"id":34721,"href":"https:\/\/ticsalutsocial.atoom.space\/en\/wp-json\/wp\/v2\/pages\/31971\/revisions\/34721"}],"up":[{"embeddable":true,"href":"https:\/\/ticsalutsocial.atoom.space\/en\/wp-json\/wp\/v2\/pages\/14570"}],"wp:attachment":[{"href":"https:\/\/ticsalutsocial.atoom.space\/en\/wp-json\/wp\/v2\/media?parent=31971"}],"wp:term":[{"taxonomy":"tipus","embeddable":true,"href":"https:\/\/ticsalutsocial.atoom.space\/en\/wp-json\/wp\/v2\/tipus?post=31971"}],"curies":[{"name":"wp","href":"https:\/\/api.w.org\/{rel}","templated":true}]}}