
{"id":7842,"date":"2021-06-15T17:39:32","date_gmt":"2021-06-15T15:39:32","guid":{"rendered":"https:\/\/ticsalutsocial.atoom.space\/qui-som\/"},"modified":"2025-10-01T11:12:42","modified_gmt":"2025-10-01T09:12:42","slug":"qui-som","status":"publish","type":"page","link":"https:\/\/ticsalutsocial.atoom.space\/en\/qui-som\/","title":{"rendered":"About us"},"content":{"rendered":"","protected":false},"excerpt":{"rendered":"","protected":false},"author":21,"featured_media":0,"parent":0,"menu_order":0,"comment_status":"closed","ping_status":"closed","template":"page-templates\/qui_som.php","meta":{"_acf_changed":false,"inline_featured_image":false,"footnotes":""},"tipus":[],"class_list":["post-7842","page","type-page","status-publish","hentry"],"acf":{"impuls":{"ancora_seccio":"impulsant","titol":"About the foundation","texte_sup":"<p>We are a Catalan Government body that works to promote the digital transformation of care services through ICT.<\/p>\n<p>We encourage networking in the fields of health and social welfare.<\/p>\n<p>We are an observatory of new trends, innovation and emerging initiatives.<\/p>\n<p>We offer product standardisation and certification services.<\/p>\n","llistat":[{"es_imatge":true,"imatge":555,"texte":""},{"es_imatge":false,"imatge":false,"texte":"Health"},{"es_imatge":false,"imatge":false,"texte":"Social care"},{"es_imatge":false,"imatge":false,"texte":"ICT"}],"texte_inf":"<p>The implementation of ICT in our sector is now unstoppable and is seen as one of the most transformative and integrating aspects of the health and social welfare of the future. The fact that health care in Catalonia covers 100% of citizens within the framework of a universal public system (with the involvement of a wide range of agents, supplier organisations and subsidiary industries) puts health and social welfare in an excellent position to act as innovators and economic energisers in the new technologies sector.<\/p>\n<p>The challenge for the coming years is to work together to develop integrating policies maintained over time with our sectors.<\/p>\n"},"treballem":{"titol_icon_list":"Action areas","icon_list":[{"icona":24160,"titol":"Digital assets"},{"icona":13004,"titol":"Social area"},{"icona":24165,"titol":"Personalized digital service"},{"icona":24168,"titol":"Digital skills"},{"icona":24171,"titol":"Health DPO "},{"icona":24174,"titol":"Artificial intelligence"}],"titol_text_list":"We promote our work in 4 main activity areas:","list_sublist":[{"titol":"Citizenship","subllista":[{"texte":"Providing non-face-to-face alternatives. "},{"texte":"Assisting personal autonomy. "},{"texte":"Improving the person\u2019s experience."}]},{"titol":"System","subllista":[{"texte":"Increasing responsiveness. "},{"texte":"Contributing to the sustainability and fairness of the system."}]},{"titol":"Information","subllista":[{"texte":"Making more information available. "},{"texte":"Extracting more value from data."},{"texte":"Sharing health and social information.<br \/>\r\n"}]},{"titol":"ICT","subllista":[{"texte":"Increasing the return on innovation."}]}],"titol_llistat_numeric":"Work areas","numeric_list":[{"texte":"Defining models of reference for digital transformation"},{"texte":"Applying AI in health and social welfare"},{"texte":"Energising relationships and collaborations"},{"texte":"Preparing and training professionals"},{"texte":"Collaborating on the deployment of ICT strategies"},{"texte":"Consolidating the interoperability of the system"},{"texte":"Ensuring compliance with the GDPR in the field of health"},{"texte":"Producing studies and sectoral reports"}]},"patronat":{"ancora_seccio":"patronat","titol":"Board of Trustees","patronats":[{"nom":"Hble. Ms. Olga Pan\u00e9","carrec":"President","departament":"Hble. Ms. M\u00f2nica Martinez Bravo","logotip":false},{"nom":"Department of Social Rights and Inclusion","carrec":"Vicepresident","departament":"Department of Social Rights","logotip":false},{"nom":"Ms. Laura Seijo Elvira","carrec":"Vocal","departament":"Council of Matar\u00f3","logotip":false},{"nom":"Mr. Pol Perez Sust","carrec":"Vocal","departament":"Department of Health","logotip":false},{"nom":"Mr. Ramon Maspons","carrec":"Vocal","departament":"Department of Health","logotip":false},{"nom":"Mr. Albert Tort","carrec":"Vocal","departament":"Department of Presidency","logotip":false},{"nom":"Ms. Maria Galindo Garc\u00eda-Delagado","carrec":"Vocal","departament":"Department of Business and Labour","logotip":false},{"nom":"Ms. Sandra Ruiz Peralta","carrec":"Vocal","departament":"Department of Business and Labour","logotip":false},{"nom":"Ms. Elisenda Serra Masip","carrec":"Vocal","departament":"Catalan Health Service","logotip":false},{"nom":"Mr. Miquel Arrufat Vila","carrec":"Vocal","departament":"Catalan Health Institute","logotip":false},{"nom":"Mr. Francesc Jos\u00e9 Maria Sanchez","carrec":"Vocal","departament":"Catalan Health and Social care Consortium","logotip":false},{"nom":"Ms. Roser Fern\u00e1ndez","carrec":"Vocal","departament":"La Uni\u00f3, Health and Social care Catalan Association","logotip":false},{"nom":"Ms. Anna Zarzosa G\u00fcell","carrec":"Vocal","departament":"ACES","logotip":false},{"nom":"Mr. Ra\u00fal Moreno Monta\u00f1a","carrec":"Vocal","departament":"Departament of Social Rights and Inclusion","logotip":false},{"nom":"Ms. Cinta Pasqual","carrec":"Vocal","departament":"President of ACRA","logotip":false},{"nom":"Mr. Carolina Homar Cruz","carrec":"Vocal","departament":"Department of Social Rights and Inclusion","logotip":false},{"nom":"Mr. Xavier Trabado","carrec":"Vocal","departament":"Social Care Entities of Catalonia","logotip":false}]},"lateral":[{"titol":"Mission","contingut":"<p>To assist in the digital transformation of care models through technology.<\/p>\n"},{"titol":"Vision","contingut":"<p>To be leaders in applied technological innovation as an instrument to transform health and social welfare.<\/p>\n"},{"titol":"Values","contingut":"<ul>\n<li>Sharing<\/li>\n<li>Transparency<\/li>\n<li>Collaboration<\/li>\n<\/ul>\n<ul>\n<li>Sustainability<\/li>\n<li>Innovation<\/li>\n<li>Equity<\/li>\n<\/ul>\n"}],"const":{"titol":"Incorporation","contingut":"<p>Based on a proposal by the Department of Health, in the session dated 19 September 2006 the Catalan Government authorised the creation of the TIC and Health Centre Foundation. On 9 October that year, it was established in Matar\u00f3 as part of the TecnoCampus Matar\u00f3-Maresme technology park. On 25 November, the foundation moved its headquarters to the Edifici Salvany building at Carrer Roc Boronat, 81 \u2013 95, Barcelona with the aim of working more efficiently and sustainably with the various agents and organisations in its ecosystem.<\/p>\n<p>The TIC Salut i Social Foundation currently brings together various public administrations involved in the fields of health, social welfare and information and communication technologies, as well as groups of hospitals and health centres.<\/p>\n"},"seccio_adicional":false,"seccio_xarxes_nacionals":{"ancora_seccio":"xarxes_nacionals","titol":"National Networks","texte":"<p>The TIC Salut i Social Foundation has signed collaboration agreements with various Catalan universities and promotes networking with professional associations and health, social welfare and technology organisations:<\/p>\n<p><img loading=\"lazy\" decoding=\"async\" class=\"alignnone size-full wp-image-7884\" src=\"https:\/\/ticsalutsocial.atoom.space\/wp-content\/uploads\/2021\/07\/sistema-universitari-EN.svg\" alt=\"\" width=\"677\" height=\"605\" \/><\/p>\n<ul>\n<li><strong>Universitat de Vic-Universitat Central de Catalunya<\/strong><br \/>\n<a style=\"color: #ac319c; text-decoration: none;\" href=\"https:\/\/www.uvic.cat\/\" target=\"_blank\" rel=\"noopener\">www.uvic.cat<\/a><\/li>\n<li><strong>Universitat Polit\u00e8cnica de Catalunya \u2013 EEBE<\/strong><br \/>\n<a style=\"color: #ac319c; text-decoration: none;\" href=\"https:\/\/eebe.upc.edu\/ca\" target=\"_blank\" rel=\"noopener\">www.eebe.upc.edu<\/a><\/li>\n<li><strong>Universitat Ramon Llull \u2013 LaSalle<\/strong><br \/>\n<a style=\"color: #ac319c; text-decoration: none;\" href=\"https:\/\/www.salleurl.edu\/\" target=\"_blank\" rel=\"noopener\">www.salleurl.edu<\/a><\/li>\n<li><strong>Universitat Aut\u00f2noma de Barcelona \u2013 E.U. Gimbernat<\/strong><br \/>\n<a style=\"color: #ac319c; text-decoration: none;\" href=\"https:\/\/www.eug.es\/\" target=\"_blank\" rel=\"noopener\">www.eug.es<\/a><\/li>\n<li><strong>Universitat Pompeu Fabra \u2013 Tecnocampus<\/strong><br \/>\n<a style=\"color: #ac319c; text-decoration: none;\" href=\"https:\/\/www.tecnocampus.cat\/\" target=\"_blank\" rel=\"noopener\">www.tecnocampus.cat<\/a><\/li>\n<li><strong>Universitat Oberta de Catalunya<\/strong><br \/>\n<a style=\"color: #ac319c; text-decoration: none;\" href=\"https:\/\/www.uoc.edu\/\" target=\"_blank\" rel=\"noopener\">www.uoc.edu<\/a><\/li>\n<li><strong>Societat Catalana de Salut Digital<\/strong><br \/>\n<a style=\"color: #ac319c; text-decoration: none;\" href=\"http:\/\/www.scsalutdigital.cat\/\" target=\"_blank\" rel=\"noopener\">www.scsalutdigital.cat<\/a><\/li>\n<li><strong>Health 2.0 Barcelona<\/strong><br \/>\n<a style=\"color: #ac319c; text-decoration: none;\" href=\"https:\/\/www.meetup.com\/es-ES\/Health-2-0-Barcelona-Chapter\/\" target=\"_blank\" rel=\"noopener\">www.meetup.com\/es-ES\/Health-2-0-Barcelona-Chapter\/<\/a><\/li>\n<li><strong>Salus.coop<\/strong><br \/>\n<a style=\"color: #ac319c; text-decoration: none;\" href=\"https:\/\/www.saluscoop.org\/\" target=\"_blank\" rel=\"noopener\">www.salus.coop<\/a><\/li>\n<li><strong>La SEIS<\/strong><br \/>\n<a style=\"color: #ac319c; text-decoration: none;\" href=\"https:\/\/seis.es\/\" target=\"_blank\" rel=\"noopener\">www.seis.es<\/a><\/li>\n<li><strong>FENIN<\/strong><br \/>\n<a style=\"color: #ac319c; text-decoration: none;\" href=\"https:\/\/www.fenin.es\/\" target=\"_blank\" rel=\"noopener\">www.fenin.es<\/a><\/li>\n<li><strong>COMB<\/strong><br \/>\n<a style=\"color: #ac319c; text-decoration: none;\" href=\"https:\/\/www.comb.cat\/ca\/home\" target=\"_blank\" rel=\"noopener\">www.comb.cat<\/a><\/li>\n<li><strong>COIB<\/strong><br \/>\n<a style=\"color: #ac319c; text-decoration: none;\" href=\"https:\/\/www.coib.cat\" target=\"_blank\" rel=\"noopener\">www.coib.cat<\/a><\/li>\n<li><strong>COPC<\/strong><br \/>\n<a style=\"color: #ac319c; text-decoration: none;\" href=\"https:\/\/www.copc.cat\/\" target=\"_blank\" rel=\"noopener\">www.copc.cat<\/a><\/li>\n<li><strong>COPLEFFC<\/strong><br \/>\n<a style=\"color: #ac319c; text-decoration: none;\" href=\"https:\/\/www.coplefc.cat\/\" target=\"_blank\" rel=\"noopener\">www.coplefc.cat<\/a><\/li>\n<li><strong>SITT<\/strong><br \/>\n<a style=\"color: #ac319c; text-decoration: none;\" href=\"https:\/\/www.sittiberica.org\/\" target=\"_blank\" rel=\"noopener\">www.sittiberica.org<\/a><\/li>\n<li><strong>SEPC<\/strong><br \/>\n<a style=\"color: #ac319c; text-decoration: none;\" href=\"https:\/\/webs.academia.cat\/societats\/scepc\/\" target=\"_blank\" rel=\"noopener\">webs.academia.cat\/societats\/scepc<\/a><\/li>\n<li><strong>AIFICC<\/strong><br \/>\n<a style=\"color: #ac319c; text-decoration: none;\" href=\"https:\/\/www.aificc.cat\" target=\"_blank\" rel=\"noopener\">www.aificc.cat<\/a><\/li>\n<li><strong>CAMFIC<\/strong><br \/>\n<a style=\"color: #ac319c; text-decoration: none;\" href=\"http:\/\/www.camfic.cat\" target=\"_blank\" rel=\"noopener\">www.camfic.cat<\/a><\/li>\n<li><strong>TICBiomed<\/strong><br \/>\n<a style=\"color: #ac319c; text-decoration: none;\" href=\"https:\/\/ticbiomed.org\/\" target=\"_blank\" rel=\"noopener\">www.ticbiomed.org<\/a><\/li>\n<li><strong>Barcelona Health Hub<\/strong><br \/>\n<a style=\"color: #ac319c; text-decoration: none;\" href=\"https:\/\/barcelonahealthhub.com\/\" target=\"_blank\" rel=\"noopener\">barcelonahealthhub.com<\/a><\/li>\n<\/ul>\n"},"seccio_xarxes_internacionals":{"ancora_seccio":"xarxes_internacionals","titol":"International networks and funding of public programmes","texte":"<p>By carrying out projects financed with competitive funds, we create synergies with organisations in different European Union member states.<\/p>\n<p>We position the Catalan Health System as a model for technological innovation and digital transformation applied to social welfare and the provision of health services.<\/p>\n<p>If you have any questions about this action area, you can contact the Public Programmes Manager (<a href=\"mailto:calvarez@ticsalutsocial.cat\">calvarez@ticsalutsocial.cat<\/a>).<\/p>\n<p><img loading=\"lazy\" decoding=\"async\" class=\"alignnone size-full wp-image-7878\" src=\"https:\/\/ticsalutsocial.atoom.space\/wp-content\/uploads\/2021\/07\/participacio-activa-EN.svg\" alt=\"\" width=\"677\" height=\"530\" \/><\/p>\n<p>&nbsp;<\/p>\n<ul>\n<li><strong>HIMSS<\/strong><br \/>\n<a style=\"color: #ac319c; text-decoration: none;\" href=\"https:\/\/www.himss.org\/\" target=\"_blank\" rel=\"noopener\">www.himss.org<\/a><\/li>\n<li><strong>IFIC<\/strong><br \/>\n<a style=\"color: #ac319c; text-decoration: none;\" href=\"https:\/\/integratedcarefoundation.org\/\" target=\"_blank\" rel=\"noopener\">www.integratedcarefoundation.org<\/a><\/li>\n<li><strong>EHAlliance<\/strong><br \/>\n<a style=\"color: #ac319c; text-decoration: none;\" href=\"https:\/\/echalliance.com\/\" target=\"_blank\" rel=\"noopener\">echalliance.com<\/a><\/li>\n<li><strong>EIC<\/strong><br \/>\n<a style=\"color: #ac319c; text-decoration: none;\" href=\"https:\/\/eic.ec.europa.eu\/index_en\" target=\"_blank\" rel=\"noopener\">eic.ec.europa.eu<\/a><\/li>\n<li><strong>EATRIS<\/strong><br \/>\n<a style=\"color: #ac319c; text-decoration: none;\" href=\"http:\/\/www.eatris.eu\/\" target=\"_blank\" rel=\"noopener\">www.eatris.eu<\/a><\/li>\n<li><strong>EIT<\/strong><br \/>\n<a style=\"color: #ac319c; text-decoration: none;\" href=\"https:\/\/eit.europa.eu\/\" target=\"_blank\" rel=\"noopener\">eit.europa.eu<\/a><\/li>\n<li><strong>EHTEL<\/strong><br \/>\n<a style=\"color: #ac319c; text-decoration: none;\" href=\"https:\/\/www.ehtel.eu\/\" target=\"_blank\" rel=\"noopener\">www.ehtel.eu<\/a><\/li>\n<li><strong>Scottish Center for Telehealth and Telecare<\/strong><br \/>\n<a style=\"color: #ac319c; text-decoration: none;\" href=\"http:\/\/www.knowledge.scot.nhs.uk\/telehealthcare.aspx\" target=\"_blank\" rel=\"noopener\">www.knowledge.scot.nhs.uk<\/a><\/li>\n<li><strong>European Comission<\/strong><br \/>\n<a style=\"color: #ac319c; text-decoration: none;\" href=\"https:\/\/ec.europa.eu\/\" target=\"_blank\" rel=\"noopener\">ec.europa.eu<\/a><\/li>\n<li><strong>EIP on AHA<\/strong><br \/>\n<a style=\"color: #ac319c; text-decoration: none;\" href=\"https:\/\/ec.europa.eu\/eip\/ageing\/home_en.html\" target=\"_blank\" rel=\"noopener\">ec.europa.eu\/eip\/ageing<\/a><\/li>\n<li><strong>The Digital Health Society<\/strong><br \/>\n<a style=\"color: #ac319c; text-decoration: none;\" href=\"https:\/\/thedigitalhealthsociety.com\/\" target=\"_blank\" rel=\"noopener\">thedigitalhealthsociety.com<\/a><\/li>\n<\/ul>\n"},"submenu_de_la_pagina":[{"titol":"About the foundation","tipus":"anchor","pagina":null,"ancora":"impulsant"},{"titol":"Board of Trustees","tipus":"anchor","pagina":null,"ancora":"patronat"},{"titol":"Interoperability","tipus":"pagina","pagina":{"title":"Interoperability","url":"https:\/\/ticsalutsocial.atoom.space\/en\/qui-som\/interoperabilitat-i-tecnologies\/","target":""},"ancora":"xarxes_nacionals"},{"titol":"National Networks","tipus":"anchor","pagina":{"title":"Ofertes de feina","url":"https:\/\/ticsalutsocial.atoom.space\/ofertes-de-feina\/","target":""},"ancora":"xarxes_nacionals"},{"titol":"International networks","tipus":"anchor","pagina":{"title":"Work with us","url":"https:\/\/ticsalutsocial.atoom.space\/en\/ofertes-de-feina\/","target":""},"ancora":"xarxes_internacionals"},{"titol":"Work with us","tipus":"pagina","pagina":{"title":"Work with us","url":"https:\/\/ticsalutsocial.atoom.space\/en\/ofertes-de-feina\/","target":""},"ancora":""},{"titol":"Transparency","tipus":"pagina","pagina":{"title":"Transpar\u00e8ncia","url":"https:\/\/ticsalutsocial.atoom.space\/transparencia\/","target":""},"ancora":""}]},"yoast_head":"<!-- This site is optimized with the Yoast SEO plugin v27.1.1 - https:\/\/yoast.com\/product\/yoast-seo-wordpress\/ -->\n<title>About us - Fundaci\u00f3 TIC Salut i Social<\/title>\n<meta name=\"robots\" content=\"index, follow, max-snippet:-1, max-image-preview:large, max-video-preview:-1\" \/>\n<link rel=\"canonical\" href=\"https:\/\/ticsalutsocial.atoom.space\/en\/qui-som\/\" \/>\n<meta property=\"og:locale\" content=\"en_US\" \/>\n<meta property=\"og:type\" content=\"article\" \/>\n<meta property=\"og:title\" content=\"About us - Fundaci\u00f3 TIC Salut i Social\" \/>\n<meta property=\"og:url\" content=\"https:\/\/ticsalutsocial.atoom.space\/en\/qui-som\/\" \/>\n<meta property=\"og:site_name\" content=\"Fundaci\u00f3 TIC Salut i Social\" \/>\n<meta property=\"article:modified_time\" content=\"2025-10-01T09:12:42+00:00\" \/>\n<meta name=\"twitter:card\" content=\"summary_large_image\" \/>\n<script type=\"application\/ld+json\" class=\"yoast-schema-graph\">{\"@context\":\"https:\/\/schema.org\",\"@graph\":[{\"@type\":\"WebPage\",\"@id\":\"https:\/\/ticsalutsocial.atoom.space\/en\/qui-som\/\",\"url\":\"https:\/\/ticsalutsocial.atoom.space\/en\/qui-som\/\",\"name\":\"About us - Fundaci\u00f3 TIC Salut i Social\",\"isPartOf\":{\"@id\":\"https:\/\/ticsalutsocial.atoom.space\/en\/#website\"},\"datePublished\":\"2021-06-15T15:39:32+00:00\",\"dateModified\":\"2025-10-01T09:12:42+00:00\",\"breadcrumb\":{\"@id\":\"https:\/\/ticsalutsocial.atoom.space\/en\/qui-som\/#breadcrumb\"},\"inLanguage\":\"en-US\",\"potentialAction\":[{\"@type\":\"ReadAction\",\"target\":[\"https:\/\/ticsalutsocial.atoom.space\/en\/qui-som\/\"]}]},{\"@type\":\"BreadcrumbList\",\"@id\":\"https:\/\/ticsalutsocial.atoom.space\/en\/qui-som\/#breadcrumb\",\"itemListElement\":[{\"@type\":\"ListItem\",\"position\":1,\"name\":\"Inici\",\"item\":\"https:\/\/ticsalutsocial.atoom.space\/en\/\"},{\"@type\":\"ListItem\",\"position\":2,\"name\":\"About us\"}]},{\"@type\":\"WebSite\",\"@id\":\"https:\/\/ticsalutsocial.atoom.space\/en\/#website\",\"url\":\"https:\/\/ticsalutsocial.atoom.space\/en\/\",\"name\":\"Fundaci\u00f3 TIC Salut i Social\",\"description\":\"\",\"potentialAction\":[{\"@type\":\"SearchAction\",\"target\":{\"@type\":\"EntryPoint\",\"urlTemplate\":\"https:\/\/ticsalutsocial.atoom.space\/en\/?s={search_term_string}\"},\"query-input\":{\"@type\":\"PropertyValueSpecification\",\"valueRequired\":true,\"valueName\":\"search_term_string\"}}],\"inLanguage\":\"en-US\"}]}<\/script>\n<!-- \/ Yoast SEO plugin. -->","yoast_head_json":{"title":"About us - Fundaci\u00f3 TIC Salut i Social","robots":{"index":"index","follow":"follow","max-snippet":"max-snippet:-1","max-image-preview":"max-image-preview:large","max-video-preview":"max-video-preview:-1"},"canonical":"https:\/\/ticsalutsocial.atoom.space\/en\/qui-som\/","og_locale":"en_US","og_type":"article","og_title":"About us - Fundaci\u00f3 TIC Salut i Social","og_url":"https:\/\/ticsalutsocial.atoom.space\/en\/qui-som\/","og_site_name":"Fundaci\u00f3 TIC Salut i Social","article_modified_time":"2025-10-01T09:12:42+00:00","twitter_card":"summary_large_image","schema":{"@context":"https:\/\/schema.org","@graph":[{"@type":"WebPage","@id":"https:\/\/ticsalutsocial.atoom.space\/en\/qui-som\/","url":"https:\/\/ticsalutsocial.atoom.space\/en\/qui-som\/","name":"About us - Fundaci\u00f3 TIC Salut i Social","isPartOf":{"@id":"https:\/\/ticsalutsocial.atoom.space\/en\/#website"},"datePublished":"2021-06-15T15:39:32+00:00","dateModified":"2025-10-01T09:12:42+00:00","breadcrumb":{"@id":"https:\/\/ticsalutsocial.atoom.space\/en\/qui-som\/#breadcrumb"},"inLanguage":"en-US","potentialAction":[{"@type":"ReadAction","target":["https:\/\/ticsalutsocial.atoom.space\/en\/qui-som\/"]}]},{"@type":"BreadcrumbList","@id":"https:\/\/ticsalutsocial.atoom.space\/en\/qui-som\/#breadcrumb","itemListElement":[{"@type":"ListItem","position":1,"name":"Inici","item":"https:\/\/ticsalutsocial.atoom.space\/en\/"},{"@type":"ListItem","position":2,"name":"About us"}]},{"@type":"WebSite","@id":"https:\/\/ticsalutsocial.atoom.space\/en\/#website","url":"https:\/\/ticsalutsocial.atoom.space\/en\/","name":"Fundaci\u00f3 TIC Salut i Social","description":"","potentialAction":[{"@type":"SearchAction","target":{"@type":"EntryPoint","urlTemplate":"https:\/\/ticsalutsocial.atoom.space\/en\/?s={search_term_string}"},"query-input":{"@type":"PropertyValueSpecification","valueRequired":true,"valueName":"search_term_string"}}],"inLanguage":"en-US"}]}},"_links":{"self":[{"href":"https:\/\/ticsalutsocial.atoom.space\/en\/wp-json\/wp\/v2\/pages\/7842","targetHints":{"allow":["GET"]}}],"collection":[{"href":"https:\/\/ticsalutsocial.atoom.space\/en\/wp-json\/wp\/v2\/pages"}],"about":[{"href":"https:\/\/ticsalutsocial.atoom.space\/en\/wp-json\/wp\/v2\/types\/page"}],"author":[{"embeddable":true,"href":"https:\/\/ticsalutsocial.atoom.space\/en\/wp-json\/wp\/v2\/users\/21"}],"replies":[{"embeddable":true,"href":"https:\/\/ticsalutsocial.atoom.space\/en\/wp-json\/wp\/v2\/comments?post=7842"}],"version-history":[{"count":71,"href":"https:\/\/ticsalutsocial.atoom.space\/en\/wp-json\/wp\/v2\/pages\/7842\/revisions"}],"predecessor-version":[{"id":33758,"href":"https:\/\/ticsalutsocial.atoom.space\/en\/wp-json\/wp\/v2\/pages\/7842\/revisions\/33758"}],"wp:attachment":[{"href":"https:\/\/ticsalutsocial.atoom.space\/en\/wp-json\/wp\/v2\/media?parent=7842"}],"wp:term":[{"taxonomy":"tipus","embeddable":true,"href":"https:\/\/ticsalutsocial.atoom.space\/en\/wp-json\/wp\/v2\/tipus?post=7842"}],"curies":[{"name":"wp","href":"https:\/\/api.w.org\/{rel}","templated":true}]}}