
{"id":8065,"date":"2021-06-15T17:06:01","date_gmt":"2021-06-15T15:06:01","guid":{"rendered":"https:\/\/ticsalutsocial.atoom.space\/actualitat\/"},"modified":"2025-04-14T08:30:51","modified_gmt":"2025-04-14T06:30:51","slug":"actualitat","status":"publish","type":"page","link":"https:\/\/ticsalutsocial.atoom.space\/en\/actualitat\/","title":{"rendered":"News"},"content":{"rendered":"","protected":false},"excerpt":{"rendered":"","protected":false},"author":21,"featured_media":0,"parent":0,"menu_order":0,"comment_status":"closed","ping_status":"closed","template":"page-templates\/actualitat.php","meta":{"_acf_changed":false,"inline_featured_image":false,"footnotes":""},"tipus":[],"class_list":["post-8065","page","type-page","status-publish","hentry"],"acf":{"contacte":{"titol":"Communication contact","contactes":[{"titol":"V\u00edctor Barber\u00e0","es_xxss":false,"telefon":"935 53 26 42","email":"comunicacio@ticsalutsocial.cat"}]},"noticies_destacades":[{"noticia":{"ID":9735,"post_author":"3","post_date":"2021-10-20 16:20:30","post_date_gmt":"2021-10-20 14:20:30","post_content":"<!-- wp:paragraph -->\n<p>The X-eHealth project will organize the eHealth from September 2022 onwards event, on the 29th and 30th of November, via zoom.<\/p>\n<!-- \/wp:paragraph -->\n\n<!-- wp:paragraph -->\n<p>This workshop will focus on the roadmap for new use cases and domains of the EEHRxF (European Electronic Health Record Exchange Format), as well as, the governance model for the structural management, maintenance and further development of the eHealth Digital Service Infrastructure, in line with the EEHRxF roadmap.<\/p>\n<!-- \/wp:paragraph -->\n\n<!-- wp:paragraph -->\n<p>Regarding the EEHRxF roadmap, this workshop aims to gather and discuss insights on selection criteria and a process for identifying new use cases and domains. The workshop goal is to have a shortlist of new use cases and domains at the end of the x-eHealth project as well as a criteria set to select future use cases.<\/p>\n<!-- \/wp:paragraph -->\n\n<!-- wp:paragraph -->\n<p>Regarding the governance model, this workshop aims to set the guiding principles for a sustainable governance model as well as to form the groundwork for creating a conceptual governance model for maintaining the EEHRxF after August 2022.<\/p>\n<!-- \/wp:paragraph -->\n\n<!-- wp:paragraph -->\n<p>It will be a two-day interactive workshop with stakeholders and participating Member States (MS), in order to make sure that all perspectives are included.<\/p>\n<!-- \/wp:paragraph -->\n\n<!-- wp:paragraph -->\n<p>For more information, please visit the&nbsp;<a rel=\"noreferrer noopener\" href=\"https:\/\/www.x-ehealth.eu\/wp-content\/uploads\/2021\/10\/x-eHealth-from-September-2022-onwards.pdf\" target=\"_blank\">eHealth from September 2022 onwards Agenda<\/a>.<\/p>\n<!-- \/wp:paragraph -->\n\n<!-- wp:paragraph -->\n<p>Register for the event through the following link:&nbsp;<a href=\"https:\/\/bit.ly\/3DGPIfq\" target=\"_blank\" rel=\"noreferrer noopener\">Form Registration<\/a>.<\/p>\n<!-- \/wp:paragraph -->\n\n<!-- wp:paragraph -->\n<p>Please follow the&nbsp;<a href=\"https:\/\/www.linkedin.com\/events\/6854788400256438272\/\" target=\"_blank\" rel=\"noreferrer noopener\">Linkedin page<\/a>&nbsp;of the event and X-eHealth social media pages:&nbsp;<a rel=\"noreferrer noopener\" href=\"https:\/\/www.linkedin.com\/company\/x-ehealth\/\" target=\"_blank\">Linkedin<\/a>&nbsp;and&nbsp;<a rel=\"noreferrer noopener\" href=\"https:\/\/twitter.com\/x_ehealth\" target=\"_blank\">Twitter<\/a>.<\/p>\n<!-- \/wp:paragraph -->","post_title":"How is it eHealth going to be 2022 onwards?","post_excerpt":"","post_status":"publish","comment_status":"closed","ping_status":"closed","post_password":"","post_name":"com-sera-la-ehealth-a-partir-de-2022","to_ping":"","pinged":"","post_modified":"2021-11-02 16:33:34","post_modified_gmt":"2021-11-02 14:33:34","post_content_filtered":"","post_parent":0,"guid":"https:\/\/ticsalutsocial.atoom.space\/noticia\/com-sera-la-ehealth-a-partir-de-2022\/","menu_order":0,"post_type":"noticia","post_mime_type":"","comment_count":"0","filter":"raw"}},{"noticia":{"ID":9113,"post_author":"3","post_date":"2021-09-22 10:24:49","post_date_gmt":"2021-09-22 08:24:49","post_content":"<!-- wp:group -->\n<div class=\"wp-block-group\"><!-- wp:html -->\n<h2>Fundaci\u00f3 TIC Salut Social is collaborating with a student from Bologna, who has done a thesis on diabetes with Hospital del Mar in Barcelona<\/h2>\n<!-- \/wp:html -->\n\n<!-- wp:group -->\n<div class=\"wp-block-group\"><!-- wp:group -->\n<div class=\"wp-block-group\"><!-- wp:group -->\n<div class=\"wp-block-group\"><!-- wp:paragraph -->\n<p>Management of Type 1 diabetes (T1DM) poses enormous challenges for healthcare systems and individuals across Europe. This chronic disease is usually diagnosed in childhood-youth, and thus it presents a long-term evolution. Moreover, the COVID-19 pandemic accelerated the use of video-consultations and other mHealth interventions instead of the usual face-to-face visits. In order to explore the potential of mHealth interventions and video-consultations for T1DM, the observational study <strong>\"Impact of mHealth interventions and remote video-consultations on Diabetes Type 1 and hospital Management \u2013 The case of Hospital del Mar\" <\/strong>was performed<strong>.<\/strong><br><br>This Master Thesis Project aimed at evaluating the health outcomes and overall costs related to T1DM subjects\u2019 follow-up, with the incorporation of mHealth interventions and remote video-consultations. The healthcare partner involved in the project was<strong> Hospital del Mar - Parc de Salut Mar, in Barcelona (Spain)<\/strong>, with the participation of with Doctor Elisenda Climent Biescas and Doctor Juan Jos\u00e9 Chillar\u00f3n, from the Endocrinology department. Also from Catalonia, <strong>Fundaci\u00f3 TIC Salut i Social,<\/strong> through the eHealth expert Jesus Berdun Pe\u00f1ato, provided the collaborative framework for this study. Finally, Abdul Jabbar Omar Alsaleh, professor at the <strong>School of Economics and Management \u201cAlma Mater Studiorum\u201d (Universit\u00e0 di Bologna) <\/strong>wasresponsible for the Thesis supervision. <br><br><strong>The study performed<\/strong><br><br>Diabetes is a chronic disease that, when mismanaged, can present long-term complications. Major complications are microvascular conditions including diabetic retinopathy or nephropathy, and macrovascular conditions such as ischemic heart disease, stroke or peripheral vascular disease. Diabetes also represents a financial burden for the affected individuals and their families as well as the national healthcare system (SNS) that, in Spain, as many other European countries, covers all medical expenses.<br><br>The study performed consisted in a quantitative analysis (using the statistical software \u201cSTATA 16\u201d and \u201cMicrosoft Excel\u201d) of the effects of mHealth interventions and telemonitoring on clinical parameters in terms of metabolic control, complication arise rate, monitoring adherence and correlated expenses. The costs were evaluated from the patient perspective, namely traveling costs, time loss and consequent absenteeism at work and productivity loss. Furthermore, the Spanish national healthcare system (SNS) perspective was also adopted to evaluate costs related to visits and hospitalization due complication arise.<br><br><strong>T1DM and the two mHealth interventions<\/strong><br><br>The two mHealth interventions constitute two distinct but interrelated and comprehensive platforms for diabetes management and monitoring. The first mHealth app, \u201cLibreview\u201d is connected to a thin and flexible fiber that is inserted under the patient\u2019s skin in their arm with an applicator. The filament can be scanned by the app on the mobile phone thus all the information is directly uploaded into a personal cloud, and can be accessed by both the patient and the healthcare professional from the diabetes unit of Hospital del Mar. The second one is \u201cSocial Diabetes\u201d whose main feature is the bolus calculator. The patients register their glucose value in the bolus calculator of the app (the glucose value is obtained from the glucose sensor in the Librelink app) and how much carbohydrates they are going to eat. With this information, the bolus calculator gives the patient a recommendation of how much prandial \/ fast insulin the patient must inject.<br><br>The selected patient cohort was a non-randomized group of T1DM affected individuals followed for a period of 2 years in the Endocrinology department of Hospital del Mar. The study evaluated the introduction of mHealth interventions and remote monitoring on the total costs and benefits for the patients across four period scenarios presenting different conditions. In Period 1 (March 2019 - August 2019) visits were performed in a face-to-face mode as had been realized in the past years, and patients were given appointments approximately every 3 months (every 6 months when not necessary) with physicians in the outpatient clinic. In Period 2 (September 2019 - February 2020) patients were offered to use the two apps \u201cLibreview\u201d and \u201cSocial Diabetes\u201d. In Period 3 (March 2020 - August 2020) all visits were converted into online modality due to the epidemiological situation and as patients were not able to go to the hospital in person, but continued to use the two mHealth interventions. Then, finally in Period 4 (September 2020 - February 2021) Hospital del Mar managed to return to normality, combining face-to-face visits with virtual appointments visits were a hybrid version of face-to-face and online mode.<br><br><strong>Main results<\/strong><br><br>The pandemic has been an opportunity for the development and testing of new medical technologies. On this matter, this study has shown that despite all difficulties and barriers brought in clinical follow-up by the pandemic, the two mHealth interventions analysed and the remote video-consultations showed to be effective in maintaining the quality in the delivery of health services. Unaltered outcomes were encountered both when evaluating metabolic control and presence of acute and chronic complications in T1DM subjects. Moreover, the use of mHealth interventions and remote monitoring was also associated with lower overall costs for both patients and national healthcare system. Finally, from a society perspective these technological interventions are linked to lower absenteeism rate and reduced productivity losses as well as an improved quality of life thanks to a better time management. This analysis aimed at rationing healthcare resources available in European hospitals in the most effective way possible while maintaining a high quality of services; leading policy makers to make informed decisions based on quantitative and qualitative evidence. In fact, the evaluation of mHealth interventions and teleconsultations can influence decision making in choosing cost-effectiveness, leading to wise allocation of resources for the healthcare systems.<br><br><strong>About the author<\/strong><br><br>Roberta Giuliani is a Health Economist from Italy. She holds a bachelor\u2019s degree in Biology and Natural Sciences from Maastricht University and a MSc in European Health Economics, Policy and Management (Eu-HEM) a European program jointly coordinated and held in the universities of Bologna, Innsbruck, Oslo and Rotterdam. She is currently working at EBMA, a Health Economics, Pricing &amp; Market Access Consultancy company based in Milan and wishes to continue her career in the field of medical technology evaluation.<\/p>\n<!-- \/wp:paragraph --><\/div>\n<!-- \/wp:group --><\/div>\n<!-- \/wp:group -->\n\n<!-- wp:paragraph -->\n<p><\/p>\n<!-- \/wp:paragraph --><\/div>\n<!-- \/wp:group --><\/div>\n<!-- \/wp:group -->","post_title":"Impact of mHealth interventions and video-consultations on type 1 diabetes management and its clinical outcomes: a Master Thesis Project","post_excerpt":"","post_status":"publish","comment_status":"closed","ping_status":"closed","post_password":"","post_name":"the-fundacio-tic-salut-social-is-collaborating-with-a-student-from-bologna-who-has-done-a-thesis-on-diabetes-with-the-hospital-del-mar-in-barcelona","to_ping":"","pinged":"","post_modified":"2022-05-11 12:33:40","post_modified_gmt":"2022-05-11 10:33:40","post_content_filtered":"","post_parent":0,"guid":"https:\/\/ticsalutsocial.atoom.space\/?post_type=noticia&#038;p=9113","menu_order":0,"post_type":"noticia","post_mime_type":"","comment_count":"0","filter":"raw"}},{"noticia":{"ID":9199,"post_author":"3","post_date":"2021-09-22 12:37:15","post_date_gmt":"2021-09-22 10:37:15","post_content":"<p data-ogsb=\"white\"><em>TIC Salut Social foundation<\/em> and the Official College of Doctors of Barcelona (COMB) signed a partnership agreement.<\/p>\n<p data-ogsb=\"white\">The goal is identifying, defining, coordinating and implementing projects and joint actions in order to promote innovation initiatives by means of ICT's in healthcare as a strategy to improve healthcare services quality.<\/p>\n<p data-ogsb=\"white\">\nThe agreement will ensure the previous work in progress activities such as the <a href=\"https:\/\/ticsalutsocial.atoom.space\/en\/el-tipus\/mhealth\/\" target=\"_blank\" rel=\"noopener\">foundation's Apps certification process.<\/a><\/p>","post_title":"Partnership agreement between TIC Salut Social foundation and COMB [Official College of Doctors of Barcelona]","post_excerpt":"","post_status":"publish","comment_status":"closed","ping_status":"closed","post_password":"","post_name":"signat-un-conveni-de-collaboracio-entre-tic-salut-social-i-el-comb","to_ping":"","pinged":"","post_modified":"2021-09-27 11:20:47","post_modified_gmt":"2021-09-27 09:20:47","post_content_filtered":"","post_parent":0,"guid":"https:\/\/ticsalutsocial.atoom.space\/noticia\/signat-un-conveni-de-collaboracio-entre-tic-salut-social-i-el-comb\/","menu_order":0,"post_type":"noticia","post_mime_type":"","comment_count":"0","filter":"raw"}}]},"yoast_head":"<!-- This site is optimized with the Yoast SEO plugin v27.1.1 - https:\/\/yoast.com\/product\/yoast-seo-wordpress\/ -->\n<title>News - Fundaci\u00f3 TIC Salut i Social<\/title>\n<meta name=\"robots\" content=\"index, follow, max-snippet:-1, max-image-preview:large, max-video-preview:-1\" \/>\n<link rel=\"canonical\" href=\"https:\/\/ticsalutsocial.atoom.space\/en\/actualitat\/\" \/>\n<meta property=\"og:locale\" content=\"en_US\" \/>\n<meta property=\"og:type\" content=\"article\" \/>\n<meta property=\"og:title\" content=\"News - Fundaci\u00f3 TIC Salut i Social\" \/>\n<meta property=\"og:url\" content=\"https:\/\/ticsalutsocial.atoom.space\/en\/actualitat\/\" \/>\n<meta property=\"og:site_name\" content=\"Fundaci\u00f3 TIC Salut i Social\" \/>\n<meta property=\"article:modified_time\" content=\"2025-04-14T06:30:51+00:00\" \/>\n<meta name=\"twitter:card\" content=\"summary_large_image\" \/>\n<script type=\"application\/ld+json\" class=\"yoast-schema-graph\">{\"@context\":\"https:\/\/schema.org\",\"@graph\":[{\"@type\":\"WebPage\",\"@id\":\"https:\/\/ticsalutsocial.atoom.space\/en\/actualitat\/\",\"url\":\"https:\/\/ticsalutsocial.atoom.space\/en\/actualitat\/\",\"name\":\"News - Fundaci\u00f3 TIC Salut i Social\",\"isPartOf\":{\"@id\":\"https:\/\/ticsalutsocial.atoom.space\/en\/#website\"},\"datePublished\":\"2021-06-15T15:06:01+00:00\",\"dateModified\":\"2025-04-14T06:30:51+00:00\",\"breadcrumb\":{\"@id\":\"https:\/\/ticsalutsocial.atoom.space\/en\/actualitat\/#breadcrumb\"},\"inLanguage\":\"en-US\",\"potentialAction\":[{\"@type\":\"ReadAction\",\"target\":[\"https:\/\/ticsalutsocial.atoom.space\/en\/actualitat\/\"]}]},{\"@type\":\"BreadcrumbList\",\"@id\":\"https:\/\/ticsalutsocial.atoom.space\/en\/actualitat\/#breadcrumb\",\"itemListElement\":[{\"@type\":\"ListItem\",\"position\":1,\"name\":\"Inici\",\"item\":\"https:\/\/ticsalutsocial.atoom.space\/en\/\"},{\"@type\":\"ListItem\",\"position\":2,\"name\":\"News\"}]},{\"@type\":\"WebSite\",\"@id\":\"https:\/\/ticsalutsocial.atoom.space\/en\/#website\",\"url\":\"https:\/\/ticsalutsocial.atoom.space\/en\/\",\"name\":\"Fundaci\u00f3 TIC Salut i Social\",\"description\":\"\",\"potentialAction\":[{\"@type\":\"SearchAction\",\"target\":{\"@type\":\"EntryPoint\",\"urlTemplate\":\"https:\/\/ticsalutsocial.atoom.space\/en\/?s={search_term_string}\"},\"query-input\":{\"@type\":\"PropertyValueSpecification\",\"valueRequired\":true,\"valueName\":\"search_term_string\"}}],\"inLanguage\":\"en-US\"}]}<\/script>\n<!-- \/ Yoast SEO plugin. -->","yoast_head_json":{"title":"News - Fundaci\u00f3 TIC Salut i Social","robots":{"index":"index","follow":"follow","max-snippet":"max-snippet:-1","max-image-preview":"max-image-preview:large","max-video-preview":"max-video-preview:-1"},"canonical":"https:\/\/ticsalutsocial.atoom.space\/en\/actualitat\/","og_locale":"en_US","og_type":"article","og_title":"News - Fundaci\u00f3 TIC Salut i Social","og_url":"https:\/\/ticsalutsocial.atoom.space\/en\/actualitat\/","og_site_name":"Fundaci\u00f3 TIC Salut i Social","article_modified_time":"2025-04-14T06:30:51+00:00","twitter_card":"summary_large_image","schema":{"@context":"https:\/\/schema.org","@graph":[{"@type":"WebPage","@id":"https:\/\/ticsalutsocial.atoom.space\/en\/actualitat\/","url":"https:\/\/ticsalutsocial.atoom.space\/en\/actualitat\/","name":"News - Fundaci\u00f3 TIC Salut i Social","isPartOf":{"@id":"https:\/\/ticsalutsocial.atoom.space\/en\/#website"},"datePublished":"2021-06-15T15:06:01+00:00","dateModified":"2025-04-14T06:30:51+00:00","breadcrumb":{"@id":"https:\/\/ticsalutsocial.atoom.space\/en\/actualitat\/#breadcrumb"},"inLanguage":"en-US","potentialAction":[{"@type":"ReadAction","target":["https:\/\/ticsalutsocial.atoom.space\/en\/actualitat\/"]}]},{"@type":"BreadcrumbList","@id":"https:\/\/ticsalutsocial.atoom.space\/en\/actualitat\/#breadcrumb","itemListElement":[{"@type":"ListItem","position":1,"name":"Inici","item":"https:\/\/ticsalutsocial.atoom.space\/en\/"},{"@type":"ListItem","position":2,"name":"News"}]},{"@type":"WebSite","@id":"https:\/\/ticsalutsocial.atoom.space\/en\/#website","url":"https:\/\/ticsalutsocial.atoom.space\/en\/","name":"Fundaci\u00f3 TIC Salut i Social","description":"","potentialAction":[{"@type":"SearchAction","target":{"@type":"EntryPoint","urlTemplate":"https:\/\/ticsalutsocial.atoom.space\/en\/?s={search_term_string}"},"query-input":{"@type":"PropertyValueSpecification","valueRequired":true,"valueName":"search_term_string"}}],"inLanguage":"en-US"}]}},"_links":{"self":[{"href":"https:\/\/ticsalutsocial.atoom.space\/en\/wp-json\/wp\/v2\/pages\/8065","targetHints":{"allow":["GET"]}}],"collection":[{"href":"https:\/\/ticsalutsocial.atoom.space\/en\/wp-json\/wp\/v2\/pages"}],"about":[{"href":"https:\/\/ticsalutsocial.atoom.space\/en\/wp-json\/wp\/v2\/types\/page"}],"author":[{"embeddable":true,"href":"https:\/\/ticsalutsocial.atoom.space\/en\/wp-json\/wp\/v2\/users\/21"}],"replies":[{"embeddable":true,"href":"https:\/\/ticsalutsocial.atoom.space\/en\/wp-json\/wp\/v2\/comments?post=8065"}],"version-history":[{"count":13,"href":"https:\/\/ticsalutsocial.atoom.space\/en\/wp-json\/wp\/v2\/pages\/8065\/revisions"}],"predecessor-version":[{"id":31232,"href":"https:\/\/ticsalutsocial.atoom.space\/en\/wp-json\/wp\/v2\/pages\/8065\/revisions\/31232"}],"wp:attachment":[{"href":"https:\/\/ticsalutsocial.atoom.space\/en\/wp-json\/wp\/v2\/media?parent=8065"}],"wp:term":[{"taxonomy":"tipus","embeddable":true,"href":"https:\/\/ticsalutsocial.atoom.space\/en\/wp-json\/wp\/v2\/tipus?post=8065"}],"curies":[{"name":"wp","href":"https:\/\/api.w.org\/{rel}","templated":true}]}}