
{"id":12969,"date":"2022-08-01T09:27:48","date_gmt":"2022-08-01T07:27:48","guid":{"rendered":"https:\/\/ticsalutsocial.atoom.space\/mhealth\/"},"modified":"2025-04-15T10:12:11","modified_gmt":"2025-04-15T08:12:11","slug":"activos-digitales-para-los-ciudadanos","status":"publish","type":"page","link":"https:\/\/ticsalutsocial.atoom.space\/es\/que-fem\/activos-digitales-para-los-ciudadanos\/","title":{"rendered":"Activos digitales para los ciudadanos"},"content":{"rendered":"","protected":false},"excerpt":{"rendered":"","protected":false},"author":12,"featured_media":0,"parent":24861,"menu_order":0,"comment_status":"closed","ping_status":"closed","template":"page-templates\/mhealth.php","meta":{"_acf_changed":false,"inline_featured_image":false,"footnotes":""},"tipus":[],"class_list":["post-12969","page","type-page","status-publish","hentry"],"acf":{"finalitzat":false,"tipus_plantilla":"seccions","template_seccions":{"objectius":{"titol":"OBJETIVOS ESPEC\u00cdFICOS","objectius":[{"icona":false,"texte":"<p style=\"text-align: justify;\"><strong>Impulsar<\/strong> el uso de los Activos digitales para la ciudadan\u00eda dentro del Sistema de Salud de Catalu\u00f1a mediante la creaci\u00f3n de un Radar de Activos Digitales p\u00fablico y una Gu\u00eda Metodol\u00f3gica de Buenas Pr\u00e1cticas para su desarrollo.<\/p>\n"},{"icona":false,"texte":"<p style=\"text-align: justify;\"><strong>Promover<\/strong> la calidad de las aplicaciones m\u00f3viles de salud y bienestar mediante el Servicio de Certificaci\u00f3n de Aplicaciones de Salud, siguiendo los est\u00e1ndares europeos como CEN ISO\/TS 82304-2.<\/p>\n"},{"icona":false,"texte":"<p style=\"text-align: justify;\"><strong>Ofrecer<\/strong> un Directorio de Apps de Salud y Social para la ciudadan\u00eda, pacientes y profesionales, que englobe aplicaciones m\u00f3viles relevantes en el territorio catal\u00e1n.<\/p>\n"}]},"cont_flex":[{"acf_fc_layout":"bloc_documents","mostrar_numero":false,"backcolor":"gris","titol":"\u00bfQu\u00e9 es?","intro":"<p>El t\u00e9rmino <strong>Activos digitales<\/strong> para la ciudadan\u00eda hace referencia a cualquier soluci\u00f3n digital que permita la pr\u00e1ctica de actividades sanitarias y de bienestar social centradas en la persona, y sea accesible mediante p\u00e1gina web, aplicaci\u00f3n m\u00f3vil u otras interfaces de usuario.<\/p>\n<p>Estos elementos pueden interactuar con otras tecnolog\u00edas, como los sensores para la monitorizaci\u00f3n de pacientes, la realidad virtual o la inteligencia artificial, y al mismo tiempo redefinir las relaciones entre profesionales y pacientes en t\u00e9rminos de eficiencia y eficacia.<\/p>\n<p>Por otro lado, queremos destacar los t\u00e9rminos <strong>mHealth y mSocial.<\/strong> El mHealth engloba aplicaciones y dispositivos m\u00f3viles, sensores para la monitorizaci\u00f3n de pacientes y otros asistentes digitales que permiten la pr\u00e1ctica de actividades sanitarias y de salud p\u00fablica centradas en la persona. El <strong>mSocial<\/strong> comprende aplicaciones, dispositivos y otros asistentes digitales m\u00f3viles que permiten la pr\u00e1ctica de actividades de acci\u00f3n y bienestar social centradas en la persona.<\/p>\n<p>La innovaci\u00f3n en estos sectores es clave para promover la transformaci\u00f3n digital.<\/p>\n","documents":false},{"acf_fc_layout":"bloc_text_i_llista_amb_icones","mostrar_numero":false,"backcolor":"blanc","titol":"Servicio de Certificaci\u00f3n de Aplicaciones M\u00f3viles","contingut":"<p>La Fundaci\u00f3n TIC Salud Social ofrece un Servicio de certificaci\u00f3n de aplicaciones m\u00f3viles de salud y bienestar que garantiza su calidad y fiabilidad.<\/p>\n<h3>Categor\u00edas de certificaci\u00f3n<\/h3>\n","llistat_amb_icones":[{"icona":{"ID":24286,"id":24286,"title":"certificacio-icona-01","filename":"certificacio-icona-01.svg","filesize":3242,"url":"https:\/\/ticsalutsocial.atoom.space\/wp-content\/uploads\/2023\/12\/certificacio-icona-01.svg","link":"https:\/\/ticsalutsocial.atoom.space\/es\/que-fem\/activos-digitales-para-los-ciudadanos\/certificacio-icona-01-2\/","alt":"","author":"21","description":"","caption":"","name":"certificacio-icona-01-2","status":"inherit","uploaded_to":12969,"date":"2023-12-22 10:08:28","modified":"2023-12-22 10:08:28","menu_order":0,"mime_type":"image\/svg+xml","type":"image","subtype":"svg+xml","icon":"https:\/\/ticsalutsocial.atoom.space\/wp-includes\/images\/media\/default.png","width":1,"height":1,"sizes":{"thumbnail":"https:\/\/ticsalutsocial.atoom.space\/wp-content\/uploads\/2023\/12\/certificacio-icona-01.svg","thumbnail-width":1,"thumbnail-height":1,"medium":"https:\/\/ticsalutsocial.atoom.space\/wp-content\/uploads\/2023\/12\/certificacio-icona-01.svg","medium-width":1,"medium-height":1,"medium_large":"https:\/\/ticsalutsocial.atoom.space\/wp-content\/uploads\/2023\/12\/certificacio-icona-01.svg","medium_large-width":1,"medium_large-height":1,"large":"https:\/\/ticsalutsocial.atoom.space\/wp-content\/uploads\/2023\/12\/certificacio-icona-01.svg","large-width":1,"large-height":1,"1536x1536":"https:\/\/ticsalutsocial.atoom.space\/wp-content\/uploads\/2023\/12\/certificacio-icona-01.svg","1536x1536-width":1,"1536x1536-height":1,"2048x2048":"https:\/\/ticsalutsocial.atoom.space\/wp-content\/uploads\/2023\/12\/certificacio-icona-01.svg","2048x2048-width":1,"2048x2048-height":1}},"text":"<p><strong>Contenidos cl\u00ednicos y funcionalidad<\/strong>. Con el soporte de nuestro Comit\u00e9 de Expertos Funcionales, evaluamos la calidad de los contenidos cl\u00ednicos de la aplicaci\u00f3n y la utilidad de las funcionalidades que incorpora. Revisamos si en el dise\u00f1o de la app ha participado alg\u00fan profesional y si la aplicaci\u00f3n informa al usuario de sus beneficios.<\/p>\n"},{"icona":{"ID":24289,"id":24289,"title":"certificacio-icona-02","filename":"certificacio-icona-02.svg","filesize":15331,"url":"https:\/\/ticsalutsocial.atoom.space\/wp-content\/uploads\/2023\/12\/certificacio-icona-02.svg","link":"https:\/\/ticsalutsocial.atoom.space\/es\/que-fem\/activos-digitales-para-los-ciudadanos\/certificacio-icona-02-2\/","alt":"","author":"21","description":"","caption":"","name":"certificacio-icona-02-2","status":"inherit","uploaded_to":12969,"date":"2023-12-22 10:08:46","modified":"2023-12-22 10:08:46","menu_order":0,"mime_type":"image\/svg+xml","type":"image","subtype":"svg+xml","icon":"https:\/\/ticsalutsocial.atoom.space\/wp-includes\/images\/media\/default.png","width":1,"height":1,"sizes":{"thumbnail":"https:\/\/ticsalutsocial.atoom.space\/wp-content\/uploads\/2023\/12\/certificacio-icona-02.svg","thumbnail-width":1,"thumbnail-height":1,"medium":"https:\/\/ticsalutsocial.atoom.space\/wp-content\/uploads\/2023\/12\/certificacio-icona-02.svg","medium-width":1,"medium-height":1,"medium_large":"https:\/\/ticsalutsocial.atoom.space\/wp-content\/uploads\/2023\/12\/certificacio-icona-02.svg","medium_large-width":1,"medium_large-height":1,"large":"https:\/\/ticsalutsocial.atoom.space\/wp-content\/uploads\/2023\/12\/certificacio-icona-02.svg","large-width":1,"large-height":1,"1536x1536":"https:\/\/ticsalutsocial.atoom.space\/wp-content\/uploads\/2023\/12\/certificacio-icona-02.svg","1536x1536-width":1,"1536x1536-height":1,"2048x2048":"https:\/\/ticsalutsocial.atoom.space\/wp-content\/uploads\/2023\/12\/certificacio-icona-02.svg","2048x2048-width":1,"2048x2048-height":1}},"text":"<p><strong>Robustez tecnol\u00f3gica<\/strong>. Revisamos que la aplicaci\u00f3n funcione con eficiencia y fiabilidad desde el punto de vista tecnol\u00f3gico. La aplicaci\u00f3n debe adecuarse a unos m\u00ednimos de funcionalidad aceptables para el uso final garantizando robustez y consistencia.<\/p>\n"},{"icona":{"ID":24292,"id":24292,"title":"certificacio-icona-03","filename":"certificacio-icona-03.svg","filesize":4171,"url":"https:\/\/ticsalutsocial.atoom.space\/wp-content\/uploads\/2023\/12\/certificacio-icona-03.svg","link":"https:\/\/ticsalutsocial.atoom.space\/es\/que-fem\/activos-digitales-para-los-ciudadanos\/certificacio-icona-03-2\/","alt":"","author":"21","description":"","caption":"","name":"certificacio-icona-03-2","status":"inherit","uploaded_to":12969,"date":"2023-12-22 10:08:56","modified":"2023-12-22 10:08:56","menu_order":0,"mime_type":"image\/svg+xml","type":"image","subtype":"svg+xml","icon":"https:\/\/ticsalutsocial.atoom.space\/wp-includes\/images\/media\/default.png","width":1,"height":1,"sizes":{"thumbnail":"https:\/\/ticsalutsocial.atoom.space\/wp-content\/uploads\/2023\/12\/certificacio-icona-03.svg","thumbnail-width":1,"thumbnail-height":1,"medium":"https:\/\/ticsalutsocial.atoom.space\/wp-content\/uploads\/2023\/12\/certificacio-icona-03.svg","medium-width":1,"medium-height":1,"medium_large":"https:\/\/ticsalutsocial.atoom.space\/wp-content\/uploads\/2023\/12\/certificacio-icona-03.svg","medium_large-width":1,"medium_large-height":1,"large":"https:\/\/ticsalutsocial.atoom.space\/wp-content\/uploads\/2023\/12\/certificacio-icona-03.svg","large-width":1,"large-height":1,"1536x1536":"https:\/\/ticsalutsocial.atoom.space\/wp-content\/uploads\/2023\/12\/certificacio-icona-03.svg","1536x1536-width":1,"1536x1536-height":1,"2048x2048":"https:\/\/ticsalutsocial.atoom.space\/wp-content\/uploads\/2023\/12\/certificacio-icona-03.svg","2048x2048-width":1,"2048x2048-height":1}},"text":"<p><strong>Usabilidad, accesibilidad y dise\u00f1o<\/strong>. Comprobamos que la aplicaci\u00f3n presente un uso intuitivo y un dise\u00f1o adecuado a la funci\u00f3n requerida, garantizando el acceso universal e inclusivo a personas con diversidad funcional, para maximizar las ventajas que ofrece la tecnolog\u00eda.<\/p>\n"},{"icona":{"ID":24295,"id":24295,"title":"certificacio-icona-04","filename":"certificacio-icona-04.svg","filesize":4173,"url":"https:\/\/ticsalutsocial.atoom.space\/wp-content\/uploads\/2023\/12\/certificacio-icona-04.svg","link":"https:\/\/ticsalutsocial.atoom.space\/es\/que-fem\/activos-digitales-para-los-ciudadanos\/certificacio-icona-04-2\/","alt":"","author":"21","description":"","caption":"","name":"certificacio-icona-04-2","status":"inherit","uploaded_to":12969,"date":"2023-12-22 10:09:06","modified":"2023-12-22 10:09:06","menu_order":0,"mime_type":"image\/svg+xml","type":"image","subtype":"svg+xml","icon":"https:\/\/ticsalutsocial.atoom.space\/wp-includes\/images\/media\/default.png","width":1,"height":1,"sizes":{"thumbnail":"https:\/\/ticsalutsocial.atoom.space\/wp-content\/uploads\/2023\/12\/certificacio-icona-04.svg","thumbnail-width":1,"thumbnail-height":1,"medium":"https:\/\/ticsalutsocial.atoom.space\/wp-content\/uploads\/2023\/12\/certificacio-icona-04.svg","medium-width":1,"medium-height":1,"medium_large":"https:\/\/ticsalutsocial.atoom.space\/wp-content\/uploads\/2023\/12\/certificacio-icona-04.svg","medium_large-width":1,"medium_large-height":1,"large":"https:\/\/ticsalutsocial.atoom.space\/wp-content\/uploads\/2023\/12\/certificacio-icona-04.svg","large-width":1,"large-height":1,"1536x1536":"https:\/\/ticsalutsocial.atoom.space\/wp-content\/uploads\/2023\/12\/certificacio-icona-04.svg","1536x1536-width":1,"1536x1536-height":1,"2048x2048":"https:\/\/ticsalutsocial.atoom.space\/wp-content\/uploads\/2023\/12\/certificacio-icona-04.svg","2048x2048-width":1,"2048x2048-height":1}},"text":"<p><strong>Seguridad y privacidad de los datos.<\/strong> Garantizamos la existencia de mecanismos para preservar la privacidad de los datos generados por los usuarios y la confidencialidad en su transmisi\u00f3n. Aseguramos el adecuado almacenamiento de la informaci\u00f3n y que se establezcan mecanismos de encriptaci\u00f3n para registrar contrase\u00f1as de acceso.<\/p>\n"}]},{"acf_fc_layout":"texte","mostrar_numero":false,"backcolor":"blanc","titol":"","texte":"<p style=\"text-align: justify;\"><strong>\u00bfQuieres certificar la calidad de tu aplicaci\u00f3n?<\/strong> Haz el<a href=\"https:\/\/ticsalutsocial.atoom.space\/es\/que-fem\/actiusdigitals\/test-dautoavaluacio\/\"> Test de autoevaluaci\u00f3n<\/a> para saber el grado de madurez de tu aplicaci\u00f3n y saber si est\u00e1 preparada para iniciar un proceso de certificaci\u00f3n. Si lo est\u00e1, puedes solicitar la certificaci\u00f3n de tu App poni\u00e9ndote en contacto con nosotros por correo electr\u00f3nico a <a href=\"mailto:oficinamobilitat@ticsalutsocial.cat\">oficinamobilitat@ticsalutsocial.cat.<\/a> Te asesoraremos para garantizar que tu app re\u00fana los requerimientos indispensables de calidad y fiabilidad.<\/p>\n<p style=\"text-align: justify;\">Consulta todos los documentos e informaci\u00f3n para saber qu\u00e9 necesitas tener en cuenta para superar el proceso de certificaci\u00f3n en la pesta\u00f1a<\/p>\n<p style=\"text-align: justify;\"><em><strong><a href=\"https:\/\/ticsalutsocial.atoom.space\/es\/que-fem\/actiusdigitals\/documents-de-referencia\/\">Documentos de referencia.<\/a><\/strong><\/em><\/p>\n"},{"acf_fc_layout":"texte_gradient","mostrar_numero":false,"backcolor":"blanc","titol":"","texte_superior":"","texte_gradient":{"titol":"","contingut":"Para consultar informes y documentos sobre esta tem\u00e1tica pulse en la pesta\u00f1a superior de 'Documentos de referencia'","icona":13267},"texte_inferior":""}]},"ancora":"mhealth-es"},"yoast_head":"<!-- This site is optimized with the Yoast SEO plugin v27.1.1 - https:\/\/yoast.com\/product\/yoast-seo-wordpress\/ -->\n<title>Activos digitales para los ciudadanos - Fundaci\u00f3 TIC Salut i Social<\/title>\n<meta name=\"robots\" content=\"index, follow, max-snippet:-1, max-image-preview:large, max-video-preview:-1\" \/>\n<link rel=\"canonical\" href=\"https:\/\/ticsalutsocial.atoom.space\/es\/que-fem\/activos-digitales-para-los-ciudadanos\/\" \/>\n<meta property=\"og:locale\" content=\"es_ES\" \/>\n<meta property=\"og:type\" content=\"article\" \/>\n<meta property=\"og:title\" content=\"Activos digitales para los ciudadanos - Fundaci\u00f3 TIC Salut i Social\" \/>\n<meta property=\"og:url\" content=\"https:\/\/ticsalutsocial.atoom.space\/es\/que-fem\/activos-digitales-para-los-ciudadanos\/\" \/>\n<meta property=\"og:site_name\" content=\"Fundaci\u00f3 TIC Salut i Social\" \/>\n<meta property=\"article:modified_time\" content=\"2025-04-15T08:12:11+00:00\" \/>\n<meta name=\"twitter:card\" content=\"summary_large_image\" \/>\n<script type=\"application\/ld+json\" class=\"yoast-schema-graph\">{\"@context\":\"https:\/\/schema.org\",\"@graph\":[{\"@type\":\"WebPage\",\"@id\":\"https:\/\/ticsalutsocial.atoom.space\/es\/que-fem\/activos-digitales-para-los-ciudadanos\/\",\"url\":\"https:\/\/ticsalutsocial.atoom.space\/es\/que-fem\/activos-digitales-para-los-ciudadanos\/\",\"name\":\"Activos digitales para los ciudadanos - Fundaci\u00f3 TIC Salut i Social\",\"isPartOf\":{\"@id\":\"https:\/\/ticsalutsocial.atoom.space\/es\/#website\"},\"datePublished\":\"2022-08-01T07:27:48+00:00\",\"dateModified\":\"2025-04-15T08:12:11+00:00\",\"breadcrumb\":{\"@id\":\"https:\/\/ticsalutsocial.atoom.space\/es\/que-fem\/activos-digitales-para-los-ciudadanos\/#breadcrumb\"},\"inLanguage\":\"es\",\"potentialAction\":[{\"@type\":\"ReadAction\",\"target\":[\"https:\/\/ticsalutsocial.atoom.space\/es\/que-fem\/activos-digitales-para-los-ciudadanos\/\"]}]},{\"@type\":\"BreadcrumbList\",\"@id\":\"https:\/\/ticsalutsocial.atoom.space\/es\/que-fem\/activos-digitales-para-los-ciudadanos\/#breadcrumb\",\"itemListElement\":[{\"@type\":\"ListItem\",\"position\":1,\"name\":\"Inici\",\"item\":\"https:\/\/ticsalutsocial.atoom.space\/es\/\"},{\"@type\":\"ListItem\",\"position\":2,\"name\":\"Que Fem\",\"item\":\"https:\/\/ticsalutsocial.atoom.space\/es\/que-fem\/\"},{\"@type\":\"ListItem\",\"position\":3,\"name\":\"Activos digitales para los ciudadanos\"}]},{\"@type\":\"WebSite\",\"@id\":\"https:\/\/ticsalutsocial.atoom.space\/es\/#website\",\"url\":\"https:\/\/ticsalutsocial.atoom.space\/es\/\",\"name\":\"Fundaci\u00f3 TIC Salut i Social\",\"description\":\"\",\"potentialAction\":[{\"@type\":\"SearchAction\",\"target\":{\"@type\":\"EntryPoint\",\"urlTemplate\":\"https:\/\/ticsalutsocial.atoom.space\/es\/?s={search_term_string}\"},\"query-input\":{\"@type\":\"PropertyValueSpecification\",\"valueRequired\":true,\"valueName\":\"search_term_string\"}}],\"inLanguage\":\"es\"}]}<\/script>\n<!-- \/ Yoast SEO plugin. -->","yoast_head_json":{"title":"Activos digitales para los ciudadanos - Fundaci\u00f3 TIC Salut i Social","robots":{"index":"index","follow":"follow","max-snippet":"max-snippet:-1","max-image-preview":"max-image-preview:large","max-video-preview":"max-video-preview:-1"},"canonical":"https:\/\/ticsalutsocial.atoom.space\/es\/que-fem\/activos-digitales-para-los-ciudadanos\/","og_locale":"es_ES","og_type":"article","og_title":"Activos digitales para los ciudadanos - Fundaci\u00f3 TIC Salut i Social","og_url":"https:\/\/ticsalutsocial.atoom.space\/es\/que-fem\/activos-digitales-para-los-ciudadanos\/","og_site_name":"Fundaci\u00f3 TIC Salut i Social","article_modified_time":"2025-04-15T08:12:11+00:00","twitter_card":"summary_large_image","schema":{"@context":"https:\/\/schema.org","@graph":[{"@type":"WebPage","@id":"https:\/\/ticsalutsocial.atoom.space\/es\/que-fem\/activos-digitales-para-los-ciudadanos\/","url":"https:\/\/ticsalutsocial.atoom.space\/es\/que-fem\/activos-digitales-para-los-ciudadanos\/","name":"Activos digitales para los ciudadanos - Fundaci\u00f3 TIC Salut i Social","isPartOf":{"@id":"https:\/\/ticsalutsocial.atoom.space\/es\/#website"},"datePublished":"2022-08-01T07:27:48+00:00","dateModified":"2025-04-15T08:12:11+00:00","breadcrumb":{"@id":"https:\/\/ticsalutsocial.atoom.space\/es\/que-fem\/activos-digitales-para-los-ciudadanos\/#breadcrumb"},"inLanguage":"es","potentialAction":[{"@type":"ReadAction","target":["https:\/\/ticsalutsocial.atoom.space\/es\/que-fem\/activos-digitales-para-los-ciudadanos\/"]}]},{"@type":"BreadcrumbList","@id":"https:\/\/ticsalutsocial.atoom.space\/es\/que-fem\/activos-digitales-para-los-ciudadanos\/#breadcrumb","itemListElement":[{"@type":"ListItem","position":1,"name":"Inici","item":"https:\/\/ticsalutsocial.atoom.space\/es\/"},{"@type":"ListItem","position":2,"name":"Que Fem","item":"https:\/\/ticsalutsocial.atoom.space\/es\/que-fem\/"},{"@type":"ListItem","position":3,"name":"Activos digitales para los ciudadanos"}]},{"@type":"WebSite","@id":"https:\/\/ticsalutsocial.atoom.space\/es\/#website","url":"https:\/\/ticsalutsocial.atoom.space\/es\/","name":"Fundaci\u00f3 TIC Salut i Social","description":"","potentialAction":[{"@type":"SearchAction","target":{"@type":"EntryPoint","urlTemplate":"https:\/\/ticsalutsocial.atoom.space\/es\/?s={search_term_string}"},"query-input":{"@type":"PropertyValueSpecification","valueRequired":true,"valueName":"search_term_string"}}],"inLanguage":"es"}]}},"_links":{"self":[{"href":"https:\/\/ticsalutsocial.atoom.space\/es\/wp-json\/wp\/v2\/pages\/12969","targetHints":{"allow":["GET"]}}],"collection":[{"href":"https:\/\/ticsalutsocial.atoom.space\/es\/wp-json\/wp\/v2\/pages"}],"about":[{"href":"https:\/\/ticsalutsocial.atoom.space\/es\/wp-json\/wp\/v2\/types\/page"}],"author":[{"embeddable":true,"href":"https:\/\/ticsalutsocial.atoom.space\/es\/wp-json\/wp\/v2\/users\/12"}],"replies":[{"embeddable":true,"href":"https:\/\/ticsalutsocial.atoom.space\/es\/wp-json\/wp\/v2\/comments?post=12969"}],"version-history":[{"count":25,"href":"https:\/\/ticsalutsocial.atoom.space\/es\/wp-json\/wp\/v2\/pages\/12969\/revisions"}],"predecessor-version":[{"id":25597,"href":"https:\/\/ticsalutsocial.atoom.space\/es\/wp-json\/wp\/v2\/pages\/12969\/revisions\/25597"}],"up":[{"embeddable":true,"href":"https:\/\/ticsalutsocial.atoom.space\/es\/wp-json\/wp\/v2\/pages\/24861"}],"wp:attachment":[{"href":"https:\/\/ticsalutsocial.atoom.space\/es\/wp-json\/wp\/v2\/media?parent=12969"}],"wp:term":[{"taxonomy":"tipus","embeddable":true,"href":"https:\/\/ticsalutsocial.atoom.space\/es\/wp-json\/wp\/v2\/tipus?post=12969"}],"curies":[{"name":"wp","href":"https:\/\/api.w.org\/{rel}","templated":true}]}}