
{"id":12978,"date":"2022-08-01T09:41:02","date_gmt":"2022-08-01T07:41:02","guid":{"rendered":"https:\/\/ticsalutsocial.atoom.space\/test-dautoavaluacio\/"},"modified":"2025-07-10T12:36:08","modified_gmt":"2025-07-10T10:36:08","slug":"test-dautoavaluacio","status":"publish","type":"page","link":"https:\/\/ticsalutsocial.atoom.space\/es\/que-fem\/activos-digitales-para-los-ciudadanos\/test-dautoavaluacio\/","title":{"rendered":"Test de autoevaluaci\u00f3n"},"content":{"rendered":"","protected":false},"excerpt":{"rendered":"","protected":false},"author":12,"featured_media":0,"parent":12969,"menu_order":0,"comment_status":"closed","ping_status":"closed","template":"page-templates\/mhealth.php","meta":{"_acf_changed":false,"inline_featured_image":false,"footnotes":""},"tipus":[],"class_list":["post-12978","page","type-page","status-publish","hentry"],"acf":{"finalitzat":false,"tipus_plantilla":"seccions","template_seccions":{"objectius":{"titol":"","objectius":false},"cont_flex":[{"acf_fc_layout":"bloc_acordio","mostrar_numero":false,"backcolor":"gris","titol":"Test de autoevaluaci\u00f3n","introduccio":"<h4><strong>A continuaci\u00f3n encontrar\u00e1 un breve test de autoevaluaci\u00f3n que le permitir\u00e1 conocer el grado de madurez de su activo digital y saber si est\u00e1 alineado con la normativa europea\u00a0CEN ISO\/TS 82304-2. Un resultado positivo le indicar\u00e1 que su activo digital est\u00e1 preparado para iniciar el proceso de certificaci\u00f3n.<\/strong><\/h4>\n<p>El test contiene 40 preguntas simples, de respuesta tipo S\u00ed\/No, separadas en 4 \u00e1mbitos.<\/p>\n<p>Recuerde completar todas las preguntas y ser riguroso con las respuestas.<\/p>\n<p>Cuando finalice el test, recibir\u00e1 una orientaci\u00f3n por escrito, y sabr\u00e1 lo preparado que est\u00e1 su activo digital para afrontar la evaluaci\u00f3n de la Fundaci\u00f3n TIC Salud Social.<\/p>\n","acordio":[{"titol":"Haga el test","contingut":"<h3><a href=\"https:\/\/forms.zohopublic.eu\/FTSS\/form\/TestdAutoavaluacidActiusDigitalsdeSalutiSocial\/formperma\/THE1XJgeqGDP1zep8DyxdzXWgOYuJwuelg4QCFvId3I\">Pulse aqu\u00ed para acceder<\/a><\/h3>\n","quiz":false,"preguntes_quiz":[{"classe":"USABILIDAD","pregunta":"\u00bfLos elementos principales (texto, im\u00e1genes, botones, etc.) son identificables, f\u00e1ciles de usar y est\u00e1n dispuestos respetando m\u00e1rgenes y distancias? \u00bfLos elementos est\u00e1n proporcionados y se adaptan a cualquier dispositivo?","resposta_correcte":"Si","exemple":""},{"classe":"USABILIDAD","pregunta":"\u00bfLa fuente del texto es inteligible y de f\u00e1cil lectura?","resposta_correcte":"Si","exemple":"<span>EJEMPLO<\/span><br>\r\nQue permita la introducci\u00f3n de caracteres \u00e1rabes o cir\u00edlicos en el registro de los nombres propios."},{"classe":"USABILIDAD","pregunta":"En el \u00e1mbito de la introducci\u00f3n de texto, \u00bfse aceptan todos los caracteres internacionales?","resposta_correcte":"Si","exemple":""},{"classe":"\u00c1MBITO TECNOL\u00d3GICO","pregunta":"\u00bfEs estable, no se detiene de forma deliberada, no se bloquea y admite los cambios de contexto?","resposta_correcte":"Si","exemple":"Todos los botones tienen la misma forma o apariencia.\r\nLas im\u00e1genes no se sobreponen y est\u00e1n bien dimensionadas en distintas resoluciones de pantalla."},{"classe":"USABILIDAD","pregunta":"\u00bfEl proceso de registro y el acceso al servicio son \u00e1giles y r\u00e1pidos?","resposta_correcte":"Si","exemple":""},{"classe":"USABILIDAD","pregunta":"\u00bfLa navegaci\u00f3n es intuitiva, los iconos son comprensibles y la operativa es clara y bien estructurada?","resposta_correcte":"Si","exemple":""},{"classe":"USABILIDAD","pregunta":"\u00bfLas funcionalidades de la App (Gps, sensores, wearables, Glucometros, etc.) funcionan correctamente, se cargan con rapidez y se adaptan al p\u00fablico de la App?","resposta_correcte":"Si","exemple":"<span>CONSEJO<\/span><br>\r\nSi la App permite la recogida de datos mediante una pulsera cuantificadora, es imprescindible que \u00e9sta se empareje de forma sencilla con la app, que lo haga de forma continuada y con una transmisi\u00f3n fidedigna de los datos."},{"classe":"USABILIDAD","pregunta":"\u00bfSe han contemplado advertencias por el usuario, en casos de error serio (cierre de la App) o para confirmar \u00f3rdenes destructivas (eliminaci\u00f3n de datos)?","resposta_correcte":"Si","exemple":""},{"classe":"ACCESIBILIDAD","pregunta":"\u00bfHan tenido en cuenta aspectos como el contraste adecuado y la compatibilidad de la App con las herramientas que hacen accesible los contenidos a personas con diversidad funcional? (Voice over, magnificadores\u2026)","resposta_correcte":"Si","exemple":""},{"classe":"\u00c1MBITO TECNOL\u00d3GICO","pregunta":"\u00bfSe instala y desinstala adecuadamente?","resposta_correcte":"Si","exemple":""},{"classe":"\u00c1MBITO TECNOL\u00d3GICO","pregunta":"\u00bfInforma sobre el registro de los datos que se usan para su funcionamiento?","resposta_correcte":"Si","exemple":"<span>EJEMPLO<\/span><br>\r\nCumple con todo lo referente a la informaci\u00f3n que debe ofrecerse al ciudadano sobre captaci\u00f3n de sus datos, que est\u00e1 recogido en la RGPD"},{"classe":"\u00c1MBITO TECNOL\u00d3GICO","pregunta":"\u00bfEs estable, no se detiene de forma deliberada, no se bloquea y admite los cambios de contexto?","resposta_correcte":"Si","exemple":"<span>EJEMPLO<\/span><br>\r\nPermite un cambio fluido de una aplicaci\u00f3n a otra. Tambi\u00e9n permite recibir una llamada y devolver al punto donde estaba. Por ejemplo, si se estaba rellenando un formulario, que no se borren los datos que ya se hab\u00edan introducido."},{"classe":"\u00c1MBITO TECNOL\u00d3GICO","pregunta":"\u00bfHace un uso razonable de los recursos de red y avisa en el caso de mala calidad de conexi\u00f3n?","resposta_correcte":"Si","exemple":""},{"classe":"\u00c1MBITO TECNOL\u00d3GICO","pregunta":"\u00bfInforma y solicita los permisos necesarios para acceder a los diferentes servicios del dispositivo?","resposta_correcte":"Si","exemple":""},{"classe":"\u00c1MBITO TECNOL\u00d3GICO","pregunta":"\u00bfDispone de servicio de recuperaci\u00f3n de la palabra de paso\/contrase\u00f1a?","resposta_correcte":"Si","exemple":""},{"classe":"\u00c1MBITO TECNOL\u00d3GICO","pregunta":"\u00bfComprueba la introducci\u00f3n de datos err\u00f3neos?","resposta_correcte":"Si","exemple":"<span>EJEMPLO<\/span><br>\r\nRealiza una comprobaci\u00f3n autom\u00e1tica en la introducci\u00f3n de datos y alerta al usuario para corregirlo. Ejemplo: Comprueba la validez de un DNI, aplica rangos de veracidad en la introducci\u00f3n de la temperatura corporal o la glucemia, ..."},{"classe":"\u00c1MBITO DE SEGURIDAD Y PRIVACIDAD","pregunta":"\u00bfLos datos recogidos son imprescindibles para el funcionamiento de la App? \u00bfSe informa al usuario de que son recogidas, con qu\u00e9 finalidad y qui\u00e9n tendr\u00e1 acceso?","resposta_correcte":"Si","exemple":""},{"classe":"\u00c1MBITO DE SEGURIDAD Y PRIVACIDAD","pregunta":"\u00bfLa App dispone de un registro de actividades de tratamiento de los datos?","resposta_correcte":"Si","exemple":"<span>EJEMPLO<\/span><br>\r\nLos responsables y encargados del tratamiento deben llevar un registro de las actividades de tratamiento que llevan a cabo. Este registro debe contener, respecto de cada actividad, la informaci\u00f3n que establece el art\u00edculo 30 del RGPD. Esta informaci\u00f3n incluye cuestiones como las siguientes:<br>\r\n\u00b7 Nombre y datos de contacto del responsable y, en su caso, del corresponsable, as\u00ed como del delegado de protecci\u00f3n de datos, si los hubiere.<br>\r\n\u00b7 Finalidades del tratamiento.<br>\r\n\u00b7 Descripci\u00f3n de categor\u00edas de interesados y categor\u00edas de datos personales tratados.<br>\r\n\u00b7 Transferencias internacionales de datos.<br>\r\n\u00b7 Cuando sea posible, los plazos previstos para suprimir los datos.<br>\r\n\u00b7 Cuando sea posible, una descripci\u00f3n general de las medidas t\u00e9cnicas y organizativas de seguridad."},{"classe":"\u00c1MBITO DE SEGURIDAD Y PRIVACIDAD","pregunta":"\u00bfDispone la App de una an\u00e1lisis de riesgos?","resposta_correcte":"Si","exemple":""},{"classe":"\u00c1MBITO DE SEGURIDAD Y PRIVACIDAD","pregunta":"Cumple con las medidas de seguridad pertinentes, en materia de protecci\u00f3n de datos (Reducir, Cifrar, Garantizar, Restaurar y Evaluar)","resposta_correcte":"Si","exemple":""},{"classe":"\u00c1MBITO DE SEGURIDAD Y PRIVACIDAD","pregunta":"\u00bfDispone de una evaluaci\u00f3n de impacto sobre los derechos y libertades de los ciudadanos?","resposta_correcte":"Si","exemple":""},{"classe":"\u00c1MBITO DE SEGURIDAD Y PRIVACIDAD","pregunta":"Las contrase\u00f1as no se muestran directamente y si se guardan en el dispositivo, \u00bfest\u00e1n encriptadas?","resposta_correcte":"Si","exemple":""},{"classe":"\u00c1MBITO DE SEGURIDAD Y PRIVACIDAD","pregunta":"\u00bfLos canales de comunicaci\u00f3n est\u00e1n encriptados cuando se tratan datos de salud?","resposta_correcte":"Si","exemple":""},{"classe":"\u00c1MBITO DE SEGURIDAD Y PRIVACIDAD","pregunta":"\u00bfLos mecanismos de autenticaci\u00f3n son un est\u00e1ndar? (Basic, OAuth, OpenId, etc)","resposta_correcte":"Si","exemple":""},{"classe":"\u00c1MBITO DE SEGURIDAD Y PRIVACIDAD","pregunta":"\u00bfSe utilizan certificados de encriptaci\u00f3n v\u00e1lidos por una organizaci\u00f3n reconocida?","resposta_correcte":"Si","exemple":""},{"classe":"\u00c1MBITO FUNCIONAL","pregunta":"\u00bfEl t\u00edtulo o la descripci\u00f3n de la App son claros y definen al p\u00fablico al que se dirigen?","resposta_correcte":"Si","exemple":""},{"classe":"\u00c1MBITO FUNCIONAL","pregunta":"\u00bfLas funcionalidades de utilidad y\/o beneficios para el usuario que incorpora la App est\u00e1n bien especificadas, ya su alcance?","resposta_correcte":"Si","exemple":"<span>EJEMPLO<\/span><br>\r\nDurante el proceso de instalaci\u00f3n se especifican los beneficios y\/o la utilidad de la App. Tambi\u00e9n puede incorporarse en el apartado de informaci\u00f3n."},{"classe":"\u00c1MBITO FUNCIONAL","pregunta":"\u00bfSe exponen de forma clara qui\u00e9n es el propietario de la App y las fuentes de financiaci\u00f3n, promoci\u00f3n o patrocinio?","resposta_correcte":"Si","exemple":""},{"classe":"\u00c1MBITO FUNCIONAL","pregunta":"\u00bfSe especifican los responsables de la App y los autores de los contenidos?","resposta_correcte":"Si","exemple":"<span>EJEMPLO<\/span><br>\r\nEl responsable de la App es el centro Hospitalario (...) y las autoras del contenido son la Enfermera Alba (...) y la psic\u00f3loga cl\u00ednica Joana (...)"},{"classe":"\u00c1MBITO FUNCIONAL","pregunta":"\u00bfSe indican las fuentes de informaci\u00f3n basadas en la evidencia cient\u00edfica, utilizadas para elaborar el contenido y cu\u00e1ndo se actualizan?","resposta_correcte":"Si","exemple":"<span>EJEMPLO<\/span><br>\r\nAl final del contenido aportado, se incorporar\u00eda la fuente:\r\nVenkatesh, A., & Edirappuli, S. (2020). Social distancing in covid-19: what are the mental health implications? Bmj, 369."},{"classe":"\u00c1MBITO FUNCIONAL","pregunta":"\u00bfSe informa al usuario de los riesgos que comporta utilizar la App?","resposta_correcte":"Si","exemple":"<span>EJEMPLO<\/span><br>\r\nDurante el proceso de instalaci\u00f3n se especifican los riesgos que comporta la utilizaci\u00f3n de la App.\r\nTambi\u00e9n puede incorporarse en el apartado de informaci\u00f3n."},{"classe":"\u00c1MBITO FUNCIONAL","pregunta":"\u00bfSe ponen a disposici\u00f3n del usuario mecanismos de ayuda y contacto?","resposta_correcte":"Si","exemple":""}],"resultats_general":false,"info_resultats":false,"formulari":false,"formulari_shortcode":""}],"texte":""}]}},"yoast_head":"<!-- This site is optimized with the Yoast SEO plugin v27.1.1 - https:\/\/yoast.com\/product\/yoast-seo-wordpress\/ -->\n<title>Test de autoevaluaci\u00f3n - Fundaci\u00f3 TIC Salut i Social<\/title>\n<meta name=\"robots\" content=\"index, follow, max-snippet:-1, max-image-preview:large, max-video-preview:-1\" \/>\n<link rel=\"canonical\" href=\"https:\/\/ticsalutsocial.atoom.space\/es\/que-fem\/activos-digitales-para-los-ciudadanos\/test-dautoavaluacio\/\" \/>\n<meta property=\"og:locale\" content=\"es_ES\" \/>\n<meta property=\"og:type\" content=\"article\" \/>\n<meta property=\"og:title\" content=\"Test de autoevaluaci\u00f3n - Fundaci\u00f3 TIC Salut i Social\" \/>\n<meta property=\"og:url\" content=\"https:\/\/ticsalutsocial.atoom.space\/es\/que-fem\/activos-digitales-para-los-ciudadanos\/test-dautoavaluacio\/\" \/>\n<meta property=\"og:site_name\" content=\"Fundaci\u00f3 TIC Salut i Social\" \/>\n<meta property=\"article:modified_time\" content=\"2025-07-10T10:36:08+00:00\" \/>\n<meta name=\"twitter:card\" content=\"summary_large_image\" \/>\n<script type=\"application\/ld+json\" class=\"yoast-schema-graph\">{\"@context\":\"https:\/\/schema.org\",\"@graph\":[{\"@type\":\"WebPage\",\"@id\":\"https:\/\/ticsalutsocial.atoom.space\/es\/que-fem\/activos-digitales-para-los-ciudadanos\/test-dautoavaluacio\/\",\"url\":\"https:\/\/ticsalutsocial.atoom.space\/es\/que-fem\/activos-digitales-para-los-ciudadanos\/test-dautoavaluacio\/\",\"name\":\"Test de autoevaluaci\u00f3n - Fundaci\u00f3 TIC Salut i Social\",\"isPartOf\":{\"@id\":\"https:\/\/ticsalutsocial.atoom.space\/es\/#website\"},\"datePublished\":\"2022-08-01T07:41:02+00:00\",\"dateModified\":\"2025-07-10T10:36:08+00:00\",\"breadcrumb\":{\"@id\":\"https:\/\/ticsalutsocial.atoom.space\/es\/que-fem\/activos-digitales-para-los-ciudadanos\/test-dautoavaluacio\/#breadcrumb\"},\"inLanguage\":\"es\",\"potentialAction\":[{\"@type\":\"ReadAction\",\"target\":[\"https:\/\/ticsalutsocial.atoom.space\/es\/que-fem\/activos-digitales-para-los-ciudadanos\/test-dautoavaluacio\/\"]}]},{\"@type\":\"BreadcrumbList\",\"@id\":\"https:\/\/ticsalutsocial.atoom.space\/es\/que-fem\/activos-digitales-para-los-ciudadanos\/test-dautoavaluacio\/#breadcrumb\",\"itemListElement\":[{\"@type\":\"ListItem\",\"position\":1,\"name\":\"Inici\",\"item\":\"https:\/\/ticsalutsocial.atoom.space\/es\/\"},{\"@type\":\"ListItem\",\"position\":2,\"name\":\"Que Fem\",\"item\":\"https:\/\/ticsalutsocial.atoom.space\/es\/que-fem\/\"},{\"@type\":\"ListItem\",\"position\":3,\"name\":\"Activos digitales para los ciudadanos\",\"item\":\"https:\/\/ticsalutsocial.atoom.space\/es\/que-fem\/activos-digitales-para-los-ciudadanos\/\"},{\"@type\":\"ListItem\",\"position\":4,\"name\":\"Test de autoevaluaci\u00f3n\"}]},{\"@type\":\"WebSite\",\"@id\":\"https:\/\/ticsalutsocial.atoom.space\/es\/#website\",\"url\":\"https:\/\/ticsalutsocial.atoom.space\/es\/\",\"name\":\"Fundaci\u00f3 TIC Salut i Social\",\"description\":\"\",\"potentialAction\":[{\"@type\":\"SearchAction\",\"target\":{\"@type\":\"EntryPoint\",\"urlTemplate\":\"https:\/\/ticsalutsocial.atoom.space\/es\/?s={search_term_string}\"},\"query-input\":{\"@type\":\"PropertyValueSpecification\",\"valueRequired\":true,\"valueName\":\"search_term_string\"}}],\"inLanguage\":\"es\"}]}<\/script>\n<!-- \/ Yoast SEO plugin. -->","yoast_head_json":{"title":"Test de autoevaluaci\u00f3n - Fundaci\u00f3 TIC Salut i Social","robots":{"index":"index","follow":"follow","max-snippet":"max-snippet:-1","max-image-preview":"max-image-preview:large","max-video-preview":"max-video-preview:-1"},"canonical":"https:\/\/ticsalutsocial.atoom.space\/es\/que-fem\/activos-digitales-para-los-ciudadanos\/test-dautoavaluacio\/","og_locale":"es_ES","og_type":"article","og_title":"Test de autoevaluaci\u00f3n - Fundaci\u00f3 TIC Salut i Social","og_url":"https:\/\/ticsalutsocial.atoom.space\/es\/que-fem\/activos-digitales-para-los-ciudadanos\/test-dautoavaluacio\/","og_site_name":"Fundaci\u00f3 TIC Salut i Social","article_modified_time":"2025-07-10T10:36:08+00:00","twitter_card":"summary_large_image","schema":{"@context":"https:\/\/schema.org","@graph":[{"@type":"WebPage","@id":"https:\/\/ticsalutsocial.atoom.space\/es\/que-fem\/activos-digitales-para-los-ciudadanos\/test-dautoavaluacio\/","url":"https:\/\/ticsalutsocial.atoom.space\/es\/que-fem\/activos-digitales-para-los-ciudadanos\/test-dautoavaluacio\/","name":"Test de autoevaluaci\u00f3n - Fundaci\u00f3 TIC Salut i Social","isPartOf":{"@id":"https:\/\/ticsalutsocial.atoom.space\/es\/#website"},"datePublished":"2022-08-01T07:41:02+00:00","dateModified":"2025-07-10T10:36:08+00:00","breadcrumb":{"@id":"https:\/\/ticsalutsocial.atoom.space\/es\/que-fem\/activos-digitales-para-los-ciudadanos\/test-dautoavaluacio\/#breadcrumb"},"inLanguage":"es","potentialAction":[{"@type":"ReadAction","target":["https:\/\/ticsalutsocial.atoom.space\/es\/que-fem\/activos-digitales-para-los-ciudadanos\/test-dautoavaluacio\/"]}]},{"@type":"BreadcrumbList","@id":"https:\/\/ticsalutsocial.atoom.space\/es\/que-fem\/activos-digitales-para-los-ciudadanos\/test-dautoavaluacio\/#breadcrumb","itemListElement":[{"@type":"ListItem","position":1,"name":"Inici","item":"https:\/\/ticsalutsocial.atoom.space\/es\/"},{"@type":"ListItem","position":2,"name":"Que Fem","item":"https:\/\/ticsalutsocial.atoom.space\/es\/que-fem\/"},{"@type":"ListItem","position":3,"name":"Activos digitales para los ciudadanos","item":"https:\/\/ticsalutsocial.atoom.space\/es\/que-fem\/activos-digitales-para-los-ciudadanos\/"},{"@type":"ListItem","position":4,"name":"Test de autoevaluaci\u00f3n"}]},{"@type":"WebSite","@id":"https:\/\/ticsalutsocial.atoom.space\/es\/#website","url":"https:\/\/ticsalutsocial.atoom.space\/es\/","name":"Fundaci\u00f3 TIC Salut i Social","description":"","potentialAction":[{"@type":"SearchAction","target":{"@type":"EntryPoint","urlTemplate":"https:\/\/ticsalutsocial.atoom.space\/es\/?s={search_term_string}"},"query-input":{"@type":"PropertyValueSpecification","valueRequired":true,"valueName":"search_term_string"}}],"inLanguage":"es"}]}},"_links":{"self":[{"href":"https:\/\/ticsalutsocial.atoom.space\/es\/wp-json\/wp\/v2\/pages\/12978","targetHints":{"allow":["GET"]}}],"collection":[{"href":"https:\/\/ticsalutsocial.atoom.space\/es\/wp-json\/wp\/v2\/pages"}],"about":[{"href":"https:\/\/ticsalutsocial.atoom.space\/es\/wp-json\/wp\/v2\/types\/page"}],"author":[{"embeddable":true,"href":"https:\/\/ticsalutsocial.atoom.space\/es\/wp-json\/wp\/v2\/users\/12"}],"replies":[{"embeddable":true,"href":"https:\/\/ticsalutsocial.atoom.space\/es\/wp-json\/wp\/v2\/comments?post=12978"}],"version-history":[{"count":11,"href":"https:\/\/ticsalutsocial.atoom.space\/es\/wp-json\/wp\/v2\/pages\/12978\/revisions"}],"predecessor-version":[{"id":33104,"href":"https:\/\/ticsalutsocial.atoom.space\/es\/wp-json\/wp\/v2\/pages\/12978\/revisions\/33104"}],"up":[{"embeddable":true,"href":"https:\/\/ticsalutsocial.atoom.space\/es\/wp-json\/wp\/v2\/pages\/12969"}],"wp:attachment":[{"href":"https:\/\/ticsalutsocial.atoom.space\/es\/wp-json\/wp\/v2\/media?parent=12978"}],"wp:term":[{"taxonomy":"tipus","embeddable":true,"href":"https:\/\/ticsalutsocial.atoom.space\/es\/wp-json\/wp\/v2\/tipus?post=12978"}],"curies":[{"name":"wp","href":"https:\/\/api.w.org\/{rel}","templated":true}]}}