
{"id":12987,"date":"2022-07-21T15:29:32","date_gmt":"2022-07-21T13:29:32","guid":{"rendered":"https:\/\/ticsalutsocial.atoom.space\/biblioteca-ticss\/"},"modified":"2024-02-27T16:52:34","modified_gmt":"2024-02-27T14:52:34","slug":"publicaciones","status":"publish","type":"page","link":"https:\/\/ticsalutsocial.atoom.space\/es\/publicaciones\/","title":{"rendered":"Publicaciones"},"content":{"rendered":"<h3>A continuaci\u00f3n puedes consultar y descargar todos los documentos publicados en la fundaci\u00f3n.<\/h3>\n<h3><\/h3>\n<h3>\nAqu\u00ed encontrar\u00e1s informes, gu\u00edas, art\u00edculos cient\u00edficos o infograf\u00edas de las distintas \u00e1reas de trabajo de nuestra organizaci\u00f3n.<\/h3>\n","protected":false},"excerpt":{"rendered":"<p>A continuaci\u00f3n puedes consultar y descargar todos los documentos publicados en la fundaci\u00f3n. Aqu\u00ed encontrar\u00e1s informes, gu\u00edas, art\u00edculos cient\u00edficos o infograf\u00edas de las distintas \u00e1reas de trabajo de nuestra organizaci\u00f3n.<\/p>\n","protected":false},"author":12,"featured_media":0,"parent":0,"menu_order":0,"comment_status":"closed","ping_status":"closed","template":"page-templates\/repo_documents.php","meta":{"_acf_changed":false,"inline_featured_image":false,"footnotes":""},"tipus":[],"class_list":["post-12987","page","type-page","status-publish","hentry"],"acf":[],"yoast_head":"<!-- This site is optimized with the Yoast SEO plugin v27.1.1 - https:\/\/yoast.com\/product\/yoast-seo-wordpress\/ -->\n<title>Publicaciones - Fundaci\u00f3 TIC Salut i Social<\/title>\n<meta name=\"robots\" content=\"index, follow, max-snippet:-1, max-image-preview:large, max-video-preview:-1\" \/>\n<link rel=\"canonical\" href=\"https:\/\/ticsalutsocial.atoom.space\/es\/publicaciones\/\" \/>\n<meta property=\"og:locale\" content=\"es_ES\" \/>\n<meta property=\"og:type\" content=\"article\" \/>\n<meta property=\"og:title\" content=\"Publicaciones - Fundaci\u00f3 TIC Salut i Social\" \/>\n<meta property=\"og:description\" content=\"A continuaci\u00f3n puedes consultar y descargar todos los documentos publicados en la fundaci\u00f3n. Aqu\u00ed encontrar\u00e1s informes, gu\u00edas, art\u00edculos cient\u00edficos o infograf\u00edas de las distintas \u00e1reas de trabajo de nuestra organizaci\u00f3n.\" \/>\n<meta property=\"og:url\" content=\"https:\/\/ticsalutsocial.atoom.space\/es\/publicaciones\/\" \/>\n<meta property=\"og:site_name\" content=\"Fundaci\u00f3 TIC Salut i Social\" \/>\n<meta property=\"article:modified_time\" content=\"2024-02-27T14:52:34+00:00\" \/>\n<meta name=\"twitter:card\" content=\"summary_large_image\" \/>\n<meta name=\"twitter:label1\" content=\"Tiempo de lectura\" \/>\n\t<meta name=\"twitter:data1\" content=\"1 minuto\" \/>\n<script type=\"application\/ld+json\" class=\"yoast-schema-graph\">{\"@context\":\"https:\/\/schema.org\",\"@graph\":[{\"@type\":\"WebPage\",\"@id\":\"https:\/\/ticsalutsocial.atoom.space\/es\/publicaciones\/\",\"url\":\"https:\/\/ticsalutsocial.atoom.space\/es\/publicaciones\/\",\"name\":\"Publicaciones - Fundaci\u00f3 TIC Salut i Social\",\"isPartOf\":{\"@id\":\"https:\/\/ticsalutsocial.atoom.space\/es\/#website\"},\"datePublished\":\"2022-07-21T13:29:32+00:00\",\"dateModified\":\"2024-02-27T14:52:34+00:00\",\"breadcrumb\":{\"@id\":\"https:\/\/ticsalutsocial.atoom.space\/es\/publicaciones\/#breadcrumb\"},\"inLanguage\":\"es\",\"potentialAction\":[{\"@type\":\"ReadAction\",\"target\":[\"https:\/\/ticsalutsocial.atoom.space\/es\/publicaciones\/\"]}]},{\"@type\":\"BreadcrumbList\",\"@id\":\"https:\/\/ticsalutsocial.atoom.space\/es\/publicaciones\/#breadcrumb\",\"itemListElement\":[{\"@type\":\"ListItem\",\"position\":1,\"name\":\"Inici\",\"item\":\"https:\/\/ticsalutsocial.atoom.space\/es\/\"},{\"@type\":\"ListItem\",\"position\":2,\"name\":\"Publicaciones\"}]},{\"@type\":\"WebSite\",\"@id\":\"https:\/\/ticsalutsocial.atoom.space\/es\/#website\",\"url\":\"https:\/\/ticsalutsocial.atoom.space\/es\/\",\"name\":\"Fundaci\u00f3 TIC Salut i Social\",\"description\":\"\",\"potentialAction\":[{\"@type\":\"SearchAction\",\"target\":{\"@type\":\"EntryPoint\",\"urlTemplate\":\"https:\/\/ticsalutsocial.atoom.space\/es\/?s={search_term_string}\"},\"query-input\":{\"@type\":\"PropertyValueSpecification\",\"valueRequired\":true,\"valueName\":\"search_term_string\"}}],\"inLanguage\":\"es\"}]}<\/script>\n<!-- \/ Yoast SEO plugin. -->","yoast_head_json":{"title":"Publicaciones - Fundaci\u00f3 TIC Salut i Social","robots":{"index":"index","follow":"follow","max-snippet":"max-snippet:-1","max-image-preview":"max-image-preview:large","max-video-preview":"max-video-preview:-1"},"canonical":"https:\/\/ticsalutsocial.atoom.space\/es\/publicaciones\/","og_locale":"es_ES","og_type":"article","og_title":"Publicaciones - Fundaci\u00f3 TIC Salut i Social","og_description":"A continuaci\u00f3n puedes consultar y descargar todos los documentos publicados en la fundaci\u00f3n. Aqu\u00ed encontrar\u00e1s informes, gu\u00edas, art\u00edculos cient\u00edficos o infograf\u00edas de las distintas \u00e1reas de trabajo de nuestra organizaci\u00f3n.","og_url":"https:\/\/ticsalutsocial.atoom.space\/es\/publicaciones\/","og_site_name":"Fundaci\u00f3 TIC Salut i Social","article_modified_time":"2024-02-27T14:52:34+00:00","twitter_card":"summary_large_image","twitter_misc":{"Tiempo de lectura":"1 minuto"},"schema":{"@context":"https:\/\/schema.org","@graph":[{"@type":"WebPage","@id":"https:\/\/ticsalutsocial.atoom.space\/es\/publicaciones\/","url":"https:\/\/ticsalutsocial.atoom.space\/es\/publicaciones\/","name":"Publicaciones - Fundaci\u00f3 TIC Salut i Social","isPartOf":{"@id":"https:\/\/ticsalutsocial.atoom.space\/es\/#website"},"datePublished":"2022-07-21T13:29:32+00:00","dateModified":"2024-02-27T14:52:34+00:00","breadcrumb":{"@id":"https:\/\/ticsalutsocial.atoom.space\/es\/publicaciones\/#breadcrumb"},"inLanguage":"es","potentialAction":[{"@type":"ReadAction","target":["https:\/\/ticsalutsocial.atoom.space\/es\/publicaciones\/"]}]},{"@type":"BreadcrumbList","@id":"https:\/\/ticsalutsocial.atoom.space\/es\/publicaciones\/#breadcrumb","itemListElement":[{"@type":"ListItem","position":1,"name":"Inici","item":"https:\/\/ticsalutsocial.atoom.space\/es\/"},{"@type":"ListItem","position":2,"name":"Publicaciones"}]},{"@type":"WebSite","@id":"https:\/\/ticsalutsocial.atoom.space\/es\/#website","url":"https:\/\/ticsalutsocial.atoom.space\/es\/","name":"Fundaci\u00f3 TIC Salut i Social","description":"","potentialAction":[{"@type":"SearchAction","target":{"@type":"EntryPoint","urlTemplate":"https:\/\/ticsalutsocial.atoom.space\/es\/?s={search_term_string}"},"query-input":{"@type":"PropertyValueSpecification","valueRequired":true,"valueName":"search_term_string"}}],"inLanguage":"es"}]}},"_links":{"self":[{"href":"https:\/\/ticsalutsocial.atoom.space\/es\/wp-json\/wp\/v2\/pages\/12987","targetHints":{"allow":["GET"]}}],"collection":[{"href":"https:\/\/ticsalutsocial.atoom.space\/es\/wp-json\/wp\/v2\/pages"}],"about":[{"href":"https:\/\/ticsalutsocial.atoom.space\/es\/wp-json\/wp\/v2\/types\/page"}],"author":[{"embeddable":true,"href":"https:\/\/ticsalutsocial.atoom.space\/es\/wp-json\/wp\/v2\/users\/12"}],"replies":[{"embeddable":true,"href":"https:\/\/ticsalutsocial.atoom.space\/es\/wp-json\/wp\/v2\/comments?post=12987"}],"version-history":[{"count":10,"href":"https:\/\/ticsalutsocial.atoom.space\/es\/wp-json\/wp\/v2\/pages\/12987\/revisions"}],"predecessor-version":[{"id":25605,"href":"https:\/\/ticsalutsocial.atoom.space\/es\/wp-json\/wp\/v2\/pages\/12987\/revisions\/25605"}],"wp:attachment":[{"href":"https:\/\/ticsalutsocial.atoom.space\/es\/wp-json\/wp\/v2\/media?parent=12987"}],"wp:term":[{"taxonomy":"tipus","embeddable":true,"href":"https:\/\/ticsalutsocial.atoom.space\/es\/wp-json\/wp\/v2\/tipus?post=12987"}],"curies":[{"name":"wp","href":"https:\/\/api.w.org\/{rel}","templated":true}]}}