
{"id":13848,"date":"2021-06-15T17:40:23","date_gmt":"2021-06-15T15:40:23","guid":{"rendered":"https:\/\/ticsalutsocial.atoom.space\/dpd-salut\/"},"modified":"2024-02-27T17:33:19","modified_gmt":"2024-02-27T15:33:19","slug":"dpd-salut","status":"publish","type":"page","link":"https:\/\/ticsalutsocial.atoom.space\/es\/dpd-salut\/","title":{"rendered":"DPD Salud"},"content":{"rendered":"\n<div class=\"wp-block-columns is-layout-flex wp-container-core-columns-is-layout-9d6595d7 wp-block-columns-is-layout-flex\">\n<div class=\"wp-block-column is-layout-flow wp-block-column-is-layout-flow\">\n<h1 class=\"wp-block-heading\" id=\"dpd-salut\">DPD Salud<\/h1>\n<\/div>\n<\/div>\n","protected":false},"excerpt":{"rendered":"<p>DPD Salud<\/p>\n","protected":false},"author":21,"featured_media":0,"parent":0,"menu_order":0,"comment_status":"closed","ping_status":"closed","template":"page-templates\/dpdsalut.php","meta":{"_acf_changed":false,"inline_featured_image":false,"footnotes":""},"tipus":[],"class_list":["post-13848","page","type-page","status-publish","hentry"],"acf":{"contingut":[{"acf_fc_layout":"bloc_introductori_objectius","titol":"Bienvenidos a la Oficina del DPD de Salud","intro":"<h2>Desde la Oficina del DPD Salut velamos por informar y asesorar sobre las obligaciones que impone la normativa de protecci\u00f3n de datos.<\/h2>\n<h2>Supervisamos su cumplimiento y actuamos como punto de contacto para cuestiones relativas a su tratamiento.<\/h2>\n<h2>Los datos personales son propiedad de su titular, no de quien los gestiona, por tanto todas las personas tenemos el derecho fundamental a la protecci\u00f3n de nuestros datos personales:<\/h2>\n","objectius":[{"icona":24193,"objectiu":"<p>Derecho a <strong>poder controlar<\/strong> lo que se hace con estos datos.<\/p>\n"},{"icona":24170,"objectiu":"<p>Derecho a saber<strong> qui\u00e9n tiene informaci\u00f3n<\/strong> sobre nosotros, cu\u00e1l es esa informaci\u00f3n, de d\u00f3nde proviene, para qu\u00e9 finalidad tiene los datos y al que los facilita.<\/p>\n"},{"icona":24173,"objectiu":"<p>El DPD de Salu<strong>d vela de forma independiente<\/strong> para que las entidades adheridas que traten datos respeten el derecho a la protecci\u00f3n de datos de car\u00e1cter personal.<\/p>\n"},{"icona":24181,"objectiu":"<p>Desde el DPD de Salud tambi\u00e9<strong>n informamos a las personas sobre sus derechos<\/strong>, c\u00f3mo se ejercen y qu\u00e9 pueden hacer si no se respetan.<\/p>\n"}]},{"acf_fc_layout":"bloc_actualitat","numero":"","titol":"Actualidad y novedades","enllac":{"title":"Ver todas","url":"https:\/\/ticsalutsocial.atoom.space\/es\/actualitat\/noticies\/dpd\/","target":""},"cards":false},{"acf_fc_layout":"bloc_text","contingut":"<p><script type=\"text\/javascript\" src=\"https:\/\/acumbamail.com\/newform\/dynamic\/js\/7Yce5f5Tt7F8WG76TgNK7eVwHHO\/40062\/\"><\/script><\/p>\n<div id=\"form-acm_40062\"><\/div>\n"}]},"yoast_head":"<!-- This site is optimized with the Yoast SEO plugin v27.1.1 - https:\/\/yoast.com\/product\/yoast-seo-wordpress\/ -->\n<title>DPD Salud - Fundaci\u00f3 TIC Salut i Social<\/title>\n<meta name=\"robots\" content=\"index, follow, max-snippet:-1, max-image-preview:large, max-video-preview:-1\" \/>\n<link rel=\"canonical\" href=\"https:\/\/ticsalutsocial.atoom.space\/es\/dpd-salut\/\" \/>\n<meta property=\"og:locale\" content=\"es_ES\" \/>\n<meta property=\"og:type\" content=\"article\" \/>\n<meta property=\"og:title\" content=\"DPD Salud - Fundaci\u00f3 TIC Salut i Social\" \/>\n<meta property=\"og:description\" content=\"DPD Salud\" \/>\n<meta property=\"og:url\" content=\"https:\/\/ticsalutsocial.atoom.space\/es\/dpd-salut\/\" \/>\n<meta property=\"og:site_name\" content=\"Fundaci\u00f3 TIC Salut i Social\" \/>\n<meta property=\"article:modified_time\" content=\"2024-02-27T15:33:19+00:00\" \/>\n<meta name=\"twitter:card\" content=\"summary_large_image\" \/>\n<meta name=\"twitter:label1\" content=\"Tiempo de lectura\" \/>\n\t<meta name=\"twitter:data1\" content=\"1 minuto\" \/>\n<script type=\"application\/ld+json\" class=\"yoast-schema-graph\">{\"@context\":\"https:\/\/schema.org\",\"@graph\":[{\"@type\":\"WebPage\",\"@id\":\"https:\/\/ticsalutsocial.atoom.space\/es\/dpd-salut\/\",\"url\":\"https:\/\/ticsalutsocial.atoom.space\/es\/dpd-salut\/\",\"name\":\"DPD Salud - Fundaci\u00f3 TIC Salut i Social\",\"isPartOf\":{\"@id\":\"https:\/\/ticsalutsocial.atoom.space\/es\/#website\"},\"datePublished\":\"2021-06-15T15:40:23+00:00\",\"dateModified\":\"2024-02-27T15:33:19+00:00\",\"breadcrumb\":{\"@id\":\"https:\/\/ticsalutsocial.atoom.space\/es\/dpd-salut\/#breadcrumb\"},\"inLanguage\":\"es\",\"potentialAction\":[{\"@type\":\"ReadAction\",\"target\":[\"https:\/\/ticsalutsocial.atoom.space\/es\/dpd-salut\/\"]}]},{\"@type\":\"BreadcrumbList\",\"@id\":\"https:\/\/ticsalutsocial.atoom.space\/es\/dpd-salut\/#breadcrumb\",\"itemListElement\":[{\"@type\":\"ListItem\",\"position\":1,\"name\":\"Inici\",\"item\":\"https:\/\/ticsalutsocial.atoom.space\/es\/\"},{\"@type\":\"ListItem\",\"position\":2,\"name\":\"DPD Salud\"}]},{\"@type\":\"WebSite\",\"@id\":\"https:\/\/ticsalutsocial.atoom.space\/es\/#website\",\"url\":\"https:\/\/ticsalutsocial.atoom.space\/es\/\",\"name\":\"Fundaci\u00f3 TIC Salut i Social\",\"description\":\"\",\"potentialAction\":[{\"@type\":\"SearchAction\",\"target\":{\"@type\":\"EntryPoint\",\"urlTemplate\":\"https:\/\/ticsalutsocial.atoom.space\/es\/?s={search_term_string}\"},\"query-input\":{\"@type\":\"PropertyValueSpecification\",\"valueRequired\":true,\"valueName\":\"search_term_string\"}}],\"inLanguage\":\"es\"}]}<\/script>\n<!-- \/ Yoast SEO plugin. -->","yoast_head_json":{"title":"DPD Salud - Fundaci\u00f3 TIC Salut i Social","robots":{"index":"index","follow":"follow","max-snippet":"max-snippet:-1","max-image-preview":"max-image-preview:large","max-video-preview":"max-video-preview:-1"},"canonical":"https:\/\/ticsalutsocial.atoom.space\/es\/dpd-salut\/","og_locale":"es_ES","og_type":"article","og_title":"DPD Salud - Fundaci\u00f3 TIC Salut i Social","og_description":"DPD Salud","og_url":"https:\/\/ticsalutsocial.atoom.space\/es\/dpd-salut\/","og_site_name":"Fundaci\u00f3 TIC Salut i Social","article_modified_time":"2024-02-27T15:33:19+00:00","twitter_card":"summary_large_image","twitter_misc":{"Tiempo de lectura":"1 minuto"},"schema":{"@context":"https:\/\/schema.org","@graph":[{"@type":"WebPage","@id":"https:\/\/ticsalutsocial.atoom.space\/es\/dpd-salut\/","url":"https:\/\/ticsalutsocial.atoom.space\/es\/dpd-salut\/","name":"DPD Salud - Fundaci\u00f3 TIC Salut i Social","isPartOf":{"@id":"https:\/\/ticsalutsocial.atoom.space\/es\/#website"},"datePublished":"2021-06-15T15:40:23+00:00","dateModified":"2024-02-27T15:33:19+00:00","breadcrumb":{"@id":"https:\/\/ticsalutsocial.atoom.space\/es\/dpd-salut\/#breadcrumb"},"inLanguage":"es","potentialAction":[{"@type":"ReadAction","target":["https:\/\/ticsalutsocial.atoom.space\/es\/dpd-salut\/"]}]},{"@type":"BreadcrumbList","@id":"https:\/\/ticsalutsocial.atoom.space\/es\/dpd-salut\/#breadcrumb","itemListElement":[{"@type":"ListItem","position":1,"name":"Inici","item":"https:\/\/ticsalutsocial.atoom.space\/es\/"},{"@type":"ListItem","position":2,"name":"DPD Salud"}]},{"@type":"WebSite","@id":"https:\/\/ticsalutsocial.atoom.space\/es\/#website","url":"https:\/\/ticsalutsocial.atoom.space\/es\/","name":"Fundaci\u00f3 TIC Salut i Social","description":"","potentialAction":[{"@type":"SearchAction","target":{"@type":"EntryPoint","urlTemplate":"https:\/\/ticsalutsocial.atoom.space\/es\/?s={search_term_string}"},"query-input":{"@type":"PropertyValueSpecification","valueRequired":true,"valueName":"search_term_string"}}],"inLanguage":"es"}]}},"_links":{"self":[{"href":"https:\/\/ticsalutsocial.atoom.space\/es\/wp-json\/wp\/v2\/pages\/13848","targetHints":{"allow":["GET"]}}],"collection":[{"href":"https:\/\/ticsalutsocial.atoom.space\/es\/wp-json\/wp\/v2\/pages"}],"about":[{"href":"https:\/\/ticsalutsocial.atoom.space\/es\/wp-json\/wp\/v2\/types\/page"}],"author":[{"embeddable":true,"href":"https:\/\/ticsalutsocial.atoom.space\/es\/wp-json\/wp\/v2\/users\/21"}],"replies":[{"embeddable":true,"href":"https:\/\/ticsalutsocial.atoom.space\/es\/wp-json\/wp\/v2\/comments?post=13848"}],"version-history":[{"count":22,"href":"https:\/\/ticsalutsocial.atoom.space\/es\/wp-json\/wp\/v2\/pages\/13848\/revisions"}],"predecessor-version":[{"id":25616,"href":"https:\/\/ticsalutsocial.atoom.space\/es\/wp-json\/wp\/v2\/pages\/13848\/revisions\/25616"}],"wp:attachment":[{"href":"https:\/\/ticsalutsocial.atoom.space\/es\/wp-json\/wp\/v2\/media?parent=13848"}],"wp:term":[{"taxonomy":"tipus","embeddable":true,"href":"https:\/\/ticsalutsocial.atoom.space\/es\/wp-json\/wp\/v2\/tipus?post=13848"}],"curies":[{"name":"wp","href":"https:\/\/api.w.org\/{rel}","templated":true}]}}