
{"id":13849,"date":"2021-07-22T17:35:06","date_gmt":"2021-07-22T15:35:06","guid":{"rendered":"https:\/\/ticsalutsocial.atoom.space\/dpd-salut\/eina-aipd\/"},"modified":"2024-06-10T11:50:33","modified_gmt":"2024-06-10T09:50:33","slug":"eina-aipd","status":"publish","type":"page","link":"https:\/\/ticsalutsocial.atoom.space\/es\/dpd-salut\/eina-aipd\/","title":{"rendered":"Herramienta AIPD"},"content":{"rendered":"","protected":false},"excerpt":{"rendered":"","protected":false},"author":21,"featured_media":0,"parent":13848,"menu_order":3,"comment_status":"closed","ping_status":"closed","template":"page-templates\/dpdsalut-inner.php","meta":{"_acf_changed":false,"inline_featured_image":false,"footnotes":""},"tipus":[],"class_list":["post-13849","page","type-page","status-publish","hentry"],"acf":{"contingut":[{"acf_fc_layout":"bloc_introductori","titol":"Herramienta AIPD","intro":"<p><strong>La Oficina del DPD pone a disposici\u00f3n una metodolog\u00eda y una herramienta para llevar a cabo<\/strong><br \/>\n<strong>la AIPD (Evaluaci\u00f3n de Impacto relativa a la Protecci\u00f3n de Datos) en salud basada en el modelo de la Autoridad Catalana de Protecci\u00f3n de Datos.<\/strong><\/p>\n","resta_intro":"<p>Con esta propuesta, disponible en acceso abierto, la Oficina del DPD pretende contribuir a<br \/>\nhomogeneizar y estandarizar la metodolog\u00eda y los criterios para llevar a cabo la tarea<br \/>\nde evaluaci\u00f3n en las entidades de salud.<\/p>\n<p>Esta herramienta permite profundizar en estos aspectos y particularidades del sector de forma<br \/>\ncoordinada y sistematizada.<\/p>\n"},{"acf_fc_layout":"bloc_cont_acordeon","titol":"","contingut":"","accordio":false,"botons":false},{"acf_fc_layout":"bloc_caixa_blava","titol":"Acceso a la plataforma de AIPD en Salud","enllacos":[{"enllac":{"title":"HERRAMIENTA DE EIPD EN SALUD (CASTELLANO)","url":"https:\/\/aipd.ticsalutsocial.cat\/ ","target":""}}]},{"acf_fc_layout":"bloc_documents","documents":[{"titol_doc":"","document":false,"enllac":"https:\/\/ticsalutsocial.atoom.space\/es\/dpd-salut\/eina-aipd\/aipd_formacio-metodologia-2\/"},{"titol_doc":"Sessi\u00f3 formativa amb els Coordinadors de Protecci\u00f3 de Dades \u2013 17\/12\/2020","document":{"ID":7589,"id":7589,"title":"aipd_creacio-metod_221220","filename":"aipd_creacio-metod_221220.pdf","filesize":2999016,"url":"https:\/\/ticsalutsocial.atoom.space\/wp-content\/uploads\/2021\/07\/aipd_creacio-metod_221220.pdf","link":"https:\/\/ticsalutsocial.atoom.space\/es\/dpd-salut\/eina-aipd\/aipd_creacio-metod_221220-2\/","alt":"","author":"21","description":"","caption":"","name":"aipd_creacio-metod_221220-2","status":"inherit","uploaded_to":13849,"date":"2021-07-27 12:06:01","modified":"2022-09-12 11:19:52","menu_order":0,"mime_type":"application\/pdf","type":"application","subtype":"pdf","icon":"https:\/\/ticsalutsocial.atoom.space\/wp-includes\/images\/media\/document.png"},"enllac":"https:\/\/youtu.be\/iQSpwbYPi7Y"}],"contingut_inferior":[{"titol":"Ay\u00fadanos a mejorar","subtitol":"Sus sugerencias nos ayudan a mejorar.<br \/>\r\nPuede hacernos llegar sugerencias e ideas de mejora<br \/>\r\nenviando un correo electr\u00f3nico","tipus_link":"email","email":"aipd@ticsalutsocial.cat","enllac":null}]}]},"yoast_head":"<!-- This site is optimized with the Yoast SEO plugin v27.1.1 - https:\/\/yoast.com\/product\/yoast-seo-wordpress\/ -->\n<title>Herramienta AIPD - Fundaci\u00f3 TIC Salut i Social<\/title>\n<meta name=\"robots\" content=\"index, follow, max-snippet:-1, max-image-preview:large, max-video-preview:-1\" \/>\n<link rel=\"canonical\" href=\"https:\/\/ticsalutsocial.atoom.space\/es\/dpd-salut\/eina-aipd\/\" \/>\n<meta property=\"og:locale\" content=\"es_ES\" \/>\n<meta property=\"og:type\" content=\"article\" \/>\n<meta property=\"og:title\" content=\"Herramienta AIPD - Fundaci\u00f3 TIC Salut i Social\" \/>\n<meta property=\"og:url\" content=\"https:\/\/ticsalutsocial.atoom.space\/es\/dpd-salut\/eina-aipd\/\" \/>\n<meta property=\"og:site_name\" content=\"Fundaci\u00f3 TIC Salut i Social\" \/>\n<meta property=\"article:modified_time\" content=\"2024-06-10T09:50:33+00:00\" \/>\n<meta name=\"twitter:card\" content=\"summary_large_image\" \/>\n<script type=\"application\/ld+json\" class=\"yoast-schema-graph\">{\"@context\":\"https:\/\/schema.org\",\"@graph\":[{\"@type\":\"WebPage\",\"@id\":\"https:\/\/ticsalutsocial.atoom.space\/es\/dpd-salut\/eina-aipd\/\",\"url\":\"https:\/\/ticsalutsocial.atoom.space\/es\/dpd-salut\/eina-aipd\/\",\"name\":\"Herramienta AIPD - Fundaci\u00f3 TIC Salut i Social\",\"isPartOf\":{\"@id\":\"https:\/\/ticsalutsocial.atoom.space\/es\/#website\"},\"datePublished\":\"2021-07-22T15:35:06+00:00\",\"dateModified\":\"2024-06-10T09:50:33+00:00\",\"breadcrumb\":{\"@id\":\"https:\/\/ticsalutsocial.atoom.space\/es\/dpd-salut\/eina-aipd\/#breadcrumb\"},\"inLanguage\":\"es\",\"potentialAction\":[{\"@type\":\"ReadAction\",\"target\":[\"https:\/\/ticsalutsocial.atoom.space\/es\/dpd-salut\/eina-aipd\/\"]}]},{\"@type\":\"BreadcrumbList\",\"@id\":\"https:\/\/ticsalutsocial.atoom.space\/es\/dpd-salut\/eina-aipd\/#breadcrumb\",\"itemListElement\":[{\"@type\":\"ListItem\",\"position\":1,\"name\":\"Inici\",\"item\":\"https:\/\/ticsalutsocial.atoom.space\/es\/\"},{\"@type\":\"ListItem\",\"position\":2,\"name\":\"DPD Salud\",\"item\":\"https:\/\/ticsalutsocial.atoom.space\/es\/dpd-salut\/\"},{\"@type\":\"ListItem\",\"position\":3,\"name\":\"Herramienta AIPD\"}]},{\"@type\":\"WebSite\",\"@id\":\"https:\/\/ticsalutsocial.atoom.space\/es\/#website\",\"url\":\"https:\/\/ticsalutsocial.atoom.space\/es\/\",\"name\":\"Fundaci\u00f3 TIC Salut i Social\",\"description\":\"\",\"potentialAction\":[{\"@type\":\"SearchAction\",\"target\":{\"@type\":\"EntryPoint\",\"urlTemplate\":\"https:\/\/ticsalutsocial.atoom.space\/es\/?s={search_term_string}\"},\"query-input\":{\"@type\":\"PropertyValueSpecification\",\"valueRequired\":true,\"valueName\":\"search_term_string\"}}],\"inLanguage\":\"es\"}]}<\/script>\n<!-- \/ Yoast SEO plugin. -->","yoast_head_json":{"title":"Herramienta AIPD - Fundaci\u00f3 TIC Salut i Social","robots":{"index":"index","follow":"follow","max-snippet":"max-snippet:-1","max-image-preview":"max-image-preview:large","max-video-preview":"max-video-preview:-1"},"canonical":"https:\/\/ticsalutsocial.atoom.space\/es\/dpd-salut\/eina-aipd\/","og_locale":"es_ES","og_type":"article","og_title":"Herramienta AIPD - Fundaci\u00f3 TIC Salut i Social","og_url":"https:\/\/ticsalutsocial.atoom.space\/es\/dpd-salut\/eina-aipd\/","og_site_name":"Fundaci\u00f3 TIC Salut i Social","article_modified_time":"2024-06-10T09:50:33+00:00","twitter_card":"summary_large_image","schema":{"@context":"https:\/\/schema.org","@graph":[{"@type":"WebPage","@id":"https:\/\/ticsalutsocial.atoom.space\/es\/dpd-salut\/eina-aipd\/","url":"https:\/\/ticsalutsocial.atoom.space\/es\/dpd-salut\/eina-aipd\/","name":"Herramienta AIPD - Fundaci\u00f3 TIC Salut i Social","isPartOf":{"@id":"https:\/\/ticsalutsocial.atoom.space\/es\/#website"},"datePublished":"2021-07-22T15:35:06+00:00","dateModified":"2024-06-10T09:50:33+00:00","breadcrumb":{"@id":"https:\/\/ticsalutsocial.atoom.space\/es\/dpd-salut\/eina-aipd\/#breadcrumb"},"inLanguage":"es","potentialAction":[{"@type":"ReadAction","target":["https:\/\/ticsalutsocial.atoom.space\/es\/dpd-salut\/eina-aipd\/"]}]},{"@type":"BreadcrumbList","@id":"https:\/\/ticsalutsocial.atoom.space\/es\/dpd-salut\/eina-aipd\/#breadcrumb","itemListElement":[{"@type":"ListItem","position":1,"name":"Inici","item":"https:\/\/ticsalutsocial.atoom.space\/es\/"},{"@type":"ListItem","position":2,"name":"DPD Salud","item":"https:\/\/ticsalutsocial.atoom.space\/es\/dpd-salut\/"},{"@type":"ListItem","position":3,"name":"Herramienta AIPD"}]},{"@type":"WebSite","@id":"https:\/\/ticsalutsocial.atoom.space\/es\/#website","url":"https:\/\/ticsalutsocial.atoom.space\/es\/","name":"Fundaci\u00f3 TIC Salut i Social","description":"","potentialAction":[{"@type":"SearchAction","target":{"@type":"EntryPoint","urlTemplate":"https:\/\/ticsalutsocial.atoom.space\/es\/?s={search_term_string}"},"query-input":{"@type":"PropertyValueSpecification","valueRequired":true,"valueName":"search_term_string"}}],"inLanguage":"es"}]}},"_links":{"self":[{"href":"https:\/\/ticsalutsocial.atoom.space\/es\/wp-json\/wp\/v2\/pages\/13849","targetHints":{"allow":["GET"]}}],"collection":[{"href":"https:\/\/ticsalutsocial.atoom.space\/es\/wp-json\/wp\/v2\/pages"}],"about":[{"href":"https:\/\/ticsalutsocial.atoom.space\/es\/wp-json\/wp\/v2\/types\/page"}],"author":[{"embeddable":true,"href":"https:\/\/ticsalutsocial.atoom.space\/es\/wp-json\/wp\/v2\/users\/21"}],"replies":[{"embeddable":true,"href":"https:\/\/ticsalutsocial.atoom.space\/es\/wp-json\/wp\/v2\/comments?post=13849"}],"version-history":[{"count":4,"href":"https:\/\/ticsalutsocial.atoom.space\/es\/wp-json\/wp\/v2\/pages\/13849\/revisions"}],"predecessor-version":[{"id":27608,"href":"https:\/\/ticsalutsocial.atoom.space\/es\/wp-json\/wp\/v2\/pages\/13849\/revisions\/27608"}],"up":[{"embeddable":true,"href":"https:\/\/ticsalutsocial.atoom.space\/es\/wp-json\/wp\/v2\/pages\/13848"}],"wp:attachment":[{"href":"https:\/\/ticsalutsocial.atoom.space\/es\/wp-json\/wp\/v2\/media?parent=13849"}],"wp:term":[{"taxonomy":"tipus","embeddable":true,"href":"https:\/\/ticsalutsocial.atoom.space\/es\/wp-json\/wp\/v2\/tipus?post=13849"}],"curies":[{"name":"wp","href":"https:\/\/api.w.org\/{rel}","templated":true}]}}