
{"id":13851,"date":"2021-07-22T17:35:43","date_gmt":"2021-07-22T15:35:43","guid":{"rendered":"https:\/\/ticsalutsocial.atoom.space\/dpd-salut\/contacte\/"},"modified":"2024-02-27T18:21:05","modified_gmt":"2024-02-27T16:21:05","slug":"contacto","status":"publish","type":"page","link":"https:\/\/ticsalutsocial.atoom.space\/es\/dpd-salut\/contacto\/","title":{"rendered":"Contacto"},"content":{"rendered":"","protected":false},"excerpt":{"rendered":"","protected":false},"author":21,"featured_media":0,"parent":13848,"menu_order":5,"comment_status":"closed","ping_status":"closed","template":"page-templates\/dpdsalut-inner.php","meta":{"_acf_changed":false,"inline_featured_image":false,"footnotes":""},"tipus":[],"class_list":["post-13851","page","type-page","status-publish","hentry"],"acf":{"contingut":[{"acf_fc_layout":"bloc_introductori","titol":"Contacto","intro":"","resta_intro":""},{"acf_fc_layout":"bloc_text","contingut":"<p><script type=\"text\/javascript\" src=\"https:\/\/acumbamail.com\/newform\/dynamic\/js\/7Yce5f5Tt7F8WG76TgNK7eVwHHO\/38630\/\"><\/script><\/p>\n<div id=\"form-acm_38630\"><\/div>\n"},{"acf_fc_layout":"bloc_introductori","titol":"","intro":"<p>Por consultas relativas al ejercicio de los derechos de acceso, rectificaci\u00f3n, supresi\u00f3n, oposici\u00f3n y<br \/>\nlimitaci\u00f3n del tratamiento, y para cualquier cuesti\u00f3n relacionada con el tratamiento que les<br \/>\nResponsables Adheridos al DPD de Salud, hacen de sus datos, las personas<br \/>\ninteresadas se pueden poner en contacto con la Fundaci\u00f3 TIC Salut.<\/p>\n","resta_intro":""},{"acf_fc_layout":"bloc_contacte","seccions":[{"titol":"Direcci\u00f3n electr\u00f3nica","textes":false,"imatge":false,"tipus_link":"email","email":"dpd@ticsalutsocial.cat","enllac":null},{"titol":"Direcci\u00f3n postal","textes":[{"titol":"Fundaci\u00f3 TIC Salut Social","subtitol":"Departament de Salut<br \/>\r\nGeneralitat de Catalunya"},{"titol":"Edifici Dr. Josep Salvany","subtitol":"C. Roc Boronat, 81-95 | 08005 Barcelona<br \/>\r\nT. 935 532 642 (de dilluns a divendres, de 10 a 14 hores)"}],"imatge":false,"tipus_link":"link","email":"","enllac":{"title":"Home","url":"https:\/\/ticsalutsocial.atoom.space\/es\/","target":"_blank"}},{"titol":"Para saber m\u00e1s","textes":false,"imatge":7340,"tipus_link":"link","email":"","enllac":{"title":"apdcat.gencat.cat","url":"https:\/\/apdcat.gencat.cat\/","target":"_blank"}}]}]},"yoast_head":"<!-- This site is optimized with the Yoast SEO plugin v27.1.1 - https:\/\/yoast.com\/product\/yoast-seo-wordpress\/ -->\n<title>Contacto - Fundaci\u00f3 TIC Salut i Social<\/title>\n<meta name=\"robots\" content=\"index, follow, max-snippet:-1, max-image-preview:large, max-video-preview:-1\" \/>\n<link rel=\"canonical\" href=\"https:\/\/ticsalutsocial.atoom.space\/es\/dpd-salut\/contacto\/\" \/>\n<meta property=\"og:locale\" content=\"es_ES\" \/>\n<meta property=\"og:type\" content=\"article\" \/>\n<meta property=\"og:title\" content=\"Contacto - Fundaci\u00f3 TIC Salut i Social\" \/>\n<meta property=\"og:url\" content=\"https:\/\/ticsalutsocial.atoom.space\/es\/dpd-salut\/contacto\/\" \/>\n<meta property=\"og:site_name\" content=\"Fundaci\u00f3 TIC Salut i Social\" \/>\n<meta property=\"article:modified_time\" content=\"2024-02-27T16:21:05+00:00\" \/>\n<meta name=\"twitter:card\" content=\"summary_large_image\" \/>\n<script type=\"application\/ld+json\" class=\"yoast-schema-graph\">{\"@context\":\"https:\/\/schema.org\",\"@graph\":[{\"@type\":\"WebPage\",\"@id\":\"https:\/\/ticsalutsocial.atoom.space\/es\/dpd-salut\/contacto\/\",\"url\":\"https:\/\/ticsalutsocial.atoom.space\/es\/dpd-salut\/contacto\/\",\"name\":\"Contacto - Fundaci\u00f3 TIC Salut i Social\",\"isPartOf\":{\"@id\":\"https:\/\/ticsalutsocial.atoom.space\/es\/#website\"},\"datePublished\":\"2021-07-22T15:35:43+00:00\",\"dateModified\":\"2024-02-27T16:21:05+00:00\",\"breadcrumb\":{\"@id\":\"https:\/\/ticsalutsocial.atoom.space\/es\/dpd-salut\/contacto\/#breadcrumb\"},\"inLanguage\":\"es\",\"potentialAction\":[{\"@type\":\"ReadAction\",\"target\":[\"https:\/\/ticsalutsocial.atoom.space\/es\/dpd-salut\/contacto\/\"]}]},{\"@type\":\"BreadcrumbList\",\"@id\":\"https:\/\/ticsalutsocial.atoom.space\/es\/dpd-salut\/contacto\/#breadcrumb\",\"itemListElement\":[{\"@type\":\"ListItem\",\"position\":1,\"name\":\"Inici\",\"item\":\"https:\/\/ticsalutsocial.atoom.space\/es\/\"},{\"@type\":\"ListItem\",\"position\":2,\"name\":\"DPD Salud\",\"item\":\"https:\/\/ticsalutsocial.atoom.space\/es\/dpd-salut\/\"},{\"@type\":\"ListItem\",\"position\":3,\"name\":\"Contacto\"}]},{\"@type\":\"WebSite\",\"@id\":\"https:\/\/ticsalutsocial.atoom.space\/es\/#website\",\"url\":\"https:\/\/ticsalutsocial.atoom.space\/es\/\",\"name\":\"Fundaci\u00f3 TIC Salut i Social\",\"description\":\"\",\"potentialAction\":[{\"@type\":\"SearchAction\",\"target\":{\"@type\":\"EntryPoint\",\"urlTemplate\":\"https:\/\/ticsalutsocial.atoom.space\/es\/?s={search_term_string}\"},\"query-input\":{\"@type\":\"PropertyValueSpecification\",\"valueRequired\":true,\"valueName\":\"search_term_string\"}}],\"inLanguage\":\"es\"}]}<\/script>\n<!-- \/ Yoast SEO plugin. -->","yoast_head_json":{"title":"Contacto - Fundaci\u00f3 TIC Salut i Social","robots":{"index":"index","follow":"follow","max-snippet":"max-snippet:-1","max-image-preview":"max-image-preview:large","max-video-preview":"max-video-preview:-1"},"canonical":"https:\/\/ticsalutsocial.atoom.space\/es\/dpd-salut\/contacto\/","og_locale":"es_ES","og_type":"article","og_title":"Contacto - Fundaci\u00f3 TIC Salut i Social","og_url":"https:\/\/ticsalutsocial.atoom.space\/es\/dpd-salut\/contacto\/","og_site_name":"Fundaci\u00f3 TIC Salut i Social","article_modified_time":"2024-02-27T16:21:05+00:00","twitter_card":"summary_large_image","schema":{"@context":"https:\/\/schema.org","@graph":[{"@type":"WebPage","@id":"https:\/\/ticsalutsocial.atoom.space\/es\/dpd-salut\/contacto\/","url":"https:\/\/ticsalutsocial.atoom.space\/es\/dpd-salut\/contacto\/","name":"Contacto - Fundaci\u00f3 TIC Salut i Social","isPartOf":{"@id":"https:\/\/ticsalutsocial.atoom.space\/es\/#website"},"datePublished":"2021-07-22T15:35:43+00:00","dateModified":"2024-02-27T16:21:05+00:00","breadcrumb":{"@id":"https:\/\/ticsalutsocial.atoom.space\/es\/dpd-salut\/contacto\/#breadcrumb"},"inLanguage":"es","potentialAction":[{"@type":"ReadAction","target":["https:\/\/ticsalutsocial.atoom.space\/es\/dpd-salut\/contacto\/"]}]},{"@type":"BreadcrumbList","@id":"https:\/\/ticsalutsocial.atoom.space\/es\/dpd-salut\/contacto\/#breadcrumb","itemListElement":[{"@type":"ListItem","position":1,"name":"Inici","item":"https:\/\/ticsalutsocial.atoom.space\/es\/"},{"@type":"ListItem","position":2,"name":"DPD Salud","item":"https:\/\/ticsalutsocial.atoom.space\/es\/dpd-salut\/"},{"@type":"ListItem","position":3,"name":"Contacto"}]},{"@type":"WebSite","@id":"https:\/\/ticsalutsocial.atoom.space\/es\/#website","url":"https:\/\/ticsalutsocial.atoom.space\/es\/","name":"Fundaci\u00f3 TIC Salut i Social","description":"","potentialAction":[{"@type":"SearchAction","target":{"@type":"EntryPoint","urlTemplate":"https:\/\/ticsalutsocial.atoom.space\/es\/?s={search_term_string}"},"query-input":{"@type":"PropertyValueSpecification","valueRequired":true,"valueName":"search_term_string"}}],"inLanguage":"es"}]}},"_links":{"self":[{"href":"https:\/\/ticsalutsocial.atoom.space\/es\/wp-json\/wp\/v2\/pages\/13851","targetHints":{"allow":["GET"]}}],"collection":[{"href":"https:\/\/ticsalutsocial.atoom.space\/es\/wp-json\/wp\/v2\/pages"}],"about":[{"href":"https:\/\/ticsalutsocial.atoom.space\/es\/wp-json\/wp\/v2\/types\/page"}],"author":[{"embeddable":true,"href":"https:\/\/ticsalutsocial.atoom.space\/es\/wp-json\/wp\/v2\/users\/21"}],"replies":[{"embeddable":true,"href":"https:\/\/ticsalutsocial.atoom.space\/es\/wp-json\/wp\/v2\/comments?post=13851"}],"version-history":[{"count":8,"href":"https:\/\/ticsalutsocial.atoom.space\/es\/wp-json\/wp\/v2\/pages\/13851\/revisions"}],"predecessor-version":[{"id":25642,"href":"https:\/\/ticsalutsocial.atoom.space\/es\/wp-json\/wp\/v2\/pages\/13851\/revisions\/25642"}],"up":[{"embeddable":true,"href":"https:\/\/ticsalutsocial.atoom.space\/es\/wp-json\/wp\/v2\/pages\/13848"}],"wp:attachment":[{"href":"https:\/\/ticsalutsocial.atoom.space\/es\/wp-json\/wp\/v2\/media?parent=13851"}],"wp:term":[{"taxonomy":"tipus","embeddable":true,"href":"https:\/\/ticsalutsocial.atoom.space\/es\/wp-json\/wp\/v2\/tipus?post=13851"}],"curies":[{"name":"wp","href":"https:\/\/api.w.org\/{rel}","templated":true}]}}