
{"id":13854,"date":"2022-06-27T16:57:33","date_gmt":"2022-06-27T14:57:33","guid":{"rendered":"https:\/\/ticsalutsocial.atoom.space\/dpd-salut\/serveis\/"},"modified":"2025-07-23T11:18:48","modified_gmt":"2025-07-23T09:18:48","slug":"serveis","status":"publish","type":"page","link":"https:\/\/ticsalutsocial.atoom.space\/es\/dpd-salut\/serveis\/","title":{"rendered":"Nosotros"},"content":{"rendered":"\r\n<h1 class=\"wp-block-heading\">Nosotros<\/h1>\r\n","protected":false},"excerpt":{"rendered":"<p>Nosotros<\/p>\n","protected":false},"author":21,"featured_media":0,"parent":13848,"menu_order":0,"comment_status":"closed","ping_status":"closed","template":"page-templates\/dpdsalut-inner.php","meta":{"_acf_changed":false,"inline_featured_image":false,"footnotes":""},"tipus":[106],"class_list":["post-13854","page","type-page","status-publish","hentry","tipus-dpd-salud"],"acf":{"contingut":[{"acf_fc_layout":"bloc_introductori","titol":"","intro":"<h1>Conoce la Oficina del Delegado de Protecci\u00f3n de Datos, qui\u00e9nes somos, qu\u00e9 hacemos y la documentaci\u00f3n que ponemos a tu disposici\u00f3n.<\/h1>\n","resta_intro":""},{"acf_fc_layout":"bloc_acordio","num_ini":"1","acordio":[{"titol":"Qui\u00e9nes somos","continguts":[{"tipus_cont":"llistats","taula":{"introduccio":"","taula":false},"cont_img_link":{"contingut":"<p>P\u00edndola 1. Bla bla<\/p>\n","titol":"","imatge":false,"enllac":null},"docs":false,"llista":{"introduccio":"<p>La <em>Fundaci\u00f3 TIC Salut Social<\/em>, entidad adscrita al <em>Departament de Salut<\/em>, por su configuraci\u00f3n, finalidades y caracter\u00edsticas, ha sido designada como <strong>Delegado de Protecci\u00f3n de Datos<\/strong> <strong>en el \u00e1mbito del <em>Departament de Salut, el Servei Catal\u00e0 de la<\/em><\/strong><em>\u00a0<\/em><strong><em>Salut<\/em> y la <em>Ag\u00e8ncia de Qualitat i Avaluaci\u00f3 Sanit\u00e0ries de Catalunya<\/em> (AQUAS)<\/strong>, as\u00ed como del resto de entidades de su sector p\u00fablico que lo soliciten y con las cuales se formalice el correspondiente documento de adhesi\u00f3n.<\/p>\n<p>&nbsp;<\/p>\n<p>El\u00a0<strong>Delegado de Protecci\u00f3n de Datos<\/strong> es el responsable de velar por el cumplimiento de la normativa en protecci\u00f3n de datos, as\u00ed como garantizar que los interesados sean informados de sus derechos y obligaciones de acuerdo con el que dispone el Reglamento General de Protecci\u00f3n de Datos.<\/p>\n","funcions":{"titol":"","llista":false},"titol_marges_superiors":"","llistats":false}}]},{"titol":"Qu\u00e9 hacemos","continguts":[{"tipus_cont":"llistats","taula":{"introduccio":"","taula":false},"cont_img_link":{"contingut":"","titol":"","imatge":false,"enllac":null},"docs":[{"titol":"Guies","tipus":"doc","subtitol":"","subtitol_2":"","bloc":[{"titol_doc":"Informe sobre implicaciones legales para el desarrollo de un modelo de gesti\u00f3n de datos gen\u00e9ticos","document":false,"enllac":null},{"titol_doc":"","document":false,"enllac":null},{"titol_doc":"","document":false,"enllac":null},{"titol_doc":"","document":false,"enllac":null}],"texte_inferior":""},{"titol":"","tipus":"doc","subtitol":"","subtitol_2":"","bloc":[{"titol_doc":"","document":false,"enllac":null}],"texte_inferior":""}],"llista":{"introduccio":"","funcions":{"titol":"FUNCIONES DEL DELEGADO DE PROTECCI\u00d3N DE DATOS","llista":[{"texte":"<p><strong>Informar y asesorar<\/strong> al responsable o al encargado y sus trabajadores sobre las obligaciones que impone la normativa de protecci\u00f3n de datos.<\/p>\n"},{"texte":"<p><strong>Supervisar<\/strong> que de cumpla la normativa.<\/p>\n"},{"texte":"<p><strong>Asesorar<\/strong> acerca de la evaluaci\u00f3n de impacto relativa a la protecci\u00f3n de datos.<\/p>\n"},{"texte":"<p><strong>Cooperar<\/strong> con la autoridad de control.<\/p>\n"},{"texte":"<p><strong>Actuar<\/strong> como punto de contacto para cuestiones relativas al tratamiento.<\/p>\n"}]},"titol_marges_superiors":"L\u00cdNEAS DE ACTUACI\u00d3N","llistats":[{"titol":"Formaci\u00f3n y acompa\u00f1amiento a la implementaci\u00f3n","llista":[{"texte":"Ayuda en el dise\u00f1o e implantaci\u00f3n de pol\u00edticas de protecci\u00f3n de datos"},{"texte":"Implantaci\u00f3n de medidas de protecci\u00f3n de datos desde el dise\u00f1o y protecci\u00f3n de datos por defecto adecuadas a los riesgos y naturaleza de los tratamientos"},{"texte":"Implantaci\u00f3n de medidas de seguridad adecudas a los riesgos y naturaleza de los tratamientos"},{"texte":"Implantaci\u00f3n de programas de formaci\u00f3n y sensibilizaci\u00f3n del personal en materia de protecci\u00f3n de datos"},{"texte":"Acompa\u00f1amiento en el despliegue de los aspectos de protecci\u00f3n de datos a los equipos de las entidades"}]},{"titol":"Acompa\u00f1amiento al cumplimiento","llista":[{"texte":"Identificaci\u00f3n de las bases jur\u00eddicas de los tratamientos"},{"texte":"Apoyo en el cumplimiento de los principios relativos al tratamiento, como los de limitaci\u00f3n de finalidad, minimizaci\u00f3n o exactitud de los datos"},{"texte":"Contrataci\u00f3n de encargados de tratamiento, incluido el contenido de los contratos o actos jur\u00eddicos que regulen la relaci\u00f3n responsable- encargado"},{"texte":"Valoraci\u00f3n de compatibilidad de finalidades diferentes de las cuales originaron la recogida inicial de los datos"},{"texte":"Valoraci\u00f3n de las solicitudes de ejercicio de derechos por parte de los interesados"},{"texte":"Identificaci\u00f3n de los instrumentos de transferencia internacional de datos adecuados a las necesidades y caracter\u00edsticas de la organizaci\u00f3n y de las razones que justifiquen la transferencia"},{"texte":"An\u00e1lisis de riesgo de los tratamientos realizados"},{"texte":"Auditor\u00eda de protecci\u00f3n de datos"},{"texte":"Investigaci\u00f3n de oficio o a solicitud de parte"}]},{"titol":"Acompa\u00f1amiento en las Evaluacions de Impacto","llista":[{"texte":"Determinaci\u00f3n de la necesidad de realizaci\u00f3n de evaluaciones de impacto sobre la protecci\u00f3n de datos"},{"texte":"Apoyo a la realizaci\u00f3n de evaluaciones de impacto sobre la protecci\u00f3n de datos"}]},{"titol":"Cooperaci\u00f3n con las autoridades de control","llista":[{"texte":"Establecimiento y gesti\u00f3n de los registros de actividades de tratamiento"},{"texte":"Establecimiento de procedimientos de gesti\u00f3n de violaciones de seguridad de los datos, incluida la evaluaci\u00f3n del riesgo para los derechos y libertades de los afectados y los procedimientos de notificaci\u00f3n a las autoridades de supervisi\u00f3n y a los afectados"},{"texte":"Consulta previa Art. 36"},{"texte":"Otras consultas"}]},{"titol":"Interlocuci\u00f3n y punto de contacto","llista":[{"texte":"Registro y seguimiento de peticiones, consultas e incidencias al DPD"},{"texte":"Establecimiento de mecanismos de recepci\u00f3n y gesti\u00f3n de las solicitudes de ejercicio de derechos por parte de los interesados"},{"texte":"Interlocuci\u00f3n con las autoridades de control"},{"texte":"Relaciones con el sector Salud"},{"texte":"Coordinaci\u00f3n con el grupo de los DPD del sector Salud"},{"texte":"Coordinaci\u00f3n con el grupo de los DPD de la Generalitat y su sector p\u00fablico"},{"texte":"Portal de la Oficina del DPD"}]}]}}]},{"titol":"Documentos internos de inter\u00e9s","continguts":[{"tipus_cont":"docs","taula":{"introduccio":"","taula":false},"cont_img_link":{"contingut":"","titol":"","imatge":false,"enllac":null},"docs":[{"titol":"Designaci\u00f3n DPD","tipus":"doc","subtitol":"","subtitol_2":"","bloc":[{"titol_doc":"Instrucci\u00f3n 1\/2018, de 16 de mayo, sobre la atribuci\u00f3n temporal de funciones propias del delegado de protecci\u00f3n de datos en el \u00e1mbito de la Administraci\u00f3n de la Generalidad y su sector p\u00fablico","document":{"ID":7668,"id":7668,"title":"doc_00","filename":"doc_00.pdf","filesize":166721,"url":"https:\/\/ticsalutsocial.atoom.space\/wp-content\/uploads\/2021\/07\/doc_00.pdf","link":"https:\/\/ticsalutsocial.atoom.space\/es\/dpd-salut\/doc_00-2\/","alt":"","author":"21","description":"","caption":"","name":"doc_00-2","status":"inherit","uploaded_to":13848,"date":"2021-07-27 15:10:18","modified":"2022-09-12 11:21:07","menu_order":0,"mime_type":"application\/pdf","type":"application","subtype":"pdf","icon":"https:\/\/ticsalutsocial.atoom.space\/wp-includes\/images\/media\/document.png"},"enllac":null},{"titol_doc":"Resoluci\u00f3n de 30 de marzo de 2023, de atribuci\u00f3n de las funciones de delegado de protecci\u00f3n de datos a la Fundaci\u00f3n TicSalut i Social, mediante el\/la director\/a de la Oficina del Delegado de Protecci\u00f3n de Datos de Salud","document":{"ID":20602,"id":20602,"title":"resolucio_dpd_en_direccio_odpd_signed","filename":"resolucio_dpd_en_direccio_odpd_signed.pdf","filesize":275469,"url":"https:\/\/ticsalutsocial.atoom.space\/wp-content\/uploads\/2023\/04\/resolucio_dpd_en_direccio_odpd_signed.pdf","link":"https:\/\/ticsalutsocial.atoom.space\/es\/dpd-salut\/resolucio_dpd_en_direccio_odpd_signed-2\/","alt":"","author":"3","description":"","caption":"","name":"resolucio_dpd_en_direccio_odpd_signed-2","status":"inherit","uploaded_to":13848,"date":"2023-04-12 08:24:31","modified":"2023-04-12 08:24:31","menu_order":0,"mime_type":"application\/pdf","type":"application","subtype":"pdf","icon":"https:\/\/ticsalutsocial.atoom.space\/wp-includes\/images\/media\/document.png"},"enllac":null}],"texte_inferior":""},{"titol":"Memoria de actividades DPD de Salud","tipus":"doc","subtitol":"","subtitol_2":"","bloc":[{"titol_doc":"Memoria 2024","document":{"ID":33221,"id":33221,"title":"Memo\u0300ria DPD 2024","filename":"Memoria-DPD-2024.pdf","filesize":2985590,"url":"https:\/\/ticsalutsocial.atoom.space\/wp-content\/uploads\/2025\/07\/Memoria-DPD-2024.pdf","link":"https:\/\/ticsalutsocial.atoom.space\/es\/dpd-salut\/serveis\/memoria-dpd-2024-2\/","alt":"","author":"3","description":"","caption":"","name":"memoria-dpd-2024-2","status":"inherit","uploaded_to":13854,"date":"2025-07-23 09:16:56","modified":"2025-07-23 09:16:56","menu_order":0,"mime_type":"application\/pdf","type":"application","subtype":"pdf","icon":"https:\/\/ticsalutsocial.atoom.space\/wp-includes\/images\/media\/document.png"},"enllac":null},{"titol_doc":"Memoria 2023","document":{"ID":27702,"id":27702,"title":"Memoria activitats ODPD 2023","filename":"Memoria-activitats-ODPD-2023.pdf","filesize":3302250,"url":"https:\/\/ticsalutsocial.atoom.space\/wp-content\/uploads\/2024\/06\/Memoria-activitats-ODPD-2023.pdf","link":"https:\/\/ticsalutsocial.atoom.space\/es\/dpd-salut\/serveis\/memoria-activitats-odpd-2023-2\/","alt":"","author":"3","description":"","caption":"","name":"memoria-activitats-odpd-2023-2","status":"inherit","uploaded_to":13854,"date":"2024-06-13 07:03:33","modified":"2025-07-23 09:18:48","menu_order":0,"mime_type":"application\/pdf","type":"application","subtype":"pdf","icon":"https:\/\/ticsalutsocial.atoom.space\/wp-includes\/images\/media\/document.png"},"enllac":null},{"titol_doc":"Memoria 2022","document":{"ID":22819,"id":22819,"title":"Memo\u0300ria DPD 2022","filename":"Memoria-DPD-2022.pdf","filesize":2998567,"url":"https:\/\/ticsalutsocial.atoom.space\/wp-content\/uploads\/2023\/10\/Memoria-DPD-2022.pdf","link":"https:\/\/ticsalutsocial.atoom.space\/es\/dpd-salut\/serveis\/memoria-dpd-2022-2\/","alt":"","author":"3","description":"","caption":"","name":"memoria-dpd-2022-2","status":"inherit","uploaded_to":13854,"date":"2023-10-26 14:31:42","modified":"2023-10-26 14:31:42","menu_order":0,"mime_type":"application\/pdf","type":"application","subtype":"pdf","icon":"https:\/\/ticsalutsocial.atoom.space\/wp-includes\/images\/media\/document.png"},"enllac":null},{"titol_doc":"Memoria 2021","document":{"ID":12200,"id":12200,"title":"Mem\u00f2ria DPD 2021","filename":"Memoria-DPD-2021.pdf","filesize":3457636,"url":"https:\/\/ticsalutsocial.atoom.space\/wp-content\/uploads\/2022\/07\/Memoria-DPD-2021.pdf","link":"https:\/\/ticsalutsocial.atoom.space\/es\/dpd-salut\/memoria-dpd-2021-2\/","alt":"","author":"3","description":"","caption":"","name":"memoria-dpd-2021-2","status":"inherit","uploaded_to":13848,"date":"2022-07-18 10:10:57","modified":"2022-07-18 10:10:57","menu_order":0,"mime_type":"application\/pdf","type":"application","subtype":"pdf","icon":"https:\/\/ticsalutsocial.atoom.space\/wp-includes\/images\/media\/document.png"},"enllac":null}],"texte_inferior":""}],"llista":{"introduccio":"","funcions":{"titol":"","llista":false},"titol_marges_superiors":"","llistats":false}}]}]}]},"yoast_head":"<!-- This site is optimized with the Yoast SEO plugin v27.1.1 - https:\/\/yoast.com\/product\/yoast-seo-wordpress\/ -->\n<title>Nosotros - Fundaci\u00f3 TIC Salut i Social<\/title>\n<meta name=\"robots\" content=\"index, follow, max-snippet:-1, max-image-preview:large, max-video-preview:-1\" \/>\n<link rel=\"canonical\" href=\"https:\/\/ticsalutsocial.atoom.space\/es\/dpd-salut\/serveis\/\" \/>\n<meta property=\"og:locale\" content=\"es_ES\" \/>\n<meta property=\"og:type\" content=\"article\" \/>\n<meta property=\"og:title\" content=\"Nosotros - Fundaci\u00f3 TIC Salut i Social\" \/>\n<meta property=\"og:description\" content=\"Nosotros\" \/>\n<meta property=\"og:url\" content=\"https:\/\/ticsalutsocial.atoom.space\/es\/dpd-salut\/serveis\/\" \/>\n<meta property=\"og:site_name\" content=\"Fundaci\u00f3 TIC Salut i Social\" \/>\n<meta property=\"article:modified_time\" content=\"2025-07-23T09:18:48+00:00\" \/>\n<meta name=\"twitter:card\" content=\"summary_large_image\" \/>\n<meta name=\"twitter:label1\" content=\"Tiempo de lectura\" \/>\n\t<meta name=\"twitter:data1\" content=\"1 minuto\" \/>\n<script type=\"application\/ld+json\" class=\"yoast-schema-graph\">{\"@context\":\"https:\/\/schema.org\",\"@graph\":[{\"@type\":\"WebPage\",\"@id\":\"https:\/\/ticsalutsocial.atoom.space\/es\/dpd-salut\/serveis\/\",\"url\":\"https:\/\/ticsalutsocial.atoom.space\/es\/dpd-salut\/serveis\/\",\"name\":\"Nosotros - Fundaci\u00f3 TIC Salut i Social\",\"isPartOf\":{\"@id\":\"https:\/\/ticsalutsocial.atoom.space\/es\/#website\"},\"datePublished\":\"2022-06-27T14:57:33+00:00\",\"dateModified\":\"2025-07-23T09:18:48+00:00\",\"breadcrumb\":{\"@id\":\"https:\/\/ticsalutsocial.atoom.space\/es\/dpd-salut\/serveis\/#breadcrumb\"},\"inLanguage\":\"es\",\"potentialAction\":[{\"@type\":\"ReadAction\",\"target\":[\"https:\/\/ticsalutsocial.atoom.space\/es\/dpd-salut\/serveis\/\"]}]},{\"@type\":\"BreadcrumbList\",\"@id\":\"https:\/\/ticsalutsocial.atoom.space\/es\/dpd-salut\/serveis\/#breadcrumb\",\"itemListElement\":[{\"@type\":\"ListItem\",\"position\":1,\"name\":\"Inici\",\"item\":\"https:\/\/ticsalutsocial.atoom.space\/es\/\"},{\"@type\":\"ListItem\",\"position\":2,\"name\":\"DPD Salud\",\"item\":\"https:\/\/ticsalutsocial.atoom.space\/es\/dpd-salut\/\"},{\"@type\":\"ListItem\",\"position\":3,\"name\":\"Nosotros\"}]},{\"@type\":\"WebSite\",\"@id\":\"https:\/\/ticsalutsocial.atoom.space\/es\/#website\",\"url\":\"https:\/\/ticsalutsocial.atoom.space\/es\/\",\"name\":\"Fundaci\u00f3 TIC Salut i Social\",\"description\":\"\",\"potentialAction\":[{\"@type\":\"SearchAction\",\"target\":{\"@type\":\"EntryPoint\",\"urlTemplate\":\"https:\/\/ticsalutsocial.atoom.space\/es\/?s={search_term_string}\"},\"query-input\":{\"@type\":\"PropertyValueSpecification\",\"valueRequired\":true,\"valueName\":\"search_term_string\"}}],\"inLanguage\":\"es\"}]}<\/script>\n<!-- \/ Yoast SEO plugin. -->","yoast_head_json":{"title":"Nosotros - Fundaci\u00f3 TIC Salut i Social","robots":{"index":"index","follow":"follow","max-snippet":"max-snippet:-1","max-image-preview":"max-image-preview:large","max-video-preview":"max-video-preview:-1"},"canonical":"https:\/\/ticsalutsocial.atoom.space\/es\/dpd-salut\/serveis\/","og_locale":"es_ES","og_type":"article","og_title":"Nosotros - Fundaci\u00f3 TIC Salut i Social","og_description":"Nosotros","og_url":"https:\/\/ticsalutsocial.atoom.space\/es\/dpd-salut\/serveis\/","og_site_name":"Fundaci\u00f3 TIC Salut i Social","article_modified_time":"2025-07-23T09:18:48+00:00","twitter_card":"summary_large_image","twitter_misc":{"Tiempo de lectura":"1 minuto"},"schema":{"@context":"https:\/\/schema.org","@graph":[{"@type":"WebPage","@id":"https:\/\/ticsalutsocial.atoom.space\/es\/dpd-salut\/serveis\/","url":"https:\/\/ticsalutsocial.atoom.space\/es\/dpd-salut\/serveis\/","name":"Nosotros - Fundaci\u00f3 TIC Salut i Social","isPartOf":{"@id":"https:\/\/ticsalutsocial.atoom.space\/es\/#website"},"datePublished":"2022-06-27T14:57:33+00:00","dateModified":"2025-07-23T09:18:48+00:00","breadcrumb":{"@id":"https:\/\/ticsalutsocial.atoom.space\/es\/dpd-salut\/serveis\/#breadcrumb"},"inLanguage":"es","potentialAction":[{"@type":"ReadAction","target":["https:\/\/ticsalutsocial.atoom.space\/es\/dpd-salut\/serveis\/"]}]},{"@type":"BreadcrumbList","@id":"https:\/\/ticsalutsocial.atoom.space\/es\/dpd-salut\/serveis\/#breadcrumb","itemListElement":[{"@type":"ListItem","position":1,"name":"Inici","item":"https:\/\/ticsalutsocial.atoom.space\/es\/"},{"@type":"ListItem","position":2,"name":"DPD Salud","item":"https:\/\/ticsalutsocial.atoom.space\/es\/dpd-salut\/"},{"@type":"ListItem","position":3,"name":"Nosotros"}]},{"@type":"WebSite","@id":"https:\/\/ticsalutsocial.atoom.space\/es\/#website","url":"https:\/\/ticsalutsocial.atoom.space\/es\/","name":"Fundaci\u00f3 TIC Salut i Social","description":"","potentialAction":[{"@type":"SearchAction","target":{"@type":"EntryPoint","urlTemplate":"https:\/\/ticsalutsocial.atoom.space\/es\/?s={search_term_string}"},"query-input":{"@type":"PropertyValueSpecification","valueRequired":true,"valueName":"search_term_string"}}],"inLanguage":"es"}]}},"_links":{"self":[{"href":"https:\/\/ticsalutsocial.atoom.space\/es\/wp-json\/wp\/v2\/pages\/13854","targetHints":{"allow":["GET"]}}],"collection":[{"href":"https:\/\/ticsalutsocial.atoom.space\/es\/wp-json\/wp\/v2\/pages"}],"about":[{"href":"https:\/\/ticsalutsocial.atoom.space\/es\/wp-json\/wp\/v2\/types\/page"}],"author":[{"embeddable":true,"href":"https:\/\/ticsalutsocial.atoom.space\/es\/wp-json\/wp\/v2\/users\/21"}],"replies":[{"embeddable":true,"href":"https:\/\/ticsalutsocial.atoom.space\/es\/wp-json\/wp\/v2\/comments?post=13854"}],"version-history":[{"count":12,"href":"https:\/\/ticsalutsocial.atoom.space\/es\/wp-json\/wp\/v2\/pages\/13854\/revisions"}],"predecessor-version":[{"id":33223,"href":"https:\/\/ticsalutsocial.atoom.space\/es\/wp-json\/wp\/v2\/pages\/13854\/revisions\/33223"}],"up":[{"embeddable":true,"href":"https:\/\/ticsalutsocial.atoom.space\/es\/wp-json\/wp\/v2\/pages\/13848"}],"wp:attachment":[{"href":"https:\/\/ticsalutsocial.atoom.space\/es\/wp-json\/wp\/v2\/media?parent=13854"}],"wp:term":[{"taxonomy":"tipus","embeddable":true,"href":"https:\/\/ticsalutsocial.atoom.space\/es\/wp-json\/wp\/v2\/tipus?post=13854"}],"curies":[{"name":"wp","href":"https:\/\/api.w.org\/{rel}","templated":true}]}}