
{"id":13859,"date":"2022-02-21T11:19:57","date_gmt":"2022-02-21T09:19:57","guid":{"rendered":"https:\/\/ticsalutsocial.atoom.space\/home\/"},"modified":"2026-02-26T10:27:01","modified_gmt":"2026-02-26T08:27:01","slug":"inicio","status":"publish","type":"page","link":"https:\/\/ticsalutsocial.atoom.space\/es\/","title":{"rendered":"Home"},"content":{"rendered":"","protected":false},"excerpt":{"rendered":"","protected":false},"author":21,"featured_media":0,"parent":0,"menu_order":0,"comment_status":"closed","ping_status":"closed","template":"page-templates\/home.php","meta":{"_acf_changed":false,"inline_featured_image":false,"footnotes":""},"tipus":[],"class_list":["post-13859","page","type-page","status-publish","hentry"],"acf":{"banner":[{"imatge":35775,"titol":"La Fundaci\u00f3 TIC Salut i Social vuelve al 4YFN 2026 con el Catalonia Health Innovation Ecosystem","subtitol":"Salud digital e innovaci\u00f3n social a trav\u00e9s de 27 sesiones destacando 5 debates sobre transferencia, desarrollo, oferta y demanda, escalabilidad y EHDS","enllac":""}],"introduccio":"<h2>La Fundaci\u00f3 TIC Salut i Social es un organismo p\u00fablico que trabaja para facilitar proyectos de transformaci\u00f3n digital en el \u00e1mbito de la salud y el bienestar social en Catalu\u00f1a. Su visi\u00f3n es promover la eficiencia y la sostenibilidad de los servicios sanitarios y sociales a trav\u00e9s de la tecnolog\u00eda innovadora, garantizando la equidad, la innovaci\u00f3n, la colaboraci\u00f3n, la transparencia y la transferencia de conocimiento.<\/h2>\n","destacats":[{"imatge":29068,"titol":"Herramienta AIPD","descripcio":"La Oficina del DPD pone a disposici\u00f3n una metodolog\u00eda y una herramienta para llevar a cabo la AIPD (Evaluaci\u00f3n de Impacto relativa a la Protecci\u00f3n de Datos) en salud basada en el modelo de la Autoridad Catalana de Protecci\u00f3n de Datos.","enllac":{"title":"Herramienta AIPD","url":"https:\/\/ticsalutsocial.atoom.space\/dpd-salut\/eina-aipd\/","target":""}},{"imatge":28314,"titol":"Documentos de referencia","descripcio":"Consulta todos los informes, gu\u00edas y art\u00edculos cient\u00edficos publicados en la fundaci\u00f3n.","enllac":{"title":"Memoria 2023","url":"https:\/\/ticsalutsocial.atoom.space\/es\/documentos-de-referencia\/","target":"_blank"}},{"imatge":21953,"titol":"Prueba de concepto de transporte de muestras biol\u00f3gicas con dron en la RS Metropolitana Norte","descripcio":"Consulta la \u00faltimos resultados del estudio sobre integraci\u00f3n de drones en el entorno Salud.","enllac":{"title":"Accede al informe","url":"https:\/\/ticsalutsocial.atoom.space\/wp-content\/uploads\/2025\/06\/Informe-Integracio-de-Drons-a-Entorn-Salut.pdf","target":"_blank"}},{"imatge":28318,"titol":"Directorio de activos digitales","descripcio":"Descubre las aplicaciones m\u00f3viles de salud y bienestar que han superado el proceso de certificaci\u00f3n de la Fundaci\u00f3n, son recomendadas por centros sanitarios o sociales, o bien identificadas en marcos de referencia.","enllac":{"title":"Directorio de activos digitales","url":"https:\/\/ticsalutsocial.atoom.space\/es\/que-fem\/activos-digitales-para-los-ciudadanos\/actius\/","target":""}}],"noticies":{"titol":"Noticias","veure_totes":true,"num_items":"3"},"events":{"titol":"Agenda","veure_totes":true,"num_items":"4"},"destecats_icones":[{"icona":10493,"titol":"Memorias de <br \/>\r\nactividad","es_doc":false,"document":false,"enllac":{"title":"","url":"https:\/\/ticsalutsocial.atoom.space\/es\/memories\/","target":"_blank"}},{"icona":10487,"titol":"Ofertas de <br \/>\r\nempleo","es_doc":false,"document":{"ID":300,"id":300,"title":"doc_test","filename":"doc_test.pdf","filesize":82435,"url":"https:\/\/ticsalutsocial.atoom.space\/wp-content\/uploads\/2021\/06\/doc_test.pdf","link":"https:\/\/ticsalutsocial.atoom.space\/es\/noticia\/formacion-en-linea-en-la-normativa-de-proteccion-de-datos\/doc_test-2\/","alt":"","author":"21","description":"","caption":"","name":"doc_test-2","status":"inherit","uploaded_to":193,"date":"2021-06-16 10:48:08","modified":"2021-06-16 10:48:08","menu_order":0,"mime_type":"application\/pdf","type":"application","subtype":"pdf","icon":"https:\/\/ticsalutsocial.atoom.space\/wp-includes\/images\/media\/document.png"},"enllac":{"title":"","url":"https:\/\/ticsalutsocial.atoom.space\/es\/qui-som\/ofertes-de-feina\/","target":""}},{"icona":10490,"titol":"Transparencia","es_doc":false,"document":false,"enllac":{"title":"","url":"https:\/\/ticsalutsocial.atoom.space\/es\/qui-som\/transparencia\/","target":""}}],"veure_xxss":true},"yoast_head":"<!-- This site is optimized with the Yoast SEO plugin v27.1.1 - https:\/\/yoast.com\/product\/yoast-seo-wordpress\/ -->\n<title>Fundaci\u00f3n TIC Salut Social: inicio<\/title>\n<meta name=\"robots\" content=\"index, follow, max-snippet:-1, max-image-preview:large, max-video-preview:-1\" \/>\n<link rel=\"canonical\" href=\"https:\/\/ticsalutsocial.atoom.space\/es\/\" \/>\n<meta property=\"og:locale\" content=\"es_ES\" \/>\n<meta property=\"og:type\" content=\"article\" \/>\n<meta property=\"og:title\" content=\"Fundaci\u00f3n TIC Salut Social: inicio\" \/>\n<meta property=\"og:url\" content=\"https:\/\/ticsalutsocial.atoom.space\/es\/\" \/>\n<meta property=\"og:site_name\" content=\"Fundaci\u00f3 TIC Salut i Social\" \/>\n<meta property=\"article:modified_time\" content=\"2026-02-26T08:27:01+00:00\" \/>\n<meta name=\"twitter:card\" content=\"summary_large_image\" \/>\n<script type=\"application\/ld+json\" class=\"yoast-schema-graph\">{\"@context\":\"https:\/\/schema.org\",\"@graph\":[{\"@type\":\"WebPage\",\"@id\":\"https:\/\/ticsalutsocial.atoom.space\/es\/\",\"url\":\"https:\/\/ticsalutsocial.atoom.space\/es\/\",\"name\":\"Fundaci\u00f3n TIC Salut Social: inicio\",\"isPartOf\":{\"@id\":\"https:\/\/ticsalutsocial.atoom.space\/es\/#website\"},\"datePublished\":\"2022-02-21T09:19:57+00:00\",\"dateModified\":\"2026-02-26T08:27:01+00:00\",\"breadcrumb\":{\"@id\":\"https:\/\/ticsalutsocial.atoom.space\/es\/#breadcrumb\"},\"inLanguage\":\"es\",\"potentialAction\":[{\"@type\":\"ReadAction\",\"target\":[\"https:\/\/ticsalutsocial.atoom.space\/es\/\"]}]},{\"@type\":\"BreadcrumbList\",\"@id\":\"https:\/\/ticsalutsocial.atoom.space\/es\/#breadcrumb\",\"itemListElement\":[{\"@type\":\"ListItem\",\"position\":1,\"name\":\"Inici\",\"item\":\"https:\/\/ticsalutsocial.atoom.space\/es\/\"},{\"@type\":\"ListItem\",\"position\":2,\"name\":\"Home\"}]},{\"@type\":\"WebSite\",\"@id\":\"https:\/\/ticsalutsocial.atoom.space\/es\/#website\",\"url\":\"https:\/\/ticsalutsocial.atoom.space\/es\/\",\"name\":\"Fundaci\u00f3 TIC Salut i Social\",\"description\":\"\",\"potentialAction\":[{\"@type\":\"SearchAction\",\"target\":{\"@type\":\"EntryPoint\",\"urlTemplate\":\"https:\/\/ticsalutsocial.atoom.space\/es\/?s={search_term_string}\"},\"query-input\":{\"@type\":\"PropertyValueSpecification\",\"valueRequired\":true,\"valueName\":\"search_term_string\"}}],\"inLanguage\":\"es\"}]}<\/script>\n<!-- \/ Yoast SEO plugin. -->","yoast_head_json":{"title":"Fundaci\u00f3n TIC Salut Social: inicio","robots":{"index":"index","follow":"follow","max-snippet":"max-snippet:-1","max-image-preview":"max-image-preview:large","max-video-preview":"max-video-preview:-1"},"canonical":"https:\/\/ticsalutsocial.atoom.space\/es\/","og_locale":"es_ES","og_type":"article","og_title":"Fundaci\u00f3n TIC Salut Social: inicio","og_url":"https:\/\/ticsalutsocial.atoom.space\/es\/","og_site_name":"Fundaci\u00f3 TIC Salut i Social","article_modified_time":"2026-02-26T08:27:01+00:00","twitter_card":"summary_large_image","schema":{"@context":"https:\/\/schema.org","@graph":[{"@type":"WebPage","@id":"https:\/\/ticsalutsocial.atoom.space\/es\/","url":"https:\/\/ticsalutsocial.atoom.space\/es\/","name":"Fundaci\u00f3n TIC Salut Social: inicio","isPartOf":{"@id":"https:\/\/ticsalutsocial.atoom.space\/es\/#website"},"datePublished":"2022-02-21T09:19:57+00:00","dateModified":"2026-02-26T08:27:01+00:00","breadcrumb":{"@id":"https:\/\/ticsalutsocial.atoom.space\/es\/#breadcrumb"},"inLanguage":"es","potentialAction":[{"@type":"ReadAction","target":["https:\/\/ticsalutsocial.atoom.space\/es\/"]}]},{"@type":"BreadcrumbList","@id":"https:\/\/ticsalutsocial.atoom.space\/es\/#breadcrumb","itemListElement":[{"@type":"ListItem","position":1,"name":"Inici","item":"https:\/\/ticsalutsocial.atoom.space\/es\/"},{"@type":"ListItem","position":2,"name":"Home"}]},{"@type":"WebSite","@id":"https:\/\/ticsalutsocial.atoom.space\/es\/#website","url":"https:\/\/ticsalutsocial.atoom.space\/es\/","name":"Fundaci\u00f3 TIC Salut i Social","description":"","potentialAction":[{"@type":"SearchAction","target":{"@type":"EntryPoint","urlTemplate":"https:\/\/ticsalutsocial.atoom.space\/es\/?s={search_term_string}"},"query-input":{"@type":"PropertyValueSpecification","valueRequired":true,"valueName":"search_term_string"}}],"inLanguage":"es"}]}},"_links":{"self":[{"href":"https:\/\/ticsalutsocial.atoom.space\/es\/wp-json\/wp\/v2\/pages\/13859","targetHints":{"allow":["GET"]}}],"collection":[{"href":"https:\/\/ticsalutsocial.atoom.space\/es\/wp-json\/wp\/v2\/pages"}],"about":[{"href":"https:\/\/ticsalutsocial.atoom.space\/es\/wp-json\/wp\/v2\/types\/page"}],"author":[{"embeddable":true,"href":"https:\/\/ticsalutsocial.atoom.space\/es\/wp-json\/wp\/v2\/users\/21"}],"replies":[{"embeddable":true,"href":"https:\/\/ticsalutsocial.atoom.space\/es\/wp-json\/wp\/v2\/comments?post=13859"}],"version-history":[{"count":115,"href":"https:\/\/ticsalutsocial.atoom.space\/es\/wp-json\/wp\/v2\/pages\/13859\/revisions"}],"predecessor-version":[{"id":35826,"href":"https:\/\/ticsalutsocial.atoom.space\/es\/wp-json\/wp\/v2\/pages\/13859\/revisions\/35826"}],"wp:attachment":[{"href":"https:\/\/ticsalutsocial.atoom.space\/es\/wp-json\/wp\/v2\/media?parent=13859"}],"wp:term":[{"taxonomy":"tipus","embeddable":true,"href":"https:\/\/ticsalutsocial.atoom.space\/es\/wp-json\/wp\/v2\/tipus?post=13859"}],"curies":[{"name":"wp","href":"https:\/\/api.w.org\/{rel}","templated":true}]}}