
{"id":13867,"date":"2022-07-28T16:48:46","date_gmt":"2022-07-28T14:48:46","guid":{"rendered":"https:\/\/ticsalutsocial.atoom.space\/mapa-de-tendencies\/"},"modified":"2022-09-21T12:35:08","modified_gmt":"2022-09-21T10:35:08","slug":"mapa-de-tendencies","status":"publish","type":"page","link":"https:\/\/ticsalutsocial.atoom.space\/es\/mapa-de-tendencies\/","title":{"rendered":"Mapa de Tendencias"},"content":{"rendered":"","protected":false},"excerpt":{"rendered":"","protected":false},"author":12,"featured_media":0,"parent":0,"menu_order":0,"comment_status":"closed","ping_status":"closed","template":"page-templates\/mapa-tendencies.php","meta":{"_acf_changed":false,"inline_featured_image":false,"footnotes":""},"tipus":[],"class_list":["post-13867","page","type-page","status-publish","hentry"],"acf":{"finalitzat":false,"tipus_plantilla":"seccions","template_seccions":{"objectius":{"titol":"OBJETIVOS ESPEC\u00cdFICOS","objectius":[{"icona":false,"texte":"<p><strong>El <em>Sistema de Salut de Catalunya<\/em> y el <em>Departament de Drets Socials<\/em>,<\/strong> a trav\u00e9s de la Fundaci\u00f3n <em>TIC Salut Social<\/em>, fomenta su \u00e1mbito de actuaci\u00f3n para posicionar a Catalu\u00f1a como referente en la implementaci\u00f3n de tecnolog\u00eda innovadora aplicada a la salud y los servicios sociales.<\/p>\n"},{"icona":false,"texte":"<p><strong>\u00bfD\u00f3nde estamos y hacia d\u00f3nde vamos?<\/strong> Te ofrecemos una visi\u00f3n del grado de implantaci\u00f3n y uso actual de las TIC en el sector de la salud y el bienestar social.<\/p>\n"},{"icona":false,"texte":"<p><strong>Informes y estudios anuales<\/strong> para seguir la realidad y la evoluci\u00f3n de las TIC en la red de centros asistenciales y de servicios sociales catalanes.<\/p>\n"}]},"cont_flex":[{"acf_fc_layout":"video","mostrar_numero":true,"backcolor":"blanc","titol":"\u00daltima edici\u00f3n del Mapa de Tendencias","texte_intro":"<p>En 2007 la Fundaci\u00f3n<em> TIC Salut Social<\/em> realiza por primera vez el <strong>Mapa de Tendencias (MDT)<\/strong>, un estudio anual para determinar el grado de implantaci\u00f3n y uso de las TIC en el conjunto de los centros proveedores del sistema sanitario integral de utilizaci\u00f3n p\u00fablica de Catalu\u00f1a (SISCAT).<\/p>\n<p>A partir de 2019 se ampl\u00eda el universo al grado de digitalizaci\u00f3n de las \u00e1reas b\u00e1sicas de servicios sociales que forman parte del Sistema Catal\u00e1n de Servicios Sociales.<\/p>\n","nom_video":"Mejores momentos de la jornada Mapa de Tendencias 2019","data_video":"","img_prev":false,"url_video":"https:\/\/www.youtube.com\/watch?v=4VvYkArHM_E","texte_inferior":"","documents":false,"texte_adicional":"<p>De esta forma ampliamos el estudio sobre el nivel de adopci\u00f3n de las TIC por las organizaciones de atenci\u00f3n centrada en la persona de Catalu\u00f1a: <strong>Mapa de Tendencias en TIC y Salud<\/strong> y el <strong>Mapa de Tendencias en TIC y Social.<\/strong><\/p>\n","documents_adicionals":false},{"acf_fc_layout":"texte_gradient","mostrar_numero":true,"backcolor":"gris","titol":"","texte_superior":"<p>&nbsp;<\/p>\n<p>&nbsp;<\/p>\n","texte_gradient":{"titol":"Realizamos transferencia de conocimiento mediante la divulgaci\u00f3n cient\u00edfica y tecnol\u00f3gica a trav\u00e9s de informes, gu\u00edas, manuales y publicaciones.","contingut":"Cons\u00faltalos en la pesta\u00f1a Informes","icona":781},"texte_inferior":""},{"acf_fc_layout":"texte","mostrar_numero":true,"backcolor":"gris","titol":"Estudio cuantitativo y cualitativo","texte":"<p>El <strong>Mapa de Tendencias (MDT)<\/strong> es un estudio cuantitativo y cualitativo llevado a cabo por la Fundaci\u00f3n <em>TIC Salut Social<\/em> de forma anual y desde 2007.<\/p>\n<p>Para conocer el nivel de transformaci\u00f3n digital, la Fundaci\u00f3 <em>TIC Salut Social<\/em> elabora una encuesta. Los datos recogidos se analizan y los resultados se presentan en un informe que ofrecemos en el sector.<\/p>\n<p>Centrado en el grado de digitalizaci\u00f3n e implantaci\u00f3n de las TIC, el mapa de Tendencias tiene dos \u00e1mbitos de estudio: Mapa de Tendencias en TIC y Salut; y Mapa de Tendencias en TIC y Social.<\/p>\n<p>El universo de estudio son las Entidades Proveedoras que forman parte del SISCAT y las \u00e1reas b\u00e1sicas de servicios sociales del Sistema Catal\u00e0 de Serveis Socials.<\/p>\n<p>Los temas abordados en el Mapa de Tendencias son el grado de digitalizaci\u00f3n y desburocratizaci\u00f3n de la administraci\u00f3n p\u00fablica (salud y social), los Sistemas de Informaci\u00f3n, la innovaci\u00f3n y la Atenci\u00f3n a la Ciudadan\u00eda en Catalu\u00f1a.<\/p>\n<p><img loading=\"lazy\" decoding=\"async\" class=\"aligncenter wp-image-14173 size-full\" src=\"https:\/\/ticsalutsocial.atoom.space\/wp-content\/uploads\/2022\/09\/MDT.png\" alt=\"\" width=\"679\" height=\"394\" srcset=\"https:\/\/ticsalutsocial.atoom.space\/wp-content\/uploads\/2022\/09\/MDT.png 679w, https:\/\/ticsalutsocial.atoom.space\/wp-content\/uploads\/2022\/09\/MDT-300x174.png 300w\" sizes=\"auto, (max-width: 679px) 100vw, 679px\" \/><\/p>\n<p>La provisi\u00f3n actual de servicios sanitarios incluye progresivamente nuevas herramientas de atenci\u00f3n no presencial. Este nuevo paradigma complementa la atenci\u00f3n tradicional con nuevos escenarios m\u00e1s all\u00e1 de los l\u00edmites f\u00edsicos de los hospitales y centros sanitarios.<\/p>\n<p>El estudio tambi\u00e9n toma en consideraci\u00f3n el creciente grado de integraci\u00f3n social y sanitaria para poder ofrecer una atenci\u00f3n centrada en la persona de 360 \u00ba.<\/p>\n<p><img loading=\"lazy\" decoding=\"async\" class=\"aligncenter wp-image-14176 size-full\" src=\"https:\/\/ticsalutsocial.atoom.space\/wp-content\/uploads\/2022\/09\/conectividad.png\" alt=\"\" width=\"431\" height=\"491\" srcset=\"https:\/\/ticsalutsocial.atoom.space\/wp-content\/uploads\/2022\/09\/conectividad.png 431w, https:\/\/ticsalutsocial.atoom.space\/wp-content\/uploads\/2022\/09\/conectividad-263x300.png 263w\" sizes=\"auto, (max-width: 431px) 100vw, 431px\" \/><\/p>\n"},{"acf_fc_layout":"texte_gradient","mostrar_numero":true,"backcolor":"gris","titol":"Di\u00e1logos TICSS","texte_superior":"<p><strong>Planteamos objetivos a los diferentes grupos de trabajo para:<\/strong><\/p>\n<ul>\n<li>Identificar y promover proyectos basados en tecnolog\u00edas innovadoras en todo el territorio.<\/li>\n<li>Optimizar las distintas fases de desarrollo de los proyectos en cuesti\u00f3n identificados.<\/li>\n<li>Implementar los resultados que mejoren la calidad asistencial en salud y bienestar social.<\/li>\n<li>Compartir con la comunidad el conocimiento adquirido.<\/li>\n<\/ul>\n","texte_gradient":{"titol":"Impulsamos la creaci\u00f3n de grupos de trabajo especializados para transferir el conocimiento de forma ordenada al sector de los servicios asistenciales.","contingut":"","icona":778},"texte_inferior":""},{"acf_fc_layout":"texte_gradient","mostrar_numero":true,"backcolor":"gris","titol":"Contacto","texte_superior":"","texte_gradient":{"titol":"","contingut":"Si desea conocer m\u00e1s detalles o el estado de estudios en curso puede contactar a trav\u00e9s de <a href=\"mailto:mapatendencies@ticsalutsocial.cat\" style=\"color: white;\">mapatendencies@ticsalutsocial.cat<\/a>","icona":778},"texte_inferior":""}]}},"yoast_head":"<!-- This site is optimized with the Yoast SEO plugin v27.1.1 - https:\/\/yoast.com\/product\/yoast-seo-wordpress\/ -->\n<title>Mapa de Tendencias - Fundaci\u00f3 TIC Salut i Social<\/title>\n<meta name=\"robots\" content=\"index, follow, max-snippet:-1, max-image-preview:large, max-video-preview:-1\" \/>\n<link rel=\"canonical\" href=\"https:\/\/ticsalutsocial.atoom.space\/es\/mapa-de-tendencies\/\" \/>\n<meta property=\"og:locale\" content=\"es_ES\" \/>\n<meta property=\"og:type\" content=\"article\" \/>\n<meta property=\"og:title\" content=\"Mapa de Tendencias - Fundaci\u00f3 TIC Salut i Social\" \/>\n<meta property=\"og:url\" content=\"https:\/\/ticsalutsocial.atoom.space\/es\/mapa-de-tendencies\/\" \/>\n<meta property=\"og:site_name\" content=\"Fundaci\u00f3 TIC Salut i Social\" \/>\n<meta property=\"article:modified_time\" content=\"2022-09-21T10:35:08+00:00\" \/>\n<meta name=\"twitter:card\" content=\"summary_large_image\" \/>\n<script type=\"application\/ld+json\" class=\"yoast-schema-graph\">{\"@context\":\"https:\/\/schema.org\",\"@graph\":[{\"@type\":\"WebPage\",\"@id\":\"https:\/\/ticsalutsocial.atoom.space\/es\/mapa-de-tendencies\/\",\"url\":\"https:\/\/ticsalutsocial.atoom.space\/es\/mapa-de-tendencies\/\",\"name\":\"Mapa de Tendencias - Fundaci\u00f3 TIC Salut i Social\",\"isPartOf\":{\"@id\":\"https:\/\/ticsalutsocial.atoom.space\/es\/#website\"},\"datePublished\":\"2022-07-28T14:48:46+00:00\",\"dateModified\":\"2022-09-21T10:35:08+00:00\",\"breadcrumb\":{\"@id\":\"https:\/\/ticsalutsocial.atoom.space\/es\/mapa-de-tendencies\/#breadcrumb\"},\"inLanguage\":\"es\",\"potentialAction\":[{\"@type\":\"ReadAction\",\"target\":[\"https:\/\/ticsalutsocial.atoom.space\/es\/mapa-de-tendencies\/\"]}]},{\"@type\":\"BreadcrumbList\",\"@id\":\"https:\/\/ticsalutsocial.atoom.space\/es\/mapa-de-tendencies\/#breadcrumb\",\"itemListElement\":[{\"@type\":\"ListItem\",\"position\":1,\"name\":\"Inici\",\"item\":\"https:\/\/ticsalutsocial.atoom.space\/es\/\"},{\"@type\":\"ListItem\",\"position\":2,\"name\":\"Mapa de Tendencias\"}]},{\"@type\":\"WebSite\",\"@id\":\"https:\/\/ticsalutsocial.atoom.space\/es\/#website\",\"url\":\"https:\/\/ticsalutsocial.atoom.space\/es\/\",\"name\":\"Fundaci\u00f3 TIC Salut i Social\",\"description\":\"\",\"potentialAction\":[{\"@type\":\"SearchAction\",\"target\":{\"@type\":\"EntryPoint\",\"urlTemplate\":\"https:\/\/ticsalutsocial.atoom.space\/es\/?s={search_term_string}\"},\"query-input\":{\"@type\":\"PropertyValueSpecification\",\"valueRequired\":true,\"valueName\":\"search_term_string\"}}],\"inLanguage\":\"es\"}]}<\/script>\n<!-- \/ Yoast SEO plugin. -->","yoast_head_json":{"title":"Mapa de Tendencias - Fundaci\u00f3 TIC Salut i Social","robots":{"index":"index","follow":"follow","max-snippet":"max-snippet:-1","max-image-preview":"max-image-preview:large","max-video-preview":"max-video-preview:-1"},"canonical":"https:\/\/ticsalutsocial.atoom.space\/es\/mapa-de-tendencies\/","og_locale":"es_ES","og_type":"article","og_title":"Mapa de Tendencias - Fundaci\u00f3 TIC Salut i Social","og_url":"https:\/\/ticsalutsocial.atoom.space\/es\/mapa-de-tendencies\/","og_site_name":"Fundaci\u00f3 TIC Salut i Social","article_modified_time":"2022-09-21T10:35:08+00:00","twitter_card":"summary_large_image","schema":{"@context":"https:\/\/schema.org","@graph":[{"@type":"WebPage","@id":"https:\/\/ticsalutsocial.atoom.space\/es\/mapa-de-tendencies\/","url":"https:\/\/ticsalutsocial.atoom.space\/es\/mapa-de-tendencies\/","name":"Mapa de Tendencias - Fundaci\u00f3 TIC Salut i Social","isPartOf":{"@id":"https:\/\/ticsalutsocial.atoom.space\/es\/#website"},"datePublished":"2022-07-28T14:48:46+00:00","dateModified":"2022-09-21T10:35:08+00:00","breadcrumb":{"@id":"https:\/\/ticsalutsocial.atoom.space\/es\/mapa-de-tendencies\/#breadcrumb"},"inLanguage":"es","potentialAction":[{"@type":"ReadAction","target":["https:\/\/ticsalutsocial.atoom.space\/es\/mapa-de-tendencies\/"]}]},{"@type":"BreadcrumbList","@id":"https:\/\/ticsalutsocial.atoom.space\/es\/mapa-de-tendencies\/#breadcrumb","itemListElement":[{"@type":"ListItem","position":1,"name":"Inici","item":"https:\/\/ticsalutsocial.atoom.space\/es\/"},{"@type":"ListItem","position":2,"name":"Mapa de Tendencias"}]},{"@type":"WebSite","@id":"https:\/\/ticsalutsocial.atoom.space\/es\/#website","url":"https:\/\/ticsalutsocial.atoom.space\/es\/","name":"Fundaci\u00f3 TIC Salut i Social","description":"","potentialAction":[{"@type":"SearchAction","target":{"@type":"EntryPoint","urlTemplate":"https:\/\/ticsalutsocial.atoom.space\/es\/?s={search_term_string}"},"query-input":{"@type":"PropertyValueSpecification","valueRequired":true,"valueName":"search_term_string"}}],"inLanguage":"es"}]}},"_links":{"self":[{"href":"https:\/\/ticsalutsocial.atoom.space\/es\/wp-json\/wp\/v2\/pages\/13867","targetHints":{"allow":["GET"]}}],"collection":[{"href":"https:\/\/ticsalutsocial.atoom.space\/es\/wp-json\/wp\/v2\/pages"}],"about":[{"href":"https:\/\/ticsalutsocial.atoom.space\/es\/wp-json\/wp\/v2\/types\/page"}],"author":[{"embeddable":true,"href":"https:\/\/ticsalutsocial.atoom.space\/es\/wp-json\/wp\/v2\/users\/12"}],"replies":[{"embeddable":true,"href":"https:\/\/ticsalutsocial.atoom.space\/es\/wp-json\/wp\/v2\/comments?post=13867"}],"version-history":[{"count":5,"href":"https:\/\/ticsalutsocial.atoom.space\/es\/wp-json\/wp\/v2\/pages\/13867\/revisions"}],"predecessor-version":[{"id":14179,"href":"https:\/\/ticsalutsocial.atoom.space\/es\/wp-json\/wp\/v2\/pages\/13867\/revisions\/14179"}],"wp:attachment":[{"href":"https:\/\/ticsalutsocial.atoom.space\/es\/wp-json\/wp\/v2\/media?parent=13867"}],"wp:term":[{"taxonomy":"tipus","embeddable":true,"href":"https:\/\/ticsalutsocial.atoom.space\/es\/wp-json\/wp\/v2\/tipus?post=13867"}],"curies":[{"name":"wp","href":"https:\/\/api.w.org\/{rel}","templated":true}]}}