
{"id":13872,"date":"2021-06-14T10:37:41","date_gmt":"2021-06-14T08:37:41","guid":{"rendered":"https:\/\/ticsalutsocial.atoom.space\/politica-de-privacitat\/"},"modified":"2025-01-03T16:47:57","modified_gmt":"2025-01-03T14:47:57","slug":"politica-de-privacitat","status":"publish","type":"page","link":"https:\/\/ticsalutsocial.atoom.space\/es\/politica-de-privacitat\/","title":{"rendered":"Pol\u00edtica de privacidad"},"content":{"rendered":"\r\n<h1 class=\"wp-block-heading\">Pol\u00edtica de Privacidad Fundaci\u00f3n Tic Salut Social<\/h1>\r\n\r\n\r\n\r\n<div class=\"wp-block-spacer\" style=\"height: 30px;\" aria-hidden=\"true\">\u00a0<\/div>\r\n\r\n\r\n\r\n<p><strong>Mediante esta pol\u00edtica de privacidad, la Fundaci\u00f3n Tic Salut Social quiere facilitar un acceso \u00e1gil y r\u00e1pido a las principales informaciones relativas a los tratamientos de datos que lleva a cabo a trav\u00e9s de este sitio web ya los derechos que asisten a las personas interesadas en lo que se refiere tratamiento de sus datos personales.<\/strong><\/p>\r\n<p><strong>Asimismo, se informa de que en este sitio web se utilizan &#8216;cookies&#8217; cuando el usuario navega por las diferentes p\u00e1ginas del sitio web. Para m\u00e1s informaci\u00f3n, puede consultar la correspondiente \u00abPol\u00edtica de galletas\u00bb.<\/strong><\/p>\r\n\r\n\r\n\r\n<div class=\"wp-block-spacer\" style=\"height: 60px;\" aria-hidden=\"true\">\u00a0<\/div>\r\n\r\n\r\n<hr class=\"wp-block-separator\" \/>\r\n\r\n\r\n<h2 class=\"wp-block-heading\">Identificaci\u00f3n y datos de contactos del Responsable del Tratamiento<\/h2>\r\n\r\n\r\n\r\n<blockquote class=\"wp-block-quote is-layout-flow wp-block-quote-is-layout-flow\">\r\n<p><strong>Fundaci\u00f3 Tic Salut Social<\/strong><br \/>NIF: G64350374<br \/>C\/ d\u2019Arag\u00f3 330 \u2013 332, 08009 Barcelona.<br \/>Tel: +34 93 553 26 42<br \/>Email: <a href=\"mailto:info@ticsalutsocial.cat\">info@ticsalutsocial.cat<\/a><\/p>\r\n<\/blockquote>\r\n\r\n\r\n\r\n<p>Puede contactar el Delegado de Protecci\u00f3n de datos de la Fundaci\u00f3n TIC Salud Social dirigiendo un correo electr\u00f3nico a <a href=\"mailto:dpd-FTSS@ticsalutsocial.cat\">dpd-FTSS@ticsalutsocial.cat<\/a>.<\/p>\r\n\r\n\r\n\r\n<div class=\"wp-block-spacer\" style=\"height: 33px;\" aria-hidden=\"true\">\u00a0<\/div>\r\n\r\n\r\n<hr class=\"wp-block-separator\" \/>\r\n\r\n\r\n<h2 class=\"wp-block-heading\">Informaci\u00f3n detallada sobre el tratamiento de datos<\/h2>\r\n\r\n\r\n\r\n<p>A continuaci\u00f3n encontrar\u00e1 la informaci\u00f3n detallada sobre el tratamiento de datos que la Fundaci\u00f3n Tic Salut Social puede llevar a cabo a trav\u00e9s de esta p\u00e1gina web:<\/p>\r\n\r\n\r\n\r\n<figure class=\"wp-block-table\">\r\n<table>\r\n<tbody>\r\n<tr>\r\n<td><strong>Tratamiento<\/strong><\/td>\r\n<td><strong>Finalidad tratamiento<\/strong><\/td>\r\n<td><strong>Base legal<\/strong><\/td>\r\n<td><strong>Destinatarios<\/strong><\/td>\r\n<\/tr>\r\n<tr>\r\n<td><strong>Registro de comunicaci\u00f3n y relaciones institucionales<\/strong><\/td>\r\n<td>Comunicar informaci\u00f3n relativa a la Fundaci\u00f3n Tic Salut Social, como convocatorias de actos p\u00fablicos, noticias, jornadas, cursos u otras actividades que organiza o en las que participa, as\u00ed como gestionar y mantener las relaciones institucionales y protocolarias de la Fundaci\u00f3n Tic Salut Social<\/td>\r\n<td>Consentimiento del interesado, misi\u00f3n realizada en inter\u00e9s p\u00fablico.<\/td>\r\n<td>Servicios inform\u00e1ticos<\/td>\r\n<\/tr>\r\n<tr>\r\n<td><strong>Gesti\u00f3n de consultas, reclamaciones y ejercicio de derechos en el DPD de Salud<\/strong><\/td>\r\n<td>Tramitar las consultas, quejas y solicitudes relacionadas con la Protecci\u00f3n de Datos Personales que se plantean en la Oficina del Delegado de Protecci\u00f3n de Datos, as\u00ed como atender a las solicitudes para ejercer los derechos que otorga el Reglamento general de protecci\u00f3n de datos y la LOPDGDD<\/td>\r\n<td>Cumplimiento de una obligaci\u00f3n legal (art.38.4 Reglamento (UE) 2016\/679).<\/td>\r\n<td>Entidades adheridas al DPD &#8211; Responsable de tratamiento<\/td>\r\n<\/tr>\r\n<tr>\r\n<td><strong>Transparencia y atenci\u00f3n al ciudadano<\/strong><\/td>\r\n<td>Atender las solicitudes y consultas que se planteen, as\u00ed como registrar y tramitar las peticiones de acceso a la informaci\u00f3n p\u00fablica al amparo de la Ley 19\/2014, de 29 de diciembre, de transparencia, acceso a la informaci\u00f3n p\u00fablica y buen gobierno.<\/td>\r\n<td>Cumplimiento de una obligaci\u00f3n legal (arts. 26 a 37 de la Ley 19\/2014, de 29 de diciembre, de transparencia, acceso a la informaci\u00f3n p\u00fablica y buen gobierno). Misi\u00f3n realizada en inter\u00e9s p\u00fablico.<\/td>\r\n<td>Administraciones p\u00fablicas con competencia en la materia.<\/td>\r\n<\/tr>\r\n<tr>\r\n<td><strong>Encuestas y estudios<\/strong><\/td>\r\n<td>Gesti\u00f3n de las consultas, encuestas, estudios y otros procesos participativos, realizadas desde la Fundaci\u00f3n Tic Salut con el fin de promover un mayor conocimiento y la mejor utilizaci\u00f3n de las tecnolog\u00edas de la informaci\u00f3n y comunicaci\u00f3n (TIC) en el \u00e1mbito de la salud y social.<\/td>\r\n<td>Misi\u00f3n realizada en inter\u00e9s p\u00fablico<\/td>\r\n<td>No se observan<\/td>\r\n<\/tr>\r\n<tr>\r\n<td><strong>SNOMED CT<\/strong><\/td>\r\n<td>Gesti\u00f3n de la sublicencia y descarga de la extensi\u00f3n catalana de SNOMED CT.<\/td>\r\n<td>Misi\u00f3n realizada en inter\u00e9s p\u00fablico por personas jur\u00eddicas y ejecuci\u00f3n de un contrato en caso de personas f\u00edsicas.c<\/td>\r\n<td>Administraciones p\u00fablicas titular de la licencia de SNOMED<\/td>\r\n<\/tr>\r\n<\/tbody>\r\n<\/table>\r\n<\/figure>\r\n\r\n\r\n\r\n<p>Para m\u00e1s informaci\u00f3n sobre las actividades del tratamiento de datos que realiza la Fundaci\u00f3n Tic Salut Social, puede consultar su Registro de Actividades del Tratamiento.<\/p>\r\n\r\n\r\n\r\n<div class=\"wp-block-spacer\" style=\"height: 61px;\" aria-hidden=\"true\">\u00a0<\/div>\r\n\r\n\r\n<hr class=\"wp-block-separator\" \/>\r\n\r\n\r\n<h3 class=\"wp-block-heading\">Transferencias internacionales<\/h3>\r\n\r\n\r\n\r\n<div class=\"wp-block-spacer\" style=\"height: 21px;\" aria-hidden=\"true\">\u00a0<\/div>\r\n\r\n\r\n\r\n<p>No est\u00e1n previstas transferencias internacionales de datos personales.<\/p>\r\n\r\n\r\n\r\n<div class=\"wp-block-spacer\" style=\"height: 60px;\" aria-hidden=\"true\">\u00a0<\/div>\r\n\r\n\r\n<hr class=\"wp-block-separator\" \/>\r\n\r\n\r\n<h3 class=\"wp-block-heading\">Conservaci\u00f3n de los datos personales<\/h3>\r\n\r\n\r\n\r\n<p>Los datos personales proporcionados se conservar\u00e1n durante el tiempo necesario para cumplir con la finalidad por la que son recogidos y para determinar las posibles responsabilidades que pudieran derivarse de la finalidad, adem\u00e1s de los per\u00edodos establecidos en la normativa de archivo y documentaci\u00f3n.<\/p>\r\n\r\n\r\n\r\n<div class=\"wp-block-spacer\" style=\"height: 59px;\" aria-hidden=\"true\">\u00a0<\/div>\r\n\r\n\r\n<hr class=\"wp-block-separator\" \/>\r\n\r\n\r\n<h3 class=\"wp-block-heading\">Medidas de seguridad<\/h3>\r\n\r\n\r\n\r\n<p>Las medidas de seguridad implantadas se corresponden con las previstas en el Anexo II (Medidas de seguridad) del Real Decreto 3\/2010, de 8 de enero, por el que se regula el Esquema Nacional de Seguridad en el \u00e1mbito de la Administraci\u00f3n Electr\u00f3nica.<\/p>\r\n\r\n\r\n\r\n<div class=\"wp-block-spacer\" style=\"height: 60px;\" aria-hidden=\"true\">\u00a0<\/div>\r\n\r\n\r\n<hr class=\"wp-block-separator\" \/>\r\n\r\n\r\n<h3 class=\"wp-block-heading\">Derechos del interesado<\/h3>\r\n\r\n\r\n\r\n<p>Los derechos de acceso, rectificaci\u00f3n, supresi\u00f3n, oposici\u00f3n, limitaci\u00f3n y portabilidad podr\u00e1n ejercerse en <a href=\"mailto:dpd-FTSS@ticsalutsocial.cat\">dpd-FTSS@ticsalutsocial.cat<\/a>. En todo caso, ser\u00e1 necesario aportar pruebas de la identidad, como copia del DNI o equivalente.<\/p>\r\n<p>En caso de que la base legal del tratamiento sea la prestaci\u00f3n del consentimiento, el interesado tendr\u00e1 derecho a su revocaci\u00f3n en cualquier momento.<\/p>\r\n<p>En caso de discrepancia, el interesado tendr\u00e1 derecho a presentar una reclamaci\u00f3n ante la Autoridad Catalana de Protecci\u00f3n de Datos (<a href=\"http:\/\/www.apdcat.cat\" target=\"_blank\" rel=\"noopener\">www.apdcat.cat<\/a>).<\/p>\r\n\r\n\r\n\r\n<div class=\"wp-block-spacer\" style=\"height: 61px;\" aria-hidden=\"true\">\u00a0<\/div>\r\n\r\n\r\n<hr class=\"wp-block-separator\" \/>\r\n\r\n\r\n<h3 class=\"wp-block-heading\">Actualizaci\u00f3n de la Pol\u00edtica de privacidad<\/h3>\r\n\r\n\r\n\r\n<p>Es posible que la presente Pol\u00edtica de Privacidad deba ir actualiz\u00e1ndose. Por eso, es necesario que revise esta pol\u00edtica de forma peri\u00f3dica y, si es posible, cada vez que acceda a esta p\u00e1gina web, para estar adecuadamente informado sobre el tipo de informaci\u00f3n recopilada y su tratamiento.<\/p>\r\n","protected":false},"excerpt":{"rendered":"<p>Pol\u00edtica de Privacidad Fundaci\u00f3n Tic Salut Social Mediante esta pol\u00edtica de privacidad, la Fundaci\u00f3n Tic Salut Social quiere facilitar un acceso \u00e1gil y r\u00e1pido a las principales informaciones relativas a los tratamientos de datos que lleva a cabo a trav\u00e9s de este sitio web ya los derechos que asisten a las personas interesadas en lo [&hellip;]<\/p>\n","protected":false},"author":21,"featured_media":0,"parent":0,"menu_order":0,"comment_status":"closed","ping_status":"closed","template":"","meta":{"_acf_changed":false,"inline_featured_image":false,"footnotes":""},"tipus":[],"class_list":["post-13872","page","type-page","status-publish","hentry"],"acf":{"finalitzat":false,"tipus_plantilla":"objectius","template_objectius":{"cont_principal":"","imatge":false,"cont_seguent":{"titol":"","contingut":""},"seccio_llistat":{"titol":"","llistat":false},"objectius":{"titol":"","objectius":false},"documents":false}},"yoast_head":"<!-- This site is optimized with the Yoast SEO plugin v27.1.1 - https:\/\/yoast.com\/product\/yoast-seo-wordpress\/ -->\n<title>Pol\u00edtica de privacidad - Fundaci\u00f3 TIC Salut i Social<\/title>\n<meta name=\"robots\" content=\"index, follow, max-snippet:-1, max-image-preview:large, max-video-preview:-1\" \/>\n<link rel=\"canonical\" href=\"https:\/\/ticsalutsocial.atoom.space\/es\/politica-de-privacitat\/\" \/>\n<meta property=\"og:locale\" content=\"es_ES\" \/>\n<meta property=\"og:type\" content=\"article\" \/>\n<meta property=\"og:title\" content=\"Pol\u00edtica de privacidad - Fundaci\u00f3 TIC Salut i Social\" \/>\n<meta property=\"og:description\" content=\"Pol\u00edtica de Privacidad Fundaci\u00f3n Tic Salut Social Mediante esta pol\u00edtica de privacidad, la Fundaci\u00f3n Tic Salut Social quiere facilitar un acceso \u00e1gil y r\u00e1pido a las principales informaciones relativas a los tratamientos de datos que lleva a cabo a trav\u00e9s de este sitio web ya los derechos que asisten a las personas interesadas en lo [&hellip;]\" \/>\n<meta property=\"og:url\" content=\"https:\/\/ticsalutsocial.atoom.space\/es\/politica-de-privacitat\/\" \/>\n<meta property=\"og:site_name\" content=\"Fundaci\u00f3 TIC Salut i Social\" \/>\n<meta property=\"article:modified_time\" content=\"2025-01-03T14:47:57+00:00\" \/>\n<meta name=\"twitter:card\" content=\"summary_large_image\" \/>\n<meta name=\"twitter:label1\" content=\"Tiempo de lectura\" \/>\n\t<meta name=\"twitter:data1\" content=\"5 minutos\" \/>\n<script type=\"application\/ld+json\" class=\"yoast-schema-graph\">{\"@context\":\"https:\/\/schema.org\",\"@graph\":[{\"@type\":\"WebPage\",\"@id\":\"https:\/\/ticsalutsocial.atoom.space\/es\/politica-de-privacitat\/\",\"url\":\"https:\/\/ticsalutsocial.atoom.space\/es\/politica-de-privacitat\/\",\"name\":\"Pol\u00edtica de privacidad - Fundaci\u00f3 TIC Salut i Social\",\"isPartOf\":{\"@id\":\"https:\/\/ticsalutsocial.atoom.space\/es\/#website\"},\"datePublished\":\"2021-06-14T08:37:41+00:00\",\"dateModified\":\"2025-01-03T14:47:57+00:00\",\"breadcrumb\":{\"@id\":\"https:\/\/ticsalutsocial.atoom.space\/es\/politica-de-privacitat\/#breadcrumb\"},\"inLanguage\":\"es\",\"potentialAction\":[{\"@type\":\"ReadAction\",\"target\":[\"https:\/\/ticsalutsocial.atoom.space\/es\/politica-de-privacitat\/\"]}]},{\"@type\":\"BreadcrumbList\",\"@id\":\"https:\/\/ticsalutsocial.atoom.space\/es\/politica-de-privacitat\/#breadcrumb\",\"itemListElement\":[{\"@type\":\"ListItem\",\"position\":1,\"name\":\"Inici\",\"item\":\"https:\/\/ticsalutsocial.atoom.space\/es\/\"},{\"@type\":\"ListItem\",\"position\":2,\"name\":\"Pol\u00edtica de privacidad\"}]},{\"@type\":\"WebSite\",\"@id\":\"https:\/\/ticsalutsocial.atoom.space\/es\/#website\",\"url\":\"https:\/\/ticsalutsocial.atoom.space\/es\/\",\"name\":\"Fundaci\u00f3 TIC Salut i Social\",\"description\":\"\",\"potentialAction\":[{\"@type\":\"SearchAction\",\"target\":{\"@type\":\"EntryPoint\",\"urlTemplate\":\"https:\/\/ticsalutsocial.atoom.space\/es\/?s={search_term_string}\"},\"query-input\":{\"@type\":\"PropertyValueSpecification\",\"valueRequired\":true,\"valueName\":\"search_term_string\"}}],\"inLanguage\":\"es\"}]}<\/script>\n<!-- \/ Yoast SEO plugin. -->","yoast_head_json":{"title":"Pol\u00edtica de privacidad - Fundaci\u00f3 TIC Salut i Social","robots":{"index":"index","follow":"follow","max-snippet":"max-snippet:-1","max-image-preview":"max-image-preview:large","max-video-preview":"max-video-preview:-1"},"canonical":"https:\/\/ticsalutsocial.atoom.space\/es\/politica-de-privacitat\/","og_locale":"es_ES","og_type":"article","og_title":"Pol\u00edtica de privacidad - Fundaci\u00f3 TIC Salut i Social","og_description":"Pol\u00edtica de Privacidad Fundaci\u00f3n Tic Salut Social Mediante esta pol\u00edtica de privacidad, la Fundaci\u00f3n Tic Salut Social quiere facilitar un acceso \u00e1gil y r\u00e1pido a las principales informaciones relativas a los tratamientos de datos que lleva a cabo a trav\u00e9s de este sitio web ya los derechos que asisten a las personas interesadas en lo [&hellip;]","og_url":"https:\/\/ticsalutsocial.atoom.space\/es\/politica-de-privacitat\/","og_site_name":"Fundaci\u00f3 TIC Salut i Social","article_modified_time":"2025-01-03T14:47:57+00:00","twitter_card":"summary_large_image","twitter_misc":{"Tiempo de lectura":"5 minutos"},"schema":{"@context":"https:\/\/schema.org","@graph":[{"@type":"WebPage","@id":"https:\/\/ticsalutsocial.atoom.space\/es\/politica-de-privacitat\/","url":"https:\/\/ticsalutsocial.atoom.space\/es\/politica-de-privacitat\/","name":"Pol\u00edtica de privacidad - Fundaci\u00f3 TIC Salut i Social","isPartOf":{"@id":"https:\/\/ticsalutsocial.atoom.space\/es\/#website"},"datePublished":"2021-06-14T08:37:41+00:00","dateModified":"2025-01-03T14:47:57+00:00","breadcrumb":{"@id":"https:\/\/ticsalutsocial.atoom.space\/es\/politica-de-privacitat\/#breadcrumb"},"inLanguage":"es","potentialAction":[{"@type":"ReadAction","target":["https:\/\/ticsalutsocial.atoom.space\/es\/politica-de-privacitat\/"]}]},{"@type":"BreadcrumbList","@id":"https:\/\/ticsalutsocial.atoom.space\/es\/politica-de-privacitat\/#breadcrumb","itemListElement":[{"@type":"ListItem","position":1,"name":"Inici","item":"https:\/\/ticsalutsocial.atoom.space\/es\/"},{"@type":"ListItem","position":2,"name":"Pol\u00edtica de privacidad"}]},{"@type":"WebSite","@id":"https:\/\/ticsalutsocial.atoom.space\/es\/#website","url":"https:\/\/ticsalutsocial.atoom.space\/es\/","name":"Fundaci\u00f3 TIC Salut i Social","description":"","potentialAction":[{"@type":"SearchAction","target":{"@type":"EntryPoint","urlTemplate":"https:\/\/ticsalutsocial.atoom.space\/es\/?s={search_term_string}"},"query-input":{"@type":"PropertyValueSpecification","valueRequired":true,"valueName":"search_term_string"}}],"inLanguage":"es"}]}},"_links":{"self":[{"href":"https:\/\/ticsalutsocial.atoom.space\/es\/wp-json\/wp\/v2\/pages\/13872","targetHints":{"allow":["GET"]}}],"collection":[{"href":"https:\/\/ticsalutsocial.atoom.space\/es\/wp-json\/wp\/v2\/pages"}],"about":[{"href":"https:\/\/ticsalutsocial.atoom.space\/es\/wp-json\/wp\/v2\/types\/page"}],"author":[{"embeddable":true,"href":"https:\/\/ticsalutsocial.atoom.space\/es\/wp-json\/wp\/v2\/users\/21"}],"replies":[{"embeddable":true,"href":"https:\/\/ticsalutsocial.atoom.space\/es\/wp-json\/wp\/v2\/comments?post=13872"}],"version-history":[{"count":3,"href":"https:\/\/ticsalutsocial.atoom.space\/es\/wp-json\/wp\/v2\/pages\/13872\/revisions"}],"predecessor-version":[{"id":29930,"href":"https:\/\/ticsalutsocial.atoom.space\/es\/wp-json\/wp\/v2\/pages\/13872\/revisions\/29930"}],"wp:attachment":[{"href":"https:\/\/ticsalutsocial.atoom.space\/es\/wp-json\/wp\/v2\/media?parent=13872"}],"wp:term":[{"taxonomy":"tipus","embeddable":true,"href":"https:\/\/ticsalutsocial.atoom.space\/es\/wp-json\/wp\/v2\/tipus?post=13872"}],"curies":[{"name":"wp","href":"https:\/\/api.w.org\/{rel}","templated":true}]}}