
{"id":13876,"date":"2021-06-15T17:39:32","date_gmt":"2021-06-15T15:39:32","guid":{"rendered":"https:\/\/ticsalutsocial.atoom.space\/qui-som\/"},"modified":"2025-10-01T11:10:57","modified_gmt":"2025-10-01T09:10:57","slug":"qui-som","status":"publish","type":"page","link":"https:\/\/ticsalutsocial.atoom.space\/es\/qui-som\/","title":{"rendered":"Qui\u00e9nes somos"},"content":{"rendered":"","protected":false},"excerpt":{"rendered":"","protected":false},"author":21,"featured_media":0,"parent":0,"menu_order":0,"comment_status":"closed","ping_status":"closed","template":"page-templates\/qui_som.php","meta":{"_acf_changed":false,"inline_featured_image":false,"footnotes":""},"tipus":[],"class_list":["post-13876","page","type-page","status-publish","hentry"],"acf":{"impuls":{"ancora_seccio":"impulsant","titol":"Sobre la fundaci\u00f3n","texte_sup":"<p>Somos un organismo de la Generalitat de Catalu\u00f1a que trabaja para impulsar la transformaci\u00f3n digital de los servicios asistenciales a trav\u00e9s de las TIC.<\/p>\n<p>Fomentamos el trabajo en red en los \u00e1mbitos de la salud y el bienestar social.<\/p>\n<p>Somos observatorio de nuevas tendencias, innovaci\u00f3n y iniciativas emergentes.<\/p>\n<p>Ofrecemos servicios de normalizaci\u00f3n y certificaci\u00f3n de productos.<\/p>\n","llistat":[{"es_imatge":true,"imatge":556,"texte":""},{"es_imatge":false,"imatge":false,"texte":"Salud"},{"es_imatge":false,"imatge":false,"texte":"Bienestar<br \/>\r\nsocial"},{"es_imatge":false,"imatge":false,"texte":"TIC"}],"texte_inf":"<p>La implantaci\u00f3n de las TIC en nuestro sector es ya imparable y se visualiza como uno de los elementos m\u00e1s transformadores e integradores de la salud y el bienestar social del futuro. El hecho de que la salud en Catalu\u00f1a incluya al 100% de la ciudadan\u00eda dentro de un marco de cobertura universal y p\u00fablica -conjuntamente con la implicaci\u00f3n de una gran diversidad de agentes, organizaciones proveedoras e industrias subsidiarias- pone a los sectores sanitarios y de bienestar social en una excelente situaci\u00f3n para actuar como innovadores y dinamizadores econ\u00f3micos en el sector de las nuevas tecnolog\u00edas.<\/p>\n<p>El reto de los pr\u00f3ximos a\u00f1os es trabajar conjuntamente por el desarrollo de pol\u00edticas integradoras y continuistas con nuestros sectores.<\/p>\n"},"treballem":{"titol_icon_list":"\u00c1reas de trabajo","icon_list":[{"icona":24181,"titol":"Activos digitales"},{"icona":13005,"titol":"\u00c1mbito Social"},{"icona":24184,"titol":"Atenci\u00f3n digital personalizada"},{"icona":24187,"titol":"Competencias profesionales"},{"icona":24190,"titol":"DPD Salud"},{"icona":24193,"titol":"Inteligencia artificial"},{"icona":25203,"titol":"Interoperabilidad"},{"icona":25184,"titol":"eHealth"},{"icona":25207,"titol":"Integraci\u00f3n social y sanitaria"}],"titol_text_list":"Impulsamos nuestra labor en torno a 4 ejes de actividad:","list_sublist":[{"titol":"Ciudadan\u00eda","subllista":[{"texte":"Proporcionar<br \/>\r\nalternativas no<br \/>\r\npresenciales"},{"texte":"Facilitar la autonom\u00eda<br \/>\r\nde la persona"},{"texte":"Mejorar la experiencia<br \/>\r\nde la persona"}]},{"titol":"Sistema","subllista":[{"texte":"Incrementar la<br \/>\r\ncapacidad de respuesta"},{"texte":"Contribuir a la<br \/>\r\nsostenibilidad y equidad<br \/>\r\ndel sistema"}]},{"titol":"Informaci\u00f3n","subllista":[{"texte":"Disponer de m\u00e1s<br \/>\r\ninformaci\u00f3n"},{"texte":"Extraer m\u00e1s valor de<br \/>\r\nlos datos"},{"texte":"Compartir la<br \/>\r\ninformaci\u00f3n de salud y<br \/>\r\nsocial"}]},{"titol":"TIC","subllista":[{"texte":"Incrementar el retorno<br \/>\r\nde la innovaci\u00f3n"}]}],"titol_llistat_numeric":"L\u00edneas de acci\u00f3n","numeric_list":[{"texte":"Definir modelos de referencia de transformaci\u00f3n digital"},{"texte":"Aplicar IA en salud y bienestar social"},{"texte":"Dinamizar relaciones y colaboraciones"},{"texte":"Capacitar y formar profesionales"},{"texte":"Colaborar en el despliegue de estrategias TIC"},{"texte":"Consolidar la interoperabilidad del sistema"},{"texte":"Garantizar el cumplimiento de la RGPD en el \u00e1mbito de la salud"},{"texte":"Elaborar estudios e informes sectoriales"}]},"patronat":{"ancora_seccio":"patronat","titol":"Patronato","patronats":[{"nom":"Hble. Sra. Olga PAn\u00e9","carrec":"Presidenta","departament":"Departament de Salut","logotip":false},{"nom":"Hble. Sra. M\u00f2nica Martinez Bravo","carrec":"Vicepresidenta","departament":"Departament de Drets Socials i Inclusi\u00f3","logotip":false},{"nom":"Sra. Laura Seijo Elvira","carrec":"Vocal","departament":"Ayuntamiento de Matar\u00f3","logotip":false},{"nom":"Sr. Pol Perez Sust","carrec":"Vocal","departament":"Departament de Salut","logotip":false},{"nom":"Sr. Ramon Maspons","carrec":"Vocal","departament":"Departament de Salut","logotip":false},{"nom":"Sr. Albert Realp","carrec":"Vocal","departament":"Secretario de Telecomunicaciones y Transformaci\u00f3n Digital, Departament de la Presid\u00e8ncia","logotip":false},{"nom":"Sra. Maria Galindo Garc\u00eda-Delgado","carrec":"Vocal","departament":"Secretaria de Pol\u00edticas Digitales, Departament Empresa i Ocupaci\u00f3","logotip":false},{"nom":"Sra. Sandra Ruiz Peralta","carrec":"Vocal","departament":"Directora general de Societat Digital. Departament Empresa o Ocupaci\u00f3","logotip":false},{"nom":"Sra. Elisenda Serra Masip","carrec":"Vocal","departament":"Servei Catal\u00e0 de la Salut ","logotip":false},{"nom":"Sr. Miquel Arrufat Vila","carrec":"Vocal","departament":"Institut Catal\u00e0 de la Salut","logotip":false},{"nom":"Sr. Francesc Jos\u00e9 Maria Sanchez","carrec":"Vocal","departament":"Consorci de Salut i Social de Catalunya","logotip":false},{"nom":"Sra. Anna Zarzosa G\u00fcell","carrec":"Vocal","departament":"Agrupaci\u00f3 Catalana d\u2019Establiments Sanitaris - ACES","logotip":false},{"nom":"Sra. Roser Fernandez Alegre","carrec":"Vocal","departament":"La Uni\u00f3, Associaci\u00f3 d\u2019Entitats Sanit\u00e0ries i Socials","logotip":false},{"nom":"Sr. Ra\u00fa Moreno Monta\u00f1a","carrec":"Vocal","departament":"Departament de Drets Socials i Inclusi\u00f3","logotip":false},{"nom":"Sra. Cinta Pasqual","carrec":"Vocal","departament":"Presidenta ACRA","logotip":false},{"nom":"Sra. Carolina Homar Cruz","carrec":"Vocal","departament":"Departament de Drets Socials i Inclusi\u00f3","logotip":false},{"nom":"Sr. Xavier Trabado","carrec":"Vocal","departament":"Taula d'Entitats del Tercer Sector Social de Catalunya","logotip":false}]},"lateral":[{"titol":"Misi\u00f3n","contingut":"<p>Acompa\u00f1ar en la transformaci\u00f3n digital de los modelos de atenci\u00f3n asistencial a trav\u00e9s de la tecnolog\u00eda<\/p>\n"},{"titol":"Visi\u00f3n","contingut":"<p>Ser referente en innovaci\u00f3n tecnol\u00f3gica aplicada como instrumento de transformaci\u00f3n en salud y bienestar social<\/p>\n"},{"titol":"Valores","contingut":"<ul>\n<li>Compartici\u00f3n<\/li>\n<li>Transparencia<\/li>\n<li>Colaboraci\u00f3n<\/li>\n<li>Sostenibilidad<\/li>\n<li>Innovaci\u00f3n<\/li>\n<li>Equidad<\/li>\n<\/ul>\n"}],"const":{"titol":"Constituci\u00f3n","contingut":"<p>A partir de una propuesta del Departamento de Salud, en la sesi\u00f3n del 19 de septiembre de 2006, el Gobierno autoriz\u00f3 la creaci\u00f3n de la Fundaci\u00f3n Centro TIC y Salud.<\/p>\n<p>El 9 de octubre de 2006 se constituy\u00f3 a Matar\u00f3 en el marco del parque tecnol\u00f3gico TecnoCampus Matar\u00f3-Maresme.<\/p>\n<p>El 25 de noviembre la Fundaci\u00f3n traslada su sede en el Edificio Salvany de la calle Roc Boronat, 81 \u2013 95, de Barcelona, con el objetivo de trabajar de manera m\u00e1s eficiente y sostenible con los diferentes agentes y entidades de su ecosistema.<\/p>\n<p>Actualmente, la Fundaci\u00f3 TIC Salut i Social est\u00e1 formada por varias administraciones p\u00fablicas involucradas en los \u00e1mbitos de la salud, el bienestar social y las tecnolog\u00edas de la informaci\u00f3n y la comunicaci\u00f3n, as\u00ed como por agrupaciones de hospitales y centros sanitarios.<\/p>\n"},"seccio_xarxes_nacionals":{"ancora_seccio":"xarxes_nacionals","titol":"Redes nacionales","texte":"<p class=\"p1\">La Fundaci\u00f3 TIC Salut i Social establece acuerdos de colaboraci\u00f3n con diversas universidades catalanas y potencia el trabajo en red con Colegios Oficiales y entidades de la salud, el bienestar social y la tecnolog\u00eda:<\/p>\n<p><img loading=\"lazy\" decoding=\"async\" class=\"aligncenter wp-image-14169 size-full\" src=\"https:\/\/ticsalutsocial.atoom.space\/wp-content\/uploads\/2022\/09\/Universitats-1.png\" alt=\"\" width=\"665\" height=\"640\" srcset=\"https:\/\/ticsalutsocial.atoom.space\/wp-content\/uploads\/2022\/09\/Universitats-1.png 665w, https:\/\/ticsalutsocial.atoom.space\/wp-content\/uploads\/2022\/09\/Universitats-1-300x289.png 300w\" sizes=\"auto, (max-width: 665px) 100vw, 665px\" \/><\/p>\n<p>&nbsp;<\/p>\n<ul>\n<li><strong>Universitat de Vic-Universitat Central de Catalunya<\/strong><br \/>\n<a style=\"color: #ac319c; text-decoration: none;\" href=\"https:\/\/www.uvic.cat\/\" target=\"_blank\" rel=\"noopener\">www.uvic.cat<\/a><\/li>\n<li><strong>Universitat Polit\u00e8cnica de Catalunya \u2013 EEBE<\/strong><br \/>\n<a style=\"color: #ac319c; text-decoration: none;\" href=\"https:\/\/eebe.upc.edu\/ca\" target=\"_blank\" rel=\"noopener\">www.eebe.upc.edu<\/a><\/li>\n<li><strong>Universitat Ramon Llull \u2013 LaSalle<\/strong><br \/>\n<a style=\"color: #ac319c; text-decoration: none;\" href=\"https:\/\/www.salleurl.edu\/\" target=\"_blank\" rel=\"noopener\">www.salleurl.edu<\/a><\/li>\n<li><strong>Universitat Aut\u00f2noma de Barcelona \u2013 E.U. Gimbernat<\/strong><br \/>\n<a style=\"color: #ac319c; text-decoration: none;\" href=\"https:\/\/www.eug.es\/\" target=\"_blank\" rel=\"noopener\">www.eug.es<\/a><\/li>\n<li><strong>Universitat Pompeu Fabra \u2013 Tecnocampus<\/strong><br \/>\n<a style=\"color: #ac319c; text-decoration: none;\" href=\"https:\/\/www.tecnocampus.cat\/\" target=\"_blank\" rel=\"noopener\">www.tecnocampus.cat<\/a><\/li>\n<li><strong>Universitat Oberta de Catalunya<\/strong><br \/>\n<a style=\"color: #ac319c; text-decoration: none;\" href=\"https:\/\/www.uoc.edu\/\" target=\"_blank\" rel=\"noopener\">www.uoc.edu<\/a><\/li>\n<li><strong>Societat Catalana de Salut Digital<\/strong><br \/>\n<a style=\"color: #ac319c; text-decoration: none;\" href=\"http:\/\/www.scsalutdigital.cat\/\" target=\"_blank\" rel=\"noopener\">www.scsalutdigital.cat<\/a><\/li>\n<li><strong>Health 2.0 Barcelona<\/strong><br \/>\n<a style=\"color: #ac319c; text-decoration: none;\" href=\"https:\/\/www.meetup.com\/es-ES\/Health-2-0-Barcelona-Chapter\/\" target=\"_blank\" rel=\"noopener\">www.meetup.com\/es-ES\/Health-2-0-Barcelona-Chapter\/<\/a><\/li>\n<li><strong>Salus.coop<\/strong><br \/>\n<a style=\"color: #ac319c; text-decoration: none;\" href=\"https:\/\/www.saluscoop.org\/\" target=\"_blank\" rel=\"noopener\">www.salus.coop<\/a><\/li>\n<li><strong>La SEIS<\/strong><br \/>\n<a style=\"color: #ac319c; text-decoration: none;\" href=\"https:\/\/seis.es\/\" target=\"_blank\" rel=\"noopener\">www.seis.es<\/a><\/li>\n<li><strong>FENIN<\/strong><br \/>\n<a style=\"color: #ac319c; text-decoration: none;\" href=\"https:\/\/www.fenin.es\/\" target=\"_blank\" rel=\"noopener\">www.fenin.es<\/a><\/li>\n<li><strong>COMB<\/strong><br \/>\n<a style=\"color: #ac319c; text-decoration: none;\" href=\"https:\/\/www.comb.cat\/ca\/home\" target=\"_blank\" rel=\"noopener\">www.comb.cat<\/a><\/li>\n<li><strong>COIB<\/strong><br \/>\n<a style=\"color: #ac319c; text-decoration: none;\" href=\"https:\/\/www.coib.cat\" target=\"_blank\" rel=\"noopener\">www.coib.cat<\/a><\/li>\n<li><strong>COPC<\/strong><br \/>\n<a style=\"color: #ac319c; text-decoration: none;\" href=\"https:\/\/www.copc.cat\/\" target=\"_blank\" rel=\"noopener\">www.copc.cat<\/a><\/li>\n<li><strong>COPLEFFC<\/strong><br \/>\n<a style=\"color: #ac319c; text-decoration: none;\" href=\"https:\/\/www.coplefc.cat\/\" target=\"_blank\" rel=\"noopener\">www.coplefc.cat<\/a><\/li>\n<li><strong>SITT<\/strong><br \/>\n<a style=\"color: #ac319c; text-decoration: none;\" href=\"https:\/\/www.sittiberica.org\/\" target=\"_blank\" rel=\"noopener\">www.sittiberica.org<\/a><\/li>\n<li><strong>SEPC<\/strong><br \/>\n<a style=\"color: #ac319c; text-decoration: none;\" href=\"https:\/\/webs.academia.cat\/societats\/scepc\/\" target=\"_blank\" rel=\"noopener\">webs.academia.cat\/societats\/scepc<\/a><\/li>\n<li><strong>AIFICC<\/strong><br \/>\n<a style=\"color: #ac319c; text-decoration: none;\" href=\"https:\/\/www.aificc.cat\" target=\"_blank\" rel=\"noopener\">www.aificc.cat<\/a><\/li>\n<li><strong>CAMFIC<\/strong><br \/>\n<a style=\"color: #ac319c; text-decoration: none;\" href=\"http:\/\/www.camfic.cat\" target=\"_blank\" rel=\"noopener\">www.camfic.cat<\/a><\/li>\n<li><strong>TICBiomed<\/strong><br \/>\n<a style=\"color: #ac319c; text-decoration: none;\" href=\"https:\/\/ticbiomed.org\/\" target=\"_blank\" rel=\"noopener\">www.ticbiomed.org<\/a><\/li>\n<li><strong>Barcelona Health Hub<\/strong><br \/>\n<a style=\"color: #ac319c; text-decoration: none;\" href=\"https:\/\/barcelonahealthhub.com\/\" target=\"_blank\" rel=\"noopener\">barcelonahealthhub.com<\/a><\/li>\n<\/ul>\n"},"seccio_xarxes_internacionals":{"ancora_seccio":"xarxes_internacionals","titol":"Redes internacionales y financiaci\u00f3n de programas p\u00fablicos","texte":"<p>Como resultado del desarrollo de proyectos financiados con fondos competitivos generamos sinergias con entidades de los distintos Estados miembro de la Uni\u00f3n Europea.<\/p>\n<p>Situamos al Sistema de Salud de Catalu\u00f1a como referente en innovaci\u00f3n tecnol\u00f3gica y transformaci\u00f3n digital aplicada al bienestar social y la provisi\u00f3n de servicios sanitarios.<\/p>\n<p><img loading=\"lazy\" decoding=\"async\" class=\"aligncenter wp-image-14165 size-full\" src=\"https:\/\/ticsalutsocial.atoom.space\/wp-content\/uploads\/2022\/09\/Europa-1.png\" alt=\"\" width=\"526\" height=\"569\" srcset=\"https:\/\/ticsalutsocial.atoom.space\/wp-content\/uploads\/2022\/09\/Europa-1.png 526w, https:\/\/ticsalutsocial.atoom.space\/wp-content\/uploads\/2022\/09\/Europa-1-277x300.png 277w\" sizes=\"auto, (max-width: 526px) 100vw, 526px\" \/><\/p>\n<p>&nbsp;<\/p>\n<ul>\n<li><strong>HIMSS<\/strong><br \/>\n<a style=\"color: #ac319c; text-decoration: none;\" href=\"https:\/\/www.himss.org\/\" target=\"_blank\" rel=\"noopener\">www.himss.org<\/a><\/li>\n<li><strong>IFIC<\/strong><br \/>\n<a style=\"color: #ac319c; text-decoration: none;\" href=\"https:\/\/integratedcarefoundation.org\/\" target=\"_blank\" rel=\"noopener\">www.integratedcarefoundation.org<\/a><\/li>\n<li><strong>EHAlliance<\/strong><br \/>\n<a style=\"color: #ac319c; text-decoration: none;\" href=\"https:\/\/echalliance.com\/\" target=\"_blank\" rel=\"noopener\">echalliance.com<\/a><\/li>\n<li><strong>EIC<\/strong><br \/>\n<a style=\"color: #ac319c; text-decoration: none;\" href=\"https:\/\/eic.ec.europa.eu\/index_en\" target=\"_blank\" rel=\"noopener\">eic.ec.europa.eu<\/a><\/li>\n<li><strong>EATRIS<\/strong><br \/>\n<a style=\"color: #ac319c; text-decoration: none;\" href=\"http:\/\/www.eatris.eu\/\" target=\"_blank\" rel=\"noopener\">www.eatris.eu<\/a><\/li>\n<li><strong>EIT<\/strong><br \/>\n<a style=\"color: #ac319c; text-decoration: none;\" href=\"https:\/\/eit.europa.eu\/\" target=\"_blank\" rel=\"noopener\">eit.europa.eu<\/a><\/li>\n<li><strong>EHTEL<\/strong><br \/>\n<a style=\"color: #ac319c; text-decoration: none;\" href=\"https:\/\/www.ehtel.eu\/\" target=\"_blank\" rel=\"noopener\">www.ehtel.eu<\/a><\/li>\n<li><strong>Scottish Center for Telehealth and Telecare<\/strong><br \/>\n<a style=\"color: #ac319c; text-decoration: none;\" href=\"http:\/\/www.knowledge.scot.nhs.uk\/telehealthcare.aspx\" target=\"_blank\" rel=\"noopener\">www.knowledge.scot.nhs.uk<\/a><\/li>\n<li><strong>European Comission<\/strong><br \/>\n<a style=\"color: #ac319c; text-decoration: none;\" href=\"https:\/\/ec.europa.eu\/\" target=\"_blank\" rel=\"noopener\">ec.europa.eu<\/a><\/li>\n<li><strong>EIP on AHA<\/strong><br \/>\n<a style=\"color: #ac319c; text-decoration: none;\" href=\"https:\/\/ec.europa.eu\/eip\/ageing\/home_en.html\" target=\"_blank\" rel=\"noopener\">ec.europa.eu\/eip\/ageing<\/a><\/li>\n<li><strong>The Digital Health Society<\/strong><br \/>\n<a style=\"color: #ac319c; text-decoration: none;\" href=\"https:\/\/thedigitalhealthsociety.com\/\" target=\"_blank\" rel=\"noopener\">thedigitalhealthsociety.com<\/a><\/li>\n<\/ul>\n"},"seccio_adicional":false,"submenu_de_la_pagina":[{"titol":"Sobre la fundaci\u00f3n","tipus":"anchor","pagina":null,"ancora":"impulsant"},{"titol":"Patronato","tipus":"anchor","pagina":null,"ancora":"patronat"},{"titol":"Interoperabilidad","tipus":"pagina","pagina":{"title":"Interoperabilidad","url":"https:\/\/ticsalutsocial.atoom.space\/es\/qui-som\/interoperabilitat-i-tecnologies\/","target":""},"ancora":"patronat"},{"titol":"Redes nacionales","tipus":"anchor","pagina":"","ancora":"patronat"},{"titol":"Redes internacionales","tipus":"anchor","pagina":{"title":"Ofertas de empleo","url":"https:\/\/ticsalutsocial.atoom.space\/es\/ofertes-de-feina\/","target":""},"ancora":"xarxes_nacionals"},{"titol":"Ofertas de empleo","tipus":"pagina","pagina":{"title":"Ofertas de empleo","url":"https:\/\/ticsalutsocial.atoom.space\/es\/ofertes-de-feina\/","target":""},"ancora":""},{"titol":"Transparencia","tipus":"pagina","pagina":{"title":"Transparencia","url":"https:\/\/ticsalutsocial.atoom.space\/es\/transparencia\/","target":""},"ancora":""}]},"yoast_head":"<!-- This site is optimized with the Yoast SEO plugin v27.1.1 - https:\/\/yoast.com\/product\/yoast-seo-wordpress\/ -->\n<title>Qui\u00e9nes somos - Fundaci\u00f3 TIC Salut i Social<\/title>\n<meta name=\"robots\" content=\"index, follow, max-snippet:-1, max-image-preview:large, max-video-preview:-1\" \/>\n<link rel=\"canonical\" href=\"https:\/\/ticsalutsocial.atoom.space\/es\/qui-som\/\" \/>\n<meta property=\"og:locale\" content=\"es_ES\" \/>\n<meta property=\"og:type\" content=\"article\" \/>\n<meta property=\"og:title\" content=\"Qui\u00e9nes somos - Fundaci\u00f3 TIC Salut i Social\" \/>\n<meta property=\"og:url\" content=\"https:\/\/ticsalutsocial.atoom.space\/es\/qui-som\/\" \/>\n<meta property=\"og:site_name\" content=\"Fundaci\u00f3 TIC Salut i Social\" \/>\n<meta property=\"article:modified_time\" content=\"2025-10-01T09:10:57+00:00\" \/>\n<meta name=\"twitter:card\" content=\"summary_large_image\" \/>\n<script type=\"application\/ld+json\" class=\"yoast-schema-graph\">{\"@context\":\"https:\/\/schema.org\",\"@graph\":[{\"@type\":\"WebPage\",\"@id\":\"https:\/\/ticsalutsocial.atoom.space\/es\/qui-som\/\",\"url\":\"https:\/\/ticsalutsocial.atoom.space\/es\/qui-som\/\",\"name\":\"Qui\u00e9nes somos - Fundaci\u00f3 TIC Salut i Social\",\"isPartOf\":{\"@id\":\"https:\/\/ticsalutsocial.atoom.space\/es\/#website\"},\"datePublished\":\"2021-06-15T15:39:32+00:00\",\"dateModified\":\"2025-10-01T09:10:57+00:00\",\"breadcrumb\":{\"@id\":\"https:\/\/ticsalutsocial.atoom.space\/es\/qui-som\/#breadcrumb\"},\"inLanguage\":\"es\",\"potentialAction\":[{\"@type\":\"ReadAction\",\"target\":[\"https:\/\/ticsalutsocial.atoom.space\/es\/qui-som\/\"]}]},{\"@type\":\"BreadcrumbList\",\"@id\":\"https:\/\/ticsalutsocial.atoom.space\/es\/qui-som\/#breadcrumb\",\"itemListElement\":[{\"@type\":\"ListItem\",\"position\":1,\"name\":\"Inici\",\"item\":\"https:\/\/ticsalutsocial.atoom.space\/es\/\"},{\"@type\":\"ListItem\",\"position\":2,\"name\":\"Qui\u00e9nes somos\"}]},{\"@type\":\"WebSite\",\"@id\":\"https:\/\/ticsalutsocial.atoom.space\/es\/#website\",\"url\":\"https:\/\/ticsalutsocial.atoom.space\/es\/\",\"name\":\"Fundaci\u00f3 TIC Salut i Social\",\"description\":\"\",\"potentialAction\":[{\"@type\":\"SearchAction\",\"target\":{\"@type\":\"EntryPoint\",\"urlTemplate\":\"https:\/\/ticsalutsocial.atoom.space\/es\/?s={search_term_string}\"},\"query-input\":{\"@type\":\"PropertyValueSpecification\",\"valueRequired\":true,\"valueName\":\"search_term_string\"}}],\"inLanguage\":\"es\"}]}<\/script>\n<!-- \/ Yoast SEO plugin. -->","yoast_head_json":{"title":"Qui\u00e9nes somos - Fundaci\u00f3 TIC Salut i Social","robots":{"index":"index","follow":"follow","max-snippet":"max-snippet:-1","max-image-preview":"max-image-preview:large","max-video-preview":"max-video-preview:-1"},"canonical":"https:\/\/ticsalutsocial.atoom.space\/es\/qui-som\/","og_locale":"es_ES","og_type":"article","og_title":"Qui\u00e9nes somos - Fundaci\u00f3 TIC Salut i Social","og_url":"https:\/\/ticsalutsocial.atoom.space\/es\/qui-som\/","og_site_name":"Fundaci\u00f3 TIC Salut i Social","article_modified_time":"2025-10-01T09:10:57+00:00","twitter_card":"summary_large_image","schema":{"@context":"https:\/\/schema.org","@graph":[{"@type":"WebPage","@id":"https:\/\/ticsalutsocial.atoom.space\/es\/qui-som\/","url":"https:\/\/ticsalutsocial.atoom.space\/es\/qui-som\/","name":"Qui\u00e9nes somos - Fundaci\u00f3 TIC Salut i Social","isPartOf":{"@id":"https:\/\/ticsalutsocial.atoom.space\/es\/#website"},"datePublished":"2021-06-15T15:39:32+00:00","dateModified":"2025-10-01T09:10:57+00:00","breadcrumb":{"@id":"https:\/\/ticsalutsocial.atoom.space\/es\/qui-som\/#breadcrumb"},"inLanguage":"es","potentialAction":[{"@type":"ReadAction","target":["https:\/\/ticsalutsocial.atoom.space\/es\/qui-som\/"]}]},{"@type":"BreadcrumbList","@id":"https:\/\/ticsalutsocial.atoom.space\/es\/qui-som\/#breadcrumb","itemListElement":[{"@type":"ListItem","position":1,"name":"Inici","item":"https:\/\/ticsalutsocial.atoom.space\/es\/"},{"@type":"ListItem","position":2,"name":"Qui\u00e9nes somos"}]},{"@type":"WebSite","@id":"https:\/\/ticsalutsocial.atoom.space\/es\/#website","url":"https:\/\/ticsalutsocial.atoom.space\/es\/","name":"Fundaci\u00f3 TIC Salut i Social","description":"","potentialAction":[{"@type":"SearchAction","target":{"@type":"EntryPoint","urlTemplate":"https:\/\/ticsalutsocial.atoom.space\/es\/?s={search_term_string}"},"query-input":{"@type":"PropertyValueSpecification","valueRequired":true,"valueName":"search_term_string"}}],"inLanguage":"es"}]}},"_links":{"self":[{"href":"https:\/\/ticsalutsocial.atoom.space\/es\/wp-json\/wp\/v2\/pages\/13876","targetHints":{"allow":["GET"]}}],"collection":[{"href":"https:\/\/ticsalutsocial.atoom.space\/es\/wp-json\/wp\/v2\/pages"}],"about":[{"href":"https:\/\/ticsalutsocial.atoom.space\/es\/wp-json\/wp\/v2\/types\/page"}],"author":[{"embeddable":true,"href":"https:\/\/ticsalutsocial.atoom.space\/es\/wp-json\/wp\/v2\/users\/21"}],"replies":[{"embeddable":true,"href":"https:\/\/ticsalutsocial.atoom.space\/es\/wp-json\/wp\/v2\/comments?post=13876"}],"version-history":[{"count":34,"href":"https:\/\/ticsalutsocial.atoom.space\/es\/wp-json\/wp\/v2\/pages\/13876\/revisions"}],"predecessor-version":[{"id":33757,"href":"https:\/\/ticsalutsocial.atoom.space\/es\/wp-json\/wp\/v2\/pages\/13876\/revisions\/33757"}],"wp:attachment":[{"href":"https:\/\/ticsalutsocial.atoom.space\/es\/wp-json\/wp\/v2\/media?parent=13876"}],"wp:term":[{"taxonomy":"tipus","embeddable":true,"href":"https:\/\/ticsalutsocial.atoom.space\/es\/wp-json\/wp\/v2\/tipus?post=13876"}],"curies":[{"name":"wp","href":"https:\/\/api.w.org\/{rel}","templated":true}]}}