
{"id":19233,"date":"2021-06-25T12:00:08","date_gmt":"2021-06-25T10:00:08","guid":{"rendered":"https:\/\/ticsalutsocial.atoom.space\/avis-legal\/"},"modified":"2025-10-30T09:57:48","modified_gmt":"2025-10-30T07:57:48","slug":"avis-legal","status":"publish","type":"page","link":"https:\/\/ticsalutsocial.atoom.space\/es\/avis-legal\/","title":{"rendered":"Aviso legal"},"content":{"rendered":"\n<h1 class=\"wp-block-heading\"><mark style=\"background-color:rgba(0, 0, 0, 0);color:#10069d\" class=\"has-inline-color\">Aviso legal y condiciones de uso<\/mark><\/h1>\n\n\n\n<div style=\"height:30px\" aria-hidden=\"true\" class=\"wp-block-spacer\"><\/div>\n\n\n\n<div style=\"height:15px\" aria-hidden=\"true\" class=\"wp-block-spacer\"><\/div>\n\n\n\n<hr class=\"wp-block-separator has-css-opacity\"\/>\n\n\n\n<h3 class=\"wp-block-heading\">1. General<\/h3>\n\n\n\n<p><\/p>\n\n\n\n<p>El titular y responsable de este sitio web es la Fundaci\u00f3n Tic Salud Social, organismo de la Generalitat de Catalu\u00f1a que trabaja para impulsar el desarrollo y la utilizaci\u00f3n de las TIC.<\/p>\n\n\n\n<p>Sus datos de identificaci\u00f3n son las siguientes:<\/p>\n\n\n\n<blockquote class=\"wp-block-quote is-layout-flow wp-block-quote-is-layout-flow\">\n<p><strong>Denominaci\u00f3n:<\/strong> Fundaci\u00f3 TIC Salut i Social<br><strong>NIF:<\/strong> G64350374<br><strong>Direcci\u00f3n postal:<\/strong> C\/ Arag\u00f3, 330. 08009 Barcelona<br><strong>Tel:<\/strong> +34 93 553 26 42<br><strong>E-mail:<\/strong> <a href=\"mailto:info@ticsalutsocial.cat\">info@ticsalutsocial.cat<\/a><\/p>\n<\/blockquote>\n\n\n\n<p>La utilizaci\u00f3n de este sitio web y de su contenido es gratuita (excepto que se especifique el contrario por alg\u00fan servicio en particular) y atribuye autom\u00e1ticamente la condici\u00f3n de usuario (\u201cUsuario\u201d) a quien haga uso, implicando esta condici\u00f3n la plena aceptaci\u00f3n de estas condiciones.&nbsp;<\/p>\n\n\n\n<p>Este sitio web ofrece informaci\u00f3n, consejos, gu\u00edas y otros contenidos preparados por la Fundaci\u00f3n Tic Salud Social con fines de difusi\u00f3n, informaci\u00f3n y concienciaci\u00f3n. Se informa al Usuario que todos estos contenidos, a pesar de estar preparados con el m\u00e1ximo nivel de calidad y conocimientos posibles, no pueden suponer en ning\u00fan momento asesoramiento espec\u00edfico en materia tecnol\u00f3gica y\/o jur\u00eddica o ser considerados como actuaciones dirigidas a resolver problem\u00e1ticas espec\u00edficas. En cualquier caso, la Fundaci\u00f3n Tic Salud Social se reserva el derecho a modificarlos, suprimirlos, desarrollarlos o actualizarlos unilateralmente sin notificaci\u00f3n previa y sin asumir ninguna responsabilidad.<\/p>\n\n\n\n<p>La prestaci\u00f3n espec\u00edfica de servicios de la Fundaci\u00f3n Tic Salud Social quedar\u00e1 sujeta a las condiciones especificadas en los convenios por la prestaci\u00f3n de servicios acordados entre las partes correspondiendo.<\/p>\n\n\n\n<p><\/p>\n\n\n\n<div style=\"height:60px\" aria-hidden=\"true\" class=\"wp-block-spacer\"><\/div>\n\n\n\n<hr class=\"wp-block-separator has-css-opacity\"\/>\n\n\n\n<h3 class=\"wp-block-heading\"><strong>2. <\/strong>Obligaciones del Usuario<\/h3>\n\n\n\n<p><\/p>\n\n\n\n<p>El Usuario se compromete en todo momento a utilizar este sitio web de acuerdo con las presentes condiciones y con la normativa vigente aplicable. El Usuario se obliga a no realizar las siguientes acciones:<\/p>\n\n\n\n<ul class=\"wp-block-list\">\n<li>Registrarse o comunicar datos que no sean correctos, ciertas, exactas, completas y\/o actualizadas. El Usuario tiene que utilizar las herramientas de actualizaci\u00f3n establecidas en este sitio web con el fin de introducir los cambios necesarios en los datos del Usuario.<\/li>\n\n\n\n<li>Acceder al sitio web empleando el nombre de usuario o la contrase\u00f1a de otro usuario o suplantar de cualquier otra manera a cualquier persona a trav\u00e9s de los medios puestos a disposici\u00f3n en el sitio web.<\/li>\n\n\n\n<li>Restringir o impedir a cualquier otro Usuario el uso y disfrute del sitio web.<\/li>\n\n\n\n<li>Enviar o difundir informaciones, c\u00f3digos o contenidos que puedan reducir, perjudicar, perturbar, o impedir el uso normal de este sitio web por parte de cualquier Usuario, y\/o que puedan malograr o perjudicar los equipos o la propiedad de la Fundaci\u00f3n Tic Salud Social u otros Usuarios incluyendo, sin car\u00e1cter limitativo, aplicaciones maliciosas, virus, bombas l\u00f3gicas, env\u00edo masivo de mensajes, etc. La Fundaci\u00f3n Tic Salud Social se reserva el derecho de eliminar informaci\u00f3n enviada por un Usuario o bloquear su acceso al sitio web con el fin de mantener la disponibilidad del sitio web.<\/li>\n<\/ul>\n\n\n\n<p><\/p>\n\n\n\n<p><\/p>\n\n\n\n<div style=\"height:60px\" aria-hidden=\"true\" class=\"wp-block-spacer\"><\/div>\n\n\n\n<hr class=\"wp-block-separator has-css-opacity\"\/>\n\n\n\n<h3 class=\"wp-block-heading\">3. Protecci\u00f3n de los derechos de propiedad intelectual<\/h3>\n\n\n\n<p><\/p>\n\n\n\n<p>Los contenidos y elementos gr\u00e1ficos que forman parte de este sitio web, incluyendo los textos, im\u00e1genes, sonido y cualquier otro material, son titularidad exclusiva de la Fundaci\u00f3n TIC Salud Social o de alg\u00fan organismo vinculado a este que ha autorizado su uso, o de terceros que hayan autorizado el uso de estos contenidos a la Fundaci\u00f3n TIC Salud Social.<\/p>\n\n\n\n<p>Los contenidos del sitio web son objeto de propiedad intelectual, con las excepciones previstas en el art\u00edculo 13 del Real decreto legislativo 1\/1996, de 12 de abril, por el cual se aprueba el texto refundido de la Ley de propiedad intelectual. Por lo tanto, cualquier uso o reproducci\u00f3n que las personas usuarias hagan de estos contenidos, u otros que se puedan incluir en el futuro, se tienen que hacer siguiendo las previsiones y respetando las limitaciones de la normativa mencionada.<\/p>\n\n\n\n<p>La Fundaci\u00f3n TIC Salud Social se reserva de forma expl\u00edcita los derechos a todos los efectos respecto del conjunto de los contenidos difundidos en el sitio web que son objeto de propiedad intelectual.<\/p>\n\n\n\n<p>Todo acceso a este sitio web resta sujeto a las condiciones siguientes: Solo est\u00e1 autorizado el uso personal no comercial.<\/p>\n\n\n\n<p>No est\u00e1 permitida la modificaci\u00f3n del web ni de sus contenidos.<\/p>\n\n\n\n<p>La Fundaci\u00f3n TIC Salud Social se reserva el derecho de instar las acciones, los procedimientos y las medidas cautelares procedentes, previstos en la legislaci\u00f3n de propiedad intelectual, con relaci\u00f3n a la comisi\u00f3n de infracciones a la normativa sobre propiedad intelectual por parte de los usuarios. Las infracciones que se cometan con motivo de la utilizaci\u00f3n fraudulenta de la informaci\u00f3n y de los contenidos del sitio web de la Fundaci\u00f3n TIC Salud Social, pueden comportar las sanciones legalmente previstas en la normativa que sea aplicable en cada caso.<\/p>\n\n\n\n<p><\/p>\n\n\n\n<p><\/p>\n\n\n\n<div style=\"height:60px\" aria-hidden=\"true\" class=\"wp-block-spacer\"><\/div>\n\n\n\n<hr class=\"wp-block-separator has-css-opacity\"\/>\n\n\n\n<h3 class=\"wp-block-heading\">4. <strong>Responsabilidad de los contenidos<\/strong><\/h3>\n\n\n\n<p><\/p>\n\n\n\n<p>Las presentes condiciones de utilizaci\u00f3n del sitio web se regir\u00e1n por la legislaci\u00f3n catalana y espa\u00f1ola que resulte de aplicaci\u00f3n.<\/p>\n\n\n\n<p>El uso de este sitio web se realiza por la cuenta y riesgo del Usuario. La Fundaci\u00f3n TIC Salud Social no garantiza que el web y el servidor est\u00e9n libres de virus y no se hace responsable de los da\u00f1os causados por el acceso al web o por la imposibilidad de acceder. As\u00ed mismo, la Fundaci\u00f3n TIC Salud Social no es responsable de la informaci\u00f3n que se puede obtener a trav\u00e9s de enlaces a sistemas externos que no sean dependientes de la Fundaci\u00f3n TIC Salud Social.<\/p>\n\n\n\n<p>La Fundaci\u00f3n TIC Salud Social se reserva el derecho a realizar cambios en el sitio web sin preaviso, a\u00f1adiendo, modificando, corrigiendo o eliminando los contenidos publicados o el dise\u00f1o del sitio web, con el objetivo de mantener actualizada la informaci\u00f3n.<\/p>\n\n\n\n<p>La Fundaci\u00f3n TIC Salud Social no se har\u00e1 responsable del uso que terceros hagan de la informaci\u00f3n publicada al sitio web.<\/p>\n\n\n\n<p><\/p>\n\n\n\n<p><\/p>\n\n\n\n<div style=\"height:60px\" aria-hidden=\"true\" class=\"wp-block-spacer\"><\/div>\n\n\n\n<hr class=\"wp-block-separator has-css-opacity\"\/>\n\n\n\n<h3 class=\"wp-block-heading\">5. Protecci\u00f3n de Datos de Car\u00e1cter Personal<\/h3>\n\n\n\n<p><\/p>\n\n\n\n<p>A los efectos del que prev\u00e9 la normativa vigente en materia de protecci\u00f3n de datos y el resto de legislaci\u00f3n aplicable, la Fundaci\u00f3n TIC Salud Social informa a los Usuarios y a cualquier tercero de quien trate datos de car\u00e1cter personal sobre su pol\u00edtica de protecci\u00f3n de datos de car\u00e1cter personal, la cual est\u00e1 disponible al sitio web, en el enlace siguiente \u201cPol\u00edtica de Privacidad \u201d. As\u00ed mismo, el sitio web dispone de galletas por el que se informa en la correspondiente \u201cPol\u00edtica de cookies\u201d de las caracter\u00edsticas de las mismas.<\/p>\n\n\n\n<div style=\"height:60px\" aria-hidden=\"true\" class=\"wp-block-spacer\"><\/div>\n\n\n\n<hr class=\"wp-block-separator has-css-opacity\"\/>\n\n\n\n<h3 class=\"wp-block-heading\">6. <strong>Portal de transparencia<\/strong><\/h3>\n\n\n\n<p><\/p>\n\n\n\n<p>A trav\u00e9s de la informaci\u00f3n publicada dentro del web de transparencia de este sitio web, la Fundaci\u00f3n Tic Salud Social controla de forma peri\u00f3dica el principio de publicidad activa establecido por la Ley 19\/2013 de 9 de diciembre, de transparencia, acceso a la informaci\u00f3n p\u00fablica y el buen gobierno, con los mecanismos adecuados para facilitar la accesibilidad, la interoperabilidad, la calidad y la reutilizaci\u00f3n de la informaci\u00f3n, as\u00ed como su identificaci\u00f3n y localizaci\u00f3n.<\/p>\n\n\n\n<p><\/p>\n\n\n\n<p><\/p>\n\n\n\n<div style=\"height:60px\" aria-hidden=\"true\" class=\"wp-block-spacer\"><\/div>\n\n\n\n<hr class=\"wp-block-separator has-css-opacity\"\/>\n\n\n\n<h3 class=\"wp-block-heading\">7. Suspensi\u00f3n y terminaci\u00f3n del servicio<\/h3>\n\n\n\n<p><\/p>\n\n\n\n<p>La Fundaci\u00f3n Tic Salud Social se reserva el derecho a modificar, restringir, temporal o permanentemente, el acceso y\/o el uso de este sitio web, incluyendo la cancelaci\u00f3n de la cuenta de usuario, con notificaci\u00f3n previa en particular o sin, pero sin car\u00e1cter limitativo, a las siguientes situaciones:<\/p>\n\n\n\n<ul class=\"wp-block-list\">\n<li>Cuando el Usuario incumpla las presentes condiciones.<\/li>\n\n\n\n<li>Cuando el Usuario emplee de forma no apropiada cualquier parte del sitio web o cualquier propiedad o elemento de la Fundaci\u00f3n Tic Salud Social.<\/li>\n\n\n\n<li>Cuando se detecte un error de seguridad o un acceso no autorizado al sitio web.<\/li>\n<\/ul>\n\n\n\n<p><\/p>\n\n\n\n<p><\/p>\n","protected":false},"excerpt":{"rendered":"<p>Aviso legal y condiciones de uso 1. General El titular y responsable de este sitio web es la Fundaci\u00f3n Tic Salud Social, organismo de la Generalitat de Catalu\u00f1a que trabaja para impulsar el desarrollo y la utilizaci\u00f3n de las TIC. Sus datos de identificaci\u00f3n son las siguientes: Denominaci\u00f3n: Fundaci\u00f3 TIC Salut i SocialNIF: G64350374Direcci\u00f3n postal: [&hellip;]<\/p>\n","protected":false},"author":21,"featured_media":0,"parent":0,"menu_order":0,"comment_status":"closed","ping_status":"closed","template":"","meta":{"_acf_changed":false,"inline_featured_image":false,"footnotes":""},"tipus":[],"class_list":["post-19233","page","type-page","status-publish","hentry"],"acf":{"finalitzat":false,"tipus_plantilla":"objectius","template_objectius":{"cont_principal":"","imatge":false,"cont_seguent":{"titol":"","contingut":""},"seccio_llistat":{"titol":"","llistat":false},"objectius":{"titol":"","objectius":false},"documents":false}},"yoast_head":"<!-- This site is optimized with the Yoast SEO plugin v27.1.1 - https:\/\/yoast.com\/product\/yoast-seo-wordpress\/ -->\n<title>Aviso legal - Fundaci\u00f3 TIC Salut i Social<\/title>\n<meta name=\"robots\" content=\"index, follow, max-snippet:-1, max-image-preview:large, max-video-preview:-1\" \/>\n<link rel=\"canonical\" href=\"https:\/\/ticsalutsocial.atoom.space\/es\/avis-legal\/\" \/>\n<meta property=\"og:locale\" content=\"es_ES\" \/>\n<meta property=\"og:type\" content=\"article\" \/>\n<meta property=\"og:title\" content=\"Aviso legal - Fundaci\u00f3 TIC Salut i Social\" \/>\n<meta property=\"og:description\" content=\"Aviso legal y condiciones de uso 1. General El titular y responsable de este sitio web es la Fundaci\u00f3n Tic Salud Social, organismo de la Generalitat de Catalu\u00f1a que trabaja para impulsar el desarrollo y la utilizaci\u00f3n de las TIC. Sus datos de identificaci\u00f3n son las siguientes: Denominaci\u00f3n: Fundaci\u00f3 TIC Salut i SocialNIF: G64350374Direcci\u00f3n postal: [&hellip;]\" \/>\n<meta property=\"og:url\" content=\"https:\/\/ticsalutsocial.atoom.space\/es\/avis-legal\/\" \/>\n<meta property=\"og:site_name\" content=\"Fundaci\u00f3 TIC Salut i Social\" \/>\n<meta property=\"article:modified_time\" content=\"2025-10-30T07:57:48+00:00\" \/>\n<meta name=\"twitter:card\" content=\"summary_large_image\" \/>\n<meta name=\"twitter:label1\" content=\"Tiempo de lectura\" \/>\n\t<meta name=\"twitter:data1\" content=\"7 minutos\" \/>\n<script type=\"application\/ld+json\" class=\"yoast-schema-graph\">{\"@context\":\"https:\/\/schema.org\",\"@graph\":[{\"@type\":\"WebPage\",\"@id\":\"https:\/\/ticsalutsocial.atoom.space\/es\/avis-legal\/\",\"url\":\"https:\/\/ticsalutsocial.atoom.space\/es\/avis-legal\/\",\"name\":\"Aviso legal - Fundaci\u00f3 TIC Salut i Social\",\"isPartOf\":{\"@id\":\"https:\/\/ticsalutsocial.atoom.space\/es\/#website\"},\"datePublished\":\"2021-06-25T10:00:08+00:00\",\"dateModified\":\"2025-10-30T07:57:48+00:00\",\"breadcrumb\":{\"@id\":\"https:\/\/ticsalutsocial.atoom.space\/es\/avis-legal\/#breadcrumb\"},\"inLanguage\":\"es\",\"potentialAction\":[{\"@type\":\"ReadAction\",\"target\":[\"https:\/\/ticsalutsocial.atoom.space\/es\/avis-legal\/\"]}]},{\"@type\":\"BreadcrumbList\",\"@id\":\"https:\/\/ticsalutsocial.atoom.space\/es\/avis-legal\/#breadcrumb\",\"itemListElement\":[{\"@type\":\"ListItem\",\"position\":1,\"name\":\"Inici\",\"item\":\"https:\/\/ticsalutsocial.atoom.space\/es\/\"},{\"@type\":\"ListItem\",\"position\":2,\"name\":\"Aviso legal\"}]},{\"@type\":\"WebSite\",\"@id\":\"https:\/\/ticsalutsocial.atoom.space\/es\/#website\",\"url\":\"https:\/\/ticsalutsocial.atoom.space\/es\/\",\"name\":\"Fundaci\u00f3 TIC Salut i Social\",\"description\":\"\",\"potentialAction\":[{\"@type\":\"SearchAction\",\"target\":{\"@type\":\"EntryPoint\",\"urlTemplate\":\"https:\/\/ticsalutsocial.atoom.space\/es\/?s={search_term_string}\"},\"query-input\":{\"@type\":\"PropertyValueSpecification\",\"valueRequired\":true,\"valueName\":\"search_term_string\"}}],\"inLanguage\":\"es\"}]}<\/script>\n<!-- \/ Yoast SEO plugin. -->","yoast_head_json":{"title":"Aviso legal - Fundaci\u00f3 TIC Salut i Social","robots":{"index":"index","follow":"follow","max-snippet":"max-snippet:-1","max-image-preview":"max-image-preview:large","max-video-preview":"max-video-preview:-1"},"canonical":"https:\/\/ticsalutsocial.atoom.space\/es\/avis-legal\/","og_locale":"es_ES","og_type":"article","og_title":"Aviso legal - Fundaci\u00f3 TIC Salut i Social","og_description":"Aviso legal y condiciones de uso 1. General El titular y responsable de este sitio web es la Fundaci\u00f3n Tic Salud Social, organismo de la Generalitat de Catalu\u00f1a que trabaja para impulsar el desarrollo y la utilizaci\u00f3n de las TIC. Sus datos de identificaci\u00f3n son las siguientes: Denominaci\u00f3n: Fundaci\u00f3 TIC Salut i SocialNIF: G64350374Direcci\u00f3n postal: [&hellip;]","og_url":"https:\/\/ticsalutsocial.atoom.space\/es\/avis-legal\/","og_site_name":"Fundaci\u00f3 TIC Salut i Social","article_modified_time":"2025-10-30T07:57:48+00:00","twitter_card":"summary_large_image","twitter_misc":{"Tiempo de lectura":"7 minutos"},"schema":{"@context":"https:\/\/schema.org","@graph":[{"@type":"WebPage","@id":"https:\/\/ticsalutsocial.atoom.space\/es\/avis-legal\/","url":"https:\/\/ticsalutsocial.atoom.space\/es\/avis-legal\/","name":"Aviso legal - Fundaci\u00f3 TIC Salut i Social","isPartOf":{"@id":"https:\/\/ticsalutsocial.atoom.space\/es\/#website"},"datePublished":"2021-06-25T10:00:08+00:00","dateModified":"2025-10-30T07:57:48+00:00","breadcrumb":{"@id":"https:\/\/ticsalutsocial.atoom.space\/es\/avis-legal\/#breadcrumb"},"inLanguage":"es","potentialAction":[{"@type":"ReadAction","target":["https:\/\/ticsalutsocial.atoom.space\/es\/avis-legal\/"]}]},{"@type":"BreadcrumbList","@id":"https:\/\/ticsalutsocial.atoom.space\/es\/avis-legal\/#breadcrumb","itemListElement":[{"@type":"ListItem","position":1,"name":"Inici","item":"https:\/\/ticsalutsocial.atoom.space\/es\/"},{"@type":"ListItem","position":2,"name":"Aviso legal"}]},{"@type":"WebSite","@id":"https:\/\/ticsalutsocial.atoom.space\/es\/#website","url":"https:\/\/ticsalutsocial.atoom.space\/es\/","name":"Fundaci\u00f3 TIC Salut i Social","description":"","potentialAction":[{"@type":"SearchAction","target":{"@type":"EntryPoint","urlTemplate":"https:\/\/ticsalutsocial.atoom.space\/es\/?s={search_term_string}"},"query-input":{"@type":"PropertyValueSpecification","valueRequired":true,"valueName":"search_term_string"}}],"inLanguage":"es"}]}},"_links":{"self":[{"href":"https:\/\/ticsalutsocial.atoom.space\/es\/wp-json\/wp\/v2\/pages\/19233","targetHints":{"allow":["GET"]}}],"collection":[{"href":"https:\/\/ticsalutsocial.atoom.space\/es\/wp-json\/wp\/v2\/pages"}],"about":[{"href":"https:\/\/ticsalutsocial.atoom.space\/es\/wp-json\/wp\/v2\/types\/page"}],"author":[{"embeddable":true,"href":"https:\/\/ticsalutsocial.atoom.space\/es\/wp-json\/wp\/v2\/users\/21"}],"replies":[{"embeddable":true,"href":"https:\/\/ticsalutsocial.atoom.space\/es\/wp-json\/wp\/v2\/comments?post=19233"}],"version-history":[{"count":2,"href":"https:\/\/ticsalutsocial.atoom.space\/es\/wp-json\/wp\/v2\/pages\/19233\/revisions"}],"predecessor-version":[{"id":34121,"href":"https:\/\/ticsalutsocial.atoom.space\/es\/wp-json\/wp\/v2\/pages\/19233\/revisions\/34121"}],"wp:attachment":[{"href":"https:\/\/ticsalutsocial.atoom.space\/es\/wp-json\/wp\/v2\/media?parent=19233"}],"wp:term":[{"taxonomy":"tipus","embeddable":true,"href":"https:\/\/ticsalutsocial.atoom.space\/es\/wp-json\/wp\/v2\/tipus?post=19233"}],"curies":[{"name":"wp","href":"https:\/\/api.w.org\/{rel}","templated":true}]}}