
{"id":25581,"date":"2024-01-22T16:30:13","date_gmt":"2024-01-22T14:30:13","guid":{"rendered":"https:\/\/ticsalutsocial.atoom.space\/que-fem\/imatge-medica-digital\/"},"modified":"2024-02-27T15:16:37","modified_gmt":"2024-02-27T13:16:37","slug":"imatge-medica-digital","status":"publish","type":"page","link":"https:\/\/ticsalutsocial.atoom.space\/es\/que-fem\/imatge-medica-digital\/","title":{"rendered":"Imagen m\u00e9dica digital"},"content":{"rendered":"","protected":false},"excerpt":{"rendered":"","protected":false},"author":21,"featured_media":0,"parent":24861,"menu_order":0,"comment_status":"closed","ping_status":"closed","template":"page-templates\/ia.php","meta":{"_acf_changed":false,"inline_featured_image":false,"footnotes":""},"tipus":[],"class_list":["post-25581","page","type-page","status-publish","hentry"],"acf":{"finalitzat":false,"tipus_plantilla":"seccions","template_objectius":{"cont_principal":"","imatge":false,"cont_seguent":{"titol":"","contingut":""},"seccio_llistat":{"titol":"","llistat":false},"objectius":{"titol":"","objectius":false},"documents":false},"template_seccions":{"objectius":{"titol":"","objectius":[{"icona":false,"texte":"<p><strong>Facilitar<\/strong> la ciencia m\u00e9dica con el estudio de la histolog\u00eda normal y la fisiolog\u00eda de un \u00f3rgano o sistema.<\/p>\n"},{"icona":false,"texte":"<p>Conjunto de t\u00e9cnicas y procesos empleados para crear im\u00e1genes digitales del cuerpo humano tienen fines cl\u00ednicos como<strong> diagnosticar, examinar y tratar enfermedades.<\/strong><\/p>\n"}]},"cont_flex":[{"acf_fc_layout":"texte","mostrar_numero":true,"backcolor":"gris","titol":"Contexto","texte":"<p>El Departamento de Salud se dot\u00f3 en 2018 del Sistema de Imagen M\u00e9dica Digital de Catalu\u00f1a (SIMDCAT) un entorno seguro y tecnol\u00f3gicamente avanzado donde almacenar y compartir servicios de imagen m\u00e9dica digital entre las entidades del sistema sanitario integral de utilizaci\u00f3n p\u00fablica de Catalu\u00f1a (SISCAT).<\/p>\n<p>SIMDCAT tambi\u00e9n permite disponer de servicios y recursos digitales basados en una misma arquitectura de software de forma segura y deslocalizada como cloud service para hacer accesibles las im\u00e1genes m\u00e9dicas digitales desde los diferentes historiales electr\u00f3nicos de salud de forma descentralizada.<\/p>\n<p>El r\u00e1pido avance de la tecnolog\u00eda y la consolidaci\u00f3n de disciplinas como la inteligencia artificial posicionan la imagen m\u00e9dica digital como una fuente de informaci\u00f3n de datos cl\u00ednicos relevante para desarrollar modelos de asistencia sanitaria basados en la predicci\u00f3n precoz y la prevenci\u00f3n, Por tanto permiten mejorar la actual cartera de servicios asistenciales en t\u00e9rminos de equidad, eficiencia y sostenibilidad sist\u00e9mica.<\/p>\n<p>Consulta los proyectos relacionados con IMD del Sistema de Salud de Catalu\u00f1a en los que participa la Fundaci\u00f3n TIC Salud Social.<\/p>\n"},{"acf_fc_layout":"texte","mostrar_numero":true,"backcolor":"blanc","titol":"Proyectos","texte":"<p><a class=\"consult-btn btn\" href=\"https:\/\/ticsalutsocial.atoom.space\/es\/project\/pat-simdcat\/\" target=\"_blank\" rel=\"noopener\">Pat-SIMDCAT<\/a><\/p>\n<p><a class=\"consult-btn btn\" href=\"https:\/\/ticsalutsocial.atoom.space\/es\/project\/simdcat\/\" target=\"_blank\" rel=\"noopener\">SIMDCAT<\/a><\/p>\n"}]}},"yoast_head":"<!-- This site is optimized with the Yoast SEO plugin v27.1.1 - https:\/\/yoast.com\/product\/yoast-seo-wordpress\/ -->\n<title>Imagen m\u00e9dica digital - Fundaci\u00f3 TIC Salut i Social<\/title>\n<meta name=\"robots\" content=\"index, follow, max-snippet:-1, max-image-preview:large, max-video-preview:-1\" \/>\n<link rel=\"canonical\" href=\"https:\/\/ticsalutsocial.atoom.space\/es\/que-fem\/imatge-medica-digital\/\" \/>\n<meta property=\"og:locale\" content=\"es_ES\" \/>\n<meta property=\"og:type\" content=\"article\" \/>\n<meta property=\"og:title\" content=\"Imagen m\u00e9dica digital - Fundaci\u00f3 TIC Salut i Social\" \/>\n<meta property=\"og:url\" content=\"https:\/\/ticsalutsocial.atoom.space\/es\/que-fem\/imatge-medica-digital\/\" \/>\n<meta property=\"og:site_name\" content=\"Fundaci\u00f3 TIC Salut i Social\" \/>\n<meta property=\"article:modified_time\" content=\"2024-02-27T13:16:37+00:00\" \/>\n<meta name=\"twitter:card\" content=\"summary_large_image\" \/>\n<script type=\"application\/ld+json\" class=\"yoast-schema-graph\">{\"@context\":\"https:\/\/schema.org\",\"@graph\":[{\"@type\":\"WebPage\",\"@id\":\"https:\/\/ticsalutsocial.atoom.space\/es\/que-fem\/imatge-medica-digital\/\",\"url\":\"https:\/\/ticsalutsocial.atoom.space\/es\/que-fem\/imatge-medica-digital\/\",\"name\":\"Imagen m\u00e9dica digital - Fundaci\u00f3 TIC Salut i Social\",\"isPartOf\":{\"@id\":\"https:\/\/ticsalutsocial.atoom.space\/es\/#website\"},\"datePublished\":\"2024-01-22T14:30:13+00:00\",\"dateModified\":\"2024-02-27T13:16:37+00:00\",\"breadcrumb\":{\"@id\":\"https:\/\/ticsalutsocial.atoom.space\/es\/que-fem\/imatge-medica-digital\/#breadcrumb\"},\"inLanguage\":\"es\",\"potentialAction\":[{\"@type\":\"ReadAction\",\"target\":[\"https:\/\/ticsalutsocial.atoom.space\/es\/que-fem\/imatge-medica-digital\/\"]}]},{\"@type\":\"BreadcrumbList\",\"@id\":\"https:\/\/ticsalutsocial.atoom.space\/es\/que-fem\/imatge-medica-digital\/#breadcrumb\",\"itemListElement\":[{\"@type\":\"ListItem\",\"position\":1,\"name\":\"Inici\",\"item\":\"https:\/\/ticsalutsocial.atoom.space\/es\/\"},{\"@type\":\"ListItem\",\"position\":2,\"name\":\"Que Fem\",\"item\":\"https:\/\/ticsalutsocial.atoom.space\/es\/que-fem\/\"},{\"@type\":\"ListItem\",\"position\":3,\"name\":\"Imagen m\u00e9dica digital\"}]},{\"@type\":\"WebSite\",\"@id\":\"https:\/\/ticsalutsocial.atoom.space\/es\/#website\",\"url\":\"https:\/\/ticsalutsocial.atoom.space\/es\/\",\"name\":\"Fundaci\u00f3 TIC Salut i Social\",\"description\":\"\",\"potentialAction\":[{\"@type\":\"SearchAction\",\"target\":{\"@type\":\"EntryPoint\",\"urlTemplate\":\"https:\/\/ticsalutsocial.atoom.space\/es\/?s={search_term_string}\"},\"query-input\":{\"@type\":\"PropertyValueSpecification\",\"valueRequired\":true,\"valueName\":\"search_term_string\"}}],\"inLanguage\":\"es\"}]}<\/script>\n<!-- \/ Yoast SEO plugin. -->","yoast_head_json":{"title":"Imagen m\u00e9dica digital - Fundaci\u00f3 TIC Salut i Social","robots":{"index":"index","follow":"follow","max-snippet":"max-snippet:-1","max-image-preview":"max-image-preview:large","max-video-preview":"max-video-preview:-1"},"canonical":"https:\/\/ticsalutsocial.atoom.space\/es\/que-fem\/imatge-medica-digital\/","og_locale":"es_ES","og_type":"article","og_title":"Imagen m\u00e9dica digital - Fundaci\u00f3 TIC Salut i Social","og_url":"https:\/\/ticsalutsocial.atoom.space\/es\/que-fem\/imatge-medica-digital\/","og_site_name":"Fundaci\u00f3 TIC Salut i Social","article_modified_time":"2024-02-27T13:16:37+00:00","twitter_card":"summary_large_image","schema":{"@context":"https:\/\/schema.org","@graph":[{"@type":"WebPage","@id":"https:\/\/ticsalutsocial.atoom.space\/es\/que-fem\/imatge-medica-digital\/","url":"https:\/\/ticsalutsocial.atoom.space\/es\/que-fem\/imatge-medica-digital\/","name":"Imagen m\u00e9dica digital - Fundaci\u00f3 TIC Salut i Social","isPartOf":{"@id":"https:\/\/ticsalutsocial.atoom.space\/es\/#website"},"datePublished":"2024-01-22T14:30:13+00:00","dateModified":"2024-02-27T13:16:37+00:00","breadcrumb":{"@id":"https:\/\/ticsalutsocial.atoom.space\/es\/que-fem\/imatge-medica-digital\/#breadcrumb"},"inLanguage":"es","potentialAction":[{"@type":"ReadAction","target":["https:\/\/ticsalutsocial.atoom.space\/es\/que-fem\/imatge-medica-digital\/"]}]},{"@type":"BreadcrumbList","@id":"https:\/\/ticsalutsocial.atoom.space\/es\/que-fem\/imatge-medica-digital\/#breadcrumb","itemListElement":[{"@type":"ListItem","position":1,"name":"Inici","item":"https:\/\/ticsalutsocial.atoom.space\/es\/"},{"@type":"ListItem","position":2,"name":"Que Fem","item":"https:\/\/ticsalutsocial.atoom.space\/es\/que-fem\/"},{"@type":"ListItem","position":3,"name":"Imagen m\u00e9dica digital"}]},{"@type":"WebSite","@id":"https:\/\/ticsalutsocial.atoom.space\/es\/#website","url":"https:\/\/ticsalutsocial.atoom.space\/es\/","name":"Fundaci\u00f3 TIC Salut i Social","description":"","potentialAction":[{"@type":"SearchAction","target":{"@type":"EntryPoint","urlTemplate":"https:\/\/ticsalutsocial.atoom.space\/es\/?s={search_term_string}"},"query-input":{"@type":"PropertyValueSpecification","valueRequired":true,"valueName":"search_term_string"}}],"inLanguage":"es"}]}},"_links":{"self":[{"href":"https:\/\/ticsalutsocial.atoom.space\/es\/wp-json\/wp\/v2\/pages\/25581","targetHints":{"allow":["GET"]}}],"collection":[{"href":"https:\/\/ticsalutsocial.atoom.space\/es\/wp-json\/wp\/v2\/pages"}],"about":[{"href":"https:\/\/ticsalutsocial.atoom.space\/es\/wp-json\/wp\/v2\/types\/page"}],"author":[{"embeddable":true,"href":"https:\/\/ticsalutsocial.atoom.space\/es\/wp-json\/wp\/v2\/users\/21"}],"replies":[{"embeddable":true,"href":"https:\/\/ticsalutsocial.atoom.space\/es\/wp-json\/wp\/v2\/comments?post=25581"}],"version-history":[{"count":2,"href":"https:\/\/ticsalutsocial.atoom.space\/es\/wp-json\/wp\/v2\/pages\/25581\/revisions"}],"predecessor-version":[{"id":25583,"href":"https:\/\/ticsalutsocial.atoom.space\/es\/wp-json\/wp\/v2\/pages\/25581\/revisions\/25583"}],"up":[{"embeddable":true,"href":"https:\/\/ticsalutsocial.atoom.space\/es\/wp-json\/wp\/v2\/pages\/24861"}],"wp:attachment":[{"href":"https:\/\/ticsalutsocial.atoom.space\/es\/wp-json\/wp\/v2\/media?parent=25581"}],"wp:term":[{"taxonomy":"tipus","embeddable":true,"href":"https:\/\/ticsalutsocial.atoom.space\/es\/wp-json\/wp\/v2\/tipus?post=25581"}],"curies":[{"name":"wp","href":"https:\/\/api.w.org\/{rel}","templated":true}]}}