
{"id":31248,"date":"2025-02-20T11:36:06","date_gmt":"2025-02-20T09:36:06","guid":{"rendered":"https:\/\/ticsalutsocial.atoom.space\/que-fem\/activos-digitales-para-los-ciudadanos\/introduccion\/"},"modified":"2025-11-10T12:32:02","modified_gmt":"2025-11-10T10:32:02","slug":"introduccion","status":"publish","type":"page","link":"https:\/\/ticsalutsocial.atoom.space\/es\/que-fem\/activos-digitales-para-los-ciudadanos\/introduccion\/","title":{"rendered":"Introducci\u00f3n"},"content":{"rendered":"\r\n<p style=\"margin-bottom: 20px; text-align: left;\">El <strong>\u00c1rea de Activos Digitales<\/strong> de la Fundaci\u00f3n TIC Salud Social, en colaboraci\u00f3n con el <strong>\u00c1rea de Ciudadan\u00eda, Innovaci\u00f3n y Usuario del Servicio Catal\u00e1n de la Salud, el Departamento de Salud y el Departamento de Derechos Sociales e Inclusi\u00f3n<\/strong>, trabaja para impulsar el uso de soluciones y servicios digitales para acercarlos a la ciudadan\u00eda. Estos activos digitales, accesibles mediante una p\u00e1gina web, una aplicaci\u00f3n m\u00f3vil u otras interfaces, permiten la pr\u00e1ctica de actividades sanitarias y de bienestar social centradas en la persona.<\/p>\r\n<p style=\"margin-bottom: 20px; text-align: left;\">El principal compromiso del \u00e1rea es impulsar y acompa\u00f1ar en el uso de soluciones digitales de salud y bienestar dirigidas a la ciudadan\u00eda del Sistema de Salud de Catalunya.<\/p>\r\n<p style=\"text-align: left;\">\r\n\r\n<\/p>\r\n<h1 style=\"margin-bottom: 10px; text-align: left;\">Funciones\u00a0<\/h1>\r\n<p style=\"text-align: left;\">\r\n\r\n<\/p>\r\n<ul class=\"wp-block-list\" style=\"text-align: left;\">\r\n<li><strong>Asesorar<\/strong> respecto a la creaci\u00f3n de soluciones digitales de calidad y de confianza.<\/li>\r\n\r\n<li><strong>Acompa\u00f1ar<\/strong> a las entidades del SISCAT a identificar y ofrecer buenas pr\u00e1cticas para activos existentes o crear otros nuevos.\u00a0<\/li>\r\n<!-- \/wp:post-content --><!-- \/wp:list-item -->\r\n<li><strong>Informar<\/strong> sobre las tendencias y novedades nacionales e internacionales en cuando a los activos digitales del sector.<\/li>\r\n<!-- \/wp:list-item --><!-- \/wp:list-item -->\r\n<li><strong>Certificar aplicaciones<\/strong> de salud siguiendo los est\u00e1ndares europeos como la CEN ISO\/TS 82304-2 y gu\u00edas del Departamento de Salud y la legislaci\u00f3n vigente en materia de aplicaciones de salud.\u00a0.<\/li>\r\n<!-- \/wp:list-item --><!-- \/wp:list-item -->\r\n<li><strong>Colaborar<\/strong> con el Servicio Catal\u00e1n de la Salud y otras entidades del Departamento de Salud y Derechos Sociales e inclusi\u00f3n para velar por la adopci\u00f3n de activos digitales de salud y social.<\/li>\r\n<!-- \/wp:list-item --><\/ul>\r\n<p style=\"margin-bottom: 20px; text-align: left;\"><!-- \/wp:list -->\r\n\r\n<!-- wp:paragraph --><\/p>\r\n<p style=\"margin-bottom: 20px; text-align: left;\">En el \u00c1rea de Activos Digitales encontrar\u00e1s:<\/p>\r\n<p style=\"text-align: left;\"><!-- \/wp:paragraph -->\r\n\r\n<!-- wp:list --><\/p>\r\n<ul class=\"wp-block-list\" style=\"text-align: left;\"><!-- wp:list-item -->\r\n<li>Un <strong>directorio de activos digitales de salud y social<\/strong> para la ciudadan\u00eda, pacientes y profesionales, que engloba aplicaciones m\u00f3viles relevantes en el territorio catal\u00e1n.<\/li>\r\n<!-- \/wp:list-item -->\r\n\r\n<!-- wp:list-item -->\r\n<li><strong>Gu\u00edas de buenas pr\u00e1cticas y recomendaciones<\/strong> para acompa\u00f1ar en el desarrollo de aplicaciones de salud.<\/li>\r\n<!-- \/wp:list-item -->\r\n\r\n<!-- wp:list-item -->\r\n<li>Un <strong>Marco de Evaluaci\u00f3n de Activos Digitales<\/strong> que permite certificar las aplicaciones de calidad y promover su uso en el Sistema de Salud y en el sector, siguiendo est\u00e1ndares europeos, nacionales y locales.<\/li>\r\n<!-- \/wp:list-item -->\r\n\r\n<!-- wp:list-item -->\r\n<li>Un<strong> test de autoevaluaci\u00f3n<\/strong> que permite a los desarrolladores conocer si la aplicaci\u00f3n de salud se alinea con los requisitos m\u00ednimos de usabilidad, accesibilidad, de contenidos, de seguridad, privacidad de los datos y robustez tecnol\u00f3gica definidos en el Marco.<\/li>\r\n<!-- \/wp:list-item --><\/ul>\r\n<p style=\"text-align: left;\"><!-- \/wp:list -->\r\n\r\n<!-- wp:columns --><\/p>\r\n<div class=\"wp-block-columns\" style=\"text-align: left;\"><!-- wp:column -->\r\n<div class=\"wp-block-column\"><!-- wp:image {\"id\":30389,\"sizeSlug\":\"large\",\"linkDestination\":\"none\"} --><!-- \/wp:image --><\/div>\r\n<!-- \/wp:column -->\r\n\r\n<!-- wp:paragraph -->\r\n<p style=\"text-align: justify;\"><!-- \/wp:paragraph --><\/p>\r\n<\/div>\r\n<p style=\"text-align: left;\">Los activos digitales en salud y social tienen un gran potencial para facilitar la gesti\u00f3n de la salud y bienestar de la poblaci\u00f3n; y su evaluaci\u00f3n y posterior certificaci\u00f3n de \u00e9stas permite asegurar su calidad, buen uso y beneficio por parte de las personas que las utilizan. Son muchos los esfuerzos provenientes de diferentes regiones de la Uni\u00f3n Europea y de diferentes sistemas de salud para promover estas aplicaciones entre la ciudadan\u00eda y conseguir un marco de confianza com\u00fan dentro de los sistemas p\u00fablicos, con criterios \u00fanicos de evaluaci\u00f3n en toda Europa.<\/p>\r\n<p style=\"text-align: left;\">\u00a0<\/p>\r\n<!-- wp:heading -->\r\n<h2 class=\"wp-block-heading\" style=\"text-align: left;\">Not\u00edcias destacadas<\/h2>\r\n<p style=\"text-align: left;\"><!-- \/wp:heading -->\r\n\r\n<!-- wp:shortcode --> \n<style>\n    .relnews--list .relnews--list-wrapper {\n        display: flex;\n        gap: 2em;\n    }\n    .relnews--list .relnews--news {\n        width: calc(33.33% - 1em);\n    }\n    .relnews--list .relnews--img img {\n        width: 100%;\n        height: 200px;\n        object-fit: cover;\n        border-radius: 3px;\n    }\n    .relnews--list .relnews--title {\n        font-family: 'HelveticaNowDisplay-Regular';\n        font-size: 20px;\n        line-height: 28px;\n        color: #231f20;\n    }\n    .relnews--list .relnews--news:hover .relnews--title {\n        font-weight: bold;\n    }\n    @media (max-width: 782px) {\n        .relnews--list .relnews--list-wrapper {\n            flex-direction: column;\n        }\n        .relnews--list .relnews--news {\n            width: 100%;\n        }\n    }\n<\/style>\n\n<div class=\"relnews--list\">\n    <div class=\"relnews--list-wrapper\">\n                    <div class=\"relnews--news\">\n                <div class=\"relnews--news-wrapper\">\n                    <a href=\"https:\/\/ticsalutsocial.atoom.space\/es\/noticia\/una-eina-per-millorar-els-processos-clinics-i-lexperiencia-del-pacient\/\">\n                        <div class=\"relnews--img\">\n                            <img loading=\"lazy\" decoding=\"async\" width=\"1254\" height=\"836\" src=\"https:\/\/ticsalutsocial.atoom.space\/wp-content\/uploads\/2026\/02\/iStock-2230392212-1.jpg\" class=\"attachment-post-thumbnail size-post-thumbnail wp-post-image\" alt=\"Una eina per millorar els processos cl\u00ednics i l\u2019experi\u00e8ncia del pacient\" srcset=\"https:\/\/ticsalutsocial.atoom.space\/wp-content\/uploads\/2026\/02\/iStock-2230392212-1.jpg 1254w, https:\/\/ticsalutsocial.atoom.space\/wp-content\/uploads\/2026\/02\/iStock-2230392212-1-300x200.jpg 300w, https:\/\/ticsalutsocial.atoom.space\/wp-content\/uploads\/2026\/02\/iStock-2230392212-1-1024x683.jpg 1024w, https:\/\/ticsalutsocial.atoom.space\/wp-content\/uploads\/2026\/02\/iStock-2230392212-1-768x512.jpg 768w\" sizes=\"auto, (max-width: 1254px) 100vw, 1254px\" \/>                        <\/div>\n                        <div class=\"relnews--content\">\n                            <p><span class=\"relnews--title\">Una herramienta para mejorar los procesos cl\u00ednicos y la experiencia del paciente<\/span><\/p>\n                        <\/div>\n                    <\/a>\n                <\/div>\n            <\/div>\n                    <div class=\"relnews--news\">\n                <div class=\"relnews--news-wrapper\">\n                    <a href=\"https:\/\/ticsalutsocial.atoom.space\/es\/noticia\/la-fundacio-tic-salut-i-social-y-orcha-firman-un-acuerdo-estrategico-para-impulsar-la-evaluacion-transfronteriza-de-la-salud-digital-en-europa\/\">\n                        <div class=\"relnews--img\">\n                            <img loading=\"lazy\" decoding=\"async\" width=\"1280\" height=\"960\" src=\"https:\/\/ticsalutsocial.atoom.space\/wp-content\/uploads\/2026\/01\/acord-FTSS-amb-ORCHA-Health.png\" class=\"attachment-post-thumbnail size-post-thumbnail wp-post-image\" alt=\"acord FTSS amb ORCHA Health\" srcset=\"https:\/\/ticsalutsocial.atoom.space\/wp-content\/uploads\/2026\/01\/acord-FTSS-amb-ORCHA-Health.png 1280w, https:\/\/ticsalutsocial.atoom.space\/wp-content\/uploads\/2026\/01\/acord-FTSS-amb-ORCHA-Health-300x225.png 300w, https:\/\/ticsalutsocial.atoom.space\/wp-content\/uploads\/2026\/01\/acord-FTSS-amb-ORCHA-Health-1024x768.png 1024w, https:\/\/ticsalutsocial.atoom.space\/wp-content\/uploads\/2026\/01\/acord-FTSS-amb-ORCHA-Health-768x576.png 768w\" sizes=\"auto, (max-width: 1280px) 100vw, 1280px\" \/>                        <\/div>\n                        <div class=\"relnews--content\">\n                            <p><span class=\"relnews--title\">La Fundaci\u00f3 TIC Salut i Social y ORCHA firman un acuerdo estrat\u00e9gico para impulsar la evaluaci\u00f3n transfronteriza de la salud digital en Europa<\/span><\/p>\n                        <\/div>\n                    <\/a>\n                <\/div>\n            <\/div>\n                    <div class=\"relnews--news\">\n                <div class=\"relnews--news-wrapper\">\n                    <a href=\"https:\/\/ticsalutsocial.atoom.space\/es\/noticia\/lapp-esalut-primera-del-sistema-public-de-salut-catala-acreditada-pel-nou-servei-de-certificacio-dactius-digitals-de-la-fundacio-tic-salut-i-social\/\">\n                        <div class=\"relnews--img\">\n                            <img loading=\"lazy\" decoding=\"async\" width=\"1280\" height=\"960\" src=\"https:\/\/ticsalutsocial.atoom.space\/wp-content\/uploads\/2025\/11\/app-esalut.png\" class=\"attachment-post-thumbnail size-post-thumbnail wp-post-image\" alt=\"app esalut\" srcset=\"https:\/\/ticsalutsocial.atoom.space\/wp-content\/uploads\/2025\/11\/app-esalut.png 1280w, https:\/\/ticsalutsocial.atoom.space\/wp-content\/uploads\/2025\/11\/app-esalut-300x225.png 300w, https:\/\/ticsalutsocial.atoom.space\/wp-content\/uploads\/2025\/11\/app-esalut-1024x768.png 1024w, https:\/\/ticsalutsocial.atoom.space\/wp-content\/uploads\/2025\/11\/app-esalut-768x576.png 768w\" sizes=\"auto, (max-width: 1280px) 100vw, 1280px\" \/>                        <\/div>\n                        <div class=\"relnews--content\">\n                            <p><span class=\"relnews--title\">La app eSalut, primera del sistema p\u00fablico de salud catal\u00e1n acreditada por el nuevo servicio de certificaci\u00f3n de activos digitales de la Fundaci\u00f3 TIC Salut i Social<\/span><\/p>\n                        <\/div>\n                    <\/a>\n                <\/div>\n            <\/div>\n            <\/div>\n<\/div> <!-- \/wp:shortcode --><\/p>","protected":false},"excerpt":{"rendered":"<p>El \u00c1rea de Activos Digitales de la Fundaci\u00f3n TIC Salud Social, en colaboraci\u00f3n con el \u00c1rea de Ciudadan\u00eda, Innovaci\u00f3n y Usuario del Servicio Catal\u00e1n de la Salud, el Departamento de Salud y el Departamento de Derechos Sociales e Inclusi\u00f3n, trabaja para impulsar el uso de soluciones y servicios digitales para acercarlos a la ciudadan\u00eda. Estos [&hellip;]<\/p>\n","protected":false},"author":21,"featured_media":0,"parent":12969,"menu_order":0,"comment_status":"closed","ping_status":"closed","template":"page-templates\/section--actius-digitals.php","meta":{"_acf_changed":false,"inline_featured_image":false,"footnotes":""},"tipus":[],"class_list":["post-31248","page","type-page","status-publish","hentry"],"acf":{"tipus_plantilla":"objectius","template_objectius":{"cont_principal":"","imatge":false,"cont_seguent":{"titol":"","contingut":""},"seccio_llistat":{"titol":"","llistat":false},"objectius":{"titol":"","objectius":false},"documents":false},"finalitzat":false},"yoast_head":"<!-- This site is optimized with the Yoast SEO plugin v27.1.1 - https:\/\/yoast.com\/product\/yoast-seo-wordpress\/ -->\n<title>Introducci\u00f3n - Fundaci\u00f3 TIC Salut i Social<\/title>\n<meta name=\"robots\" content=\"index, follow, max-snippet:-1, max-image-preview:large, max-video-preview:-1\" \/>\n<link rel=\"canonical\" href=\"https:\/\/ticsalutsocial.atoom.space\/es\/que-fem\/activos-digitales-para-los-ciudadanos\/introduccion\/\" \/>\n<meta property=\"og:locale\" content=\"es_ES\" \/>\n<meta property=\"og:type\" content=\"article\" \/>\n<meta property=\"og:title\" content=\"Introducci\u00f3n - Fundaci\u00f3 TIC Salut i Social\" \/>\n<meta property=\"og:description\" content=\"El \u00c1rea de Activos Digitales de la Fundaci\u00f3n TIC Salud Social, en colaboraci\u00f3n con el \u00c1rea de Ciudadan\u00eda, Innovaci\u00f3n y Usuario del Servicio Catal\u00e1n de la Salud, el Departamento de Salud y el Departamento de Derechos Sociales e Inclusi\u00f3n, trabaja para impulsar el uso de soluciones y servicios digitales para acercarlos a la ciudadan\u00eda. Estos [&hellip;]\" \/>\n<meta property=\"og:url\" content=\"https:\/\/ticsalutsocial.atoom.space\/es\/que-fem\/activos-digitales-para-los-ciudadanos\/introduccion\/\" \/>\n<meta property=\"og:site_name\" content=\"Fundaci\u00f3 TIC Salut i Social\" \/>\n<meta property=\"article:modified_time\" content=\"2025-11-10T10:32:02+00:00\" \/>\n<meta name=\"twitter:card\" content=\"summary_large_image\" \/>\n<meta name=\"twitter:label1\" content=\"Tiempo de lectura\" \/>\n\t<meta name=\"twitter:data1\" content=\"3 minutos\" \/>\n<script type=\"application\/ld+json\" class=\"yoast-schema-graph\">{\"@context\":\"https:\/\/schema.org\",\"@graph\":[{\"@type\":\"WebPage\",\"@id\":\"https:\/\/ticsalutsocial.atoom.space\/es\/que-fem\/activos-digitales-para-los-ciudadanos\/introduccion\/\",\"url\":\"https:\/\/ticsalutsocial.atoom.space\/es\/que-fem\/activos-digitales-para-los-ciudadanos\/introduccion\/\",\"name\":\"Introducci\u00f3n - Fundaci\u00f3 TIC Salut i Social\",\"isPartOf\":{\"@id\":\"https:\/\/ticsalutsocial.atoom.space\/es\/#website\"},\"datePublished\":\"2025-02-20T09:36:06+00:00\",\"dateModified\":\"2025-11-10T10:32:02+00:00\",\"breadcrumb\":{\"@id\":\"https:\/\/ticsalutsocial.atoom.space\/es\/que-fem\/activos-digitales-para-los-ciudadanos\/introduccion\/#breadcrumb\"},\"inLanguage\":\"es\",\"potentialAction\":[{\"@type\":\"ReadAction\",\"target\":[\"https:\/\/ticsalutsocial.atoom.space\/es\/que-fem\/activos-digitales-para-los-ciudadanos\/introduccion\/\"]}]},{\"@type\":\"BreadcrumbList\",\"@id\":\"https:\/\/ticsalutsocial.atoom.space\/es\/que-fem\/activos-digitales-para-los-ciudadanos\/introduccion\/#breadcrumb\",\"itemListElement\":[{\"@type\":\"ListItem\",\"position\":1,\"name\":\"Inici\",\"item\":\"https:\/\/ticsalutsocial.atoom.space\/es\/\"},{\"@type\":\"ListItem\",\"position\":2,\"name\":\"Que Fem\",\"item\":\"https:\/\/ticsalutsocial.atoom.space\/es\/que-fem\/\"},{\"@type\":\"ListItem\",\"position\":3,\"name\":\"Activos digitales para los ciudadanos\",\"item\":\"https:\/\/ticsalutsocial.atoom.space\/es\/que-fem\/activos-digitales-para-los-ciudadanos\/\"},{\"@type\":\"ListItem\",\"position\":4,\"name\":\"Introducci\u00f3n\"}]},{\"@type\":\"WebSite\",\"@id\":\"https:\/\/ticsalutsocial.atoom.space\/es\/#website\",\"url\":\"https:\/\/ticsalutsocial.atoom.space\/es\/\",\"name\":\"Fundaci\u00f3 TIC Salut i Social\",\"description\":\"\",\"potentialAction\":[{\"@type\":\"SearchAction\",\"target\":{\"@type\":\"EntryPoint\",\"urlTemplate\":\"https:\/\/ticsalutsocial.atoom.space\/es\/?s={search_term_string}\"},\"query-input\":{\"@type\":\"PropertyValueSpecification\",\"valueRequired\":true,\"valueName\":\"search_term_string\"}}],\"inLanguage\":\"es\"}]}<\/script>\n<!-- \/ Yoast SEO plugin. -->","yoast_head_json":{"title":"Introducci\u00f3n - Fundaci\u00f3 TIC Salut i Social","robots":{"index":"index","follow":"follow","max-snippet":"max-snippet:-1","max-image-preview":"max-image-preview:large","max-video-preview":"max-video-preview:-1"},"canonical":"https:\/\/ticsalutsocial.atoom.space\/es\/que-fem\/activos-digitales-para-los-ciudadanos\/introduccion\/","og_locale":"es_ES","og_type":"article","og_title":"Introducci\u00f3n - Fundaci\u00f3 TIC Salut i Social","og_description":"El \u00c1rea de Activos Digitales de la Fundaci\u00f3n TIC Salud Social, en colaboraci\u00f3n con el \u00c1rea de Ciudadan\u00eda, Innovaci\u00f3n y Usuario del Servicio Catal\u00e1n de la Salud, el Departamento de Salud y el Departamento de Derechos Sociales e Inclusi\u00f3n, trabaja para impulsar el uso de soluciones y servicios digitales para acercarlos a la ciudadan\u00eda. Estos [&hellip;]","og_url":"https:\/\/ticsalutsocial.atoom.space\/es\/que-fem\/activos-digitales-para-los-ciudadanos\/introduccion\/","og_site_name":"Fundaci\u00f3 TIC Salut i Social","article_modified_time":"2025-11-10T10:32:02+00:00","twitter_card":"summary_large_image","twitter_misc":{"Tiempo de lectura":"3 minutos"},"schema":{"@context":"https:\/\/schema.org","@graph":[{"@type":"WebPage","@id":"https:\/\/ticsalutsocial.atoom.space\/es\/que-fem\/activos-digitales-para-los-ciudadanos\/introduccion\/","url":"https:\/\/ticsalutsocial.atoom.space\/es\/que-fem\/activos-digitales-para-los-ciudadanos\/introduccion\/","name":"Introducci\u00f3n - Fundaci\u00f3 TIC Salut i Social","isPartOf":{"@id":"https:\/\/ticsalutsocial.atoom.space\/es\/#website"},"datePublished":"2025-02-20T09:36:06+00:00","dateModified":"2025-11-10T10:32:02+00:00","breadcrumb":{"@id":"https:\/\/ticsalutsocial.atoom.space\/es\/que-fem\/activos-digitales-para-los-ciudadanos\/introduccion\/#breadcrumb"},"inLanguage":"es","potentialAction":[{"@type":"ReadAction","target":["https:\/\/ticsalutsocial.atoom.space\/es\/que-fem\/activos-digitales-para-los-ciudadanos\/introduccion\/"]}]},{"@type":"BreadcrumbList","@id":"https:\/\/ticsalutsocial.atoom.space\/es\/que-fem\/activos-digitales-para-los-ciudadanos\/introduccion\/#breadcrumb","itemListElement":[{"@type":"ListItem","position":1,"name":"Inici","item":"https:\/\/ticsalutsocial.atoom.space\/es\/"},{"@type":"ListItem","position":2,"name":"Que Fem","item":"https:\/\/ticsalutsocial.atoom.space\/es\/que-fem\/"},{"@type":"ListItem","position":3,"name":"Activos digitales para los ciudadanos","item":"https:\/\/ticsalutsocial.atoom.space\/es\/que-fem\/activos-digitales-para-los-ciudadanos\/"},{"@type":"ListItem","position":4,"name":"Introducci\u00f3n"}]},{"@type":"WebSite","@id":"https:\/\/ticsalutsocial.atoom.space\/es\/#website","url":"https:\/\/ticsalutsocial.atoom.space\/es\/","name":"Fundaci\u00f3 TIC Salut i Social","description":"","potentialAction":[{"@type":"SearchAction","target":{"@type":"EntryPoint","urlTemplate":"https:\/\/ticsalutsocial.atoom.space\/es\/?s={search_term_string}"},"query-input":{"@type":"PropertyValueSpecification","valueRequired":true,"valueName":"search_term_string"}}],"inLanguage":"es"}]}},"_links":{"self":[{"href":"https:\/\/ticsalutsocial.atoom.space\/es\/wp-json\/wp\/v2\/pages\/31248","targetHints":{"allow":["GET"]}}],"collection":[{"href":"https:\/\/ticsalutsocial.atoom.space\/es\/wp-json\/wp\/v2\/pages"}],"about":[{"href":"https:\/\/ticsalutsocial.atoom.space\/es\/wp-json\/wp\/v2\/types\/page"}],"author":[{"embeddable":true,"href":"https:\/\/ticsalutsocial.atoom.space\/es\/wp-json\/wp\/v2\/users\/21"}],"replies":[{"embeddable":true,"href":"https:\/\/ticsalutsocial.atoom.space\/es\/wp-json\/wp\/v2\/comments?post=31248"}],"version-history":[{"count":17,"href":"https:\/\/ticsalutsocial.atoom.space\/es\/wp-json\/wp\/v2\/pages\/31248\/revisions"}],"predecessor-version":[{"id":34286,"href":"https:\/\/ticsalutsocial.atoom.space\/es\/wp-json\/wp\/v2\/pages\/31248\/revisions\/34286"}],"up":[{"embeddable":true,"href":"https:\/\/ticsalutsocial.atoom.space\/es\/wp-json\/wp\/v2\/pages\/12969"}],"wp:attachment":[{"href":"https:\/\/ticsalutsocial.atoom.space\/es\/wp-json\/wp\/v2\/media?parent=31248"}],"wp:term":[{"taxonomy":"tipus","embeddable":true,"href":"https:\/\/ticsalutsocial.atoom.space\/es\/wp-json\/wp\/v2\/tipus?post=31248"}],"curies":[{"name":"wp","href":"https:\/\/api.w.org\/{rel}","templated":true}]}}