
{"id":31276,"date":"2025-02-20T12:51:12","date_gmt":"2025-02-20T10:51:12","guid":{"rendered":"https:\/\/ticsalutsocial.atoom.space\/que-fem\/ambit-social\/fondo-next-generation-ue\/"},"modified":"2025-10-27T15:12:14","modified_gmt":"2025-10-27T13:12:14","slug":"fondo-next-generation-ue","status":"publish","type":"page","link":"https:\/\/ticsalutsocial.atoom.space\/es\/que-fem\/ambit-social\/fondo-next-generation-ue\/","title":{"rendered":"Fondo Next Generation UE"},"content":{"rendered":"\n<p><span style=\"font-weight: 400;\">El Departamento de Derechos Sociales e Inclusi\u00f3n ha encargado a la Fundaci\u00f3n TIC Salut Social el control t\u00e9cnico de la ejecuci\u00f3n de los proyectos tecnol\u00f3gicos subvencionados a terceros con fondos <\/span><i><span style=\"font-weight: 400;\">Next Generation<\/span><\/i><span style=\"font-weight: 400;\">. Se trata de m\u00e1s de 80 proyectos que contribuir\u00e1n a construir un verdadero sistema catal\u00e1n de servicios sociales con todos los actores, p\u00fablicos y privados. La monitorizaci\u00f3n debe permitir evitar duplicidades y generar sinergias y econom\u00edas de escala entre los diferentes proyectos.<\/span><\/p>\n\n\n\n<p>Dentro de las actuaciones que ha impulsado el Departamento de Derechos Sociales e Inclusi\u00f3n con estos fondos, se han otorgado 13.300.000 euros para iniciativas que utilizan la tecnolog\u00eda para aportar soluciones a las personas en situaci\u00f3n de dependencia, discapacidad o de problem\u00e1tica social derivada de enfermedad mental.<\/p>\n\n\n\n<p>Se trata de proyectos que pueden tener objetivos diversos, como facilitar la autonom\u00eda personal, el cuidado, el mantenimiento de la persona en el entorno domiciliario, la atenci\u00f3n integrada social y sanitaria, as\u00ed como la participaci\u00f3n e implicaci\u00f3n de la red de voluntariado.\n<\/p>\n\n\n\n<p>En el proceso de valoraci\u00f3n de esta l\u00ednea, el Departamento ha contado con la experiencia de la Fundaci\u00f3n TIC Salut Social, que ha ofrecido asesoramiento y apoyo t\u00e9cnico de la valoraci\u00f3n tecnol\u00f3gica de los proyectos.<\/p>\n\n\n\n<p><span style=\"font-weight: 400;\">Para ampliar informaci\u00f3n referente a esta convocatoria de subvenciones <\/span><a href=\"https:\/\/dretssocials.gencat.cat\/ca\/el_departament\/fonseuropeus\/\"><span style=\"font-weight: 400;\">se puede acceder al siguiente enlace<\/span><\/a><span style=\"font-weight: 400;\">.<\/span><\/p>\n\n\n\n<p>Financiado por:<\/p>\n\n\n\n<div class=\"wp-block-columns are-vertically-aligned-center is-layout-flex wp-container-core-columns-is-layout-9d6595d7 wp-block-columns-is-layout-flex\">\n<div class=\"wp-block-column is-vertically-aligned-center is-layout-flow wp-block-column-is-layout-flow\">\n<figure class=\"wp-block-image size-large\"><img loading=\"lazy\" decoding=\"async\" width=\"1024\" height=\"246\" src=\"https:\/\/ticsalutsocial.atoom.space\/wp-content\/uploads\/2025\/02\/EN_Funded_by_the_European_Union_RGB_POS-1024x246.png\" alt=\"\" class=\"wp-image-30400\" srcset=\"https:\/\/ticsalutsocial.atoom.space\/wp-content\/uploads\/2025\/02\/EN_Funded_by_the_European_Union_RGB_POS-1024x246.png 1024w, https:\/\/ticsalutsocial.atoom.space\/wp-content\/uploads\/2025\/02\/EN_Funded_by_the_European_Union_RGB_POS-300x72.png 300w, https:\/\/ticsalutsocial.atoom.space\/wp-content\/uploads\/2025\/02\/EN_Funded_by_the_European_Union_RGB_POS-768x184.png 768w, https:\/\/ticsalutsocial.atoom.space\/wp-content\/uploads\/2025\/02\/EN_Funded_by_the_European_Union_RGB_POS-1536x368.png 1536w, https:\/\/ticsalutsocial.atoom.space\/wp-content\/uploads\/2025\/02\/EN_Funded_by_the_European_Union_RGB_POS-2048x491.png 2048w\" sizes=\"auto, (max-width: 1024px) 100vw, 1024px\" \/><\/figure>\n<\/div>\n\n\n\n<div class=\"wp-block-column is-vertically-aligned-center is-layout-flow wp-block-column-is-layout-flow\">\n<figure class=\"wp-block-image size-large\"><img loading=\"lazy\" decoding=\"async\" width=\"1024\" height=\"572\" src=\"https:\/\/ticsalutsocial.atoom.space\/wp-content\/uploads\/2025\/02\/Gobierno-1024x572.png\" alt=\"\" class=\"wp-image-30403\" srcset=\"https:\/\/ticsalutsocial.atoom.space\/wp-content\/uploads\/2025\/02\/Gobierno-1024x572.png 1024w, https:\/\/ticsalutsocial.atoom.space\/wp-content\/uploads\/2025\/02\/Gobierno-300x167.png 300w, https:\/\/ticsalutsocial.atoom.space\/wp-content\/uploads\/2025\/02\/Gobierno-768x429.png 768w, https:\/\/ticsalutsocial.atoom.space\/wp-content\/uploads\/2025\/02\/Gobierno-1536x857.png 1536w, https:\/\/ticsalutsocial.atoom.space\/wp-content\/uploads\/2025\/02\/Gobierno.png 1917w\" sizes=\"auto, (max-width: 1024px) 100vw, 1024px\" \/><\/figure>\n<\/div>\n\n\n\n<div class=\"wp-block-column is-vertically-aligned-center is-layout-flow wp-block-column-is-layout-flow\">\n<figure class=\"wp-block-image size-large\"><img loading=\"lazy\" decoding=\"async\" width=\"1024\" height=\"576\" src=\"https:\/\/ticsalutsocial.atoom.space\/wp-content\/uploads\/2025\/02\/Logo-PRTR-tres-lineas_COLOR-1024x576.png\" alt=\"\" class=\"wp-image-30406\" srcset=\"https:\/\/ticsalutsocial.atoom.space\/wp-content\/uploads\/2025\/02\/Logo-PRTR-tres-lineas_COLOR-1024x576.png 1024w, https:\/\/ticsalutsocial.atoom.space\/wp-content\/uploads\/2025\/02\/Logo-PRTR-tres-lineas_COLOR-300x169.png 300w, https:\/\/ticsalutsocial.atoom.space\/wp-content\/uploads\/2025\/02\/Logo-PRTR-tres-lineas_COLOR-768x432.png 768w, https:\/\/ticsalutsocial.atoom.space\/wp-content\/uploads\/2025\/02\/Logo-PRTR-tres-lineas_COLOR-1536x864.png 1536w, https:\/\/ticsalutsocial.atoom.space\/wp-content\/uploads\/2025\/02\/Logo-PRTR-tres-lineas_COLOR.png 1920w\" sizes=\"auto, (max-width: 1024px) 100vw, 1024px\" \/><\/figure>\n<\/div>\n\n\n\n<div class=\"wp-block-column is-vertically-aligned-center is-layout-flow wp-block-column-is-layout-flow\">\n<figure class=\"wp-block-image size-large\"><img loading=\"lazy\" decoding=\"async\" width=\"1024\" height=\"271\" src=\"https:\/\/ticsalutsocial.atoom.space\/wp-content\/uploads\/2025\/02\/NextGenerationCatalunya-1024x271.png\" alt=\"\" class=\"wp-image-30409\" srcset=\"https:\/\/ticsalutsocial.atoom.space\/wp-content\/uploads\/2025\/02\/NextGenerationCatalunya-1024x271.png 1024w, https:\/\/ticsalutsocial.atoom.space\/wp-content\/uploads\/2025\/02\/NextGenerationCatalunya-300x80.png 300w, https:\/\/ticsalutsocial.atoom.space\/wp-content\/uploads\/2025\/02\/NextGenerationCatalunya-768x204.png 768w, https:\/\/ticsalutsocial.atoom.space\/wp-content\/uploads\/2025\/02\/NextGenerationCatalunya.png 1026w\" sizes=\"auto, (max-width: 1024px) 100vw, 1024px\" \/><\/figure>\n<\/div>\n\n\n\n<div class=\"wp-block-column is-vertically-aligned-center is-layout-flow wp-block-column-is-layout-flow\">\n<figure class=\"wp-block-image size-large\"><img loading=\"lazy\" decoding=\"async\" width=\"1024\" height=\"269\" src=\"https:\/\/ticsalutsocial.atoom.space\/wp-content\/uploads\/2025\/02\/idbh-1024x269.png\" alt=\"\" class=\"wp-image-30412\" srcset=\"https:\/\/ticsalutsocial.atoom.space\/wp-content\/uploads\/2025\/02\/idbh-1024x269.png 1024w, https:\/\/ticsalutsocial.atoom.space\/wp-content\/uploads\/2025\/02\/idbh-300x79.png 300w, https:\/\/ticsalutsocial.atoom.space\/wp-content\/uploads\/2025\/02\/idbh-768x202.png 768w, https:\/\/ticsalutsocial.atoom.space\/wp-content\/uploads\/2025\/02\/idbh.png 1036w\" sizes=\"auto, (max-width: 1024px) 100vw, 1024px\" \/><\/figure>\n<\/div>\n<\/div>\n","protected":false},"excerpt":{"rendered":"<p>El Departamento de Derechos Sociales e Inclusi\u00f3n ha encargado a la Fundaci\u00f3n TIC Salut Social el control t\u00e9cnico de la ejecuci\u00f3n de los proyectos tecnol\u00f3gicos subvencionados a terceros con fondos Next Generation. Se trata de m\u00e1s de 80 proyectos que contribuir\u00e1n a construir un verdadero sistema catal\u00e1n de servicios sociales con todos los actores, p\u00fablicos [&hellip;]<\/p>\n","protected":false},"author":21,"featured_media":0,"parent":13842,"menu_order":0,"comment_status":"closed","ping_status":"closed","template":"page-templates\/section--ambit-social.php","meta":{"_acf_changed":false,"inline_featured_image":false,"footnotes":""},"tipus":[],"class_list":["post-31276","page","type-page","status-publish","hentry"],"acf":[],"yoast_head":"<!-- This site is optimized with the Yoast SEO plugin v27.1.1 - https:\/\/yoast.com\/product\/yoast-seo-wordpress\/ -->\n<title>Fondo Next Generation UE - Fundaci\u00f3 TIC Salut i Social<\/title>\n<meta name=\"robots\" content=\"index, follow, max-snippet:-1, max-image-preview:large, max-video-preview:-1\" \/>\n<link rel=\"canonical\" href=\"https:\/\/ticsalutsocial.atoom.space\/es\/que-fem\/ambit-social\/fondo-next-generation-ue\/\" \/>\n<meta property=\"og:locale\" content=\"es_ES\" \/>\n<meta property=\"og:type\" content=\"article\" \/>\n<meta property=\"og:title\" content=\"Fondo Next Generation UE - Fundaci\u00f3 TIC Salut i Social\" \/>\n<meta property=\"og:description\" content=\"El Departamento de Derechos Sociales e Inclusi\u00f3n ha encargado a la Fundaci\u00f3n TIC Salut Social el control t\u00e9cnico de la ejecuci\u00f3n de los proyectos tecnol\u00f3gicos subvencionados a terceros con fondos Next Generation. Se trata de m\u00e1s de 80 proyectos que contribuir\u00e1n a construir un verdadero sistema catal\u00e1n de servicios sociales con todos los actores, p\u00fablicos [&hellip;]\" \/>\n<meta property=\"og:url\" content=\"https:\/\/ticsalutsocial.atoom.space\/es\/que-fem\/ambit-social\/fondo-next-generation-ue\/\" \/>\n<meta property=\"og:site_name\" content=\"Fundaci\u00f3 TIC Salut i Social\" \/>\n<meta property=\"article:modified_time\" content=\"2025-10-27T13:12:14+00:00\" \/>\n<meta property=\"og:image\" content=\"https:\/\/ticsalutsocial.atoom.space\/wp-content\/uploads\/2025\/02\/EN_Funded_by_the_European_Union_RGB_POS-1024x246.png\" \/>\n<meta name=\"twitter:card\" content=\"summary_large_image\" \/>\n<meta name=\"twitter:label1\" content=\"Tiempo de lectura\" \/>\n\t<meta name=\"twitter:data1\" content=\"3 minutos\" \/>\n<script type=\"application\/ld+json\" class=\"yoast-schema-graph\">{\"@context\":\"https:\/\/schema.org\",\"@graph\":[{\"@type\":\"WebPage\",\"@id\":\"https:\/\/ticsalutsocial.atoom.space\/es\/que-fem\/ambit-social\/fondo-next-generation-ue\/\",\"url\":\"https:\/\/ticsalutsocial.atoom.space\/es\/que-fem\/ambit-social\/fondo-next-generation-ue\/\",\"name\":\"Fondo Next Generation UE - Fundaci\u00f3 TIC Salut i Social\",\"isPartOf\":{\"@id\":\"https:\/\/ticsalutsocial.atoom.space\/es\/#website\"},\"primaryImageOfPage\":{\"@id\":\"https:\/\/ticsalutsocial.atoom.space\/es\/que-fem\/ambit-social\/fondo-next-generation-ue\/#primaryimage\"},\"image\":{\"@id\":\"https:\/\/ticsalutsocial.atoom.space\/es\/que-fem\/ambit-social\/fondo-next-generation-ue\/#primaryimage\"},\"thumbnailUrl\":\"https:\/\/ticsalutsocial.atoom.space\/wp-content\/uploads\/2025\/02\/EN_Funded_by_the_European_Union_RGB_POS-1024x246.png\",\"datePublished\":\"2025-02-20T10:51:12+00:00\",\"dateModified\":\"2025-10-27T13:12:14+00:00\",\"breadcrumb\":{\"@id\":\"https:\/\/ticsalutsocial.atoom.space\/es\/que-fem\/ambit-social\/fondo-next-generation-ue\/#breadcrumb\"},\"inLanguage\":\"es\",\"potentialAction\":[{\"@type\":\"ReadAction\",\"target\":[\"https:\/\/ticsalutsocial.atoom.space\/es\/que-fem\/ambit-social\/fondo-next-generation-ue\/\"]}]},{\"@type\":\"ImageObject\",\"inLanguage\":\"es\",\"@id\":\"https:\/\/ticsalutsocial.atoom.space\/es\/que-fem\/ambit-social\/fondo-next-generation-ue\/#primaryimage\",\"url\":\"https:\/\/ticsalutsocial.atoom.space\/wp-content\/uploads\/2025\/02\/EN_Funded_by_the_European_Union_RGB_POS-1024x246.png\",\"contentUrl\":\"https:\/\/ticsalutsocial.atoom.space\/wp-content\/uploads\/2025\/02\/EN_Funded_by_the_European_Union_RGB_POS-1024x246.png\"},{\"@type\":\"BreadcrumbList\",\"@id\":\"https:\/\/ticsalutsocial.atoom.space\/es\/que-fem\/ambit-social\/fondo-next-generation-ue\/#breadcrumb\",\"itemListElement\":[{\"@type\":\"ListItem\",\"position\":1,\"name\":\"Inici\",\"item\":\"https:\/\/ticsalutsocial.atoom.space\/es\/\"},{\"@type\":\"ListItem\",\"position\":2,\"name\":\"Que Fem\",\"item\":\"https:\/\/ticsalutsocial.atoom.space\/es\/que-fem\/\"},{\"@type\":\"ListItem\",\"position\":3,\"name\":\"\u00c1mbito social\",\"item\":\"https:\/\/ticsalutsocial.atoom.space\/es\/que-fem\/ambit-social\/\"},{\"@type\":\"ListItem\",\"position\":4,\"name\":\"Fondo Next Generation UE\"}]},{\"@type\":\"WebSite\",\"@id\":\"https:\/\/ticsalutsocial.atoom.space\/es\/#website\",\"url\":\"https:\/\/ticsalutsocial.atoom.space\/es\/\",\"name\":\"Fundaci\u00f3 TIC Salut i Social\",\"description\":\"\",\"potentialAction\":[{\"@type\":\"SearchAction\",\"target\":{\"@type\":\"EntryPoint\",\"urlTemplate\":\"https:\/\/ticsalutsocial.atoom.space\/es\/?s={search_term_string}\"},\"query-input\":{\"@type\":\"PropertyValueSpecification\",\"valueRequired\":true,\"valueName\":\"search_term_string\"}}],\"inLanguage\":\"es\"}]}<\/script>\n<!-- \/ Yoast SEO plugin. -->","yoast_head_json":{"title":"Fondo Next Generation UE - Fundaci\u00f3 TIC Salut i Social","robots":{"index":"index","follow":"follow","max-snippet":"max-snippet:-1","max-image-preview":"max-image-preview:large","max-video-preview":"max-video-preview:-1"},"canonical":"https:\/\/ticsalutsocial.atoom.space\/es\/que-fem\/ambit-social\/fondo-next-generation-ue\/","og_locale":"es_ES","og_type":"article","og_title":"Fondo Next Generation UE - Fundaci\u00f3 TIC Salut i Social","og_description":"El Departamento de Derechos Sociales e Inclusi\u00f3n ha encargado a la Fundaci\u00f3n TIC Salut Social el control t\u00e9cnico de la ejecuci\u00f3n de los proyectos tecnol\u00f3gicos subvencionados a terceros con fondos Next Generation. Se trata de m\u00e1s de 80 proyectos que contribuir\u00e1n a construir un verdadero sistema catal\u00e1n de servicios sociales con todos los actores, p\u00fablicos [&hellip;]","og_url":"https:\/\/ticsalutsocial.atoom.space\/es\/que-fem\/ambit-social\/fondo-next-generation-ue\/","og_site_name":"Fundaci\u00f3 TIC Salut i Social","article_modified_time":"2025-10-27T13:12:14+00:00","og_image":[{"url":"https:\/\/ticsalutsocial.atoom.space\/wp-content\/uploads\/2025\/02\/EN_Funded_by_the_European_Union_RGB_POS-1024x246.png","type":"","width":"","height":""}],"twitter_card":"summary_large_image","twitter_misc":{"Tiempo de lectura":"3 minutos"},"schema":{"@context":"https:\/\/schema.org","@graph":[{"@type":"WebPage","@id":"https:\/\/ticsalutsocial.atoom.space\/es\/que-fem\/ambit-social\/fondo-next-generation-ue\/","url":"https:\/\/ticsalutsocial.atoom.space\/es\/que-fem\/ambit-social\/fondo-next-generation-ue\/","name":"Fondo Next Generation UE - Fundaci\u00f3 TIC Salut i Social","isPartOf":{"@id":"https:\/\/ticsalutsocial.atoom.space\/es\/#website"},"primaryImageOfPage":{"@id":"https:\/\/ticsalutsocial.atoom.space\/es\/que-fem\/ambit-social\/fondo-next-generation-ue\/#primaryimage"},"image":{"@id":"https:\/\/ticsalutsocial.atoom.space\/es\/que-fem\/ambit-social\/fondo-next-generation-ue\/#primaryimage"},"thumbnailUrl":"https:\/\/ticsalutsocial.atoom.space\/wp-content\/uploads\/2025\/02\/EN_Funded_by_the_European_Union_RGB_POS-1024x246.png","datePublished":"2025-02-20T10:51:12+00:00","dateModified":"2025-10-27T13:12:14+00:00","breadcrumb":{"@id":"https:\/\/ticsalutsocial.atoom.space\/es\/que-fem\/ambit-social\/fondo-next-generation-ue\/#breadcrumb"},"inLanguage":"es","potentialAction":[{"@type":"ReadAction","target":["https:\/\/ticsalutsocial.atoom.space\/es\/que-fem\/ambit-social\/fondo-next-generation-ue\/"]}]},{"@type":"ImageObject","inLanguage":"es","@id":"https:\/\/ticsalutsocial.atoom.space\/es\/que-fem\/ambit-social\/fondo-next-generation-ue\/#primaryimage","url":"https:\/\/ticsalutsocial.atoom.space\/wp-content\/uploads\/2025\/02\/EN_Funded_by_the_European_Union_RGB_POS-1024x246.png","contentUrl":"https:\/\/ticsalutsocial.atoom.space\/wp-content\/uploads\/2025\/02\/EN_Funded_by_the_European_Union_RGB_POS-1024x246.png"},{"@type":"BreadcrumbList","@id":"https:\/\/ticsalutsocial.atoom.space\/es\/que-fem\/ambit-social\/fondo-next-generation-ue\/#breadcrumb","itemListElement":[{"@type":"ListItem","position":1,"name":"Inici","item":"https:\/\/ticsalutsocial.atoom.space\/es\/"},{"@type":"ListItem","position":2,"name":"Que Fem","item":"https:\/\/ticsalutsocial.atoom.space\/es\/que-fem\/"},{"@type":"ListItem","position":3,"name":"\u00c1mbito social","item":"https:\/\/ticsalutsocial.atoom.space\/es\/que-fem\/ambit-social\/"},{"@type":"ListItem","position":4,"name":"Fondo Next Generation UE"}]},{"@type":"WebSite","@id":"https:\/\/ticsalutsocial.atoom.space\/es\/#website","url":"https:\/\/ticsalutsocial.atoom.space\/es\/","name":"Fundaci\u00f3 TIC Salut i Social","description":"","potentialAction":[{"@type":"SearchAction","target":{"@type":"EntryPoint","urlTemplate":"https:\/\/ticsalutsocial.atoom.space\/es\/?s={search_term_string}"},"query-input":{"@type":"PropertyValueSpecification","valueRequired":true,"valueName":"search_term_string"}}],"inLanguage":"es"}]}},"_links":{"self":[{"href":"https:\/\/ticsalutsocial.atoom.space\/es\/wp-json\/wp\/v2\/pages\/31276","targetHints":{"allow":["GET"]}}],"collection":[{"href":"https:\/\/ticsalutsocial.atoom.space\/es\/wp-json\/wp\/v2\/pages"}],"about":[{"href":"https:\/\/ticsalutsocial.atoom.space\/es\/wp-json\/wp\/v2\/types\/page"}],"author":[{"embeddable":true,"href":"https:\/\/ticsalutsocial.atoom.space\/es\/wp-json\/wp\/v2\/users\/21"}],"replies":[{"embeddable":true,"href":"https:\/\/ticsalutsocial.atoom.space\/es\/wp-json\/wp\/v2\/comments?post=31276"}],"version-history":[{"count":3,"href":"https:\/\/ticsalutsocial.atoom.space\/es\/wp-json\/wp\/v2\/pages\/31276\/revisions"}],"predecessor-version":[{"id":34049,"href":"https:\/\/ticsalutsocial.atoom.space\/es\/wp-json\/wp\/v2\/pages\/31276\/revisions\/34049"}],"up":[{"embeddable":true,"href":"https:\/\/ticsalutsocial.atoom.space\/es\/wp-json\/wp\/v2\/pages\/13842"}],"wp:attachment":[{"href":"https:\/\/ticsalutsocial.atoom.space\/es\/wp-json\/wp\/v2\/media?parent=31276"}],"wp:term":[{"taxonomy":"tipus","embeddable":true,"href":"https:\/\/ticsalutsocial.atoom.space\/es\/wp-json\/wp\/v2\/tipus?post=31276"}],"curies":[{"name":"wp","href":"https:\/\/api.w.org\/{rel}","templated":true}]}}