
{"id":31279,"date":"2025-02-20T12:52:32","date_gmt":"2025-02-20T10:52:32","guid":{"rendered":"https:\/\/ticsalutsocial.atoom.space\/que-fem\/ambit-social\/intersocial\/"},"modified":"2025-11-26T14:39:25","modified_gmt":"2025-11-26T12:39:25","slug":"intersocial","status":"publish","type":"page","link":"https:\/\/ticsalutsocial.atoom.space\/es\/que-fem\/ambit-social\/intersocial\/","title":{"rendered":"InterSocial"},"content":{"rendered":"\r\n<p>El proyecto InterSocial se crea en el a\u00f1o 2016 a partir de la necesidad de definir un vocabulario controlado que permita interoperar la informaci\u00f3n de los servicios sociales de Catalu\u00f1a.<\/p>\r\n\r\n\r\n\r\n<p>A partir de las necesidades de estandarizaci\u00f3n e interoperabilidad de los Sistemas de Informaci\u00f3n del \u00e1mbito social, InterSocial se convierte en un servicio regular de la Fundaci\u00f3n TIC Salut Social hacia el Departamento de Derechos Sociales e Inclusi\u00f3n para facilitar el intercambio de informaci\u00f3n integrada entre diferentes \u00e1mbitos y sistemas, como el social y el de salud, y poder ofrecer unos servicios asistenciales de mayor calidad.<\/p>\r\n\r\n\r\n\r\n<p>Analizado el estado del arte previo de los est\u00e1ndares existentes a nivel internacional y nacional, el est\u00e1ndar terminol\u00f3gico seleccionado para habilitar la homogeneizaci\u00f3n de vocabularios controlados es SNOMED CT. Se trata de una terminolog\u00eda muy extensa donde se pueden encontrar conceptos sociales y de salud. De manera que se convierte en la mejor opci\u00f3n para hacer que el \u00e1mbito social sea interoperable interna y externamente con otros \u00e1mbitos como Educaci\u00f3n, Justicia o Salud.<\/p>\r\n\r\n\r\n\r\n<p>La consolidaci\u00f3n a trav\u00e9s de la compartici\u00f3n estructurada de informaci\u00f3n entre los diferentes sistemas de informaci\u00f3n se articula a trav\u00e9s de un diccionario actualizado codificado y estructurado en factores, situaciones y\/o necesidades, observaciones y respuestas.<\/p>\r\n<h3>Actualmente InterSocial recoge un total de 560 conceptos codificados.<\/h3>\r\n\r\n\r\n\r\n<p>Estos vocabularios controlados buscan la integraci\u00f3n de los datos de los servicios sociales y facilitar el trabajo que desarrollan los profesionales del \u00e1mbito de los servicios sociales.<\/p>\r\n\r\n\r\n\r\n<p>Con el objetivo de promover el trabajo en red y la adopci\u00f3n de los est\u00e1ndares para interoperar informaci\u00f3n de manera eficiente, la Fundaci\u00f3n pone a vuestra disposici\u00f3n el Diccionario Terminol\u00f3gico Social. A trav\u00e9s del siguiente enlace ser\u00e9is redirigidos a la p\u00e1gina de la Extensi\u00f3n Catalana de SNOMED CT donde ten\u00e9is que rellenar el \u00abFormulario Solicitud Extensi\u00f3n Catalana y Subconjuntos de SNOMED CT\u00bb para que vuestra solicitud sea evaluada.<\/p>\r\n\r\n\r\n\r\n<p class=\"ticsalut-btn\"><a href=\"https:\/\/catsalut.gencat.cat\/ca\/proveidors-professionals\/registres-catalegs\/catalegs\/area-descarregues-extensio-catalana-snomed\/index.html#googtrans(ca|es)\" target=\"_blank\" rel=\"noreferrer noopener\">Consulta la extensi\u00f3n catalana de SNOMED CT y sus subconjuntos<\/a><\/p>\r\n<p>Este proyecto est\u00e1 financiado por:\u00a0<\/p>\r\n<p><img loading=\"lazy\" decoding=\"async\" class=\"alignnone wp-image-29084 size-full\" src=\"https:\/\/ticsalutsocial.atoom.space\/wp-content\/uploads\/2024\/11\/Captura-de-pantalla-2024-11-12-a-les-8.40.23.png\" alt=\"\" width=\"1334\" height=\"118\" srcset=\"https:\/\/ticsalutsocial.atoom.space\/wp-content\/uploads\/2024\/11\/Captura-de-pantalla-2024-11-12-a-les-8.40.23.png 1334w, https:\/\/ticsalutsocial.atoom.space\/wp-content\/uploads\/2024\/11\/Captura-de-pantalla-2024-11-12-a-les-8.40.23-300x27.png 300w, https:\/\/ticsalutsocial.atoom.space\/wp-content\/uploads\/2024\/11\/Captura-de-pantalla-2024-11-12-a-les-8.40.23-1024x91.png 1024w, https:\/\/ticsalutsocial.atoom.space\/wp-content\/uploads\/2024\/11\/Captura-de-pantalla-2024-11-12-a-les-8.40.23-768x68.png 768w\" sizes=\"auto, (max-width: 1334px) 100vw, 1334px\" \/><\/p>\r\n","protected":false},"excerpt":{"rendered":"<p>El proyecto InterSocial se crea en el a\u00f1o 2016 a partir de la necesidad de definir un vocabulario controlado que permita interoperar la informaci\u00f3n de los servicios sociales de Catalu\u00f1a. A partir de las necesidades de estandarizaci\u00f3n e interoperabilidad de los Sistemas de Informaci\u00f3n del \u00e1mbito social, InterSocial se convierte en un servicio regular de [&hellip;]<\/p>\n","protected":false},"author":21,"featured_media":0,"parent":13842,"menu_order":0,"comment_status":"closed","ping_status":"closed","template":"page-templates\/section--ambit-social.php","meta":{"_acf_changed":false,"inline_featured_image":false,"footnotes":""},"tipus":[],"class_list":["post-31279","page","type-page","status-publish","hentry"],"acf":[],"yoast_head":"<!-- This site is optimized with the Yoast SEO plugin v27.1.1 - https:\/\/yoast.com\/product\/yoast-seo-wordpress\/ -->\n<title>InterSocial - Fundaci\u00f3 TIC Salut i Social<\/title>\n<meta name=\"robots\" content=\"index, follow, max-snippet:-1, max-image-preview:large, max-video-preview:-1\" \/>\n<link rel=\"canonical\" href=\"https:\/\/ticsalutsocial.atoom.space\/es\/que-fem\/ambit-social\/intersocial\/\" \/>\n<meta property=\"og:locale\" content=\"es_ES\" \/>\n<meta property=\"og:type\" content=\"article\" \/>\n<meta property=\"og:title\" content=\"InterSocial - Fundaci\u00f3 TIC Salut i Social\" \/>\n<meta property=\"og:description\" content=\"El proyecto InterSocial se crea en el a\u00f1o 2016 a partir de la necesidad de definir un vocabulario controlado que permita interoperar la informaci\u00f3n de los servicios sociales de Catalu\u00f1a. A partir de las necesidades de estandarizaci\u00f3n e interoperabilidad de los Sistemas de Informaci\u00f3n del \u00e1mbito social, InterSocial se convierte en un servicio regular de [&hellip;]\" \/>\n<meta property=\"og:url\" content=\"https:\/\/ticsalutsocial.atoom.space\/es\/que-fem\/ambit-social\/intersocial\/\" \/>\n<meta property=\"og:site_name\" content=\"Fundaci\u00f3 TIC Salut i Social\" \/>\n<meta property=\"article:modified_time\" content=\"2025-11-26T12:39:25+00:00\" \/>\n<meta property=\"og:image\" content=\"https:\/\/ticsalutsocial.atoom.space\/wp-content\/uploads\/2024\/11\/Captura-de-pantalla-2024-11-12-a-les-8.40.23.png\" \/>\n<meta name=\"twitter:card\" content=\"summary_large_image\" \/>\n<meta name=\"twitter:label1\" content=\"Tiempo de lectura\" \/>\n\t<meta name=\"twitter:data1\" content=\"2 minutos\" \/>\n<script type=\"application\/ld+json\" class=\"yoast-schema-graph\">{\"@context\":\"https:\/\/schema.org\",\"@graph\":[{\"@type\":\"WebPage\",\"@id\":\"https:\/\/ticsalutsocial.atoom.space\/es\/que-fem\/ambit-social\/intersocial\/\",\"url\":\"https:\/\/ticsalutsocial.atoom.space\/es\/que-fem\/ambit-social\/intersocial\/\",\"name\":\"InterSocial - Fundaci\u00f3 TIC Salut i Social\",\"isPartOf\":{\"@id\":\"https:\/\/ticsalutsocial.atoom.space\/es\/#website\"},\"primaryImageOfPage\":{\"@id\":\"https:\/\/ticsalutsocial.atoom.space\/es\/que-fem\/ambit-social\/intersocial\/#primaryimage\"},\"image\":{\"@id\":\"https:\/\/ticsalutsocial.atoom.space\/es\/que-fem\/ambit-social\/intersocial\/#primaryimage\"},\"thumbnailUrl\":\"https:\/\/ticsalutsocial.atoom.space\/wp-content\/uploads\/2024\/11\/Captura-de-pantalla-2024-11-12-a-les-8.40.23.png\",\"datePublished\":\"2025-02-20T10:52:32+00:00\",\"dateModified\":\"2025-11-26T12:39:25+00:00\",\"breadcrumb\":{\"@id\":\"https:\/\/ticsalutsocial.atoom.space\/es\/que-fem\/ambit-social\/intersocial\/#breadcrumb\"},\"inLanguage\":\"es\",\"potentialAction\":[{\"@type\":\"ReadAction\",\"target\":[\"https:\/\/ticsalutsocial.atoom.space\/es\/que-fem\/ambit-social\/intersocial\/\"]}]},{\"@type\":\"ImageObject\",\"inLanguage\":\"es\",\"@id\":\"https:\/\/ticsalutsocial.atoom.space\/es\/que-fem\/ambit-social\/intersocial\/#primaryimage\",\"url\":\"https:\/\/ticsalutsocial.atoom.space\/wp-content\/uploads\/2024\/11\/Captura-de-pantalla-2024-11-12-a-les-8.40.23.png\",\"contentUrl\":\"https:\/\/ticsalutsocial.atoom.space\/wp-content\/uploads\/2024\/11\/Captura-de-pantalla-2024-11-12-a-les-8.40.23.png\"},{\"@type\":\"BreadcrumbList\",\"@id\":\"https:\/\/ticsalutsocial.atoom.space\/es\/que-fem\/ambit-social\/intersocial\/#breadcrumb\",\"itemListElement\":[{\"@type\":\"ListItem\",\"position\":1,\"name\":\"Inici\",\"item\":\"https:\/\/ticsalutsocial.atoom.space\/es\/\"},{\"@type\":\"ListItem\",\"position\":2,\"name\":\"Que Fem\",\"item\":\"https:\/\/ticsalutsocial.atoom.space\/es\/que-fem\/\"},{\"@type\":\"ListItem\",\"position\":3,\"name\":\"\u00c1mbito social\",\"item\":\"https:\/\/ticsalutsocial.atoom.space\/es\/que-fem\/ambit-social\/\"},{\"@type\":\"ListItem\",\"position\":4,\"name\":\"InterSocial\"}]},{\"@type\":\"WebSite\",\"@id\":\"https:\/\/ticsalutsocial.atoom.space\/es\/#website\",\"url\":\"https:\/\/ticsalutsocial.atoom.space\/es\/\",\"name\":\"Fundaci\u00f3 TIC Salut i Social\",\"description\":\"\",\"potentialAction\":[{\"@type\":\"SearchAction\",\"target\":{\"@type\":\"EntryPoint\",\"urlTemplate\":\"https:\/\/ticsalutsocial.atoom.space\/es\/?s={search_term_string}\"},\"query-input\":{\"@type\":\"PropertyValueSpecification\",\"valueRequired\":true,\"valueName\":\"search_term_string\"}}],\"inLanguage\":\"es\"}]}<\/script>\n<!-- \/ Yoast SEO plugin. -->","yoast_head_json":{"title":"InterSocial - Fundaci\u00f3 TIC Salut i Social","robots":{"index":"index","follow":"follow","max-snippet":"max-snippet:-1","max-image-preview":"max-image-preview:large","max-video-preview":"max-video-preview:-1"},"canonical":"https:\/\/ticsalutsocial.atoom.space\/es\/que-fem\/ambit-social\/intersocial\/","og_locale":"es_ES","og_type":"article","og_title":"InterSocial - Fundaci\u00f3 TIC Salut i Social","og_description":"El proyecto InterSocial se crea en el a\u00f1o 2016 a partir de la necesidad de definir un vocabulario controlado que permita interoperar la informaci\u00f3n de los servicios sociales de Catalu\u00f1a. A partir de las necesidades de estandarizaci\u00f3n e interoperabilidad de los Sistemas de Informaci\u00f3n del \u00e1mbito social, InterSocial se convierte en un servicio regular de [&hellip;]","og_url":"https:\/\/ticsalutsocial.atoom.space\/es\/que-fem\/ambit-social\/intersocial\/","og_site_name":"Fundaci\u00f3 TIC Salut i Social","article_modified_time":"2025-11-26T12:39:25+00:00","og_image":[{"url":"https:\/\/ticsalutsocial.atoom.space\/wp-content\/uploads\/2024\/11\/Captura-de-pantalla-2024-11-12-a-les-8.40.23.png","type":"","width":"","height":""}],"twitter_card":"summary_large_image","twitter_misc":{"Tiempo de lectura":"2 minutos"},"schema":{"@context":"https:\/\/schema.org","@graph":[{"@type":"WebPage","@id":"https:\/\/ticsalutsocial.atoom.space\/es\/que-fem\/ambit-social\/intersocial\/","url":"https:\/\/ticsalutsocial.atoom.space\/es\/que-fem\/ambit-social\/intersocial\/","name":"InterSocial - Fundaci\u00f3 TIC Salut i Social","isPartOf":{"@id":"https:\/\/ticsalutsocial.atoom.space\/es\/#website"},"primaryImageOfPage":{"@id":"https:\/\/ticsalutsocial.atoom.space\/es\/que-fem\/ambit-social\/intersocial\/#primaryimage"},"image":{"@id":"https:\/\/ticsalutsocial.atoom.space\/es\/que-fem\/ambit-social\/intersocial\/#primaryimage"},"thumbnailUrl":"https:\/\/ticsalutsocial.atoom.space\/wp-content\/uploads\/2024\/11\/Captura-de-pantalla-2024-11-12-a-les-8.40.23.png","datePublished":"2025-02-20T10:52:32+00:00","dateModified":"2025-11-26T12:39:25+00:00","breadcrumb":{"@id":"https:\/\/ticsalutsocial.atoom.space\/es\/que-fem\/ambit-social\/intersocial\/#breadcrumb"},"inLanguage":"es","potentialAction":[{"@type":"ReadAction","target":["https:\/\/ticsalutsocial.atoom.space\/es\/que-fem\/ambit-social\/intersocial\/"]}]},{"@type":"ImageObject","inLanguage":"es","@id":"https:\/\/ticsalutsocial.atoom.space\/es\/que-fem\/ambit-social\/intersocial\/#primaryimage","url":"https:\/\/ticsalutsocial.atoom.space\/wp-content\/uploads\/2024\/11\/Captura-de-pantalla-2024-11-12-a-les-8.40.23.png","contentUrl":"https:\/\/ticsalutsocial.atoom.space\/wp-content\/uploads\/2024\/11\/Captura-de-pantalla-2024-11-12-a-les-8.40.23.png"},{"@type":"BreadcrumbList","@id":"https:\/\/ticsalutsocial.atoom.space\/es\/que-fem\/ambit-social\/intersocial\/#breadcrumb","itemListElement":[{"@type":"ListItem","position":1,"name":"Inici","item":"https:\/\/ticsalutsocial.atoom.space\/es\/"},{"@type":"ListItem","position":2,"name":"Que Fem","item":"https:\/\/ticsalutsocial.atoom.space\/es\/que-fem\/"},{"@type":"ListItem","position":3,"name":"\u00c1mbito social","item":"https:\/\/ticsalutsocial.atoom.space\/es\/que-fem\/ambit-social\/"},{"@type":"ListItem","position":4,"name":"InterSocial"}]},{"@type":"WebSite","@id":"https:\/\/ticsalutsocial.atoom.space\/es\/#website","url":"https:\/\/ticsalutsocial.atoom.space\/es\/","name":"Fundaci\u00f3 TIC Salut i Social","description":"","potentialAction":[{"@type":"SearchAction","target":{"@type":"EntryPoint","urlTemplate":"https:\/\/ticsalutsocial.atoom.space\/es\/?s={search_term_string}"},"query-input":{"@type":"PropertyValueSpecification","valueRequired":true,"valueName":"search_term_string"}}],"inLanguage":"es"}]}},"_links":{"self":[{"href":"https:\/\/ticsalutsocial.atoom.space\/es\/wp-json\/wp\/v2\/pages\/31279","targetHints":{"allow":["GET"]}}],"collection":[{"href":"https:\/\/ticsalutsocial.atoom.space\/es\/wp-json\/wp\/v2\/pages"}],"about":[{"href":"https:\/\/ticsalutsocial.atoom.space\/es\/wp-json\/wp\/v2\/types\/page"}],"author":[{"embeddable":true,"href":"https:\/\/ticsalutsocial.atoom.space\/es\/wp-json\/wp\/v2\/users\/21"}],"replies":[{"embeddable":true,"href":"https:\/\/ticsalutsocial.atoom.space\/es\/wp-json\/wp\/v2\/comments?post=31279"}],"version-history":[{"count":8,"href":"https:\/\/ticsalutsocial.atoom.space\/es\/wp-json\/wp\/v2\/pages\/31279\/revisions"}],"predecessor-version":[{"id":34733,"href":"https:\/\/ticsalutsocial.atoom.space\/es\/wp-json\/wp\/v2\/pages\/31279\/revisions\/34733"}],"up":[{"embeddable":true,"href":"https:\/\/ticsalutsocial.atoom.space\/es\/wp-json\/wp\/v2\/pages\/13842"}],"wp:attachment":[{"href":"https:\/\/ticsalutsocial.atoom.space\/es\/wp-json\/wp\/v2\/media?parent=31279"}],"wp:term":[{"taxonomy":"tipus","embeddable":true,"href":"https:\/\/ticsalutsocial.atoom.space\/es\/wp-json\/wp\/v2\/tipus?post=31279"}],"curies":[{"name":"wp","href":"https:\/\/api.w.org\/{rel}","templated":true}]}}