
{"id":31281,"date":"2025-02-20T12:54:29","date_gmt":"2025-02-20T10:54:29","guid":{"rendered":"https:\/\/ticsalutsocial.atoom.space\/que-fem\/ambit-social\/wsocial\/"},"modified":"2025-11-11T16:44:54","modified_gmt":"2025-11-11T14:44:54","slug":"wsocial","status":"publish","type":"page","link":"https:\/\/ticsalutsocial.atoom.space\/es\/que-fem\/ambit-social\/wsocial\/","title":{"rendered":"wSocial"},"content":{"rendered":"\r\n<p>En el marco del Plan estrat\u00e9gico de Servicios Sociales del Departamento de Derechos Sociales e Inclusi\u00f3n, se quiere dar un nuevo impulso a los Sistemas de Informaci\u00f3n del Sistema Catal\u00e1n de Servicios Sociales.<\/p>\r\n\r\n\r\n\r\n<p>Promoviendo la creaci\u00f3n de nuevos sistemas de informaci\u00f3n que homogeneicen los procesos del mundo local se garantiza la accesibilidad a la informaci\u00f3n incorporando mecanismos de automatizaci\u00f3n para reducir el tiempo de los procesos de gesti\u00f3n.<\/p>\r\n\r\n\r\n\r\n<p>El liderazgo del Departamento de Derechos Sociales e Inclusi\u00f3n en este \u00e1mbito pasa por desarrollar los sistemas de informaci\u00f3n del \u00e1mbito de los Servicios Sociales integrados con eSocial. De forma centrada en la persona y orientada al dato, facilitar\u00e1 informaci\u00f3n para la toma de decisiones, para la evaluaci\u00f3n y la transparencia.<\/p>\r\n\r\n\r\n\r\n<p><b>Caracter\u00edsticas del sistema:<\/b><\/p>\r\n\r\n\r\n\r\n<ul class=\"wp-block-list\">\r\n<li>Repositorio de datos consolidados.<\/li>\r\n\r\n\r\n\r\n<li>Habilitar\u00e1 el avance hacia la Historia Social Compartida.<\/li>\r\n\r\n\r\n\r\n<li>Integraci\u00f3n con otros Sistemas p\u00fablicos del Estado del Bienestar.<\/li>\r\n<\/ul>\r\n\r\n\r\n\r\n<p><span style=\"font-weight: 400;\">En este contexto, la Direcci\u00f3n General de Servicios Sociales<\/span><b>, <\/b><span style=\"font-weight: 400;\">solicita a la Fundaci\u00f3n TIC Salut Social asesoramiento y apoyo t\u00e9cnico en la construcci\u00f3n de los m\u00f3dulos y procesos necesarios para la creaci\u00f3n y desarrollo del entorno de trabajo de Servicios Sociales, wSocial:<\/span><\/p>\r\n\r\n\r\n\r\n<ul class=\"wp-block-list\">\r\n<li>Participar de manera proactiva en el seguimiento del proyecto.<\/li>\r\n\r\n\r\n\r\n<li>Participar en las sesiones de trabajo t\u00e9cnicas.<\/li>\r\n\r\n\r\n\r\n<li>Servicios Sociales (sprints).<\/li>\r\n\r\n\r\n\r\n<li>Apoyo en la integraci\u00f3n, actualizaci\u00f3n y evoluci\u00f3n del diccionario InterSocial.<\/li>\r\n\r\n\r\n\r\n<li>Mantenimiento InterSocial como servicio.<\/li>\r\n\r\n\r\n\r\n<li>Comunicaci\u00f3n y difusi\u00f3n de los resultados del proyecto en el sector.<\/li>\r\n\r\n\r\n\r\n<li>Participaci\u00f3n en jornadas p\u00fablicas.<\/li>\r\n<\/ul>\r\n<p>Financiado por:\u00a0<\/p>\r\n<p><img loading=\"lazy\" decoding=\"async\" class=\"alignleft wp-image-29084 size-full\" src=\"https:\/\/ticsalutsocial.atoom.space\/wp-content\/uploads\/2024\/11\/Captura-de-pantalla-2024-11-12-a-les-8.40.23.png\" alt=\"\" width=\"1334\" height=\"118\" srcset=\"https:\/\/ticsalutsocial.atoom.space\/wp-content\/uploads\/2024\/11\/Captura-de-pantalla-2024-11-12-a-les-8.40.23.png 1334w, https:\/\/ticsalutsocial.atoom.space\/wp-content\/uploads\/2024\/11\/Captura-de-pantalla-2024-11-12-a-les-8.40.23-300x27.png 300w, https:\/\/ticsalutsocial.atoom.space\/wp-content\/uploads\/2024\/11\/Captura-de-pantalla-2024-11-12-a-les-8.40.23-1024x91.png 1024w, https:\/\/ticsalutsocial.atoom.space\/wp-content\/uploads\/2024\/11\/Captura-de-pantalla-2024-11-12-a-les-8.40.23-768x68.png 768w\" sizes=\"auto, (max-width: 1334px) 100vw, 1334px\" \/><\/p>\r\n","protected":false},"excerpt":{"rendered":"<p>En el marco del Plan estrat\u00e9gico de Servicios Sociales del Departamento de Derechos Sociales e Inclusi\u00f3n, se quiere dar un nuevo impulso a los Sistemas de Informaci\u00f3n del Sistema Catal\u00e1n de Servicios Sociales. Promoviendo la creaci\u00f3n de nuevos sistemas de informaci\u00f3n que homogeneicen los procesos del mundo local se garantiza la accesibilidad a la informaci\u00f3n [&hellip;]<\/p>\n","protected":false},"author":21,"featured_media":0,"parent":13842,"menu_order":0,"comment_status":"closed","ping_status":"closed","template":"page-templates\/section--ambit-social.php","meta":{"_acf_changed":false,"inline_featured_image":false,"footnotes":""},"tipus":[],"class_list":["post-31281","page","type-page","status-publish","hentry"],"acf":[],"yoast_head":"<!-- This site is optimized with the Yoast SEO plugin v27.1.1 - https:\/\/yoast.com\/product\/yoast-seo-wordpress\/ -->\n<title>wSocial - Fundaci\u00f3 TIC Salut i Social<\/title>\n<meta name=\"robots\" content=\"index, follow, max-snippet:-1, max-image-preview:large, max-video-preview:-1\" \/>\n<link rel=\"canonical\" href=\"https:\/\/ticsalutsocial.atoom.space\/es\/que-fem\/ambit-social\/wsocial\/\" \/>\n<meta property=\"og:locale\" content=\"es_ES\" \/>\n<meta property=\"og:type\" content=\"article\" \/>\n<meta property=\"og:title\" content=\"wSocial - Fundaci\u00f3 TIC Salut i Social\" \/>\n<meta property=\"og:description\" content=\"En el marco del Plan estrat\u00e9gico de Servicios Sociales del Departamento de Derechos Sociales e Inclusi\u00f3n, se quiere dar un nuevo impulso a los Sistemas de Informaci\u00f3n del Sistema Catal\u00e1n de Servicios Sociales. Promoviendo la creaci\u00f3n de nuevos sistemas de informaci\u00f3n que homogeneicen los procesos del mundo local se garantiza la accesibilidad a la informaci\u00f3n [&hellip;]\" \/>\n<meta property=\"og:url\" content=\"https:\/\/ticsalutsocial.atoom.space\/es\/que-fem\/ambit-social\/wsocial\/\" \/>\n<meta property=\"og:site_name\" content=\"Fundaci\u00f3 TIC Salut i Social\" \/>\n<meta property=\"article:modified_time\" content=\"2025-11-11T14:44:54+00:00\" \/>\n<meta property=\"og:image\" content=\"https:\/\/ticsalutsocial.atoom.space\/wp-content\/uploads\/2024\/11\/Captura-de-pantalla-2024-11-12-a-les-8.40.23.png\" \/>\n<meta name=\"twitter:card\" content=\"summary_large_image\" \/>\n<meta name=\"twitter:label1\" content=\"Tiempo de lectura\" \/>\n\t<meta name=\"twitter:data1\" content=\"2 minutos\" \/>\n<script type=\"application\/ld+json\" class=\"yoast-schema-graph\">{\"@context\":\"https:\/\/schema.org\",\"@graph\":[{\"@type\":\"WebPage\",\"@id\":\"https:\/\/ticsalutsocial.atoom.space\/es\/que-fem\/ambit-social\/wsocial\/\",\"url\":\"https:\/\/ticsalutsocial.atoom.space\/es\/que-fem\/ambit-social\/wsocial\/\",\"name\":\"wSocial - Fundaci\u00f3 TIC Salut i Social\",\"isPartOf\":{\"@id\":\"https:\/\/ticsalutsocial.atoom.space\/es\/#website\"},\"primaryImageOfPage\":{\"@id\":\"https:\/\/ticsalutsocial.atoom.space\/es\/que-fem\/ambit-social\/wsocial\/#primaryimage\"},\"image\":{\"@id\":\"https:\/\/ticsalutsocial.atoom.space\/es\/que-fem\/ambit-social\/wsocial\/#primaryimage\"},\"thumbnailUrl\":\"https:\/\/ticsalutsocial.atoom.space\/wp-content\/uploads\/2024\/11\/Captura-de-pantalla-2024-11-12-a-les-8.40.23.png\",\"datePublished\":\"2025-02-20T10:54:29+00:00\",\"dateModified\":\"2025-11-11T14:44:54+00:00\",\"breadcrumb\":{\"@id\":\"https:\/\/ticsalutsocial.atoom.space\/es\/que-fem\/ambit-social\/wsocial\/#breadcrumb\"},\"inLanguage\":\"es\",\"potentialAction\":[{\"@type\":\"ReadAction\",\"target\":[\"https:\/\/ticsalutsocial.atoom.space\/es\/que-fem\/ambit-social\/wsocial\/\"]}]},{\"@type\":\"ImageObject\",\"inLanguage\":\"es\",\"@id\":\"https:\/\/ticsalutsocial.atoom.space\/es\/que-fem\/ambit-social\/wsocial\/#primaryimage\",\"url\":\"https:\/\/ticsalutsocial.atoom.space\/wp-content\/uploads\/2024\/11\/Captura-de-pantalla-2024-11-12-a-les-8.40.23.png\",\"contentUrl\":\"https:\/\/ticsalutsocial.atoom.space\/wp-content\/uploads\/2024\/11\/Captura-de-pantalla-2024-11-12-a-les-8.40.23.png\"},{\"@type\":\"BreadcrumbList\",\"@id\":\"https:\/\/ticsalutsocial.atoom.space\/es\/que-fem\/ambit-social\/wsocial\/#breadcrumb\",\"itemListElement\":[{\"@type\":\"ListItem\",\"position\":1,\"name\":\"Inici\",\"item\":\"https:\/\/ticsalutsocial.atoom.space\/es\/\"},{\"@type\":\"ListItem\",\"position\":2,\"name\":\"Que Fem\",\"item\":\"https:\/\/ticsalutsocial.atoom.space\/es\/que-fem\/\"},{\"@type\":\"ListItem\",\"position\":3,\"name\":\"\u00c1mbito social\",\"item\":\"https:\/\/ticsalutsocial.atoom.space\/es\/que-fem\/ambit-social\/\"},{\"@type\":\"ListItem\",\"position\":4,\"name\":\"wSocial\"}]},{\"@type\":\"WebSite\",\"@id\":\"https:\/\/ticsalutsocial.atoom.space\/es\/#website\",\"url\":\"https:\/\/ticsalutsocial.atoom.space\/es\/\",\"name\":\"Fundaci\u00f3 TIC Salut i Social\",\"description\":\"\",\"potentialAction\":[{\"@type\":\"SearchAction\",\"target\":{\"@type\":\"EntryPoint\",\"urlTemplate\":\"https:\/\/ticsalutsocial.atoom.space\/es\/?s={search_term_string}\"},\"query-input\":{\"@type\":\"PropertyValueSpecification\",\"valueRequired\":true,\"valueName\":\"search_term_string\"}}],\"inLanguage\":\"es\"}]}<\/script>\n<!-- \/ Yoast SEO plugin. -->","yoast_head_json":{"title":"wSocial - Fundaci\u00f3 TIC Salut i Social","robots":{"index":"index","follow":"follow","max-snippet":"max-snippet:-1","max-image-preview":"max-image-preview:large","max-video-preview":"max-video-preview:-1"},"canonical":"https:\/\/ticsalutsocial.atoom.space\/es\/que-fem\/ambit-social\/wsocial\/","og_locale":"es_ES","og_type":"article","og_title":"wSocial - Fundaci\u00f3 TIC Salut i Social","og_description":"En el marco del Plan estrat\u00e9gico de Servicios Sociales del Departamento de Derechos Sociales e Inclusi\u00f3n, se quiere dar un nuevo impulso a los Sistemas de Informaci\u00f3n del Sistema Catal\u00e1n de Servicios Sociales. Promoviendo la creaci\u00f3n de nuevos sistemas de informaci\u00f3n que homogeneicen los procesos del mundo local se garantiza la accesibilidad a la informaci\u00f3n [&hellip;]","og_url":"https:\/\/ticsalutsocial.atoom.space\/es\/que-fem\/ambit-social\/wsocial\/","og_site_name":"Fundaci\u00f3 TIC Salut i Social","article_modified_time":"2025-11-11T14:44:54+00:00","og_image":[{"url":"https:\/\/ticsalutsocial.atoom.space\/wp-content\/uploads\/2024\/11\/Captura-de-pantalla-2024-11-12-a-les-8.40.23.png","type":"","width":"","height":""}],"twitter_card":"summary_large_image","twitter_misc":{"Tiempo de lectura":"2 minutos"},"schema":{"@context":"https:\/\/schema.org","@graph":[{"@type":"WebPage","@id":"https:\/\/ticsalutsocial.atoom.space\/es\/que-fem\/ambit-social\/wsocial\/","url":"https:\/\/ticsalutsocial.atoom.space\/es\/que-fem\/ambit-social\/wsocial\/","name":"wSocial - Fundaci\u00f3 TIC Salut i Social","isPartOf":{"@id":"https:\/\/ticsalutsocial.atoom.space\/es\/#website"},"primaryImageOfPage":{"@id":"https:\/\/ticsalutsocial.atoom.space\/es\/que-fem\/ambit-social\/wsocial\/#primaryimage"},"image":{"@id":"https:\/\/ticsalutsocial.atoom.space\/es\/que-fem\/ambit-social\/wsocial\/#primaryimage"},"thumbnailUrl":"https:\/\/ticsalutsocial.atoom.space\/wp-content\/uploads\/2024\/11\/Captura-de-pantalla-2024-11-12-a-les-8.40.23.png","datePublished":"2025-02-20T10:54:29+00:00","dateModified":"2025-11-11T14:44:54+00:00","breadcrumb":{"@id":"https:\/\/ticsalutsocial.atoom.space\/es\/que-fem\/ambit-social\/wsocial\/#breadcrumb"},"inLanguage":"es","potentialAction":[{"@type":"ReadAction","target":["https:\/\/ticsalutsocial.atoom.space\/es\/que-fem\/ambit-social\/wsocial\/"]}]},{"@type":"ImageObject","inLanguage":"es","@id":"https:\/\/ticsalutsocial.atoom.space\/es\/que-fem\/ambit-social\/wsocial\/#primaryimage","url":"https:\/\/ticsalutsocial.atoom.space\/wp-content\/uploads\/2024\/11\/Captura-de-pantalla-2024-11-12-a-les-8.40.23.png","contentUrl":"https:\/\/ticsalutsocial.atoom.space\/wp-content\/uploads\/2024\/11\/Captura-de-pantalla-2024-11-12-a-les-8.40.23.png"},{"@type":"BreadcrumbList","@id":"https:\/\/ticsalutsocial.atoom.space\/es\/que-fem\/ambit-social\/wsocial\/#breadcrumb","itemListElement":[{"@type":"ListItem","position":1,"name":"Inici","item":"https:\/\/ticsalutsocial.atoom.space\/es\/"},{"@type":"ListItem","position":2,"name":"Que Fem","item":"https:\/\/ticsalutsocial.atoom.space\/es\/que-fem\/"},{"@type":"ListItem","position":3,"name":"\u00c1mbito social","item":"https:\/\/ticsalutsocial.atoom.space\/es\/que-fem\/ambit-social\/"},{"@type":"ListItem","position":4,"name":"wSocial"}]},{"@type":"WebSite","@id":"https:\/\/ticsalutsocial.atoom.space\/es\/#website","url":"https:\/\/ticsalutsocial.atoom.space\/es\/","name":"Fundaci\u00f3 TIC Salut i Social","description":"","potentialAction":[{"@type":"SearchAction","target":{"@type":"EntryPoint","urlTemplate":"https:\/\/ticsalutsocial.atoom.space\/es\/?s={search_term_string}"},"query-input":{"@type":"PropertyValueSpecification","valueRequired":true,"valueName":"search_term_string"}}],"inLanguage":"es"}]}},"_links":{"self":[{"href":"https:\/\/ticsalutsocial.atoom.space\/es\/wp-json\/wp\/v2\/pages\/31281","targetHints":{"allow":["GET"]}}],"collection":[{"href":"https:\/\/ticsalutsocial.atoom.space\/es\/wp-json\/wp\/v2\/pages"}],"about":[{"href":"https:\/\/ticsalutsocial.atoom.space\/es\/wp-json\/wp\/v2\/types\/page"}],"author":[{"embeddable":true,"href":"https:\/\/ticsalutsocial.atoom.space\/es\/wp-json\/wp\/v2\/users\/21"}],"replies":[{"embeddable":true,"href":"https:\/\/ticsalutsocial.atoom.space\/es\/wp-json\/wp\/v2\/comments?post=31281"}],"version-history":[{"count":3,"href":"https:\/\/ticsalutsocial.atoom.space\/es\/wp-json\/wp\/v2\/pages\/31281\/revisions"}],"predecessor-version":[{"id":34406,"href":"https:\/\/ticsalutsocial.atoom.space\/es\/wp-json\/wp\/v2\/pages\/31281\/revisions\/34406"}],"up":[{"embeddable":true,"href":"https:\/\/ticsalutsocial.atoom.space\/es\/wp-json\/wp\/v2\/pages\/13842"}],"wp:attachment":[{"href":"https:\/\/ticsalutsocial.atoom.space\/es\/wp-json\/wp\/v2\/media?parent=31281"}],"wp:term":[{"taxonomy":"tipus","embeddable":true,"href":"https:\/\/ticsalutsocial.atoom.space\/es\/wp-json\/wp\/v2\/tipus?post=31281"}],"curies":[{"name":"wp","href":"https:\/\/api.w.org\/{rel}","templated":true}]}}