
{"id":31283,"date":"2025-02-25T11:04:23","date_gmt":"2025-02-25T09:04:23","guid":{"rendered":"https:\/\/ticsalutsocial.atoom.space\/que-fem\/atencio-digital-personalitzada\/introduccion\/"},"modified":"2025-06-06T11:47:42","modified_gmt":"2025-06-06T09:47:42","slug":"introduccion","status":"publish","type":"page","link":"https:\/\/ticsalutsocial.atoom.space\/es\/que-fem\/atencio-digital-personalitzada\/introduccion\/","title":{"rendered":"Introducci\u00f3n"},"content":{"rendered":"\n<p>El \u00c1rea de Atenci\u00f3n Digital Personalizada impulsa el uso de la tecnolog\u00eda en los procesos asistenciales para que puedan convertirse en m\u00e1s proactivos, participativos, colaborativos, inteligentes y personalizados, y asegurar el avance del sistema de salud.\r\n<\/p>\n\n\n\n<p>Los objetivos del \u00c1rea son:<\/p>\n\n\n\n<ul class=\"wp-block-list\">\n<li><b>Definir, dise\u00f1ar y desarrollar<\/b><span style=\"font-weight: 400;\"> protocolos y herramientas tecnol\u00f3gicas que garanticen el seguimiento personalizado, proactivo y estandarizado del ciudadano.<\/span><\/li>\n\n\n\n<li><b>Potenciar<\/b><span style=\"font-weight: 400;\"> la eficiencia y la accesibilidad de los servicios tecnol\u00f3gicos de asistencia construy\u00e9ndolos de una mirada modular que comprenda tanto determinantes moleculares como ambientales.<\/span><\/li>\n\n\n\n<li><b>Implantar<\/b><span style=\"font-weight: 400;\"> modelos intuesivos de detecci\u00f3n, diagn\u00f3stico, tratamiento y seguimiento del paciente.<\/span><\/li>\n\n\n\n<li><b>Evaluar<\/b><span style=\"font-weight: 400;\"> las soluciones tecnol\u00f3gicas que adecuen la atenci\u00f3n sanitaria y social a las necesidades del sistema, centr\u00e1ndose en el individuo y la poblaci\u00f3n.<\/span><\/li>\n<\/ul>\n\n\n\n<p><span style=\"font-weight: 400;\">El \u00e1rea centra esfuerzos en impulsar herramientas tecnol\u00f3gicas que aproximen el modelo asistencial al de la <\/span><a href=\"https:\/\/ticsalutsocial.atoom.space\/que-fem\/atencio-digital-personalitzada\/medicina-personalitzada-de-precisio\/\"><b>Medicina Personalizada de Precisi\u00f3n<\/b><\/a><span style=\"font-weight: 400;\"> y a <\/span><a href=\"https:\/\/ticsalutsocial.atoom.space\/que-fem\/ehealth\/introduccio\/\"><b>e-Health<\/b><\/a><span style=\"font-weight: 400;\">.<\/span><\/p>\n\n\n\n<h2 class=\"wp-block-heading\">Noticias destacadas<\/h2>\n\n\n\n<style>\n    .relnews--list .relnews--list-wrapper {\n        display: flex;\n        gap: 2em;\n    }\n    .relnews--list .relnews--news {\n        width: calc(33.33% - 1em);\n    }\n    .relnews--list .relnews--img img {\n        width: 100%;\n        height: 200px;\n        object-fit: cover;\n        border-radius: 3px;\n    }\n    .relnews--list .relnews--title {\n        font-family: 'HelveticaNowDisplay-Regular';\n        font-size: 20px;\n        line-height: 28px;\n        color: #231f20;\n    }\n    .relnews--list .relnews--news:hover .relnews--title {\n        font-weight: bold;\n    }\n    @media (max-width: 782px) {\n        .relnews--list .relnews--list-wrapper {\n            flex-direction: column;\n        }\n        .relnews--list .relnews--news {\n            width: 100%;\n        }\n    }\n<\/style>\n\n<div class=\"relnews--list\">\n    <div class=\"relnews--list-wrapper\">\n                    <div class=\"relnews--news\">\n                <div class=\"relnews--news-wrapper\">\n                    <a href=\"https:\/\/ticsalutsocial.atoom.space\/es\/noticia\/professionals-datencio-domiciliaria-de-les-terres-de-lebre-reporten-resultats-positius-de-lelectrocardiograma-portatil-connectat-al-maleti-5g\/\">\n                        <div class=\"relnews--img\">\n                            <img loading=\"lazy\" decoding=\"async\" width=\"1280\" height=\"960\" src=\"https:\/\/ticsalutsocial.atoom.space\/wp-content\/uploads\/2025\/12\/maleti-5G.jpg\" class=\"attachment-post-thumbnail size-post-thumbnail wp-post-image\" alt=\"maleti\u0301 5G\" srcset=\"https:\/\/ticsalutsocial.atoom.space\/wp-content\/uploads\/2025\/12\/maleti-5G.jpg 1280w, https:\/\/ticsalutsocial.atoom.space\/wp-content\/uploads\/2025\/12\/maleti-5G-300x225.jpg 300w, https:\/\/ticsalutsocial.atoom.space\/wp-content\/uploads\/2025\/12\/maleti-5G-1024x768.jpg 1024w, https:\/\/ticsalutsocial.atoom.space\/wp-content\/uploads\/2025\/12\/maleti-5G-768x576.jpg 768w\" sizes=\"auto, (max-width: 1280px) 100vw, 1280px\" \/>                        <\/div>\n                        <div class=\"relnews--content\">\n                            <p><span class=\"relnews--title\">Profesionales de atenci\u00f3n domiciliaria de las Terres de l\u2019Ebre reportan resultados positivos del electrocardiograma port\u00e1til conectado al malet\u00edn 5G<\/span><\/p>\n                        <\/div>\n                    <\/a>\n                <\/div>\n            <\/div>\n                    <div class=\"relnews--news\">\n                <div class=\"relnews--news-wrapper\">\n                    <a href=\"https:\/\/ticsalutsocial.atoom.space\/es\/noticia\/la-tecnologia-immersiva-aporta-beneficis-en-la-intervencio-del-trastorn-de-lespectre-autista\/\">\n                        <div class=\"relnews--img\">\n                            <img loading=\"lazy\" decoding=\"async\" width=\"1280\" height=\"960\" src=\"https:\/\/ticsalutsocial.atoom.space\/wp-content\/uploads\/2025\/10\/TIC-en-el-tractament-del-Trastorn-de-lEspectre-Autista.png\" class=\"attachment-post-thumbnail size-post-thumbnail wp-post-image\" alt=\"Presentaci\u00f3\" srcset=\"https:\/\/ticsalutsocial.atoom.space\/wp-content\/uploads\/2025\/10\/TIC-en-el-tractament-del-Trastorn-de-lEspectre-Autista.png 1280w, https:\/\/ticsalutsocial.atoom.space\/wp-content\/uploads\/2025\/10\/TIC-en-el-tractament-del-Trastorn-de-lEspectre-Autista-300x225.png 300w, https:\/\/ticsalutsocial.atoom.space\/wp-content\/uploads\/2025\/10\/TIC-en-el-tractament-del-Trastorn-de-lEspectre-Autista-1024x768.png 1024w, https:\/\/ticsalutsocial.atoom.space\/wp-content\/uploads\/2025\/10\/TIC-en-el-tractament-del-Trastorn-de-lEspectre-Autista-768x576.png 768w\" sizes=\"auto, (max-width: 1280px) 100vw, 1280px\" \/>                        <\/div>\n                        <div class=\"relnews--content\">\n                            <p><span class=\"relnews--title\">La tecnolog\u00eda inmersiva aporta beneficios en la intervenci\u00f3n del Trastorno del Espectro Autista<\/span><\/p>\n                        <\/div>\n                    <\/a>\n                <\/div>\n            <\/div>\n                    <div class=\"relnews--news\">\n                <div class=\"relnews--news-wrapper\">\n                    <a href=\"https:\/\/ticsalutsocial.atoom.space\/es\/noticia\/el-projecte-unicas-publica-una-nova-guia-per-facilitar-la-interoperabilitat-entre-les-comunitats-autonomes-despanya-per-latencio-pediatrica-de-malalties-minoritaries\/\">\n                        <div class=\"relnews--img\">\n                            <img loading=\"lazy\" decoding=\"async\" width=\"2560\" height=\"1415\" src=\"https:\/\/ticsalutsocial.atoom.space\/wp-content\/uploads\/2025\/05\/iStock-2162801661-scaled.jpg\" class=\"attachment-post-thumbnail size-post-thumbnail wp-post-image\" alt=\"EL projecte \u00daNICAS publica una nova guia per facilitar la interoperabilitat entre les comunitats aut\u00f2nomes d&#039;Espanya per l\u2019atenci\u00f3 pedi\u00e0trica de malalties minorit\u00e0ries\" srcset=\"https:\/\/ticsalutsocial.atoom.space\/wp-content\/uploads\/2025\/05\/iStock-2162801661-scaled.jpg 2560w, https:\/\/ticsalutsocial.atoom.space\/wp-content\/uploads\/2025\/05\/iStock-2162801661-300x166.jpg 300w, https:\/\/ticsalutsocial.atoom.space\/wp-content\/uploads\/2025\/05\/iStock-2162801661-1024x566.jpg 1024w, https:\/\/ticsalutsocial.atoom.space\/wp-content\/uploads\/2025\/05\/iStock-2162801661-768x425.jpg 768w, https:\/\/ticsalutsocial.atoom.space\/wp-content\/uploads\/2025\/05\/iStock-2162801661-1536x849.jpg 1536w, https:\/\/ticsalutsocial.atoom.space\/wp-content\/uploads\/2025\/05\/iStock-2162801661-2048x1132.jpg 2048w\" sizes=\"auto, (max-width: 2560px) 100vw, 2560px\" \/>                        <\/div>\n                        <div class=\"relnews--content\">\n                            <p><span class=\"relnews--title\">El proyecto \u00daNICAS publica una nueva gu\u00eda para facilitar la interoperabilidad entre las CCAA de Espa\u00f1a<\/span><\/p>\n                        <\/div>\n                    <\/a>\n                <\/div>\n            <\/div>\n            <\/div>\n<\/div>\n","protected":false},"excerpt":{"rendered":"<p>El \u00c1rea de Atenci\u00f3n Digital Personalizada impulsa el uso de la tecnolog\u00eda en los procesos asistenciales para que puedan convertirse en m\u00e1s proactivos, participativos, colaborativos, inteligentes y personalizados, y asegurar el avance del sistema de salud. Los objetivos del \u00c1rea son: El \u00e1rea centra esfuerzos en impulsar herramientas tecnol\u00f3gicas que aproximen el modelo asistencial al [&hellip;]<\/p>\n","protected":false},"author":21,"featured_media":0,"parent":25571,"menu_order":0,"comment_status":"closed","ping_status":"closed","template":"page-templates\/section--atencio-digital.php","meta":{"_acf_changed":false,"inline_featured_image":false,"footnotes":""},"tipus":[],"class_list":["post-31283","page","type-page","status-publish","hentry"],"acf":{"tipus_plantilla":"objectius","template_objectius":{"cont_principal":"","imatge":false,"cont_seguent":{"titol":"","contingut":""},"seccio_llistat":{"titol":"","llistat":false},"objectius":{"titol":"","objectius":false},"documents":false},"finalitzat":false},"yoast_head":"<!-- This site is optimized with the Yoast SEO plugin v27.1.1 - https:\/\/yoast.com\/product\/yoast-seo-wordpress\/ -->\n<title>Introducci\u00f3n - Fundaci\u00f3 TIC Salut i Social<\/title>\n<meta name=\"robots\" content=\"index, follow, max-snippet:-1, max-image-preview:large, max-video-preview:-1\" \/>\n<link rel=\"canonical\" href=\"https:\/\/ticsalutsocial.atoom.space\/es\/que-fem\/atencio-digital-personalitzada\/introduccion\/\" \/>\n<meta property=\"og:locale\" content=\"es_ES\" \/>\n<meta property=\"og:type\" content=\"article\" \/>\n<meta property=\"og:title\" content=\"Introducci\u00f3n - Fundaci\u00f3 TIC Salut i Social\" \/>\n<meta property=\"og:description\" content=\"El \u00c1rea de Atenci\u00f3n Digital Personalizada impulsa el uso de la tecnolog\u00eda en los procesos asistenciales para que puedan convertirse en m\u00e1s proactivos, participativos, colaborativos, inteligentes y personalizados, y asegurar el avance del sistema de salud. Los objetivos del \u00c1rea son: El \u00e1rea centra esfuerzos en impulsar herramientas tecnol\u00f3gicas que aproximen el modelo asistencial al [&hellip;]\" \/>\n<meta property=\"og:url\" content=\"https:\/\/ticsalutsocial.atoom.space\/es\/que-fem\/atencio-digital-personalitzada\/introduccion\/\" \/>\n<meta property=\"og:site_name\" content=\"Fundaci\u00f3 TIC Salut i Social\" \/>\n<meta property=\"article:modified_time\" content=\"2025-06-06T09:47:42+00:00\" \/>\n<meta name=\"twitter:card\" content=\"summary_large_image\" \/>\n<meta name=\"twitter:label1\" content=\"Tiempo de lectura\" \/>\n\t<meta name=\"twitter:data1\" content=\"1 minuto\" \/>\n<script type=\"application\/ld+json\" class=\"yoast-schema-graph\">{\"@context\":\"https:\/\/schema.org\",\"@graph\":[{\"@type\":\"WebPage\",\"@id\":\"https:\/\/ticsalutsocial.atoom.space\/es\/que-fem\/atencio-digital-personalitzada\/introduccion\/\",\"url\":\"https:\/\/ticsalutsocial.atoom.space\/es\/que-fem\/atencio-digital-personalitzada\/introduccion\/\",\"name\":\"Introducci\u00f3n - Fundaci\u00f3 TIC Salut i Social\",\"isPartOf\":{\"@id\":\"https:\/\/ticsalutsocial.atoom.space\/es\/#website\"},\"datePublished\":\"2025-02-25T09:04:23+00:00\",\"dateModified\":\"2025-06-06T09:47:42+00:00\",\"breadcrumb\":{\"@id\":\"https:\/\/ticsalutsocial.atoom.space\/es\/que-fem\/atencio-digital-personalitzada\/introduccion\/#breadcrumb\"},\"inLanguage\":\"es\",\"potentialAction\":[{\"@type\":\"ReadAction\",\"target\":[\"https:\/\/ticsalutsocial.atoom.space\/es\/que-fem\/atencio-digital-personalitzada\/introduccion\/\"]}]},{\"@type\":\"BreadcrumbList\",\"@id\":\"https:\/\/ticsalutsocial.atoom.space\/es\/que-fem\/atencio-digital-personalitzada\/introduccion\/#breadcrumb\",\"itemListElement\":[{\"@type\":\"ListItem\",\"position\":1,\"name\":\"Inici\",\"item\":\"https:\/\/ticsalutsocial.atoom.space\/es\/\"},{\"@type\":\"ListItem\",\"position\":2,\"name\":\"Que Fem\",\"item\":\"https:\/\/ticsalutsocial.atoom.space\/es\/que-fem\/\"},{\"@type\":\"ListItem\",\"position\":3,\"name\":\"Atenci\u00f3n digital personalizada\",\"item\":\"https:\/\/ticsalutsocial.atoom.space\/es\/que-fem\/atencio-digital-personalitzada\/\"},{\"@type\":\"ListItem\",\"position\":4,\"name\":\"Introducci\u00f3n\"}]},{\"@type\":\"WebSite\",\"@id\":\"https:\/\/ticsalutsocial.atoom.space\/es\/#website\",\"url\":\"https:\/\/ticsalutsocial.atoom.space\/es\/\",\"name\":\"Fundaci\u00f3 TIC Salut i Social\",\"description\":\"\",\"potentialAction\":[{\"@type\":\"SearchAction\",\"target\":{\"@type\":\"EntryPoint\",\"urlTemplate\":\"https:\/\/ticsalutsocial.atoom.space\/es\/?s={search_term_string}\"},\"query-input\":{\"@type\":\"PropertyValueSpecification\",\"valueRequired\":true,\"valueName\":\"search_term_string\"}}],\"inLanguage\":\"es\"}]}<\/script>\n<!-- \/ Yoast SEO plugin. -->","yoast_head_json":{"title":"Introducci\u00f3n - Fundaci\u00f3 TIC Salut i Social","robots":{"index":"index","follow":"follow","max-snippet":"max-snippet:-1","max-image-preview":"max-image-preview:large","max-video-preview":"max-video-preview:-1"},"canonical":"https:\/\/ticsalutsocial.atoom.space\/es\/que-fem\/atencio-digital-personalitzada\/introduccion\/","og_locale":"es_ES","og_type":"article","og_title":"Introducci\u00f3n - Fundaci\u00f3 TIC Salut i Social","og_description":"El \u00c1rea de Atenci\u00f3n Digital Personalizada impulsa el uso de la tecnolog\u00eda en los procesos asistenciales para que puedan convertirse en m\u00e1s proactivos, participativos, colaborativos, inteligentes y personalizados, y asegurar el avance del sistema de salud. Los objetivos del \u00c1rea son: El \u00e1rea centra esfuerzos en impulsar herramientas tecnol\u00f3gicas que aproximen el modelo asistencial al [&hellip;]","og_url":"https:\/\/ticsalutsocial.atoom.space\/es\/que-fem\/atencio-digital-personalitzada\/introduccion\/","og_site_name":"Fundaci\u00f3 TIC Salut i Social","article_modified_time":"2025-06-06T09:47:42+00:00","twitter_card":"summary_large_image","twitter_misc":{"Tiempo de lectura":"1 minuto"},"schema":{"@context":"https:\/\/schema.org","@graph":[{"@type":"WebPage","@id":"https:\/\/ticsalutsocial.atoom.space\/es\/que-fem\/atencio-digital-personalitzada\/introduccion\/","url":"https:\/\/ticsalutsocial.atoom.space\/es\/que-fem\/atencio-digital-personalitzada\/introduccion\/","name":"Introducci\u00f3n - Fundaci\u00f3 TIC Salut i Social","isPartOf":{"@id":"https:\/\/ticsalutsocial.atoom.space\/es\/#website"},"datePublished":"2025-02-25T09:04:23+00:00","dateModified":"2025-06-06T09:47:42+00:00","breadcrumb":{"@id":"https:\/\/ticsalutsocial.atoom.space\/es\/que-fem\/atencio-digital-personalitzada\/introduccion\/#breadcrumb"},"inLanguage":"es","potentialAction":[{"@type":"ReadAction","target":["https:\/\/ticsalutsocial.atoom.space\/es\/que-fem\/atencio-digital-personalitzada\/introduccion\/"]}]},{"@type":"BreadcrumbList","@id":"https:\/\/ticsalutsocial.atoom.space\/es\/que-fem\/atencio-digital-personalitzada\/introduccion\/#breadcrumb","itemListElement":[{"@type":"ListItem","position":1,"name":"Inici","item":"https:\/\/ticsalutsocial.atoom.space\/es\/"},{"@type":"ListItem","position":2,"name":"Que Fem","item":"https:\/\/ticsalutsocial.atoom.space\/es\/que-fem\/"},{"@type":"ListItem","position":3,"name":"Atenci\u00f3n digital personalizada","item":"https:\/\/ticsalutsocial.atoom.space\/es\/que-fem\/atencio-digital-personalitzada\/"},{"@type":"ListItem","position":4,"name":"Introducci\u00f3n"}]},{"@type":"WebSite","@id":"https:\/\/ticsalutsocial.atoom.space\/es\/#website","url":"https:\/\/ticsalutsocial.atoom.space\/es\/","name":"Fundaci\u00f3 TIC Salut i Social","description":"","potentialAction":[{"@type":"SearchAction","target":{"@type":"EntryPoint","urlTemplate":"https:\/\/ticsalutsocial.atoom.space\/es\/?s={search_term_string}"},"query-input":{"@type":"PropertyValueSpecification","valueRequired":true,"valueName":"search_term_string"}}],"inLanguage":"es"}]}},"_links":{"self":[{"href":"https:\/\/ticsalutsocial.atoom.space\/es\/wp-json\/wp\/v2\/pages\/31283","targetHints":{"allow":["GET"]}}],"collection":[{"href":"https:\/\/ticsalutsocial.atoom.space\/es\/wp-json\/wp\/v2\/pages"}],"about":[{"href":"https:\/\/ticsalutsocial.atoom.space\/es\/wp-json\/wp\/v2\/types\/page"}],"author":[{"embeddable":true,"href":"https:\/\/ticsalutsocial.atoom.space\/es\/wp-json\/wp\/v2\/users\/21"}],"replies":[{"embeddable":true,"href":"https:\/\/ticsalutsocial.atoom.space\/es\/wp-json\/wp\/v2\/comments?post=31283"}],"version-history":[{"count":2,"href":"https:\/\/ticsalutsocial.atoom.space\/es\/wp-json\/wp\/v2\/pages\/31283\/revisions"}],"predecessor-version":[{"id":32511,"href":"https:\/\/ticsalutsocial.atoom.space\/es\/wp-json\/wp\/v2\/pages\/31283\/revisions\/32511"}],"up":[{"embeddable":true,"href":"https:\/\/ticsalutsocial.atoom.space\/es\/wp-json\/wp\/v2\/pages\/25571"}],"wp:attachment":[{"href":"https:\/\/ticsalutsocial.atoom.space\/es\/wp-json\/wp\/v2\/media?parent=31283"}],"wp:term":[{"taxonomy":"tipus","embeddable":true,"href":"https:\/\/ticsalutsocial.atoom.space\/es\/wp-json\/wp\/v2\/tipus?post=31283"}],"curies":[{"name":"wp","href":"https:\/\/api.w.org\/{rel}","templated":true}]}}