
{"id":31285,"date":"2025-02-25T11:06:08","date_gmt":"2025-02-25T09:06:08","guid":{"rendered":"https:\/\/ticsalutsocial.atoom.space\/que-fem\/atencio-digital-personalitzada\/medicina-personalizada-de-precision\/"},"modified":"2025-05-20T11:35:20","modified_gmt":"2025-05-20T09:35:20","slug":"medicina-personalizada-de-precision","status":"publish","type":"page","link":"https:\/\/ticsalutsocial.atoom.space\/es\/que-fem\/atencio-digital-personalitzada\/medicina-personalizada-de-precision\/","title":{"rendered":"Medicina personalizada de precisi\u00f3n"},"content":{"rendered":"\n<p>La conocida como Medicina 5P engloba los siguientes conceptos: que sea personalizada, predictiva, preventiva, participativa, y poblacional.\r\n<\/p>\n\n\n\n<p><span style=\"font-weight: 400;\">La Medicina Convencional se encarga de modelar referentes de salud y bienestar y contraponer situaciones patol\u00f3gicas o no deseables. La prognosis y el diagn\u00f3stico se basan principalmente en cuadros de signos y s\u00edntomas, muchas veces sin hacer distinci\u00f3n de otros condicionantes de salud que son significativos.<\/span><\/p>\n\n\n\n<div class=\"flourish-embed flourish-hierarchy\" data-src=\"visualisation\/23289270\"><script src=\"https:\/\/public.flourish.studio\/resources\/embed.js\"><\/script><noscript><img decoding=\"async\" src=\"https:\/\/public.flourish.studio\/visualisation\/23289270\/thumbnail\" width=\"100%\" alt=\"hierarchy visualization\" \/><\/noscript><\/div>\n\n\n\n<p>Con la creciente capacidad de las nuevas tecnolog\u00edas, se puede alcanzar un modelo m\u00e1s transversal, modular, multidisciplinario, teniendo en cuenta muchos condicionantes que determinan el bienestar del paciente.\r\n<\/p>\n\n\n\n<p>La Medicina Personalizada de Precisi\u00f3n pretende cambiar este paradigma, definir la toma de decisiones cl\u00ednicas y asistenciales en los determinantes de salud \u2013\u00f3micos, moleculares, sociales, ambientales, de comportamiento&#8230; \u2013 de cada individuo o poblaci\u00f3n. Siguiendo esta aproximaci\u00f3n, se vuelve m\u00e1s evidente una mejora en la prevenci\u00f3n, el diagn\u00f3stico y el tratamiento de muchas enfermedades.\r\n<\/p>\n","protected":false},"excerpt":{"rendered":"<p>La conocida como Medicina 5P engloba los siguientes conceptos: que sea personalizada, predictiva, preventiva, participativa, y poblacional. La Medicina Convencional se encarga de modelar referentes de salud y bienestar y contraponer situaciones patol\u00f3gicas o no deseables. La prognosis y el diagn\u00f3stico se basan principalmente en cuadros de signos y s\u00edntomas, muchas veces sin hacer distinci\u00f3n [&hellip;]<\/p>\n","protected":false},"author":21,"featured_media":0,"parent":25571,"menu_order":0,"comment_status":"closed","ping_status":"closed","template":"page-templates\/section--atencio-digital.php","meta":{"_acf_changed":false,"inline_featured_image":false,"footnotes":""},"tipus":[],"class_list":["post-31285","page","type-page","status-publish","hentry"],"acf":[],"yoast_head":"<!-- This site is optimized with the Yoast SEO plugin v27.1.1 - https:\/\/yoast.com\/product\/yoast-seo-wordpress\/ -->\n<title>Medicina personalizada de precisi\u00f3n - Fundaci\u00f3 TIC Salut i Social<\/title>\n<meta name=\"robots\" content=\"index, follow, max-snippet:-1, max-image-preview:large, max-video-preview:-1\" \/>\n<link rel=\"canonical\" href=\"https:\/\/ticsalutsocial.atoom.space\/es\/que-fem\/atencio-digital-personalitzada\/medicina-personalizada-de-precision\/\" \/>\n<meta property=\"og:locale\" content=\"es_ES\" \/>\n<meta property=\"og:type\" content=\"article\" \/>\n<meta property=\"og:title\" content=\"Medicina personalizada de precisi\u00f3n - Fundaci\u00f3 TIC Salut i Social\" \/>\n<meta property=\"og:description\" content=\"La conocida como Medicina 5P engloba los siguientes conceptos: que sea personalizada, predictiva, preventiva, participativa, y poblacional. La Medicina Convencional se encarga de modelar referentes de salud y bienestar y contraponer situaciones patol\u00f3gicas o no deseables. La prognosis y el diagn\u00f3stico se basan principalmente en cuadros de signos y s\u00edntomas, muchas veces sin hacer distinci\u00f3n [&hellip;]\" \/>\n<meta property=\"og:url\" content=\"https:\/\/ticsalutsocial.atoom.space\/es\/que-fem\/atencio-digital-personalitzada\/medicina-personalizada-de-precision\/\" \/>\n<meta property=\"og:site_name\" content=\"Fundaci\u00f3 TIC Salut i Social\" \/>\n<meta property=\"article:modified_time\" content=\"2025-05-20T09:35:20+00:00\" \/>\n<meta property=\"og:image\" content=\"https:\/\/public.flourish.studio\/visualisation\/23289270\/thumbnail\" \/>\n<meta name=\"twitter:card\" content=\"summary_large_image\" \/>\n<meta name=\"twitter:label1\" content=\"Tiempo de lectura\" \/>\n\t<meta name=\"twitter:data1\" content=\"1 minuto\" \/>\n<script type=\"application\/ld+json\" class=\"yoast-schema-graph\">{\"@context\":\"https:\/\/schema.org\",\"@graph\":[{\"@type\":\"WebPage\",\"@id\":\"https:\/\/ticsalutsocial.atoom.space\/es\/que-fem\/atencio-digital-personalitzada\/medicina-personalizada-de-precision\/\",\"url\":\"https:\/\/ticsalutsocial.atoom.space\/es\/que-fem\/atencio-digital-personalitzada\/medicina-personalizada-de-precision\/\",\"name\":\"Medicina personalizada de precisi\u00f3n - Fundaci\u00f3 TIC Salut i Social\",\"isPartOf\":{\"@id\":\"https:\/\/ticsalutsocial.atoom.space\/es\/#website\"},\"primaryImageOfPage\":{\"@id\":\"https:\/\/ticsalutsocial.atoom.space\/es\/que-fem\/atencio-digital-personalitzada\/medicina-personalizada-de-precision\/#primaryimage\"},\"image\":{\"@id\":\"https:\/\/ticsalutsocial.atoom.space\/es\/que-fem\/atencio-digital-personalitzada\/medicina-personalizada-de-precision\/#primaryimage\"},\"thumbnailUrl\":\"https:\/\/public.flourish.studio\/visualisation\/23289270\/thumbnail\",\"datePublished\":\"2025-02-25T09:06:08+00:00\",\"dateModified\":\"2025-05-20T09:35:20+00:00\",\"breadcrumb\":{\"@id\":\"https:\/\/ticsalutsocial.atoom.space\/es\/que-fem\/atencio-digital-personalitzada\/medicina-personalizada-de-precision\/#breadcrumb\"},\"inLanguage\":\"es\",\"potentialAction\":[{\"@type\":\"ReadAction\",\"target\":[\"https:\/\/ticsalutsocial.atoom.space\/es\/que-fem\/atencio-digital-personalitzada\/medicina-personalizada-de-precision\/\"]}]},{\"@type\":\"ImageObject\",\"inLanguage\":\"es\",\"@id\":\"https:\/\/ticsalutsocial.atoom.space\/es\/que-fem\/atencio-digital-personalitzada\/medicina-personalizada-de-precision\/#primaryimage\",\"url\":\"https:\/\/public.flourish.studio\/visualisation\/23289270\/thumbnail\",\"contentUrl\":\"https:\/\/public.flourish.studio\/visualisation\/23289270\/thumbnail\"},{\"@type\":\"BreadcrumbList\",\"@id\":\"https:\/\/ticsalutsocial.atoom.space\/es\/que-fem\/atencio-digital-personalitzada\/medicina-personalizada-de-precision\/#breadcrumb\",\"itemListElement\":[{\"@type\":\"ListItem\",\"position\":1,\"name\":\"Inici\",\"item\":\"https:\/\/ticsalutsocial.atoom.space\/es\/\"},{\"@type\":\"ListItem\",\"position\":2,\"name\":\"Que Fem\",\"item\":\"https:\/\/ticsalutsocial.atoom.space\/es\/que-fem\/\"},{\"@type\":\"ListItem\",\"position\":3,\"name\":\"Atenci\u00f3n digital personalizada\",\"item\":\"https:\/\/ticsalutsocial.atoom.space\/es\/que-fem\/atencio-digital-personalitzada\/\"},{\"@type\":\"ListItem\",\"position\":4,\"name\":\"Medicina personalizada de precisi\u00f3n\"}]},{\"@type\":\"WebSite\",\"@id\":\"https:\/\/ticsalutsocial.atoom.space\/es\/#website\",\"url\":\"https:\/\/ticsalutsocial.atoom.space\/es\/\",\"name\":\"Fundaci\u00f3 TIC Salut i Social\",\"description\":\"\",\"potentialAction\":[{\"@type\":\"SearchAction\",\"target\":{\"@type\":\"EntryPoint\",\"urlTemplate\":\"https:\/\/ticsalutsocial.atoom.space\/es\/?s={search_term_string}\"},\"query-input\":{\"@type\":\"PropertyValueSpecification\",\"valueRequired\":true,\"valueName\":\"search_term_string\"}}],\"inLanguage\":\"es\"}]}<\/script>\n<!-- \/ Yoast SEO plugin. -->","yoast_head_json":{"title":"Medicina personalizada de precisi\u00f3n - Fundaci\u00f3 TIC Salut i Social","robots":{"index":"index","follow":"follow","max-snippet":"max-snippet:-1","max-image-preview":"max-image-preview:large","max-video-preview":"max-video-preview:-1"},"canonical":"https:\/\/ticsalutsocial.atoom.space\/es\/que-fem\/atencio-digital-personalitzada\/medicina-personalizada-de-precision\/","og_locale":"es_ES","og_type":"article","og_title":"Medicina personalizada de precisi\u00f3n - Fundaci\u00f3 TIC Salut i Social","og_description":"La conocida como Medicina 5P engloba los siguientes conceptos: que sea personalizada, predictiva, preventiva, participativa, y poblacional. La Medicina Convencional se encarga de modelar referentes de salud y bienestar y contraponer situaciones patol\u00f3gicas o no deseables. La prognosis y el diagn\u00f3stico se basan principalmente en cuadros de signos y s\u00edntomas, muchas veces sin hacer distinci\u00f3n [&hellip;]","og_url":"https:\/\/ticsalutsocial.atoom.space\/es\/que-fem\/atencio-digital-personalitzada\/medicina-personalizada-de-precision\/","og_site_name":"Fundaci\u00f3 TIC Salut i Social","article_modified_time":"2025-05-20T09:35:20+00:00","og_image":[{"url":"https:\/\/public.flourish.studio\/visualisation\/23289270\/thumbnail","type":"","width":"","height":""}],"twitter_card":"summary_large_image","twitter_misc":{"Tiempo de lectura":"1 minuto"},"schema":{"@context":"https:\/\/schema.org","@graph":[{"@type":"WebPage","@id":"https:\/\/ticsalutsocial.atoom.space\/es\/que-fem\/atencio-digital-personalitzada\/medicina-personalizada-de-precision\/","url":"https:\/\/ticsalutsocial.atoom.space\/es\/que-fem\/atencio-digital-personalitzada\/medicina-personalizada-de-precision\/","name":"Medicina personalizada de precisi\u00f3n - Fundaci\u00f3 TIC Salut i Social","isPartOf":{"@id":"https:\/\/ticsalutsocial.atoom.space\/es\/#website"},"primaryImageOfPage":{"@id":"https:\/\/ticsalutsocial.atoom.space\/es\/que-fem\/atencio-digital-personalitzada\/medicina-personalizada-de-precision\/#primaryimage"},"image":{"@id":"https:\/\/ticsalutsocial.atoom.space\/es\/que-fem\/atencio-digital-personalitzada\/medicina-personalizada-de-precision\/#primaryimage"},"thumbnailUrl":"https:\/\/public.flourish.studio\/visualisation\/23289270\/thumbnail","datePublished":"2025-02-25T09:06:08+00:00","dateModified":"2025-05-20T09:35:20+00:00","breadcrumb":{"@id":"https:\/\/ticsalutsocial.atoom.space\/es\/que-fem\/atencio-digital-personalitzada\/medicina-personalizada-de-precision\/#breadcrumb"},"inLanguage":"es","potentialAction":[{"@type":"ReadAction","target":["https:\/\/ticsalutsocial.atoom.space\/es\/que-fem\/atencio-digital-personalitzada\/medicina-personalizada-de-precision\/"]}]},{"@type":"ImageObject","inLanguage":"es","@id":"https:\/\/ticsalutsocial.atoom.space\/es\/que-fem\/atencio-digital-personalitzada\/medicina-personalizada-de-precision\/#primaryimage","url":"https:\/\/public.flourish.studio\/visualisation\/23289270\/thumbnail","contentUrl":"https:\/\/public.flourish.studio\/visualisation\/23289270\/thumbnail"},{"@type":"BreadcrumbList","@id":"https:\/\/ticsalutsocial.atoom.space\/es\/que-fem\/atencio-digital-personalitzada\/medicina-personalizada-de-precision\/#breadcrumb","itemListElement":[{"@type":"ListItem","position":1,"name":"Inici","item":"https:\/\/ticsalutsocial.atoom.space\/es\/"},{"@type":"ListItem","position":2,"name":"Que Fem","item":"https:\/\/ticsalutsocial.atoom.space\/es\/que-fem\/"},{"@type":"ListItem","position":3,"name":"Atenci\u00f3n digital personalizada","item":"https:\/\/ticsalutsocial.atoom.space\/es\/que-fem\/atencio-digital-personalitzada\/"},{"@type":"ListItem","position":4,"name":"Medicina personalizada de precisi\u00f3n"}]},{"@type":"WebSite","@id":"https:\/\/ticsalutsocial.atoom.space\/es\/#website","url":"https:\/\/ticsalutsocial.atoom.space\/es\/","name":"Fundaci\u00f3 TIC Salut i Social","description":"","potentialAction":[{"@type":"SearchAction","target":{"@type":"EntryPoint","urlTemplate":"https:\/\/ticsalutsocial.atoom.space\/es\/?s={search_term_string}"},"query-input":{"@type":"PropertyValueSpecification","valueRequired":true,"valueName":"search_term_string"}}],"inLanguage":"es"}]}},"_links":{"self":[{"href":"https:\/\/ticsalutsocial.atoom.space\/es\/wp-json\/wp\/v2\/pages\/31285","targetHints":{"allow":["GET"]}}],"collection":[{"href":"https:\/\/ticsalutsocial.atoom.space\/es\/wp-json\/wp\/v2\/pages"}],"about":[{"href":"https:\/\/ticsalutsocial.atoom.space\/es\/wp-json\/wp\/v2\/types\/page"}],"author":[{"embeddable":true,"href":"https:\/\/ticsalutsocial.atoom.space\/es\/wp-json\/wp\/v2\/users\/21"}],"replies":[{"embeddable":true,"href":"https:\/\/ticsalutsocial.atoom.space\/es\/wp-json\/wp\/v2\/comments?post=31285"}],"version-history":[{"count":2,"href":"https:\/\/ticsalutsocial.atoom.space\/es\/wp-json\/wp\/v2\/pages\/31285\/revisions"}],"predecessor-version":[{"id":32174,"href":"https:\/\/ticsalutsocial.atoom.space\/es\/wp-json\/wp\/v2\/pages\/31285\/revisions\/32174"}],"up":[{"embeddable":true,"href":"https:\/\/ticsalutsocial.atoom.space\/es\/wp-json\/wp\/v2\/pages\/25571"}],"wp:attachment":[{"href":"https:\/\/ticsalutsocial.atoom.space\/es\/wp-json\/wp\/v2\/media?parent=31285"}],"wp:term":[{"taxonomy":"tipus","embeddable":true,"href":"https:\/\/ticsalutsocial.atoom.space\/es\/wp-json\/wp\/v2\/tipus?post=31285"}],"curies":[{"name":"wp","href":"https:\/\/api.w.org\/{rel}","templated":true}]}}