
{"id":31294,"date":"2025-02-25T12:32:47","date_gmt":"2025-02-25T10:32:47","guid":{"rendered":"https:\/\/ticsalutsocial.atoom.space\/que-fem\/atencion-integrada\/"},"modified":"2025-12-15T18:54:32","modified_gmt":"2025-12-15T16:54:32","slug":"atencion-integrada","status":"publish","type":"page","link":"https:\/\/ticsalutsocial.atoom.space\/es\/que-fem\/ambit-social\/atencion-integrada\/","title":{"rendered":"Atenci\u00f3n integrada"},"content":{"rendered":"\n<h2 class=\"wp-block-heading\"><strong>Integraci\u00f3n Social y Sanitaria<\/strong><\/h2>\n\n\n\n<p>En el marco del Plan de Gobierno 2013-2016, mediante el Acuerdo GOV\/120\/2013, para crear el Plan interdepartamental de interacci\u00f3n de los servicios sanitarios y sociales.<\/p>\n\n\n\n<p>Posteriormente se profundiz\u00f3 en el modelo dise\u00f1ado y, mediante el Acuerdo GOV\/28\/2014, de 25 de febrero, se cre\u00f3 el Plan interdepartamental de atenci\u00f3n e interacci\u00f3n social y sanitaria (PIAISS) como expresi\u00f3n de la voluntad del Gobierno de ir un paso m\u00e1s all\u00e1 en la interacci\u00f3n entre los servicios sanitarios y sociales y la apuesta por un modelo asistencial centrado en las personas.<\/p>\n\n\n\n<p>En el Plan de Gobierno para la XII legislatura, aprobado el 25 septiembre de 2018, se hace patente la necesidad de desarrollar una estrategia \u00fanica de atenci\u00f3n integrada social y sanitaria debido a las necesidades sanitarias y sociales de la poblaci\u00f3n, especialmente para aquellas personas que son mayores o tienen necesidades complejas. Esta estrategia debe promover la autonom\u00eda personal y facilitar la permanencia en el entorno habitual y la inclusi\u00f3n social de estas personas. Para alcanzar este objetivo es necesario reforzar el valor de la atenci\u00f3n integral e integrada a las personas y el valor de la eficiencia y la calidad del modelo de provisi\u00f3n, promoviendo el encaje de los servicios sanitarios y sociales, lo que determina la conveniencia de redefinir el PIAISS, que se sustituye por el nuevo Plan de atenci\u00f3n integrada social y sanitaria (PAISS).<\/p>\n\n\n\n<p>La Fundaci\u00f3n apoya en los \u00e1mbitos de las tecnolog\u00edas y los sistemas de informaci\u00f3n a la Agencia de Atenci\u00f3n Integral Social y Sanitaria.<\/p>\n\n\n\n<p><a href=\"https:\/\/salutweb.gencat.cat\/ca\/site\/aiss\/inici\/\">M\u00e1s informaci\u00f3n<\/a><\/p>\n\n\n\n<h2 class=\"wp-block-heading\">HISS &#8211; Hub de Innovaci\u00f3n Social y Sanitaria<\/h2>\n\n\n\n<p>El <strong>HISS<\/strong> es un instrumento p\u00fablico del sistema de salud catal\u00e1n y de la red p\u00fablica de servicios sociales. Su principal finalidad es mejorar la calidad de vida de las personas con necesidades de atenci\u00f3n social y sanitaria a trav\u00e9s de proyectos innovadores.<\/p>\n\n\n\n<p>Como miembros del <strong>Comit\u00e9 Ejecutivo del HISS<\/strong>, participamos en una red de colaboradores clave del ecosistema de innovaci\u00f3n social y sanitaria. Esta red nos permite acercar nuestros proyectos a aquellos <em>stakeholders<\/em> que m\u00e1s pueden beneficiarse de ellos y acelerar su desarrollo.<\/p>\n\n\n\n<p>Al mismo tiempo, permite a las distintas entidades conocer y acercarse a todos aquellos proyectos que se est\u00e1n desarrollando en Catalu\u00f1a y que pueden ofrecer soluciones a los retos que afrontan en su d\u00eda a d\u00eda.<\/p>\n\n\n\n<h2 class=\"wp-block-heading\"><strong>II Plan Estrat\u00e9gico de Servicios Sociales (PESS) 2021 \u2013 2024<\/strong><\/h2>\n\n\n\n<p>El Departamento impulsa el II Plan estrat\u00e9gico de Servicios Sociales (PESS) 2021-24 como marco de referencia para la planificaci\u00f3n del Sistema Catal\u00e1n de Servicios Sociales (SCSS) durante los pr\u00f3ximos cuatro a\u00f1os, con el objetivo de dar respuesta a los retos sociodemogr\u00e1ficos que el actual estado de bienestar debe afrontar:<\/p>\n\n\n\n<ul class=\"wp-block-list\">\n<li>Las desigualdades sociales<\/li>\n\n\n\n<li>La feminizaci\u00f3n del riesgo de pobreza o exclusi\u00f3n<\/li>\n\n\n\n<li>El incremento del envejecimiento<\/li>\n\n\n\n<li>El sobreenvejecimiento y la discapacidad<\/li>\n\n\n\n<li>La diversificaci\u00f3n de la sociedad catalana y de los hogares que la componen<\/li>\n<\/ul>\n\n\n\n<p><a href=\"https:\/\/dretssocials.gencat.cat\/ca\/ambits_tematics\/serveis_socials\/pla-estrategic-de-serveis-socials-de-catalunya\/PESS2021-24\/index.html\">M\u00e1s informaci\u00f3n<\/a><\/p>\n\n\n\n<h2 class=\"wp-block-heading\"><strong>Estructura del Sistema Catal\u00e1n de Servicios Sociales<\/strong><\/h2>\n\n\n\n<p>De acuerdo con la Ley 12\/2007 de Servicios Sociales, el Sistema Catal\u00e1n de Servicios Sociales (SCSS) constituye el conjunto de recursos, prestaciones de servicios, tecnol\u00f3gicas y econ\u00f3micas y de los programas, equipamientos y actividades de prevenci\u00f3n, atenci\u00f3n y promoci\u00f3n social. Est\u00e1 integrado por los servicios sociales de titularidad p\u00fablica y privada de la Administraci\u00f3n de la Generalitat, de las entidades locales y de otras administraciones. Todos estos servicios configuran la Red de Servicios Sociales de Atenci\u00f3n P\u00fablica.<\/p>\n\n\n\n<p>Los servicios sociales b\u00e1sicos (SSB) se organizan territorialmente en \u00e1reas b\u00e1sicas de servicios sociales (105 ABSS) sobre las comarcas o sobre una poblaci\u00f3n m\u00ednima de 20.000 habitantes y son el primer nivel de atenci\u00f3n del SCSS y la garant\u00eda de proximidad m\u00e1xima a las personas usuarias, en la medida en que se prestan en el \u00e1rea territorial m\u00e1s pr\u00f3xima a la ciudadan\u00eda. El colectivo de profesionales que lo integran, informan, orientan, hacen diagn\u00f3sticos y valoraciones, prescriben prestaciones, detectan situaciones de riesgo para actuar de manera preventiva y llevan a cabo proyectos comunitarios para la integraci\u00f3n social de las personas y los colectivos en riesgo.<\/p>\n\n\n\n<p>Los servicios sociales especializados se organizan atendiendo a la tipolog\u00eda con el fin de dar respuesta a situaciones y necesidades que requieren una especializaci\u00f3n t\u00e9cnica o la disposici\u00f3n de unos recursos determinados.<\/p>\n\n\n\n<p>Por otra parte existe el Tercer Sector Social, que es el conjunto de entidades privadas sin \u00e1nimo de lucro, mutualistas o prestadoras de servicios, que trabajan por la inclusi\u00f3n y la cohesi\u00f3n social, con especial atenci\u00f3n a los colectivos m\u00e1s vulnerables de la sociedad. En Catalu\u00f1a re\u00fane a m\u00e1s de 7.500 entidades no lucrativas que act\u00faan en el campo social y presta servicios a m\u00e1s de un mill\u00f3n de personas.<\/p>\n\n\n\n<p>M\u00e1s informaci\u00f3n:<\/p>\n\n\n\n<ul class=\"wp-block-list\">\n<li><a href=\"https:\/\/dretssocials.gencat.cat\/ca\/ambits_tematics\/serveis_socials\/el_sistema_catala_de_serveis_socials\/\">Servicios Sociales<\/a><\/li>\n\n\n\n<li><a href=\"https:\/\/dretssocials.gencat.cat\/ca\/ambits_tematics\/serveis_socials\/tercer_sector_social\/\">Tercer sector social<\/a><\/li>\n<\/ul>\n\n\n\n<h2 class=\"wp-block-heading\">Proyectos de atenci\u00f3n integrada<\/h2>\n\n\n\n<h3 class=\"wp-block-heading\">Modelo de Atenci\u00f3n Centrado en la Persona de Aran<\/h3>\n\n\n\n<p>Proyecto para implementar una respuesta unitaria a les necesidades de salud y sociales de la ciudadan\u00eda, fomentando su participaci\u00f3n activa en la toma de decisiones.<\/p>\n\n\n\n<p class=\"ticsalut-btn\"><a href=\"https:\/\/ticsalutsocial.atoom.space\/es\/project\/34408\/\" target=\"_blank\" rel=\"noreferrer noopener\"><strong>Projecte MACP<\/strong><\/a><\/p>\n\n\n\n<h3 class=\"wp-block-heading\">ADMIT<\/h3>\n\n\n\n<p>Este proyecto parte del hecho de que la salud y los aspectos sociales de una persona van de la mano y no se pueden separar. Por eso, la atenci\u00f3n no se plantea en funci\u00f3n de los servicios existentes, sino en funci\u00f3n de la persona y sus necesidades.<\/p>\n\n\n\n<p>El objetivo es crear un plan de atenci\u00f3n individualizado para cada persona, que coordine todos los apoyos que pueda necesitar: desde la prevenci\u00f3n y el tratamiento, hasta el apoyo en la vida diaria y la promoci\u00f3n de la autonom\u00eda.<\/p>\n\n\n\n<p class=\"ticsalut-btn\"><a href=\"https:\/\/ticsalutsocial.atoom.space\/es\/project\/admit\/\" target=\"_blank\" rel=\"noreferrer noopener\">Proyecto ADMIT<\/a><\/p>\n\n\n\n<h3 class=\"wp-block-heading\">SISS Manresa<\/h3>\n\n\n\n<p>Desplegar un modelo nuevo de atenci\u00f3n integrada social y sanitaria a la capital del Bages para coordinar los recursos de las carteras de servicios sociales y de salud incorporando herramientas tecnol\u00f3gicas.<\/p>\n\n\n\n<p class=\"ticsalut-btn\"><a href=\"https:\/\/ticsalutsocial.atoom.space\/es\/project\/siss-manresa\/\" target=\"_blank\" rel=\"noreferrer noopener\"><strong>Proyecto SISS Manresa<\/strong><\/a><\/p>\n\n\n\n<h2 class=\"wp-block-heading\">Not\u00edcias destacadas<\/h2>\n\n\n\n<style>\n    .relnews--list .relnews--list-wrapper {\n        display: flex;\n        gap: 2em;\n    }\n    .relnews--list .relnews--news {\n        width: calc(33.33% - 1em);\n    }\n    .relnews--list .relnews--img img {\n        width: 100%;\n        height: 200px;\n        object-fit: cover;\n        border-radius: 3px;\n    }\n    .relnews--list .relnews--title {\n        font-family: 'HelveticaNowDisplay-Regular';\n        font-size: 20px;\n        line-height: 28px;\n        color: #231f20;\n    }\n    .relnews--list .relnews--news:hover .relnews--title {\n        font-weight: bold;\n    }\n    @media (max-width: 782px) {\n        .relnews--list .relnews--list-wrapper {\n            flex-direction: column;\n        }\n        .relnews--list .relnews--news {\n            width: 100%;\n        }\n    }\n<\/style>\n\n<div class=\"relnews--list\">\n    <div class=\"relnews--list-wrapper\">\n                    <div class=\"relnews--news\">\n                <div class=\"relnews--news-wrapper\">\n                    <a href=\"https:\/\/ticsalutsocial.atoom.space\/es\/noticia\/intersocial-ja-suma-560-conceptes-dins-el-diccionari-terminologic-social\/\">\n                        <div class=\"relnews--img\">\n                            <img loading=\"lazy\" decoding=\"async\" width=\"2560\" height=\"1707\" src=\"https:\/\/ticsalutsocial.atoom.space\/wp-content\/uploads\/2020\/11\/intersocial1-scaled.jpg\" class=\"attachment-post-thumbnail size-post-thumbnail wp-post-image\" alt=\"InterSocial ja suma 560 conceptes dins el Diccionari Terminol\u00f2gic Social\" srcset=\"https:\/\/ticsalutsocial.atoom.space\/wp-content\/uploads\/2020\/11\/intersocial1-scaled.jpg 2560w, https:\/\/ticsalutsocial.atoom.space\/wp-content\/uploads\/2020\/11\/intersocial1-300x200.jpg 300w, https:\/\/ticsalutsocial.atoom.space\/wp-content\/uploads\/2020\/11\/intersocial1-1024x683.jpg 1024w, https:\/\/ticsalutsocial.atoom.space\/wp-content\/uploads\/2020\/11\/intersocial1-768x512.jpg 768w, https:\/\/ticsalutsocial.atoom.space\/wp-content\/uploads\/2020\/11\/intersocial1-1536x1024.jpg 1536w, https:\/\/ticsalutsocial.atoom.space\/wp-content\/uploads\/2020\/11\/intersocial1-2048x1365.jpg 2048w\" sizes=\"auto, (max-width: 2560px) 100vw, 2560px\" \/>                        <\/div>\n                        <div class=\"relnews--content\">\n                            <p><span class=\"relnews--title\">InterSocial ya suma 560 conceptos dentro del Diccionario Terminol\u00f3gico Social<\/span><\/p>\n                        <\/div>\n                    <\/a>\n                <\/div>\n            <\/div>\n                    <div class=\"relnews--news\">\n                <div class=\"relnews--news-wrapper\">\n                    <a href=\"https:\/\/ticsalutsocial.atoom.space\/es\/noticia\/la-fundacion-maresme-reune-su-segundo-consejo-inspirador-para-trazar-la-estrategia-de-los-proximos-dos-anos\/\">\n                        <div class=\"relnews--img\">\n                            <img loading=\"lazy\" decoding=\"async\" width=\"1280\" height=\"960\" src=\"https:\/\/ticsalutsocial.atoom.space\/wp-content\/uploads\/2025\/12\/Consell_Inspirador_Fundacio_Maresme_iStock.png\" class=\"attachment-post-thumbnail size-post-thumbnail wp-post-image\" alt=\"\" srcset=\"https:\/\/ticsalutsocial.atoom.space\/wp-content\/uploads\/2025\/12\/Consell_Inspirador_Fundacio_Maresme_iStock.png 1280w, https:\/\/ticsalutsocial.atoom.space\/wp-content\/uploads\/2025\/12\/Consell_Inspirador_Fundacio_Maresme_iStock-300x225.png 300w, https:\/\/ticsalutsocial.atoom.space\/wp-content\/uploads\/2025\/12\/Consell_Inspirador_Fundacio_Maresme_iStock-1024x768.png 1024w, https:\/\/ticsalutsocial.atoom.space\/wp-content\/uploads\/2025\/12\/Consell_Inspirador_Fundacio_Maresme_iStock-768x576.png 768w\" sizes=\"auto, (max-width: 1280px) 100vw, 1280px\" \/>                        <\/div>\n                        <div class=\"relnews--content\">\n                            <p><span class=\"relnews--title\">La Fundaci\u00f3n Maresme reune su segundo 'Consejo Inspirador' para trazar la estrategia de los pr\u00f3ximos dos a\u00f1os<\/span><\/p>\n                        <\/div>\n                    <\/a>\n                <\/div>\n            <\/div>\n                    <div class=\"relnews--news\">\n                <div class=\"relnews--news-wrapper\">\n                    <a href=\"https:\/\/ticsalutsocial.atoom.space\/es\/noticia\/el-departament-de-drets-socials-i-inclusio-i-la-fundacio-tic-salut-i-social-impulsen-la-transformacio-digital-dels-serveis-socials-a-catalunya\/\">\n                        <div class=\"relnews--img\">\n                            <img loading=\"lazy\" decoding=\"async\" width=\"1365\" height=\"768\" src=\"https:\/\/ticsalutsocial.atoom.space\/wp-content\/uploads\/2025\/10\/iStock-1971871653.jpg\" class=\"attachment-post-thumbnail size-post-thumbnail wp-post-image\" alt=\"Drets Socials i la Fundaci\u00f3 TIC Salut Social col\u00b7laboren per avan\u00e7ar en la transformaci\u00f3 digital dels serveis socials a Catalunya amb 75 projectes innovadors\" srcset=\"https:\/\/ticsalutsocial.atoom.space\/wp-content\/uploads\/2025\/10\/iStock-1971871653.jpg 1365w, https:\/\/ticsalutsocial.atoom.space\/wp-content\/uploads\/2025\/10\/iStock-1971871653-300x169.jpg 300w, https:\/\/ticsalutsocial.atoom.space\/wp-content\/uploads\/2025\/10\/iStock-1971871653-1024x576.jpg 1024w, https:\/\/ticsalutsocial.atoom.space\/wp-content\/uploads\/2025\/10\/iStock-1971871653-768x432.jpg 768w\" sizes=\"auto, (max-width: 1365px) 100vw, 1365px\" \/>                        <\/div>\n                        <div class=\"relnews--content\">\n                            <p><span class=\"relnews--title\">El Departamento de Derechos Sociales e Inclusi\u00f3n y la Fundaci\u00f3 TIC Salut Social impulsan la transformaci\u00f3n digital de los servicios sociales en Catalu\u00f1a<\/span><\/p>\n                        <\/div>\n                    <\/a>\n                <\/div>\n            <\/div>\n            <\/div>\n<\/div>\n","protected":false},"excerpt":{"rendered":"<p>Integraci\u00f3n Social y Sanitaria En el marco del Plan de Gobierno 2013-2016, mediante el Acuerdo GOV\/120\/2013, para crear el Plan interdepartamental de interacci\u00f3n de los servicios sanitarios y sociales. Posteriormente se profundiz\u00f3 en el modelo dise\u00f1ado y, mediante el Acuerdo GOV\/28\/2014, de 25 de febrero, se cre\u00f3 el Plan interdepartamental de atenci\u00f3n e interacci\u00f3n social [&hellip;]<\/p>\n","protected":false},"author":21,"featured_media":0,"parent":13842,"menu_order":0,"comment_status":"closed","ping_status":"closed","template":"page-templates\/section--ambit-social.php","meta":{"_acf_changed":false,"inline_featured_image":false,"footnotes":""},"tipus":[],"class_list":["post-31294","page","type-page","status-publish","hentry"],"acf":{"tipus_plantilla":"objectius","template_objectius":{"cont_principal":"","imatge":false,"cont_seguent":{"titol":"","contingut":""},"seccio_llistat":{"titol":"","llistat":false},"objectius":{"titol":"","objectius":false},"documents":false},"finalitzat":false},"yoast_head":"<!-- This site is optimized with the Yoast SEO plugin v27.1.1 - https:\/\/yoast.com\/product\/yoast-seo-wordpress\/ -->\n<title>Atenci\u00f3n integrada - Fundaci\u00f3 TIC Salut i Social<\/title>\n<meta name=\"robots\" content=\"index, follow, max-snippet:-1, max-image-preview:large, max-video-preview:-1\" \/>\n<link rel=\"canonical\" href=\"https:\/\/ticsalutsocial.atoom.space\/es\/que-fem\/ambit-social\/atencion-integrada\/\" \/>\n<meta property=\"og:locale\" content=\"es_ES\" \/>\n<meta property=\"og:type\" content=\"article\" \/>\n<meta property=\"og:title\" content=\"Atenci\u00f3n integrada - Fundaci\u00f3 TIC Salut i Social\" \/>\n<meta property=\"og:description\" content=\"Integraci\u00f3n Social y Sanitaria En el marco del Plan de Gobierno 2013-2016, mediante el Acuerdo GOV\/120\/2013, para crear el Plan interdepartamental de interacci\u00f3n de los servicios sanitarios y sociales. Posteriormente se profundiz\u00f3 en el modelo dise\u00f1ado y, mediante el Acuerdo GOV\/28\/2014, de 25 de febrero, se cre\u00f3 el Plan interdepartamental de atenci\u00f3n e interacci\u00f3n social [&hellip;]\" \/>\n<meta property=\"og:url\" content=\"https:\/\/ticsalutsocial.atoom.space\/es\/que-fem\/ambit-social\/atencion-integrada\/\" \/>\n<meta property=\"og:site_name\" content=\"Fundaci\u00f3 TIC Salut i Social\" \/>\n<meta property=\"article:modified_time\" content=\"2025-12-15T16:54:32+00:00\" \/>\n<meta name=\"twitter:card\" content=\"summary_large_image\" \/>\n<meta name=\"twitter:label1\" content=\"Tiempo de lectura\" \/>\n\t<meta name=\"twitter:data1\" content=\"6 minutos\" \/>\n<script type=\"application\/ld+json\" class=\"yoast-schema-graph\">{\"@context\":\"https:\/\/schema.org\",\"@graph\":[{\"@type\":\"WebPage\",\"@id\":\"https:\/\/ticsalutsocial.atoom.space\/es\/que-fem\/ambit-social\/atencion-integrada\/\",\"url\":\"https:\/\/ticsalutsocial.atoom.space\/es\/que-fem\/ambit-social\/atencion-integrada\/\",\"name\":\"Atenci\u00f3n integrada - Fundaci\u00f3 TIC Salut i Social\",\"isPartOf\":{\"@id\":\"https:\/\/ticsalutsocial.atoom.space\/es\/#website\"},\"datePublished\":\"2025-02-25T10:32:47+00:00\",\"dateModified\":\"2025-12-15T16:54:32+00:00\",\"breadcrumb\":{\"@id\":\"https:\/\/ticsalutsocial.atoom.space\/es\/que-fem\/ambit-social\/atencion-integrada\/#breadcrumb\"},\"inLanguage\":\"es\",\"potentialAction\":[{\"@type\":\"ReadAction\",\"target\":[\"https:\/\/ticsalutsocial.atoom.space\/es\/que-fem\/ambit-social\/atencion-integrada\/\"]}]},{\"@type\":\"BreadcrumbList\",\"@id\":\"https:\/\/ticsalutsocial.atoom.space\/es\/que-fem\/ambit-social\/atencion-integrada\/#breadcrumb\",\"itemListElement\":[{\"@type\":\"ListItem\",\"position\":1,\"name\":\"Inici\",\"item\":\"https:\/\/ticsalutsocial.atoom.space\/es\/\"},{\"@type\":\"ListItem\",\"position\":2,\"name\":\"Que Fem\",\"item\":\"https:\/\/ticsalutsocial.atoom.space\/es\/que-fem\/\"},{\"@type\":\"ListItem\",\"position\":3,\"name\":\"Atenci\u00f3n integrada\"}]},{\"@type\":\"WebSite\",\"@id\":\"https:\/\/ticsalutsocial.atoom.space\/es\/#website\",\"url\":\"https:\/\/ticsalutsocial.atoom.space\/es\/\",\"name\":\"Fundaci\u00f3 TIC Salut i Social\",\"description\":\"\",\"potentialAction\":[{\"@type\":\"SearchAction\",\"target\":{\"@type\":\"EntryPoint\",\"urlTemplate\":\"https:\/\/ticsalutsocial.atoom.space\/es\/?s={search_term_string}\"},\"query-input\":{\"@type\":\"PropertyValueSpecification\",\"valueRequired\":true,\"valueName\":\"search_term_string\"}}],\"inLanguage\":\"es\"}]}<\/script>\n<!-- \/ Yoast SEO plugin. -->","yoast_head_json":{"title":"Atenci\u00f3n integrada - Fundaci\u00f3 TIC Salut i Social","robots":{"index":"index","follow":"follow","max-snippet":"max-snippet:-1","max-image-preview":"max-image-preview:large","max-video-preview":"max-video-preview:-1"},"canonical":"https:\/\/ticsalutsocial.atoom.space\/es\/que-fem\/ambit-social\/atencion-integrada\/","og_locale":"es_ES","og_type":"article","og_title":"Atenci\u00f3n integrada - Fundaci\u00f3 TIC Salut i Social","og_description":"Integraci\u00f3n Social y Sanitaria En el marco del Plan de Gobierno 2013-2016, mediante el Acuerdo GOV\/120\/2013, para crear el Plan interdepartamental de interacci\u00f3n de los servicios sanitarios y sociales. Posteriormente se profundiz\u00f3 en el modelo dise\u00f1ado y, mediante el Acuerdo GOV\/28\/2014, de 25 de febrero, se cre\u00f3 el Plan interdepartamental de atenci\u00f3n e interacci\u00f3n social [&hellip;]","og_url":"https:\/\/ticsalutsocial.atoom.space\/es\/que-fem\/ambit-social\/atencion-integrada\/","og_site_name":"Fundaci\u00f3 TIC Salut i Social","article_modified_time":"2025-12-15T16:54:32+00:00","twitter_card":"summary_large_image","twitter_misc":{"Tiempo de lectura":"6 minutos"},"schema":{"@context":"https:\/\/schema.org","@graph":[{"@type":"WebPage","@id":"https:\/\/ticsalutsocial.atoom.space\/es\/que-fem\/ambit-social\/atencion-integrada\/","url":"https:\/\/ticsalutsocial.atoom.space\/es\/que-fem\/ambit-social\/atencion-integrada\/","name":"Atenci\u00f3n integrada - Fundaci\u00f3 TIC Salut i Social","isPartOf":{"@id":"https:\/\/ticsalutsocial.atoom.space\/es\/#website"},"datePublished":"2025-02-25T10:32:47+00:00","dateModified":"2025-12-15T16:54:32+00:00","breadcrumb":{"@id":"https:\/\/ticsalutsocial.atoom.space\/es\/que-fem\/ambit-social\/atencion-integrada\/#breadcrumb"},"inLanguage":"es","potentialAction":[{"@type":"ReadAction","target":["https:\/\/ticsalutsocial.atoom.space\/es\/que-fem\/ambit-social\/atencion-integrada\/"]}]},{"@type":"BreadcrumbList","@id":"https:\/\/ticsalutsocial.atoom.space\/es\/que-fem\/ambit-social\/atencion-integrada\/#breadcrumb","itemListElement":[{"@type":"ListItem","position":1,"name":"Inici","item":"https:\/\/ticsalutsocial.atoom.space\/es\/"},{"@type":"ListItem","position":2,"name":"Que Fem","item":"https:\/\/ticsalutsocial.atoom.space\/es\/que-fem\/"},{"@type":"ListItem","position":3,"name":"Atenci\u00f3n integrada"}]},{"@type":"WebSite","@id":"https:\/\/ticsalutsocial.atoom.space\/es\/#website","url":"https:\/\/ticsalutsocial.atoom.space\/es\/","name":"Fundaci\u00f3 TIC Salut i Social","description":"","potentialAction":[{"@type":"SearchAction","target":{"@type":"EntryPoint","urlTemplate":"https:\/\/ticsalutsocial.atoom.space\/es\/?s={search_term_string}"},"query-input":{"@type":"PropertyValueSpecification","valueRequired":true,"valueName":"search_term_string"}}],"inLanguage":"es"}]}},"_links":{"self":[{"href":"https:\/\/ticsalutsocial.atoom.space\/es\/wp-json\/wp\/v2\/pages\/31294","targetHints":{"allow":["GET"]}}],"collection":[{"href":"https:\/\/ticsalutsocial.atoom.space\/es\/wp-json\/wp\/v2\/pages"}],"about":[{"href":"https:\/\/ticsalutsocial.atoom.space\/es\/wp-json\/wp\/v2\/types\/page"}],"author":[{"embeddable":true,"href":"https:\/\/ticsalutsocial.atoom.space\/es\/wp-json\/wp\/v2\/users\/21"}],"replies":[{"embeddable":true,"href":"https:\/\/ticsalutsocial.atoom.space\/es\/wp-json\/wp\/v2\/comments?post=31294"}],"version-history":[{"count":13,"href":"https:\/\/ticsalutsocial.atoom.space\/es\/wp-json\/wp\/v2\/pages\/31294\/revisions"}],"predecessor-version":[{"id":35089,"href":"https:\/\/ticsalutsocial.atoom.space\/es\/wp-json\/wp\/v2\/pages\/31294\/revisions\/35089"}],"up":[{"embeddable":true,"href":"https:\/\/ticsalutsocial.atoom.space\/es\/wp-json\/wp\/v2\/pages\/13842"}],"wp:attachment":[{"href":"https:\/\/ticsalutsocial.atoom.space\/es\/wp-json\/wp\/v2\/media?parent=31294"}],"wp:term":[{"taxonomy":"tipus","embeddable":true,"href":"https:\/\/ticsalutsocial.atoom.space\/es\/wp-json\/wp\/v2\/tipus?post=31294"}],"curies":[{"name":"wp","href":"https:\/\/api.w.org\/{rel}","templated":true}]}}