
{"id":31296,"date":"2025-02-25T11:26:53","date_gmt":"2025-02-25T09:26:53","guid":{"rendered":"https:\/\/ticsalutsocial.atoom.space\/introduccion\/"},"modified":"2025-06-06T11:53:25","modified_gmt":"2025-06-06T09:53:25","slug":"introduccion","status":"publish","type":"page","link":"https:\/\/ticsalutsocial.atoom.space\/es\/introduccion\/","title":{"rendered":"Introducci\u00f3n"},"content":{"rendered":"\n<p>La C\u00e1tedra TIC Salut Social nace en diciembre de 2013 por iniciativa de la Fundaci\u00f3n TIC Salut Social y de la Universitat de Vic \u2013 Universitat Central de Catalunya.<\/p>\n\n\n\n<p>Tiene la&nbsp;<strong>visi\u00f3n<\/strong>&nbsp;de dar servicio y servir de punto de referencia en la investigaci\u00f3n, docencia y difusi\u00f3n interseccional de las TIC, la salud y los servicios sociales.<\/p>\n\n\n\n<p>La misi\u00f3n de la c\u00e1tedra es difundir proyectos e iniciativas de investigaci\u00f3n que pongan el foco en mejorar la calidad asistencial, hacer m\u00e1s eficiente el sistema sanitario y social, y establecer un nuevo modelo de relaci\u00f3n entre la ciudadan\u00eda y su sistema de salud y social.<\/p>\n\n\n\n<p>La C\u00e1tedra tiene como&nbsp;<strong>objetivos estrat\u00e9gicos<\/strong>:<\/p>\n\n\n\n<ul class=\"wp-block-list\">\n<li>Colaborar con las instituciones sanitarias y sociales tanto del entorno territorial de la UVic-UCC como las de alcance catal\u00e1n, nacional e internacional para promover proyectos, iniciativas de investigaci\u00f3n y pol\u00edticas de actuaci\u00f3n orientadas a mejorar la calidad asistencial y hacer m\u00e1s eficiente el sistema sanitario y social.<\/li>\n\n\n\n<li>Servir como instrumento, y ser una instituci\u00f3n de confianza y de referencia, para impulsar la investigaci\u00f3n, docencia y difusi\u00f3n de las TIC en los \u00e1mbitos de la salud y los servicios sociales<\/li>\n<\/ul>\n\n\n\n<p>Los&nbsp;<strong>valores<\/strong>&nbsp;que gu\u00edan su actividad son:&nbsp;<strong>cooperaci\u00f3n<\/strong>,&nbsp;<strong>reflexi\u00f3n<\/strong>,&nbsp;<strong>empirismo<\/strong>&nbsp;y&nbsp;<strong>voluntad de servicio<\/strong>.<\/p>\n\n\n\n<p>Para conseguir este prop\u00f3sito la Fundaci\u00f3n TIC Salut Social ha tejido una red de profesionales conectando entidades proveedoras de servicios, academia e investigaci\u00f3n, y tejido industrial.<\/p>\n\n\n\n<figure class=\"wp-block-embed is-type-video is-provider-youtube wp-block-embed-youtube wp-embed-aspect-16-9 wp-has-aspect-ratio\"><div class=\"wp-block-embed__wrapper\">\n<iframe loading=\"lazy\" title=\"TIC Salut Social | C\u00e1tedra TIC Salut Social\" width=\"500\" height=\"281\" src=\"https:\/\/www.youtube.com\/embed\/lcHPBbBYZEw?feature=oembed\" frameborder=\"0\" allow=\"accelerometer; autoplay; clipboard-write; encrypted-media; gyroscope; picture-in-picture; web-share\" referrerpolicy=\"strict-origin-when-cross-origin\" allowfullscreen><\/iframe>\n<\/div><\/figure>\n\n\n\n<h2 class=\"wp-block-heading\">Noticias destacadas<\/h2>\n\n\n\n<style>\n    .relnews--list .relnews--list-wrapper {\n        display: flex;\n        gap: 2em;\n    }\n    .relnews--list .relnews--news {\n        width: calc(33.33% - 1em);\n    }\n    .relnews--list .relnews--img img {\n        width: 100%;\n        height: 200px;\n        object-fit: cover;\n        border-radius: 3px;\n    }\n    .relnews--list .relnews--title {\n        font-family: 'HelveticaNowDisplay-Regular';\n        font-size: 20px;\n        line-height: 28px;\n        color: #231f20;\n    }\n    .relnews--list .relnews--news:hover .relnews--title {\n        font-weight: bold;\n    }\n    @media (max-width: 782px) {\n        .relnews--list .relnews--list-wrapper {\n            flex-direction: column;\n        }\n        .relnews--list .relnews--news {\n            width: 100%;\n        }\n    }\n<\/style>\n\n<div class=\"relnews--list\">\n    <div class=\"relnews--list-wrapper\">\n                    <div class=\"relnews--news\">\n                <div class=\"relnews--news-wrapper\">\n                    <a href=\"https:\/\/ticsalutsocial.atoom.space\/es\/noticia\/exit-de-la-xiv-jornada-rdi-tic-salut-social-decisiva-per-a-la-transformacio-digital-en-salut-i-serveis-socials\/\">\n                        <div class=\"relnews--img\">\n                            <img loading=\"lazy\" decoding=\"async\" width=\"1299\" height=\"866\" src=\"https:\/\/ticsalutsocial.atoom.space\/wp-content\/uploads\/2025\/04\/Imatge1.jpg\" class=\"attachment-post-thumbnail size-post-thumbnail wp-post-image\" alt=\"RDI TIC Salut Social\" srcset=\"https:\/\/ticsalutsocial.atoom.space\/wp-content\/uploads\/2025\/04\/Imatge1.jpg 1299w, https:\/\/ticsalutsocial.atoom.space\/wp-content\/uploads\/2025\/04\/Imatge1-300x200.jpg 300w, https:\/\/ticsalutsocial.atoom.space\/wp-content\/uploads\/2025\/04\/Imatge1-1024x683.jpg 1024w, https:\/\/ticsalutsocial.atoom.space\/wp-content\/uploads\/2025\/04\/Imatge1-768x512.jpg 768w\" sizes=\"auto, (max-width: 1299px) 100vw, 1299px\" \/>                        <\/div>\n                        <div class=\"relnews--content\">\n                            <p><span class=\"relnews--title\">\u00c9xito de la XIV Jornada RDI TIC Salut Social: Decisiva para la Transformaci\u00f3n Digital en Salud y Servicios Sociales<\/span><\/p>\n                        <\/div>\n                    <\/a>\n                <\/div>\n            <\/div>\n                    <div class=\"relnews--news\">\n                <div class=\"relnews--news-wrapper\">\n                    <a href=\"https:\/\/ticsalutsocial.atoom.space\/es\/noticia\/xiv-jornada-rdi-tic-salut-social-benestar-digital-i-el-futur-de-les-professions-sanitaries-i-socials\/\">\n                        <div class=\"relnews--img\">\n                            <img loading=\"lazy\" decoding=\"async\" width=\"2223\" height=\"1349\" src=\"https:\/\/ticsalutsocial.atoom.space\/wp-content\/uploads\/2025\/03\/Imatge-XIV-Jornada-RDI-TIC-Salut-Social.jpg\" class=\"attachment-post-thumbnail size-post-thumbnail wp-post-image\" alt=\"\" srcset=\"https:\/\/ticsalutsocial.atoom.space\/wp-content\/uploads\/2025\/03\/Imatge-XIV-Jornada-RDI-TIC-Salut-Social.jpg 2223w, https:\/\/ticsalutsocial.atoom.space\/wp-content\/uploads\/2025\/03\/Imatge-XIV-Jornada-RDI-TIC-Salut-Social-300x182.jpg 300w, https:\/\/ticsalutsocial.atoom.space\/wp-content\/uploads\/2025\/03\/Imatge-XIV-Jornada-RDI-TIC-Salut-Social-1024x621.jpg 1024w, https:\/\/ticsalutsocial.atoom.space\/wp-content\/uploads\/2025\/03\/Imatge-XIV-Jornada-RDI-TIC-Salut-Social-768x466.jpg 768w, https:\/\/ticsalutsocial.atoom.space\/wp-content\/uploads\/2025\/03\/Imatge-XIV-Jornada-RDI-TIC-Salut-Social-1536x932.jpg 1536w, https:\/\/ticsalutsocial.atoom.space\/wp-content\/uploads\/2025\/03\/Imatge-XIV-Jornada-RDI-TIC-Salut-Social-2048x1243.jpg 2048w\" sizes=\"auto, (max-width: 2223px) 100vw, 2223px\" \/>                        <\/div>\n                        <div class=\"relnews--content\">\n                            <p><span class=\"relnews--title\">XIV Jornada RDI TIC Salut Social: Bienestar Digital y el Futuro de las Profesiones Sanitarias y Sociales<\/span><\/p>\n                        <\/div>\n                    <\/a>\n                <\/div>\n            <\/div>\n                    <div class=\"relnews--news\">\n                <div class=\"relnews--news-wrapper\">\n                    <a href=\"https:\/\/ticsalutsocial.atoom.space\/es\/noticia\/ja-esta-disponible-la-programacio-dels-propers-seminaris-dinnovacio-tecnologica-de-la-catedra-tic-salut-social-a-manresa\/\">\n                        <div class=\"relnews--img\">\n                            <img loading=\"lazy\" decoding=\"async\" width=\"2560\" height=\"1256\" src=\"https:\/\/ticsalutsocial.atoom.space\/wp-content\/uploads\/2024\/05\/iStock-1362631412-per-informe-explicabilitat-1-scaled.jpg\" class=\"attachment-post-thumbnail size-post-thumbnail wp-post-image\" alt=\"Seminaris Innovaci\u00f3\" srcset=\"https:\/\/ticsalutsocial.atoom.space\/wp-content\/uploads\/2024\/05\/iStock-1362631412-per-informe-explicabilitat-1-scaled.jpg 2560w, https:\/\/ticsalutsocial.atoom.space\/wp-content\/uploads\/2024\/05\/iStock-1362631412-per-informe-explicabilitat-1-300x147.jpg 300w, https:\/\/ticsalutsocial.atoom.space\/wp-content\/uploads\/2024\/05\/iStock-1362631412-per-informe-explicabilitat-1-1024x502.jpg 1024w, https:\/\/ticsalutsocial.atoom.space\/wp-content\/uploads\/2024\/05\/iStock-1362631412-per-informe-explicabilitat-1-768x377.jpg 768w, https:\/\/ticsalutsocial.atoom.space\/wp-content\/uploads\/2024\/05\/iStock-1362631412-per-informe-explicabilitat-1-1536x754.jpg 1536w, https:\/\/ticsalutsocial.atoom.space\/wp-content\/uploads\/2024\/05\/iStock-1362631412-per-informe-explicabilitat-1-2048x1005.jpg 2048w\" sizes=\"auto, (max-width: 2560px) 100vw, 2560px\" \/>                        <\/div>\n                        <div class=\"relnews--content\">\n                            <p><span class=\"relnews--title\">Ya est\u00e1 disponible la programaci\u00f3n de los pr\u00f3ximos seminarios de innovaci\u00f3n tecnol\u00f3gica de la C\u00e1tedra TIC Salud Social en Manresa<\/span><\/p>\n                        <\/div>\n                    <\/a>\n                <\/div>\n            <\/div>\n            <\/div>\n<\/div>\n","protected":false},"excerpt":{"rendered":"<p>La C\u00e1tedra TIC Salut Social nace en diciembre de 2013 por iniciativa de la Fundaci\u00f3n TIC Salut Social y de la Universitat de Vic \u2013 Universitat Central de Catalunya. Tiene la&nbsp;visi\u00f3n&nbsp;de dar servicio y servir de punto de referencia en la investigaci\u00f3n, docencia y difusi\u00f3n interseccional de las TIC, la salud y los servicios sociales. [&hellip;]<\/p>\n","protected":false},"author":21,"featured_media":0,"parent":0,"menu_order":0,"comment_status":"closed","ping_status":"closed","template":"page-templates\/section--catedra.php","meta":{"_acf_changed":false,"inline_featured_image":false,"footnotes":""},"tipus":[],"class_list":["post-31296","page","type-page","status-publish","hentry"],"acf":{"tipus_plantilla":"objectius","template_objectius":{"cont_principal":"","imatge":false,"cont_seguent":{"titol":"","contingut":""},"seccio_llistat":{"titol":"","llistat":false},"objectius":{"titol":"","objectius":false},"documents":false},"finalitzat":false},"yoast_head":"<!-- This site is optimized with the Yoast SEO plugin v27.1.1 - https:\/\/yoast.com\/product\/yoast-seo-wordpress\/ -->\n<title>Introducci\u00f3n - Fundaci\u00f3 TIC Salut i Social<\/title>\n<meta name=\"robots\" content=\"index, follow, max-snippet:-1, max-image-preview:large, max-video-preview:-1\" \/>\n<link rel=\"canonical\" href=\"https:\/\/ticsalutsocial.atoom.space\/es\/introduccion\/\" \/>\n<meta property=\"og:locale\" content=\"es_ES\" \/>\n<meta property=\"og:type\" content=\"article\" \/>\n<meta property=\"og:title\" content=\"Introducci\u00f3n - Fundaci\u00f3 TIC Salut i Social\" \/>\n<meta property=\"og:description\" content=\"La C\u00e1tedra TIC Salut Social nace en diciembre de 2013 por iniciativa de la Fundaci\u00f3n TIC Salut Social y de la Universitat de Vic \u2013 Universitat Central de Catalunya. Tiene la&nbsp;visi\u00f3n&nbsp;de dar servicio y servir de punto de referencia en la investigaci\u00f3n, docencia y difusi\u00f3n interseccional de las TIC, la salud y los servicios sociales. [&hellip;]\" \/>\n<meta property=\"og:url\" content=\"https:\/\/ticsalutsocial.atoom.space\/es\/introduccion\/\" \/>\n<meta property=\"og:site_name\" content=\"Fundaci\u00f3 TIC Salut i Social\" \/>\n<meta property=\"article:modified_time\" content=\"2025-06-06T09:53:25+00:00\" \/>\n<meta name=\"twitter:card\" content=\"summary_large_image\" \/>\n<meta name=\"twitter:label1\" content=\"Tiempo de lectura\" \/>\n\t<meta name=\"twitter:data1\" content=\"2 minutos\" \/>\n<script type=\"application\/ld+json\" class=\"yoast-schema-graph\">{\"@context\":\"https:\/\/schema.org\",\"@graph\":[{\"@type\":\"WebPage\",\"@id\":\"https:\/\/ticsalutsocial.atoom.space\/es\/introduccion\/\",\"url\":\"https:\/\/ticsalutsocial.atoom.space\/es\/introduccion\/\",\"name\":\"Introducci\u00f3n - Fundaci\u00f3 TIC Salut i Social\",\"isPartOf\":{\"@id\":\"https:\/\/ticsalutsocial.atoom.space\/es\/#website\"},\"datePublished\":\"2025-02-25T09:26:53+00:00\",\"dateModified\":\"2025-06-06T09:53:25+00:00\",\"breadcrumb\":{\"@id\":\"https:\/\/ticsalutsocial.atoom.space\/es\/introduccion\/#breadcrumb\"},\"inLanguage\":\"es\",\"potentialAction\":[{\"@type\":\"ReadAction\",\"target\":[\"https:\/\/ticsalutsocial.atoom.space\/es\/introduccion\/\"]}]},{\"@type\":\"BreadcrumbList\",\"@id\":\"https:\/\/ticsalutsocial.atoom.space\/es\/introduccion\/#breadcrumb\",\"itemListElement\":[{\"@type\":\"ListItem\",\"position\":1,\"name\":\"Inici\",\"item\":\"https:\/\/ticsalutsocial.atoom.space\/es\/\"},{\"@type\":\"ListItem\",\"position\":2,\"name\":\"Introducci\u00f3n\"}]},{\"@type\":\"WebSite\",\"@id\":\"https:\/\/ticsalutsocial.atoom.space\/es\/#website\",\"url\":\"https:\/\/ticsalutsocial.atoom.space\/es\/\",\"name\":\"Fundaci\u00f3 TIC Salut i Social\",\"description\":\"\",\"potentialAction\":[{\"@type\":\"SearchAction\",\"target\":{\"@type\":\"EntryPoint\",\"urlTemplate\":\"https:\/\/ticsalutsocial.atoom.space\/es\/?s={search_term_string}\"},\"query-input\":{\"@type\":\"PropertyValueSpecification\",\"valueRequired\":true,\"valueName\":\"search_term_string\"}}],\"inLanguage\":\"es\"}]}<\/script>\n<!-- \/ Yoast SEO plugin. -->","yoast_head_json":{"title":"Introducci\u00f3n - Fundaci\u00f3 TIC Salut i Social","robots":{"index":"index","follow":"follow","max-snippet":"max-snippet:-1","max-image-preview":"max-image-preview:large","max-video-preview":"max-video-preview:-1"},"canonical":"https:\/\/ticsalutsocial.atoom.space\/es\/introduccion\/","og_locale":"es_ES","og_type":"article","og_title":"Introducci\u00f3n - Fundaci\u00f3 TIC Salut i Social","og_description":"La C\u00e1tedra TIC Salut Social nace en diciembre de 2013 por iniciativa de la Fundaci\u00f3n TIC Salut Social y de la Universitat de Vic \u2013 Universitat Central de Catalunya. Tiene la&nbsp;visi\u00f3n&nbsp;de dar servicio y servir de punto de referencia en la investigaci\u00f3n, docencia y difusi\u00f3n interseccional de las TIC, la salud y los servicios sociales. [&hellip;]","og_url":"https:\/\/ticsalutsocial.atoom.space\/es\/introduccion\/","og_site_name":"Fundaci\u00f3 TIC Salut i Social","article_modified_time":"2025-06-06T09:53:25+00:00","twitter_card":"summary_large_image","twitter_misc":{"Tiempo de lectura":"2 minutos"},"schema":{"@context":"https:\/\/schema.org","@graph":[{"@type":"WebPage","@id":"https:\/\/ticsalutsocial.atoom.space\/es\/introduccion\/","url":"https:\/\/ticsalutsocial.atoom.space\/es\/introduccion\/","name":"Introducci\u00f3n - Fundaci\u00f3 TIC Salut i Social","isPartOf":{"@id":"https:\/\/ticsalutsocial.atoom.space\/es\/#website"},"datePublished":"2025-02-25T09:26:53+00:00","dateModified":"2025-06-06T09:53:25+00:00","breadcrumb":{"@id":"https:\/\/ticsalutsocial.atoom.space\/es\/introduccion\/#breadcrumb"},"inLanguage":"es","potentialAction":[{"@type":"ReadAction","target":["https:\/\/ticsalutsocial.atoom.space\/es\/introduccion\/"]}]},{"@type":"BreadcrumbList","@id":"https:\/\/ticsalutsocial.atoom.space\/es\/introduccion\/#breadcrumb","itemListElement":[{"@type":"ListItem","position":1,"name":"Inici","item":"https:\/\/ticsalutsocial.atoom.space\/es\/"},{"@type":"ListItem","position":2,"name":"Introducci\u00f3n"}]},{"@type":"WebSite","@id":"https:\/\/ticsalutsocial.atoom.space\/es\/#website","url":"https:\/\/ticsalutsocial.atoom.space\/es\/","name":"Fundaci\u00f3 TIC Salut i Social","description":"","potentialAction":[{"@type":"SearchAction","target":{"@type":"EntryPoint","urlTemplate":"https:\/\/ticsalutsocial.atoom.space\/es\/?s={search_term_string}"},"query-input":{"@type":"PropertyValueSpecification","valueRequired":true,"valueName":"search_term_string"}}],"inLanguage":"es"}]}},"_links":{"self":[{"href":"https:\/\/ticsalutsocial.atoom.space\/es\/wp-json\/wp\/v2\/pages\/31296","targetHints":{"allow":["GET"]}}],"collection":[{"href":"https:\/\/ticsalutsocial.atoom.space\/es\/wp-json\/wp\/v2\/pages"}],"about":[{"href":"https:\/\/ticsalutsocial.atoom.space\/es\/wp-json\/wp\/v2\/types\/page"}],"author":[{"embeddable":true,"href":"https:\/\/ticsalutsocial.atoom.space\/es\/wp-json\/wp\/v2\/users\/21"}],"replies":[{"embeddable":true,"href":"https:\/\/ticsalutsocial.atoom.space\/es\/wp-json\/wp\/v2\/comments?post=31296"}],"version-history":[{"count":6,"href":"https:\/\/ticsalutsocial.atoom.space\/es\/wp-json\/wp\/v2\/pages\/31296\/revisions"}],"predecessor-version":[{"id":32515,"href":"https:\/\/ticsalutsocial.atoom.space\/es\/wp-json\/wp\/v2\/pages\/31296\/revisions\/32515"}],"wp:attachment":[{"href":"https:\/\/ticsalutsocial.atoom.space\/es\/wp-json\/wp\/v2\/media?parent=31296"}],"wp:term":[{"taxonomy":"tipus","embeddable":true,"href":"https:\/\/ticsalutsocial.atoom.space\/es\/wp-json\/wp\/v2\/tipus?post=31296"}],"curies":[{"name":"wp","href":"https:\/\/api.w.org\/{rel}","templated":true}]}}