
{"id":31302,"date":"2025-02-25T11:28:54","date_gmt":"2025-02-25T09:28:54","guid":{"rendered":"https:\/\/ticsalutsocial.atoom.space\/asignatura-de-salud-digital\/"},"modified":"2025-04-14T14:36:04","modified_gmt":"2025-04-14T12:36:04","slug":"asignatura-de-salud-digital","status":"publish","type":"page","link":"https:\/\/ticsalutsocial.atoom.space\/es\/asignatura-de-salud-digital\/","title":{"rendered":"Asignatura de Salud Digital"},"content":{"rendered":"\n<p>Coordinada por la C\u00e1tedra de la Fundaci\u00f3n TIC Salut Social, el Grado de Medicina de la Facultad de Medicina de la UVic \u2013 UCC impulsa la asignatura de Salud Digital.&#13;\n<\/p>\n\n<p>Esta formaci\u00f3n, impartida por los miembros del equipo de la Fundaci\u00f3n TIC Salut Social, proporciona a los estudiantes una base de conocimiento sobre la aplicaci\u00f3n de las TIC en entornos sanitarios vinculada a la estrategia digital del sistema de salud catal\u00e1n.&#13;\n<\/p>\n\n<p><span style=\"font-weight: 400;\">El <strong>objetivo es permitir la identificaci\u00f3n de la aplicaci\u00f3n de las TIC<\/strong> en diferentes situaciones del \u00e1mbito de la salud, el uso de canales de servicio no presencial y la comprensi\u00f3n de la inteligencia artificial (IA) como herramienta para el apoyo en la toma de decisiones en medicina.<\/span><\/p>\n\n<p>A trav\u00e9s de un enfoque pr\u00e1ctico, se abordan estos temas a trav\u00e9s de \u00e1mbitos como la interoperabilidad de los sistemas, la telemedicina, la imagen m\u00e9dica digital, la innovaci\u00f3n y el emprendimiento, la impresi\u00f3n 3D o la inteligencia artificial entre otros.&#13;\n<\/p>\n","protected":false},"excerpt":{"rendered":"<p>Coordinada por la C\u00e1tedra de la Fundaci\u00f3n TIC Salut Social, el Grado de Medicina de la Facultad de Medicina de la UVic \u2013 UCC impulsa la asignatura de Salud Digital.&#13; Esta formaci\u00f3n, impartida por los miembros del equipo de la Fundaci\u00f3n TIC Salut Social, proporciona a los estudiantes una base de conocimiento sobre la aplicaci\u00f3n [&hellip;]<\/p>\n","protected":false},"author":21,"featured_media":0,"parent":0,"menu_order":0,"comment_status":"closed","ping_status":"closed","template":"page-templates\/section--catedra.php","meta":{"_acf_changed":false,"inline_featured_image":false,"footnotes":""},"tipus":[],"class_list":["post-31302","page","type-page","status-publish","hentry"],"acf":[],"yoast_head":"<!-- This site is optimized with the Yoast SEO plugin v27.1.1 - https:\/\/yoast.com\/product\/yoast-seo-wordpress\/ -->\n<title>Asignatura de Salud Digital - Fundaci\u00f3 TIC Salut i Social<\/title>\n<meta name=\"robots\" content=\"index, follow, max-snippet:-1, max-image-preview:large, max-video-preview:-1\" \/>\n<link rel=\"canonical\" href=\"https:\/\/ticsalutsocial.atoom.space\/es\/asignatura-de-salud-digital\/\" \/>\n<meta property=\"og:locale\" content=\"es_ES\" \/>\n<meta property=\"og:type\" content=\"article\" \/>\n<meta property=\"og:title\" content=\"Asignatura de Salud Digital - Fundaci\u00f3 TIC Salut i Social\" \/>\n<meta property=\"og:description\" content=\"Coordinada por la C\u00e1tedra de la Fundaci\u00f3n TIC Salut Social, el Grado de Medicina de la Facultad de Medicina de la UVic \u2013 UCC impulsa la asignatura de Salud Digital.&#013; Esta formaci\u00f3n, impartida por los miembros del equipo de la Fundaci\u00f3n TIC Salut Social, proporciona a los estudiantes una base de conocimiento sobre la aplicaci\u00f3n [&hellip;]\" \/>\n<meta property=\"og:url\" content=\"https:\/\/ticsalutsocial.atoom.space\/es\/asignatura-de-salud-digital\/\" \/>\n<meta property=\"og:site_name\" content=\"Fundaci\u00f3 TIC Salut i Social\" \/>\n<meta property=\"article:modified_time\" content=\"2025-04-14T12:36:04+00:00\" \/>\n<meta name=\"twitter:card\" content=\"summary_large_image\" \/>\n<meta name=\"twitter:label1\" content=\"Tiempo de lectura\" \/>\n\t<meta name=\"twitter:data1\" content=\"1 minuto\" \/>\n<script type=\"application\/ld+json\" class=\"yoast-schema-graph\">{\"@context\":\"https:\/\/schema.org\",\"@graph\":[{\"@type\":\"WebPage\",\"@id\":\"https:\/\/ticsalutsocial.atoom.space\/es\/asignatura-de-salud-digital\/\",\"url\":\"https:\/\/ticsalutsocial.atoom.space\/es\/asignatura-de-salud-digital\/\",\"name\":\"Asignatura de Salud Digital - Fundaci\u00f3 TIC Salut i Social\",\"isPartOf\":{\"@id\":\"https:\/\/ticsalutsocial.atoom.space\/es\/#website\"},\"datePublished\":\"2025-02-25T09:28:54+00:00\",\"dateModified\":\"2025-04-14T12:36:04+00:00\",\"breadcrumb\":{\"@id\":\"https:\/\/ticsalutsocial.atoom.space\/es\/asignatura-de-salud-digital\/#breadcrumb\"},\"inLanguage\":\"es\",\"potentialAction\":[{\"@type\":\"ReadAction\",\"target\":[\"https:\/\/ticsalutsocial.atoom.space\/es\/asignatura-de-salud-digital\/\"]}]},{\"@type\":\"BreadcrumbList\",\"@id\":\"https:\/\/ticsalutsocial.atoom.space\/es\/asignatura-de-salud-digital\/#breadcrumb\",\"itemListElement\":[{\"@type\":\"ListItem\",\"position\":1,\"name\":\"Inici\",\"item\":\"https:\/\/ticsalutsocial.atoom.space\/es\/\"},{\"@type\":\"ListItem\",\"position\":2,\"name\":\"Asignatura de Salud Digital\"}]},{\"@type\":\"WebSite\",\"@id\":\"https:\/\/ticsalutsocial.atoom.space\/es\/#website\",\"url\":\"https:\/\/ticsalutsocial.atoom.space\/es\/\",\"name\":\"Fundaci\u00f3 TIC Salut i Social\",\"description\":\"\",\"potentialAction\":[{\"@type\":\"SearchAction\",\"target\":{\"@type\":\"EntryPoint\",\"urlTemplate\":\"https:\/\/ticsalutsocial.atoom.space\/es\/?s={search_term_string}\"},\"query-input\":{\"@type\":\"PropertyValueSpecification\",\"valueRequired\":true,\"valueName\":\"search_term_string\"}}],\"inLanguage\":\"es\"}]}<\/script>\n<!-- \/ Yoast SEO plugin. -->","yoast_head_json":{"title":"Asignatura de Salud Digital - Fundaci\u00f3 TIC Salut i Social","robots":{"index":"index","follow":"follow","max-snippet":"max-snippet:-1","max-image-preview":"max-image-preview:large","max-video-preview":"max-video-preview:-1"},"canonical":"https:\/\/ticsalutsocial.atoom.space\/es\/asignatura-de-salud-digital\/","og_locale":"es_ES","og_type":"article","og_title":"Asignatura de Salud Digital - Fundaci\u00f3 TIC Salut i Social","og_description":"Coordinada por la C\u00e1tedra de la Fundaci\u00f3n TIC Salut Social, el Grado de Medicina de la Facultad de Medicina de la UVic \u2013 UCC impulsa la asignatura de Salud Digital.&#13; Esta formaci\u00f3n, impartida por los miembros del equipo de la Fundaci\u00f3n TIC Salut Social, proporciona a los estudiantes una base de conocimiento sobre la aplicaci\u00f3n [&hellip;]","og_url":"https:\/\/ticsalutsocial.atoom.space\/es\/asignatura-de-salud-digital\/","og_site_name":"Fundaci\u00f3 TIC Salut i Social","article_modified_time":"2025-04-14T12:36:04+00:00","twitter_card":"summary_large_image","twitter_misc":{"Tiempo de lectura":"1 minuto"},"schema":{"@context":"https:\/\/schema.org","@graph":[{"@type":"WebPage","@id":"https:\/\/ticsalutsocial.atoom.space\/es\/asignatura-de-salud-digital\/","url":"https:\/\/ticsalutsocial.atoom.space\/es\/asignatura-de-salud-digital\/","name":"Asignatura de Salud Digital - Fundaci\u00f3 TIC Salut i Social","isPartOf":{"@id":"https:\/\/ticsalutsocial.atoom.space\/es\/#website"},"datePublished":"2025-02-25T09:28:54+00:00","dateModified":"2025-04-14T12:36:04+00:00","breadcrumb":{"@id":"https:\/\/ticsalutsocial.atoom.space\/es\/asignatura-de-salud-digital\/#breadcrumb"},"inLanguage":"es","potentialAction":[{"@type":"ReadAction","target":["https:\/\/ticsalutsocial.atoom.space\/es\/asignatura-de-salud-digital\/"]}]},{"@type":"BreadcrumbList","@id":"https:\/\/ticsalutsocial.atoom.space\/es\/asignatura-de-salud-digital\/#breadcrumb","itemListElement":[{"@type":"ListItem","position":1,"name":"Inici","item":"https:\/\/ticsalutsocial.atoom.space\/es\/"},{"@type":"ListItem","position":2,"name":"Asignatura de Salud Digital"}]},{"@type":"WebSite","@id":"https:\/\/ticsalutsocial.atoom.space\/es\/#website","url":"https:\/\/ticsalutsocial.atoom.space\/es\/","name":"Fundaci\u00f3 TIC Salut i Social","description":"","potentialAction":[{"@type":"SearchAction","target":{"@type":"EntryPoint","urlTemplate":"https:\/\/ticsalutsocial.atoom.space\/es\/?s={search_term_string}"},"query-input":{"@type":"PropertyValueSpecification","valueRequired":true,"valueName":"search_term_string"}}],"inLanguage":"es"}]}},"_links":{"self":[{"href":"https:\/\/ticsalutsocial.atoom.space\/es\/wp-json\/wp\/v2\/pages\/31302","targetHints":{"allow":["GET"]}}],"collection":[{"href":"https:\/\/ticsalutsocial.atoom.space\/es\/wp-json\/wp\/v2\/pages"}],"about":[{"href":"https:\/\/ticsalutsocial.atoom.space\/es\/wp-json\/wp\/v2\/types\/page"}],"author":[{"embeddable":true,"href":"https:\/\/ticsalutsocial.atoom.space\/es\/wp-json\/wp\/v2\/users\/21"}],"replies":[{"embeddable":true,"href":"https:\/\/ticsalutsocial.atoom.space\/es\/wp-json\/wp\/v2\/comments?post=31302"}],"version-history":[{"count":1,"href":"https:\/\/ticsalutsocial.atoom.space\/es\/wp-json\/wp\/v2\/pages\/31302\/revisions"}],"predecessor-version":[{"id":31303,"href":"https:\/\/ticsalutsocial.atoom.space\/es\/wp-json\/wp\/v2\/pages\/31302\/revisions\/31303"}],"wp:attachment":[{"href":"https:\/\/ticsalutsocial.atoom.space\/es\/wp-json\/wp\/v2\/media?parent=31302"}],"wp:term":[{"taxonomy":"tipus","embeddable":true,"href":"https:\/\/ticsalutsocial.atoom.space\/es\/wp-json\/wp\/v2\/tipus?post=31302"}],"curies":[{"name":"wp","href":"https:\/\/api.w.org\/{rel}","templated":true}]}}