
{"id":31304,"date":"2025-02-25T11:30:21","date_gmt":"2025-02-25T09:30:21","guid":{"rendered":"https:\/\/ticsalutsocial.atoom.space\/innovation-days\/"},"modified":"2025-04-14T14:38:41","modified_gmt":"2025-04-14T12:38:41","slug":"innovation-days","status":"publish","type":"page","link":"https:\/\/ticsalutsocial.atoom.space\/es\/innovation-days\/","title":{"rendered":"Innovation Days"},"content":{"rendered":"&#13;\n<p>Las jornadas de innovaci\u00f3n (i-Days) son un hackathon para desarrollar habilidades de innovaci\u00f3n y emprendimiento. Un aprendizaje basado en la resoluci\u00f3n de retos dirigidos a estudiantes realizado en diferentes pa\u00edses europeos.&#13;\n<\/p>&#13;\n&#13;\n<p>En el marco de un proyecto financiado por EIT Health y en colaboraci\u00f3n con Eurecat y el Hospital Germans Trias i Pujol, los estudiantes participan en equipos para plantear soluciones a los retos reales de Salud y Social, y perfeccionar su presentaci\u00f3n ante jueces expertos.&#13;\n<\/p>&#13;\n&#13;\n<p>\u00a0<\/p>&#13;\n<p><img loading=\"lazy\" decoding=\"async\" class=\"aligncenter wp-image-31113 size-full\" src=\"https:\/\/ticsalutsocial.atoom.space\/wp-content\/uploads\/2025\/03\/Imagen-1.png\" alt=\"\" width=\"2452\" height=\"586\" srcset=\"https:\/\/ticsalutsocial.atoom.space\/wp-content\/uploads\/2025\/03\/Imagen-1.png 2452w, https:\/\/ticsalutsocial.atoom.space\/wp-content\/uploads\/2025\/03\/Imagen-1-300x72.png 300w, https:\/\/ticsalutsocial.atoom.space\/wp-content\/uploads\/2025\/03\/Imagen-1-1024x245.png 1024w, https:\/\/ticsalutsocial.atoom.space\/wp-content\/uploads\/2025\/03\/Imagen-1-768x184.png 768w, https:\/\/ticsalutsocial.atoom.space\/wp-content\/uploads\/2025\/03\/Imagen-1-1536x367.png 1536w, https:\/\/ticsalutsocial.atoom.space\/wp-content\/uploads\/2025\/03\/Imagen-1-2048x489.png 2048w\" sizes=\"auto, (max-width: 2452px) 100vw, 2452px\" \/><\/p>&#13;\n","protected":false},"excerpt":{"rendered":"<p>&#13; Las jornadas de innovaci\u00f3n (i-Days) son un hackathon para desarrollar habilidades de innovaci\u00f3n y emprendimiento. Un aprendizaje basado en la resoluci\u00f3n de retos dirigidos a estudiantes realizado en diferentes pa\u00edses europeos.&#13; &#13; &#13; En el marco de un proyecto financiado por EIT Health y en colaboraci\u00f3n con Eurecat y el Hospital Germans Trias i [&hellip;]<\/p>\n","protected":false},"author":21,"featured_media":0,"parent":0,"menu_order":0,"comment_status":"closed","ping_status":"closed","template":"page-templates\/section--catedra.php","meta":{"_acf_changed":false,"inline_featured_image":false,"footnotes":""},"tipus":[],"class_list":["post-31304","page","type-page","status-publish","hentry"],"acf":[],"yoast_head":"<!-- This site is optimized with the Yoast SEO plugin v27.1.1 - https:\/\/yoast.com\/product\/yoast-seo-wordpress\/ -->\n<title>Innovation Days - Fundaci\u00f3 TIC Salut i Social<\/title>\n<meta name=\"robots\" content=\"index, follow, max-snippet:-1, max-image-preview:large, max-video-preview:-1\" \/>\n<link rel=\"canonical\" href=\"https:\/\/ticsalutsocial.atoom.space\/es\/innovation-days\/\" \/>\n<meta property=\"og:locale\" content=\"es_ES\" \/>\n<meta property=\"og:type\" content=\"article\" \/>\n<meta property=\"og:title\" content=\"Innovation Days - Fundaci\u00f3 TIC Salut i Social\" \/>\n<meta property=\"og:description\" content=\"&#013; Las jornadas de innovaci\u00f3n (i-Days) son un hackathon para desarrollar habilidades de innovaci\u00f3n y emprendimiento. Un aprendizaje basado en la resoluci\u00f3n de retos dirigidos a estudiantes realizado en diferentes pa\u00edses europeos.&#013; &#013; &#013; En el marco de un proyecto financiado por EIT Health y en colaboraci\u00f3n con Eurecat y el Hospital Germans Trias i [&hellip;]\" \/>\n<meta property=\"og:url\" content=\"https:\/\/ticsalutsocial.atoom.space\/es\/innovation-days\/\" \/>\n<meta property=\"og:site_name\" content=\"Fundaci\u00f3 TIC Salut i Social\" \/>\n<meta property=\"article:modified_time\" content=\"2025-04-14T12:38:41+00:00\" \/>\n<meta property=\"og:image\" content=\"https:\/\/ticsalutsocial.atoom.space\/wp-content\/uploads\/2025\/03\/Imagen-1.png\" \/>\n<meta name=\"twitter:card\" content=\"summary_large_image\" \/>\n<script type=\"application\/ld+json\" class=\"yoast-schema-graph\">{\"@context\":\"https:\/\/schema.org\",\"@graph\":[{\"@type\":\"WebPage\",\"@id\":\"https:\/\/ticsalutsocial.atoom.space\/es\/innovation-days\/\",\"url\":\"https:\/\/ticsalutsocial.atoom.space\/es\/innovation-days\/\",\"name\":\"Innovation Days - Fundaci\u00f3 TIC Salut i Social\",\"isPartOf\":{\"@id\":\"https:\/\/ticsalutsocial.atoom.space\/es\/#website\"},\"primaryImageOfPage\":{\"@id\":\"https:\/\/ticsalutsocial.atoom.space\/es\/innovation-days\/#primaryimage\"},\"image\":{\"@id\":\"https:\/\/ticsalutsocial.atoom.space\/es\/innovation-days\/#primaryimage\"},\"thumbnailUrl\":\"https:\/\/ticsalutsocial.atoom.space\/wp-content\/uploads\/2025\/03\/Imagen-1.png\",\"datePublished\":\"2025-02-25T09:30:21+00:00\",\"dateModified\":\"2025-04-14T12:38:41+00:00\",\"breadcrumb\":{\"@id\":\"https:\/\/ticsalutsocial.atoom.space\/es\/innovation-days\/#breadcrumb\"},\"inLanguage\":\"es\",\"potentialAction\":[{\"@type\":\"ReadAction\",\"target\":[\"https:\/\/ticsalutsocial.atoom.space\/es\/innovation-days\/\"]}]},{\"@type\":\"ImageObject\",\"inLanguage\":\"es\",\"@id\":\"https:\/\/ticsalutsocial.atoom.space\/es\/innovation-days\/#primaryimage\",\"url\":\"https:\/\/ticsalutsocial.atoom.space\/wp-content\/uploads\/2025\/03\/Imagen-1.png\",\"contentUrl\":\"https:\/\/ticsalutsocial.atoom.space\/wp-content\/uploads\/2025\/03\/Imagen-1.png\"},{\"@type\":\"BreadcrumbList\",\"@id\":\"https:\/\/ticsalutsocial.atoom.space\/es\/innovation-days\/#breadcrumb\",\"itemListElement\":[{\"@type\":\"ListItem\",\"position\":1,\"name\":\"Inici\",\"item\":\"https:\/\/ticsalutsocial.atoom.space\/es\/\"},{\"@type\":\"ListItem\",\"position\":2,\"name\":\"Innovation Days\"}]},{\"@type\":\"WebSite\",\"@id\":\"https:\/\/ticsalutsocial.atoom.space\/es\/#website\",\"url\":\"https:\/\/ticsalutsocial.atoom.space\/es\/\",\"name\":\"Fundaci\u00f3 TIC Salut i Social\",\"description\":\"\",\"potentialAction\":[{\"@type\":\"SearchAction\",\"target\":{\"@type\":\"EntryPoint\",\"urlTemplate\":\"https:\/\/ticsalutsocial.atoom.space\/es\/?s={search_term_string}\"},\"query-input\":{\"@type\":\"PropertyValueSpecification\",\"valueRequired\":true,\"valueName\":\"search_term_string\"}}],\"inLanguage\":\"es\"}]}<\/script>\n<!-- \/ Yoast SEO plugin. -->","yoast_head_json":{"title":"Innovation Days - Fundaci\u00f3 TIC Salut i Social","robots":{"index":"index","follow":"follow","max-snippet":"max-snippet:-1","max-image-preview":"max-image-preview:large","max-video-preview":"max-video-preview:-1"},"canonical":"https:\/\/ticsalutsocial.atoom.space\/es\/innovation-days\/","og_locale":"es_ES","og_type":"article","og_title":"Innovation Days - Fundaci\u00f3 TIC Salut i Social","og_description":"&#13; Las jornadas de innovaci\u00f3n (i-Days) son un hackathon para desarrollar habilidades de innovaci\u00f3n y emprendimiento. Un aprendizaje basado en la resoluci\u00f3n de retos dirigidos a estudiantes realizado en diferentes pa\u00edses europeos.&#13; &#13; &#13; En el marco de un proyecto financiado por EIT Health y en colaboraci\u00f3n con Eurecat y el Hospital Germans Trias i [&hellip;]","og_url":"https:\/\/ticsalutsocial.atoom.space\/es\/innovation-days\/","og_site_name":"Fundaci\u00f3 TIC Salut i Social","article_modified_time":"2025-04-14T12:38:41+00:00","og_image":[{"url":"https:\/\/ticsalutsocial.atoom.space\/wp-content\/uploads\/2025\/03\/Imagen-1.png","type":"","width":"","height":""}],"twitter_card":"summary_large_image","schema":{"@context":"https:\/\/schema.org","@graph":[{"@type":"WebPage","@id":"https:\/\/ticsalutsocial.atoom.space\/es\/innovation-days\/","url":"https:\/\/ticsalutsocial.atoom.space\/es\/innovation-days\/","name":"Innovation Days - Fundaci\u00f3 TIC Salut i Social","isPartOf":{"@id":"https:\/\/ticsalutsocial.atoom.space\/es\/#website"},"primaryImageOfPage":{"@id":"https:\/\/ticsalutsocial.atoom.space\/es\/innovation-days\/#primaryimage"},"image":{"@id":"https:\/\/ticsalutsocial.atoom.space\/es\/innovation-days\/#primaryimage"},"thumbnailUrl":"https:\/\/ticsalutsocial.atoom.space\/wp-content\/uploads\/2025\/03\/Imagen-1.png","datePublished":"2025-02-25T09:30:21+00:00","dateModified":"2025-04-14T12:38:41+00:00","breadcrumb":{"@id":"https:\/\/ticsalutsocial.atoom.space\/es\/innovation-days\/#breadcrumb"},"inLanguage":"es","potentialAction":[{"@type":"ReadAction","target":["https:\/\/ticsalutsocial.atoom.space\/es\/innovation-days\/"]}]},{"@type":"ImageObject","inLanguage":"es","@id":"https:\/\/ticsalutsocial.atoom.space\/es\/innovation-days\/#primaryimage","url":"https:\/\/ticsalutsocial.atoom.space\/wp-content\/uploads\/2025\/03\/Imagen-1.png","contentUrl":"https:\/\/ticsalutsocial.atoom.space\/wp-content\/uploads\/2025\/03\/Imagen-1.png"},{"@type":"BreadcrumbList","@id":"https:\/\/ticsalutsocial.atoom.space\/es\/innovation-days\/#breadcrumb","itemListElement":[{"@type":"ListItem","position":1,"name":"Inici","item":"https:\/\/ticsalutsocial.atoom.space\/es\/"},{"@type":"ListItem","position":2,"name":"Innovation Days"}]},{"@type":"WebSite","@id":"https:\/\/ticsalutsocial.atoom.space\/es\/#website","url":"https:\/\/ticsalutsocial.atoom.space\/es\/","name":"Fundaci\u00f3 TIC Salut i Social","description":"","potentialAction":[{"@type":"SearchAction","target":{"@type":"EntryPoint","urlTemplate":"https:\/\/ticsalutsocial.atoom.space\/es\/?s={search_term_string}"},"query-input":{"@type":"PropertyValueSpecification","valueRequired":true,"valueName":"search_term_string"}}],"inLanguage":"es"}]}},"_links":{"self":[{"href":"https:\/\/ticsalutsocial.atoom.space\/es\/wp-json\/wp\/v2\/pages\/31304","targetHints":{"allow":["GET"]}}],"collection":[{"href":"https:\/\/ticsalutsocial.atoom.space\/es\/wp-json\/wp\/v2\/pages"}],"about":[{"href":"https:\/\/ticsalutsocial.atoom.space\/es\/wp-json\/wp\/v2\/types\/page"}],"author":[{"embeddable":true,"href":"https:\/\/ticsalutsocial.atoom.space\/es\/wp-json\/wp\/v2\/users\/21"}],"replies":[{"embeddable":true,"href":"https:\/\/ticsalutsocial.atoom.space\/es\/wp-json\/wp\/v2\/comments?post=31304"}],"version-history":[{"count":1,"href":"https:\/\/ticsalutsocial.atoom.space\/es\/wp-json\/wp\/v2\/pages\/31304\/revisions"}],"predecessor-version":[{"id":31305,"href":"https:\/\/ticsalutsocial.atoom.space\/es\/wp-json\/wp\/v2\/pages\/31304\/revisions\/31305"}],"wp:attachment":[{"href":"https:\/\/ticsalutsocial.atoom.space\/es\/wp-json\/wp\/v2\/media?parent=31304"}],"wp:term":[{"taxonomy":"tipus","embeddable":true,"href":"https:\/\/ticsalutsocial.atoom.space\/es\/wp-json\/wp\/v2\/tipus?post=31304"}],"curies":[{"name":"wp","href":"https:\/\/api.w.org\/{rel}","templated":true}]}}