
{"id":31345,"date":"2025-02-25T11:32:08","date_gmt":"2025-02-25T09:32:08","guid":{"rendered":"https:\/\/ticsalutsocial.atoom.space\/observatorio\/"},"modified":"2026-02-07T14:38:23","modified_gmt":"2026-02-07T12:38:23","slug":"observatorio","status":"publish","type":"page","link":"https:\/\/ticsalutsocial.atoom.space\/es\/observatorio\/","title":{"rendered":"Observatorio"},"content":{"rendered":"\r\n<p>\u00bfQu\u00e9 parte de telemedicina se ha consolidado despu\u00e9s de la pandemia? \u00bfEl uso de la econsulta va en aumento, o su uso se ha estabilizado? \u00bfQu\u00e9 regiones sanitarias son m\u00e1s propensas a la atenci\u00f3n no presencial?<\/p>\r\n<p>Para responder a estas preguntas, a trav\u00e9s de la C\u00e1tedra actualizamos regularmente los datos relacionados con el uso real de la atenci\u00f3n no presencial en el Sistema Sanitario Catal\u00e1n.<\/p>\r\n<p>Haz clic en el bot\u00f3n para acceder a la plataforma que centraliza la informaci\u00f3n sobre el nivel de penetraci\u00f3n del modelo asistencial no presencial. La informaci\u00f3n se basa en datos administrativos.<\/p>\r\n<p><\/p>\r\n<p><a class=\"contact-btn\" href=\"https:\/\/observatori-anp.onrender.com\/\" target=\"_blank\" rel=\"noreferrer noopener\">Datos de Atenci\u00f3n No Presencial<\/a><\/p>\r\n<p><strong>\u00daltima actualizaci\u00f3n:<\/strong> enero de 2026<\/p>\r\n<!-- \/wp:post-content -->","protected":false},"excerpt":{"rendered":"<p>\u00bfQu\u00e9 parte de telemedicina se ha consolidado despu\u00e9s de la pandemia? \u00bfEl uso de la econsulta va en aumento, o su uso se ha estabilizado? \u00bfQu\u00e9 regiones sanitarias son m\u00e1s propensas a la atenci\u00f3n no presencial? Para responder a estas preguntas, a trav\u00e9s de la C\u00e1tedra actualizamos regularmente los datos relacionados con el uso real [&hellip;]<\/p>\n","protected":false},"author":21,"featured_media":0,"parent":0,"menu_order":0,"comment_status":"closed","ping_status":"closed","template":"page-templates\/section--catedra.php","meta":{"_acf_changed":false,"inline_featured_image":false,"footnotes":""},"tipus":[],"class_list":["post-31345","page","type-page","status-publish","hentry"],"acf":[],"yoast_head":"<!-- This site is optimized with the Yoast SEO plugin v27.1.1 - https:\/\/yoast.com\/product\/yoast-seo-wordpress\/ -->\n<title>Observatorio - Fundaci\u00f3 TIC Salut i Social<\/title>\n<meta name=\"robots\" content=\"index, follow, max-snippet:-1, max-image-preview:large, max-video-preview:-1\" \/>\n<link rel=\"canonical\" href=\"https:\/\/ticsalutsocial.atoom.space\/es\/observatorio\/\" \/>\n<meta property=\"og:locale\" content=\"es_ES\" \/>\n<meta property=\"og:type\" content=\"article\" \/>\n<meta property=\"og:title\" content=\"Observatorio - Fundaci\u00f3 TIC Salut i Social\" \/>\n<meta property=\"og:description\" content=\"\u00bfQu\u00e9 parte de telemedicina se ha consolidado despu\u00e9s de la pandemia? \u00bfEl uso de la econsulta va en aumento, o su uso se ha estabilizado? \u00bfQu\u00e9 regiones sanitarias son m\u00e1s propensas a la atenci\u00f3n no presencial? Para responder a estas preguntas, a trav\u00e9s de la C\u00e1tedra actualizamos regularmente los datos relacionados con el uso real [&hellip;]\" \/>\n<meta property=\"og:url\" content=\"https:\/\/ticsalutsocial.atoom.space\/es\/observatorio\/\" \/>\n<meta property=\"og:site_name\" content=\"Fundaci\u00f3 TIC Salut i Social\" \/>\n<meta property=\"article:modified_time\" content=\"2026-02-07T12:38:23+00:00\" \/>\n<meta name=\"twitter:card\" content=\"summary_large_image\" \/>\n<meta name=\"twitter:label1\" content=\"Tiempo de lectura\" \/>\n\t<meta name=\"twitter:data1\" content=\"1 minuto\" \/>\n<script type=\"application\/ld+json\" class=\"yoast-schema-graph\">{\"@context\":\"https:\/\/schema.org\",\"@graph\":[{\"@type\":\"WebPage\",\"@id\":\"https:\/\/ticsalutsocial.atoom.space\/es\/observatorio\/\",\"url\":\"https:\/\/ticsalutsocial.atoom.space\/es\/observatorio\/\",\"name\":\"Observatorio - Fundaci\u00f3 TIC Salut i Social\",\"isPartOf\":{\"@id\":\"https:\/\/ticsalutsocial.atoom.space\/es\/#website\"},\"datePublished\":\"2025-02-25T09:32:08+00:00\",\"dateModified\":\"2026-02-07T12:38:23+00:00\",\"breadcrumb\":{\"@id\":\"https:\/\/ticsalutsocial.atoom.space\/es\/observatorio\/#breadcrumb\"},\"inLanguage\":\"es\",\"potentialAction\":[{\"@type\":\"ReadAction\",\"target\":[\"https:\/\/ticsalutsocial.atoom.space\/es\/observatorio\/\"]}]},{\"@type\":\"BreadcrumbList\",\"@id\":\"https:\/\/ticsalutsocial.atoom.space\/es\/observatorio\/#breadcrumb\",\"itemListElement\":[{\"@type\":\"ListItem\",\"position\":1,\"name\":\"Inici\",\"item\":\"https:\/\/ticsalutsocial.atoom.space\/es\/\"},{\"@type\":\"ListItem\",\"position\":2,\"name\":\"Observatorio\"}]},{\"@type\":\"WebSite\",\"@id\":\"https:\/\/ticsalutsocial.atoom.space\/es\/#website\",\"url\":\"https:\/\/ticsalutsocial.atoom.space\/es\/\",\"name\":\"Fundaci\u00f3 TIC Salut i Social\",\"description\":\"\",\"potentialAction\":[{\"@type\":\"SearchAction\",\"target\":{\"@type\":\"EntryPoint\",\"urlTemplate\":\"https:\/\/ticsalutsocial.atoom.space\/es\/?s={search_term_string}\"},\"query-input\":{\"@type\":\"PropertyValueSpecification\",\"valueRequired\":true,\"valueName\":\"search_term_string\"}}],\"inLanguage\":\"es\"}]}<\/script>\n<!-- \/ Yoast SEO plugin. -->","yoast_head_json":{"title":"Observatorio - Fundaci\u00f3 TIC Salut i Social","robots":{"index":"index","follow":"follow","max-snippet":"max-snippet:-1","max-image-preview":"max-image-preview:large","max-video-preview":"max-video-preview:-1"},"canonical":"https:\/\/ticsalutsocial.atoom.space\/es\/observatorio\/","og_locale":"es_ES","og_type":"article","og_title":"Observatorio - Fundaci\u00f3 TIC Salut i Social","og_description":"\u00bfQu\u00e9 parte de telemedicina se ha consolidado despu\u00e9s de la pandemia? \u00bfEl uso de la econsulta va en aumento, o su uso se ha estabilizado? \u00bfQu\u00e9 regiones sanitarias son m\u00e1s propensas a la atenci\u00f3n no presencial? Para responder a estas preguntas, a trav\u00e9s de la C\u00e1tedra actualizamos regularmente los datos relacionados con el uso real [&hellip;]","og_url":"https:\/\/ticsalutsocial.atoom.space\/es\/observatorio\/","og_site_name":"Fundaci\u00f3 TIC Salut i Social","article_modified_time":"2026-02-07T12:38:23+00:00","twitter_card":"summary_large_image","twitter_misc":{"Tiempo de lectura":"1 minuto"},"schema":{"@context":"https:\/\/schema.org","@graph":[{"@type":"WebPage","@id":"https:\/\/ticsalutsocial.atoom.space\/es\/observatorio\/","url":"https:\/\/ticsalutsocial.atoom.space\/es\/observatorio\/","name":"Observatorio - Fundaci\u00f3 TIC Salut i Social","isPartOf":{"@id":"https:\/\/ticsalutsocial.atoom.space\/es\/#website"},"datePublished":"2025-02-25T09:32:08+00:00","dateModified":"2026-02-07T12:38:23+00:00","breadcrumb":{"@id":"https:\/\/ticsalutsocial.atoom.space\/es\/observatorio\/#breadcrumb"},"inLanguage":"es","potentialAction":[{"@type":"ReadAction","target":["https:\/\/ticsalutsocial.atoom.space\/es\/observatorio\/"]}]},{"@type":"BreadcrumbList","@id":"https:\/\/ticsalutsocial.atoom.space\/es\/observatorio\/#breadcrumb","itemListElement":[{"@type":"ListItem","position":1,"name":"Inici","item":"https:\/\/ticsalutsocial.atoom.space\/es\/"},{"@type":"ListItem","position":2,"name":"Observatorio"}]},{"@type":"WebSite","@id":"https:\/\/ticsalutsocial.atoom.space\/es\/#website","url":"https:\/\/ticsalutsocial.atoom.space\/es\/","name":"Fundaci\u00f3 TIC Salut i Social","description":"","potentialAction":[{"@type":"SearchAction","target":{"@type":"EntryPoint","urlTemplate":"https:\/\/ticsalutsocial.atoom.space\/es\/?s={search_term_string}"},"query-input":{"@type":"PropertyValueSpecification","valueRequired":true,"valueName":"search_term_string"}}],"inLanguage":"es"}]}},"_links":{"self":[{"href":"https:\/\/ticsalutsocial.atoom.space\/es\/wp-json\/wp\/v2\/pages\/31345","targetHints":{"allow":["GET"]}}],"collection":[{"href":"https:\/\/ticsalutsocial.atoom.space\/es\/wp-json\/wp\/v2\/pages"}],"about":[{"href":"https:\/\/ticsalutsocial.atoom.space\/es\/wp-json\/wp\/v2\/types\/page"}],"author":[{"embeddable":true,"href":"https:\/\/ticsalutsocial.atoom.space\/es\/wp-json\/wp\/v2\/users\/21"}],"replies":[{"embeddable":true,"href":"https:\/\/ticsalutsocial.atoom.space\/es\/wp-json\/wp\/v2\/comments?post=31345"}],"version-history":[{"count":3,"href":"https:\/\/ticsalutsocial.atoom.space\/es\/wp-json\/wp\/v2\/pages\/31345\/revisions"}],"predecessor-version":[{"id":35626,"href":"https:\/\/ticsalutsocial.atoom.space\/es\/wp-json\/wp\/v2\/pages\/31345\/revisions\/35626"}],"wp:attachment":[{"href":"https:\/\/ticsalutsocial.atoom.space\/es\/wp-json\/wp\/v2\/media?parent=31345"}],"wp:term":[{"taxonomy":"tipus","embeddable":true,"href":"https:\/\/ticsalutsocial.atoom.space\/es\/wp-json\/wp\/v2\/tipus?post=31345"}],"curies":[{"name":"wp","href":"https:\/\/api.w.org\/{rel}","templated":true}]}}