
{"id":31349,"date":"2025-02-25T11:33:02","date_gmt":"2025-02-25T09:33:02","guid":{"rendered":"https:\/\/ticsalutsocial.atoom.space\/seminarios-de-innovacion\/"},"modified":"2025-04-14T15:31:20","modified_gmt":"2025-04-14T13:31:20","slug":"seminarios-de-innovacion","status":"publish","type":"page","link":"https:\/\/ticsalutsocial.atoom.space\/es\/seminarios-de-innovacion\/","title":{"rendered":"Seminarios de innovaci\u00f3n"},"content":{"rendered":"\n<p>Descubre c\u00f3mo la tecnolog\u00eda est\u00e1 transformando los servicios sociales y de salud a trav\u00e9s de seminarios impartidos por expertos del sector.&#13;\n<\/p>\n\n<p>Los seminarios est\u00e1n co-organizados por la C\u00e1tedra de la Fundaci\u00f3n TIC Salut Social y la Fundaci\u00f3n Althaia para transferir el conocimiento generado a trav\u00e9s del uso de tecnolog\u00eda aplicada en la mejora de los servicios sociales y de salud.&#13;\n<\/p>\n\n<p>Un formato \u00e1gil y din\u00e1mico para trasladar a los profesionales las nuevas perspectivas y herramientas que mejoran la atenci\u00f3n a las personas.&#13;\n<\/p>\n\n<p><strong><a href=\"https:\/\/www.althaia.cat\/formacio\/inscripcions\/registre.aspx?c=cada8c063774e8fa30790302623dab16f52de167\">I<b>nscr\u00edbete en los pr\u00f3ximos seminarios<\/b><\/a><\/strong><\/p>\n","protected":false},"excerpt":{"rendered":"<p>Descubre c\u00f3mo la tecnolog\u00eda est\u00e1 transformando los servicios sociales y de salud a trav\u00e9s de seminarios impartidos por expertos del sector.&#13; Los seminarios est\u00e1n co-organizados por la C\u00e1tedra de la Fundaci\u00f3n TIC Salut Social y la Fundaci\u00f3n Althaia para transferir el conocimiento generado a trav\u00e9s del uso de tecnolog\u00eda aplicada en la mejora de los [&hellip;]<\/p>\n","protected":false},"author":21,"featured_media":0,"parent":0,"menu_order":0,"comment_status":"closed","ping_status":"closed","template":"page-templates\/section--catedra.php","meta":{"_acf_changed":false,"inline_featured_image":false,"footnotes":""},"tipus":[],"class_list":["post-31349","page","type-page","status-publish","hentry"],"acf":[],"yoast_head":"<!-- This site is optimized with the Yoast SEO plugin v27.1.1 - https:\/\/yoast.com\/product\/yoast-seo-wordpress\/ -->\n<title>Seminarios de innovaci\u00f3n - Fundaci\u00f3 TIC Salut i Social<\/title>\n<meta name=\"robots\" content=\"index, follow, max-snippet:-1, max-image-preview:large, max-video-preview:-1\" \/>\n<link rel=\"canonical\" href=\"https:\/\/ticsalutsocial.atoom.space\/es\/seminarios-de-innovacion\/\" \/>\n<meta property=\"og:locale\" content=\"es_ES\" \/>\n<meta property=\"og:type\" content=\"article\" \/>\n<meta property=\"og:title\" content=\"Seminarios de innovaci\u00f3n - Fundaci\u00f3 TIC Salut i Social\" \/>\n<meta property=\"og:description\" content=\"Descubre c\u00f3mo la tecnolog\u00eda est\u00e1 transformando los servicios sociales y de salud a trav\u00e9s de seminarios impartidos por expertos del sector.&#013; Los seminarios est\u00e1n co-organizados por la C\u00e1tedra de la Fundaci\u00f3n TIC Salut Social y la Fundaci\u00f3n Althaia para transferir el conocimiento generado a trav\u00e9s del uso de tecnolog\u00eda aplicada en la mejora de los [&hellip;]\" \/>\n<meta property=\"og:url\" content=\"https:\/\/ticsalutsocial.atoom.space\/es\/seminarios-de-innovacion\/\" \/>\n<meta property=\"og:site_name\" content=\"Fundaci\u00f3 TIC Salut i Social\" \/>\n<meta property=\"article:modified_time\" content=\"2025-04-14T13:31:20+00:00\" \/>\n<meta name=\"twitter:card\" content=\"summary_large_image\" \/>\n<meta name=\"twitter:label1\" content=\"Tiempo de lectura\" \/>\n\t<meta name=\"twitter:data1\" content=\"1 minuto\" \/>\n<script type=\"application\/ld+json\" class=\"yoast-schema-graph\">{\"@context\":\"https:\/\/schema.org\",\"@graph\":[{\"@type\":\"WebPage\",\"@id\":\"https:\/\/ticsalutsocial.atoom.space\/es\/seminarios-de-innovacion\/\",\"url\":\"https:\/\/ticsalutsocial.atoom.space\/es\/seminarios-de-innovacion\/\",\"name\":\"Seminarios de innovaci\u00f3n - Fundaci\u00f3 TIC Salut i Social\",\"isPartOf\":{\"@id\":\"https:\/\/ticsalutsocial.atoom.space\/es\/#website\"},\"datePublished\":\"2025-02-25T09:33:02+00:00\",\"dateModified\":\"2025-04-14T13:31:20+00:00\",\"breadcrumb\":{\"@id\":\"https:\/\/ticsalutsocial.atoom.space\/es\/seminarios-de-innovacion\/#breadcrumb\"},\"inLanguage\":\"es\",\"potentialAction\":[{\"@type\":\"ReadAction\",\"target\":[\"https:\/\/ticsalutsocial.atoom.space\/es\/seminarios-de-innovacion\/\"]}]},{\"@type\":\"BreadcrumbList\",\"@id\":\"https:\/\/ticsalutsocial.atoom.space\/es\/seminarios-de-innovacion\/#breadcrumb\",\"itemListElement\":[{\"@type\":\"ListItem\",\"position\":1,\"name\":\"Inici\",\"item\":\"https:\/\/ticsalutsocial.atoom.space\/es\/\"},{\"@type\":\"ListItem\",\"position\":2,\"name\":\"Seminarios de innovaci\u00f3n\"}]},{\"@type\":\"WebSite\",\"@id\":\"https:\/\/ticsalutsocial.atoom.space\/es\/#website\",\"url\":\"https:\/\/ticsalutsocial.atoom.space\/es\/\",\"name\":\"Fundaci\u00f3 TIC Salut i Social\",\"description\":\"\",\"potentialAction\":[{\"@type\":\"SearchAction\",\"target\":{\"@type\":\"EntryPoint\",\"urlTemplate\":\"https:\/\/ticsalutsocial.atoom.space\/es\/?s={search_term_string}\"},\"query-input\":{\"@type\":\"PropertyValueSpecification\",\"valueRequired\":true,\"valueName\":\"search_term_string\"}}],\"inLanguage\":\"es\"}]}<\/script>\n<!-- \/ Yoast SEO plugin. -->","yoast_head_json":{"title":"Seminarios de innovaci\u00f3n - Fundaci\u00f3 TIC Salut i Social","robots":{"index":"index","follow":"follow","max-snippet":"max-snippet:-1","max-image-preview":"max-image-preview:large","max-video-preview":"max-video-preview:-1"},"canonical":"https:\/\/ticsalutsocial.atoom.space\/es\/seminarios-de-innovacion\/","og_locale":"es_ES","og_type":"article","og_title":"Seminarios de innovaci\u00f3n - Fundaci\u00f3 TIC Salut i Social","og_description":"Descubre c\u00f3mo la tecnolog\u00eda est\u00e1 transformando los servicios sociales y de salud a trav\u00e9s de seminarios impartidos por expertos del sector.&#13; Los seminarios est\u00e1n co-organizados por la C\u00e1tedra de la Fundaci\u00f3n TIC Salut Social y la Fundaci\u00f3n Althaia para transferir el conocimiento generado a trav\u00e9s del uso de tecnolog\u00eda aplicada en la mejora de los [&hellip;]","og_url":"https:\/\/ticsalutsocial.atoom.space\/es\/seminarios-de-innovacion\/","og_site_name":"Fundaci\u00f3 TIC Salut i Social","article_modified_time":"2025-04-14T13:31:20+00:00","twitter_card":"summary_large_image","twitter_misc":{"Tiempo de lectura":"1 minuto"},"schema":{"@context":"https:\/\/schema.org","@graph":[{"@type":"WebPage","@id":"https:\/\/ticsalutsocial.atoom.space\/es\/seminarios-de-innovacion\/","url":"https:\/\/ticsalutsocial.atoom.space\/es\/seminarios-de-innovacion\/","name":"Seminarios de innovaci\u00f3n - Fundaci\u00f3 TIC Salut i Social","isPartOf":{"@id":"https:\/\/ticsalutsocial.atoom.space\/es\/#website"},"datePublished":"2025-02-25T09:33:02+00:00","dateModified":"2025-04-14T13:31:20+00:00","breadcrumb":{"@id":"https:\/\/ticsalutsocial.atoom.space\/es\/seminarios-de-innovacion\/#breadcrumb"},"inLanguage":"es","potentialAction":[{"@type":"ReadAction","target":["https:\/\/ticsalutsocial.atoom.space\/es\/seminarios-de-innovacion\/"]}]},{"@type":"BreadcrumbList","@id":"https:\/\/ticsalutsocial.atoom.space\/es\/seminarios-de-innovacion\/#breadcrumb","itemListElement":[{"@type":"ListItem","position":1,"name":"Inici","item":"https:\/\/ticsalutsocial.atoom.space\/es\/"},{"@type":"ListItem","position":2,"name":"Seminarios de innovaci\u00f3n"}]},{"@type":"WebSite","@id":"https:\/\/ticsalutsocial.atoom.space\/es\/#website","url":"https:\/\/ticsalutsocial.atoom.space\/es\/","name":"Fundaci\u00f3 TIC Salut i Social","description":"","potentialAction":[{"@type":"SearchAction","target":{"@type":"EntryPoint","urlTemplate":"https:\/\/ticsalutsocial.atoom.space\/es\/?s={search_term_string}"},"query-input":{"@type":"PropertyValueSpecification","valueRequired":true,"valueName":"search_term_string"}}],"inLanguage":"es"}]}},"_links":{"self":[{"href":"https:\/\/ticsalutsocial.atoom.space\/es\/wp-json\/wp\/v2\/pages\/31349","targetHints":{"allow":["GET"]}}],"collection":[{"href":"https:\/\/ticsalutsocial.atoom.space\/es\/wp-json\/wp\/v2\/pages"}],"about":[{"href":"https:\/\/ticsalutsocial.atoom.space\/es\/wp-json\/wp\/v2\/types\/page"}],"author":[{"embeddable":true,"href":"https:\/\/ticsalutsocial.atoom.space\/es\/wp-json\/wp\/v2\/users\/21"}],"replies":[{"embeddable":true,"href":"https:\/\/ticsalutsocial.atoom.space\/es\/wp-json\/wp\/v2\/comments?post=31349"}],"version-history":[{"count":1,"href":"https:\/\/ticsalutsocial.atoom.space\/es\/wp-json\/wp\/v2\/pages\/31349\/revisions"}],"predecessor-version":[{"id":31350,"href":"https:\/\/ticsalutsocial.atoom.space\/es\/wp-json\/wp\/v2\/pages\/31349\/revisions\/31350"}],"wp:attachment":[{"href":"https:\/\/ticsalutsocial.atoom.space\/es\/wp-json\/wp\/v2\/media?parent=31349"}],"wp:term":[{"taxonomy":"tipus","embeddable":true,"href":"https:\/\/ticsalutsocial.atoom.space\/es\/wp-json\/wp\/v2\/tipus?post=31349"}],"curies":[{"name":"wp","href":"https:\/\/api.w.org\/{rel}","templated":true}]}}