
{"id":31363,"date":"2025-02-25T11:37:14","date_gmt":"2025-02-25T09:37:14","guid":{"rendered":"https:\/\/ticsalutsocial.atoom.space\/que-fem\/competencies-professionals\/introduccion\/"},"modified":"2025-06-06T12:03:33","modified_gmt":"2025-06-06T10:03:33","slug":"introduccion","status":"publish","type":"page","link":"https:\/\/ticsalutsocial.atoom.space\/es\/que-fem\/competencies-professionals\/introduccion\/","title":{"rendered":"Introducci\u00f3n"},"content":{"rendered":"\n<p><span style=\"font-weight: 400;\">Ante el escenario actual marcado por el aumento en la digitalizaci\u00f3n de los procesos asistenciales, de las relaciones y de la aparici\u00f3n de nuevas potencialidades, los profesionales desempe\u00f1an un rol imprescindible para el establecimiento de nuevos modelos de atenci\u00f3n a la poblaci\u00f3n.<\/span>\r\n\r\nEn este sentido, se requieren actuaciones que hagan posible la capacitaci\u00f3n de estos profesionales para adecuar e incrementar su desarrollo profesional en el contexto digital que nos rodea y hacer frente a los nuevos retos.<\/p>\n\n\n\n<p>Las competencias digitales son el conjunto de conocimientos, habilidades y actitudes necesarias para la utilizaci\u00f3n de las tecnolog\u00edas en el \u00e1mbito personal, social y profesional de forma efectiva, segura, cr\u00edtica y c\u00edvica.\r\n<\/p>\n\n\n\n<p>A continuaci\u00f3n, te ofrecemos un mapa donde encontrar\u00e1s descritas las competencias digitales generales necesarias para las funciones, tareas y necesidades de los profesionales de la salud.\r\n<\/p>\n\n\n\n<h2 class=\"wp-block-heading\">Noticias destacadas<\/h2>\n\n\n\n<style>\n    .relnews--list .relnews--list-wrapper {\n        display: flex;\n        gap: 2em;\n    }\n    .relnews--list .relnews--news {\n        width: calc(33.33% - 1em);\n    }\n    .relnews--list .relnews--img img {\n        width: 100%;\n        height: 200px;\n        object-fit: cover;\n        border-radius: 3px;\n    }\n    .relnews--list .relnews--title {\n        font-family: 'HelveticaNowDisplay-Regular';\n        font-size: 20px;\n        line-height: 28px;\n        color: #231f20;\n    }\n    .relnews--list .relnews--news:hover .relnews--title {\n        font-weight: bold;\n    }\n    @media (max-width: 782px) {\n        .relnews--list .relnews--list-wrapper {\n            flex-direction: column;\n        }\n        .relnews--list .relnews--news {\n            width: 100%;\n        }\n    }\n<\/style>\n\n<div class=\"relnews--list\">\n    <div class=\"relnews--list-wrapper\">\n                    <div class=\"relnews--news\">\n                <div class=\"relnews--news-wrapper\">\n                    <a href=\"https:\/\/ticsalutsocial.atoom.space\/es\/noticia\/quina-formacio-especialitzada-en-salut-digital-trobem-a-catalunya\/\">\n                        <div class=\"relnews--img\">\n                            <img loading=\"lazy\" decoding=\"async\" width=\"2120\" height=\"1414\" src=\"https:\/\/ticsalutsocial.atoom.space\/wp-content\/uploads\/2024\/09\/iStock-1496433480.jpg\" class=\"attachment-post-thumbnail size-post-thumbnail wp-post-image\" alt=\"Estudiants de medicina davant un ordinador\" srcset=\"https:\/\/ticsalutsocial.atoom.space\/wp-content\/uploads\/2024\/09\/iStock-1496433480.jpg 2120w, https:\/\/ticsalutsocial.atoom.space\/wp-content\/uploads\/2024\/09\/iStock-1496433480-300x200.jpg 300w, https:\/\/ticsalutsocial.atoom.space\/wp-content\/uploads\/2024\/09\/iStock-1496433480-1024x683.jpg 1024w, https:\/\/ticsalutsocial.atoom.space\/wp-content\/uploads\/2024\/09\/iStock-1496433480-768x512.jpg 768w, https:\/\/ticsalutsocial.atoom.space\/wp-content\/uploads\/2024\/09\/iStock-1496433480-1536x1024.jpg 1536w, https:\/\/ticsalutsocial.atoom.space\/wp-content\/uploads\/2024\/09\/iStock-1496433480-2048x1366.jpg 2048w\" sizes=\"auto, (max-width: 2120px) 100vw, 2120px\" \/>                        <\/div>\n                        <div class=\"relnews--content\">\n                            <p><span class=\"relnews--title\">\u00bfQu\u00e9 formaci\u00f3n especializada en salud digital encontramos en Catalu\u00f1a?<\/span><\/p>\n                        <\/div>\n                    <\/a>\n                <\/div>\n            <\/div>\n                    <div class=\"relnews--news\">\n                <div class=\"relnews--news-wrapper\">\n                    <a href=\"https:\/\/ticsalutsocial.atoom.space\/es\/noticia\/mapa-competencias-digitales-profesionales-salud\/\">\n                        <div class=\"relnews--img\">\n                            <img loading=\"lazy\" decoding=\"async\" width=\"1280\" height=\"960\" src=\"https:\/\/ticsalutsocial.atoom.space\/wp-content\/uploads\/2024\/07\/mapa-competencies-digitals-per-a-professionals-de-la-salut.png\" class=\"attachment-post-thumbnail size-post-thumbnail wp-post-image\" alt=\"mapa compete\u0300ncies digitals per a professionals de la salut\" srcset=\"https:\/\/ticsalutsocial.atoom.space\/wp-content\/uploads\/2024\/07\/mapa-competencies-digitals-per-a-professionals-de-la-salut.png 1280w, https:\/\/ticsalutsocial.atoom.space\/wp-content\/uploads\/2024\/07\/mapa-competencies-digitals-per-a-professionals-de-la-salut-300x225.png 300w, https:\/\/ticsalutsocial.atoom.space\/wp-content\/uploads\/2024\/07\/mapa-competencies-digitals-per-a-professionals-de-la-salut-1024x768.png 1024w, https:\/\/ticsalutsocial.atoom.space\/wp-content\/uploads\/2024\/07\/mapa-competencies-digitals-per-a-professionals-de-la-salut-768x576.png 768w\" sizes=\"auto, (max-width: 1280px) 100vw, 1280px\" \/>                        <\/div>\n                        <div class=\"relnews--content\">\n                            <p><span class=\"relnews--title\">Ya disponible el nuevo mapa de competencias digitales para profesionales de la salud<\/span><\/p>\n                        <\/div>\n                    <\/a>\n                <\/div>\n            <\/div>\n            <\/div>\n<\/div>\n","protected":false},"excerpt":{"rendered":"<p>Ante el escenario actual marcado por el aumento en la digitalizaci\u00f3n de los procesos asistenciales, de las relaciones y de la aparici\u00f3n de nuevas potencialidades, los profesionales desempe\u00f1an un rol imprescindible para el establecimiento de nuevos modelos de atenci\u00f3n a la poblaci\u00f3n. En este sentido, se requieren actuaciones que hagan posible la capacitaci\u00f3n de estos [&hellip;]<\/p>\n","protected":false},"author":21,"featured_media":0,"parent":13845,"menu_order":0,"comment_status":"closed","ping_status":"closed","template":"page-templates\/section--competencies-digitals.php","meta":{"_acf_changed":false,"inline_featured_image":false,"footnotes":""},"tipus":[],"class_list":["post-31363","page","type-page","status-publish","hentry"],"acf":[],"yoast_head":"<!-- This site is optimized with the Yoast SEO plugin v27.1.1 - https:\/\/yoast.com\/product\/yoast-seo-wordpress\/ -->\n<title>Introducci\u00f3n - Fundaci\u00f3 TIC Salut i Social<\/title>\n<meta name=\"robots\" content=\"index, follow, max-snippet:-1, max-image-preview:large, max-video-preview:-1\" \/>\n<link rel=\"canonical\" href=\"https:\/\/ticsalutsocial.atoom.space\/es\/que-fem\/competencies-professionals\/introduccion\/\" \/>\n<meta property=\"og:locale\" content=\"es_ES\" \/>\n<meta property=\"og:type\" content=\"article\" \/>\n<meta property=\"og:title\" content=\"Introducci\u00f3n - Fundaci\u00f3 TIC Salut i Social\" \/>\n<meta property=\"og:description\" content=\"Ante el escenario actual marcado por el aumento en la digitalizaci\u00f3n de los procesos asistenciales, de las relaciones y de la aparici\u00f3n de nuevas potencialidades, los profesionales desempe\u00f1an un rol imprescindible para el establecimiento de nuevos modelos de atenci\u00f3n a la poblaci\u00f3n. En este sentido, se requieren actuaciones que hagan posible la capacitaci\u00f3n de estos [&hellip;]\" \/>\n<meta property=\"og:url\" content=\"https:\/\/ticsalutsocial.atoom.space\/es\/que-fem\/competencies-professionals\/introduccion\/\" \/>\n<meta property=\"og:site_name\" content=\"Fundaci\u00f3 TIC Salut i Social\" \/>\n<meta property=\"article:modified_time\" content=\"2025-06-06T10:03:33+00:00\" \/>\n<meta name=\"twitter:card\" content=\"summary_large_image\" \/>\n<meta name=\"twitter:label1\" content=\"Tiempo de lectura\" \/>\n\t<meta name=\"twitter:data1\" content=\"1 minuto\" \/>\n<script type=\"application\/ld+json\" class=\"yoast-schema-graph\">{\"@context\":\"https:\/\/schema.org\",\"@graph\":[{\"@type\":\"WebPage\",\"@id\":\"https:\/\/ticsalutsocial.atoom.space\/es\/que-fem\/competencies-professionals\/introduccion\/\",\"url\":\"https:\/\/ticsalutsocial.atoom.space\/es\/que-fem\/competencies-professionals\/introduccion\/\",\"name\":\"Introducci\u00f3n - Fundaci\u00f3 TIC Salut i Social\",\"isPartOf\":{\"@id\":\"https:\/\/ticsalutsocial.atoom.space\/es\/#website\"},\"datePublished\":\"2025-02-25T09:37:14+00:00\",\"dateModified\":\"2025-06-06T10:03:33+00:00\",\"breadcrumb\":{\"@id\":\"https:\/\/ticsalutsocial.atoom.space\/es\/que-fem\/competencies-professionals\/introduccion\/#breadcrumb\"},\"inLanguage\":\"es\",\"potentialAction\":[{\"@type\":\"ReadAction\",\"target\":[\"https:\/\/ticsalutsocial.atoom.space\/es\/que-fem\/competencies-professionals\/introduccion\/\"]}]},{\"@type\":\"BreadcrumbList\",\"@id\":\"https:\/\/ticsalutsocial.atoom.space\/es\/que-fem\/competencies-professionals\/introduccion\/#breadcrumb\",\"itemListElement\":[{\"@type\":\"ListItem\",\"position\":1,\"name\":\"Inici\",\"item\":\"https:\/\/ticsalutsocial.atoom.space\/es\/\"},{\"@type\":\"ListItem\",\"position\":2,\"name\":\"Que Fem\",\"item\":\"https:\/\/ticsalutsocial.atoom.space\/es\/que-fem\/\"},{\"@type\":\"ListItem\",\"position\":3,\"name\":\"Competencias profesionales\",\"item\":\"https:\/\/ticsalutsocial.atoom.space\/es\/que-fem\/competencies-professionals\/\"},{\"@type\":\"ListItem\",\"position\":4,\"name\":\"Introducci\u00f3n\"}]},{\"@type\":\"WebSite\",\"@id\":\"https:\/\/ticsalutsocial.atoom.space\/es\/#website\",\"url\":\"https:\/\/ticsalutsocial.atoom.space\/es\/\",\"name\":\"Fundaci\u00f3 TIC Salut i Social\",\"description\":\"\",\"potentialAction\":[{\"@type\":\"SearchAction\",\"target\":{\"@type\":\"EntryPoint\",\"urlTemplate\":\"https:\/\/ticsalutsocial.atoom.space\/es\/?s={search_term_string}\"},\"query-input\":{\"@type\":\"PropertyValueSpecification\",\"valueRequired\":true,\"valueName\":\"search_term_string\"}}],\"inLanguage\":\"es\"}]}<\/script>\n<!-- \/ Yoast SEO plugin. -->","yoast_head_json":{"title":"Introducci\u00f3n - Fundaci\u00f3 TIC Salut i Social","robots":{"index":"index","follow":"follow","max-snippet":"max-snippet:-1","max-image-preview":"max-image-preview:large","max-video-preview":"max-video-preview:-1"},"canonical":"https:\/\/ticsalutsocial.atoom.space\/es\/que-fem\/competencies-professionals\/introduccion\/","og_locale":"es_ES","og_type":"article","og_title":"Introducci\u00f3n - Fundaci\u00f3 TIC Salut i Social","og_description":"Ante el escenario actual marcado por el aumento en la digitalizaci\u00f3n de los procesos asistenciales, de las relaciones y de la aparici\u00f3n de nuevas potencialidades, los profesionales desempe\u00f1an un rol imprescindible para el establecimiento de nuevos modelos de atenci\u00f3n a la poblaci\u00f3n. En este sentido, se requieren actuaciones que hagan posible la capacitaci\u00f3n de estos [&hellip;]","og_url":"https:\/\/ticsalutsocial.atoom.space\/es\/que-fem\/competencies-professionals\/introduccion\/","og_site_name":"Fundaci\u00f3 TIC Salut i Social","article_modified_time":"2025-06-06T10:03:33+00:00","twitter_card":"summary_large_image","twitter_misc":{"Tiempo de lectura":"1 minuto"},"schema":{"@context":"https:\/\/schema.org","@graph":[{"@type":"WebPage","@id":"https:\/\/ticsalutsocial.atoom.space\/es\/que-fem\/competencies-professionals\/introduccion\/","url":"https:\/\/ticsalutsocial.atoom.space\/es\/que-fem\/competencies-professionals\/introduccion\/","name":"Introducci\u00f3n - Fundaci\u00f3 TIC Salut i Social","isPartOf":{"@id":"https:\/\/ticsalutsocial.atoom.space\/es\/#website"},"datePublished":"2025-02-25T09:37:14+00:00","dateModified":"2025-06-06T10:03:33+00:00","breadcrumb":{"@id":"https:\/\/ticsalutsocial.atoom.space\/es\/que-fem\/competencies-professionals\/introduccion\/#breadcrumb"},"inLanguage":"es","potentialAction":[{"@type":"ReadAction","target":["https:\/\/ticsalutsocial.atoom.space\/es\/que-fem\/competencies-professionals\/introduccion\/"]}]},{"@type":"BreadcrumbList","@id":"https:\/\/ticsalutsocial.atoom.space\/es\/que-fem\/competencies-professionals\/introduccion\/#breadcrumb","itemListElement":[{"@type":"ListItem","position":1,"name":"Inici","item":"https:\/\/ticsalutsocial.atoom.space\/es\/"},{"@type":"ListItem","position":2,"name":"Que Fem","item":"https:\/\/ticsalutsocial.atoom.space\/es\/que-fem\/"},{"@type":"ListItem","position":3,"name":"Competencias profesionales","item":"https:\/\/ticsalutsocial.atoom.space\/es\/que-fem\/competencies-professionals\/"},{"@type":"ListItem","position":4,"name":"Introducci\u00f3n"}]},{"@type":"WebSite","@id":"https:\/\/ticsalutsocial.atoom.space\/es\/#website","url":"https:\/\/ticsalutsocial.atoom.space\/es\/","name":"Fundaci\u00f3 TIC Salut i Social","description":"","potentialAction":[{"@type":"SearchAction","target":{"@type":"EntryPoint","urlTemplate":"https:\/\/ticsalutsocial.atoom.space\/es\/?s={search_term_string}"},"query-input":{"@type":"PropertyValueSpecification","valueRequired":true,"valueName":"search_term_string"}}],"inLanguage":"es"}]}},"_links":{"self":[{"href":"https:\/\/ticsalutsocial.atoom.space\/es\/wp-json\/wp\/v2\/pages\/31363","targetHints":{"allow":["GET"]}}],"collection":[{"href":"https:\/\/ticsalutsocial.atoom.space\/es\/wp-json\/wp\/v2\/pages"}],"about":[{"href":"https:\/\/ticsalutsocial.atoom.space\/es\/wp-json\/wp\/v2\/types\/page"}],"author":[{"embeddable":true,"href":"https:\/\/ticsalutsocial.atoom.space\/es\/wp-json\/wp\/v2\/users\/21"}],"replies":[{"embeddable":true,"href":"https:\/\/ticsalutsocial.atoom.space\/es\/wp-json\/wp\/v2\/comments?post=31363"}],"version-history":[{"count":3,"href":"https:\/\/ticsalutsocial.atoom.space\/es\/wp-json\/wp\/v2\/pages\/31363\/revisions"}],"predecessor-version":[{"id":32519,"href":"https:\/\/ticsalutsocial.atoom.space\/es\/wp-json\/wp\/v2\/pages\/31363\/revisions\/32519"}],"up":[{"embeddable":true,"href":"https:\/\/ticsalutsocial.atoom.space\/es\/wp-json\/wp\/v2\/pages\/13845"}],"wp:attachment":[{"href":"https:\/\/ticsalutsocial.atoom.space\/es\/wp-json\/wp\/v2\/media?parent=31363"}],"wp:term":[{"taxonomy":"tipus","embeddable":true,"href":"https:\/\/ticsalutsocial.atoom.space\/es\/wp-json\/wp\/v2\/tipus?post=31363"}],"curies":[{"name":"wp","href":"https:\/\/api.w.org\/{rel}","templated":true}]}}