
{"id":31417,"date":"2025-02-25T11:42:13","date_gmt":"2025-02-25T09:42:13","guid":{"rendered":"https:\/\/ticsalutsocial.atoom.space\/que-fem\/competencies-professionals\/mapa-de-competencias-digitales-en-salud\/"},"modified":"2025-04-14T16:00:27","modified_gmt":"2025-04-14T14:00:27","slug":"mapa-de-competencias-digitales-en-salud","status":"publish","type":"page","link":"https:\/\/ticsalutsocial.atoom.space\/es\/que-fem\/competencies-professionals\/mapa-de-competencias-digitales-en-salud\/","title":{"rendered":"Mapa de competencias digitales en Salud"},"content":{"rendered":"\n<p><b>Autor\u00eda: Montse Guitert \/ Teresa Romeu \/ Eul\u00e0lia Hern\u00e1ndez \/ Francesc Saig\u00ed<\/b><\/p>\n\n<p><span style=\"font-weight: 400;\">Te damos la bienvenida al <\/span><b>mapa de competencias digitales para los profesionales de profesiones sanitarias<\/b><span style=\"font-weight: 400;\"> donde encontrar\u00e1s un conjunto de conocimientos, habilidades y actitudes que te permiten integrar el uso las tecnolog\u00edas digitales de forma segura y eficiente en tu tarea como profesional de la Salud de Catalu\u00f1a.<\/span><\/p>\n\n<h2 class=\"wp-block-heading\">\u00bfQu\u00e9 es el mapa de competencias digitales en \/Salut?<\/h2>\n\n<p>Es la recopilaci\u00f3n de las competencias digitales concretas para las profesiones sanitarias con el objetivo de situar y orientar a los profesionales sobre cu\u00e1les son las competencias digitales a desarrollar para ejercer la profesi\u00f3n de una forma segura, c\u00edvica y cr\u00edtica ante la transformaci\u00f3n digital en el \u00e1mbito de la Salut.&#13;\n<\/p>\n\n<h2 class=\"wp-block-heading\">\u00bfDe d\u00f3nde viene?<\/h2>\n\n<p>Este mapa de competencias se ha llevado a cabo como continuaci\u00f3n del trabajo del Grupo 4 del Foro de Di\u00e1logo profesional: \u00abMejorar las competencias TIC de los profesionales de la salud, avanzar en un uso de las TIC que facilite la humanizaci\u00f3n de la atenci\u00f3n presencial y en el dise\u00f1o de servicios de atenci\u00f3n no presencial\u00bb.&#13;\n<\/p>\n\n<p>M\u00e1s informaci\u00f3n<\/p>\n\n<p class=\"ticsalut-btn\"><a href=\"https:\/\/salutweb.gencat.cat\/web\/.content\/_departament\/eixos-xiv-legislatura\/1r_forum_dialeg_professional\/documents\/conclusions-forum-dialeg-professional.pdf\" target=\"_blank\" rel=\"noreferrer noopener\"><strong>C<\/strong><b>onclusiones Foro de Di\u00e1logo Profesional (PDF)<\/b><\/a><\/p>\n\n<h2 class=\"wp-block-heading\">\u00bfC\u00f3mo funciona?<\/h2>\n\n<p>A continuaci\u00f3n encontrar\u00e1s la definici\u00f3n de las 4 \u00e1reas tem\u00e1ticas y las 10 competencias digitales que las componen.&#13;\n<\/p>\n\n<p>Cada competencia recoge las palabras clave y los indicadores que describen las variables que permiten comprobar si se han alcanzado y en qu\u00e9 nivel.&#13;\n<\/p>\n\n<h1 class=\"wp-block-heading\">\u00c1reas tem\u00e1ticas de las competencias digitales<\/h1>\n\n<div class=\"accordion_example1 accordion_arees-tematiques-de-les-competencies-digitals smk_accordion acc_with_icon\">\r\n\t<div class=\"accordion_in\">\r\n\t\t<div class=\"acc_head\"><div class=\"acc_icon_expand\"><\/div>Acceso, gesti\u00f3n y an\u00e1lisis de datos<\/div>\r\n\t\t<div class=\"acc_content\" style=\"display: none;\">\r\n\t\t\t<h3>COMPETENCIAS<\/h3>\r\n\t\t\t<h3><strong>1 \u00b7 GESTI\u00d3N DE DATOS:<\/strong><\/h3>\r\n\t\t\t<p>Gestiona datos e informaci\u00f3n sanitaria y social, en cualquiera de sus fases (acceso, recogida, monitorizaci\u00f3n, almacenamiento, recuperaci\u00f3n, filtrado, eliminaci\u00f3n&#8230;) proveniente de diferentes fuentes de informaci\u00f3n y formatos.<\/p>\r\n\t\t\t<h3>Indicadores<\/h3>\r\n\t\t\t<ul><li>Utiliza las diferentes fuentes de datos de informaci\u00f3n sanitaria y social m\u00e1s adecuadas en funci\u00f3n del objetivo perseguido.<\/li>\r\n\t\t\t\t<li>Asegura que la informaci\u00f3n vinculada al registro sanitario y social refleja la idoneidad, calidad, integridad y autenticidad.<\/li>\r\n\t\t\t\t<li>Aplica y promueve las pol\u00edticas y medidas organizativas y reguladoras de acceso, recogida, monitorizaci\u00f3n, almacenamiento, recuperaci\u00f3n, filtrado y eliminaci\u00f3n de datos e informaci\u00f3n sanitaria y social en funci\u00f3n de su puesto de trabajo.<\/li>\r\n\t\t\t<\/ul><p>\u00a0<\/p>\r\n\t\t\t<h3>Palabras clave<\/h3>\r\n\t\t\t<ul><li>Sistemas integrados (continuum asistencial).<\/li>\r\n\t\t\t\t<li>Registros de informaci\u00f3n sanitaria y social.<\/li>\r\n\t\t\t\t<li>Gesti\u00f3n de la informaci\u00f3n.<\/li>\r\n\t\t\t\t<li>Gobernanza de datos: trazabilidad e interoperabilidad.<\/li>\r\n\t\t\t\t<li>Sistemas de informaci\u00f3n en Salut.<\/li>\r\n\t\t\t\t<li>Sistemas de ayuda a la decisi\u00f3n \/herramientas de apoyo a la decisi\u00f3n.<\/li>\r\n\t\t\t\t<li>B\u00fasqueda de servicios de Salut.<\/li>\r\n\t\t\t\t<li>Evaluaci\u00f3n de servicios de Salut.<\/li>\r\n\t\t\t<\/ul><p>\u00a0<\/p>\r\n\t\t\t<h3><strong>2 \u00b7 AN\u00c1LISIS DE DATOS:<\/strong><\/h3>\r\n\t\t\t<p>Analiza e interpreta datos y conjuntos de \u00e9stos con la ayuda de algoritmos, inteligencia artificial, datos masivos y herramientas digitales.<\/p>\r\n\t\t\t<h3>Indicadores<\/h3>\r\n\t\t\t<ul><li>Obtiene datos de sitios web, de servicios y\/o aplicaciones, y los trata para facilitar la toma de decisiones en torno a salud y social (cuadros de mando, inteligencia artificial de negocio, anal\u00edtica web,&#8230;).<\/li>\r\n\t\t\t\t<li>Organiza y sintetiza datos para crear, ejecutar y analizar informes seg\u00fan corresponda a su puesto de trabajo.<\/li>\r\n\t\t\t\t<li>Selecciona y dise\u00f1a indicadores \u00f3ptimos para medir, agrupar, comparar y relacionar los datos seg\u00fan la finalidad.<\/li>\r\n\t\t\t<\/ul><p>\u00a0<\/p>\r\n\t\t\t<h3>Palabras clave<\/h3>\r\n\t\t\t<ul><li>Est\u00e1ndares de codificaci\u00f3n en Salut (CIM, ATIC, NIC\/NOC\/NANDA, SNOMED,&#8230;).<\/li>\r\n\t\t\t\t<li>An\u00e1lisis y evaluaci\u00f3n de datos (m\u00e9tricas, resultados, KPI,&#8230;).<\/li>\r\n\t\t\t\t<li>Datos masivos.<\/li>\r\n\t\t\t<\/ul><\/div>\r\n\t<\/div>\r\n\r\n\t<div class=\"accordion_in\">\r\n\t\t<div class=\"acc_head\"><div class=\"acc_icon_expand\"><\/div>Comunicaci\u00f3n y Colaboraci\u00f3n<\/div>\r\n\t\t<div class=\"acc_content\" style=\"display: none;\">\r\n\t<h3>COMPETENCIAS<\/h3>\r\n\t<h3><strong>1 \u00b7 COMUNICACI\u00d3N:<\/strong><\/h3>\r\n\t<p>Fomenta la comunicaci\u00f3n, la interacci\u00f3n y el intercambio de informaci\u00f3n y datos sanitarios y sociales a trav\u00e9s de herramientas digitales (s\u00edncronas\/as\u00edncronas) y adaptadas a los diferentes actores implicados.<\/p>\r\n\t<h3>Indicadores<\/h3>\r\n\t<ul><li>Fomenta el uso de herramientas de comunicaci\u00f3n de salud digital para facilitar la asistencia, que puede ser en l\u00ednea.<\/li>\r\n\t\t<li>Elige y utiliza la herramienta de comunicaci\u00f3n m\u00e1s adecuada seg\u00fan el contexto y los actores implicados en los diferentes servicios disponibles.<\/li>\r\n\t\t<li>Apoya a los diferentes actores en la utilizaci\u00f3n de herramientas para intercambiar datos sanitarios y sociales.<\/li>\r\n\t<\/ul><p>\u00a0<\/p>\r\n\t<h3>Palabras clave<\/h3>\r\n\t<ul><li>Sistemas de informaci\u00f3n en Salud.<\/li>\r\n\t\t<li>Comunicaci\u00f3n s\u00edncrona \/ as\u00edncrona.<\/li>\r\n\t\t<li>Relaci\u00f3n digital asistencial y ciudadan\u00eda.<\/li>\r\n\t<\/ul><p>\u00a0<\/p>\r\n\t<h3><strong>2 \u00b7 COLABORACI\u00d3N:<\/strong><\/h3>\r\n\t<p>Potencia y promueve la colaboraci\u00f3n en red entre los diferentes actores con objetivos y finalidades compartidas.<\/p>\r\n\t<h3>Indicadores<\/h3>\r\n\t<ul><li>Promueve la incorporaci\u00f3n de herramientas digitales para mejorar o innovar en las metodolog\u00edas de colaboraci\u00f3n y trabajo en equipo en el entorno sanitario y social.<\/li>\r\n\t\t<li>Detecta y participa activamente en redes vinculadas al \u00e1mbito sanitario y social, a nivel nacional e internacional.<\/li>\r\n\t\t<li>Promueve la conexi\u00f3n entre diferentes personas y organizaciones en redes vinculadas al entorno sanitario y social para el intercambio de aprendizajes, conocimiento, recursos y buenas pr\u00e1cticas.<\/li>\r\n\t<\/ul><p>\u00a0<\/p>\r\n\t<h3>Palabras clave<\/h3>\r\n\t<ul><li>Trabajo colaborativo en red.<\/li>\r\n\t<\/ul><p>\u00a0<\/p>\r\n\t<h3><strong>3 \u00b7 CONTENIDOS DIGITALES:<\/strong><\/h3>\r\n\t<p>Crea, publica y comparte contenidos digitales relacionados con la salud, valorando el contexto y el canal m\u00e1s apropiado y atendiendo al objetivo y a las personas destinatarias (ciudadan\u00eda, usuarios de los servicios de Salud, profesionales sanitarios o externos).<\/p>\r\n\t<h3>Indicadores<\/h3>\r\n\t<ul><li>Utiliza herramientas digitales de dise\u00f1o y edici\u00f3n para producir contenido cient\u00edfico-sanitario adaptado a las personas destinatarias y al canal de comunicaci\u00f3n.<\/li>\r\n\t\t<li>Define una estrategia de comunicaci\u00f3n y difusi\u00f3n digital para alcanzar los objetivos definidos seg\u00fan su rol profesional.<\/li>\r\n\t<\/ul><p>\u00a0<\/p>\r\n\t<h3>Palabras clave<\/h3>\r\n\t<ul><li>Sistemas de informaci\u00f3n en Salud.<\/li>\r\n\t\t<li>Relaci\u00f3n digital asistencial y ciudadan\u00eda.<\/li>\r\n\t<\/ul><\/div>\r\n<\/div>\r\n\r\n<div class=\"accordion_in\">\r\n\t<div class=\"acc_head\"><div class=\"acc_icon_expand\"><\/div>Conciencia digital<\/div>\r\n\t<div class=\"acc_content\" style=\"display: none;\">\r\n\t\t<h3>COMPETENCIAS<\/h3>\r\n\t\t<h3><strong>1 \u00b7 PROTECCI\u00d3N DE DATOS:<\/strong><\/h3>\r\n\t\t<p>Asegura el cumplimiento de los protocolos, marcos reguladores y normativa sobre privacidad, confidencialidad y protecci\u00f3n de la informaci\u00f3n y datos sanitarios y sociales.<\/p>\r\n\t\t<h3>Indicadores<\/h3>\r\n\t\t<ul><li>Aplica los requerimientos vigentes sobre privacidad, confidencialidad y protecci\u00f3n de la informaci\u00f3n de datos sanitarios y sociales,<\/li>\r\n\t\t\t<li>Eval\u00faa de forma cr\u00edtica los requerimientos de privacidad y seguridad relacionados con los registros y divulgaci\u00f3n de informaci\u00f3n sanitaria y social protegida, seg\u00fan su rol profesional.<\/li>\r\n\t\t\t<li>Informa y \/ o denuncia cualquier posible incumplimiento, retenci\u00f3n o destrucci\u00f3n indebida de informaci\u00f3n sanitaria y social, y se asegura que se toman las medidas correctoras adecuadas cuando se haya comprometido la privacidad o la seguridad de cualquier informaci\u00f3n confidencial.<\/li>\r\n\t\t<\/ul><p>\u00a0<\/p>\r\n\t\t<h3>Palabras clave<\/h3>\r\n\t\t<ul><li>Privacidad.<\/li>\r\n\t\t\t<li>Seguridad.<\/li>\r\n\t\t\t<li>Confidencialidad.<\/li>\r\n\t\t\t<li>Protecci\u00f3n y acceso de la informaci\u00f3n.<\/li>\r\n\t\t<\/ul><p>\u00a0<\/p>\r\n\t\t<h3><strong>2 \u00b7 \u00c9TICA Y CIVISMO:<\/strong><\/h3>\r\n\t\t<p>Aplica principios \u00e9ticos, criterios de seguridad y civismo en el uso responsable de las tecnolog\u00edas -canales, herramientas y lenguajes- digitales en Salud.<\/p>\r\n\t\t<h3>Indicadores<\/h3>\r\n\t\t<ul><li>Utiliza mecanismos para mantener la seguridad de los sistemas y dispositivos de intercambio de informaci\u00f3n sanitaria y social.<\/li>\r\n\t\t\t<li>Atiende a los derechos de autor\u00eda y utiliza las licencias de propiedad intelectual cuando dise\u00f1a, implementa, investiga y \/ o difunde contenido sanitario y social.<\/li>\r\n\t\t\t<li>Impulsa y garantiza buenas pr\u00e1cticas de respeto, de convivencia y \u00e9ticas en el entorno sanitario y social.<\/li>\r\n\t\t<\/ul><p>\u00a0<\/p>\r\n\t\t<h3>Palabras clave<\/h3>\r\n\t\t<ul><li>Reputaci\u00f3n digital.<\/li>\r\n\t\t\t<li>\u00c9tica.<\/li>\r\n\t\t\t<li>Propiedad intelectual.<\/li>\r\n\t\t\t<li>C\u00f3digo deontol\u00f3gico.<\/li>\r\n\t\t<\/ul><\/div>\r\n<\/div>\r\n\r\n<div class=\"accordion_in\">\r\n\t<div class=\"acc_head\"><div class=\"acc_icon_expand\"><\/div>Desarrollo profesional<\/div>\r\n\t<div class=\"acc_content\" style=\"display: none;\">\r\n\t\t<h3>COMPETENCIAS<\/h3>\r\n\t\t<h3><strong>1 \u00b7 CAPACITACI\u00d3N DIGITAL:<\/strong><\/h3>\r\n\t\t<p>Se forma y se actualiza constantemente en salud digital.<\/p>\r\n\t\t<h3>Indicadores<\/h3>\r\n\t\t<ul><li>Muestra una actitud cr\u00edtica y proactiva por el aprendizaje en competencia digital a lo largo de la vida profesional.<\/li>\r\n\t\t\t<li>Identifica las tecnolog\u00edas m\u00e1s avanzadas y eval\u00faa las posibilidades que tienen en el \u00e1mbito de la salud.<\/li>\r\n\t\t<\/ul><p>\u00a0<\/p>\r\n\t\t<h3>Palabras clave<\/h3>\r\n\t\t<ul><li>Alfabetizaci\u00f3n en salud digital.<\/li>\r\n\t\t<\/ul><p>\u00a0<\/p>\r\n\t\t<h3><strong>2 \u00b7 IDENTIDAD DIGITAL:<\/strong><\/h3>\r\n\t\t<p>Gestiona su identidad digital profesional y vela por una reputaci\u00f3n digital \u00f3ptima<\/p>\r\n\t\t<h3>Indicadores<\/h3>\r\n\t\t<ul><li>Protege la identidad digital profesional y la diferencia de la identidad digital personal.<\/li>\r\n\t\t\t<li>Monitoriza y analiza estrategias para la optimizaci\u00f3n de su reputaci\u00f3n digital profesional.<\/li>\r\n\t\t<\/ul><p>\u00a0<\/p>\r\n\t\t<h3>Palabras clave<\/h3>\r\n\t\t<ul><li>Identidad digital profesional.<\/li>\r\n\t\t\t<li>Identidad digital personal.<\/li>\r\n\t\t\t<li>Reputaci\u00f3n digital.<\/li>\r\n\t\t<\/ul><p>\u00a0<\/p>\r\n\t\t<h3><strong>3 \u00b7 TRANSFORMACI\u00d3N DIGITAL:<\/strong><\/h3>\r\n\t\t<p>Participa y promueve la transformaci\u00f3n digital en el \u00e1mbito de la salud.<\/p>\r\n\t\t<h3>Indicadores<\/h3>\r\n\t\t<ul><li>Participa en la (re)definici\u00f3n de procesos de transformaci\u00f3n digital seg\u00fan su rol en la instituci\u00f3n.<\/li>\r\n\t\t\t<li>Busca y prioriza la generaci\u00f3n de soluciones y \/ o productos digitales en el \u00e1mbito de la salud y social seg\u00fan el rol profesional.<\/li>\r\n\t\t\t<li>Participa activa y constructivamente en el debate sobre la transformaci\u00f3n digital del \u00e1mbito salud y social.<\/li>\r\n\t\t<\/ul><p>\u00a0<\/p>\r\n\t\t<h3>Palabras clave<\/h3>\r\n\t\t<ul><li>Transformaci\u00f3n digital.<\/li>\r\n\t\t<\/ul><\/div>\r\n\t<\/div>\r\n\r\n<\/div>\r\n","protected":false},"excerpt":{"rendered":"<p>Autor\u00eda: Montse Guitert \/ Teresa Romeu \/ Eul\u00e0lia Hern\u00e1ndez \/ Francesc Saig\u00ed Te damos la bienvenida al mapa de competencias digitales para los profesionales de profesiones sanitarias donde encontrar\u00e1s un conjunto de conocimientos, habilidades y actitudes que te permiten integrar el uso las tecnolog\u00edas digitales de forma segura y eficiente en tu tarea como profesional [&hellip;]<\/p>\n","protected":false},"author":21,"featured_media":0,"parent":13845,"menu_order":0,"comment_status":"closed","ping_status":"closed","template":"page-templates\/section--competencies-digitals.php","meta":{"_acf_changed":false,"inline_featured_image":false,"footnotes":""},"tipus":[],"class_list":["post-31417","page","type-page","status-publish","hentry"],"acf":[],"yoast_head":"<!-- This site is optimized with the Yoast SEO plugin v27.1.1 - https:\/\/yoast.com\/product\/yoast-seo-wordpress\/ -->\n<title>Mapa de competencias digitales en Salud - Fundaci\u00f3 TIC Salut i Social<\/title>\n<meta name=\"robots\" content=\"index, follow, max-snippet:-1, max-image-preview:large, max-video-preview:-1\" \/>\n<link rel=\"canonical\" href=\"https:\/\/ticsalutsocial.atoom.space\/es\/que-fem\/competencies-professionals\/mapa-de-competencias-digitales-en-salud\/\" \/>\n<meta property=\"og:locale\" content=\"es_ES\" \/>\n<meta property=\"og:type\" content=\"article\" \/>\n<meta property=\"og:title\" content=\"Mapa de competencias digitales en Salud - Fundaci\u00f3 TIC Salut i Social\" \/>\n<meta property=\"og:description\" content=\"Autor\u00eda: Montse Guitert \/ Teresa Romeu \/ Eul\u00e0lia Hern\u00e1ndez \/ Francesc Saig\u00ed Te damos la bienvenida al mapa de competencias digitales para los profesionales de profesiones sanitarias donde encontrar\u00e1s un conjunto de conocimientos, habilidades y actitudes que te permiten integrar el uso las tecnolog\u00edas digitales de forma segura y eficiente en tu tarea como profesional [&hellip;]\" \/>\n<meta property=\"og:url\" content=\"https:\/\/ticsalutsocial.atoom.space\/es\/que-fem\/competencies-professionals\/mapa-de-competencias-digitales-en-salud\/\" \/>\n<meta property=\"og:site_name\" content=\"Fundaci\u00f3 TIC Salut i Social\" \/>\n<meta property=\"article:modified_time\" content=\"2025-04-14T14:00:27+00:00\" \/>\n<meta name=\"twitter:card\" content=\"summary_large_image\" \/>\n<meta name=\"twitter:label1\" content=\"Tiempo de lectura\" \/>\n\t<meta name=\"twitter:data1\" content=\"7 minutos\" \/>\n<script type=\"application\/ld+json\" class=\"yoast-schema-graph\">{\"@context\":\"https:\/\/schema.org\",\"@graph\":[{\"@type\":\"WebPage\",\"@id\":\"https:\/\/ticsalutsocial.atoom.space\/es\/que-fem\/competencies-professionals\/mapa-de-competencias-digitales-en-salud\/\",\"url\":\"https:\/\/ticsalutsocial.atoom.space\/es\/que-fem\/competencies-professionals\/mapa-de-competencias-digitales-en-salud\/\",\"name\":\"Mapa de competencias digitales en Salud - Fundaci\u00f3 TIC Salut i Social\",\"isPartOf\":{\"@id\":\"https:\/\/ticsalutsocial.atoom.space\/es\/#website\"},\"datePublished\":\"2025-02-25T09:42:13+00:00\",\"dateModified\":\"2025-04-14T14:00:27+00:00\",\"breadcrumb\":{\"@id\":\"https:\/\/ticsalutsocial.atoom.space\/es\/que-fem\/competencies-professionals\/mapa-de-competencias-digitales-en-salud\/#breadcrumb\"},\"inLanguage\":\"es\",\"potentialAction\":[{\"@type\":\"ReadAction\",\"target\":[\"https:\/\/ticsalutsocial.atoom.space\/es\/que-fem\/competencies-professionals\/mapa-de-competencias-digitales-en-salud\/\"]}]},{\"@type\":\"BreadcrumbList\",\"@id\":\"https:\/\/ticsalutsocial.atoom.space\/es\/que-fem\/competencies-professionals\/mapa-de-competencias-digitales-en-salud\/#breadcrumb\",\"itemListElement\":[{\"@type\":\"ListItem\",\"position\":1,\"name\":\"Inici\",\"item\":\"https:\/\/ticsalutsocial.atoom.space\/es\/\"},{\"@type\":\"ListItem\",\"position\":2,\"name\":\"Que Fem\",\"item\":\"https:\/\/ticsalutsocial.atoom.space\/es\/que-fem\/\"},{\"@type\":\"ListItem\",\"position\":3,\"name\":\"Competencias profesionales\",\"item\":\"https:\/\/ticsalutsocial.atoom.space\/es\/que-fem\/competencies-professionals\/\"},{\"@type\":\"ListItem\",\"position\":4,\"name\":\"Mapa de competencias digitales en Salud\"}]},{\"@type\":\"WebSite\",\"@id\":\"https:\/\/ticsalutsocial.atoom.space\/es\/#website\",\"url\":\"https:\/\/ticsalutsocial.atoom.space\/es\/\",\"name\":\"Fundaci\u00f3 TIC Salut i Social\",\"description\":\"\",\"potentialAction\":[{\"@type\":\"SearchAction\",\"target\":{\"@type\":\"EntryPoint\",\"urlTemplate\":\"https:\/\/ticsalutsocial.atoom.space\/es\/?s={search_term_string}\"},\"query-input\":{\"@type\":\"PropertyValueSpecification\",\"valueRequired\":true,\"valueName\":\"search_term_string\"}}],\"inLanguage\":\"es\"}]}<\/script>\n<!-- \/ Yoast SEO plugin. -->","yoast_head_json":{"title":"Mapa de competencias digitales en Salud - Fundaci\u00f3 TIC Salut i Social","robots":{"index":"index","follow":"follow","max-snippet":"max-snippet:-1","max-image-preview":"max-image-preview:large","max-video-preview":"max-video-preview:-1"},"canonical":"https:\/\/ticsalutsocial.atoom.space\/es\/que-fem\/competencies-professionals\/mapa-de-competencias-digitales-en-salud\/","og_locale":"es_ES","og_type":"article","og_title":"Mapa de competencias digitales en Salud - Fundaci\u00f3 TIC Salut i Social","og_description":"Autor\u00eda: Montse Guitert \/ Teresa Romeu \/ Eul\u00e0lia Hern\u00e1ndez \/ Francesc Saig\u00ed Te damos la bienvenida al mapa de competencias digitales para los profesionales de profesiones sanitarias donde encontrar\u00e1s un conjunto de conocimientos, habilidades y actitudes que te permiten integrar el uso las tecnolog\u00edas digitales de forma segura y eficiente en tu tarea como profesional [&hellip;]","og_url":"https:\/\/ticsalutsocial.atoom.space\/es\/que-fem\/competencies-professionals\/mapa-de-competencias-digitales-en-salud\/","og_site_name":"Fundaci\u00f3 TIC Salut i Social","article_modified_time":"2025-04-14T14:00:27+00:00","twitter_card":"summary_large_image","twitter_misc":{"Tiempo de lectura":"7 minutos"},"schema":{"@context":"https:\/\/schema.org","@graph":[{"@type":"WebPage","@id":"https:\/\/ticsalutsocial.atoom.space\/es\/que-fem\/competencies-professionals\/mapa-de-competencias-digitales-en-salud\/","url":"https:\/\/ticsalutsocial.atoom.space\/es\/que-fem\/competencies-professionals\/mapa-de-competencias-digitales-en-salud\/","name":"Mapa de competencias digitales en Salud - Fundaci\u00f3 TIC Salut i Social","isPartOf":{"@id":"https:\/\/ticsalutsocial.atoom.space\/es\/#website"},"datePublished":"2025-02-25T09:42:13+00:00","dateModified":"2025-04-14T14:00:27+00:00","breadcrumb":{"@id":"https:\/\/ticsalutsocial.atoom.space\/es\/que-fem\/competencies-professionals\/mapa-de-competencias-digitales-en-salud\/#breadcrumb"},"inLanguage":"es","potentialAction":[{"@type":"ReadAction","target":["https:\/\/ticsalutsocial.atoom.space\/es\/que-fem\/competencies-professionals\/mapa-de-competencias-digitales-en-salud\/"]}]},{"@type":"BreadcrumbList","@id":"https:\/\/ticsalutsocial.atoom.space\/es\/que-fem\/competencies-professionals\/mapa-de-competencias-digitales-en-salud\/#breadcrumb","itemListElement":[{"@type":"ListItem","position":1,"name":"Inici","item":"https:\/\/ticsalutsocial.atoom.space\/es\/"},{"@type":"ListItem","position":2,"name":"Que Fem","item":"https:\/\/ticsalutsocial.atoom.space\/es\/que-fem\/"},{"@type":"ListItem","position":3,"name":"Competencias profesionales","item":"https:\/\/ticsalutsocial.atoom.space\/es\/que-fem\/competencies-professionals\/"},{"@type":"ListItem","position":4,"name":"Mapa de competencias digitales en Salud"}]},{"@type":"WebSite","@id":"https:\/\/ticsalutsocial.atoom.space\/es\/#website","url":"https:\/\/ticsalutsocial.atoom.space\/es\/","name":"Fundaci\u00f3 TIC Salut i Social","description":"","potentialAction":[{"@type":"SearchAction","target":{"@type":"EntryPoint","urlTemplate":"https:\/\/ticsalutsocial.atoom.space\/es\/?s={search_term_string}"},"query-input":{"@type":"PropertyValueSpecification","valueRequired":true,"valueName":"search_term_string"}}],"inLanguage":"es"}]}},"_links":{"self":[{"href":"https:\/\/ticsalutsocial.atoom.space\/es\/wp-json\/wp\/v2\/pages\/31417","targetHints":{"allow":["GET"]}}],"collection":[{"href":"https:\/\/ticsalutsocial.atoom.space\/es\/wp-json\/wp\/v2\/pages"}],"about":[{"href":"https:\/\/ticsalutsocial.atoom.space\/es\/wp-json\/wp\/v2\/types\/page"}],"author":[{"embeddable":true,"href":"https:\/\/ticsalutsocial.atoom.space\/es\/wp-json\/wp\/v2\/users\/21"}],"replies":[{"embeddable":true,"href":"https:\/\/ticsalutsocial.atoom.space\/es\/wp-json\/wp\/v2\/comments?post=31417"}],"version-history":[{"count":1,"href":"https:\/\/ticsalutsocial.atoom.space\/es\/wp-json\/wp\/v2\/pages\/31417\/revisions"}],"predecessor-version":[{"id":31418,"href":"https:\/\/ticsalutsocial.atoom.space\/es\/wp-json\/wp\/v2\/pages\/31417\/revisions\/31418"}],"up":[{"embeddable":true,"href":"https:\/\/ticsalutsocial.atoom.space\/es\/wp-json\/wp\/v2\/pages\/13845"}],"wp:attachment":[{"href":"https:\/\/ticsalutsocial.atoom.space\/es\/wp-json\/wp\/v2\/media?parent=31417"}],"wp:term":[{"taxonomy":"tipus","embeddable":true,"href":"https:\/\/ticsalutsocial.atoom.space\/es\/wp-json\/wp\/v2\/tipus?post=31417"}],"curies":[{"name":"wp","href":"https:\/\/api.w.org\/{rel}","templated":true}]}}