
{"id":31434,"date":"2025-02-25T11:43:33","date_gmt":"2025-02-25T09:43:33","guid":{"rendered":"https:\/\/ticsalutsocial.atoom.space\/que-fem\/competencies-professionals\/proyectos\/"},"modified":"2025-06-06T12:10:50","modified_gmt":"2025-06-06T10:10:50","slug":"proyectos","status":"publish","type":"page","link":"https:\/\/ticsalutsocial.atoom.space\/es\/que-fem\/competencies-professionals\/proyectos\/","title":{"rendered":"Proyectos"},"content":{"rendered":"\n<p>La Fundaci\u00f3n TIC Salut Social desarrolla el \u00e1mbito de las competencias digitales para Salut a partir de proyectos como COMPDIG-Salut o DELIVER.\r\n<\/p>\n\n\n\n<ul class=\"wp-block-list\">\n<li><b>COMPIDG-Salut:<\/b><span style=\"font-weight: 400;\"> La digitalizaci\u00f3n y el desarrollo de las TIC en los \u00faltimos a\u00f1os ha alterado notablemente la manera en que la sociedad se comunica, obtiene informaci\u00f3n, genera conocimiento y comparte. El sector de la salud no es una excepci\u00f3n, y dado el rol imprescindible que tienen los diferentes profesionales de salud, es necesario dise\u00f1ar una serie de acciones que permitan capacitarlos en este contexto digital.<\/span><\/li>\n<\/ul>\n\n\n\n<p class=\"ticsalut-btn\"><a href=\"https:\/\/ticsalutsocial.atoom.space\/project\/compdig_salut\/\" target=\"_blank\" rel=\"noreferrer noopener\"><strong>Proyecto COMPIDG-Salut<\/strong><\/a><\/p>\n\n\n\n<ul class=\"wp-block-list\">\n<li><b>DELIVER: <\/b><span style=\"font-weight: 400;\">proyecto europeo impulsado entre cuatro regiones europeas para acelerar la transformaci\u00f3n digital de la salud. La Planificaci\u00f3n y Previsi\u00f3n de la Fuerza De Salud de Acci\u00f3n Conjunta de la UE establece que las habilidades digitales son una habilidad futura importante para los trabajadores de la salud.<\/span><\/li>\n<\/ul>\n\n\n\n<p class=\"ticsalut-btn\"><a href=\"https:\/\/ticsalutsocial.atoom.space\/project\/deliver\/\" target=\"_blank\" rel=\"noreferrer noopener\"><strong>Proyecto DELIVER<\/strong><\/a><\/p>\n","protected":false},"excerpt":{"rendered":"<p>La Fundaci\u00f3n TIC Salut Social desarrolla el \u00e1mbito de las competencias digitales para Salut a partir de proyectos como COMPDIG-Salut o DELIVER. Proyecto COMPIDG-Salut Proyecto DELIVER<\/p>\n","protected":false},"author":21,"featured_media":0,"parent":13845,"menu_order":0,"comment_status":"closed","ping_status":"closed","template":"page-templates\/section--competencies-digitals.php","meta":{"_acf_changed":false,"inline_featured_image":false,"footnotes":""},"tipus":[],"class_list":["post-31434","page","type-page","status-publish","hentry"],"acf":[],"yoast_head":"<!-- This site is optimized with the Yoast SEO plugin v27.1.1 - https:\/\/yoast.com\/product\/yoast-seo-wordpress\/ -->\n<title>Proyectos - Fundaci\u00f3 TIC Salut i Social<\/title>\n<meta name=\"robots\" content=\"index, follow, max-snippet:-1, max-image-preview:large, max-video-preview:-1\" \/>\n<link rel=\"canonical\" href=\"https:\/\/ticsalutsocial.atoom.space\/es\/que-fem\/competencies-professionals\/proyectos\/\" \/>\n<meta property=\"og:locale\" content=\"es_ES\" \/>\n<meta property=\"og:type\" content=\"article\" \/>\n<meta property=\"og:title\" content=\"Proyectos - Fundaci\u00f3 TIC Salut i Social\" \/>\n<meta property=\"og:description\" content=\"La Fundaci\u00f3n TIC Salut Social desarrolla el \u00e1mbito de las competencias digitales para Salut a partir de proyectos como COMPDIG-Salut o DELIVER. Proyecto COMPIDG-Salut Proyecto DELIVER\" \/>\n<meta property=\"og:url\" content=\"https:\/\/ticsalutsocial.atoom.space\/es\/que-fem\/competencies-professionals\/proyectos\/\" \/>\n<meta property=\"og:site_name\" content=\"Fundaci\u00f3 TIC Salut i Social\" \/>\n<meta property=\"article:modified_time\" content=\"2025-06-06T10:10:50+00:00\" \/>\n<meta name=\"twitter:card\" content=\"summary_large_image\" \/>\n<script type=\"application\/ld+json\" class=\"yoast-schema-graph\">{\"@context\":\"https:\/\/schema.org\",\"@graph\":[{\"@type\":\"WebPage\",\"@id\":\"https:\/\/ticsalutsocial.atoom.space\/es\/que-fem\/competencies-professionals\/proyectos\/\",\"url\":\"https:\/\/ticsalutsocial.atoom.space\/es\/que-fem\/competencies-professionals\/proyectos\/\",\"name\":\"Proyectos - Fundaci\u00f3 TIC Salut i Social\",\"isPartOf\":{\"@id\":\"https:\/\/ticsalutsocial.atoom.space\/es\/#website\"},\"datePublished\":\"2025-02-25T09:43:33+00:00\",\"dateModified\":\"2025-06-06T10:10:50+00:00\",\"breadcrumb\":{\"@id\":\"https:\/\/ticsalutsocial.atoom.space\/es\/que-fem\/competencies-professionals\/proyectos\/#breadcrumb\"},\"inLanguage\":\"es\",\"potentialAction\":[{\"@type\":\"ReadAction\",\"target\":[\"https:\/\/ticsalutsocial.atoom.space\/es\/que-fem\/competencies-professionals\/proyectos\/\"]}]},{\"@type\":\"BreadcrumbList\",\"@id\":\"https:\/\/ticsalutsocial.atoom.space\/es\/que-fem\/competencies-professionals\/proyectos\/#breadcrumb\",\"itemListElement\":[{\"@type\":\"ListItem\",\"position\":1,\"name\":\"Inici\",\"item\":\"https:\/\/ticsalutsocial.atoom.space\/es\/\"},{\"@type\":\"ListItem\",\"position\":2,\"name\":\"Que Fem\",\"item\":\"https:\/\/ticsalutsocial.atoom.space\/es\/que-fem\/\"},{\"@type\":\"ListItem\",\"position\":3,\"name\":\"Competencias profesionales\",\"item\":\"https:\/\/ticsalutsocial.atoom.space\/es\/que-fem\/competencies-professionals\/\"},{\"@type\":\"ListItem\",\"position\":4,\"name\":\"Proyectos\"}]},{\"@type\":\"WebSite\",\"@id\":\"https:\/\/ticsalutsocial.atoom.space\/es\/#website\",\"url\":\"https:\/\/ticsalutsocial.atoom.space\/es\/\",\"name\":\"Fundaci\u00f3 TIC Salut i Social\",\"description\":\"\",\"potentialAction\":[{\"@type\":\"SearchAction\",\"target\":{\"@type\":\"EntryPoint\",\"urlTemplate\":\"https:\/\/ticsalutsocial.atoom.space\/es\/?s={search_term_string}\"},\"query-input\":{\"@type\":\"PropertyValueSpecification\",\"valueRequired\":true,\"valueName\":\"search_term_string\"}}],\"inLanguage\":\"es\"}]}<\/script>\n<!-- \/ Yoast SEO plugin. -->","yoast_head_json":{"title":"Proyectos - Fundaci\u00f3 TIC Salut i Social","robots":{"index":"index","follow":"follow","max-snippet":"max-snippet:-1","max-image-preview":"max-image-preview:large","max-video-preview":"max-video-preview:-1"},"canonical":"https:\/\/ticsalutsocial.atoom.space\/es\/que-fem\/competencies-professionals\/proyectos\/","og_locale":"es_ES","og_type":"article","og_title":"Proyectos - Fundaci\u00f3 TIC Salut i Social","og_description":"La Fundaci\u00f3n TIC Salut Social desarrolla el \u00e1mbito de las competencias digitales para Salut a partir de proyectos como COMPDIG-Salut o DELIVER. Proyecto COMPIDG-Salut Proyecto DELIVER","og_url":"https:\/\/ticsalutsocial.atoom.space\/es\/que-fem\/competencies-professionals\/proyectos\/","og_site_name":"Fundaci\u00f3 TIC Salut i Social","article_modified_time":"2025-06-06T10:10:50+00:00","twitter_card":"summary_large_image","schema":{"@context":"https:\/\/schema.org","@graph":[{"@type":"WebPage","@id":"https:\/\/ticsalutsocial.atoom.space\/es\/que-fem\/competencies-professionals\/proyectos\/","url":"https:\/\/ticsalutsocial.atoom.space\/es\/que-fem\/competencies-professionals\/proyectos\/","name":"Proyectos - Fundaci\u00f3 TIC Salut i Social","isPartOf":{"@id":"https:\/\/ticsalutsocial.atoom.space\/es\/#website"},"datePublished":"2025-02-25T09:43:33+00:00","dateModified":"2025-06-06T10:10:50+00:00","breadcrumb":{"@id":"https:\/\/ticsalutsocial.atoom.space\/es\/que-fem\/competencies-professionals\/proyectos\/#breadcrumb"},"inLanguage":"es","potentialAction":[{"@type":"ReadAction","target":["https:\/\/ticsalutsocial.atoom.space\/es\/que-fem\/competencies-professionals\/proyectos\/"]}]},{"@type":"BreadcrumbList","@id":"https:\/\/ticsalutsocial.atoom.space\/es\/que-fem\/competencies-professionals\/proyectos\/#breadcrumb","itemListElement":[{"@type":"ListItem","position":1,"name":"Inici","item":"https:\/\/ticsalutsocial.atoom.space\/es\/"},{"@type":"ListItem","position":2,"name":"Que Fem","item":"https:\/\/ticsalutsocial.atoom.space\/es\/que-fem\/"},{"@type":"ListItem","position":3,"name":"Competencias profesionales","item":"https:\/\/ticsalutsocial.atoom.space\/es\/que-fem\/competencies-professionals\/"},{"@type":"ListItem","position":4,"name":"Proyectos"}]},{"@type":"WebSite","@id":"https:\/\/ticsalutsocial.atoom.space\/es\/#website","url":"https:\/\/ticsalutsocial.atoom.space\/es\/","name":"Fundaci\u00f3 TIC Salut i Social","description":"","potentialAction":[{"@type":"SearchAction","target":{"@type":"EntryPoint","urlTemplate":"https:\/\/ticsalutsocial.atoom.space\/es\/?s={search_term_string}"},"query-input":{"@type":"PropertyValueSpecification","valueRequired":true,"valueName":"search_term_string"}}],"inLanguage":"es"}]}},"_links":{"self":[{"href":"https:\/\/ticsalutsocial.atoom.space\/es\/wp-json\/wp\/v2\/pages\/31434","targetHints":{"allow":["GET"]}}],"collection":[{"href":"https:\/\/ticsalutsocial.atoom.space\/es\/wp-json\/wp\/v2\/pages"}],"about":[{"href":"https:\/\/ticsalutsocial.atoom.space\/es\/wp-json\/wp\/v2\/types\/page"}],"author":[{"embeddable":true,"href":"https:\/\/ticsalutsocial.atoom.space\/es\/wp-json\/wp\/v2\/users\/21"}],"replies":[{"embeddable":true,"href":"https:\/\/ticsalutsocial.atoom.space\/es\/wp-json\/wp\/v2\/comments?post=31434"}],"version-history":[{"count":2,"href":"https:\/\/ticsalutsocial.atoom.space\/es\/wp-json\/wp\/v2\/pages\/31434\/revisions"}],"predecessor-version":[{"id":32524,"href":"https:\/\/ticsalutsocial.atoom.space\/es\/wp-json\/wp\/v2\/pages\/31434\/revisions\/32524"}],"up":[{"embeddable":true,"href":"https:\/\/ticsalutsocial.atoom.space\/es\/wp-json\/wp\/v2\/pages\/13845"}],"wp:attachment":[{"href":"https:\/\/ticsalutsocial.atoom.space\/es\/wp-json\/wp\/v2\/media?parent=31434"}],"wp:term":[{"taxonomy":"tipus","embeddable":true,"href":"https:\/\/ticsalutsocial.atoom.space\/es\/wp-json\/wp\/v2\/tipus?post=31434"}],"curies":[{"name":"wp","href":"https:\/\/api.w.org\/{rel}","templated":true}]}}