
{"id":31452,"date":"2025-02-25T12:02:36","date_gmt":"2025-02-25T10:02:36","guid":{"rendered":"https:\/\/ticsalutsocial.atoom.space\/que-fem\/ehealth\/introduccion\/"},"modified":"2025-06-06T12:17:12","modified_gmt":"2025-06-06T10:17:12","slug":"introduccion","status":"publish","type":"page","link":"https:\/\/ticsalutsocial.atoom.space\/es\/que-fem\/ehealth\/introduccion\/","title":{"rendered":"Introducci\u00f3n"},"content":{"rendered":"\n<p><span style=\"font-weight: 400;\">El t\u00e9rmino <\/span><b>eHealth<\/b><span style=\"font-weight: 400;\"> o <\/span><b>eSalut<\/b><span style=\"font-weight: 400;\"> recoge todas aquellas iniciativas que aplican el uso de las TIC para apoyar y mejorar la atenci\u00f3n sanitaria y la promoci\u00f3n de la salud. Se incluye, entre otros, la telemedicina, que implica la prestaci\u00f3n de servicios sanitarios a distancia, tal y como apunta la Organizaci\u00f3n Mundial de la Salud. El eHealth est\u00e1 en constante crecimiento, proporcionando una atenci\u00f3n sanitaria m\u00e1s eficiente y adapt\u00e1ndola a las necesidades de la persona.<\/span><\/p>\n\n\n\n<p>Los objetivos del \u00c1rea de eHealth de la Fundaci\u00f3n TIC Salut Social son:<\/p>\n\n\n\n<ul class=\"wp-block-list\">\n<li>Fomentar el uso de las nuevas tecnolog\u00edas para mejorar la atenci\u00f3n y promoci\u00f3n de la salud.\r\n<\/li>\n\n\n\n<li>Coordinar proyectos escalables de innovaci\u00f3n en salud para mejorar la equidad y la eficiencia de la atenci\u00f3n sanitaria.\r\n<\/li>\n<\/ul>\n\n\n\n<h2 class=\"wp-block-heading\"><strong>\u00bfC\u00f3mo se promueve la innovaci\u00f3n?<\/strong><\/h2>\n\n\n\n<p>Los proyectos de innovaci\u00f3n en salud surgen a partir de la identificaci\u00f3n de una necesidad. La Fundaci\u00f3n TIC Salut Social vela para que el desarrollo de estos proyectos sea posible y, siempre que los resultados sean favorables, promueve su escalabilidad en todo el territorio catal\u00e1n.\r\n<\/p>\n\n\n\n<figure class=\"wp-block-image size-large\"><img loading=\"lazy\" decoding=\"async\" width=\"1024\" height=\"379\" src=\"https:\/\/ticsalutsocial.atoom.space\/wp-content\/uploads\/2025\/02\/PAGINA-17_CAT-1536x569-1-1024x379.png\" alt=\"\" class=\"wp-image-30528\" srcset=\"https:\/\/ticsalutsocial.atoom.space\/wp-content\/uploads\/2025\/02\/PAGINA-17_CAT-1536x569-1-1024x379.png 1024w, https:\/\/ticsalutsocial.atoom.space\/wp-content\/uploads\/2025\/02\/PAGINA-17_CAT-1536x569-1-300x111.png 300w, https:\/\/ticsalutsocial.atoom.space\/wp-content\/uploads\/2025\/02\/PAGINA-17_CAT-1536x569-1-768x285.png 768w, https:\/\/ticsalutsocial.atoom.space\/wp-content\/uploads\/2025\/02\/PAGINA-17_CAT-1536x569-1.png 1536w\" sizes=\"auto, (max-width: 1024px) 100vw, 1024px\" \/><\/figure>\n\n\n\n<h2 class=\"wp-block-heading\"><strong>El eHealth en Catalu\u00f1a<\/strong><\/h2>\n\n\n\n<p>La r\u00e1pida evoluci\u00f3n de las nuevas tecnolog\u00edas, junto con la disponibilidad y menor coste de los servicios de conectividad, han permitido evolucionar en el dise\u00f1o de sistemas y modelos de atenci\u00f3n cada vez m\u00e1s adaptados a las necesidades de la persona y sus condicionantes personales, cl\u00ednicos y sociales.\r\n<\/p>\n\n\n\n<p>Esto ha permitido innovar en diversas tecnolog\u00edas relacionadas con el \u00e1mbito de la salud. En las diferentes pesta\u00f1as de esta p\u00e1gina se presentan diferentes proyectos que la Fundaci\u00f3n TIC Salut Social est\u00e1 llevando y ha llevado a cabo.\r\n<\/p>\n\n\n\n<h2 class=\"wp-block-heading\">Noticias destacadas<\/h2>\n\n\n\n<style>\n    .relnews--list .relnews--list-wrapper {\n        display: flex;\n        gap: 2em;\n    }\n    .relnews--list .relnews--news {\n        width: calc(33.33% - 1em);\n    }\n    .relnews--list .relnews--img img {\n        width: 100%;\n        height: 200px;\n        object-fit: cover;\n        border-radius: 3px;\n    }\n    .relnews--list .relnews--title {\n        font-family: 'HelveticaNowDisplay-Regular';\n        font-size: 20px;\n        line-height: 28px;\n        color: #231f20;\n    }\n    .relnews--list .relnews--news:hover .relnews--title {\n        font-weight: bold;\n    }\n    @media (max-width: 782px) {\n        .relnews--list .relnews--list-wrapper {\n            flex-direction: column;\n        }\n        .relnews--list .relnews--news {\n            width: 100%;\n        }\n    }\n<\/style>\n\n<div class=\"relnews--list\">\n    <div class=\"relnews--list-wrapper\">\n                    <div class=\"relnews--news\">\n                <div class=\"relnews--news-wrapper\">\n                    <a href=\"https:\/\/ticsalutsocial.atoom.space\/es\/noticia\/los-drones-como-herramienta-innovadora-en-la-neurorehabilitacion-de-pacientes-con-afecciones-cerebrales-vasculares\/\">\n                        <div class=\"relnews--img\">\n                            <img loading=\"lazy\" decoding=\"async\" width=\"1280\" height=\"960\" src=\"https:\/\/ticsalutsocial.atoom.space\/wp-content\/uploads\/2024\/11\/Integracio-dels-drons-en-salut.jpg\" class=\"attachment-post-thumbnail size-post-thumbnail wp-post-image\" alt=\"Integracio\u0301 dels drons en salut\" srcset=\"https:\/\/ticsalutsocial.atoom.space\/wp-content\/uploads\/2024\/11\/Integracio-dels-drons-en-salut.jpg 1280w, https:\/\/ticsalutsocial.atoom.space\/wp-content\/uploads\/2024\/11\/Integracio-dels-drons-en-salut-300x225.jpg 300w, https:\/\/ticsalutsocial.atoom.space\/wp-content\/uploads\/2024\/11\/Integracio-dels-drons-en-salut-1024x768.jpg 1024w, https:\/\/ticsalutsocial.atoom.space\/wp-content\/uploads\/2024\/11\/Integracio-dels-drons-en-salut-768x576.jpg 768w\" sizes=\"auto, (max-width: 1280px) 100vw, 1280px\" \/>                        <\/div>\n                        <div class=\"relnews--content\">\n                            <p><span class=\"relnews--title\">Los drones como herramienta innovadora en la neurorehabilitaci\u00f3n de pacientes con afecciones cerebrales vasculares.<\/span><\/p>\n                        <\/div>\n                    <\/a>\n                <\/div>\n            <\/div>\n            <\/div>\n<\/div>\n","protected":false},"excerpt":{"rendered":"<p>El t\u00e9rmino eHealth o eSalut recoge todas aquellas iniciativas que aplican el uso de las TIC para apoyar y mejorar la atenci\u00f3n sanitaria y la promoci\u00f3n de la salud. Se incluye, entre otros, la telemedicina, que implica la prestaci\u00f3n de servicios sanitarios a distancia, tal y como apunta la Organizaci\u00f3n Mundial de la Salud. El [&hellip;]<\/p>\n","protected":false},"author":21,"featured_media":0,"parent":13866,"menu_order":0,"comment_status":"closed","ping_status":"closed","template":"page-templates\/section--ehealth.php","meta":{"_acf_changed":false,"inline_featured_image":false,"footnotes":""},"tipus":[],"class_list":["post-31452","page","type-page","status-publish","hentry"],"acf":{"tipus_plantilla":"objectius","template_objectius":{"cont_principal":"","imatge":false,"cont_seguent":{"titol":"","contingut":""},"seccio_llistat":{"titol":"","llistat":false},"objectius":{"titol":"","objectius":false},"documents":false},"finalitzat":false},"yoast_head":"<!-- This site is optimized with the Yoast SEO plugin v27.1.1 - https:\/\/yoast.com\/product\/yoast-seo-wordpress\/ -->\n<title>Introducci\u00f3n - Fundaci\u00f3 TIC Salut i Social<\/title>\n<meta name=\"robots\" content=\"index, follow, max-snippet:-1, max-image-preview:large, max-video-preview:-1\" \/>\n<link rel=\"canonical\" href=\"https:\/\/ticsalutsocial.atoom.space\/es\/que-fem\/ehealth\/introduccion\/\" \/>\n<meta property=\"og:locale\" content=\"es_ES\" \/>\n<meta property=\"og:type\" content=\"article\" \/>\n<meta property=\"og:title\" content=\"Introducci\u00f3n - Fundaci\u00f3 TIC Salut i Social\" \/>\n<meta property=\"og:description\" content=\"El t\u00e9rmino eHealth o eSalut recoge todas aquellas iniciativas que aplican el uso de las TIC para apoyar y mejorar la atenci\u00f3n sanitaria y la promoci\u00f3n de la salud. Se incluye, entre otros, la telemedicina, que implica la prestaci\u00f3n de servicios sanitarios a distancia, tal y como apunta la Organizaci\u00f3n Mundial de la Salud. El [&hellip;]\" \/>\n<meta property=\"og:url\" content=\"https:\/\/ticsalutsocial.atoom.space\/es\/que-fem\/ehealth\/introduccion\/\" \/>\n<meta property=\"og:site_name\" content=\"Fundaci\u00f3 TIC Salut i Social\" \/>\n<meta property=\"article:modified_time\" content=\"2025-06-06T10:17:12+00:00\" \/>\n<meta property=\"og:image\" content=\"https:\/\/ticsalutsocial.atoom.space\/wp-content\/uploads\/2025\/02\/PAGINA-17_CAT-1536x569-1-1024x379.png\" \/>\n<meta name=\"twitter:card\" content=\"summary_large_image\" \/>\n<meta name=\"twitter:label1\" content=\"Tiempo de lectura\" \/>\n\t<meta name=\"twitter:data1\" content=\"2 minutos\" \/>\n<script type=\"application\/ld+json\" class=\"yoast-schema-graph\">{\"@context\":\"https:\/\/schema.org\",\"@graph\":[{\"@type\":\"WebPage\",\"@id\":\"https:\/\/ticsalutsocial.atoom.space\/es\/que-fem\/ehealth\/introduccion\/\",\"url\":\"https:\/\/ticsalutsocial.atoom.space\/es\/que-fem\/ehealth\/introduccion\/\",\"name\":\"Introducci\u00f3n - Fundaci\u00f3 TIC Salut i Social\",\"isPartOf\":{\"@id\":\"https:\/\/ticsalutsocial.atoom.space\/es\/#website\"},\"primaryImageOfPage\":{\"@id\":\"https:\/\/ticsalutsocial.atoom.space\/es\/que-fem\/ehealth\/introduccion\/#primaryimage\"},\"image\":{\"@id\":\"https:\/\/ticsalutsocial.atoom.space\/es\/que-fem\/ehealth\/introduccion\/#primaryimage\"},\"thumbnailUrl\":\"https:\/\/ticsalutsocial.atoom.space\/wp-content\/uploads\/2025\/02\/PAGINA-17_CAT-1536x569-1-1024x379.png\",\"datePublished\":\"2025-02-25T10:02:36+00:00\",\"dateModified\":\"2025-06-06T10:17:12+00:00\",\"breadcrumb\":{\"@id\":\"https:\/\/ticsalutsocial.atoom.space\/es\/que-fem\/ehealth\/introduccion\/#breadcrumb\"},\"inLanguage\":\"es\",\"potentialAction\":[{\"@type\":\"ReadAction\",\"target\":[\"https:\/\/ticsalutsocial.atoom.space\/es\/que-fem\/ehealth\/introduccion\/\"]}]},{\"@type\":\"ImageObject\",\"inLanguage\":\"es\",\"@id\":\"https:\/\/ticsalutsocial.atoom.space\/es\/que-fem\/ehealth\/introduccion\/#primaryimage\",\"url\":\"https:\/\/ticsalutsocial.atoom.space\/wp-content\/uploads\/2025\/02\/PAGINA-17_CAT-1536x569-1-1024x379.png\",\"contentUrl\":\"https:\/\/ticsalutsocial.atoom.space\/wp-content\/uploads\/2025\/02\/PAGINA-17_CAT-1536x569-1-1024x379.png\"},{\"@type\":\"BreadcrumbList\",\"@id\":\"https:\/\/ticsalutsocial.atoom.space\/es\/que-fem\/ehealth\/introduccion\/#breadcrumb\",\"itemListElement\":[{\"@type\":\"ListItem\",\"position\":1,\"name\":\"Inici\",\"item\":\"https:\/\/ticsalutsocial.atoom.space\/es\/\"},{\"@type\":\"ListItem\",\"position\":2,\"name\":\"Que Fem\",\"item\":\"https:\/\/ticsalutsocial.atoom.space\/es\/que-fem\/\"},{\"@type\":\"ListItem\",\"position\":3,\"name\":\"eHealth\",\"item\":\"https:\/\/ticsalutsocial.atoom.space\/es\/que-fem\/ehealth\/\"},{\"@type\":\"ListItem\",\"position\":4,\"name\":\"Introducci\u00f3n\"}]},{\"@type\":\"WebSite\",\"@id\":\"https:\/\/ticsalutsocial.atoom.space\/es\/#website\",\"url\":\"https:\/\/ticsalutsocial.atoom.space\/es\/\",\"name\":\"Fundaci\u00f3 TIC Salut i Social\",\"description\":\"\",\"potentialAction\":[{\"@type\":\"SearchAction\",\"target\":{\"@type\":\"EntryPoint\",\"urlTemplate\":\"https:\/\/ticsalutsocial.atoom.space\/es\/?s={search_term_string}\"},\"query-input\":{\"@type\":\"PropertyValueSpecification\",\"valueRequired\":true,\"valueName\":\"search_term_string\"}}],\"inLanguage\":\"es\"}]}<\/script>\n<!-- \/ Yoast SEO plugin. -->","yoast_head_json":{"title":"Introducci\u00f3n - Fundaci\u00f3 TIC Salut i Social","robots":{"index":"index","follow":"follow","max-snippet":"max-snippet:-1","max-image-preview":"max-image-preview:large","max-video-preview":"max-video-preview:-1"},"canonical":"https:\/\/ticsalutsocial.atoom.space\/es\/que-fem\/ehealth\/introduccion\/","og_locale":"es_ES","og_type":"article","og_title":"Introducci\u00f3n - Fundaci\u00f3 TIC Salut i Social","og_description":"El t\u00e9rmino eHealth o eSalut recoge todas aquellas iniciativas que aplican el uso de las TIC para apoyar y mejorar la atenci\u00f3n sanitaria y la promoci\u00f3n de la salud. Se incluye, entre otros, la telemedicina, que implica la prestaci\u00f3n de servicios sanitarios a distancia, tal y como apunta la Organizaci\u00f3n Mundial de la Salud. El [&hellip;]","og_url":"https:\/\/ticsalutsocial.atoom.space\/es\/que-fem\/ehealth\/introduccion\/","og_site_name":"Fundaci\u00f3 TIC Salut i Social","article_modified_time":"2025-06-06T10:17:12+00:00","og_image":[{"url":"https:\/\/ticsalutsocial.atoom.space\/wp-content\/uploads\/2025\/02\/PAGINA-17_CAT-1536x569-1-1024x379.png","type":"","width":"","height":""}],"twitter_card":"summary_large_image","twitter_misc":{"Tiempo de lectura":"2 minutos"},"schema":{"@context":"https:\/\/schema.org","@graph":[{"@type":"WebPage","@id":"https:\/\/ticsalutsocial.atoom.space\/es\/que-fem\/ehealth\/introduccion\/","url":"https:\/\/ticsalutsocial.atoom.space\/es\/que-fem\/ehealth\/introduccion\/","name":"Introducci\u00f3n - Fundaci\u00f3 TIC Salut i Social","isPartOf":{"@id":"https:\/\/ticsalutsocial.atoom.space\/es\/#website"},"primaryImageOfPage":{"@id":"https:\/\/ticsalutsocial.atoom.space\/es\/que-fem\/ehealth\/introduccion\/#primaryimage"},"image":{"@id":"https:\/\/ticsalutsocial.atoom.space\/es\/que-fem\/ehealth\/introduccion\/#primaryimage"},"thumbnailUrl":"https:\/\/ticsalutsocial.atoom.space\/wp-content\/uploads\/2025\/02\/PAGINA-17_CAT-1536x569-1-1024x379.png","datePublished":"2025-02-25T10:02:36+00:00","dateModified":"2025-06-06T10:17:12+00:00","breadcrumb":{"@id":"https:\/\/ticsalutsocial.atoom.space\/es\/que-fem\/ehealth\/introduccion\/#breadcrumb"},"inLanguage":"es","potentialAction":[{"@type":"ReadAction","target":["https:\/\/ticsalutsocial.atoom.space\/es\/que-fem\/ehealth\/introduccion\/"]}]},{"@type":"ImageObject","inLanguage":"es","@id":"https:\/\/ticsalutsocial.atoom.space\/es\/que-fem\/ehealth\/introduccion\/#primaryimage","url":"https:\/\/ticsalutsocial.atoom.space\/wp-content\/uploads\/2025\/02\/PAGINA-17_CAT-1536x569-1-1024x379.png","contentUrl":"https:\/\/ticsalutsocial.atoom.space\/wp-content\/uploads\/2025\/02\/PAGINA-17_CAT-1536x569-1-1024x379.png"},{"@type":"BreadcrumbList","@id":"https:\/\/ticsalutsocial.atoom.space\/es\/que-fem\/ehealth\/introduccion\/#breadcrumb","itemListElement":[{"@type":"ListItem","position":1,"name":"Inici","item":"https:\/\/ticsalutsocial.atoom.space\/es\/"},{"@type":"ListItem","position":2,"name":"Que Fem","item":"https:\/\/ticsalutsocial.atoom.space\/es\/que-fem\/"},{"@type":"ListItem","position":3,"name":"eHealth","item":"https:\/\/ticsalutsocial.atoom.space\/es\/que-fem\/ehealth\/"},{"@type":"ListItem","position":4,"name":"Introducci\u00f3n"}]},{"@type":"WebSite","@id":"https:\/\/ticsalutsocial.atoom.space\/es\/#website","url":"https:\/\/ticsalutsocial.atoom.space\/es\/","name":"Fundaci\u00f3 TIC Salut i Social","description":"","potentialAction":[{"@type":"SearchAction","target":{"@type":"EntryPoint","urlTemplate":"https:\/\/ticsalutsocial.atoom.space\/es\/?s={search_term_string}"},"query-input":{"@type":"PropertyValueSpecification","valueRequired":true,"valueName":"search_term_string"}}],"inLanguage":"es"}]}},"_links":{"self":[{"href":"https:\/\/ticsalutsocial.atoom.space\/es\/wp-json\/wp\/v2\/pages\/31452","targetHints":{"allow":["GET"]}}],"collection":[{"href":"https:\/\/ticsalutsocial.atoom.space\/es\/wp-json\/wp\/v2\/pages"}],"about":[{"href":"https:\/\/ticsalutsocial.atoom.space\/es\/wp-json\/wp\/v2\/types\/page"}],"author":[{"embeddable":true,"href":"https:\/\/ticsalutsocial.atoom.space\/es\/wp-json\/wp\/v2\/users\/21"}],"replies":[{"embeddable":true,"href":"https:\/\/ticsalutsocial.atoom.space\/es\/wp-json\/wp\/v2\/comments?post=31452"}],"version-history":[{"count":3,"href":"https:\/\/ticsalutsocial.atoom.space\/es\/wp-json\/wp\/v2\/pages\/31452\/revisions"}],"predecessor-version":[{"id":32529,"href":"https:\/\/ticsalutsocial.atoom.space\/es\/wp-json\/wp\/v2\/pages\/31452\/revisions\/32529"}],"up":[{"embeddable":true,"href":"https:\/\/ticsalutsocial.atoom.space\/es\/wp-json\/wp\/v2\/pages\/13866"}],"wp:attachment":[{"href":"https:\/\/ticsalutsocial.atoom.space\/es\/wp-json\/wp\/v2\/media?parent=31452"}],"wp:term":[{"taxonomy":"tipus","embeddable":true,"href":"https:\/\/ticsalutsocial.atoom.space\/es\/wp-json\/wp\/v2\/tipus?post=31452"}],"curies":[{"name":"wp","href":"https:\/\/api.w.org\/{rel}","templated":true}]}}