
{"id":31454,"date":"2025-02-25T12:06:48","date_gmt":"2025-02-25T10:06:48","guid":{"rendered":"https:\/\/ticsalutsocial.atoom.space\/que-fem\/ehealth\/drones\/"},"modified":"2025-10-27T15:16:58","modified_gmt":"2025-10-27T13:16:58","slug":"drones","status":"publish","type":"page","link":"https:\/\/ticsalutsocial.atoom.space\/es\/que-fem\/ehealth\/drones\/","title":{"rendered":"Drones"},"content":{"rendered":"\n<p>Un dron es un veh\u00edculo a\u00e9reo no tripulado que puede ser controlado de manera remota, o por medio de programaci\u00f3n espec\u00edfica mediante software y GPS para que opere de manera aut\u00f3noma.\n<\/p>\n\n\n\n<p>En el campo de la salud, estos dispositivos han demostrado un gran potencial para transformar y mejorar la calidad de la atenci\u00f3n sanitaria. Los drones permiten reducir costes y aportar una atenci\u00f3n m\u00e1s eficiente, accesible y equitativa, entre otros.\n<\/p>\n\n\n\n<p>La Comisi\u00f3n de Innovaci\u00f3n del Departamento de Salud observ\u00f3 la necesidad de definir el modelo de integraci\u00f3n de drones en el Sistema Sanitario Catal\u00e1n, y encarg\u00f3 a la Fundaci\u00f3n TIC Salut Social el dise\u00f1o y modelado. En este marco de trabajo, se fijaron los siguientes objetivos:\n<\/p>\n\n\n\n<ul class=\"wp-block-list\">\n<li>Identificaci\u00f3n de casos de uso aplicables a drones.<\/li>\n\n\n\n<li>Identificaci\u00f3n de los requerimientos para la implantaci\u00f3n de soluciones con uso de drones en el \u00e1mbito de la salud.<\/li>\n\n\n\n<li>Creaci\u00f3n de proyectos de salud con uso de drones.<\/li>\n<\/ul>\n\n\n\n<p>Y las siguientes \u00e1reas de trabajo:<\/p>\n\n\n\n<ul class=\"wp-block-list\">\n<li>Tecnolog\u00eda dron<\/li>\n\n\n\n<li>Espacio a\u00e9reo<\/li>\n\n\n\n<li>Marco regulador<\/li>\n\n\n\n<li>Integraci\u00f3n a salud<\/li>\n<\/ul>\n\n\n\n<p><b>Aplicaciones de los drones a salud<\/b><\/p>\n\n\n\n<p>Las aplicaciones de los drones en el \u00e1mbito de la salud se clasifican en tres \u00e1reas:<\/p>\n\n\n\n<ul class=\"wp-block-list\">\n<li><b>Emergencias<\/b><span style=\"font-weight: 400;\">: material sanitario, recursos de comunicaci\u00f3n, soluciones de telemedicina.<\/span><\/li>\n\n\n\n<li><b>Log\u00edstica<\/b><span style=\"font-weight: 400;\">: muestras biol\u00f3gicas y tejidos, terapias farmacol\u00f3gicas, dispositivos m\u00e9dicos.<\/span><\/li>\n\n\n\n<li><b>Asistencial<\/b><span style=\"font-weight: 400;\">: apoyo terap\u00e9utico.<\/span><\/li>\n<\/ul>\n\n\n\n<p><span style=\"font-weight: 400;\">Para m\u00e1s informaci\u00f3n pod\u00e9is <\/span><span style=\"font-weight: 400;\">consultar <\/span><a href=\"https:\/\/ticsalutsocial.atoom.space\/wp-content\/uploads\/2025\/05\/Informe_Integracion_Drones_Entorno_Salud_2024.pdf\"><b>el informe &#8216;Integraci\u00f3n de Drones en el Entorno de Salud&#8217;<\/b><\/a><span style=\"font-weight: 400;\"> y la<\/span><a href=\"https:\/\/ticsalutsocial.atoom.space\/wp-content\/uploads\/2023\/10\/Cartell_Drons_TICSalut_Bo.pdf\"> <b>infograf\u00eda &#8216;Aplicaci\u00f3n de drones en el \u00e1mbito de la salud&#8217;.<\/b><\/a><\/p>\n\n\n\n<p><b>Proyectos en curso<\/b><\/p>\n\n\n\n<ol start=\"1\" class=\"wp-block-list\">\n<li><b>Casos de uso en la Regi\u00f3n Sanitaria de Girona:<\/b><\/li>\n<\/ol>\n\n\n\n<p>Transporte log\u00edstico urgente entre el CAP de Sant Esteve d&#8217;en Bas y el Hospital de Olot. Los objetivos del proyecto son reducir el tiempo de transporte, facilitar la atenci\u00f3n sanitaria a los CAP y evitar el traslado de pacientes. Se analiza la operativa de vuelo, los costes y la eficiencia, la huella ambiental y el modelo de contrataci\u00f3n con permisos necesarios.\n<\/p>\n\n\n\n<p><b>Proyectos finalizados<\/b><\/p>\n\n\n\n<ol start=\"2\" class=\"wp-block-list\">\n<li><b>Casos de uso en la Regi\u00f3n Sanitaria Metropolitana Norte:<\/b><\/li>\n<\/ol>\n\n\n\n<p>Transporte de muestras biol\u00f3gicas y equipamiento m\u00e9dico entre el CAP Sant Fost y el Hospital Germans Trias. Los objetivos del proyecto son asegurar la calidad de las muestras transportadas y evitar la hem\u00f3lisis, aumentar la rapidez de diagn\u00f3stico en los CAP y evitar el traslado de pacientes.\n<\/p>\n\n\n\n<ol start=\"3\" class=\"wp-block-list\">\n<li>Prueba piloto en el Hospital de Olot<\/li>\n<\/ol>\n\n\n\n<p><span style=\"font-weight: 400;\">Transporte de muestras biol\u00f3gicas desde el CAP La Garrotxa al Laboratorio Cl\u00ednico del Hospital de Olot. Los objetivos del proyecto eran verificar que el transporte con drones no altera la calidad de las muestras y comprobar las ventajas del uso de drones.&nbsp;<\/span><a href=\"https:\/\/ticsalutsocial.atoom.space\/premsa\/primer-cas-dexit-de-transport-de-mostres-biologiques-amb-dron-en-la-prova-pilot-dolot\/\"><span style=\"font-weight: 400;\">Puede consultar los resultados de la prueba en este art\u00edculo.<\/span><\/a><\/p>\n\n\n\n<p><b>Grupo de Trabajo de Drones<\/b><\/p>\n\n\n\n<p><span style=\"font-weight: 400;\">El <\/span><b>Grupo de Trabajo de Drones <\/b><span style=\"font-weight: 400;\">est\u00e1 formado por responsables de innovaci\u00f3n de organizaciones y entidades sanitarias, representantes del SEM, como operadora de vuelo a salud, y expertos en TIC y tecnolog\u00eda dron.<\/span><\/p>\n\n\n\n<div class=\"wp-block-columns are-vertically-aligned-center is-layout-flex wp-container-core-columns-is-layout-9d6595d7 wp-block-columns-is-layout-flex\">\n<div class=\"wp-block-column is-vertically-aligned-center is-layout-flow wp-block-column-is-layout-flow\" style=\"flex-basis:50%\">\n<figure class=\"wp-block-image size-full\"><img loading=\"lazy\" decoding=\"async\" width=\"680\" height=\"74\" src=\"http:\/\/ticsalutsocial.atoom.space\/wp-content\/uploads\/2024\/04\/Logo-TICSS.png\" alt=\"\" class=\"wp-image-26281\" srcset=\"https:\/\/ticsalutsocial.atoom.space\/wp-content\/uploads\/2024\/04\/Logo-TICSS.png 680w, https:\/\/ticsalutsocial.atoom.space\/wp-content\/uploads\/2024\/04\/Logo-TICSS-300x33.png 300w\" sizes=\"auto, (max-width: 680px) 100vw, 680px\" \/><\/figure>\n<\/div>\n\n\n\n<div class=\"wp-block-column is-vertically-aligned-center is-layout-flow wp-block-column-is-layout-flow\">\n<figure class=\"wp-block-image size-large\"><img loading=\"lazy\" decoding=\"async\" width=\"1024\" height=\"147\" src=\"https:\/\/ticsalutsocial.atoom.space\/wp-content\/uploads\/2025\/02\/Logo-ICS-color-1536x220-1-1024x147.png\" alt=\"\" class=\"wp-image-30533\" srcset=\"https:\/\/ticsalutsocial.atoom.space\/wp-content\/uploads\/2025\/02\/Logo-ICS-color-1536x220-1-1024x147.png 1024w, https:\/\/ticsalutsocial.atoom.space\/wp-content\/uploads\/2025\/02\/Logo-ICS-color-1536x220-1-300x43.png 300w, https:\/\/ticsalutsocial.atoom.space\/wp-content\/uploads\/2025\/02\/Logo-ICS-color-1536x220-1-768x110.png 768w, https:\/\/ticsalutsocial.atoom.space\/wp-content\/uploads\/2025\/02\/Logo-ICS-color-1536x220-1.png 1536w\" sizes=\"auto, (max-width: 1024px) 100vw, 1024px\" \/><\/figure>\n<\/div>\n\n\n\n<div class=\"wp-block-column is-vertically-aligned-center is-layout-flow wp-block-column-is-layout-flow\">\n<figure class=\"wp-block-image size-large\"><img loading=\"lazy\" decoding=\"async\" width=\"1024\" height=\"269\" src=\"https:\/\/ticsalutsocial.atoom.space\/wp-content\/uploads\/2025\/02\/idbh-1024x269.png\" alt=\"\" class=\"wp-image-30412\" srcset=\"https:\/\/ticsalutsocial.atoom.space\/wp-content\/uploads\/2025\/02\/idbh-1024x269.png 1024w, https:\/\/ticsalutsocial.atoom.space\/wp-content\/uploads\/2025\/02\/idbh-300x79.png 300w, https:\/\/ticsalutsocial.atoom.space\/wp-content\/uploads\/2025\/02\/idbh-768x202.png 768w, https:\/\/ticsalutsocial.atoom.space\/wp-content\/uploads\/2025\/02\/idbh.png 1036w\" sizes=\"auto, (max-width: 1024px) 100vw, 1024px\" \/><\/figure>\n<\/div>\n<\/div>\n\n\n\n<div class=\"wp-block-columns are-vertically-aligned-center is-layout-flex wp-container-core-columns-is-layout-9d6595d7 wp-block-columns-is-layout-flex\">\n<div class=\"wp-block-column is-vertically-aligned-center is-layout-flow wp-block-column-is-layout-flow\">\n<figure class=\"wp-block-image size-large\"><img loading=\"lazy\" decoding=\"async\" width=\"1024\" height=\"283\" src=\"https:\/\/ticsalutsocial.atoom.space\/wp-content\/uploads\/2025\/02\/Logo_CCSPT2016_transp-1536x425-1-1024x283.png\" alt=\"\" class=\"wp-image-30536\" srcset=\"https:\/\/ticsalutsocial.atoom.space\/wp-content\/uploads\/2025\/02\/Logo_CCSPT2016_transp-1536x425-1-1024x283.png 1024w, https:\/\/ticsalutsocial.atoom.space\/wp-content\/uploads\/2025\/02\/Logo_CCSPT2016_transp-1536x425-1-300x83.png 300w, https:\/\/ticsalutsocial.atoom.space\/wp-content\/uploads\/2025\/02\/Logo_CCSPT2016_transp-1536x425-1-768x213.png 768w, https:\/\/ticsalutsocial.atoom.space\/wp-content\/uploads\/2025\/02\/Logo_CCSPT2016_transp-1536x425-1.png 1536w\" sizes=\"auto, (max-width: 1024px) 100vw, 1024px\" \/><\/figure>\n<\/div>\n\n\n\n<div class=\"wp-block-column is-vertically-aligned-center is-layout-flow wp-block-column-is-layout-flow\">\n<figure class=\"wp-block-image size-full\"><img loading=\"lazy\" decoding=\"async\" width=\"623\" height=\"330\" src=\"https:\/\/ticsalutsocial.atoom.space\/wp-content\/uploads\/2025\/02\/HOCG_RGB_V.jpg\" alt=\"\" class=\"wp-image-30539\" srcset=\"https:\/\/ticsalutsocial.atoom.space\/wp-content\/uploads\/2025\/02\/HOCG_RGB_V.jpg 623w, https:\/\/ticsalutsocial.atoom.space\/wp-content\/uploads\/2025\/02\/HOCG_RGB_V-300x159.jpg 300w\" sizes=\"auto, (max-width: 623px) 100vw, 623px\" \/><\/figure>\n<\/div>\n\n\n\n<div class=\"wp-block-column is-vertically-aligned-center is-layout-flow wp-block-column-is-layout-flow\">\n<figure class=\"wp-block-image size-large\"><img loading=\"lazy\" decoding=\"async\" width=\"1024\" height=\"309\" src=\"https:\/\/ticsalutsocial.atoom.space\/wp-content\/uploads\/2025\/02\/logotip_de_la_unio-1536x464-1-1024x309.png\" alt=\"\" class=\"wp-image-30542\" srcset=\"https:\/\/ticsalutsocial.atoom.space\/wp-content\/uploads\/2025\/02\/logotip_de_la_unio-1536x464-1-1024x309.png 1024w, https:\/\/ticsalutsocial.atoom.space\/wp-content\/uploads\/2025\/02\/logotip_de_la_unio-1536x464-1-300x91.png 300w, https:\/\/ticsalutsocial.atoom.space\/wp-content\/uploads\/2025\/02\/logotip_de_la_unio-1536x464-1-768x232.png 768w, https:\/\/ticsalutsocial.atoom.space\/wp-content\/uploads\/2025\/02\/logotip_de_la_unio-1536x464-1.png 1536w\" sizes=\"auto, (max-width: 1024px) 100vw, 1024px\" \/><\/figure>\n<\/div>\n\n\n\n<div class=\"wp-block-column is-vertically-aligned-center is-layout-flow wp-block-column-is-layout-flow\">\n<figure class=\"wp-block-image size-large\"><img loading=\"lazy\" decoding=\"async\" width=\"1024\" height=\"159\" src=\"https:\/\/ticsalutsocial.atoom.space\/wp-content\/uploads\/2025\/02\/logoCSC_lat_positiu_-1024x159.png\" alt=\"\" class=\"wp-image-30545\" srcset=\"https:\/\/ticsalutsocial.atoom.space\/wp-content\/uploads\/2025\/02\/logoCSC_lat_positiu_-1024x159.png 1024w, https:\/\/ticsalutsocial.atoom.space\/wp-content\/uploads\/2025\/02\/logoCSC_lat_positiu_-300x46.png 300w, https:\/\/ticsalutsocial.atoom.space\/wp-content\/uploads\/2025\/02\/logoCSC_lat_positiu_-768x119.png 768w, https:\/\/ticsalutsocial.atoom.space\/wp-content\/uploads\/2025\/02\/logoCSC_lat_positiu_.png 1511w\" sizes=\"auto, (max-width: 1024px) 100vw, 1024px\" \/><\/figure>\n<\/div>\n<\/div>\n\n\n\n<p><b>Enlaces de referencia<\/b><\/p>\n\n\n\n<p><a href=\"https:\/\/www.seguridadaerea.gob.es\/\"><span style=\"font-weight: 400;\">Agencia Estatal de Seguridad A\u00e9rea (AESA)<\/span><\/a><\/p>\n\n\n\n<p><a href=\"https:\/\/www.easa.europa.eu\/es\"><span style=\"font-weight: 400;\">European Union Aviation Safety Agency (EASA)<\/span><\/a><\/p>\n\n\n\n<p><span style=\"font-weight: 400;\">Los documentos de referencia de drones los pod\u00e9is encontrar en <\/span><a href=\"https:\/\/ticsalutsocial.atoom.space\/que-fem\/ehealth\/documents-de-referencia\/\"><span style=\"font-weight: 400;\">esta pesta\u00f1a<\/span><\/a><span style=\"font-weight: 400;\">.<\/span><\/p>\n","protected":false},"excerpt":{"rendered":"<p>Un dron es un veh\u00edculo a\u00e9reo no tripulado que puede ser controlado de manera remota, o por medio de programaci\u00f3n espec\u00edfica mediante software y GPS para que opere de manera aut\u00f3noma. En el campo de la salud, estos dispositivos han demostrado un gran potencial para transformar y mejorar la calidad de la atenci\u00f3n sanitaria. Los [&hellip;]<\/p>\n","protected":false},"author":21,"featured_media":0,"parent":13866,"menu_order":0,"comment_status":"closed","ping_status":"closed","template":"page-templates\/section--ehealth.php","meta":{"_acf_changed":false,"inline_featured_image":false,"footnotes":""},"tipus":[],"class_list":["post-31454","page","type-page","status-publish","hentry"],"acf":[],"yoast_head":"<!-- This site is optimized with the Yoast SEO plugin v27.1.1 - https:\/\/yoast.com\/product\/yoast-seo-wordpress\/ -->\n<title>Drones - Fundaci\u00f3 TIC Salut i Social<\/title>\n<meta name=\"robots\" content=\"index, follow, max-snippet:-1, max-image-preview:large, max-video-preview:-1\" \/>\n<link rel=\"canonical\" href=\"https:\/\/ticsalutsocial.atoom.space\/es\/que-fem\/ehealth\/drones\/\" \/>\n<meta property=\"og:locale\" content=\"es_ES\" \/>\n<meta property=\"og:type\" content=\"article\" \/>\n<meta property=\"og:title\" content=\"Drones - Fundaci\u00f3 TIC Salut i Social\" \/>\n<meta property=\"og:description\" content=\"Un dron es un veh\u00edculo a\u00e9reo no tripulado que puede ser controlado de manera remota, o por medio de programaci\u00f3n espec\u00edfica mediante software y GPS para que opere de manera aut\u00f3noma. En el campo de la salud, estos dispositivos han demostrado un gran potencial para transformar y mejorar la calidad de la atenci\u00f3n sanitaria. Los [&hellip;]\" \/>\n<meta property=\"og:url\" content=\"https:\/\/ticsalutsocial.atoom.space\/es\/que-fem\/ehealth\/drones\/\" \/>\n<meta property=\"og:site_name\" content=\"Fundaci\u00f3 TIC Salut i Social\" \/>\n<meta property=\"article:modified_time\" content=\"2025-10-27T13:16:58+00:00\" \/>\n<meta property=\"og:image\" content=\"http:\/\/ticsalutsocial.atoom.space\/wp-content\/uploads\/2024\/04\/Logo-TICSS.png\" \/>\n<meta name=\"twitter:card\" content=\"summary_large_image\" \/>\n<meta name=\"twitter:label1\" content=\"Tiempo de lectura\" \/>\n\t<meta name=\"twitter:data1\" content=\"5 minutos\" \/>\n<script type=\"application\/ld+json\" class=\"yoast-schema-graph\">{\"@context\":\"https:\/\/schema.org\",\"@graph\":[{\"@type\":\"WebPage\",\"@id\":\"https:\/\/ticsalutsocial.atoom.space\/es\/que-fem\/ehealth\/drones\/\",\"url\":\"https:\/\/ticsalutsocial.atoom.space\/es\/que-fem\/ehealth\/drones\/\",\"name\":\"Drones - Fundaci\u00f3 TIC Salut i Social\",\"isPartOf\":{\"@id\":\"https:\/\/ticsalutsocial.atoom.space\/es\/#website\"},\"primaryImageOfPage\":{\"@id\":\"https:\/\/ticsalutsocial.atoom.space\/es\/que-fem\/ehealth\/drones\/#primaryimage\"},\"image\":{\"@id\":\"https:\/\/ticsalutsocial.atoom.space\/es\/que-fem\/ehealth\/drones\/#primaryimage\"},\"thumbnailUrl\":\"http:\/\/ticsalutsocial.atoom.space\/wp-content\/uploads\/2024\/04\/Logo-TICSS.png\",\"datePublished\":\"2025-02-25T10:06:48+00:00\",\"dateModified\":\"2025-10-27T13:16:58+00:00\",\"breadcrumb\":{\"@id\":\"https:\/\/ticsalutsocial.atoom.space\/es\/que-fem\/ehealth\/drones\/#breadcrumb\"},\"inLanguage\":\"es\",\"potentialAction\":[{\"@type\":\"ReadAction\",\"target\":[\"https:\/\/ticsalutsocial.atoom.space\/es\/que-fem\/ehealth\/drones\/\"]}]},{\"@type\":\"ImageObject\",\"inLanguage\":\"es\",\"@id\":\"https:\/\/ticsalutsocial.atoom.space\/es\/que-fem\/ehealth\/drones\/#primaryimage\",\"url\":\"http:\/\/ticsalutsocial.atoom.space\/wp-content\/uploads\/2024\/04\/Logo-TICSS.png\",\"contentUrl\":\"http:\/\/ticsalutsocial.atoom.space\/wp-content\/uploads\/2024\/04\/Logo-TICSS.png\"},{\"@type\":\"BreadcrumbList\",\"@id\":\"https:\/\/ticsalutsocial.atoom.space\/es\/que-fem\/ehealth\/drones\/#breadcrumb\",\"itemListElement\":[{\"@type\":\"ListItem\",\"position\":1,\"name\":\"Inici\",\"item\":\"https:\/\/ticsalutsocial.atoom.space\/es\/\"},{\"@type\":\"ListItem\",\"position\":2,\"name\":\"Que Fem\",\"item\":\"https:\/\/ticsalutsocial.atoom.space\/es\/que-fem\/\"},{\"@type\":\"ListItem\",\"position\":3,\"name\":\"eHealth\",\"item\":\"https:\/\/ticsalutsocial.atoom.space\/es\/que-fem\/ehealth\/\"},{\"@type\":\"ListItem\",\"position\":4,\"name\":\"Drones\"}]},{\"@type\":\"WebSite\",\"@id\":\"https:\/\/ticsalutsocial.atoom.space\/es\/#website\",\"url\":\"https:\/\/ticsalutsocial.atoom.space\/es\/\",\"name\":\"Fundaci\u00f3 TIC Salut i Social\",\"description\":\"\",\"potentialAction\":[{\"@type\":\"SearchAction\",\"target\":{\"@type\":\"EntryPoint\",\"urlTemplate\":\"https:\/\/ticsalutsocial.atoom.space\/es\/?s={search_term_string}\"},\"query-input\":{\"@type\":\"PropertyValueSpecification\",\"valueRequired\":true,\"valueName\":\"search_term_string\"}}],\"inLanguage\":\"es\"}]}<\/script>\n<!-- \/ Yoast SEO plugin. -->","yoast_head_json":{"title":"Drones - Fundaci\u00f3 TIC Salut i Social","robots":{"index":"index","follow":"follow","max-snippet":"max-snippet:-1","max-image-preview":"max-image-preview:large","max-video-preview":"max-video-preview:-1"},"canonical":"https:\/\/ticsalutsocial.atoom.space\/es\/que-fem\/ehealth\/drones\/","og_locale":"es_ES","og_type":"article","og_title":"Drones - Fundaci\u00f3 TIC Salut i Social","og_description":"Un dron es un veh\u00edculo a\u00e9reo no tripulado que puede ser controlado de manera remota, o por medio de programaci\u00f3n espec\u00edfica mediante software y GPS para que opere de manera aut\u00f3noma. En el campo de la salud, estos dispositivos han demostrado un gran potencial para transformar y mejorar la calidad de la atenci\u00f3n sanitaria. Los [&hellip;]","og_url":"https:\/\/ticsalutsocial.atoom.space\/es\/que-fem\/ehealth\/drones\/","og_site_name":"Fundaci\u00f3 TIC Salut i Social","article_modified_time":"2025-10-27T13:16:58+00:00","og_image":[{"url":"http:\/\/ticsalutsocial.atoom.space\/wp-content\/uploads\/2024\/04\/Logo-TICSS.png","type":"","width":"","height":""}],"twitter_card":"summary_large_image","twitter_misc":{"Tiempo de lectura":"5 minutos"},"schema":{"@context":"https:\/\/schema.org","@graph":[{"@type":"WebPage","@id":"https:\/\/ticsalutsocial.atoom.space\/es\/que-fem\/ehealth\/drones\/","url":"https:\/\/ticsalutsocial.atoom.space\/es\/que-fem\/ehealth\/drones\/","name":"Drones - Fundaci\u00f3 TIC Salut i Social","isPartOf":{"@id":"https:\/\/ticsalutsocial.atoom.space\/es\/#website"},"primaryImageOfPage":{"@id":"https:\/\/ticsalutsocial.atoom.space\/es\/que-fem\/ehealth\/drones\/#primaryimage"},"image":{"@id":"https:\/\/ticsalutsocial.atoom.space\/es\/que-fem\/ehealth\/drones\/#primaryimage"},"thumbnailUrl":"http:\/\/ticsalutsocial.atoom.space\/wp-content\/uploads\/2024\/04\/Logo-TICSS.png","datePublished":"2025-02-25T10:06:48+00:00","dateModified":"2025-10-27T13:16:58+00:00","breadcrumb":{"@id":"https:\/\/ticsalutsocial.atoom.space\/es\/que-fem\/ehealth\/drones\/#breadcrumb"},"inLanguage":"es","potentialAction":[{"@type":"ReadAction","target":["https:\/\/ticsalutsocial.atoom.space\/es\/que-fem\/ehealth\/drones\/"]}]},{"@type":"ImageObject","inLanguage":"es","@id":"https:\/\/ticsalutsocial.atoom.space\/es\/que-fem\/ehealth\/drones\/#primaryimage","url":"http:\/\/ticsalutsocial.atoom.space\/wp-content\/uploads\/2024\/04\/Logo-TICSS.png","contentUrl":"http:\/\/ticsalutsocial.atoom.space\/wp-content\/uploads\/2024\/04\/Logo-TICSS.png"},{"@type":"BreadcrumbList","@id":"https:\/\/ticsalutsocial.atoom.space\/es\/que-fem\/ehealth\/drones\/#breadcrumb","itemListElement":[{"@type":"ListItem","position":1,"name":"Inici","item":"https:\/\/ticsalutsocial.atoom.space\/es\/"},{"@type":"ListItem","position":2,"name":"Que Fem","item":"https:\/\/ticsalutsocial.atoom.space\/es\/que-fem\/"},{"@type":"ListItem","position":3,"name":"eHealth","item":"https:\/\/ticsalutsocial.atoom.space\/es\/que-fem\/ehealth\/"},{"@type":"ListItem","position":4,"name":"Drones"}]},{"@type":"WebSite","@id":"https:\/\/ticsalutsocial.atoom.space\/es\/#website","url":"https:\/\/ticsalutsocial.atoom.space\/es\/","name":"Fundaci\u00f3 TIC Salut i Social","description":"","potentialAction":[{"@type":"SearchAction","target":{"@type":"EntryPoint","urlTemplate":"https:\/\/ticsalutsocial.atoom.space\/es\/?s={search_term_string}"},"query-input":{"@type":"PropertyValueSpecification","valueRequired":true,"valueName":"search_term_string"}}],"inLanguage":"es"}]}},"_links":{"self":[{"href":"https:\/\/ticsalutsocial.atoom.space\/es\/wp-json\/wp\/v2\/pages\/31454","targetHints":{"allow":["GET"]}}],"collection":[{"href":"https:\/\/ticsalutsocial.atoom.space\/es\/wp-json\/wp\/v2\/pages"}],"about":[{"href":"https:\/\/ticsalutsocial.atoom.space\/es\/wp-json\/wp\/v2\/types\/page"}],"author":[{"embeddable":true,"href":"https:\/\/ticsalutsocial.atoom.space\/es\/wp-json\/wp\/v2\/users\/21"}],"replies":[{"embeddable":true,"href":"https:\/\/ticsalutsocial.atoom.space\/es\/wp-json\/wp\/v2\/comments?post=31454"}],"version-history":[{"count":5,"href":"https:\/\/ticsalutsocial.atoom.space\/es\/wp-json\/wp\/v2\/pages\/31454\/revisions"}],"predecessor-version":[{"id":34053,"href":"https:\/\/ticsalutsocial.atoom.space\/es\/wp-json\/wp\/v2\/pages\/31454\/revisions\/34053"}],"up":[{"embeddable":true,"href":"https:\/\/ticsalutsocial.atoom.space\/es\/wp-json\/wp\/v2\/pages\/13866"}],"wp:attachment":[{"href":"https:\/\/ticsalutsocial.atoom.space\/es\/wp-json\/wp\/v2\/media?parent=31454"}],"wp:term":[{"taxonomy":"tipus","embeddable":true,"href":"https:\/\/ticsalutsocial.atoom.space\/es\/wp-json\/wp\/v2\/tipus?post=31454"}],"curies":[{"name":"wp","href":"https:\/\/api.w.org\/{rel}","templated":true}]}}