
{"id":31456,"date":"2025-02-25T12:23:27","date_gmt":"2025-02-25T10:23:27","guid":{"rendered":"https:\/\/ticsalutsocial.atoom.space\/que-fem\/ehealth\/entornos-virtuales\/"},"modified":"2025-06-06T12:18:48","modified_gmt":"2025-06-06T10:18:48","slug":"entornos-virtuales","status":"publish","type":"page","link":"https:\/\/ticsalutsocial.atoom.space\/es\/que-fem\/ehealth\/entornos-virtuales\/","title":{"rendered":"Entornos virtuales"},"content":{"rendered":"\n<p><span style=\"font-weight: 400;\">La <\/span><b>realidad virtual<\/b><span style=\"font-weight: 400;\"> muestra al usuario un entorno completamente digital sobre el que puede interactuar, sin la percepci\u00f3n del mundo real.<\/span><\/p>\n\n\n\n<p><span style=\"font-weight: 400;\">La <\/span><b>realidad aumentada<\/b><span style=\"font-weight: 400;\"> muestra el mundo real con la superposici\u00f3n de informaci\u00f3n digital.<\/span><\/p>\n\n\n\n<p><span style=\"font-weight: 400;\">Las salas inmersivas son espacios f\u00edsicos especialmente dise\u00f1ados para proporcionar experiencias de <\/span><b>realidad virtual y\/o aumentada<\/b><span style=\"font-weight: 400;\">, que dan la percepci\u00f3n de estar f\u00edsicamente presente en el espacio virtual creado.<\/span><\/p>\n\n\n\n<p>Desde la Fundaci\u00f3n TIC Salut Social estamos desarrollando un proyecto de evaluaci\u00f3n de nuevas tecnolog\u00edas como apoyo terap\u00e9utico en el tratamiento de personas con Trastorno del Espectro Autista (TEA).\r\n<\/p>\n\n\n\n<p>Por un lado, se quiere evaluar una serie de aplicaciones en tabletas en personas con TEA de grado II y, por otro lado, el uso de una sala inmersiva de Realidad Virtual, o Immersive Virtual Reality (IVR) para poder exponer a las personas con TEA de grado III a un entorno controlado que sirva como entorno de entrenamiento para la adquisici\u00f3n de habilidades conductuales y de interacci\u00f3n social.\r\n<\/p>\n\n\n\n<p>En el proyecto est\u00e1n implicadas la Fundaci\u00f3n Sant Francesc d&#8217;Assis, la Fundaci\u00f3n GURU y la Universitat Oberta de Catalunya.\r\n<\/p>\n","protected":false},"excerpt":{"rendered":"<p>La realidad virtual muestra al usuario un entorno completamente digital sobre el que puede interactuar, sin la percepci\u00f3n del mundo real. La realidad aumentada muestra el mundo real con la superposici\u00f3n de informaci\u00f3n digital. Las salas inmersivas son espacios f\u00edsicos especialmente dise\u00f1ados para proporcionar experiencias de realidad virtual y\/o aumentada, que dan la percepci\u00f3n de [&hellip;]<\/p>\n","protected":false},"author":21,"featured_media":0,"parent":13866,"menu_order":0,"comment_status":"closed","ping_status":"closed","template":"page-templates\/section--ehealth.php","meta":{"_acf_changed":false,"inline_featured_image":false,"footnotes":""},"tipus":[],"class_list":["post-31456","page","type-page","status-publish","hentry"],"acf":[],"yoast_head":"<!-- This site is optimized with the Yoast SEO plugin v27.1.1 - https:\/\/yoast.com\/product\/yoast-seo-wordpress\/ -->\n<title>Entornos virtuales - Fundaci\u00f3 TIC Salut i Social<\/title>\n<meta name=\"robots\" content=\"index, follow, max-snippet:-1, max-image-preview:large, max-video-preview:-1\" \/>\n<link rel=\"canonical\" href=\"https:\/\/ticsalutsocial.atoom.space\/es\/que-fem\/ehealth\/entornos-virtuales\/\" \/>\n<meta property=\"og:locale\" content=\"es_ES\" \/>\n<meta property=\"og:type\" content=\"article\" \/>\n<meta property=\"og:title\" content=\"Entornos virtuales - Fundaci\u00f3 TIC Salut i Social\" \/>\n<meta property=\"og:description\" content=\"La realidad virtual muestra al usuario un entorno completamente digital sobre el que puede interactuar, sin la percepci\u00f3n del mundo real. La realidad aumentada muestra el mundo real con la superposici\u00f3n de informaci\u00f3n digital. Las salas inmersivas son espacios f\u00edsicos especialmente dise\u00f1ados para proporcionar experiencias de realidad virtual y\/o aumentada, que dan la percepci\u00f3n de [&hellip;]\" \/>\n<meta property=\"og:url\" content=\"https:\/\/ticsalutsocial.atoom.space\/es\/que-fem\/ehealth\/entornos-virtuales\/\" \/>\n<meta property=\"og:site_name\" content=\"Fundaci\u00f3 TIC Salut i Social\" \/>\n<meta property=\"article:modified_time\" content=\"2025-06-06T10:18:48+00:00\" \/>\n<meta name=\"twitter:card\" content=\"summary_large_image\" \/>\n<meta name=\"twitter:label1\" content=\"Tiempo de lectura\" \/>\n\t<meta name=\"twitter:data1\" content=\"1 minuto\" \/>\n<script type=\"application\/ld+json\" class=\"yoast-schema-graph\">{\"@context\":\"https:\/\/schema.org\",\"@graph\":[{\"@type\":\"WebPage\",\"@id\":\"https:\/\/ticsalutsocial.atoom.space\/es\/que-fem\/ehealth\/entornos-virtuales\/\",\"url\":\"https:\/\/ticsalutsocial.atoom.space\/es\/que-fem\/ehealth\/entornos-virtuales\/\",\"name\":\"Entornos virtuales - Fundaci\u00f3 TIC Salut i Social\",\"isPartOf\":{\"@id\":\"https:\/\/ticsalutsocial.atoom.space\/es\/#website\"},\"datePublished\":\"2025-02-25T10:23:27+00:00\",\"dateModified\":\"2025-06-06T10:18:48+00:00\",\"breadcrumb\":{\"@id\":\"https:\/\/ticsalutsocial.atoom.space\/es\/que-fem\/ehealth\/entornos-virtuales\/#breadcrumb\"},\"inLanguage\":\"es\",\"potentialAction\":[{\"@type\":\"ReadAction\",\"target\":[\"https:\/\/ticsalutsocial.atoom.space\/es\/que-fem\/ehealth\/entornos-virtuales\/\"]}]},{\"@type\":\"BreadcrumbList\",\"@id\":\"https:\/\/ticsalutsocial.atoom.space\/es\/que-fem\/ehealth\/entornos-virtuales\/#breadcrumb\",\"itemListElement\":[{\"@type\":\"ListItem\",\"position\":1,\"name\":\"Inici\",\"item\":\"https:\/\/ticsalutsocial.atoom.space\/es\/\"},{\"@type\":\"ListItem\",\"position\":2,\"name\":\"Que Fem\",\"item\":\"https:\/\/ticsalutsocial.atoom.space\/es\/que-fem\/\"},{\"@type\":\"ListItem\",\"position\":3,\"name\":\"eHealth\",\"item\":\"https:\/\/ticsalutsocial.atoom.space\/es\/que-fem\/ehealth\/\"},{\"@type\":\"ListItem\",\"position\":4,\"name\":\"Entornos virtuales\"}]},{\"@type\":\"WebSite\",\"@id\":\"https:\/\/ticsalutsocial.atoom.space\/es\/#website\",\"url\":\"https:\/\/ticsalutsocial.atoom.space\/es\/\",\"name\":\"Fundaci\u00f3 TIC Salut i Social\",\"description\":\"\",\"potentialAction\":[{\"@type\":\"SearchAction\",\"target\":{\"@type\":\"EntryPoint\",\"urlTemplate\":\"https:\/\/ticsalutsocial.atoom.space\/es\/?s={search_term_string}\"},\"query-input\":{\"@type\":\"PropertyValueSpecification\",\"valueRequired\":true,\"valueName\":\"search_term_string\"}}],\"inLanguage\":\"es\"}]}<\/script>\n<!-- \/ Yoast SEO plugin. -->","yoast_head_json":{"title":"Entornos virtuales - Fundaci\u00f3 TIC Salut i Social","robots":{"index":"index","follow":"follow","max-snippet":"max-snippet:-1","max-image-preview":"max-image-preview:large","max-video-preview":"max-video-preview:-1"},"canonical":"https:\/\/ticsalutsocial.atoom.space\/es\/que-fem\/ehealth\/entornos-virtuales\/","og_locale":"es_ES","og_type":"article","og_title":"Entornos virtuales - Fundaci\u00f3 TIC Salut i Social","og_description":"La realidad virtual muestra al usuario un entorno completamente digital sobre el que puede interactuar, sin la percepci\u00f3n del mundo real. La realidad aumentada muestra el mundo real con la superposici\u00f3n de informaci\u00f3n digital. Las salas inmersivas son espacios f\u00edsicos especialmente dise\u00f1ados para proporcionar experiencias de realidad virtual y\/o aumentada, que dan la percepci\u00f3n de [&hellip;]","og_url":"https:\/\/ticsalutsocial.atoom.space\/es\/que-fem\/ehealth\/entornos-virtuales\/","og_site_name":"Fundaci\u00f3 TIC Salut i Social","article_modified_time":"2025-06-06T10:18:48+00:00","twitter_card":"summary_large_image","twitter_misc":{"Tiempo de lectura":"1 minuto"},"schema":{"@context":"https:\/\/schema.org","@graph":[{"@type":"WebPage","@id":"https:\/\/ticsalutsocial.atoom.space\/es\/que-fem\/ehealth\/entornos-virtuales\/","url":"https:\/\/ticsalutsocial.atoom.space\/es\/que-fem\/ehealth\/entornos-virtuales\/","name":"Entornos virtuales - Fundaci\u00f3 TIC Salut i Social","isPartOf":{"@id":"https:\/\/ticsalutsocial.atoom.space\/es\/#website"},"datePublished":"2025-02-25T10:23:27+00:00","dateModified":"2025-06-06T10:18:48+00:00","breadcrumb":{"@id":"https:\/\/ticsalutsocial.atoom.space\/es\/que-fem\/ehealth\/entornos-virtuales\/#breadcrumb"},"inLanguage":"es","potentialAction":[{"@type":"ReadAction","target":["https:\/\/ticsalutsocial.atoom.space\/es\/que-fem\/ehealth\/entornos-virtuales\/"]}]},{"@type":"BreadcrumbList","@id":"https:\/\/ticsalutsocial.atoom.space\/es\/que-fem\/ehealth\/entornos-virtuales\/#breadcrumb","itemListElement":[{"@type":"ListItem","position":1,"name":"Inici","item":"https:\/\/ticsalutsocial.atoom.space\/es\/"},{"@type":"ListItem","position":2,"name":"Que Fem","item":"https:\/\/ticsalutsocial.atoom.space\/es\/que-fem\/"},{"@type":"ListItem","position":3,"name":"eHealth","item":"https:\/\/ticsalutsocial.atoom.space\/es\/que-fem\/ehealth\/"},{"@type":"ListItem","position":4,"name":"Entornos virtuales"}]},{"@type":"WebSite","@id":"https:\/\/ticsalutsocial.atoom.space\/es\/#website","url":"https:\/\/ticsalutsocial.atoom.space\/es\/","name":"Fundaci\u00f3 TIC Salut i Social","description":"","potentialAction":[{"@type":"SearchAction","target":{"@type":"EntryPoint","urlTemplate":"https:\/\/ticsalutsocial.atoom.space\/es\/?s={search_term_string}"},"query-input":{"@type":"PropertyValueSpecification","valueRequired":true,"valueName":"search_term_string"}}],"inLanguage":"es"}]}},"_links":{"self":[{"href":"https:\/\/ticsalutsocial.atoom.space\/es\/wp-json\/wp\/v2\/pages\/31456","targetHints":{"allow":["GET"]}}],"collection":[{"href":"https:\/\/ticsalutsocial.atoom.space\/es\/wp-json\/wp\/v2\/pages"}],"about":[{"href":"https:\/\/ticsalutsocial.atoom.space\/es\/wp-json\/wp\/v2\/types\/page"}],"author":[{"embeddable":true,"href":"https:\/\/ticsalutsocial.atoom.space\/es\/wp-json\/wp\/v2\/users\/21"}],"replies":[{"embeddable":true,"href":"https:\/\/ticsalutsocial.atoom.space\/es\/wp-json\/wp\/v2\/comments?post=31456"}],"version-history":[{"count":2,"href":"https:\/\/ticsalutsocial.atoom.space\/es\/wp-json\/wp\/v2\/pages\/31456\/revisions"}],"predecessor-version":[{"id":32532,"href":"https:\/\/ticsalutsocial.atoom.space\/es\/wp-json\/wp\/v2\/pages\/31456\/revisions\/32532"}],"up":[{"embeddable":true,"href":"https:\/\/ticsalutsocial.atoom.space\/es\/wp-json\/wp\/v2\/pages\/13866"}],"wp:attachment":[{"href":"https:\/\/ticsalutsocial.atoom.space\/es\/wp-json\/wp\/v2\/media?parent=31456"}],"wp:term":[{"taxonomy":"tipus","embeddable":true,"href":"https:\/\/ticsalutsocial.atoom.space\/es\/wp-json\/wp\/v2\/tipus?post=31456"}],"curies":[{"name":"wp","href":"https:\/\/api.w.org\/{rel}","templated":true}]}}