
{"id":31458,"date":"2025-02-25T12:24:55","date_gmt":"2025-02-25T10:24:55","guid":{"rendered":"https:\/\/ticsalutsocial.atoom.space\/que-fem\/ehealth\/telemedicina\/"},"modified":"2025-04-14T16:20:54","modified_gmt":"2025-04-14T14:20:54","slug":"telemedicina","status":"publish","type":"page","link":"https:\/\/ticsalutsocial.atoom.space\/es\/que-fem\/ehealth\/telemedicina\/","title":{"rendered":"Telemedicina"},"content":{"rendered":"\n<p>La Organizaci\u00f3n Mundial de la Salud define la telemedicina como la prestaci\u00f3n de servicios sanitarios a distancia mediante las TIC, con la finalidad de intercambiar informaci\u00f3n para el diagn\u00f3stico, tratamiento y prevenci\u00f3n de enfermedades y lesiones&#13;\n<\/p>\n\n<p>La irrupci\u00f3n de la conectividad 5G ha permitido una gran mejora de las prestaciones en la comunicaci\u00f3n (latencia, anchura de banda&#8230;). Desde el punto de vista de salud, esta evoluci\u00f3n tecnol\u00f3gica facilita la integraci\u00f3n de dispositivos y elementos para la implementaci\u00f3n de los servicios de telemedicina.&#13;\n<\/p>\n\n<p><b>TDA 5G Rural<\/b><\/p>\n\n<p><span style=\"font-weight: 400;\">La Fundaci\u00f3n TIC Salut Social est\u00e1 colaborando con la Fundaci\u00f3n i2CAT en el proyecto <\/span><b>TDA 5G Rural<\/b><i><span style=\"font-weight: 400;\">,<\/span><\/i><span style=\"font-weight: 400;\"> destinado al desarrollo de diversas iniciativas y casos de uso relevantes de aplicaci\u00f3n de la red 5G en entornos rurales de Catalu\u00f1a. La ejecuci\u00f3n del proyecto se inici\u00f3 en 2021, y seguir\u00e1 a corto y medio plazo.<\/span><\/p>\n\n<p>En base a los resultados obtenidos en la evaluaci\u00f3n tecnol\u00f3gica realizada en una prueba de concepto, se est\u00e1n ejecutando dos casos de uso, de telemedicina en la atenci\u00f3n primaria y de hospitalizaci\u00f3n a domicilio, por los que se realizar\u00e1 una evaluaci\u00f3n cl\u00ednica de los resultados.&#13;\n<\/p>\n\n<p>En cuanto al primer caso de uso, se evaluar\u00e1 la viabilidad de realizar consultas de atenci\u00f3n primaria a domicilio. Para realizar las consultas, se utilizar\u00e1 un malet\u00edn con una serie de dispositivos m\u00e9dicos y un equipo de telecomunicaciones, que permita garantizar la transmisi\u00f3n de los datos obtenidos en el domicilio sin que el profesional tenga que desplazarse al CAP.&#13;\n<\/p>\n\n<p>El segundo caso de uso, el de hospitalizaci\u00f3n a domicilio se centra en definir y validar un escenario cl\u00ednico: la hospitalizaci\u00f3n de un paciente en su domicilio, con seguimiento remoto. Para hacerlo posible, se contar\u00e1 con una serie de dispositivos m\u00e9dicos para la monitorizaci\u00f3n de las variables cl\u00ednicas y el estado del paciente, y un equipo de comunicaciones que permita garantizar la transmisi\u00f3n de los datos. En este caso de uso se contar\u00e1 con el apoyo de los PADES.&#13;\n<\/p>\n\n<p>Desde la Fundaci\u00f3n TIC Salut Social se han realizado una serie de sesiones de co-creaci\u00f3n con profesionales asistenciales de la Regi\u00f3n Sanitaria de Las Tierras del Ebro para asegurar la relevancia de los casos de uso planteados, y se definieron tres casos de uso:&#13;\n<\/p>\n\n<ul class=\"wp-block-list\">\n<li>Atenci\u00f3n no presencial con videoconferencia<\/li>\n\n\n\n<li>Ecograf\u00eda m\u00f3vil<\/li>\n\n\n\n<li>Monitorizaci\u00f3n de variables cl\u00ednicas<\/li>\n<\/ul>\n\n<p>Para estos tres casos se evalu\u00f3 la calidad de la conectividad 5G simulando el entorno del paciente y el entorno del profesional asistencial.&#13;\n<\/p>\n\n<p><span style=\"font-weight: 400;\">Su ejecuci\u00f3n se inici\u00f3 en el a\u00f1o 2021 y se finaliz\u00f3 en 2023 con el <\/span><a href=\"https:\/\/i2cat.net\/wp-content\/uploads\/2023\/11\/i2CAT-5G-Terres-Ebre-15112023.pdf\"><span style=\"font-weight: 400;\">informe de resultados y conclusiones.<\/span><\/a><\/p>\n\n<p><b>LATITUD: Modelo de atenci\u00f3n no presencial<\/b><\/p>\n\n<p><span style=\"font-weight: 400;\">El proyecto Latitud se inici\u00f3 en el a\u00f1o 2019, y se estableci\u00f3 como el modelo de referencia para la <\/span><b>implantaci\u00f3n de soluciones digitales en el \u00e1mbito asistencial no presencial de salud en<\/b><span style=\"font-weight: 400;\"> los a\u00f1os posteriores, incluyendo la \u00e9poca de la pandemia causada por la COVID-19. Su ejecuci\u00f3n finaliz\u00f3 en el a\u00f1o 2021.<\/span><\/p>\n\n<p><span style=\"font-weight: 400;\">Se orient\u00f3 a garantizar la <\/span><b>equidad, calidad y sostenibilidad<\/b><span style=\"font-weight: 400;\"> de los servicios sanitarios, tanto desde la perspectiva de la ciudadan\u00eda como del sistema sanitario. Con el fin de alcanzar estos objetivos, el modelo incorpor\u00f3 como pilares la <\/span><b>centralidad en la persona<\/b><span style=\"font-weight: 400;\"> y el <\/span><b>uso intensivo de los datos<\/b><span style=\"font-weight: 400;\">, y los aplic\u00f3 a trav\u00e9s de la configuraci\u00f3n de rutas asistenciales din\u00e1micas. Contempl\u00f3 tanto aspectos de la salud, como los condicionantes de la persona (sociales, econ\u00f3micos, competenciales, del entorno, etc.), y los recursos asistenciales disponibles, con el fin de definir rutas asistenciales adaptadas a las necesidades, y que permitieran combinar la atenci\u00f3n presencial y no presencial.<\/span><\/p>\n\n<p><span style=\"font-weight: 400;\">El modelo contemplaba todos los \u00e1mbitos de intervenci\u00f3n en salud incluidos en la cadena de valor asistencial: la <\/span><b>promoci\u00f3n de la salud<\/b><span style=\"font-weight: 400;\"> y la <\/span><b>prevenci\u00f3n<\/b><span style=\"font-weight: 400;\">, el <\/span><b>diagn\u00f3stico<\/b><span style=\"font-weight: 400;\">, el <\/span><b>tratamiento<\/b><span style=\"font-weight: 400;\"> y el <\/span><b>seguimiento de la enfermedad<\/b><span style=\"font-weight: 400;\">.<\/span><\/p>\n\n<p><b>Documentaci\u00f3n relacionada:<\/b><\/p>\n\n<ul class=\"wp-block-list\">\n<li><a href=\"https:\/\/ticsalutsocial.atoom.space\/wp-content\/uploads\/2021\/07\/latitud.pdf\"><i><span style=\"font-weight: 400;\">An\u00e1lisis comparativo de modelos de atenci\u00f3n no presencial en el \u00e1mbito de la salud<\/span><\/i><\/a><\/li>\n\n\n\n<li><a href=\"https:\/\/ticsalutsocial.atoom.space\/wp-content\/uploads\/2021\/07\/P2_LATITUD_EstrategiaModelAtencioNoPresencial.pdf\"><i><span style=\"font-weight: 400;\">Modelo de referencia LATITUD<\/span><\/i><\/a><\/li>\n<\/ul>\n\n<p>Para cumplir con los objetivos establecidos, se realiz\u00f3 una gu\u00eda con los aspectos a tener en cuenta para llevar a cabo iniciativas de atenci\u00f3n no presencial digital, as\u00ed como recomendaciones de uso y contenidos espec\u00edficos de apoyo a los profesionales.&#13;\n<\/p>\n\n<ul class=\"wp-block-list\">\n<li><a href=\"https:\/\/ticsalutsocial.atoom.space\/wp-content\/uploads\/2021\/07\/01_recull_fitxes_atencionopresencialap_professional_00-v0-4_logos.pdf\"><span style=\"font-weight: 400;\">Recomendaciones para los profesionales sanitarios de atenci\u00f3n primaria<\/span><\/a><\/li>\n\n\n\n<li><a href=\"https:\/\/ticsalutsocial.atoom.space\/wp-content\/uploads\/2021\/07\/02_recull_fitxes_atencionopresencialap_organitzacio_00-v0-4_logos.pdf\"><span style=\"font-weight: 400;\">Recomendaciones para las direcciones de los centros de atenci\u00f3n primaria<\/span><\/a><\/li>\n\n\n\n<li><a href=\"https:\/\/ticsalutsocial.atoom.space\/wp-content\/uploads\/2021\/07\/01_recull_fitxes_atencionopresencialae_professional_02-tot.pdf\"><span style=\"font-weight: 400;\">Recomendaciones para los profesionales sanitarios de hospitales, sociosanitarios y salud mental y adicciones<\/span><\/a><\/li>\n\n\n\n<li><a href=\"https:\/\/ticsalutsocial.atoom.space\/wp-content\/uploads\/2021\/07\/02_recull_fitxes_atencionopresencialae_organitzacio_02-tot.pdf\"><span style=\"font-weight: 400;\">Recomendaciones para las direcciones de los centros hospitalarios, sociosanitarios y salud mental y adicciones<\/span><\/a><\/li>\n<\/ul>\n\n<p>Adem\u00e1s, se realizaron diversos proyectos en \u00e1mbitos espec\u00edficos:<\/p>\n\n<ul class=\"wp-block-list\">\n<li><span style=\"font-weight: 400;\">La <\/span><b>eConsulta<\/b><span style=\"font-weight: 400;\"> destaca por ser un proyecto impulsado desde el propio sistema sanitario y desplegado en la gran mayor\u00eda de centros de atenci\u00f3n primaria y extensible a la especializada.<\/span><\/li>\n\n\n\n<li><span style=\"font-weight: 400;\">El <\/span><b>teleictus<\/b><span style=\"font-weight: 400;\"> destaca por la capacidad de coordinaci\u00f3n entre centros proveedores del LGAI.<\/span><\/li>\n\n\n\n<li><span style=\"font-weight: 400;\">La <\/span><b>teledermatolog\u00eda<\/b><span style=\"font-weight: 400;\"> destaca por el uso de herramientas existentes y la reducci\u00f3n en los desplazamientos por parte de la poblaci\u00f3n.<\/span><\/li>\n\n\n\n<li><a href=\"https:\/\/ticsalutsocial.atoom.space\/wp-content\/uploads\/2021\/07\/04_latitud-monografic-econsulta.pdf\"><span style=\"font-weight: 400;\">Monogr\u00e1fico eConsulta<\/span><\/a><\/li>\n\n\n\n<li><a href=\"https:\/\/ticsalutsocial.atoom.space\/wp-content\/uploads\/2021\/07\/06_latitud-monografic-teleictus.pdf\"><i><span style=\"font-weight: 400;\">Monogr\u00e1fico Teleictus<\/span><\/i><\/a><\/li>\n\n\n\n<li><a href=\"https:\/\/ticsalutsocial.atoom.space\/wp-content\/uploads\/2021\/07\/05_latitud-monografic-teledermatologia.pdf\"><i><span style=\"font-weight: 400;\">Monogr\u00e1fico Telederma<\/span><\/i><\/a><\/li>\n<\/ul>\n","protected":false},"excerpt":{"rendered":"<p>La Organizaci\u00f3n Mundial de la Salud define la telemedicina como la prestaci\u00f3n de servicios sanitarios a distancia mediante las TIC, con la finalidad de intercambiar informaci\u00f3n para el diagn\u00f3stico, tratamiento y prevenci\u00f3n de enfermedades y lesiones&#13; La irrupci\u00f3n de la conectividad 5G ha permitido una gran mejora de las prestaciones en la comunicaci\u00f3n (latencia, anchura [&hellip;]<\/p>\n","protected":false},"author":21,"featured_media":0,"parent":13866,"menu_order":0,"comment_status":"closed","ping_status":"closed","template":"page-templates\/section--ehealth.php","meta":{"_acf_changed":false,"inline_featured_image":false,"footnotes":""},"tipus":[],"class_list":["post-31458","page","type-page","status-publish","hentry"],"acf":[],"yoast_head":"<!-- This site is optimized with the Yoast SEO plugin v27.1.1 - https:\/\/yoast.com\/product\/yoast-seo-wordpress\/ -->\n<title>Telemedicina - Fundaci\u00f3 TIC Salut i Social<\/title>\n<meta name=\"robots\" content=\"index, follow, max-snippet:-1, max-image-preview:large, max-video-preview:-1\" \/>\n<link rel=\"canonical\" href=\"https:\/\/ticsalutsocial.atoom.space\/es\/que-fem\/ehealth\/telemedicina\/\" \/>\n<meta property=\"og:locale\" content=\"es_ES\" \/>\n<meta property=\"og:type\" content=\"article\" \/>\n<meta property=\"og:title\" content=\"Telemedicina - Fundaci\u00f3 TIC Salut i Social\" \/>\n<meta property=\"og:description\" content=\"La Organizaci\u00f3n Mundial de la Salud define la telemedicina como la prestaci\u00f3n de servicios sanitarios a distancia mediante las TIC, con la finalidad de intercambiar informaci\u00f3n para el diagn\u00f3stico, tratamiento y prevenci\u00f3n de enfermedades y lesiones&#013; La irrupci\u00f3n de la conectividad 5G ha permitido una gran mejora de las prestaciones en la comunicaci\u00f3n (latencia, anchura [&hellip;]\" \/>\n<meta property=\"og:url\" content=\"https:\/\/ticsalutsocial.atoom.space\/es\/que-fem\/ehealth\/telemedicina\/\" \/>\n<meta property=\"og:site_name\" content=\"Fundaci\u00f3 TIC Salut i Social\" \/>\n<meta property=\"article:modified_time\" content=\"2025-04-14T14:20:54+00:00\" \/>\n<meta name=\"twitter:card\" content=\"summary_large_image\" \/>\n<meta name=\"twitter:label1\" content=\"Tiempo de lectura\" \/>\n\t<meta name=\"twitter:data1\" content=\"4 minutos\" \/>\n<script type=\"application\/ld+json\" class=\"yoast-schema-graph\">{\"@context\":\"https:\/\/schema.org\",\"@graph\":[{\"@type\":\"WebPage\",\"@id\":\"https:\/\/ticsalutsocial.atoom.space\/es\/que-fem\/ehealth\/telemedicina\/\",\"url\":\"https:\/\/ticsalutsocial.atoom.space\/es\/que-fem\/ehealth\/telemedicina\/\",\"name\":\"Telemedicina - Fundaci\u00f3 TIC Salut i Social\",\"isPartOf\":{\"@id\":\"https:\/\/ticsalutsocial.atoom.space\/es\/#website\"},\"datePublished\":\"2025-02-25T10:24:55+00:00\",\"dateModified\":\"2025-04-14T14:20:54+00:00\",\"breadcrumb\":{\"@id\":\"https:\/\/ticsalutsocial.atoom.space\/es\/que-fem\/ehealth\/telemedicina\/#breadcrumb\"},\"inLanguage\":\"es\",\"potentialAction\":[{\"@type\":\"ReadAction\",\"target\":[\"https:\/\/ticsalutsocial.atoom.space\/es\/que-fem\/ehealth\/telemedicina\/\"]}]},{\"@type\":\"BreadcrumbList\",\"@id\":\"https:\/\/ticsalutsocial.atoom.space\/es\/que-fem\/ehealth\/telemedicina\/#breadcrumb\",\"itemListElement\":[{\"@type\":\"ListItem\",\"position\":1,\"name\":\"Inici\",\"item\":\"https:\/\/ticsalutsocial.atoom.space\/es\/\"},{\"@type\":\"ListItem\",\"position\":2,\"name\":\"Que Fem\",\"item\":\"https:\/\/ticsalutsocial.atoom.space\/es\/que-fem\/\"},{\"@type\":\"ListItem\",\"position\":3,\"name\":\"eHealth\",\"item\":\"https:\/\/ticsalutsocial.atoom.space\/es\/que-fem\/ehealth\/\"},{\"@type\":\"ListItem\",\"position\":4,\"name\":\"Telemedicina\"}]},{\"@type\":\"WebSite\",\"@id\":\"https:\/\/ticsalutsocial.atoom.space\/es\/#website\",\"url\":\"https:\/\/ticsalutsocial.atoom.space\/es\/\",\"name\":\"Fundaci\u00f3 TIC Salut i Social\",\"description\":\"\",\"potentialAction\":[{\"@type\":\"SearchAction\",\"target\":{\"@type\":\"EntryPoint\",\"urlTemplate\":\"https:\/\/ticsalutsocial.atoom.space\/es\/?s={search_term_string}\"},\"query-input\":{\"@type\":\"PropertyValueSpecification\",\"valueRequired\":true,\"valueName\":\"search_term_string\"}}],\"inLanguage\":\"es\"}]}<\/script>\n<!-- \/ Yoast SEO plugin. -->","yoast_head_json":{"title":"Telemedicina - Fundaci\u00f3 TIC Salut i Social","robots":{"index":"index","follow":"follow","max-snippet":"max-snippet:-1","max-image-preview":"max-image-preview:large","max-video-preview":"max-video-preview:-1"},"canonical":"https:\/\/ticsalutsocial.atoom.space\/es\/que-fem\/ehealth\/telemedicina\/","og_locale":"es_ES","og_type":"article","og_title":"Telemedicina - Fundaci\u00f3 TIC Salut i Social","og_description":"La Organizaci\u00f3n Mundial de la Salud define la telemedicina como la prestaci\u00f3n de servicios sanitarios a distancia mediante las TIC, con la finalidad de intercambiar informaci\u00f3n para el diagn\u00f3stico, tratamiento y prevenci\u00f3n de enfermedades y lesiones&#13; La irrupci\u00f3n de la conectividad 5G ha permitido una gran mejora de las prestaciones en la comunicaci\u00f3n (latencia, anchura [&hellip;]","og_url":"https:\/\/ticsalutsocial.atoom.space\/es\/que-fem\/ehealth\/telemedicina\/","og_site_name":"Fundaci\u00f3 TIC Salut i Social","article_modified_time":"2025-04-14T14:20:54+00:00","twitter_card":"summary_large_image","twitter_misc":{"Tiempo de lectura":"4 minutos"},"schema":{"@context":"https:\/\/schema.org","@graph":[{"@type":"WebPage","@id":"https:\/\/ticsalutsocial.atoom.space\/es\/que-fem\/ehealth\/telemedicina\/","url":"https:\/\/ticsalutsocial.atoom.space\/es\/que-fem\/ehealth\/telemedicina\/","name":"Telemedicina - Fundaci\u00f3 TIC Salut i Social","isPartOf":{"@id":"https:\/\/ticsalutsocial.atoom.space\/es\/#website"},"datePublished":"2025-02-25T10:24:55+00:00","dateModified":"2025-04-14T14:20:54+00:00","breadcrumb":{"@id":"https:\/\/ticsalutsocial.atoom.space\/es\/que-fem\/ehealth\/telemedicina\/#breadcrumb"},"inLanguage":"es","potentialAction":[{"@type":"ReadAction","target":["https:\/\/ticsalutsocial.atoom.space\/es\/que-fem\/ehealth\/telemedicina\/"]}]},{"@type":"BreadcrumbList","@id":"https:\/\/ticsalutsocial.atoom.space\/es\/que-fem\/ehealth\/telemedicina\/#breadcrumb","itemListElement":[{"@type":"ListItem","position":1,"name":"Inici","item":"https:\/\/ticsalutsocial.atoom.space\/es\/"},{"@type":"ListItem","position":2,"name":"Que Fem","item":"https:\/\/ticsalutsocial.atoom.space\/es\/que-fem\/"},{"@type":"ListItem","position":3,"name":"eHealth","item":"https:\/\/ticsalutsocial.atoom.space\/es\/que-fem\/ehealth\/"},{"@type":"ListItem","position":4,"name":"Telemedicina"}]},{"@type":"WebSite","@id":"https:\/\/ticsalutsocial.atoom.space\/es\/#website","url":"https:\/\/ticsalutsocial.atoom.space\/es\/","name":"Fundaci\u00f3 TIC Salut i Social","description":"","potentialAction":[{"@type":"SearchAction","target":{"@type":"EntryPoint","urlTemplate":"https:\/\/ticsalutsocial.atoom.space\/es\/?s={search_term_string}"},"query-input":{"@type":"PropertyValueSpecification","valueRequired":true,"valueName":"search_term_string"}}],"inLanguage":"es"}]}},"_links":{"self":[{"href":"https:\/\/ticsalutsocial.atoom.space\/es\/wp-json\/wp\/v2\/pages\/31458","targetHints":{"allow":["GET"]}}],"collection":[{"href":"https:\/\/ticsalutsocial.atoom.space\/es\/wp-json\/wp\/v2\/pages"}],"about":[{"href":"https:\/\/ticsalutsocial.atoom.space\/es\/wp-json\/wp\/v2\/types\/page"}],"author":[{"embeddable":true,"href":"https:\/\/ticsalutsocial.atoom.space\/es\/wp-json\/wp\/v2\/users\/21"}],"replies":[{"embeddable":true,"href":"https:\/\/ticsalutsocial.atoom.space\/es\/wp-json\/wp\/v2\/comments?post=31458"}],"version-history":[{"count":1,"href":"https:\/\/ticsalutsocial.atoom.space\/es\/wp-json\/wp\/v2\/pages\/31458\/revisions"}],"predecessor-version":[{"id":31459,"href":"https:\/\/ticsalutsocial.atoom.space\/es\/wp-json\/wp\/v2\/pages\/31458\/revisions\/31459"}],"up":[{"embeddable":true,"href":"https:\/\/ticsalutsocial.atoom.space\/es\/wp-json\/wp\/v2\/pages\/13866"}],"wp:attachment":[{"href":"https:\/\/ticsalutsocial.atoom.space\/es\/wp-json\/wp\/v2\/media?parent=31458"}],"wp:term":[{"taxonomy":"tipus","embeddable":true,"href":"https:\/\/ticsalutsocial.atoom.space\/es\/wp-json\/wp\/v2\/tipus?post=31458"}],"curies":[{"name":"wp","href":"https:\/\/api.w.org\/{rel}","templated":true}]}}