
{"id":31464,"date":"2025-02-25T12:31:18","date_gmt":"2025-02-25T10:31:18","guid":{"rendered":"https:\/\/ticsalutsocial.atoom.space\/que-fem\/imatge-medica-digital\/proyectos\/"},"modified":"2025-04-14T16:27:38","modified_gmt":"2025-04-14T14:27:38","slug":"proyectos","status":"publish","type":"page","link":"https:\/\/ticsalutsocial.atoom.space\/es\/que-fem\/imatge-medica-digital\/proyectos\/","title":{"rendered":"Proyectos"},"content":{"rendered":"\n<ul class=\"wp-block-list\">\n<li><b>PAT-SIMDCAT:<\/b><span style=\"font-weight: 400;\"> proyecto del Sistema de Salud de Catalu\u00f1a enfocado a la patolog\u00eda o anatom\u00eda patol\u00f3gica (AP).<\/span><\/li>\n<\/ul>\n\n<p>Esta rama de la medicina estudia cient\u00edficamente la estructura y funcionamiento del cuerpo en la enfermedad. El papel principal de la AP es identificar anomal\u00edas que pueden ayudar a diagnosticar enfermedades, y as\u00ed administrar el tratamiento m\u00e1s adecuado.&#13;\n<\/p>\n\n<p class=\"ticsalut-btn\"><a href=\"https:\/\/ticsalutsocial.atoom.space\/project\/pat-simdcat\/\" target=\"_blank\" rel=\"noreferrer noopener\"><strong>Proyecto PAT-SIMDCAT<\/strong><\/a><\/p>\n\n<ul class=\"wp-block-list\">\n<li><b>SIMDCAT: <\/b><span style=\"font-weight: 400;\">proyecto del Sistema de Salud de Catalu\u00f1a para almacenar y compartir informaci\u00f3n de manera segura y mejorar el entorno interoperable del Sistema Sanitario Integrado de Utilizaci\u00f3n P\u00fablica de Catalu\u00f1a (SISCAT).<\/span><\/li>\n<\/ul>\n\n<p>SIMDCAT se basa en el Raim cloud que deslocaliza en la nube el almacenamiento de la actividad de la imagen m\u00e9dica de los proveedores de salud, mediante un PACS compartido para todos los centros.&#13;\n<\/p>\n\n<p class=\"ticsalut-btn\"><a href=\"https:\/\/ticsalutsocial.atoom.space\/que-fem\/imatge-medica-digital\/\" target=\"_blank\" rel=\"noreferrer noopener\"><strong>Proyecto SIMDCAT<\/strong><\/a><\/p>\n","protected":false},"excerpt":{"rendered":"<p>Esta rama de la medicina estudia cient\u00edficamente la estructura y funcionamiento del cuerpo en la enfermedad. El papel principal de la AP es identificar anomal\u00edas que pueden ayudar a diagnosticar enfermedades, y as\u00ed administrar el tratamiento m\u00e1s adecuado.&#13; Proyecto PAT-SIMDCAT SIMDCAT se basa en el Raim cloud que deslocaliza en la nube el almacenamiento de [&hellip;]<\/p>\n","protected":false},"author":21,"featured_media":0,"parent":25581,"menu_order":0,"comment_status":"closed","ping_status":"closed","template":"page-templates\/section--imatge-medica.php","meta":{"_acf_changed":false,"inline_featured_image":false,"footnotes":""},"tipus":[],"class_list":["post-31464","page","type-page","status-publish","hentry"],"acf":[],"yoast_head":"<!-- This site is optimized with the Yoast SEO plugin v27.1.1 - https:\/\/yoast.com\/product\/yoast-seo-wordpress\/ -->\n<title>Proyectos - Fundaci\u00f3 TIC Salut i Social<\/title>\n<meta name=\"robots\" content=\"index, follow, max-snippet:-1, max-image-preview:large, max-video-preview:-1\" \/>\n<link rel=\"canonical\" href=\"https:\/\/ticsalutsocial.atoom.space\/es\/que-fem\/imatge-medica-digital\/proyectos\/\" \/>\n<meta property=\"og:locale\" content=\"es_ES\" \/>\n<meta property=\"og:type\" content=\"article\" \/>\n<meta property=\"og:title\" content=\"Proyectos - Fundaci\u00f3 TIC Salut i Social\" \/>\n<meta property=\"og:description\" content=\"Esta rama de la medicina estudia cient\u00edficamente la estructura y funcionamiento del cuerpo en la enfermedad. El papel principal de la AP es identificar anomal\u00edas que pueden ayudar a diagnosticar enfermedades, y as\u00ed administrar el tratamiento m\u00e1s adecuado.&#013; Proyecto PAT-SIMDCAT SIMDCAT se basa en el Raim cloud que deslocaliza en la nube el almacenamiento de [&hellip;]\" \/>\n<meta property=\"og:url\" content=\"https:\/\/ticsalutsocial.atoom.space\/es\/que-fem\/imatge-medica-digital\/proyectos\/\" \/>\n<meta property=\"og:site_name\" content=\"Fundaci\u00f3 TIC Salut i Social\" \/>\n<meta property=\"article:modified_time\" content=\"2025-04-14T14:27:38+00:00\" \/>\n<meta name=\"twitter:card\" content=\"summary_large_image\" \/>\n<meta name=\"twitter:label1\" content=\"Tiempo de lectura\" \/>\n\t<meta name=\"twitter:data1\" content=\"1 minuto\" \/>\n<script type=\"application\/ld+json\" class=\"yoast-schema-graph\">{\"@context\":\"https:\/\/schema.org\",\"@graph\":[{\"@type\":\"WebPage\",\"@id\":\"https:\/\/ticsalutsocial.atoom.space\/es\/que-fem\/imatge-medica-digital\/proyectos\/\",\"url\":\"https:\/\/ticsalutsocial.atoom.space\/es\/que-fem\/imatge-medica-digital\/proyectos\/\",\"name\":\"Proyectos - Fundaci\u00f3 TIC Salut i Social\",\"isPartOf\":{\"@id\":\"https:\/\/ticsalutsocial.atoom.space\/es\/#website\"},\"datePublished\":\"2025-02-25T10:31:18+00:00\",\"dateModified\":\"2025-04-14T14:27:38+00:00\",\"breadcrumb\":{\"@id\":\"https:\/\/ticsalutsocial.atoom.space\/es\/que-fem\/imatge-medica-digital\/proyectos\/#breadcrumb\"},\"inLanguage\":\"es\",\"potentialAction\":[{\"@type\":\"ReadAction\",\"target\":[\"https:\/\/ticsalutsocial.atoom.space\/es\/que-fem\/imatge-medica-digital\/proyectos\/\"]}]},{\"@type\":\"BreadcrumbList\",\"@id\":\"https:\/\/ticsalutsocial.atoom.space\/es\/que-fem\/imatge-medica-digital\/proyectos\/#breadcrumb\",\"itemListElement\":[{\"@type\":\"ListItem\",\"position\":1,\"name\":\"Inici\",\"item\":\"https:\/\/ticsalutsocial.atoom.space\/es\/\"},{\"@type\":\"ListItem\",\"position\":2,\"name\":\"Que Fem\",\"item\":\"https:\/\/ticsalutsocial.atoom.space\/es\/que-fem\/\"},{\"@type\":\"ListItem\",\"position\":3,\"name\":\"Imagen m\u00e9dica digital\",\"item\":\"https:\/\/ticsalutsocial.atoom.space\/es\/que-fem\/imatge-medica-digital\/\"},{\"@type\":\"ListItem\",\"position\":4,\"name\":\"Proyectos\"}]},{\"@type\":\"WebSite\",\"@id\":\"https:\/\/ticsalutsocial.atoom.space\/es\/#website\",\"url\":\"https:\/\/ticsalutsocial.atoom.space\/es\/\",\"name\":\"Fundaci\u00f3 TIC Salut i Social\",\"description\":\"\",\"potentialAction\":[{\"@type\":\"SearchAction\",\"target\":{\"@type\":\"EntryPoint\",\"urlTemplate\":\"https:\/\/ticsalutsocial.atoom.space\/es\/?s={search_term_string}\"},\"query-input\":{\"@type\":\"PropertyValueSpecification\",\"valueRequired\":true,\"valueName\":\"search_term_string\"}}],\"inLanguage\":\"es\"}]}<\/script>\n<!-- \/ Yoast SEO plugin. -->","yoast_head_json":{"title":"Proyectos - Fundaci\u00f3 TIC Salut i Social","robots":{"index":"index","follow":"follow","max-snippet":"max-snippet:-1","max-image-preview":"max-image-preview:large","max-video-preview":"max-video-preview:-1"},"canonical":"https:\/\/ticsalutsocial.atoom.space\/es\/que-fem\/imatge-medica-digital\/proyectos\/","og_locale":"es_ES","og_type":"article","og_title":"Proyectos - Fundaci\u00f3 TIC Salut i Social","og_description":"Esta rama de la medicina estudia cient\u00edficamente la estructura y funcionamiento del cuerpo en la enfermedad. El papel principal de la AP es identificar anomal\u00edas que pueden ayudar a diagnosticar enfermedades, y as\u00ed administrar el tratamiento m\u00e1s adecuado.&#13; Proyecto PAT-SIMDCAT SIMDCAT se basa en el Raim cloud que deslocaliza en la nube el almacenamiento de [&hellip;]","og_url":"https:\/\/ticsalutsocial.atoom.space\/es\/que-fem\/imatge-medica-digital\/proyectos\/","og_site_name":"Fundaci\u00f3 TIC Salut i Social","article_modified_time":"2025-04-14T14:27:38+00:00","twitter_card":"summary_large_image","twitter_misc":{"Tiempo de lectura":"1 minuto"},"schema":{"@context":"https:\/\/schema.org","@graph":[{"@type":"WebPage","@id":"https:\/\/ticsalutsocial.atoom.space\/es\/que-fem\/imatge-medica-digital\/proyectos\/","url":"https:\/\/ticsalutsocial.atoom.space\/es\/que-fem\/imatge-medica-digital\/proyectos\/","name":"Proyectos - Fundaci\u00f3 TIC Salut i Social","isPartOf":{"@id":"https:\/\/ticsalutsocial.atoom.space\/es\/#website"},"datePublished":"2025-02-25T10:31:18+00:00","dateModified":"2025-04-14T14:27:38+00:00","breadcrumb":{"@id":"https:\/\/ticsalutsocial.atoom.space\/es\/que-fem\/imatge-medica-digital\/proyectos\/#breadcrumb"},"inLanguage":"es","potentialAction":[{"@type":"ReadAction","target":["https:\/\/ticsalutsocial.atoom.space\/es\/que-fem\/imatge-medica-digital\/proyectos\/"]}]},{"@type":"BreadcrumbList","@id":"https:\/\/ticsalutsocial.atoom.space\/es\/que-fem\/imatge-medica-digital\/proyectos\/#breadcrumb","itemListElement":[{"@type":"ListItem","position":1,"name":"Inici","item":"https:\/\/ticsalutsocial.atoom.space\/es\/"},{"@type":"ListItem","position":2,"name":"Que Fem","item":"https:\/\/ticsalutsocial.atoom.space\/es\/que-fem\/"},{"@type":"ListItem","position":3,"name":"Imagen m\u00e9dica digital","item":"https:\/\/ticsalutsocial.atoom.space\/es\/que-fem\/imatge-medica-digital\/"},{"@type":"ListItem","position":4,"name":"Proyectos"}]},{"@type":"WebSite","@id":"https:\/\/ticsalutsocial.atoom.space\/es\/#website","url":"https:\/\/ticsalutsocial.atoom.space\/es\/","name":"Fundaci\u00f3 TIC Salut i Social","description":"","potentialAction":[{"@type":"SearchAction","target":{"@type":"EntryPoint","urlTemplate":"https:\/\/ticsalutsocial.atoom.space\/es\/?s={search_term_string}"},"query-input":{"@type":"PropertyValueSpecification","valueRequired":true,"valueName":"search_term_string"}}],"inLanguage":"es"}]}},"_links":{"self":[{"href":"https:\/\/ticsalutsocial.atoom.space\/es\/wp-json\/wp\/v2\/pages\/31464","targetHints":{"allow":["GET"]}}],"collection":[{"href":"https:\/\/ticsalutsocial.atoom.space\/es\/wp-json\/wp\/v2\/pages"}],"about":[{"href":"https:\/\/ticsalutsocial.atoom.space\/es\/wp-json\/wp\/v2\/types\/page"}],"author":[{"embeddable":true,"href":"https:\/\/ticsalutsocial.atoom.space\/es\/wp-json\/wp\/v2\/users\/21"}],"replies":[{"embeddable":true,"href":"https:\/\/ticsalutsocial.atoom.space\/es\/wp-json\/wp\/v2\/comments?post=31464"}],"version-history":[{"count":1,"href":"https:\/\/ticsalutsocial.atoom.space\/es\/wp-json\/wp\/v2\/pages\/31464\/revisions"}],"predecessor-version":[{"id":31465,"href":"https:\/\/ticsalutsocial.atoom.space\/es\/wp-json\/wp\/v2\/pages\/31464\/revisions\/31465"}],"up":[{"embeddable":true,"href":"https:\/\/ticsalutsocial.atoom.space\/es\/wp-json\/wp\/v2\/pages\/25581"}],"wp:attachment":[{"href":"https:\/\/ticsalutsocial.atoom.space\/es\/wp-json\/wp\/v2\/media?parent=31464"}],"wp:term":[{"taxonomy":"tipus","embeddable":true,"href":"https:\/\/ticsalutsocial.atoom.space\/es\/wp-json\/wp\/v2\/tipus?post=31464"}],"curies":[{"name":"wp","href":"https:\/\/api.w.org\/{rel}","templated":true}]}}