
{"id":31470,"date":"2025-02-25T12:38:06","date_gmt":"2025-02-25T10:38:06","guid":{"rendered":"https:\/\/ticsalutsocial.atoom.space\/que-fem\/intelligencia-artificial\/proyectos-competitivos-de-ia\/"},"modified":"2025-06-12T09:19:57","modified_gmt":"2025-06-12T07:19:57","slug":"proyectos-competitivos-de-ia","status":"publish","type":"page","link":"https:\/\/ticsalutsocial.atoom.space\/es\/que-fem\/intelligencia-artificial\/proyectos-competitivos-de-ia\/","title":{"rendered":"Proyectos competitivos de IA"},"content":{"rendered":"\n<p><span style=\"font-weight: 400;\">El \u00c1rea de Inteligencia Artificial de la Fundaci\u00f3n participa activamente en dos proyectos europeos competitivos, y ha participado con anterioridad en grandes proyectos internacionales finalizados, como el <\/span><a href=\"https:\/\/incisive-project.eu\/\"><span style=\"font-weight: 400;\">proyecto INCISIVE<\/span><\/a><span style=\"font-weight: 400;\">.<\/span><\/p>\n\n\n\n<p><b>Proyectos actuales:<\/b><\/p>\n\n\n\n<ul class=\"wp-block-list\">\n<li><b>COMFORTAGE: <\/b><span style=\"font-weight: 400;\">proyecto paneuropeo interdisciplinario que busca establecer un marco integral para la prevenci\u00f3n, monitorizaci\u00f3n y gesti\u00f3n de enfermedades relacionadas con la demencia y la fragilidad. El consorcio crear\u00e1 una plataforma de salud virtual basada en inteligencia artificial para centralizar recursos para el an\u00e1lisis de factores de riesgo, el diagn\u00f3stico precoz y la toma de decisiones personalizada. <a href=\"https:\/\/ticsalutsocial.atoom.space\/es\/noticia\/comfortage-cap-a-una-atencio-integrada-i-personalitzada-de-la-demencia-i-la-fragilitat-a-europa\/\">M\u00e1s informaci\u00f3n<\/a><\/span>.<\/li>\n\n\n\n<li><b>FAITHFUL: <\/b><span style=\"font-weight: 400;\">proyecto europeo basado en la utilizaci\u00f3n de algoritmos avanzados e inteligencia artificial aplicados a electrocardiogramas para detectar signos tempranos de insuficiencia card\u00edaca en la Atenci\u00f3n Primaria. Este innovador enfoque proporciona una puntuaci\u00f3n sobre la enfermedad a partir de los resultados del ECG. Por ello, ofrece a los m\u00e9dicos de los centros de salud informaci\u00f3n crucial para tomar decisiones informadas sobre el tratamiento y la gesti\u00f3n de los pacientes, y les permite referirlos antes al cardi\u00f3logo. <a href=\"https:\/\/ticsalutsocial.atoom.space\/es\/noticia\/el-uso-de-ia-en-electrocardiogramas-podria-reducir-un-40-las-hospitalizaciones-por-insuficiencia-cardiaca\/\">M\u00e1s informaci\u00f3n<\/a><\/span>.<\/li>\n\n\n\n<li><strong>SEARCH:<\/strong> proyecto europeo que tiene como objetivo permitir una amplia agregaci\u00f3n y an\u00e1lisis de datos mediante caracter\u00edsticas \u00fanicas de generaci\u00f3n de datos sint\u00e9ticos para crear diversos tipos de datos, incluidos aquellos que actualmente no est\u00e1n adecuadamente abordados (por ejemplo, datos de dispositivos portables, secuencias de im\u00e1genes y datos gen\u00f3micos), abordando cuestiones legales y de privacidad. Proporcionar\u00e1 conjuntos de datos sint\u00e9ticos de est\u00e1ndar de oro para evaluar el rendimiento de soluciones de IA biom\u00e9dica en medicina personalizada. <a href=\"https:\/\/ticsalutsocial.atoom.space\/es\/project\/search\/\">M\u00e1s infrmaci\u00f3n<\/a>.<\/li>\n<\/ul>\n","protected":false},"excerpt":{"rendered":"<p>El \u00c1rea de Inteligencia Artificial de la Fundaci\u00f3n participa activamente en dos proyectos europeos competitivos, y ha participado con anterioridad en grandes proyectos internacionales finalizados, como el proyecto INCISIVE. Proyectos actuales:<\/p>\n","protected":false},"author":21,"featured_media":0,"parent":13864,"menu_order":0,"comment_status":"closed","ping_status":"closed","template":"page-templates\/section--inteligencia-artificial.php","meta":{"_acf_changed":false,"inline_featured_image":false,"footnotes":""},"tipus":[],"class_list":["post-31470","page","type-page","status-publish","hentry"],"acf":{"block_eixos":null,"block_linies":null,"block_inferior":null,"documents":null},"yoast_head":"<!-- This site is optimized with the Yoast SEO plugin v27.1.1 - https:\/\/yoast.com\/product\/yoast-seo-wordpress\/ -->\n<title>Proyectos competitivos de IA - Fundaci\u00f3 TIC Salut i Social<\/title>\n<meta name=\"robots\" content=\"index, follow, max-snippet:-1, max-image-preview:large, max-video-preview:-1\" \/>\n<link rel=\"canonical\" href=\"https:\/\/ticsalutsocial.atoom.space\/es\/que-fem\/intelligencia-artificial\/proyectos-competitivos-de-ia\/\" \/>\n<meta property=\"og:locale\" content=\"es_ES\" \/>\n<meta property=\"og:type\" content=\"article\" \/>\n<meta property=\"og:title\" content=\"Proyectos competitivos de IA - Fundaci\u00f3 TIC Salut i Social\" \/>\n<meta property=\"og:description\" content=\"El \u00c1rea de Inteligencia Artificial de la Fundaci\u00f3n participa activamente en dos proyectos europeos competitivos, y ha participado con anterioridad en grandes proyectos internacionales finalizados, como el proyecto INCISIVE. Proyectos actuales:\" \/>\n<meta property=\"og:url\" content=\"https:\/\/ticsalutsocial.atoom.space\/es\/que-fem\/intelligencia-artificial\/proyectos-competitivos-de-ia\/\" \/>\n<meta property=\"og:site_name\" content=\"Fundaci\u00f3 TIC Salut i Social\" \/>\n<meta property=\"article:modified_time\" content=\"2025-06-12T07:19:57+00:00\" \/>\n<meta name=\"twitter:card\" content=\"summary_large_image\" \/>\n<meta name=\"twitter:label1\" content=\"Tiempo de lectura\" \/>\n\t<meta name=\"twitter:data1\" content=\"2 minutos\" \/>\n<script type=\"application\/ld+json\" class=\"yoast-schema-graph\">{\"@context\":\"https:\/\/schema.org\",\"@graph\":[{\"@type\":\"WebPage\",\"@id\":\"https:\/\/ticsalutsocial.atoom.space\/es\/que-fem\/intelligencia-artificial\/proyectos-competitivos-de-ia\/\",\"url\":\"https:\/\/ticsalutsocial.atoom.space\/es\/que-fem\/intelligencia-artificial\/proyectos-competitivos-de-ia\/\",\"name\":\"Proyectos competitivos de IA - Fundaci\u00f3 TIC Salut i Social\",\"isPartOf\":{\"@id\":\"https:\/\/ticsalutsocial.atoom.space\/es\/#website\"},\"datePublished\":\"2025-02-25T10:38:06+00:00\",\"dateModified\":\"2025-06-12T07:19:57+00:00\",\"breadcrumb\":{\"@id\":\"https:\/\/ticsalutsocial.atoom.space\/es\/que-fem\/intelligencia-artificial\/proyectos-competitivos-de-ia\/#breadcrumb\"},\"inLanguage\":\"es\",\"potentialAction\":[{\"@type\":\"ReadAction\",\"target\":[\"https:\/\/ticsalutsocial.atoom.space\/es\/que-fem\/intelligencia-artificial\/proyectos-competitivos-de-ia\/\"]}]},{\"@type\":\"BreadcrumbList\",\"@id\":\"https:\/\/ticsalutsocial.atoom.space\/es\/que-fem\/intelligencia-artificial\/proyectos-competitivos-de-ia\/#breadcrumb\",\"itemListElement\":[{\"@type\":\"ListItem\",\"position\":1,\"name\":\"Inici\",\"item\":\"https:\/\/ticsalutsocial.atoom.space\/es\/\"},{\"@type\":\"ListItem\",\"position\":2,\"name\":\"Que Fem\",\"item\":\"https:\/\/ticsalutsocial.atoom.space\/es\/que-fem\/\"},{\"@type\":\"ListItem\",\"position\":3,\"name\":\"Inteligencia artificial\",\"item\":\"https:\/\/ticsalutsocial.atoom.space\/es\/que-fem\/intelligencia-artificial\/\"},{\"@type\":\"ListItem\",\"position\":4,\"name\":\"Proyectos competitivos de IA\"}]},{\"@type\":\"WebSite\",\"@id\":\"https:\/\/ticsalutsocial.atoom.space\/es\/#website\",\"url\":\"https:\/\/ticsalutsocial.atoom.space\/es\/\",\"name\":\"Fundaci\u00f3 TIC Salut i Social\",\"description\":\"\",\"potentialAction\":[{\"@type\":\"SearchAction\",\"target\":{\"@type\":\"EntryPoint\",\"urlTemplate\":\"https:\/\/ticsalutsocial.atoom.space\/es\/?s={search_term_string}\"},\"query-input\":{\"@type\":\"PropertyValueSpecification\",\"valueRequired\":true,\"valueName\":\"search_term_string\"}}],\"inLanguage\":\"es\"}]}<\/script>\n<!-- \/ Yoast SEO plugin. -->","yoast_head_json":{"title":"Proyectos competitivos de IA - Fundaci\u00f3 TIC Salut i Social","robots":{"index":"index","follow":"follow","max-snippet":"max-snippet:-1","max-image-preview":"max-image-preview:large","max-video-preview":"max-video-preview:-1"},"canonical":"https:\/\/ticsalutsocial.atoom.space\/es\/que-fem\/intelligencia-artificial\/proyectos-competitivos-de-ia\/","og_locale":"es_ES","og_type":"article","og_title":"Proyectos competitivos de IA - Fundaci\u00f3 TIC Salut i Social","og_description":"El \u00c1rea de Inteligencia Artificial de la Fundaci\u00f3n participa activamente en dos proyectos europeos competitivos, y ha participado con anterioridad en grandes proyectos internacionales finalizados, como el proyecto INCISIVE. Proyectos actuales:","og_url":"https:\/\/ticsalutsocial.atoom.space\/es\/que-fem\/intelligencia-artificial\/proyectos-competitivos-de-ia\/","og_site_name":"Fundaci\u00f3 TIC Salut i Social","article_modified_time":"2025-06-12T07:19:57+00:00","twitter_card":"summary_large_image","twitter_misc":{"Tiempo de lectura":"2 minutos"},"schema":{"@context":"https:\/\/schema.org","@graph":[{"@type":"WebPage","@id":"https:\/\/ticsalutsocial.atoom.space\/es\/que-fem\/intelligencia-artificial\/proyectos-competitivos-de-ia\/","url":"https:\/\/ticsalutsocial.atoom.space\/es\/que-fem\/intelligencia-artificial\/proyectos-competitivos-de-ia\/","name":"Proyectos competitivos de IA - Fundaci\u00f3 TIC Salut i Social","isPartOf":{"@id":"https:\/\/ticsalutsocial.atoom.space\/es\/#website"},"datePublished":"2025-02-25T10:38:06+00:00","dateModified":"2025-06-12T07:19:57+00:00","breadcrumb":{"@id":"https:\/\/ticsalutsocial.atoom.space\/es\/que-fem\/intelligencia-artificial\/proyectos-competitivos-de-ia\/#breadcrumb"},"inLanguage":"es","potentialAction":[{"@type":"ReadAction","target":["https:\/\/ticsalutsocial.atoom.space\/es\/que-fem\/intelligencia-artificial\/proyectos-competitivos-de-ia\/"]}]},{"@type":"BreadcrumbList","@id":"https:\/\/ticsalutsocial.atoom.space\/es\/que-fem\/intelligencia-artificial\/proyectos-competitivos-de-ia\/#breadcrumb","itemListElement":[{"@type":"ListItem","position":1,"name":"Inici","item":"https:\/\/ticsalutsocial.atoom.space\/es\/"},{"@type":"ListItem","position":2,"name":"Que Fem","item":"https:\/\/ticsalutsocial.atoom.space\/es\/que-fem\/"},{"@type":"ListItem","position":3,"name":"Inteligencia artificial","item":"https:\/\/ticsalutsocial.atoom.space\/es\/que-fem\/intelligencia-artificial\/"},{"@type":"ListItem","position":4,"name":"Proyectos competitivos de IA"}]},{"@type":"WebSite","@id":"https:\/\/ticsalutsocial.atoom.space\/es\/#website","url":"https:\/\/ticsalutsocial.atoom.space\/es\/","name":"Fundaci\u00f3 TIC Salut i Social","description":"","potentialAction":[{"@type":"SearchAction","target":{"@type":"EntryPoint","urlTemplate":"https:\/\/ticsalutsocial.atoom.space\/es\/?s={search_term_string}"},"query-input":{"@type":"PropertyValueSpecification","valueRequired":true,"valueName":"search_term_string"}}],"inLanguage":"es"}]}},"_links":{"self":[{"href":"https:\/\/ticsalutsocial.atoom.space\/es\/wp-json\/wp\/v2\/pages\/31470","targetHints":{"allow":["GET"]}}],"collection":[{"href":"https:\/\/ticsalutsocial.atoom.space\/es\/wp-json\/wp\/v2\/pages"}],"about":[{"href":"https:\/\/ticsalutsocial.atoom.space\/es\/wp-json\/wp\/v2\/types\/page"}],"author":[{"embeddable":true,"href":"https:\/\/ticsalutsocial.atoom.space\/es\/wp-json\/wp\/v2\/users\/21"}],"replies":[{"embeddable":true,"href":"https:\/\/ticsalutsocial.atoom.space\/es\/wp-json\/wp\/v2\/comments?post=31470"}],"version-history":[{"count":2,"href":"https:\/\/ticsalutsocial.atoom.space\/es\/wp-json\/wp\/v2\/pages\/31470\/revisions"}],"predecessor-version":[{"id":32608,"href":"https:\/\/ticsalutsocial.atoom.space\/es\/wp-json\/wp\/v2\/pages\/31470\/revisions\/32608"}],"up":[{"embeddable":true,"href":"https:\/\/ticsalutsocial.atoom.space\/es\/wp-json\/wp\/v2\/pages\/13864"}],"wp:attachment":[{"href":"https:\/\/ticsalutsocial.atoom.space\/es\/wp-json\/wp\/v2\/media?parent=31470"}],"wp:term":[{"taxonomy":"tipus","embeddable":true,"href":"https:\/\/ticsalutsocial.atoom.space\/es\/wp-json\/wp\/v2\/tipus?post=31470"}],"curies":[{"name":"wp","href":"https:\/\/api.w.org\/{rel}","templated":true}]}}