
{"id":31472,"date":"2025-02-25T12:40:36","date_gmt":"2025-02-25T10:40:36","guid":{"rendered":"https:\/\/ticsalutsocial.atoom.space\/que-fem\/interoperabilitat-y-estandares\/introduccion\/"},"modified":"2025-11-26T12:04:57","modified_gmt":"2025-11-26T10:04:57","slug":"introduccion","status":"publish","type":"page","link":"https:\/\/ticsalutsocial.atoom.space\/es\/que-fem\/interoperabilitat-y-estandares\/introduccion\/","title":{"rendered":"Interoperabilidad"},"content":{"rendered":"\r\n<p>La interoperabilidad es la capacidad de compartir informaci\u00f3n entre sistemas o dispositivos sin que se pierda su significado.<\/p>\r\n\r\n\r\n\r\n<p>Garantiza el acceso a la informaci\u00f3n independientemente del lugar en que se haya registrado y favorece el reaprovechamiento, minimizando puntos ciegos y asegurando el continuum asistencial.<\/p>\r\n\r\n\r\n\r\n<p>Desde la Fundaci\u00f3n TIC Salut Social damos apoyo transversal a los Sistemas de Salud y de Servicios Sociales de Catalu\u00f1a para promover la utilizaci\u00f3n de est\u00e1ndares de referencia internacional como HL7 FHIR, SNOMED CT, LOINC, IHE, DICOM y OpenEHR, entre otros.<\/p>\r\n\r\n\r\n\r\n<p>A trav\u00e9s de diferentes proyectos ponemos al alcance de toda la comunidad informaci\u00f3n t\u00e9cnica de referencia, clara, veraz y \u00fatil.<\/p>\r\n\r\n\r\n\r\n<h2 class=\"wp-block-heading\"><strong>Servicios<\/strong><\/h2>\r\n\r\n\r\n\r\n<h3 class=\"wp-block-heading\"><strong>Centro Nacional de Referencia SNOMED CT<\/strong><\/h3>\r\n\r\n\r\n\r\n<p><span dir=\"auto\">SNOMED CT es un\u00a0\u00a0<\/span><strong><span dir=\"auto\">est\u00e1ndar dise\u00f1ado espec\u00edficamente para el intercambio de informaci\u00f3n sanitaria electr\u00f3nica y para registrar y compartir datos cl\u00ednicos.<\/span><\/strong><\/p>\r\n<p><span dir=\"auto\">La extensi\u00f3n catalana permite traducir los conceptos de SNOMED CT al catal\u00e1n, ofrece una v\u00eda r\u00e1pida de obtenci\u00f3n de conceptos nuevos, y hace posible que se creen otros que s\u00f3lo tienen sentido dentro del \u00e1mbito del territorio. Tambi\u00e9n contiene casi sesenta subconjuntos utilizados en un gran abanico de \u00e1mbitos del sistema sanitario catal\u00e1n. Esta versi\u00f3n regional est\u00e1 alineada con la extensi\u00f3n del Ministerio de Sanidad para el SNS (Sistema Nacional de Salud), as\u00ed como con las internacionales.<\/span><\/p>\r\n<p><span dir=\"auto\">El \u00e1rea de descargas de la extensi\u00f3n catalana de SNOMED CT es el entorno web al que se podr\u00e1 acceder como usuario para\u00a0\u00a0<\/span><strong><span dir=\"auto\">descargar las diferentes versiones de la extensi\u00f3n catalana de SNOMED CT.<\/span><\/strong><\/p>\r\n\r\n\r\n\r\n<p class=\"ticsalut-btn\"><a href=\"https:\/\/catsalut.gencat.cat\/ca\/proveidors-professionals\/registres-catalegs\/catalegs\/area-descarregues-extensio-catalana-snomed\/index.html#googtrans(ca|es)\" target=\"_blank\" rel=\"noreferrer noopener\">Inf\u00f3rmate o solicita la Extensi\u00f3n catalana SNOMED CT<\/a><\/p>\r\n\r\n\r\n\r\n<h3 class=\"wp-block-heading\"><strong>Centro Nacional de Referencia OIDs<\/strong><\/h3>\r\n\r\n\r\n\r\n<div class=\"blocs\">\r\n<div class=\"row\">\r\n<div class=\"col-xs-12 columna_esquerra\">\r\n<div class=\"cos_bloc basic_text_peq pd-15 link-dotted\">\r\n<p><span dir=\"auto\">Un identificador \u00fanico de objeto (OID) es un valor \u00fanico global que identifica de forma \u00fanica un objeto, sin ambig\u00fcedades. Un OID se representa mediante una cadena de caracteres formada por n\u00fameros y puntos.<\/span><\/p>\r\n<p><span dir=\"auto\">Existe un conjunto grande y estandarizado de OIDs internacionales y nacionales. Para que exista interoperabilidad sem\u00e1ntica entre diferentes sistemas de informaci\u00f3n, es necesario que cada una de las organizaciones sanitarias disponga de una ra\u00edz de OID normalizada.<\/span><\/p>\r\n<\/div>\r\n<\/div>\r\n<\/div>\r\n<\/div>\r\n\r\n\r\n\r\n<p class=\"ticsalut-btn\"><a href=\"https:\/\/catsalut.gencat.cat\/ca\/proveidors-professionals\/registres-catalegs\/registres\/identificadors-unics-objectes-oid\/index.html#googtrans(ca|es)\" target=\"_blank\" rel=\"noreferrer noopener\">Inf\u00f3rmate o solicita el cat\u00e1logo d\u2019OIDs<\/a><\/p>\r\n\r\n\r\n\r\n<h3 class=\"wp-block-heading\"><strong>Cat\u00e1logos Departamento de Salud de Catalunya<\/strong><\/h3>\r\n\r\n\r\n\r\n<p class=\"p1\">El \u00c1rea de Cat\u00e1logos y Terminolog\u00edas del eje de datos de CatSalut se encarga de actualizar, mantener y proporcionar los cat\u00e1logos, vocabularios controlados y subconjuntos al Departamento de Salud de Catalu\u00f1a mediante el Servidor Terminol\u00f3gico y la Herramienta de Cat\u00e1logos Cl\u00ednicos del Sistema Sanitario Catal\u00e1n.<\/p>\r\n\r\n\r\n\r\n<p class=\"ticsalut-btn\"><a href=\"https:\/\/catsalut.gencat.cat\/ca\/proveidors-professionals\/registres-catalegs\/\" target=\"_blank\" rel=\"noreferrer noopener\">Inf\u00f3rmate sobre los cat\u00e1logos del Departamento de Salud<\/a><\/p>\r\n\r\n\r\n\r\n<h3 class=\"wp-block-heading\"><strong>Wiki OFSTI<\/strong><\/h3>\r\n\r\n\r\n\r\n<p>El \u00c1mbito de Interoperabilidad y Tecnolog\u00edas de la Fundaci\u00f3n TIC Salut Social proporciona y actualiza el contenido de esta wiki con el fin de dar conocimiento sobre la interoperabilidad, los est\u00e1ndares, y los cat\u00e1logos, al sector de la salud.<\/p>\r\n\r\n\r\n\r\n<p class=\"ticsalut-btn\"><a href=\"http:\/\/ofsti.ticsalutsocial.cat\/wiki\/doku.php?id=ca:start\" target=\"_blank\" rel=\"noreferrer noopener\">Accede a la wiki<\/a><\/p>\r\n\r\n\r\n\r\n<h2 class=\"wp-block-heading\">Noticias destacadas<\/h2>\r\n\r\n\r\n\n<style>\n    .relnews--list .relnews--list-wrapper {\n        display: flex;\n        gap: 2em;\n    }\n    .relnews--list .relnews--news {\n        width: calc(33.33% - 1em);\n    }\n    .relnews--list .relnews--img img {\n        width: 100%;\n        height: 200px;\n        object-fit: cover;\n        border-radius: 3px;\n    }\n    .relnews--list .relnews--title {\n        font-family: 'HelveticaNowDisplay-Regular';\n        font-size: 20px;\n        line-height: 28px;\n        color: #231f20;\n    }\n    .relnews--list .relnews--news:hover .relnews--title {\n        font-weight: bold;\n    }\n    @media (max-width: 782px) {\n        .relnews--list .relnews--list-wrapper {\n            flex-direction: column;\n        }\n        .relnews--list .relnews--news {\n            width: 100%;\n        }\n    }\n<\/style>\n\n<div class=\"relnews--list\">\n    <div class=\"relnews--list-wrapper\">\n                    <div class=\"relnews--news\">\n                <div class=\"relnews--news-wrapper\">\n                    <a href=\"https:\/\/ticsalutsocial.atoom.space\/es\/noticia\/el-servei-catala-de-la-salut-publica-lactualitzacio-de-lextensio-catalana-de-snomed-ct-2025\/\">\n                        <div class=\"relnews--img\">\n                            <img loading=\"lazy\" decoding=\"async\" width=\"8067\" height=\"5378\" src=\"https:\/\/ticsalutsocial.atoom.space\/wp-content\/uploads\/2025\/11\/iStock-1609167891.jpg\" class=\"attachment-post-thumbnail size-post-thumbnail wp-post-image\" alt=\"El Servei Catal\u00e0 de la Salut publica l&#039;actualitzaci\u00f3 de l&#039;extensi\u00f3 catalana de SNOMED CT 2025\" srcset=\"https:\/\/ticsalutsocial.atoom.space\/wp-content\/uploads\/2025\/11\/iStock-1609167891.jpg 8067w, https:\/\/ticsalutsocial.atoom.space\/wp-content\/uploads\/2025\/11\/iStock-1609167891-300x200.jpg 300w, https:\/\/ticsalutsocial.atoom.space\/wp-content\/uploads\/2025\/11\/iStock-1609167891-1024x683.jpg 1024w, https:\/\/ticsalutsocial.atoom.space\/wp-content\/uploads\/2025\/11\/iStock-1609167891-768x512.jpg 768w, https:\/\/ticsalutsocial.atoom.space\/wp-content\/uploads\/2025\/11\/iStock-1609167891-1536x1024.jpg 1536w\" sizes=\"auto, (max-width: 8067px) 100vw, 8067px\" \/>                        <\/div>\n                        <div class=\"relnews--content\">\n                            <p><span class=\"relnews--title\">El Servei Catal\u00e0 de la Salut publica la actualitzaci\u00f3n de la extensi\u00f3n catalana de SNOMED CT 2025<\/span><\/p>\n                        <\/div>\n                    <\/a>\n                <\/div>\n            <\/div>\n                    <div class=\"relnews--news\">\n                <div class=\"relnews--news-wrapper\">\n                    <a href=\"https:\/\/ticsalutsocial.atoom.space\/es\/noticia\/el-projecte-xshare-impulsa-un-segell-industrial-com-a-garantia-de-proteccio-de-dades-i-dinteroperabilitat-a-europa\/\">\n                        <div class=\"relnews--img\">\n                            <img loading=\"lazy\" decoding=\"async\" width=\"1208\" height=\"868\" src=\"https:\/\/ticsalutsocial.atoom.space\/wp-content\/uploads\/2025\/07\/iStock-1065623534.jpg\" class=\"attachment-post-thumbnail size-post-thumbnail wp-post-image\" alt=\"El projecte xShare impulsa un segell industrial com a garantia de protecci\u00f3 de dades i d\u2019interoperabilitat a Europa\" srcset=\"https:\/\/ticsalutsocial.atoom.space\/wp-content\/uploads\/2025\/07\/iStock-1065623534.jpg 1208w, https:\/\/ticsalutsocial.atoom.space\/wp-content\/uploads\/2025\/07\/iStock-1065623534-300x216.jpg 300w, https:\/\/ticsalutsocial.atoom.space\/wp-content\/uploads\/2025\/07\/iStock-1065623534-1024x736.jpg 1024w, https:\/\/ticsalutsocial.atoom.space\/wp-content\/uploads\/2025\/07\/iStock-1065623534-768x552.jpg 768w\" sizes=\"auto, (max-width: 1208px) 100vw, 1208px\" \/>                        <\/div>\n                        <div class=\"relnews--content\">\n                            <p><span class=\"relnews--title\">El proyecto xShare impulsa un sello industrial como garant\u00eda de protecci\u00f3n de datos e interoperabilidad en Europa<\/span><\/p>\n                        <\/div>\n                    <\/a>\n                <\/div>\n            <\/div>\n                    <div class=\"relnews--news\">\n                <div class=\"relnews--news-wrapper\">\n                    <a href=\"https:\/\/ticsalutsocial.atoom.space\/es\/noticia\/la-fundacion-tic-salut-social-publica-la-actualizacion-de-la-extension-catalana-de-snomed-ct-2024\/\">\n                        <div class=\"relnews--img\">\n                            <img loading=\"lazy\" decoding=\"async\" width=\"1222\" height=\"960\" src=\"https:\/\/ticsalutsocial.atoom.space\/wp-content\/uploads\/2024\/11\/Sin-titulo-1.png\" class=\"attachment-post-thumbnail size-post-thumbnail wp-post-image\" alt=\"La Fundaci\u00f3 TIC Salut Social publica l&#039;actualitzaci\u00f3 de l&#039;Extensi\u00f3 Catalana de SNOMED CT 2024\" srcset=\"https:\/\/ticsalutsocial.atoom.space\/wp-content\/uploads\/2024\/11\/Sin-titulo-1.png 1222w, https:\/\/ticsalutsocial.atoom.space\/wp-content\/uploads\/2024\/11\/Sin-titulo-1-300x236.png 300w, https:\/\/ticsalutsocial.atoom.space\/wp-content\/uploads\/2024\/11\/Sin-titulo-1-1024x804.png 1024w, https:\/\/ticsalutsocial.atoom.space\/wp-content\/uploads\/2024\/11\/Sin-titulo-1-768x603.png 768w\" sizes=\"auto, (max-width: 1222px) 100vw, 1222px\" \/>                        <\/div>\n                        <div class=\"relnews--content\">\n                            <p><span class=\"relnews--title\">La Fundaci\u00f3 TIC Salut Social publica la actualizaci\u00f3n de la Extensi\u00f3n Catalana de SNOMED CT 2024<\/span><\/p>\n                        <\/div>\n                    <\/a>\n                <\/div>\n            <\/div>\n            <\/div>\n<\/div>\n","protected":false},"excerpt":{"rendered":"<p>La interoperabilidad es la capacidad de compartir informaci\u00f3n entre sistemas o dispositivos sin que se pierda su significado. Garantiza el acceso a la informaci\u00f3n independientemente del lugar en que se haya registrado y favorece el reaprovechamiento, minimizando puntos ciegos y asegurando el continuum asistencial. Desde la Fundaci\u00f3n TIC Salut Social damos apoyo transversal a los [&hellip;]<\/p>\n","protected":false},"author":21,"featured_media":0,"parent":13865,"menu_order":0,"comment_status":"closed","ping_status":"closed","template":"page-templates\/section--interoperabilitat.php","meta":{"_acf_changed":false,"inline_featured_image":false,"footnotes":""},"tipus":[],"class_list":["post-31472","page","type-page","status-publish","hentry"],"acf":[],"yoast_head":"<!-- This site is optimized with the Yoast SEO plugin v27.1.1 - https:\/\/yoast.com\/product\/yoast-seo-wordpress\/ -->\n<title>Interoperabilidad - Fundaci\u00f3 TIC Salut i Social<\/title>\n<meta name=\"robots\" content=\"index, follow, max-snippet:-1, max-image-preview:large, max-video-preview:-1\" \/>\n<link rel=\"canonical\" href=\"https:\/\/ticsalutsocial.atoom.space\/es\/que-fem\/interoperabilitat-y-estandares\/introduccion\/\" \/>\n<meta property=\"og:locale\" content=\"es_ES\" \/>\n<meta property=\"og:type\" content=\"article\" \/>\n<meta property=\"og:title\" content=\"Interoperabilidad - Fundaci\u00f3 TIC Salut i Social\" \/>\n<meta property=\"og:description\" content=\"La interoperabilidad es la capacidad de compartir informaci\u00f3n entre sistemas o dispositivos sin que se pierda su significado. Garantiza el acceso a la informaci\u00f3n independientemente del lugar en que se haya registrado y favorece el reaprovechamiento, minimizando puntos ciegos y asegurando el continuum asistencial. Desde la Fundaci\u00f3n TIC Salut Social damos apoyo transversal a los [&hellip;]\" \/>\n<meta property=\"og:url\" content=\"https:\/\/ticsalutsocial.atoom.space\/es\/que-fem\/interoperabilitat-y-estandares\/introduccion\/\" \/>\n<meta property=\"og:site_name\" content=\"Fundaci\u00f3 TIC Salut i Social\" \/>\n<meta property=\"article:modified_time\" content=\"2025-11-26T10:04:57+00:00\" \/>\n<meta name=\"twitter:card\" content=\"summary_large_image\" \/>\n<meta name=\"twitter:label1\" content=\"Tiempo de lectura\" \/>\n\t<meta name=\"twitter:data1\" content=\"3 minutos\" \/>\n<script type=\"application\/ld+json\" class=\"yoast-schema-graph\">{\"@context\":\"https:\/\/schema.org\",\"@graph\":[{\"@type\":\"WebPage\",\"@id\":\"https:\/\/ticsalutsocial.atoom.space\/es\/que-fem\/interoperabilitat-y-estandares\/introduccion\/\",\"url\":\"https:\/\/ticsalutsocial.atoom.space\/es\/que-fem\/interoperabilitat-y-estandares\/introduccion\/\",\"name\":\"Interoperabilidad - Fundaci\u00f3 TIC Salut i Social\",\"isPartOf\":{\"@id\":\"https:\/\/ticsalutsocial.atoom.space\/es\/#website\"},\"datePublished\":\"2025-02-25T10:40:36+00:00\",\"dateModified\":\"2025-11-26T10:04:57+00:00\",\"breadcrumb\":{\"@id\":\"https:\/\/ticsalutsocial.atoom.space\/es\/que-fem\/interoperabilitat-y-estandares\/introduccion\/#breadcrumb\"},\"inLanguage\":\"es\",\"potentialAction\":[{\"@type\":\"ReadAction\",\"target\":[\"https:\/\/ticsalutsocial.atoom.space\/es\/que-fem\/interoperabilitat-y-estandares\/introduccion\/\"]}]},{\"@type\":\"BreadcrumbList\",\"@id\":\"https:\/\/ticsalutsocial.atoom.space\/es\/que-fem\/interoperabilitat-y-estandares\/introduccion\/#breadcrumb\",\"itemListElement\":[{\"@type\":\"ListItem\",\"position\":1,\"name\":\"Inici\",\"item\":\"https:\/\/ticsalutsocial.atoom.space\/es\/\"},{\"@type\":\"ListItem\",\"position\":2,\"name\":\"Que Fem\",\"item\":\"https:\/\/ticsalutsocial.atoom.space\/es\/que-fem\/\"},{\"@type\":\"ListItem\",\"position\":3,\"name\":\"Interoperabilidad\",\"item\":\"https:\/\/ticsalutsocial.atoom.space\/es\/que-fem\/interoperabilitat-y-estandares\/\"},{\"@type\":\"ListItem\",\"position\":4,\"name\":\"Interoperabilidad\"}]},{\"@type\":\"WebSite\",\"@id\":\"https:\/\/ticsalutsocial.atoom.space\/es\/#website\",\"url\":\"https:\/\/ticsalutsocial.atoom.space\/es\/\",\"name\":\"Fundaci\u00f3 TIC Salut i Social\",\"description\":\"\",\"potentialAction\":[{\"@type\":\"SearchAction\",\"target\":{\"@type\":\"EntryPoint\",\"urlTemplate\":\"https:\/\/ticsalutsocial.atoom.space\/es\/?s={search_term_string}\"},\"query-input\":{\"@type\":\"PropertyValueSpecification\",\"valueRequired\":true,\"valueName\":\"search_term_string\"}}],\"inLanguage\":\"es\"}]}<\/script>\n<!-- \/ Yoast SEO plugin. -->","yoast_head_json":{"title":"Interoperabilidad - Fundaci\u00f3 TIC Salut i Social","robots":{"index":"index","follow":"follow","max-snippet":"max-snippet:-1","max-image-preview":"max-image-preview:large","max-video-preview":"max-video-preview:-1"},"canonical":"https:\/\/ticsalutsocial.atoom.space\/es\/que-fem\/interoperabilitat-y-estandares\/introduccion\/","og_locale":"es_ES","og_type":"article","og_title":"Interoperabilidad - Fundaci\u00f3 TIC Salut i Social","og_description":"La interoperabilidad es la capacidad de compartir informaci\u00f3n entre sistemas o dispositivos sin que se pierda su significado. Garantiza el acceso a la informaci\u00f3n independientemente del lugar en que se haya registrado y favorece el reaprovechamiento, minimizando puntos ciegos y asegurando el continuum asistencial. Desde la Fundaci\u00f3n TIC Salut Social damos apoyo transversal a los [&hellip;]","og_url":"https:\/\/ticsalutsocial.atoom.space\/es\/que-fem\/interoperabilitat-y-estandares\/introduccion\/","og_site_name":"Fundaci\u00f3 TIC Salut i Social","article_modified_time":"2025-11-26T10:04:57+00:00","twitter_card":"summary_large_image","twitter_misc":{"Tiempo de lectura":"3 minutos"},"schema":{"@context":"https:\/\/schema.org","@graph":[{"@type":"WebPage","@id":"https:\/\/ticsalutsocial.atoom.space\/es\/que-fem\/interoperabilitat-y-estandares\/introduccion\/","url":"https:\/\/ticsalutsocial.atoom.space\/es\/que-fem\/interoperabilitat-y-estandares\/introduccion\/","name":"Interoperabilidad - Fundaci\u00f3 TIC Salut i Social","isPartOf":{"@id":"https:\/\/ticsalutsocial.atoom.space\/es\/#website"},"datePublished":"2025-02-25T10:40:36+00:00","dateModified":"2025-11-26T10:04:57+00:00","breadcrumb":{"@id":"https:\/\/ticsalutsocial.atoom.space\/es\/que-fem\/interoperabilitat-y-estandares\/introduccion\/#breadcrumb"},"inLanguage":"es","potentialAction":[{"@type":"ReadAction","target":["https:\/\/ticsalutsocial.atoom.space\/es\/que-fem\/interoperabilitat-y-estandares\/introduccion\/"]}]},{"@type":"BreadcrumbList","@id":"https:\/\/ticsalutsocial.atoom.space\/es\/que-fem\/interoperabilitat-y-estandares\/introduccion\/#breadcrumb","itemListElement":[{"@type":"ListItem","position":1,"name":"Inici","item":"https:\/\/ticsalutsocial.atoom.space\/es\/"},{"@type":"ListItem","position":2,"name":"Que Fem","item":"https:\/\/ticsalutsocial.atoom.space\/es\/que-fem\/"},{"@type":"ListItem","position":3,"name":"Interoperabilidad","item":"https:\/\/ticsalutsocial.atoom.space\/es\/que-fem\/interoperabilitat-y-estandares\/"},{"@type":"ListItem","position":4,"name":"Interoperabilidad"}]},{"@type":"WebSite","@id":"https:\/\/ticsalutsocial.atoom.space\/es\/#website","url":"https:\/\/ticsalutsocial.atoom.space\/es\/","name":"Fundaci\u00f3 TIC Salut i Social","description":"","potentialAction":[{"@type":"SearchAction","target":{"@type":"EntryPoint","urlTemplate":"https:\/\/ticsalutsocial.atoom.space\/es\/?s={search_term_string}"},"query-input":{"@type":"PropertyValueSpecification","valueRequired":true,"valueName":"search_term_string"}}],"inLanguage":"es"}]}},"_links":{"self":[{"href":"https:\/\/ticsalutsocial.atoom.space\/es\/wp-json\/wp\/v2\/pages\/31472","targetHints":{"allow":["GET"]}}],"collection":[{"href":"https:\/\/ticsalutsocial.atoom.space\/es\/wp-json\/wp\/v2\/pages"}],"about":[{"href":"https:\/\/ticsalutsocial.atoom.space\/es\/wp-json\/wp\/v2\/types\/page"}],"author":[{"embeddable":true,"href":"https:\/\/ticsalutsocial.atoom.space\/es\/wp-json\/wp\/v2\/users\/21"}],"replies":[{"embeddable":true,"href":"https:\/\/ticsalutsocial.atoom.space\/es\/wp-json\/wp\/v2\/comments?post=31472"}],"version-history":[{"count":9,"href":"https:\/\/ticsalutsocial.atoom.space\/es\/wp-json\/wp\/v2\/pages\/31472\/revisions"}],"predecessor-version":[{"id":34720,"href":"https:\/\/ticsalutsocial.atoom.space\/es\/wp-json\/wp\/v2\/pages\/31472\/revisions\/34720"}],"up":[{"embeddable":true,"href":"https:\/\/ticsalutsocial.atoom.space\/es\/wp-json\/wp\/v2\/pages\/13865"}],"wp:attachment":[{"href":"https:\/\/ticsalutsocial.atoom.space\/es\/wp-json\/wp\/v2\/media?parent=31472"}],"wp:term":[{"taxonomy":"tipus","embeddable":true,"href":"https:\/\/ticsalutsocial.atoom.space\/es\/wp-json\/wp\/v2\/tipus?post=31472"}],"curies":[{"name":"wp","href":"https:\/\/api.w.org\/{rel}","templated":true}]}}