
{"id":31531,"date":"2025-02-25T12:43:49","date_gmt":"2025-02-25T10:43:49","guid":{"rendered":"https:\/\/ticsalutsocial.atoom.space\/que-fem\/interoperabilitat-y-estandares\/miembros-y-colaboraciones\/"},"modified":"2025-04-14T17:05:47","modified_gmt":"2025-04-14T15:05:47","slug":"miembros-y-colaboraciones","status":"publish","type":"page","link":"https:\/\/ticsalutsocial.atoom.space\/es\/que-fem\/interoperabilitat-y-estandares\/miembros-y-colaboraciones\/","title":{"rendered":"Miembros y colaboraciones"},"content":{"rendered":"\n<div class=\"transformacio-cnt\" style=\"padding: 0\">\r\n    <div class=\"trans-six-col\">\r\n        <div class=\"bg-txt\" style=\"\">\r\n            <h3><\/h3>\r\n            <p>La Fundaci\u00f3n TIC Salut Social colabora y es miembro de las siguientes organizaciones internacionales referentes en normalizaci\u00f3n e interoperabilidad:<\/p>\r\n            <img loading=\"lazy\" width=\"60\" height=\"60\" src=\"https:\/\/ticsalutsocial.atoom.space\/wp-content\/uploads\/2021\/07\/interoperatibilitat.svg\" class=\"img-responsive\" alt=\"\" decoding=\"async\"\/><\/div>\r\n    <\/div>\r\n<\/div>\r\n\n<h4 class=\"wp-block-heading\"><strong>SNOMED International, CNS (Centro Nacional de Referencia de SNOMED CT)<\/strong><\/h4>\n\n<p><\/p>\n\n<p><b>SNOMED International<\/b><span style=\"font-weight: 400;\"> es una organizaci\u00f3n sin \u00e1nimo de lucro que tiene los derechos y la propiedad de la terminolog\u00eda cl\u00ednica SNOMED CT (<\/span><i><span style=\"font-weight: 400;\">Systematized Nomenclature of Medicine \u2013 Clinical Terms<\/span><\/i><span style=\"font-weight: 400;\">), as\u00ed como la responsabilidad de actualizarla y distribuirla a nivel internacional.<\/span><\/p>\n\n<p><b>SNOMED Spanish Edition<\/b><span style=\"font-weight: 400;\"> es la versi\u00f3n internacional del est\u00e1ndar traducida a espa\u00f1ol de Am\u00e9rica Latina.<\/span><\/p>\n\n<p><span style=\"font-weight: 400;\">Algunos pa\u00edses mantienen y distribuyen, como miembros de esta organizaci\u00f3n, una edici\u00f3n nacional de SNOMED CT para utilizar dentro de su territorio. La Extensi\u00f3n espa\u00f1ola es la edici\u00f3n nacional del territorio espa\u00f1ol mantenida por el <\/span><b>Centro Nacional de Referencia<\/b><span style=\"font-weight: 400;\"> de SNOMED CT por Espa\u00f1a, Ministerio de Sanidad, Consumo y Bienestar Social.<\/span><\/p>\n\n<h4 class=\"wp-block-heading\"><strong>HL7 International \u2013 HL7 Spain<\/strong><\/h4>\n\n<p>HL7 Spain es la entidad oficial de HL7 International que trabaja en el desarrollo de est\u00e1ndares de interoperabilidad global de datos en el \u00e1mbito de la salud y promueve el uso de los est\u00e1ndares de HL7 en Espa\u00f1a a trav\u00e9s de la participaci\u00f3n de eventos en todo el pa\u00eds, de cursos, de formaci\u00f3n o de publicaci\u00f3n de gu\u00edas y manuales sobre el uso y la implementaci\u00f3n de los est\u00e1ndares.&#13;\n<\/p>\n\n<p>Es la \u00fanica organizaci\u00f3n acreditada en Espa\u00f1a por la formaci\u00f3n y certificaci\u00f3n de los est\u00e1ndares HL7 entre profesionales de la salud.&#13;\n<\/p>\n\n<h4 class=\"wp-block-heading\"><strong>Integrating the Healthcare Enterprise (IHE)<\/strong><\/h4>\n\n<p>Es una Organizaci\u00f3n de Desarrollo de Est\u00e1ndares para el \u00e1mbito de la salud, fundada en 1987 y sin \u00e1nimo de lucro, que trabaja en el \u00e1mbito internacional siendo actualmente una de las m\u00e1s importantes en est\u00e1ndares de mensajer\u00eda en inform\u00e1tica m\u00e9dica.&#13;\n<\/p>\n\n<p><span style=\"font-weight: 400;\">El IHE promueve el uso coordinado de est\u00e1ndares establecidos como <\/span><b>DICOM<\/b><span style=\"font-weight: 400;\"> y <\/span><b>HL7<\/b><span style=\"font-weight: 400;\"> para abordar necesidades cl\u00ednicas. Su misi\u00f3n es proveer un marco completo de est\u00e1ndares relacionados con el intercambio, la integraci\u00f3n, y la recuperaci\u00f3n de informaci\u00f3n electr\u00f3nica de salud que soporte la pr\u00e1ctica y la gesti\u00f3n cl\u00ednica para habilitar flujos de trabajo digitales interoperables.<\/span><\/p>\n\n<h4 class=\"wp-block-heading\"><strong>LOINC\u00a0<\/strong><strong>International<\/strong><\/h4>\n\n<p>LOINC International es una organizaci\u00f3n de investigaci\u00f3n m\u00e9dica sin \u00e1nimo de lucro asociada a la Universidad de Indiana. Esta organizaci\u00f3n promueve el est\u00e1ndar internacional LOINC (Logical Observation Identifiers Names and Codes), que en el LGAI se utiliza para representar pruebas de laboratorio.&#13;\n<\/p>\n","protected":false},"excerpt":{"rendered":"<p>La Fundaci\u00f3n TIC Salut Social colabora y es miembro de las siguientes organizaciones internacionales referentes en normalizaci\u00f3n e interoperabilidad: SNOMED International, CNS (Centro Nacional de Referencia de SNOMED CT) SNOMED International es una organizaci\u00f3n sin \u00e1nimo de lucro que tiene los derechos y la propiedad de la terminolog\u00eda cl\u00ednica SNOMED CT (Systematized Nomenclature of Medicine [&hellip;]<\/p>\n","protected":false},"author":21,"featured_media":0,"parent":13865,"menu_order":0,"comment_status":"closed","ping_status":"closed","template":"page-templates\/section--interoperabilitat.php","meta":{"_acf_changed":false,"inline_featured_image":false,"footnotes":""},"tipus":[],"class_list":["post-31531","page","type-page","status-publish","hentry"],"acf":[],"yoast_head":"<!-- This site is optimized with the Yoast SEO plugin v27.1.1 - https:\/\/yoast.com\/product\/yoast-seo-wordpress\/ -->\n<title>Miembros y colaboraciones - Fundaci\u00f3 TIC Salut i Social<\/title>\n<meta name=\"robots\" content=\"index, follow, max-snippet:-1, max-image-preview:large, max-video-preview:-1\" \/>\n<link rel=\"canonical\" href=\"https:\/\/ticsalutsocial.atoom.space\/es\/que-fem\/interoperabilitat-y-estandares\/miembros-y-colaboraciones\/\" \/>\n<meta property=\"og:locale\" content=\"es_ES\" \/>\n<meta property=\"og:type\" content=\"article\" \/>\n<meta property=\"og:title\" content=\"Miembros y colaboraciones - Fundaci\u00f3 TIC Salut i Social\" \/>\n<meta property=\"og:description\" content=\"La Fundaci\u00f3n TIC Salut Social colabora y es miembro de las siguientes organizaciones internacionales referentes en normalizaci\u00f3n e interoperabilidad: SNOMED International, CNS (Centro Nacional de Referencia de SNOMED CT) SNOMED International es una organizaci\u00f3n sin \u00e1nimo de lucro que tiene los derechos y la propiedad de la terminolog\u00eda cl\u00ednica SNOMED CT (Systematized Nomenclature of Medicine [&hellip;]\" \/>\n<meta property=\"og:url\" content=\"https:\/\/ticsalutsocial.atoom.space\/es\/que-fem\/interoperabilitat-y-estandares\/miembros-y-colaboraciones\/\" \/>\n<meta property=\"og:site_name\" content=\"Fundaci\u00f3 TIC Salut i Social\" \/>\n<meta property=\"article:modified_time\" content=\"2025-04-14T15:05:47+00:00\" \/>\n<meta property=\"og:image\" content=\"https:\/\/ticsalutsocial.atoom.space\/wp-content\/uploads\/2021\/07\/interoperatibilitat.svg\" \/>\n<meta name=\"twitter:card\" content=\"summary_large_image\" \/>\n<meta name=\"twitter:label1\" content=\"Tiempo de lectura\" \/>\n\t<meta name=\"twitter:data1\" content=\"2 minutos\" \/>\n<script type=\"application\/ld+json\" class=\"yoast-schema-graph\">{\"@context\":\"https:\/\/schema.org\",\"@graph\":[{\"@type\":\"WebPage\",\"@id\":\"https:\/\/ticsalutsocial.atoom.space\/es\/que-fem\/interoperabilitat-y-estandares\/miembros-y-colaboraciones\/\",\"url\":\"https:\/\/ticsalutsocial.atoom.space\/es\/que-fem\/interoperabilitat-y-estandares\/miembros-y-colaboraciones\/\",\"name\":\"Miembros y colaboraciones - Fundaci\u00f3 TIC Salut i Social\",\"isPartOf\":{\"@id\":\"https:\/\/ticsalutsocial.atoom.space\/es\/#website\"},\"primaryImageOfPage\":{\"@id\":\"https:\/\/ticsalutsocial.atoom.space\/es\/que-fem\/interoperabilitat-y-estandares\/miembros-y-colaboraciones\/#primaryimage\"},\"image\":{\"@id\":\"https:\/\/ticsalutsocial.atoom.space\/es\/que-fem\/interoperabilitat-y-estandares\/miembros-y-colaboraciones\/#primaryimage\"},\"thumbnailUrl\":\"https:\/\/ticsalutsocial.atoom.space\/wp-content\/uploads\/2021\/07\/interoperatibilitat.svg\",\"datePublished\":\"2025-02-25T10:43:49+00:00\",\"dateModified\":\"2025-04-14T15:05:47+00:00\",\"breadcrumb\":{\"@id\":\"https:\/\/ticsalutsocial.atoom.space\/es\/que-fem\/interoperabilitat-y-estandares\/miembros-y-colaboraciones\/#breadcrumb\"},\"inLanguage\":\"es\",\"potentialAction\":[{\"@type\":\"ReadAction\",\"target\":[\"https:\/\/ticsalutsocial.atoom.space\/es\/que-fem\/interoperabilitat-y-estandares\/miembros-y-colaboraciones\/\"]}]},{\"@type\":\"ImageObject\",\"inLanguage\":\"es\",\"@id\":\"https:\/\/ticsalutsocial.atoom.space\/es\/que-fem\/interoperabilitat-y-estandares\/miembros-y-colaboraciones\/#primaryimage\",\"url\":\"https:\/\/ticsalutsocial.atoom.space\/wp-content\/uploads\/2021\/07\/interoperatibilitat.svg\",\"contentUrl\":\"https:\/\/ticsalutsocial.atoom.space\/wp-content\/uploads\/2021\/07\/interoperatibilitat.svg\"},{\"@type\":\"BreadcrumbList\",\"@id\":\"https:\/\/ticsalutsocial.atoom.space\/es\/que-fem\/interoperabilitat-y-estandares\/miembros-y-colaboraciones\/#breadcrumb\",\"itemListElement\":[{\"@type\":\"ListItem\",\"position\":1,\"name\":\"Inici\",\"item\":\"https:\/\/ticsalutsocial.atoom.space\/es\/\"},{\"@type\":\"ListItem\",\"position\":2,\"name\":\"Que Fem\",\"item\":\"https:\/\/ticsalutsocial.atoom.space\/es\/que-fem\/\"},{\"@type\":\"ListItem\",\"position\":3,\"name\":\"Interoperabilidad\",\"item\":\"https:\/\/ticsalutsocial.atoom.space\/es\/que-fem\/interoperabilitat-y-estandares\/\"},{\"@type\":\"ListItem\",\"position\":4,\"name\":\"Miembros y colaboraciones\"}]},{\"@type\":\"WebSite\",\"@id\":\"https:\/\/ticsalutsocial.atoom.space\/es\/#website\",\"url\":\"https:\/\/ticsalutsocial.atoom.space\/es\/\",\"name\":\"Fundaci\u00f3 TIC Salut i Social\",\"description\":\"\",\"potentialAction\":[{\"@type\":\"SearchAction\",\"target\":{\"@type\":\"EntryPoint\",\"urlTemplate\":\"https:\/\/ticsalutsocial.atoom.space\/es\/?s={search_term_string}\"},\"query-input\":{\"@type\":\"PropertyValueSpecification\",\"valueRequired\":true,\"valueName\":\"search_term_string\"}}],\"inLanguage\":\"es\"}]}<\/script>\n<!-- \/ Yoast SEO plugin. -->","yoast_head_json":{"title":"Miembros y colaboraciones - Fundaci\u00f3 TIC Salut i Social","robots":{"index":"index","follow":"follow","max-snippet":"max-snippet:-1","max-image-preview":"max-image-preview:large","max-video-preview":"max-video-preview:-1"},"canonical":"https:\/\/ticsalutsocial.atoom.space\/es\/que-fem\/interoperabilitat-y-estandares\/miembros-y-colaboraciones\/","og_locale":"es_ES","og_type":"article","og_title":"Miembros y colaboraciones - Fundaci\u00f3 TIC Salut i Social","og_description":"La Fundaci\u00f3n TIC Salut Social colabora y es miembro de las siguientes organizaciones internacionales referentes en normalizaci\u00f3n e interoperabilidad: SNOMED International, CNS (Centro Nacional de Referencia de SNOMED CT) SNOMED International es una organizaci\u00f3n sin \u00e1nimo de lucro que tiene los derechos y la propiedad de la terminolog\u00eda cl\u00ednica SNOMED CT (Systematized Nomenclature of Medicine [&hellip;]","og_url":"https:\/\/ticsalutsocial.atoom.space\/es\/que-fem\/interoperabilitat-y-estandares\/miembros-y-colaboraciones\/","og_site_name":"Fundaci\u00f3 TIC Salut i Social","article_modified_time":"2025-04-14T15:05:47+00:00","og_image":[{"url":"https:\/\/ticsalutsocial.atoom.space\/wp-content\/uploads\/2021\/07\/interoperatibilitat.svg","type":"","width":"","height":""}],"twitter_card":"summary_large_image","twitter_misc":{"Tiempo de lectura":"2 minutos"},"schema":{"@context":"https:\/\/schema.org","@graph":[{"@type":"WebPage","@id":"https:\/\/ticsalutsocial.atoom.space\/es\/que-fem\/interoperabilitat-y-estandares\/miembros-y-colaboraciones\/","url":"https:\/\/ticsalutsocial.atoom.space\/es\/que-fem\/interoperabilitat-y-estandares\/miembros-y-colaboraciones\/","name":"Miembros y colaboraciones - Fundaci\u00f3 TIC Salut i Social","isPartOf":{"@id":"https:\/\/ticsalutsocial.atoom.space\/es\/#website"},"primaryImageOfPage":{"@id":"https:\/\/ticsalutsocial.atoom.space\/es\/que-fem\/interoperabilitat-y-estandares\/miembros-y-colaboraciones\/#primaryimage"},"image":{"@id":"https:\/\/ticsalutsocial.atoom.space\/es\/que-fem\/interoperabilitat-y-estandares\/miembros-y-colaboraciones\/#primaryimage"},"thumbnailUrl":"https:\/\/ticsalutsocial.atoom.space\/wp-content\/uploads\/2021\/07\/interoperatibilitat.svg","datePublished":"2025-02-25T10:43:49+00:00","dateModified":"2025-04-14T15:05:47+00:00","breadcrumb":{"@id":"https:\/\/ticsalutsocial.atoom.space\/es\/que-fem\/interoperabilitat-y-estandares\/miembros-y-colaboraciones\/#breadcrumb"},"inLanguage":"es","potentialAction":[{"@type":"ReadAction","target":["https:\/\/ticsalutsocial.atoom.space\/es\/que-fem\/interoperabilitat-y-estandares\/miembros-y-colaboraciones\/"]}]},{"@type":"ImageObject","inLanguage":"es","@id":"https:\/\/ticsalutsocial.atoom.space\/es\/que-fem\/interoperabilitat-y-estandares\/miembros-y-colaboraciones\/#primaryimage","url":"https:\/\/ticsalutsocial.atoom.space\/wp-content\/uploads\/2021\/07\/interoperatibilitat.svg","contentUrl":"https:\/\/ticsalutsocial.atoom.space\/wp-content\/uploads\/2021\/07\/interoperatibilitat.svg"},{"@type":"BreadcrumbList","@id":"https:\/\/ticsalutsocial.atoom.space\/es\/que-fem\/interoperabilitat-y-estandares\/miembros-y-colaboraciones\/#breadcrumb","itemListElement":[{"@type":"ListItem","position":1,"name":"Inici","item":"https:\/\/ticsalutsocial.atoom.space\/es\/"},{"@type":"ListItem","position":2,"name":"Que Fem","item":"https:\/\/ticsalutsocial.atoom.space\/es\/que-fem\/"},{"@type":"ListItem","position":3,"name":"Interoperabilidad","item":"https:\/\/ticsalutsocial.atoom.space\/es\/que-fem\/interoperabilitat-y-estandares\/"},{"@type":"ListItem","position":4,"name":"Miembros y colaboraciones"}]},{"@type":"WebSite","@id":"https:\/\/ticsalutsocial.atoom.space\/es\/#website","url":"https:\/\/ticsalutsocial.atoom.space\/es\/","name":"Fundaci\u00f3 TIC Salut i Social","description":"","potentialAction":[{"@type":"SearchAction","target":{"@type":"EntryPoint","urlTemplate":"https:\/\/ticsalutsocial.atoom.space\/es\/?s={search_term_string}"},"query-input":{"@type":"PropertyValueSpecification","valueRequired":true,"valueName":"search_term_string"}}],"inLanguage":"es"}]}},"_links":{"self":[{"href":"https:\/\/ticsalutsocial.atoom.space\/es\/wp-json\/wp\/v2\/pages\/31531","targetHints":{"allow":["GET"]}}],"collection":[{"href":"https:\/\/ticsalutsocial.atoom.space\/es\/wp-json\/wp\/v2\/pages"}],"about":[{"href":"https:\/\/ticsalutsocial.atoom.space\/es\/wp-json\/wp\/v2\/types\/page"}],"author":[{"embeddable":true,"href":"https:\/\/ticsalutsocial.atoom.space\/es\/wp-json\/wp\/v2\/users\/21"}],"replies":[{"embeddable":true,"href":"https:\/\/ticsalutsocial.atoom.space\/es\/wp-json\/wp\/v2\/comments?post=31531"}],"version-history":[{"count":1,"href":"https:\/\/ticsalutsocial.atoom.space\/es\/wp-json\/wp\/v2\/pages\/31531\/revisions"}],"predecessor-version":[{"id":31532,"href":"https:\/\/ticsalutsocial.atoom.space\/es\/wp-json\/wp\/v2\/pages\/31531\/revisions\/31532"}],"up":[{"embeddable":true,"href":"https:\/\/ticsalutsocial.atoom.space\/es\/wp-json\/wp\/v2\/pages\/13865"}],"wp:attachment":[{"href":"https:\/\/ticsalutsocial.atoom.space\/es\/wp-json\/wp\/v2\/media?parent=31531"}],"wp:term":[{"taxonomy":"tipus","embeddable":true,"href":"https:\/\/ticsalutsocial.atoom.space\/es\/wp-json\/wp\/v2\/tipus?post=31531"}],"curies":[{"name":"wp","href":"https:\/\/api.w.org\/{rel}","templated":true}]}}