
{"id":31533,"date":"2025-02-25T12:44:39","date_gmt":"2025-02-25T10:44:39","guid":{"rendered":"https:\/\/ticsalutsocial.atoom.space\/que-fem\/interoperabilitat-y-estandares\/proyectos\/"},"modified":"2025-04-14T17:11:52","modified_gmt":"2025-04-14T15:11:52","slug":"proyectos","status":"publish","type":"page","link":"https:\/\/ticsalutsocial.atoom.space\/es\/que-fem\/interoperabilitat-y-estandares\/proyectos\/","title":{"rendered":"Proyectos"},"content":{"rendered":"\n<p>El \u00c1rea de interoperabilidad participa de manera transversal en diferentes proyectos del Sistema de Salud de Catalu\u00f1a y en proyectos propios de la Fundaci\u00f3n TIC Salut Social. Algunas de las tareas realizadas son liderar las tareas de interoperabilidad, asumir las tareas del desarrollo de los mensajes HL7 FHIR o de la codificaci\u00f3n SNOMED CT y LOINC, desarrollar el pilotaje del Servidor Terminol\u00f3gico Social, o bien ser responsables de certificaciones de Bancos de pruebas HL7 FHIR para dispositivos para el seguimiento de la Diabetes mellitus.&#13;\n<\/p>\n\n<p>A continuaci\u00f3n se describen algunos.<\/p>\n\n<div class=\"accordion_example1 accordion_projectes smk_accordion acc_with_icon\">\r\n\t<div class=\"accordion_in\">\r\n\t\t<div class=\"acc_head\"><div class=\"acc_icon_expand\"><\/div>WiFIS<\/div>\r\n\t\t<div class=\"acc_content\" style=\"display: none;\">\r\n\t\t\t<p>El marco de interoperabilidad WiFIS (<em>Work Flow por Instituciones de Salud<\/em>), permite a los centros del Sistema Sanitario Integral de utilizaci\u00f3n p\u00fablica de Catalu\u00f1a (SISCAT) intercambiar informaci\u00f3n de forma estandarizada, normalizando los procesos y las comunicaciones entre los sistemas de los centros de Atenci\u00f3n Primaria, Atenci\u00f3n Especializada o Salud Mental.<\/p>\r\n\t\t\t<p>Para llevar a cabo la normalizaci\u00f3n de procesos y comunicaciones se han creado las <em><strong>Gu\u00edas de implementaci\u00f3n<\/strong><\/em> donde se definen las normas, modelos de intercambio de informaci\u00f3n, mensajer\u00eda y terminolog\u00edas para realizar esta normalizaci\u00f3n. Todos los centros que sigan las gu\u00edas de implementaci\u00f3n tendr\u00e1n la capacidad de conectarse con la plataforma de interoperabilidad definida en el proyecto iS3 para intercambiar informaci\u00f3n con los dem\u00e1s centros que incorporen el mismo protocolo.<\/p>\r\n\t\t\t<p>Los principales est\u00e1ndares en los que se basa WiFIS son la mensajer\u00eda HL7 V2.5 (con adopciones de la versi\u00f3n 2.7 y posteriores) y la terminolog\u00eda SNOMED CT para representar su contenido.<\/p>\r\n\t\t<\/div>\r\n\t<\/div>\r\n\r\n\t<div class=\"accordion_in\">\r\n\t\t<div class=\"acc_head\"><div class=\"acc_icon_expand\"><\/div>Homologaciones<\/div>\r\n\t\t<div class=\"acc_content\" style=\"display: none;\">\r\n\t\t\t<p>Durante los a\u00f1os 2017 y 2018 se ha llevado a cabo un proceso de certificaci\u00f3n del medidor de glucosa en sangre.<\/p>\r\n\t\t\t<p>El objetivo de este campo es promover un formato com\u00fan de intercambio de datos para que la informaci\u00f3n generada por los medidores de glucosa en sangre sea interoperable.<\/p>\r\n\t\t\t<p>El proceso consiste en verificar que el dispositivo siga las directrices <strong><em>Continua de PCHAlliance.<\/em><\/strong> M\u00e1s concretamente el est\u00e1ndar ISO\/IEEE 11073-10417: Especializaci\u00f3n de dispositivos medidores de glucosa en sangre.<\/p>\r\n\t\t<\/div>\r\n\t<\/div>\r\n\r\n\t<div class=\"accordion_in\">\r\n\t\t<div class=\"acc_head\"><div class=\"acc_icon_expand\"><\/div>ICTUSnet<\/div>\r\n\t\t<div class=\"acc_content\" style=\"display: none;\">\r\n\t\t\t<p>Desde el \u00e1rea de interoperabilidad se ha participado en el proyecto europeo ICTUSnet, liderado conjuntamente por el Plan Director de Enfermedades Vasculares Cerebrales de Catalu\u00f1a y por la AQuAS.<\/p>\r\n\t\t\t<p>Las tareas llevadas a cabo desde la Fundaci\u00f3n TIC Salut Social estuvieron dirigidas a definir el marco de interoperabilidad.<\/p>\r\n\t\t<\/div>\r\n\t<\/div>\r\n\r\n\t<div class=\"accordion_in\">\r\n\t\t<div class=\"acc_head\"><div class=\"acc_icon_expand\"><\/div>SIMDCAT<\/div>\r\n\t\t<div class=\"acc_content\" style=\"display: none;\">\r\n\t\t\t<p>Dentro del marco del proyecto SIMDCAT, la OFSTI ha realizado un informe de evaluaci\u00f3n del Suplemento 145 DICOM, para estandarizar la representaci\u00f3n, el env\u00edo y el tratamiento de la patolog\u00eda digital.<\/p>\r\n\t\t\t<p><a class=\"veure-btn\" style=\"text-decoration: none;\" href=\"http:\/\/ticsalutsocial.atoom.space\/project\/simdcat\/\" target=\"_blank\" rel=\"noopener\">PROYECTO SIMDCAT<\/a><\/p>\r\n\t\t<\/div>\r\n\t<\/div>\r\n\r\n\t<div class=\"accordion_in\">\r\n\t\t<div class=\"acc_head\"><div class=\"acc_icon_expand\"><\/div>InterSocial<\/div>\r\n\t\t<div class=\"acc_content\" style=\"display: none;\">\r\n\t\t\t<p>La Fundaci\u00f3n ha participado en el proyecto InterSocial desarrollando el Servidor Terminol\u00f3gico Social.<\/p>\r\n\t\t\t<p>Consulta toda la informaci\u00f3n:<\/p>\r\n\t\t\t<p><a class=\"veure-btn\" style=\"text-decoration: none;\" href=\"http:\/\/ticsalutsocial.atoom.space\/project\/intersocial\/\" target=\"_blank\" rel=\"noopener\">PROYECTO INTERSOCIAL<\/a><\/p>\r\n\t\t<\/div>\r\n\t<\/div>\r\n\r\n\t<div class=\"accordion_in\">\r\n\t\t<div class=\"acc_head\"><div class=\"acc_icon_expand\"><\/div>INCISIVE<\/div>\r\n\t\t<div class=\"acc_content\" style=\"display: none;\">\r\n\t\t\t<p><a class=\"veure-btn\" style=\"text-decoration: none;\" href=\"http:\/\/ticsalutsocial.atoom.space\/project\/incisive\/\" target=\"_blank\" rel=\"noopener\">PROYECTO INCISIVE<\/a><\/p>\r\n\t\t<\/div>\r\n\t<\/div>\r\n\r\n\t<div class=\"accordion_in\">\r\n\t\t<div class=\"acc_head\"><div class=\"acc_icon_expand\"><\/div>OTROS<\/div>\r\n\t\t<div class=\"acc_content\" style=\"display: none;\">\r\n\t\t\t<p>\u00a0<\/p>\r\n\t\t\t<p>La OFSTI apoya proyectos de la Fundaci\u00f3n TIC Salut Social y sus \u00e1reas de trabajo, como la de <strong><em>mHealth,<\/em><\/strong> en cuestiones como la certificaci\u00f3n de aplicaciones m\u00f3viles, la gu\u00eda de desarrollo de aplicaciones m\u00f3viles o la herramienta de apoyo a la decisi\u00f3n para el desarrollo de aplicaciones m\u00f3viles.<\/p>\r\n\t\t\t<p>Ha participado y participa en proyectos como:<\/p>\r\n\t\t\t<p><a class=\"veure-btn\" style=\"text-decoration: none;\" href=\"http:\/\/ticsalutsocial.atoom.space\/project\/label-2-enable\/\" target=\"_blank\" rel=\"noopener\">PROYECTO LABEL2ENABLE<\/a><\/p>\r\n\t\t\t<p><a class=\"veure-btn\" style=\"text-decoration: none;\" href=\"http:\/\/ticsalutsocial.atoom.space\/project\/nextcare\/\" target=\"_blank\" rel=\"noopener\">PROYECTO NEXTCARE<\/a><\/p>\r\n\t\t\t<p><a class=\"veure-btn\" style=\"text-decoration: none;\" href=\"http:\/\/ticsalutsocial.atoom.space\/project\/racsel\/\" target=\"_blank\" rel=\"noopener\">PROYECTO RACSEL<\/a><\/p>\r\n\t\t\t<p><a class=\"veure-btn\" style=\"text-decoration: none;\" href=\"http:\/\/ticsalutsocial.atoom.space\/project\/antilope\/\" target=\"_blank\" rel=\"noopener\">PROYECTO ANTILOPE<\/a><\/p>\r\n\t\t\t<p><a class=\"veure-btn\" style=\"text-decoration: none;\" href=\"http:\/\/ticsalutsocial.atoom.space\/project\/trillium-bridge-ii\/\" target=\"_blank\" rel=\"noopener\">PROYECTO TRILLIUM-BRIDGE II<\/a><\/p>\r\n\t\t\t<p><a class=\"veure-btn\" style=\"text-decoration: none;\" href=\"http:\/\/ticsalutsocial.atoom.space\/project\/x-ehealth\/\" target=\"_blank\" rel=\"noopener\">PROYECTO X-EHEALTH<\/a><\/p>\r\n\t\t\t<p><a class=\"veure-btn\" style=\"text-decoration: none;\" href=\"http:\/\/ticsalutsocial.atoom.space\/project\/secant\/\" target=\"_blank\" rel=\"noopener\">PROYECTO SECANT<\/a><\/p>\r\n\t\t<\/div>\r\n\t<\/div>\r\n<\/div>\r\n","protected":false},"excerpt":{"rendered":"<p>El \u00c1rea de interoperabilidad participa de manera transversal en diferentes proyectos del Sistema de Salud de Catalu\u00f1a y en proyectos propios de la Fundaci\u00f3n TIC Salut Social. Algunas de las tareas realizadas son liderar las tareas de interoperabilidad, asumir las tareas del desarrollo de los mensajes HL7 FHIR o de la codificaci\u00f3n SNOMED CT y [&hellip;]<\/p>\n","protected":false},"author":21,"featured_media":0,"parent":13865,"menu_order":0,"comment_status":"closed","ping_status":"closed","template":"page-templates\/section--interoperabilitat.php","meta":{"_acf_changed":false,"inline_featured_image":false,"footnotes":""},"tipus":[],"class_list":["post-31533","page","type-page","status-publish","hentry"],"acf":[],"yoast_head":"<!-- This site is optimized with the Yoast SEO plugin v27.1.1 - https:\/\/yoast.com\/product\/yoast-seo-wordpress\/ -->\n<title>Proyectos - Fundaci\u00f3 TIC Salut i Social<\/title>\n<meta name=\"robots\" content=\"index, follow, max-snippet:-1, max-image-preview:large, max-video-preview:-1\" \/>\n<link rel=\"canonical\" href=\"https:\/\/ticsalutsocial.atoom.space\/es\/que-fem\/interoperabilitat-y-estandares\/proyectos\/\" \/>\n<meta property=\"og:locale\" content=\"es_ES\" \/>\n<meta property=\"og:type\" content=\"article\" \/>\n<meta property=\"og:title\" content=\"Proyectos - Fundaci\u00f3 TIC Salut i Social\" \/>\n<meta property=\"og:description\" content=\"El \u00c1rea de interoperabilidad participa de manera transversal en diferentes proyectos del Sistema de Salud de Catalu\u00f1a y en proyectos propios de la Fundaci\u00f3n TIC Salut Social. Algunas de las tareas realizadas son liderar las tareas de interoperabilidad, asumir las tareas del desarrollo de los mensajes HL7 FHIR o de la codificaci\u00f3n SNOMED CT y [&hellip;]\" \/>\n<meta property=\"og:url\" content=\"https:\/\/ticsalutsocial.atoom.space\/es\/que-fem\/interoperabilitat-y-estandares\/proyectos\/\" \/>\n<meta property=\"og:site_name\" content=\"Fundaci\u00f3 TIC Salut i Social\" \/>\n<meta property=\"article:modified_time\" content=\"2025-04-14T15:11:52+00:00\" \/>\n<meta name=\"twitter:card\" content=\"summary_large_image\" \/>\n<meta name=\"twitter:label1\" content=\"Tiempo de lectura\" \/>\n\t<meta name=\"twitter:data1\" content=\"3 minutos\" \/>\n<script type=\"application\/ld+json\" class=\"yoast-schema-graph\">{\"@context\":\"https:\/\/schema.org\",\"@graph\":[{\"@type\":\"WebPage\",\"@id\":\"https:\/\/ticsalutsocial.atoom.space\/es\/que-fem\/interoperabilitat-y-estandares\/proyectos\/\",\"url\":\"https:\/\/ticsalutsocial.atoom.space\/es\/que-fem\/interoperabilitat-y-estandares\/proyectos\/\",\"name\":\"Proyectos - Fundaci\u00f3 TIC Salut i Social\",\"isPartOf\":{\"@id\":\"https:\/\/ticsalutsocial.atoom.space\/es\/#website\"},\"datePublished\":\"2025-02-25T10:44:39+00:00\",\"dateModified\":\"2025-04-14T15:11:52+00:00\",\"breadcrumb\":{\"@id\":\"https:\/\/ticsalutsocial.atoom.space\/es\/que-fem\/interoperabilitat-y-estandares\/proyectos\/#breadcrumb\"},\"inLanguage\":\"es\",\"potentialAction\":[{\"@type\":\"ReadAction\",\"target\":[\"https:\/\/ticsalutsocial.atoom.space\/es\/que-fem\/interoperabilitat-y-estandares\/proyectos\/\"]}]},{\"@type\":\"BreadcrumbList\",\"@id\":\"https:\/\/ticsalutsocial.atoom.space\/es\/que-fem\/interoperabilitat-y-estandares\/proyectos\/#breadcrumb\",\"itemListElement\":[{\"@type\":\"ListItem\",\"position\":1,\"name\":\"Inici\",\"item\":\"https:\/\/ticsalutsocial.atoom.space\/es\/\"},{\"@type\":\"ListItem\",\"position\":2,\"name\":\"Que Fem\",\"item\":\"https:\/\/ticsalutsocial.atoom.space\/es\/que-fem\/\"},{\"@type\":\"ListItem\",\"position\":3,\"name\":\"Interoperabilidad\",\"item\":\"https:\/\/ticsalutsocial.atoom.space\/es\/que-fem\/interoperabilitat-y-estandares\/\"},{\"@type\":\"ListItem\",\"position\":4,\"name\":\"Proyectos\"}]},{\"@type\":\"WebSite\",\"@id\":\"https:\/\/ticsalutsocial.atoom.space\/es\/#website\",\"url\":\"https:\/\/ticsalutsocial.atoom.space\/es\/\",\"name\":\"Fundaci\u00f3 TIC Salut i Social\",\"description\":\"\",\"potentialAction\":[{\"@type\":\"SearchAction\",\"target\":{\"@type\":\"EntryPoint\",\"urlTemplate\":\"https:\/\/ticsalutsocial.atoom.space\/es\/?s={search_term_string}\"},\"query-input\":{\"@type\":\"PropertyValueSpecification\",\"valueRequired\":true,\"valueName\":\"search_term_string\"}}],\"inLanguage\":\"es\"}]}<\/script>\n<!-- \/ Yoast SEO plugin. -->","yoast_head_json":{"title":"Proyectos - Fundaci\u00f3 TIC Salut i Social","robots":{"index":"index","follow":"follow","max-snippet":"max-snippet:-1","max-image-preview":"max-image-preview:large","max-video-preview":"max-video-preview:-1"},"canonical":"https:\/\/ticsalutsocial.atoom.space\/es\/que-fem\/interoperabilitat-y-estandares\/proyectos\/","og_locale":"es_ES","og_type":"article","og_title":"Proyectos - Fundaci\u00f3 TIC Salut i Social","og_description":"El \u00c1rea de interoperabilidad participa de manera transversal en diferentes proyectos del Sistema de Salud de Catalu\u00f1a y en proyectos propios de la Fundaci\u00f3n TIC Salut Social. Algunas de las tareas realizadas son liderar las tareas de interoperabilidad, asumir las tareas del desarrollo de los mensajes HL7 FHIR o de la codificaci\u00f3n SNOMED CT y [&hellip;]","og_url":"https:\/\/ticsalutsocial.atoom.space\/es\/que-fem\/interoperabilitat-y-estandares\/proyectos\/","og_site_name":"Fundaci\u00f3 TIC Salut i Social","article_modified_time":"2025-04-14T15:11:52+00:00","twitter_card":"summary_large_image","twitter_misc":{"Tiempo de lectura":"3 minutos"},"schema":{"@context":"https:\/\/schema.org","@graph":[{"@type":"WebPage","@id":"https:\/\/ticsalutsocial.atoom.space\/es\/que-fem\/interoperabilitat-y-estandares\/proyectos\/","url":"https:\/\/ticsalutsocial.atoom.space\/es\/que-fem\/interoperabilitat-y-estandares\/proyectos\/","name":"Proyectos - Fundaci\u00f3 TIC Salut i Social","isPartOf":{"@id":"https:\/\/ticsalutsocial.atoom.space\/es\/#website"},"datePublished":"2025-02-25T10:44:39+00:00","dateModified":"2025-04-14T15:11:52+00:00","breadcrumb":{"@id":"https:\/\/ticsalutsocial.atoom.space\/es\/que-fem\/interoperabilitat-y-estandares\/proyectos\/#breadcrumb"},"inLanguage":"es","potentialAction":[{"@type":"ReadAction","target":["https:\/\/ticsalutsocial.atoom.space\/es\/que-fem\/interoperabilitat-y-estandares\/proyectos\/"]}]},{"@type":"BreadcrumbList","@id":"https:\/\/ticsalutsocial.atoom.space\/es\/que-fem\/interoperabilitat-y-estandares\/proyectos\/#breadcrumb","itemListElement":[{"@type":"ListItem","position":1,"name":"Inici","item":"https:\/\/ticsalutsocial.atoom.space\/es\/"},{"@type":"ListItem","position":2,"name":"Que Fem","item":"https:\/\/ticsalutsocial.atoom.space\/es\/que-fem\/"},{"@type":"ListItem","position":3,"name":"Interoperabilidad","item":"https:\/\/ticsalutsocial.atoom.space\/es\/que-fem\/interoperabilitat-y-estandares\/"},{"@type":"ListItem","position":4,"name":"Proyectos"}]},{"@type":"WebSite","@id":"https:\/\/ticsalutsocial.atoom.space\/es\/#website","url":"https:\/\/ticsalutsocial.atoom.space\/es\/","name":"Fundaci\u00f3 TIC Salut i Social","description":"","potentialAction":[{"@type":"SearchAction","target":{"@type":"EntryPoint","urlTemplate":"https:\/\/ticsalutsocial.atoom.space\/es\/?s={search_term_string}"},"query-input":{"@type":"PropertyValueSpecification","valueRequired":true,"valueName":"search_term_string"}}],"inLanguage":"es"}]}},"_links":{"self":[{"href":"https:\/\/ticsalutsocial.atoom.space\/es\/wp-json\/wp\/v2\/pages\/31533","targetHints":{"allow":["GET"]}}],"collection":[{"href":"https:\/\/ticsalutsocial.atoom.space\/es\/wp-json\/wp\/v2\/pages"}],"about":[{"href":"https:\/\/ticsalutsocial.atoom.space\/es\/wp-json\/wp\/v2\/types\/page"}],"author":[{"embeddable":true,"href":"https:\/\/ticsalutsocial.atoom.space\/es\/wp-json\/wp\/v2\/users\/21"}],"replies":[{"embeddable":true,"href":"https:\/\/ticsalutsocial.atoom.space\/es\/wp-json\/wp\/v2\/comments?post=31533"}],"version-history":[{"count":1,"href":"https:\/\/ticsalutsocial.atoom.space\/es\/wp-json\/wp\/v2\/pages\/31533\/revisions"}],"predecessor-version":[{"id":31534,"href":"https:\/\/ticsalutsocial.atoom.space\/es\/wp-json\/wp\/v2\/pages\/31533\/revisions\/31534"}],"up":[{"embeddable":true,"href":"https:\/\/ticsalutsocial.atoom.space\/es\/wp-json\/wp\/v2\/pages\/13865"}],"wp:attachment":[{"href":"https:\/\/ticsalutsocial.atoom.space\/es\/wp-json\/wp\/v2\/media?parent=31533"}],"wp:term":[{"taxonomy":"tipus","embeddable":true,"href":"https:\/\/ticsalutsocial.atoom.space\/es\/wp-json\/wp\/v2\/tipus?post=31533"}],"curies":[{"name":"wp","href":"https:\/\/api.w.org\/{rel}","templated":true}]}}